{"id":999,"date":"2025-09-24T11:04:32","date_gmt":"2025-09-24T08:04:32","guid":{"rendered":"https:\/\/kohtla-jarve.ee\/?page_id=999"},"modified":"2025-09-30T17:22:34","modified_gmt":"2025-09-30T14:22:34","slug":"ohuteavitus","status":"publish","type":"page","link":"https:\/\/kohtla-jarve.ee\/ru\/elanikkonnakaitse\/ohuteavitus\/","title":{"rendered":"\u041f\u0440\u0435\u0434\u0443\u043f\u0440\u0435\u0436\u0434\u0435\u043d\u0438\u0435 \u043e\u0431 \u043e\u043f\u0430\u0441\u043d\u043e\u0441\u0442\u0438"},"content":{"rendered":"<p>\u0426\u0435\u043b\u044c \u043a\u043e\u043c\u043c\u0443\u043d\u0438\u043a\u0430\u0446\u0438\u0438 \u043e \u0440\u0438\u0441\u043a\u0430\u0445 - \u0441\u0432\u043e\u0435\u0432\u0440\u0435\u043c\u0435\u043d\u043d\u043e \u0438\u043d\u0444\u043e\u0440\u043c\u0438\u0440\u043e\u0432\u0430\u0442\u044c \u043e\u0431\u0449\u0435\u0441\u0442\u0432\u0435\u043d\u043d\u043e\u0441\u0442\u044c \u043e\u0431 \u0443\u0433\u0440\u043e\u0437\u0435 \u043a\u0440\u0438\u0442\u0438\u0447\u0435\u0441\u043a\u043e\u0433\u043e \u0441\u043e\u0431\u044b\u0442\u0438\u044f, \u043a\u043e\u0442\u043e\u0440\u043e\u0435 \u0443\u0433\u0440\u043e\u0436\u0430\u0435\u0442 \u0436\u0438\u0437\u043d\u0438 \u0438 \u0437\u0434\u043e\u0440\u043e\u0432\u044c\u044e \u043b\u044e\u0434\u0435\u0439 \u0438\u043b\u0438 \u0443\u0436\u0435 \u043f\u0440\u043e\u0438\u0437\u043e\u0448\u043b\u043e. \u0412\u0430\u0436\u043d\u043e \u043e\u0431\u0435\u0441\u043f\u0435\u0447\u0438\u0442\u044c, \u0447\u0442\u043e\u0431\u044b \u043b\u044e\u0434\u0438 \u0437\u043d\u0430\u043b\u0438 \u043e\u0431 \u0443\u0433\u0440\u043e\u0437\u0435 \u0438 \u043f\u0440\u0438\u043d\u0446\u0438\u043f\u0430\u0445 \u0434\u0435\u0439\u0441\u0442\u0432\u0438\u0439 \u0432 \u0441\u043b\u0443\u0447\u0430\u0435 \u0435\u0435 \u0432\u043e\u0437\u043d\u0438\u043a\u043d\u043e\u0432\u0435\u043d\u0438\u044f \u0438 \u043c\u043e\u0433\u043b\u0438 \u0431\u044b\u0441\u0442\u0440\u043e \u043e\u0442\u0440\u0435\u0430\u0433\u0438\u0440\u043e\u0432\u0430\u0442\u044c \u0432 \u0441\u043b\u0443\u0447\u0430\u0435 \u043d\u0435\u043e\u0431\u0445\u043e\u0434\u0438\u043c\u043e\u0441\u0442\u0438. \u041f\u043e\u043b\u0443\u0447\u0435\u043d\u0438\u0435 \u043f\u0440\u0435\u0434\u0443\u043f\u0440\u0435\u0436\u0434\u0435\u043d\u0438\u044f \u043e\u0431 \u043e\u043f\u0430\u0441\u043d\u043e\u0441\u0442\u0438 \u043f\u043e\u0434\u0441\u043a\u0430\u0436\u0435\u0442 \u043b\u044e\u0434\u044f\u043c, \u043a\u0430\u043a \u0434\u0435\u0439\u0441\u0442\u0432\u043e\u0432\u0430\u0442\u044c \u0432 \u043e\u0442\u0432\u0435\u0442 \u043d\u0430 \u0443\u0433\u0440\u043e\u0437\u0443 (\u043d\u0430\u043f\u0440\u0438\u043c\u0435\u0440, \u0443\u043a\u0440\u044b\u0442\u044c\u0441\u044f \u0432 \u043f\u043e\u043c\u0435\u0449\u0435\u043d\u0438\u0438 \u0438\u043b\u0438 \u044d\u0432\u0430\u043a\u0443\u0438\u0440\u043e\u0432\u0430\u0442\u044c\u0441\u044f), \u0438 \u043f\u0440\u0435\u0434\u043e\u0441\u0442\u0430\u0432\u0438\u0442 \u0438\u043d\u0444\u043e\u0440\u043c\u0430\u0446\u0438\u044e \u043e \u0442\u043e\u043c, \u0433\u0434\u0435 \u043c\u043e\u0436\u043d\u043e \u043f\u043e\u043b\u0443\u0447\u0438\u0442\u044c \u0434\u043e\u043f\u043e\u043b\u043d\u0438\u0442\u0435\u043b\u044c\u043d\u044b\u0435 \u0441\u0432\u0435\u0434\u0435\u043d\u0438\u044f \u043f\u043e \u043d\u0430\u0434\u0435\u0436\u043d\u044b\u043c \u043a\u0430\u043d\u0430\u043b\u0430\u043c.<\/p>\n\n\n\n<div class=\"wp-block-group is-layout-grid wp-container-core-group-is-layout-73d44df6 wp-block-group-is-layout-grid\">\n<div class=\"wp-block-group has-border-color has-base-background-color has-background has-global-padding is-layout-constrained wp-container-core-group-is-layout-9597dc02 wp-block-group-is-layout-constrained\" style=\"border-color:#5c3b35;border-width:1px;border-radius:3px;padding-top:var(--wp--preset--spacing--10);padding-right:var(--wp--preset--spacing--10);padding-bottom:var(--wp--preset--spacing--10);padding-left:var(--wp--preset--spacing--10)\">\n<h2 class=\"wp-block-heading has-large-font-size\" style=\"padding-top:0;padding-bottom:0\">\u041a\u0430\u043d\u0430\u043b\u044b \u043f\u0435\u0440\u0435\u0434\u0430\u0447\u0438 \u0438\u043d\u0444\u043e\u0440\u043c\u0430\u0446\u0438\u0438 \u043e \u0440\u0438\u0441\u043a\u0430\u0445<\/h2>\n\n\n\n<ul class=\"wp-block-list\">\n<li>\u201e\u0411\u0443\u0434\u044c \u0433\u043e\u0442\u043e\u0432!\u201d \u043c\u043e\u0431\u0438\u043b\u044c\u043d\u043e\u0435 \u043f\u0440\u0438\u043b\u043e\u0436\u0435\u043d\u0438\u0435<\/li>\n\n\n\n<li>\u0412\u0435\u0431-\u0441\u0430\u0439\u0442\u044b \u0433\u043e\u0441\u0443\u0434\u0430\u0440\u0441\u0442\u0432\u0435\u043d\u043d\u044b\u0445 \u043e\u0440\u0433\u0430\u043d\u043e\u0432 \u0438 \u043a\u0430\u043d\u0430\u043b\u044b \u0441\u043e\u0446\u0438\u0430\u043b\u044c\u043d\u044b\u0445 \u0441\u0435\u0442\u0435\u0439<\/li>\n\n\n\n<li>\u0421\u0443\u0431\u0442\u0438\u0442\u0440\u044b \u043d\u0430 ETV \u0438 ETV+, \u0442\u0435\u043a\u0441\u0442 RDS \u043d\u0430 Vikerrado.<\/li>\n\n\n\n<li>ERR \u0438 \u0434\u0440\u0443\u0433\u0438\u0435 \u0441\u0440\u0435\u0434\u0441\u0442\u0432\u0430 \u043c\u0430\u0441\u0441\u043e\u0432\u043e\u0439 \u0438\u043d\u0444\u043e\u0440\u043c\u0430\u0446\u0438\u0438<\/li>\n\n\n\n<li>\u0421\u043e\u043e\u0431\u0449\u0435\u043d\u0438\u044f \u043d\u0430 \u043c\u043e\u0431\u0438\u043b\u044c\u043d\u044b\u0439 \u0442\u0435\u043b\u0435\u0444\u043e\u043d (EE-ALARM)<\/li>\n\n\n\n<li>\u041e\u043f\u043e\u0432\u0435\u0441\u0442\u0438\u0442\u0435\u043b\u044c\u043d\u044b\u0435 \u0441\u0438\u0440\u0435\u043d\u044b<\/li>\n\n\n\n<li>\u0413\u043e\u0441\u0443\u0434\u0430\u0440\u0441\u0442\u0432\u0435\u043d\u043d\u044b\u0439 \u0438\u043d\u0444\u043e\u0442\u0435\u043b\u0435\u0444\u043e\u043d 1247<\/li>\n\n\n\n<li>\u041e\u043f\u043e\u0432\u0435\u0449\u0435\u043d\u0438\u0435 \u043e\u0442 \u0434\u0432\u0435\u0440\u0438 \u043a \u0434\u0432\u0435\u0440\u0438<\/li>\n\n\n\n<li>\u041e\u043f\u043e\u0432\u0435\u0449\u0435\u043d\u0438\u0435 \u043f\u043e \u0433\u0440\u043e\u043c\u043a\u043e\u0439 \u0441\u0432\u044f\u0437\u0438<\/li>\n\n\n\n<li>\u041e\u043f\u043e\u0432\u0435\u0449\u0435\u043d\u0438\u0435 \u0441 \u043f\u043e\u043c\u043e\u0449\u044c\u044e \u0431\u0435\u0441\u043f\u0438\u043b\u043e\u0442\u043d\u0438\u043a\u043e\u0432<\/li>\n\n\n\n<li>\u0421\u0430\u0439\u0442\u044b&nbsp;<a href=\"http:\/\/www.kriis.ee\/\" target=\"_blank\" rel=\"noreferrer noopener\">www.kriis.ee<\/a> <span class=\"wp-rich-text-font-awesome-icon wp-font-awesome-icon\"><svg aria-hidden=\"true\" focusable=\"false\" data-prefix=\"fas\" data-icon=\"arrow-up-right-from-square\" class=\"svg-inline--fa fa-arrow-up-right-from-square\" role=\"img\" xmlns=\"http:\/\/www.w3.org\/2000\/svg\" viewbox=\"0 0 512 512\"><path fill=\"currentColor\" d=\"M320 0c-17.7 0-32 14.3-32 32s14.3 32 32 32l82.7 0L201.4 265.4c-12.5 12.5-12.5 32.8 0 45.3s32.8 12.5 45.3 0L448 109.3l0 82.7c0 17.7 14.3 32 32 32s32-14.3 32-32l0-160c0-17.7-14.3-32-32-32L320 0zM80 32C35.8 32 0 67.8 0 112L0 432c0 44.2 35.8 80 80 80l320 0c44.2 0 80-35.8 80-80l0-112c0-17.7-14.3-32-32-32s-32 14.3-32 32l0 112c0 8.8-7.2 16-16 16L80 448c-8.8 0-16-7.2-16-16l0-320c0-8.8 7.2-16 16-16l112 0c17.7 0 32-14.3 32-32s-14.3-32-32-32L80 32z\"><\/path><\/svg><\/span>,&nbsp;<a href=\"http:\/\/www.olevalmis.ee\/\" target=\"_blank\" rel=\"noreferrer noopener\">www.olevalmis.ee<\/a> <span class=\"wp-rich-text-font-awesome-icon wp-font-awesome-icon\"><svg aria-hidden=\"true\" focusable=\"false\" data-prefix=\"fas\" data-icon=\"arrow-up-right-from-square\" class=\"svg-inline--fa fa-arrow-up-right-from-square\" role=\"img\" xmlns=\"http:\/\/www.w3.org\/2000\/svg\" viewbox=\"0 0 512 512\"><path fill=\"currentColor\" d=\"M320 0c-17.7 0-32 14.3-32 32s14.3 32 32 32l82.7 0L201.4 265.4c-12.5 12.5-12.5 32.8 0 45.3s32.8 12.5 45.3 0L448 109.3l0 82.7c0 17.7 14.3 32 32 32s32-14.3 32-32l0-160c0-17.7-14.3-32-32-32L320 0zM80 32C35.8 32 0 67.8 0 112L0 432c0 44.2 35.8 80 80 80l320 0c44.2 0 80-35.8 80-80l0-112c0-17.7-14.3-32-32-32s-32 14.3-32 32l0 112c0 8.8-7.2 16-16 16L80 448c-8.8 0-16-7.2-16-16l0-320c0-8.8 7.2-16 16-16l112 0c17.7 0 32-14.3 32-32s-14.3-32-32-32L80 32z\"><\/path><\/svg><\/span><\/li>\n<\/ul>\n<\/div>\n\n\n\n<div class=\"wp-block-group has-border-color has-base-background-color has-background wp-container-content-de9966fb has-global-padding is-layout-constrained wp-container-core-group-is-layout-9597dc02 wp-block-group-is-layout-constrained\" style=\"border-color:#5c3b35;border-width:1px;border-radius:3px;padding-top:var(--wp--preset--spacing--10);padding-right:var(--wp--preset--spacing--10);padding-bottom:var(--wp--preset--spacing--10);padding-left:var(--wp--preset--spacing--10)\">\n<h2 class=\"wp-block-heading has-large-font-size\" style=\"padding-top:0;padding-bottom:0\">EE-ALARM, \u0438\u043b\u0438 \u0437\u043e\u043d\u0430\u043b\u044c\u043d\u043e\u0435 \u043e\u043f\u043e\u0432\u0435\u0449\u0435\u043d\u0438\u0435 \u043f\u043e SMS<\/h2>\n\n\n\n<ul class=\"wp-block-list\">\n<li>\u0422\u0435\u043a\u0441\u0442\u043e\u0432\u043e\u0435 \u0441\u043e\u043e\u0431\u0449\u0435\u043d\u0438\u0435 \u0431\u0443\u0434\u0435\u0442 \u043e\u0442\u043f\u0440\u0430\u0432\u043b\u0435\u043d\u043e \u043d\u0430 \u043c\u043e\u0431\u0438\u043b\u044c\u043d\u044b\u0435 \u0442\u0435\u043b\u0435\u0444\u043e\u043d\u044b \u043b\u044e\u0434\u0435\u0439, \u043d\u0430\u0445\u043e\u0434\u044f\u0449\u0438\u0445\u0441\u044f \u0432 \u043e\u043f\u0430\u0441\u043d\u043e\u0439 \u0437\u043e\u043d\u0435, \u0432 \u0441\u043b\u0443\u0447\u0430\u0435 \u0443\u0433\u0440\u043e\u0437\u044b \u0436\u0438\u0437\u043d\u0438, \u0437\u0434\u043e\u0440\u043e\u0432\u044c\u044e, \u043d\u0430\u0446\u0438\u043e\u043d\u0430\u043b\u044c\u043d\u043e\u0439 \u0431\u0435\u0437\u043e\u043f\u0430\u0441\u043d\u043e\u0441\u0442\u0438 \u0438\u043b\u0438 \u0434\u0440\u0443\u0433\u0438\u0445 \u043e\u043f\u0430\u0441\u043d\u044b\u0445 \u0441\u043e\u0431\u044b\u0442\u0438\u0439 \u0441 \u0432\u044b\u0441\u043e\u043a\u0438\u043c \u0443\u0440\u043e\u0432\u043d\u0435\u043c \u0432\u043e\u0437\u0434\u0435\u0439\u0441\u0442\u0432\u0438\u044f, \u0442\u0430\u043a\u0438\u0445 \u043a\u0430\u043a: \u0430\u0432\u0430\u0440\u0438\u0438 \u0441 \u043e\u043f\u0430\u0441\u043d\u044b\u043c\u0438 \u0445\u0438\u043c\u0438\u0447\u0435\u0441\u043a\u0438\u043c\u0438 \u0432\u0435\u0449\u0435\u0441\u0442\u0432\u0430\u043c\u0438, \u043c\u0430\u0441\u0448\u0442\u0430\u0431\u043d\u044b\u0435 \u0440\u0430\u0437\u043b\u0438\u0432\u044b \u043f\u0438\u0442\u044c\u0435\u0432\u043e\u0439 \u0432\u043e\u0434\u044b \u0438 \u0434\u0440\u0443\u0433\u0438\u0435 \u0441\u043e\u0431\u044b\u0442\u0438\u044f, \u0443\u0433\u0440\u043e\u0436\u0430\u044e\u0449\u0438\u0435 \u0436\u0438\u0437\u043d\u0438.<\/li>\n\n\n\n<li>\u0421\u043e\u043e\u0431\u0449\u0435\u043d\u0438\u0435 \u043e \u0442\u0440\u0435\u0432\u043e\u0433\u0435 \u0433\u0435\u043d\u0435\u0440\u0438\u0440\u0443\u0435\u0442\u0441\u044f \u043e\u0440\u0433\u0430\u043d\u043e\u043c, \u0437\u0430\u043d\u0438\u043c\u0430\u044e\u0449\u0438\u043c\u0441\u044f \u0434\u0430\u043d\u043d\u044b\u043c \u0441\u043e\u0431\u044b\u0442\u0438\u0435\u043c, \u043d\u043e \u043d\u0430 \u0442\u0435\u043b\u0435\u0444\u043e\u043d\u0435 \u0432\u0441\u0435\u0433\u0434\u0430 \u0431\u0443\u0434\u0435\u0442 \u043e\u0442\u043e\u0431\u0440\u0430\u0436\u0430\u0442\u044c\u0441\u044f EE-ALARM \u0432 \u043a\u0430\u0447\u0435\u0441\u0442\u0432\u0435 \u043e\u0442\u043f\u0440\u0430\u0432\u0438\u0442\u0435\u043b\u044f \u0441\u043e\u043e\u0431\u0449\u0435\u043d\u0438\u044f. \u0415\u0441\u043b\u0438 \u0443 \u0432\u0430\u0441 \u043d\u0435\u0442 \u044d\u0441\u0442\u043e\u043d\u0441\u043a\u043e\u0433\u043e \u043d\u043e\u043c\u0435\u0440\u0430 \u0442\u0435\u043b\u0435\u0444\u043e\u043d\u0430, \u0441\u043e\u043e\u0431\u0449\u0435\u043d\u0438\u0435 \u0431\u0443\u0434\u0435\u0442 \u043e\u0442\u043e\u0431\u0440\u0430\u0436\u0430\u0442\u044c\u0441\u044f \u0441 \u043d\u043e\u043c\u0435\u0440\u0430: +372 5950 0000.<\/li>\n\n\n\n<li>\u0415\u0441\u043b\u0438 \u0432\u044b \u043f\u043e\u043b\u0443\u0447\u0438\u043b\u0438 \u043f\u0440\u0435\u0434\u0443\u043f\u0440\u0435\u0436\u0434\u0435\u043d\u0438\u0435 EE-ALARM, \u0441\u043b\u0435\u0434\u0443\u0439\u0442\u0435 \u0438\u043d\u0441\u0442\u0440\u0443\u043a\u0446\u0438\u044f\u043c \u0432 \u0441\u043e\u043e\u0431\u0449\u0435\u043d\u0438\u0438!<\/li>\n\n\n\n<li>\u041e\u043f\u043e\u0432\u0435\u0449\u0435\u043d\u0438\u0435 \u0431\u0443\u0434\u0435\u0442 \u043e\u0442\u043f\u0440\u0430\u0432\u043b\u0435\u043d\u043e \u043a\u0430\u043a \u043c\u0438\u043d\u0438\u043c\u0443\u043c \u0434\u0432\u0430\u0436\u0434\u044b - \u0432 \u043d\u0430\u0447\u0430\u043b\u0435 \u0438 \u0432 \u043a\u043e\u043d\u0446\u0435 \u0447\u0440\u0435\u0437\u0432\u044b\u0447\u0430\u0439\u043d\u043e\u0439 \u0441\u0438\u0442\u0443\u0430\u0446\u0438\u0438, \u043d\u043e \u043f\u0440\u0438 \u043d\u0435\u043e\u0431\u0445\u043e\u0434\u0438\u043c\u043e\u0441\u0442\u0438 \u043c\u043e\u0433\u0443\u0442 \u0431\u044b\u0442\u044c \u043e\u0442\u043f\u0440\u0430\u0432\u043b\u0435\u043d\u044b \u0438 \u043f\u043e\u0441\u043b\u0435\u0434\u0443\u044e\u0449\u0438\u0435 \u0441\u043e\u043e\u0431\u0449\u0435\u043d\u0438\u044f.<\/li>\n<\/ul>\n<\/div>\n\n\n\n<div class=\"wp-block-group has-border-color has-base-background-color has-background has-global-padding is-layout-constrained wp-container-core-group-is-layout-9597dc02 wp-block-group-is-layout-constrained\" style=\"border-color:#5c3b35;border-width:1px;border-radius:3px;padding-top:var(--wp--preset--spacing--10);padding-right:var(--wp--preset--spacing--10);padding-bottom:var(--wp--preset--spacing--10);padding-left:var(--wp--preset--spacing--10)\">\n<h2 class=\"wp-block-heading has-large-font-size\" style=\"padding-top:0;padding-bottom:0\">\u041e\u043f\u043e\u0432\u0435\u0441\u0442\u0438\u0442\u0435\u043b\u044c\u043d\u044b\u0435 \u0441\u0438\u0440\u0435\u043d\u044b<\/h2>\n\n\n\n<ul class=\"wp-block-list\">\n<li>\u0421\u0438\u0440\u0435\u043d\u044b \u0438\u0441\u043f\u043e\u043b\u044c\u0437\u0443\u044e\u0442\u0441\u044f \u0434\u043b\u044f \u043e\u043f\u043e\u0432\u0435\u0449\u0435\u043d\u0438\u044f \u043d\u0430\u0441\u0435\u043b\u0435\u043d\u0438\u044f \u043e \u043d\u0435\u043f\u043e\u0441\u0440\u0435\u0434\u0441\u0442\u0432\u0435\u043d\u043d\u043e\u0439 \u0443\u0433\u0440\u043e\u0437\u0435 \u0436\u0438\u0437\u043d\u0438 \u043b\u044e\u0434\u0435\u0439.<\/li>\n\n\n\n<li>\u0421\u0438\u0440\u0435\u043d\u044b \u0442\u0440\u0435\u0432\u043e\u0433\u0438 \u0432\u043e\u0441\u043f\u0440\u043e\u0438\u0437\u0432\u043e\u0434\u044f\u0442 \u043e\u0434\u043d\u043e\u043c\u0438\u043d\u0443\u0442\u043d\u044b\u0439 \u0432\u043e\u0441\u0445\u043e\u0434\u044f\u0449\u0438\u0439 \u0438 \u043d\u0438\u0441\u0445\u043e\u0434\u044f\u0449\u0438\u0439 \u0437\u0432\u0443\u043a, \u043f\u043e\u0432\u0442\u043e\u0440\u044f\u044e\u0449\u0438\u0439\u0441\u044f \u0442\u0440\u0438 \u0440\u0430\u0437\u0430 \u043a\u0430\u0436\u0434\u044b\u0435 30 \u0441\u0435\u043a\u0443\u043d\u0434.<\/li>\n\n\n\n<li>\u0410\u0432\u0430\u0440\u0438\u0439\u043d\u044b\u0435 \u0441\u0438\u0440\u0435\u043d\u044b \u0440\u0435\u0433\u0443\u043b\u044f\u0440\u043d\u043e \u043f\u0440\u043e\u0432\u0435\u0440\u044f\u044e\u0442\u0441\u044f \u0441\u043b\u0443\u0436\u0431\u043e\u0439 \u0441\u043f\u0430\u0441\u0435\u043d\u0438\u044f, \u0438 \u043f\u0440\u0438 \u044d\u0442\u043e\u043c \u0438\u0441\u043f\u043e\u043b\u044c\u0437\u0443\u0435\u0442\u0441\u044f \u0442\u043e\u0442 \u0436\u0435 \u0437\u0432\u0443\u043a, \u0447\u0442\u043e \u0438 \u0432 \u0447\u0440\u0435\u0437\u0432\u044b\u0447\u0430\u0439\u043d\u044b\u0445 \u0441\u0438\u0442\u0443\u0430\u0446\u0438\u044f\u0445. \u0421\u043b\u0443\u0436\u0431\u0430 \u0441\u043f\u0430\u0441\u0435\u043d\u0438\u044f \u0437\u0430\u0431\u043b\u0430\u0433\u043e\u0432\u0440\u0435\u043c\u0435\u043d\u043d\u043e \u0438\u043d\u0444\u043e\u0440\u043c\u0438\u0440\u0443\u0435\u0442 \u043b\u044e\u0434\u0435\u0439 \u043e \u043f\u0440\u043e\u0432\u0435\u0440\u043a\u0435.<\/li>\n<\/ul>\n<\/div>\n\n\n\n<div class=\"wp-block-group has-border-color has-base-background-color has-background has-global-padding is-layout-constrained wp-container-core-group-is-layout-9597dc02 wp-block-group-is-layout-constrained\" style=\"border-color:#5c3b35;border-width:1px;border-radius:3px;padding-top:var(--wp--preset--spacing--10);padding-right:var(--wp--preset--spacing--10);padding-bottom:var(--wp--preset--spacing--10);padding-left:var(--wp--preset--spacing--10)\">\n<h2 class=\"wp-block-heading has-large-font-size\" style=\"padding-top:0;padding-bottom:0\">\u0427\u0442\u043e \u0434\u0435\u043b\u0430\u0442\u044c, \u0435\u0441\u043b\u0438 \u0432\u044b \u0443\u0441\u043b\u044b\u0448\u0430\u043b\u0438 \u0441\u0438\u0440\u0435\u043d\u044b?<\/h2>\n\n\n\n<ul class=\"wp-block-list\">\n<li>\u0423\u043a\u0440\u044b\u0432\u0430\u0439\u0442\u0435\u0441\u044c \u043a\u0430\u043a \u043c\u043e\u0436\u043d\u043e \u0441\u043a\u043e\u0440\u0435\u0435!<\/li>\n\n\n\n<li>\u041d\u0430\u0439\u0434\u0438\u0442\u0435 \u0434\u043e\u043f\u043e\u043b\u043d\u0438\u0442\u0435\u043b\u044c\u043d\u0443\u044e \u0438\u043d\u0444\u043e\u0440\u043c\u0430\u0446\u0438\u044e \u0438 \u0441\u043b\u0435\u0434\u0443\u0439\u0442\u0435 \u0438\u043d\u0441\u0442\u0440\u0443\u043a\u0446\u0438\u044f\u043c.<\/li>\n\n\n\n<li>\u0412\u044b \u043c\u043e\u0436\u0435\u0442\u0435 \u043f\u043e\u043b\u0443\u0447\u0438\u0442\u044c \u0443\u0432\u0435\u0434\u043e\u043c\u043b\u0435\u043d\u0438\u0435 \u043e\u0431 \u043e\u043a\u043e\u043d\u0447\u0430\u043d\u0438\u0438 \u043e\u043f\u043e\u0432\u0435\u0449\u0435\u043d\u0438\u044f \u043f\u043e \u043a\u0430\u043d\u0430\u043b\u0430\u043c \u043e\u043f\u043e\u0432\u0435\u0449\u0435\u043d\u0438\u044f (EE-ALARM, \u0440\u0430\u0434\u0438\u043e).<\/li>\n<\/ul>\n<\/div>\n\n\n\n<div class=\"wp-block-group has-border-color has-base-background-color has-background has-global-padding is-layout-constrained wp-container-core-group-is-layout-9597dc02 wp-block-group-is-layout-constrained\" style=\"border-color:#5c3b35;border-width:1px;border-radius:3px;padding-top:var(--wp--preset--spacing--10);padding-right:var(--wp--preset--spacing--10);padding-bottom:var(--wp--preset--spacing--10);padding-left:var(--wp--preset--spacing--10)\">\n<h2 class=\"wp-block-heading has-large-font-size\" style=\"padding-top:0;padding-bottom:0\">\u041d\u0430\u043f\u043e\u043c\u0438\u043d\u0430\u043d\u0438\u0435 \u043e \u043f\u0440\u0435\u0434\u0443\u043f\u0440\u0435\u0436\u0434\u0435\u043d\u0438\u0438 \u043e\u0431 \u043e\u043f\u0430\u0441\u043d\u043e\u0441\u0442\u0438!<\/h2>\n\n\n\n<ul class=\"wp-block-list\">\n<li>\u041f\u043e\u0434\u0443\u043c\u0430\u0439\u0442\u0435, \u043a\u0430\u043a\u0438\u0435 \u0432\u0435\u0449\u0438 \u0438 \u043f\u0440\u0438\u043d\u0430\u0434\u043b\u0435\u0436\u043d\u043e\u0441\u0442\u0438 \u043d\u0443\u0436\u043d\u044b \u0432\u0430\u0448\u0435\u0439 \u0441\u0435\u043c\u044c\u0435 \u0434\u043b\u044f \u0441\u0430\u043c\u043e\u043e\u0431\u0435\u0441\u043f\u0435\u0447\u0435\u043d\u0438\u044f \u0445\u043e\u0442\u044f \u0431\u044b \u043d\u0430 \u043d\u0435\u0434\u0435\u043b\u044e!<\/li>\n\n\n\n<li>\u0417\u0430\u043f\u0430\u0441\u0438\u0442\u0435\u0441\u044c \u0441\u0435\u0433\u043e\u0434\u043d\u044f \u0440\u0430\u0434\u0438\u043e\u043f\u0440\u0438\u0435\u043c\u043d\u0438\u043a\u043e\u043c, \u043a\u043e\u0442\u043e\u0440\u044b\u0439 \u0440\u0430\u0431\u043e\u0442\u0430\u0435\u0442 \u0431\u0435\u0437 \u044d\u043b\u0435\u043a\u0442\u0440\u0438\u0447\u0435\u0441\u0442\u0432\u0430, \u0447\u0442\u043e\u0431\u044b \u0432 \u043b\u044e\u0431\u043e\u0439 \u0441\u0438\u0442\u0443\u0430\u0446\u0438\u0438 \u043f\u043e\u043b\u0443\u0447\u0438\u0442\u044c \u043d\u0435\u043e\u0431\u0445\u043e\u0434\u0438\u043c\u0443\u044e \u0438\u043d\u0444\u043e\u0440\u043c\u0430\u0446\u0438\u044e!<\/li>\n\n\n\n<li>\u0411\u0443\u0434\u044c\u0442\u0435 \u0432\u043d\u0438\u043c\u0430\u0442\u0435\u043b\u044c\u043d\u044b \u043a \u043e\u043f\u0430\u0441\u043d\u043e\u0441\u0442\u044f\u043c \u0432\u0431\u043b\u0438\u0437\u0438 \u0432\u0430\u0448\u0435\u0433\u043e \u0434\u043e\u043c\u0430!<\/li>\n\n\n\n<li>\u0412\u0441\u0435\u0433\u0434\u0430 \u0441\u0435\u0440\u044c\u0435\u0437\u043d\u043e \u043e\u0442\u043d\u043e\u0441\u0438\u0442\u0435\u0441\u044c \u043a \u043f\u0440\u0435\u0434\u0443\u043f\u0440\u0435\u0436\u0434\u0435\u043d\u0438\u044f\u043c \u0438 \u0441\u043b\u0435\u0434\u0443\u0439\u0442\u0435 \u043e\u0444\u0438\u0446\u0438\u0430\u043b\u044c\u043d\u044b\u043c \u0438\u043d\u0441\u0442\u0440\u0443\u043a\u0446\u0438\u044f\u043c!<\/li>\n\n\n\n<li>\u0421\u043b\u0435\u0434\u0438\u0442\u0435 \u0437\u0430 \u043e\u0444\u0438\u0446\u0438\u0430\u043b\u044c\u043d\u044b\u043c\u0438 \u043a\u0430\u043d\u0430\u043b\u0430\u043c\u0438 \u0434\u043b\u044f \u043f\u043e\u043b\u0443\u0447\u0435\u043d\u0438\u044f \u0434\u043e\u043f\u043e\u043b\u043d\u0438\u0442\u0435\u043b\u044c\u043d\u043e\u0439 \u0438\u043d\u0444\u043e\u0440\u043c\u0430\u0446\u0438\u0438.<\/li>\n<\/ul>\n\n\n\n<p><a href=\"https:\/\/www.olevalmis.ee\/ohuteavitus-ehk-ee-alarm\" target=\"_blank\" rel=\"noreferrer noopener\">\u0427\u0438\u0442\u0430\u0442\u044c \u0434\u0430\u043b\u0435\u0435<\/a> <span class=\"wp-rich-text-font-awesome-icon wp-font-awesome-icon\"><svg aria-hidden=\"true\" focusable=\"false\" data-prefix=\"fas\" data-icon=\"arrow-up-right-from-square\" class=\"svg-inline--fa fa-arrow-up-right-from-square\" role=\"img\" xmlns=\"http:\/\/www.w3.org\/2000\/svg\" viewbox=\"0 0 512 512\"><path fill=\"currentColor\" d=\"M320 0c-17.7 0-32 14.3-32 32s14.3 32 32 32l82.7 0L201.4 265.4c-12.5 12.5-12.5 32.8 0 45.3s32.8 12.5 45.3 0L448 109.3l0 82.7c0 17.7 14.3 32 32 32s32-14.3 32-32l0-160c0-17.7-14.3-32-32-32L320 0zM80 32C35.8 32 0 67.8 0 112L0 432c0 44.2 35.8 80 80 80l320 0c44.2 0 80-35.8 80-80l0-112c0-17.7-14.3-32-32-32s-32 14.3-32 32l0 112c0 8.8-7.2 16-16 16L80 448c-8.8 0-16-7.2-16-16l0-320c0-8.8 7.2-16 16-16l112 0c17.7 0 32-14.3 32-32s-14.3-32-32-32L80 32z\"><\/path><\/svg><\/span><\/p>\n<\/div>\n<\/div>","protected":false},"excerpt":{"rendered":"<p>Ohuteavituse eesm\u00e4rk on teavitada avalikkust aegsasti inimeste elu ja tervist ohustava kriitilise s\u00fcndmuse ohust v\u00f5i juba toimunud s\u00fcndmusest. Ohuteavitus on oluline selleks, et inimesed oleksid teadlikud ohust ja ohu korral [&hellip;]<\/p>\n","protected":false},"author":1,"featured_media":0,"parent":941,"menu_order":8,"comment_status":"closed","ping_status":"closed","template":"","meta":{"_EventAllDay":false,"_EventTimezone":"","_EventStartDate":"","_EventEndDate":"","_EventStartDateUTC":"","_EventEndDateUTC":"","_EventShowMap":false,"_EventShowMapLink":false,"_EventURL":"","_EventCost":"","_EventCostDescription":"","_EventCurrencySymbol":"","_EventCurrencyCode":"","_EventCurrencyPosition":"","_EventDateTimeSeparator":"","_EventTimeRangeSeparator":"","_EventOrganizerID":[],"_EventVenueID":[],"_OrganizerEmail":"","_OrganizerPhone":"","_OrganizerWebsite":"","_VenueAddress":"","_VenueCity":"","_VenueCountry":"","_VenueProvince":"","_VenueState":"","_VenueZip":"","_VenuePhone":"","_VenueURL":"","_VenueStateProvince":"","_VenueLat":"","_VenueLng":"","_VenueShowMap":false,"_VenueShowMapLink":false,"footnotes":""},"class_list":["post-999","page","type-page","status-publish","hentry"],"_links":{"self":[{"href":"https:\/\/kohtla-jarve.ee\/ru\/wp-json\/wp\/v2\/pages\/999","targetHints":{"allow":["GET"]}}],"collection":[{"href":"https:\/\/kohtla-jarve.ee\/ru\/wp-json\/wp\/v2\/pages"}],"about":[{"href":"https:\/\/kohtla-jarve.ee\/ru\/wp-json\/wp\/v2\/types\/page"}],"author":[{"embeddable":true,"href":"https:\/\/kohtla-jarve.ee\/ru\/wp-json\/wp\/v2\/users\/1"}],"replies":[{"embeddable":true,"href":"https:\/\/kohtla-jarve.ee\/ru\/wp-json\/wp\/v2\/comments?post=999"}],"version-history":[{"count":3,"href":"https:\/\/kohtla-jarve.ee\/ru\/wp-json\/wp\/v2\/pages\/999\/revisions"}],"predecessor-version":[{"id":3014,"href":"https:\/\/kohtla-jarve.ee\/ru\/wp-json\/wp\/v2\/pages\/999\/revisions\/3014"}],"up":[{"embeddable":true,"href":"https:\/\/kohtla-jarve.ee\/ru\/wp-json\/wp\/v2\/pages\/941"}],"wp:attachment":[{"href":"https:\/\/kohtla-jarve.ee\/ru\/wp-json\/wp\/v2\/media?parent=999"}],"curies":[{"name":"wp","href":"https:\/\/api.w.org\/{rel}","templated":true}]}}