{"id":994,"date":"2025-09-24T10:57:42","date_gmt":"2025-09-24T07:57:42","guid":{"rendered":"https:\/\/kohtla-jarve.ee\/?page_id=994"},"modified":"2025-09-30T17:21:28","modified_gmt":"2025-09-30T14:21:28","slug":"elutahtsad-teenused","status":"publish","type":"page","link":"https:\/\/kohtla-jarve.ee\/ru\/elanikkonnakaitse\/elutahtsad-teenused\/","title":{"rendered":"\u0416\u0438\u0437\u043d\u0435\u043d\u043d\u043e \u0432\u0430\u0436\u043d\u044b\u0435 \u0443\u0441\u043b\u0443\u0433\u0438"},"content":{"rendered":"<p>\u041a\u0440\u0438\u0442\u0438\u0447\u0435\u0441\u043a\u0438 \u0432\u0430\u0436\u043d\u0430\u044f \u0443\u0441\u043b\u0443\u0433\u0430 - \u044d\u0442\u043e \u0443\u0441\u043b\u0443\u0433\u0430, \u043a\u043e\u0442\u043e\u0440\u0430\u044f \u043e\u043a\u0430\u0437\u044b\u0432\u0430\u0435\u0442 \u043f\u0435\u0440\u0432\u043e\u0441\u0442\u0435\u043f\u0435\u043d\u043d\u043e\u0435 \u0432\u043b\u0438\u044f\u043d\u0438\u0435 \u043d\u0430 \u0444\u0443\u043d\u043a\u0446\u0438\u043e\u043d\u0438\u0440\u043e\u0432\u0430\u043d\u0438\u0435 \u043e\u0431\u0449\u0435\u0441\u0442\u0432\u0430 \u0438 \u043d\u0430\u0440\u0443\u0448\u0435\u043d\u0438\u0435 \u0440\u0430\u0431\u043e\u0442\u044b \u043a\u043e\u0442\u043e\u0440\u043e\u0439 \u043f\u0440\u0435\u0434\u0441\u0442\u0430\u0432\u043b\u044f\u0435\u0442 \u043d\u0435\u043f\u043e\u0441\u0440\u0435\u0434\u0441\u0442\u0432\u0435\u043d\u043d\u0443\u044e \u0443\u0433\u0440\u043e\u0437\u0443 \u0434\u043b\u044f \u0436\u0438\u0437\u043d\u0438 \u0438 \u0437\u0434\u043e\u0440\u043e\u0432\u044c\u044f \u043b\u044e\u0434\u0435\u0439 \u0438\u043b\u0438 \u0434\u043b\u044f \u0444\u0443\u043d\u043a\u0446\u0438\u043e\u043d\u0438\u0440\u043e\u0432\u0430\u043d\u0438\u044f \u0434\u0440\u0443\u0433\u043e\u0439 \u0436\u0438\u0437\u043d\u0435\u043d\u043d\u043e \u0432\u0430\u0436\u043d\u043e\u0439 \u0443\u0441\u043b\u0443\u0433\u0438 \u0438\u043b\u0438 \u0443\u0441\u043b\u0443\u0433\u0438, \u043f\u0440\u0435\u0434\u0441\u0442\u0430\u0432\u043b\u044f\u044e\u0449\u0435\u0439 \u043e\u0431\u0449\u0438\u0439 \u0438\u043d\u0442\u0435\u0440\u0435\u0441.<\/p>\n\n\n\n<p>\u0413\u043e\u0440\u043e\u0434 \u041a\u043e\u0445\u0442\u043b\u0430-\u042f\u0440\u0432\u0435 \u043e\u0440\u0433\u0430\u043d\u0438\u0437\u0443\u0435\u0442 \u0431\u0435\u0441\u043f\u0435\u0440\u0435\u0431\u043e\u0439\u043d\u0443\u044e \u0440\u0430\u0431\u043e\u0442\u0443 \u0441\u043b\u0435\u0434\u0443\u044e\u0449\u0438\u0445 \u0436\u0438\u0437\u043d\u0435\u043d\u043d\u043e \u0432\u0430\u0436\u043d\u044b\u0445 \u0441\u043b\u0443\u0436\u0431 \u043d\u0430 \u0441\u0432\u043e\u0435\u0439 \u0430\u0434\u043c\u0438\u043d\u0438\u0441\u0442\u0440\u0430\u0442\u0438\u0432\u043d\u043e\u0439 \u0442\u0435\u0440\u0440\u0438\u0442\u043e\u0440\u0438\u0438:<\/p>\n\n\n\n<ul class=\"wp-block-list\">\n<li>\u0426\u0435\u043d\u0442\u0440\u0430\u043b\u0438\u0437\u043e\u0432\u0430\u043d\u043d\u043e\u0435 \u0442\u0435\u043f\u043b\u043e\u0441\u043d\u0430\u0431\u0436\u0435\u043d\u0438\u0435<\/li>\n\n\n\n<li>\u041f\u0440\u0435\u0434\u043e\u0441\u0442\u0430\u0432\u043b\u0435\u043d\u0438\u0435 \u0443\u0441\u043b\u0443\u0433 \u0432\u043e\u0434\u043e\u0441\u043d\u0430\u0431\u0436\u0435\u043d\u0438\u044f \u0438 \u043a\u0430\u043d\u0430\u043b\u0438\u0437\u0430\u0446\u0438\u0438<\/li>\n\n\n\n<li>\u041e\u0431\u0435\u0441\u043f\u0435\u0447\u0435\u043d\u0438\u0435 \u043f\u0440\u043e\u0445\u043e\u0434\u0438\u043c\u043e\u0441\u0442\u0438 \u043c\u0435\u0441\u0442\u043d\u044b\u0445 \u0434\u043e\u0440\u043e\u0433<\/li>\n<\/ul>\n\n\n\n<h2 class=\"wp-block-heading\">\u041f\u043e\u0441\u0442\u0430\u0432\u0449\u0438\u043a\u0438 \u043a\u0440\u0438\u0442\u0438\u0447\u0435\u0441\u043a\u0438 \u0432\u0430\u0436\u043d\u044b\u0445 \u0443\u0441\u043b\u0443\u0433<\/h2>\n\n\n\n<div class=\"wp-block-group is-layout-grid wp-container-core-group-is-layout-73d44df6 wp-block-group-is-layout-grid\">\n<div class=\"wp-block-group has-global-padding is-layout-constrained wp-container-core-group-is-layout-86dba5ee wp-block-group-is-layout-constrained\" style=\"border-radius:3px;padding-top:var(--wp--preset--spacing--10);padding-right:var(--wp--preset--spacing--10);padding-bottom:var(--wp--preset--spacing--10);padding-left:var(--wp--preset--spacing--10);box-shadow:var(--wp--preset--shadow--vaike-vari-2)\">\n<h2 class=\"wp-block-heading has-large-font-size\" style=\"padding-top:0;padding-bottom:0\">\u0426\u0435\u043d\u0442\u0440\u0430\u043b\u044c\u043d\u043e\u0435 \u043e\u0442\u043e\u043f\u043b\u0435\u043d\u0438\u0435<\/h2>\n\n\n\n<p><a href=\"https:\/\/gren.com\/ee\/\" target=\"_blank\" rel=\"noreferrer noopener\">\u0413\u0440\u0435\u043d \u0412\u0438\u0440\u0443 AS<\/a>&nbsp;<span class=\"wp-rich-text-font-awesome-icon wp-font-awesome-icon\"><svg aria-hidden=\"true\" focusable=\"false\" data-prefix=\"fas\" data-icon=\"arrow-up-right-from-square\" class=\"svg-inline--fa fa-arrow-up-right-from-square\" role=\"img\" xmlns=\"http:\/\/www.w3.org\/2000\/svg\" viewbox=\"0 0 512 512\"><path fill=\"currentColor\" d=\"M320 0c-17.7 0-32 14.3-32 32s14.3 32 32 32l82.7 0L201.4 265.4c-12.5 12.5-12.5 32.8 0 45.3s32.8 12.5 45.3 0L448 109.3l0 82.7c0 17.7 14.3 32 32 32s32-14.3 32-32l0-160c0-17.7-14.3-32-32-32L320 0zM80 32C35.8 32 0 67.8 0 112L0 432c0 44.2 35.8 80 80 80l320 0c44.2 0 80-35.8 80-80l0-112c0-17.7-14.3-32-32-32s-32 14.3-32 32l0 112c0 8.8-7.2 16-16 16L80 448c-8.8 0-16-7.2-16-16l0-320c0-8.8 7.2-16 16-16l112 0c17.7 0 32-14.3 32-32s-14.3-32-32-32L80 32z\"><\/path><\/svg><\/span><\/p>\n\n\n\n<p><span class=\"wp-rich-text-font-awesome-icon wp-font-awesome-icon\"><svg aria-hidden=\"true\" focusable=\"false\" data-prefix=\"fas\" data-icon=\"phone\" class=\"svg-inline--fa fa-phone\" role=\"img\" xmlns=\"http:\/\/www.w3.org\/2000\/svg\" viewbox=\"0 0 512 512\"><path fill=\"currentColor\" d=\"M164.9 24.6c-7.7-18.6-28-28.5-47.4-23.2l-88 24C12.1 30.2 0 46 0 64C0 311.4 200.6 512 448 512c18 0 33.8-12.1 38.6-29.5l24-88c5.3-19.4-4.6-39.7-23.2-47.4l-96-40c-16.3-6.8-35.2-2.1-46.3 11.6L304.7 368C234.3 334.7 177.3 277.7 144 207.3L193.3 167c13.7-11.2 18.4-30 11.6-46.3l-40-96z\"><\/path><\/svg><\/span>+<a href=\"tel:3725125757\">372 512 5757<\/a><br><span class=\"wp-rich-text-font-awesome-icon wp-font-awesome-icon\"><svg aria-hidden=\"true\" focusable=\"false\" data-prefix=\"fas\" data-icon=\"envelope\" class=\"svg-inline--fa fa-envelope\" role=\"img\" xmlns=\"http:\/\/www.w3.org\/2000\/svg\" viewbox=\"0 0 512 512\"><path fill=\"currentColor\" d=\"M48 64C21.5 64 0 85.5 0 112c0 15.1 7.1 29.3 19.2 38.4L236.8 313.6c11.4 8.5 27 8.5 38.4 0L492.8 150.4c12.1-9.1 19.2-23.3 19.2-38.4c0-26.5-21.5-48-48-48L48 64zM0 176L0 384c0 35.3 28.7 64 64 64l384 0c35.3 0 64-28.7 64-64l0-208L294.4 339.2c-22.8 17.1-54 17.1-76.8 0L0 176z\"><\/path><\/svg><\/span><a href=\"mailto:info.viru@gren.com\">info.viru@gren.com<\/a><\/p>\n<\/div>\n\n\n\n<div class=\"wp-block-group has-global-padding is-layout-constrained wp-container-core-group-is-layout-86dba5ee wp-block-group-is-layout-constrained\" style=\"border-radius:3px;padding-top:var(--wp--preset--spacing--10);padding-right:var(--wp--preset--spacing--10);padding-bottom:var(--wp--preset--spacing--10);padding-left:var(--wp--preset--spacing--10);box-shadow:var(--wp--preset--shadow--vaike-vari-2)\">\n<h2 class=\"wp-block-heading has-large-font-size\" style=\"padding-top:0;padding-bottom:0\">\u0412\u043e\u0434\u043e\u0441\u043d\u0430\u0431\u0436\u0435\u043d\u0438\u0435 \u0438 \u043a\u0430\u043d\u0430\u043b\u0438\u0437\u0430\u0446\u0438\u044f<\/h2>\n\n\n\n<p><a href=\"https:\/\/www.idavesi.ee\/\" target=\"_blank\" rel=\"noreferrer noopener\">J\u00e4rve Biopuhastus O\u00dc<\/a>&nbsp;<span class=\"wp-rich-text-font-awesome-icon wp-font-awesome-icon\"><svg aria-hidden=\"true\" focusable=\"false\" data-prefix=\"fas\" data-icon=\"arrow-up-right-from-square\" class=\"svg-inline--fa fa-arrow-up-right-from-square\" role=\"img\" xmlns=\"http:\/\/www.w3.org\/2000\/svg\" viewbox=\"0 0 512 512\"><path fill=\"currentColor\" d=\"M320 0c-17.7 0-32 14.3-32 32s14.3 32 32 32l82.7 0L201.4 265.4c-12.5 12.5-12.5 32.8 0 45.3s32.8 12.5 45.3 0L448 109.3l0 82.7c0 17.7 14.3 32 32 32s32-14.3 32-32l0-160c0-17.7-14.3-32-32-32L320 0zM80 32C35.8 32 0 67.8 0 112L0 432c0 44.2 35.8 80 80 80l320 0c44.2 0 80-35.8 80-80l0-112c0-17.7-14.3-32-32-32s-32 14.3-32 32l0 112c0 8.8-7.2 16-16 16L80 448c-8.8 0-16-7.2-16-16l0-320c0-8.8 7.2-16 16-16l112 0c17.7 0 32-14.3 32-32s-14.3-32-32-32L80 32z\"><\/path><\/svg><\/span><\/p>\n\n\n\n<p><span class=\"wp-rich-text-font-awesome-icon wp-font-awesome-icon\"><svg aria-hidden=\"true\" focusable=\"false\" data-prefix=\"fas\" data-icon=\"phone\" class=\"svg-inline--fa fa-phone\" role=\"img\" xmlns=\"http:\/\/www.w3.org\/2000\/svg\" viewbox=\"0 0 512 512\"><path fill=\"currentColor\" d=\"M164.9 24.6c-7.7-18.6-28-28.5-47.4-23.2l-88 24C12.1 30.2 0 46 0 64C0 311.4 200.6 512 448 512c18 0 33.8-12.1 38.6-29.5l24-88c5.3-19.4-4.6-39.7-23.2-47.4l-96-40c-16.3-6.8-35.2-2.1-46.3 11.6L304.7 368C234.3 334.7 177.3 277.7 144 207.3L193.3 167c13.7-11.2 18.4-30 11.6-46.3l-40-96z\"><\/path><\/svg><\/span>+<a href=\"tel:+3723344004\">372 334 4004<\/a><br><span class=\"wp-rich-text-font-awesome-icon wp-font-awesome-icon\"><svg aria-hidden=\"true\" focusable=\"false\" data-prefix=\"fas\" data-icon=\"envelope\" class=\"svg-inline--fa fa-envelope\" role=\"img\" xmlns=\"http:\/\/www.w3.org\/2000\/svg\" viewbox=\"0 0 512 512\"><path fill=\"currentColor\" d=\"M48 64C21.5 64 0 85.5 0 112c0 15.1 7.1 29.3 19.2 38.4L236.8 313.6c11.4 8.5 27 8.5 38.4 0L492.8 150.4c12.1-9.1 19.2-23.3 19.2-38.4c0-26.5-21.5-48-48-48L48 64zM0 176L0 384c0 35.3 28.7 64 64 64l384 0c35.3 0 64-28.7 64-64l0-208L294.4 339.2c-22.8 17.1-54 17.1-76.8 0L0 176z\"><\/path><\/svg><\/span><a href=\"mailto:info@idavesi.ee\">info@idavesi.ee<\/a>,&nbsp;<a href=\"mailto:konekeskus@idavesi.ee\">konekeskus@idavesi.ee<\/a><\/p>\n<\/div>\n\n\n\n<div class=\"wp-block-group has-global-padding is-layout-constrained wp-container-core-group-is-layout-86dba5ee wp-block-group-is-layout-constrained\" style=\"border-radius:3px;padding-top:var(--wp--preset--spacing--10);padding-right:var(--wp--preset--spacing--10);padding-bottom:var(--wp--preset--spacing--10);padding-left:var(--wp--preset--spacing--10);box-shadow:var(--wp--preset--shadow--vaike-vari-2)\">\n<h2 class=\"wp-block-heading has-large-font-size\" style=\"padding-top:0;padding-bottom:0\"> \u041f\u0440\u043e\u0445\u043e\u0434\u0438\u043c\u043e\u0441\u0442\u044c \u0434\u043e\u0440\u043e\u0433<\/h2>\n\n\n\n<p><a href=\"https:\/\/www.nvhooldus.ee\/index.php?lang=et\" target=\"_blank\" rel=\"noreferrer noopener\">O\u00dc N&amp;V<\/a>&nbsp;<span class=\"wp-rich-text-font-awesome-icon wp-font-awesome-icon\"><svg aria-hidden=\"true\" focusable=\"false\" data-prefix=\"fas\" data-icon=\"arrow-up-right-from-square\" class=\"svg-inline--fa fa-arrow-up-right-from-square\" role=\"img\" xmlns=\"http:\/\/www.w3.org\/2000\/svg\" viewbox=\"0 0 512 512\"><path fill=\"currentColor\" d=\"M320 0c-17.7 0-32 14.3-32 32s14.3 32 32 32l82.7 0L201.4 265.4c-12.5 12.5-12.5 32.8 0 45.3s32.8 12.5 45.3 0L448 109.3l0 82.7c0 17.7 14.3 32 32 32s32-14.3 32-32l0-160c0-17.7-14.3-32-32-32L320 0zM80 32C35.8 32 0 67.8 0 112L0 432c0 44.2 35.8 80 80 80l320 0c44.2 0 80-35.8 80-80l0-112c0-17.7-14.3-32-32-32s-32 14.3-32 32l0 112c0 8.8-7.2 16-16 16L80 448c-8.8 0-16-7.2-16-16l0-320c0-8.8 7.2-16 16-16l112 0c17.7 0 32-14.3 32-32s-14.3-32-32-32L80 32z\"><\/path><\/svg><\/span><\/p>\n\n\n\n<p><span class=\"wp-rich-text-font-awesome-icon wp-font-awesome-icon\"><svg aria-hidden=\"true\" focusable=\"false\" data-prefix=\"fas\" data-icon=\"phone\" class=\"svg-inline--fa fa-phone\" role=\"img\" xmlns=\"http:\/\/www.w3.org\/2000\/svg\" viewbox=\"0 0 512 512\"><path fill=\"currentColor\" d=\"M164.9 24.6c-7.7-18.6-28-28.5-47.4-23.2l-88 24C12.1 30.2 0 46 0 64C0 311.4 200.6 512 448 512c18 0 33.8-12.1 38.6-29.5l24-88c5.3-19.4-4.6-39.7-23.2-47.4l-96-40c-16.3-6.8-35.2-2.1-46.3 11.6L304.7 368C234.3 334.7 177.3 277.7 144 207.3L193.3 167c13.7-11.2 18.4-30 11.6-46.3l-40-96z\"><\/path><\/svg><\/span><a href=\"tel:3723366731\">+372 336 6731<\/a><br><span class=\"wp-rich-text-font-awesome-icon wp-font-awesome-icon\"><svg aria-hidden=\"true\" focusable=\"false\" data-prefix=\"fas\" data-icon=\"envelope\" class=\"svg-inline--fa fa-envelope\" role=\"img\" xmlns=\"http:\/\/www.w3.org\/2000\/svg\" viewbox=\"0 0 512 512\"><path fill=\"currentColor\" d=\"M48 64C21.5 64 0 85.5 0 112c0 15.1 7.1 29.3 19.2 38.4L236.8 313.6c11.4 8.5 27 8.5 38.4 0L492.8 150.4c12.1-9.1 19.2-23.3 19.2-38.4c0-26.5-21.5-48-48-48L48 64zM0 176L0 384c0 35.3 28.7 64 64 64l384 0c35.3 0 64-28.7 64-64l0-208L294.4 339.2c-22.8 17.1-54 17.1-76.8 0L0 176z\"><\/path><\/svg><\/span><a href=\"mailto:info@nvhooldus.ee\">info@nvhooldus.ee<\/a><\/p>\n<\/div>\n<\/div>\n\n\n\n<h2 class=\"wp-block-heading\">\u0410\u0432\u0430\u0440\u0438\u0439\u043d\u0430\u044f \u0441\u0438\u0442\u0443\u0430\u0446\u0438\u044f<\/h2>\n\n\n\n<p>\u0427\u0440\u0435\u0437\u0432\u044b\u0447\u0430\u0439\u043d\u043e\u0439 \u0441\u0438\u0442\u0443\u0430\u0446\u0438\u0435\u0439, \u0438\u043c\u0435\u044e\u0449\u0435\u0439 \u0441\u0435\u0440\u044c\u0435\u0437\u043d\u044b\u0435 \u043f\u043e\u0441\u043b\u0435\u0434\u0441\u0442\u0432\u0438\u044f \u0434\u043b\u044f \u043f\u0440\u0435\u0434\u043e\u0441\u0442\u0430\u0432\u043b\u0435\u043d\u0438\u044f \u0443\u0441\u043b\u0443\u0433\u0438, \u0441\u0447\u0438\u0442\u0430\u0435\u0442\u0441\u044f \u0441\u0438\u0442\u0443\u0430\u0446\u0438\u044f, \u043a\u043e\u0433\u0434\u0430 \u043f\u0435\u0440\u0435\u0440\u044b\u0432 \u0432 \u043f\u0440\u0435\u0434\u043e\u0441\u0442\u0430\u0432\u043b\u0435\u043d\u0438\u0438 \u0443\u0441\u043b\u0443\u0433\u0438 \u043f\u0440\u0435\u0432\u044b\u0448\u0430\u0435\u0442 \u043c\u0430\u043a\u0441\u0438\u043c\u0430\u043b\u044c\u043d\u043e \u0434\u043e\u043f\u0443\u0441\u0442\u0438\u043c\u043e\u0435 \u0432\u0440\u0435\u043c\u044f.<\/p>\n\n\n\n<ul class=\"wp-block-list\">\n<li>\u0423\u0441\u043b\u0443\u0433\u0438 \u0446\u0435\u043d\u0442\u0440\u0430\u043b\u0438\u0437\u043e\u0432\u0430\u043d\u043d\u043e\u0433\u043e \u0442\u0435\u043f\u043b\u043e\u0441\u043d\u0430\u0431\u0436\u0435\u043d\u0438\u044f - 8 \u0447\u0430\u0441\u043e\u0432<\/li>\n\n\n\n<li>\u0423\u0441\u043b\u0443\u0433\u0438 \u043f\u043e \u0432\u043e\u0434\u043e\u0441\u043d\u0430\u0431\u0436\u0435\u043d\u0438\u044e \u0438 \u043a\u0430\u043d\u0430\u043b\u0438\u0437\u0430\u0446\u0438\u0438 - 16 \u0447\u0430\u0441\u043e\u0432<\/li>\n\n\n\n<li>\u041c\u0435\u0441\u0442\u043d\u043e\u0435 \u0434\u043e\u0440\u043e\u0436\u043d\u043e\u0435 \u043e\u0431\u0441\u043b\u0443\u0436\u0438\u0432\u0430\u043d\u0438\u0435 - 6 \u0447\u0430\u0441\u043e\u0432 \u0434\u043b\u044f \u0434\u043e\u0440\u043e\u0433 \u043f\u0435\u0440\u0432\u043e\u0433\u043e \u0443\u0440\u043e\u0432\u043d\u044f (\u043e\u0441\u043d\u043e\u0432\u043d\u044b\u0435 \u0434\u043e\u0440\u043e\u0433\u0438 \u0438 \u0442\u0440\u043e\u0442\u0443\u0430\u0440\u044b, \u043e\u043f\u0430\u0441\u043d\u044b\u0435 \u0443\u0447\u0430\u0441\u0442\u043a\u0438 \u0443\u043b\u0438\u0446, \u0434\u043e\u0440\u043e\u0433\u0438, \u0438\u0441\u043f\u043e\u043b\u044c\u0437\u0443\u0435\u043c\u044b\u0435 \u0434\u043b\u044f \u043c\u0430\u0440\u0448\u0440\u0443\u0442\u043e\u0432 \u0448\u043a\u043e\u043b\u044c\u043d\u044b\u0445 \u0430\u0432\u0442\u043e\u0431\u0443\u0441\u043e\u0432, \u0438 \u0434\u043e\u0440\u043e\u0433\u0438, \u0432\u0435\u0434\u0443\u0449\u0438\u0435 \u043a \u0432\u043e\u0434\u043e\u0437\u0430\u0431\u043e\u0440\u043d\u044b\u043c \u0443\u0437\u043b\u0430\u043c \u043f\u043e\u0436\u0430\u0440\u043d\u043e\u0439 \u043e\u0445\u0440\u0430\u043d\u044b) \u0438 12 \u0447\u0430\u0441\u043e\u0432 \u0434\u043b\u044f \u0434\u043e\u0440\u043e\u0433 \u0432\u0442\u043e\u0440\u043e\u0433\u043e \u0438 \u0442\u0440\u0435\u0442\u044c\u0435\u0433\u043e \u0443\u0440\u043e\u0432\u043d\u0435\u0439 (\u043f\u0435\u0448\u0435\u0445\u043e\u0434\u043d\u044b\u0435 \u0438 \u0432\u0435\u043b\u043e\u0441\u0438\u043f\u0435\u0434\u043d\u044b\u0435 \u0434\u043e\u0440\u043e\u0436\u043a\u0438, \u0432\u0442\u043e\u0440\u043e\u0441\u0442\u0435\u043f\u0435\u043d\u043d\u044b\u0435 \u0434\u043e\u0440\u043e\u0433\u0438, \u0434\u043e\u0440\u043e\u0433\u0438 \u0438 \u0442\u0440\u043e\u0442\u0443\u0430\u0440\u044b, \u0440\u0430\u0441\u043f\u0440\u0435\u0434\u0435\u043b\u0438\u0442\u0435\u043b\u044c\u043d\u044b\u0435 \u0434\u043e\u0440\u043e\u0433\u0438, \u043f\u043b\u043e\u0449\u0430\u0434\u0438, \u0430\u0432\u0442\u043e\u0441\u0442\u043e\u044f\u043d\u043a\u0438 \u0438 \u0432\u043d\u0443\u0442\u0440\u0438\u043a\u0432\u0430\u0440\u0442\u0430\u043b\u044c\u043d\u044b\u0435 \u0443\u043b\u0438\u0446\u044b).<\/li>\n<\/ul>","protected":false},"excerpt":{"rendered":"<p>Elut\u00e4htis teenus on teenus, millel on \u00fclekaalukas m\u00f5ju \u00fchiskonna toimimisele ja mille katkemine ohustab vahetult inimeste elu v\u00f5i tervist v\u00f5i teise elut\u00e4htsa teenuse v\u00f5i \u00fcldhuviteenuse toimimist. Kohtla-J\u00e4rve Linnavalitsus korraldab oma [&hellip;]<\/p>\n","protected":false},"author":1,"featured_media":0,"parent":941,"menu_order":7,"comment_status":"closed","ping_status":"closed","template":"","meta":{"_EventAllDay":false,"_EventTimezone":"","_EventStartDate":"","_EventEndDate":"","_EventStartDateUTC":"","_EventEndDateUTC":"","_EventShowMap":false,"_EventShowMapLink":false,"_EventURL":"","_EventCost":"","_EventCostDescription":"","_EventCurrencySymbol":"","_EventCurrencyCode":"","_EventCurrencyPosition":"","_EventDateTimeSeparator":"","_EventTimeRangeSeparator":"","_EventOrganizerID":[],"_EventVenueID":[],"_OrganizerEmail":"","_OrganizerPhone":"","_OrganizerWebsite":"","_VenueAddress":"","_VenueCity":"","_VenueCountry":"","_VenueProvince":"","_VenueState":"","_VenueZip":"","_VenuePhone":"","_VenueURL":"","_VenueStateProvince":"","_VenueLat":"","_VenueLng":"","_VenueShowMap":false,"_VenueShowMapLink":false,"footnotes":""},"class_list":["post-994","page","type-page","status-publish","hentry"],"_links":{"self":[{"href":"https:\/\/kohtla-jarve.ee\/ru\/wp-json\/wp\/v2\/pages\/994","targetHints":{"allow":["GET"]}}],"collection":[{"href":"https:\/\/kohtla-jarve.ee\/ru\/wp-json\/wp\/v2\/pages"}],"about":[{"href":"https:\/\/kohtla-jarve.ee\/ru\/wp-json\/wp\/v2\/types\/page"}],"author":[{"embeddable":true,"href":"https:\/\/kohtla-jarve.ee\/ru\/wp-json\/wp\/v2\/users\/1"}],"replies":[{"embeddable":true,"href":"https:\/\/kohtla-jarve.ee\/ru\/wp-json\/wp\/v2\/comments?post=994"}],"version-history":[{"count":2,"href":"https:\/\/kohtla-jarve.ee\/ru\/wp-json\/wp\/v2\/pages\/994\/revisions"}],"predecessor-version":[{"id":3012,"href":"https:\/\/kohtla-jarve.ee\/ru\/wp-json\/wp\/v2\/pages\/994\/revisions\/3012"}],"up":[{"embeddable":true,"href":"https:\/\/kohtla-jarve.ee\/ru\/wp-json\/wp\/v2\/pages\/941"}],"wp:attachment":[{"href":"https:\/\/kohtla-jarve.ee\/ru\/wp-json\/wp\/v2\/media?parent=994"}],"curies":[{"name":"wp","href":"https:\/\/api.w.org\/{rel}","templated":true}]}}