{"id":958,"date":"2025-09-24T10:18:24","date_gmt":"2025-09-24T07:18:24","guid":{"rendered":"https:\/\/kohtla-jarve.ee\/?page_id=958"},"modified":"2025-09-24T10:22:25","modified_gmt":"2025-09-24T07:22:25","slug":"kerksuskeskused","status":"publish","type":"page","link":"https:\/\/kohtla-jarve.ee\/ru\/elanikkonnakaitse\/kerksuskeskused\/","title":{"rendered":"\u0420\u0430\u0439\u043e\u043d\u043d\u044b\u0435 \u0446\u0435\u043d\u0442\u0440\u044b \u043f\u043e\u0434\u043c\u043e\u0433\u0438"},"content":{"rendered":"<div class=\"wp-block-columns is-layout-flex wp-container-core-columns-is-layout-658170e2 wp-block-columns-is-layout-flex\">\n<div class=\"wp-block-column is-layout-flow wp-block-column-is-layout-flow\" style=\"flex-basis:75%\">\n<p>\u042f\u0440\u0432\u0435\u0441\u043a\u0430\u044f \u0447\u0430\u0441\u0442\u044c \u0433\u043e\u0440\u043e\u0434\u0430:<\/p>\n\n\n\n<ul class=\"wp-block-list\">\n<li><strong>\u0421\u043f\u043e\u0440\u0442\u0438\u0432\u043d\u044b\u0439 \u0446\u0435\u043d\u0442\u0440 WIRU<\/strong>&nbsp;(\u042f\u0440\u0432\u0435\u043a\u044e\u043b\u0430 \u0442\u0435\u044d 41, \u041a\u043e\u0445\u0442\u043b\u0430-\u042f\u0440\u0432\u0435 30321 \u0418\u0434\u0430-\u0412\u0438\u0440\u0443\u043c\u0430\u0430, \u042d\u0441\u0442\u043e\u043d\u0438\u044f)<\/li>\n<\/ul>\n\n\n\n<p>\u0410\u0445\u0442\u043c\u0435\u0441\u043a\u0430\u044f \u0447\u0430\u0441\u0442\u044c \u0433\u043e\u0440\u043e\u0434\u0430:<\/p>\n\n\n\n<ul class=\"wp-block-list\">\n<li><strong>\u0410\u0445\u0442\u043c\u0435\u0441\u043a\u0438\u0439 \u0445\u043e\u043b\u043b \u0434\u043b\u044f \u0437\u0430\u043d\u044f\u0442\u0438\u0439 \u043f\u043e \u043b\u0435\u0433\u043a\u043e\u0439 \u0430\u0442\u043b\u0435\u0442\u0438\u043a\u0435<\/strong>&nbsp;(\u0410\u0445\u0442\u043c\u0435 \u043c\u043d\u0442. 61, K\u043e\u0445\u0442\u043b\u0430-\u042f\u0440\u0432\u0435, 31023 \u0418\u0434\u0430-\u0412\u0438\u0440\u0443\u043c\u0430\u0430, \u042d\u0441\u0442\u043e\u043d\u0438\u044f)<\/li>\n<\/ul>\n\n\n\n<p>\u0426\u0435\u043d\u0442\u0440 \u043f\u043e\u0434\u043c\u043e\u0433\u0438 - \u044d\u0442\u043e \u0438\u043d\u0444\u043e\u0440\u043c\u0430\u0446\u0438\u043e\u043d\u043d\u044b\u0439 \u0438 \u0441\u0435\u0440\u0432\u0438\u0441\u043d\u044b\u0439 \u0446\u0435\u043d\u0442\u0440 \u0438\u043b\u0438 \u043a\u043e\u043e\u0440\u0434\u0438\u043d\u0430\u0446\u0438\u043e\u043d\u043d\u044b\u0439 \u0446\u0435\u043d\u0442\u0440, \u043a\u043e\u0442\u043e\u0440\u044b\u0439 \u043e\u0442\u043a\u0440\u044b\u0432\u0430\u0435\u0442\u0441\u044f \u0432\u043e \u0432\u0440\u0435\u043c\u044f \u043a\u0440\u0438\u0437\u0438\u0441\u0430.<\/p>\n\n\n\n<p>\u0412 \u0441\u043b\u0443\u0447\u0430\u0435 \u0441\u0435\u0440\u044c\u0435\u0437\u043d\u044b\u0445 \u0441\u0431\u043e\u0435\u0432 \u0432 \u043f\u0440\u0435\u0434\u043e\u0441\u0442\u0430\u0432\u043b\u0435\u043d\u0438\u0438 \u0443\u0441\u043b\u0443\u0433 \u043f\u0435\u0440\u0432\u043e\u0439 \u043d\u0435\u043e\u0431\u0445\u043e\u0434\u0438\u043c\u043e\u0441\u0442\u0438, \u0442\u0430\u043a\u0438\u0445 \u043a\u0430\u043a \u0432\u043e\u0434\u043e\u0441\u043d\u0430\u0431\u0436\u0435\u043d\u0438\u0435 \u0438 \u043a\u0430\u043d\u0430\u043b\u0438\u0437\u0430\u0446\u0438\u044f, \u0446\u0435\u043d\u0442\u0440\u0430\u043b\u044c\u043d\u043e\u0435 \u043e\u0442\u043e\u043f\u043b\u0435\u043d\u0438\u0435 \u0438\u043b\u0438 \u044d\u043b\u0435\u043a\u0442\u0440\u0438\u0447\u0435\u0441\u0442\u0432\u043e, \u0440\u043e\u043b\u044c \u0440\u0430\u0439\u043e\u043d\u043d\u044b\u0445 \u0446\u0435\u043d\u0442\u0440\u043e\u0432 \u043f\u043e\u0434\u043c\u043e\u0433\u0438 \u0437\u0430\u043a\u043b\u044e\u0447\u0430\u0435\u0442\u0441\u044f \u0432 \u043f\u0440\u0435\u0434\u043e\u0441\u0442\u0430\u0432\u043b\u0435\u043d\u0438\u0438 \u0442\u0430\u043a\u0438\u0445 \u0443\u0441\u043b\u0443\u0433 \u0438 \u043f\u043e\u043c\u043e\u0449\u0438 \u0433\u043e\u0440\u043e\u0434\u0441\u043a\u0438\u043c \u0436\u0438\u0442\u0435\u043b\u044f\u043c, \u043d\u0430\u043f\u0440\u0438\u043c\u0435\u0440:<\/p>\n\n\n\n<ul class=\"wp-block-list\">\n<li>\u041f\u043e\u043b\u0443\u0447\u0435\u043d\u0438\u0435 \u0438\u043d\u0444\u043e\u0440\u043c\u0430\u0446\u0438\u0438 \u0438 \u0440\u0435\u043a\u043e\u043c\u0435\u043d\u0434\u0430\u0446\u0438\u0439 \u043e \u0441\u0438\u0442\u0443\u0430\u0446\u0438\u0438 \u0438 \u043e \u0442\u043e\u043c, \u043a\u0430\u043a \u0441 \u043d\u0435\u0439 \u0441\u043f\u0440\u0430\u0432\u0438\u0442\u044c\u0441\u044f<\/li>\n\n\n\n<li>\u0417\u0430\u0440\u044f\u0434\u043a\u0430 \u043c\u043e\u0431\u0438\u043b\u044c\u043d\u044b\u0445 \u0442\u0435\u043b\u0435\u0444\u043e\u043d\u043e\u0432 \u0438 \u0434\u0440\u0443\u0433\u0438\u0445 \u043d\u0435\u0431\u043e\u043b\u044c\u0448\u0438\u0445 \u0443\u0441\u0442\u0440\u043e\u0439\u0441\u0442\u0432<\/li>\n\n\n\n<li>\u041f\u043e\u043b\u0443\u0447\u0435\u043d\u0438\u0435 \u043f\u0438\u0442\u044c\u0435\u0432\u043e\u0439 \u0432\u043e\u0434\u044b<\/li>\n\n\n\n<li>\u041f\u043e\u0434\u043e\u0433\u0440\u0435\u0432 \u043f\u0438\u0449\u0438 \u0438 \u0442.\u0434.<\/li>\n<\/ul>\n<\/div>\n\n\n\n<div class=\"wp-block-column is-layout-flow wp-block-column-is-layout-flow\">\n<figure data-wp-context=\"{&quot;imageId&quot;:&quot;69dad1e59ec85&quot;}\" data-wp-interactive=\"core\/image\" data-wp-key=\"69dad1e59ec85\" class=\"wp-block-image size-full is-resized wp-lightbox-container\"><img loading=\"lazy\" decoding=\"async\" width=\"430\" height=\"605\" data-wp-class--hide=\"state.isContentHidden\" data-wp-class--show=\"state.isContentVisible\" data-wp-init=\"callbacks.setButtonStyles\" data-wp-on--click=\"actions.showLightbox\" data-wp-on--load=\"callbacks.setButtonStyles\" data-wp-on-window--resize=\"callbacks.setButtonStyles\" src=\"https:\/\/kohtla-jarve.ee\/wp-content\/uploads\/2025\/09\/Pilt1.jpg\" alt=\"\" class=\"wp-image-960\" style=\"width:200px\" srcset=\"https:\/\/kohtla-jarve.ee\/wp-content\/uploads\/2025\/09\/Pilt1.jpg 430w, https:\/\/kohtla-jarve.ee\/wp-content\/uploads\/2025\/09\/Pilt1-213x300.jpg 213w, https:\/\/kohtla-jarve.ee\/wp-content\/uploads\/2025\/09\/Pilt1-9x12.jpg 9w\" sizes=\"auto, (max-width: 430px) 100vw, 430px\" \/><button\n\t\t\tclass=\"lightbox-trigger\"\n\t\t\ttype=\"button\"\n\t\t\taria-haspopup=\"dialog\"\n\t\t\taria-label=\"\u0423\u0432\u0435\u043b\u0438\u0447\u0438\u0442\u044c\"\n\t\t\tdata-wp-init=\"callbacks.initTriggerButton\"\n\t\t\tdata-wp-on--click=\"actions.showLightbox\"\n\t\t\tdata-wp-style--right=\"state.imageButtonRight\"\n\t\t\tdata-wp-style--top=\"state.imageButtonTop\"\n\t\t>\n\t\t\t<svg xmlns=\"http:\/\/www.w3.org\/2000\/svg\" width=\"12\" height=\"12\" fill=\"none\" viewbox=\"0 0 12 12\">\n\t\t\t\t<path fill=\"#fff\" d=\"M2 0a2 2 0 0 0-2 2v2h1.5V2a.5.5 0 0 1 .5-.5h2V0H2Zm2 10.5H2a.5.5 0 0 1-.5-.5V8H0v2a2 2 0 0 0 2 2h2v-1.5ZM8 12v-1.5h2a.5.5 0 0 0 .5-.5V8H12v2a2 2 0 0 1-2 2H8Zm2-12a2 2 0 0 1 2 2v2h-1.5V2a.5.5 0 0 0-.5-.5H8V0h2Z\" \/>\n\t\t\t<\/svg>\n\t\t<\/button><\/figure>\n<\/div>\n<\/div>","protected":false},"excerpt":{"rendered":"<p>J\u00e4rve linnaosa: Ahtme linnaosa: Kerksuskeskus on kriisiolukorra ajal avatav info- ja teeninduspunkt ehk kriisiinfokeskus. Kerksuskeskuste \u00fclesanne on eluks vajalike teenuste, nagu n\u00e4iteks joogivee ja kanalisatsiooni, kaugk\u00fctte v\u00f5i elektri ulatusliku katkestuse [&hellip;]<\/p>\n","protected":false},"author":1,"featured_media":0,"parent":941,"menu_order":1,"comment_status":"closed","ping_status":"closed","template":"","meta":{"_EventAllDay":false,"_EventTimezone":"","_EventStartDate":"","_EventEndDate":"","_EventStartDateUTC":"","_EventEndDateUTC":"","_EventShowMap":false,"_EventShowMapLink":false,"_EventURL":"","_EventCost":"","_EventCostDescription":"","_EventCurrencySymbol":"","_EventCurrencyCode":"","_EventCurrencyPosition":"","_EventDateTimeSeparator":"","_EventTimeRangeSeparator":"","_EventOrganizerID":[],"_EventVenueID":[],"_OrganizerEmail":"","_OrganizerPhone":"","_OrganizerWebsite":"","_VenueAddress":"","_VenueCity":"","_VenueCountry":"","_VenueProvince":"","_VenueState":"","_VenueZip":"","_VenuePhone":"","_VenueURL":"","_VenueStateProvince":"","_VenueLat":"","_VenueLng":"","_VenueShowMap":false,"_VenueShowMapLink":false,"footnotes":""},"class_list":["post-958","page","type-page","status-publish","hentry"],"_links":{"self":[{"href":"https:\/\/kohtla-jarve.ee\/ru\/wp-json\/wp\/v2\/pages\/958","targetHints":{"allow":["GET"]}}],"collection":[{"href":"https:\/\/kohtla-jarve.ee\/ru\/wp-json\/wp\/v2\/pages"}],"about":[{"href":"https:\/\/kohtla-jarve.ee\/ru\/wp-json\/wp\/v2\/types\/page"}],"author":[{"embeddable":true,"href":"https:\/\/kohtla-jarve.ee\/ru\/wp-json\/wp\/v2\/users\/1"}],"replies":[{"embeddable":true,"href":"https:\/\/kohtla-jarve.ee\/ru\/wp-json\/wp\/v2\/comments?post=958"}],"version-history":[{"count":2,"href":"https:\/\/kohtla-jarve.ee\/ru\/wp-json\/wp\/v2\/pages\/958\/revisions"}],"predecessor-version":[{"id":971,"href":"https:\/\/kohtla-jarve.ee\/ru\/wp-json\/wp\/v2\/pages\/958\/revisions\/971"}],"up":[{"embeddable":true,"href":"https:\/\/kohtla-jarve.ee\/ru\/wp-json\/wp\/v2\/pages\/941"}],"wp:attachment":[{"href":"https:\/\/kohtla-jarve.ee\/ru\/wp-json\/wp\/v2\/media?parent=958"}],"curies":[{"name":"wp","href":"https:\/\/api.w.org\/{rel}","templated":true}]}}