{"id":888,"date":"2025-09-23T16:29:30","date_gmt":"2025-09-23T13:29:30","guid":{"rendered":"https:\/\/kohtla-jarve.ee\/?page_id=888"},"modified":"2025-09-23T16:29:31","modified_gmt":"2025-09-23T13:29:31","slug":"tasuta-oigusabi","status":"publish","type":"page","link":"https:\/\/kohtla-jarve.ee\/ru\/linn-uudised-ja-kontakt\/kogukond-ja-teenused\/tasuta-oigusabi\/","title":{"rendered":"\u0411\u0435\u0441\u043f\u043b\u0430\u0442\u043d\u0430\u044f \u044e\u0440\u0438\u0434\u0438\u0447\u0435\u0441\u043a\u0430\u044f \u043f\u043e\u043c\u043e\u0449\u044c"},"content":{"rendered":"<p><strong>\u0411\u0435\u0441\u043f\u043b\u0430\u0442\u043d\u044b\u0435 \u044e\u0440\u0438\u0434\u0438\u0447\u0435\u0441\u043a\u0438\u0435 \u043a\u043e\u043d\u0441\u0443\u043b\u044c\u0442\u0430\u0446\u0438\u0438 \u0431\u0443\u0434\u0443\u0442 \u043f\u0440\u0435\u0434\u043e\u0441\u0442\u0430\u0432\u043b\u044f\u0442\u044c\u0441\u044f \u0435\u0449\u0435 \u043a\u0430\u043a \u043c\u0438\u043d\u0438\u043c\u0443\u043c \u0442\u0440\u0438 \u0433\u043e\u0434\u0430 \u0432 16 \u043a\u043e\u043d\u0441\u0443\u043b\u044c\u0442\u0430\u0446\u0438\u043e\u043d\u043d\u044b\u0445 \u0446\u0435\u043d\u0442\u0440\u0430\u0445 \u043f\u043e \u0432\u0441\u0435\u0439 \u042d\u0441\u0442\u043e\u043d\u0438\u0438, \u0430 \u0442\u0430\u043a\u0436\u0435 \u043f\u043e \u044d\u043b\u0435\u043a\u0442\u0440\u043e\u043d\u043d\u043e\u0439 \u043f\u043e\u0447\u0442\u0435 \u0438 \u0432\u0438\u0434\u0435\u043e\u043c\u043e\u0441\u0442\u0443.<\/strong><\/p>\n\n\n\n<p>HUGO.legal \u0432 \u0441\u043e\u0442\u0440\u0443\u0434\u043d\u0438\u0447\u0435\u0441\u0442\u0432\u0435 \u0441 \u041c\u0438\u043d\u0438\u0441\u0442\u0435\u0440\u0441\u0442\u0432\u043e\u043c \u044e\u0441\u0442\u0438\u0446\u0438\u0438 \u043f\u0440\u0435\u0434\u043e\u0441\u0442\u0430\u0432\u043b\u044f\u0435\u0442 \u0431\u0435\u0441\u043f\u043b\u0430\u0442\u043d\u0443\u044e \u044e\u0440\u0438\u0434\u0438\u0447\u0435\u0441\u043a\u0443\u044e \u043f\u043e\u043c\u043e\u0449\u044c \u0443\u0436\u0435 4 \u0433\u043e\u0434\u0430, \u0438 \u0437\u0430 \u044d\u0442\u043e \u0432\u0440\u0435\u043c\u044f \u0435\u0435 \u043f\u043e\u043b\u0443\u0447\u0438\u043b\u0438 37 000 \u0447\u0435\u043b\u043e\u0432\u0435\u043a. \u042e\u0440\u0438\u0434\u0438\u0447\u0435\u0441\u043a\u0443\u044e \u043f\u043e\u043c\u043e\u0449\u044c \u043c\u043e\u0436\u043d\u043e \u043f\u043e\u043b\u0443\u0447\u0438\u0442\u044c \u043d\u0430 \u043c\u0435\u0441\u0442\u0435 \u0432 16 \u043a\u0440\u0443\u043f\u043d\u044b\u0445 \u043e\u043a\u0440\u0443\u0436\u043d\u044b\u0445 \u0446\u0435\u043d\u0442\u0440\u0430\u0445, \u0430 \u0442\u0430\u043a\u0436\u0435 \u043f\u043e \u044d\u043b\u0435\u043a\u0442\u0440\u043e\u043d\u043d\u043e\u0439 \u043f\u043e\u0447\u0442\u0435 \u0438\u043b\u0438 \u0447\u0435\u0440\u0435\u0437 \u0432\u0435\u0431-\u0441\u0430\u0439\u0442. \u0427\u0442\u043e\u0431\u044b \u0437\u0430\u043f\u0438\u0441\u0430\u0442\u044c\u0441\u044f \u043d\u0430 \u043f\u0440\u0438\u0435\u043c, \u043f\u043e\u0436\u0430\u043b\u0443\u0439\u0441\u0442\u0430, \u0441\u0432\u044f\u0436\u0438\u0442\u0435\u0441\u044c \u0441\u00a0<a href=\"http:\/\/www.hugo.legal\/\" target=\"_blank\" rel=\"noreferrer noopener\">www.hugo.legal\u00a0<\/a>\u0438\u043b\u0438 \u043f\u043e \u0442\u0435\u043b\u0435\u0444\u043e\u043d\u0443 6 880 400.<\/p>\n\n\n\n<p>\u041e\u0444\u0438\u0441\u044b HUGO \u0440\u0430\u0441\u043f\u043e\u043b\u043e\u0436\u0435\u043d\u044b \u0432 16 \u0433\u043e\u0440\u043e\u0434\u0430\u0445 \u042d\u0441\u0442\u043e\u043d\u0438\u0438: \u0422\u0430\u043b\u043b\u0438\u043d\u043d, \u0422\u0430\u0440\u0442\u0443, \u041f\u044f\u0440\u043d\u0443, \u0420\u0430\u043f\u043b\u0430, \u0412\u0438\u043b\u044c\u044f\u043d\u0434\u0438, \u0412\u0430\u043b\u0433\u0430, \u0412\u044b\u0440\u0443, \u041f\u044b\u043b\u0432\u0430, \u0419\u044b\u0433\u0435\u0432\u0430, \u041f\u0430\u0439\u0434\u0435, \u041d\u0430\u0440\u0432\u0430, \u0419\u044b\u0445\u0432\u0438, \u0420\u0430\u043a\u0432\u0435\u0440\u0435, \u0425\u0430\u0430\u043f\u0441\u0430\u043b\u0443, \u041a\u0443\u0440\u0435\u0441\u0441\u0430\u0430\u0440\u0435 \u0438 \u041a\u044f\u0440\u0434\u043b\u0430.<\/p>\n\n\n\n<h2 class=\"wp-block-heading\">\u041a\u0442\u043e \u043c\u043e\u0436\u0435\u0442 \u043f\u043e\u043b\u0443\u0447\u0438\u0442\u044c \u0431\u0435\u0441\u043f\u043b\u0430\u0442\u043d\u0443\u044e \u044e\u0440\u0438\u0434\u0438\u0447\u0435\u0441\u043a\u0443\u044e \u043f\u043e\u043c\u043e\u0449\u044c?<\/h2>\n\n\n\n<p>\u0411\u0435\u0441\u043f\u043b\u0430\u0442\u043d\u0443\u044e \u044e\u0440\u0438\u0434\u0438\u0447\u0435\u0441\u043a\u0443\u044e \u043f\u043e\u043c\u043e\u0449\u044c \u043c\u043e\u0436\u0435\u0442 \u043f\u043e\u043b\u0443\u0447\u0438\u0442\u044c \u043b\u044e\u0431\u043e\u0439 \u0436\u0438\u0442\u0435\u043b\u044c \u042d\u0441\u0442\u043e\u043d\u0438\u0438 \u0441\u043e \u0441\u0440\u0435\u0434\u043d\u0438\u043c \u0431\u0440\u0443\u0442\u0442\u043e-\u0434\u043e\u0445\u043e\u0434\u043e\u043c \u0434\u043e 1200 \u0435\u0432\u0440\u043e \u0432 \u043c\u0435\u0441\u044f\u0446. \u0418\u0441\u043a\u043b\u044e\u0447\u0435\u043d\u0438\u0435 \u0441\u043e\u0441\u0442\u0430\u0432\u043b\u044f\u044e\u0442 \u0441\u0435\u043c\u0435\u0439\u043d\u044b\u0435 \u0434\u0435\u043b\u0430, \u043a\u0430\u0441\u0430\u044e\u0449\u0438\u0435\u0441\u044f \u043f\u0440\u0430\u0432 \u0440\u0435\u0431\u0435\u043d\u043a\u0430, \u0433\u0434\u0435 \u043f\u0440\u0435\u0434\u0435\u043b\u044c\u043d\u044b\u0439 \u0434\u043e\u0445\u043e\u0434 \u0441\u043e\u0441\u0442\u0430\u0432\u043b\u044f\u0435\u0442 1700 \u0435\u0432\u0440\u043e.<\/p>\n\n\n\n<h2 class=\"wp-block-heading\">\u041a\u0430\u043a\u043e\u0432 \u043e\u0431\u044a\u0435\u043c \u0431\u0435\u0441\u043f\u043b\u0430\u0442\u043d\u043e\u0439 \u044e\u0440\u0438\u0434\u0438\u0447\u0435\u0441\u043a\u043e\u0439 \u043f\u043e\u043c\u043e\u0449\u0438?<\/h2>\n\n\n\n<p>\u041f\u0435\u0440\u0432\u044b\u0435 \u0434\u0432\u0430 \u0447\u0430\u0441\u0430 \u043a\u043e\u043d\u0441\u0443\u043b\u044c\u0442\u0430\u0446\u0438\u0439 \u043f\u0440\u0435\u0434\u043e\u0441\u0442\u0430\u0432\u043b\u044f\u044e\u0442\u0441\u044f \u0431\u0435\u0441\u043f\u043b\u0430\u0442\u043d\u043e, \u0438 \u043e\u043f\u044b\u0442 HUGO \u043f\u043e\u043a\u0430\u0437\u044b\u0432\u0430\u0435\u0442, \u0447\u0442\u043e \u0434\u0430\u0436\u0435 \u0441\u0430\u043c\u044b\u0435 \u0440\u0430\u0441\u043f\u0440\u043e\u0441\u0442\u0440\u0430\u043d\u0435\u043d\u043d\u044b\u0435 \u043f\u0440\u043e\u0431\u043b\u0435\u043c\u044b \u043c\u043e\u0436\u043d\u043e \u0440\u0435\u0448\u0438\u0442\u044c \u0432 \u0442\u0435\u0447\u0435\u043d\u0438\u0435 \u043f\u0435\u0440\u0432\u044b\u0445 \u0434\u0432\u0443\u0445 \u0447\u0430\u0441\u043e\u0432 - \u0441\u0440\u0435\u0434\u043d\u0435\u0435 \u0432\u0440\u0435\u043c\u044f \u043a\u043e\u043d\u0441\u0443\u043b\u044c\u0442\u0430\u0446\u0438\u0438 \u0441\u043e\u0441\u0442\u0430\u0432\u043b\u044f\u0435\u0442 2,2 \u0447\u0430\u0441\u0430.<\/p>\n\n\n\n<p>\u0415\u0441\u043b\u0438 \u0434\u0432\u0443\u0445 \u0447\u0430\u0441\u043e\u0432 \u043d\u0435\u0434\u043e\u0441\u0442\u0430\u0442\u043e\u0447\u043d\u043e, \u0432\u044b \u043c\u043e\u0436\u0435\u0442\u0435 \u043f\u043e\u043b\u0443\u0447\u0438\u0442\u044c \u0435\u0449\u0435 3 \u0447\u0430\u0441\u0430 \u043f\u043e \u043b\u044c\u0433\u043e\u0442\u043d\u043e\u0439 \u0441\u0442\u0430\u0432\u043a\u0435 45 \u0435\u0432\u0440\u043e \u0432 \u0447\u0430\u0441 \u0438 \u0434\u043e 10 \u0447\u0430\u0441\u043e\u0432 \u044e\u0440\u0438\u0434\u0438\u0447\u0435\u0441\u043a\u043e\u0439 \u043f\u043e\u043c\u043e\u0449\u0438 \u043f\u043e \u0441\u0435\u043c\u0435\u0439\u043d\u044b\u043c \u0434\u0435\u043b\u0430\u043c, \u043a\u0430\u0441\u0430\u044e\u0449\u0438\u043c\u0441\u044f \u043f\u0440\u0430\u0432 \u0440\u0435\u0431\u0435\u043d\u043a\u0430, \u043f\u043e \u043b\u044c\u0433\u043e\u0442\u043d\u043e\u0439 \u0441\u0442\u0430\u0432\u043a\u0435.<\/p>\n\n\n\n<p>\u0414\u043b\u044f \u043f\u043e\u043b\u0443\u0447\u0435\u043d\u0438\u044f \u0431\u0435\u0441\u043f\u043b\u0430\u0442\u043d\u043e\u0439 \u044e\u0440\u0438\u0434\u0438\u0447\u0435\u0441\u043a\u043e\u0439 \u043f\u043e\u043c\u043e\u0449\u0438 \u043d\u0435\u043e\u0431\u0445\u043e\u0434\u0438\u043c\u043e \u043f\u043e\u0434\u043f\u0438\u0441\u0430\u0442\u044c \u043a\u043b\u0438\u0435\u043d\u0442\u0441\u043a\u0438\u0439 \u0434\u043e\u0433\u043e\u0432\u043e\u0440 \u0438 \u0437\u0430\u043f\u043b\u0430\u0442\u0438\u0442\u044c \u0435\u0434\u0438\u043d\u043e\u0432\u0440\u0435\u043c\u0435\u043d\u043d\u044b\u0439 \u0432\u0437\u043d\u043e\u0441 \u0432 \u0440\u0430\u0437\u043c\u0435\u0440\u0435 5 \u0435\u0432\u0440\u043e, \u043a\u043e\u0442\u043e\u0440\u044b\u0439 \u0433\u0430\u0440\u0430\u043d\u0442\u0438\u0440\u0443\u0435\u0442 \u0447\u0435\u043b\u043e\u0432\u0435\u043a\u0443 \u0434\u043e\u0441\u0442\u0443\u043f \u043a \u044e\u0440\u0438\u0434\u0438\u0447\u0435\u0441\u043a\u043e\u0439 \u043f\u043e\u043c\u043e\u0449\u0438 \u043d\u0430 \u043b\u044c\u0433\u043e\u0442\u043d\u044b\u0445 \u0443\u0441\u043b\u043e\u0432\u0438\u044f\u0445 \u0434\u043e \u043a\u043e\u043d\u0446\u0430 \u043a\u0430\u043b\u0435\u043d\u0434\u0430\u0440\u043d\u043e\u0433\u043e \u0433\u043e\u0434\u0430. \u041d\u0435\u0441\u043e\u0432\u0435\u0440\u0448\u0435\u043d\u043d\u043e\u043b\u0435\u0442\u043d\u0438\u0435 \u043e\u0441\u0432\u043e\u0431\u043e\u0436\u0434\u0430\u044e\u0442\u0441\u044f \u043e\u0442 \u0443\u043f\u043b\u0430\u0442\u044b \u0441\u043e\u0432\u043c\u0435\u0441\u0442\u043d\u043e\u0433\u043e \u0432\u0437\u043d\u043e\u0441\u0430.<\/p>\n\n\n\n<h2 class=\"wp-block-heading\">\u041a\u0430\u043a \u043f\u043e\u043b\u0443\u0447\u0438\u0442\u044c \u0431\u0435\u0441\u043f\u043b\u0430\u0442\u043d\u0443\u044e \u044e\u0440\u0438\u0434\u0438\u0447\u0435\u0441\u043a\u0443\u044e \u043f\u043e\u043c\u043e\u0449\u044c?<\/h2>\n\n\n\n<p>\u0427\u0442\u043e\u0431\u044b \u043f\u043e\u043b\u0443\u0447\u0438\u0442\u044c \u0431\u0435\u0441\u043f\u043b\u0430\u0442\u043d\u0443\u044e \u0438 \u043b\u044c\u0433\u043e\u0442\u043d\u0443\u044e \u044e\u0440\u0438\u0434\u0438\u0447\u0435\u0441\u043a\u0443\u044e \u043a\u043e\u043d\u0441\u0443\u043b\u044c\u0442\u0430\u0446\u0438\u044e, \u0432\u0430\u043c \u043d\u0435\u043e\u0431\u0445\u043e\u0434\u0438\u043c\u043e \u0437\u0430\u043f\u0438\u0441\u0430\u0442\u044c\u0441\u044f \u043d\u0430 \u043f\u0440\u0438\u0435\u043c \u043a \u044e\u0440\u0438\u0441\u0442\u0443 \u043f\u043e \u0430\u0434\u0440\u0435\u0441\u0443.\u00a0<a href=\"http:\/\/www.hugo.legal\/\" target=\"_blank\" rel=\"noreferrer noopener\">www.hugo.legal\u00a0<\/a>\u0438\u043b\u0438 \u043f\u043e \u0442\u0435\u043b\u0435\u0444\u043e\u043d\u0443 6 880 400. \u0412\u044b \u043c\u043e\u0436\u0435\u0442\u0435 \u0432\u044b\u0431\u0440\u0430\u0442\u044c \u043e\u0434\u0438\u043d \u0438\u0437 \u0442\u0440\u0435\u0445 \u0432\u0430\u0440\u0438\u0430\u043d\u0442\u043e\u0432 \u043a\u043e\u043d\u0441\u0443\u043b\u044c\u0442\u0430\u0446\u0438\u0438 - \u0432\u0441\u0442\u0440\u0435\u0447\u0430 \u0441 \u044e\u0440\u0438\u0441\u0442\u043e\u043c \u0432 \u043e\u0444\u0438\u0441\u0435, \u043f\u043e \u0432\u0438\u0434\u0435\u043e\u043c\u043e\u0441\u0442\u0443 \u0438\u043b\u0438 \u043f\u043e \u044d\u043b\u0435\u043a\u0442\u0440\u043e\u043d\u043d\u043e\u0439 \u043f\u043e\u0447\u0442\u0435.<\/p>\n\n\n\n<p>\u0417\u0430 \u0447\u0435\u0442\u044b\u0440\u0435 \u0433\u043e\u0434\u0430 45 \u044e\u0440\u0438\u0441\u0442\u043e\u0432 HUGO \u043e\u043a\u0430\u0437\u0430\u043b\u0438 \u043f\u043e\u043c\u043e\u0449\u044c \u0431\u043e\u043b\u0435\u0435 37 000 \u0447\u0435\u043b\u043e\u0432\u0435\u043a \u043f\u043e \u0432\u0441\u0435\u0439 \u042d\u0441\u0442\u043e\u043d\u0438\u0438, \u0438 \u043e\u0441\u043d\u043e\u0432\u043d\u044b\u0435 \u043f\u0440\u043e\u0431\u043b\u0435\u043c\u044b \u043b\u044e\u0434\u0435\u0439 \u0431\u044b\u043b\u0438 \u0441\u0432\u044f\u0437\u0430\u043d\u044b \u0441 \u044d\u0442\u0438\u043c:<\/p>\n\n\n\n<ul class=\"wp-block-list\">\n<li>\u0434\u043e\u043b\u0433\u043e\u0432\u043e\u0435 \u043f\u0440\u0430\u0432\u043e (\u0441\u043f\u043e\u0440\u044b \u0441 \u043a\u0440\u0435\u0434\u0438\u0442\u043e\u0440\u0430\u043c\u0438, \u0431\u0430\u043d\u043a\u0430\u043c\u0438 \u0438 \u0430\u0433\u0435\u043d\u0442\u0441\u0442\u0432\u0430\u043c\u0438 \u043f\u043e \u0432\u0437\u044b\u0441\u043a\u0430\u043d\u0438\u044e \u0434\u043e\u043b\u0433\u043e\u0432).<\/li>\n\n\n\n<li>\u0441\u0435\u043c\u0435\u0439\u043d\u043e\u0435 \u043f\u0440\u0430\u0432\u043e (\u0430\u043b\u0438\u043c\u0435\u043d\u0442\u044b, \u043e\u043f\u0435\u043a\u0430 \u043d\u0430\u0434 \u0434\u0435\u0442\u044c\u043c\u0438 \u0438 \u0432\u043e\u043f\u0440\u043e\u0441\u044b \u0440\u0430\u0437\u0434\u0435\u043b\u0430 \u0438\u043c\u0443\u0449\u0435\u0441\u0442\u0432\u0430).<\/li>\n\n\n\n<li>\u0442\u0440\u0443\u0434\u043e\u0432\u044b\u0435 \u0441\u043f\u043e\u0440\u044b<\/li>\n\n\n\n<li>\u0432\u043e\u043f\u0440\u043e\u0441\u044b \u043f\u0440\u0435\u0435\u043c\u0441\u0442\u0432\u0435\u043d\u043d\u043e\u0441\u0442\u0438<\/li>\n\n\n\n<li>\u0441\u043f\u043e\u0440\u044b \u043c\u0435\u0436\u0434\u0443 \u0441\u043e\u0441\u0435\u0434\u044f\u043c\u0438 \u0438 \u0447\u043b\u0435\u043d\u0430\u043c\u0438 \u0436\u0438\u043b\u0438\u0449\u043d\u043e\u0433\u043e \u0442\u043e\u0432\u0430\u0440\u0438\u0449\u0435\u0441\u0442\u0432\u0430.<\/li>\n\n\n\n<li>\u0432 \u043e\u0442\u043d\u043e\u0448\u0435\u043d\u0438\u044f\u0445 \u0441 \u043c\u0435\u0441\u0442\u043d\u044b\u043c\u0438 \u0432\u043b\u0430\u0441\u0442\u044f\u043c\u0438.<\/li>\n<\/ul>\n\n\n\n<p>\u041a\u043e\u043c\u0430\u043d\u0434\u0430 HUGO \u0442\u0430\u043a\u0436\u0435 \u0441\u043e\u0437\u0434\u0430\u043b\u0430 \u043d\u0435\u0441\u043a\u043e\u043b\u044c\u043a\u043e \u0440\u043e\u0431\u043e\u0442\u043e\u0432-\u044e\u0440\u0438\u0441\u0442\u043e\u0432 \u0434\u043b\u044f \u043f\u043e\u043c\u043e\u0449\u0438 \u043b\u044e\u0434\u044f\u043c, \u043f\u0440\u0438\u0447\u0435\u043c \u0431\u043e\u043b\u044c\u0448\u0438\u043d\u0441\u0442\u0432\u043e \u0438\u0437 \u043d\u0438\u0445 - \u0431\u0435\u0441\u043f\u043b\u0430\u0442\u043d\u043e. \u0420\u043e\u0431\u043e\u0442\u043e\u0432-\u044e\u0440\u0438\u0441\u0442\u043e\u0432 \u043c\u043e\u0436\u043d\u043e \u043d\u0430\u0439\u0442\u0438 \u043d\u0430 \u0441\u0430\u0439\u0442\u0435\u00a0<a href=\"http:\/\/www.hugo.legal\/\" target=\"_blank\" rel=\"noreferrer noopener\">www.hugo.legal<\/a> <span class=\"wp-rich-text-font-awesome-icon wp-font-awesome-icon\"><svg aria-hidden=\"true\" focusable=\"false\" data-prefix=\"fas\" data-icon=\"arrow-up-right-from-square\" class=\"svg-inline--fa fa-arrow-up-right-from-square\" role=\"img\" xmlns=\"http:\/\/www.w3.org\/2000\/svg\" viewbox=\"0 0 512 512\"><path fill=\"currentColor\" d=\"M320 0c-17.7 0-32 14.3-32 32s14.3 32 32 32l82.7 0L201.4 265.4c-12.5 12.5-12.5 32.8 0 45.3s32.8 12.5 45.3 0L448 109.3l0 82.7c0 17.7 14.3 32 32 32s32-14.3 32-32l0-160c0-17.7-14.3-32-32-32L320 0zM80 32C35.8 32 0 67.8 0 112L0 432c0 44.2 35.8 80 80 80l320 0c44.2 0 80-35.8 80-80l0-112c0-17.7-14.3-32-32-32s-32 14.3-32 32l0 112c0 8.8-7.2 16-16 16L80 448c-8.8 0-16-7.2-16-16l0-320c0-8.8 7.2-16 16-16l112 0c17.7 0 32-14.3 32-32s-14.3-32-32-32L80 32z\"><\/path><\/svg><\/span><\/p>\n\n\n\n<p>\u0414\u043b\u044f \u043f\u043e\u043b\u0443\u0447\u0435\u043d\u0438\u044f \u0438\u043d\u0444\u043e\u0440\u043c\u0430\u0446\u0438\u0438 \u0432\u044b \u0432\u0441\u0435\u0433\u0434\u0430 \u043c\u043e\u0436\u0435\u0442\u0435 \u043f\u043e\u0437\u0432\u043e\u043d\u0438\u0442\u044c \u0432 HUGO \u043f\u043e \u0430\u0434\u0440\u0435\u0441\u0443 <span class=\"wp-rich-text-font-awesome-icon wp-font-awesome-icon\"><svg aria-hidden=\"true\" focusable=\"false\" data-prefix=\"fas\" data-icon=\"phone\" class=\"svg-inline--fa fa-phone\" role=\"img\" xmlns=\"http:\/\/www.w3.org\/2000\/svg\" viewbox=\"0 0 512 512\"><path fill=\"currentColor\" d=\"M164.9 24.6c-7.7-18.6-28-28.5-47.4-23.2l-88 24C12.1 30.2 0 46 0 64C0 311.4 200.6 512 448 512c18 0 33.8-12.1 38.6-29.5l24-88c5.3-19.4-4.6-39.7-23.2-47.4l-96-40c-16.3-6.8-35.2-2.1-46.3 11.6L304.7 368C234.3 334.7 177.3 277.7 144 207.3L193.3 167c13.7-11.2 18.4-30 11.6-46.3l-40-96z\"><\/path><\/svg><\/span>6 880 400.<\/p>\n\n\n\n<p><a href=\"https:\/\/hugo.legal\/tasuta-oigusabi\/\" target=\"_blank\" rel=\"noreferrer noopener\">\u0414\u043e\u043f\u043e\u043b\u043d\u0438\u0442\u0435\u043b\u044c\u043d\u0430\u044f \u0438\u043d\u0444\u043e\u0440\u043c\u0430\u0446\u0438\u044f<\/a> <span class=\"wp-rich-text-font-awesome-icon wp-font-awesome-icon\"><svg aria-hidden=\"true\" focusable=\"false\" data-prefix=\"fas\" data-icon=\"arrow-up-right-from-square\" class=\"svg-inline--fa fa-arrow-up-right-from-square\" role=\"img\" xmlns=\"http:\/\/www.w3.org\/2000\/svg\" viewbox=\"0 0 512 512\"><path fill=\"currentColor\" d=\"M320 0c-17.7 0-32 14.3-32 32s14.3 32 32 32l82.7 0L201.4 265.4c-12.5 12.5-12.5 32.8 0 45.3s32.8 12.5 45.3 0L448 109.3l0 82.7c0 17.7 14.3 32 32 32s32-14.3 32-32l0-160c0-17.7-14.3-32-32-32L320 0zM80 32C35.8 32 0 67.8 0 112L0 432c0 44.2 35.8 80 80 80l320 0c44.2 0 80-35.8 80-80l0-112c0-17.7-14.3-32-32-32s-32 14.3-32 32l0 112c0 8.8-7.2 16-16 16L80 448c-8.8 0-16-7.2-16-16l0-320c0-8.8 7.2-16 16-16l112 0c17.7 0 32-14.3 32-32s-14.3-32-32-32L80 32z\"><\/path><\/svg><\/span><\/p>","protected":false},"excerpt":{"rendered":"<p>Tasuta \u00f5igusabi saab veel v\u00e4hemalt kolm aastat 16 n\u00f5ustamiskohas \u00fcle Eesti ning li-saks emaili ja videosilla vahendusel HUGO.legal koost\u00f6\u00f6s Justiitsministeeriumiga on tasuta \u00f5igusabi pakkunud juba 4 aastat ning selle ajaga [&hellip;]<\/p>\n","protected":false},"author":1,"featured_media":0,"parent":5976,"menu_order":2,"comment_status":"closed","ping_status":"closed","template":"","meta":{"_EventAllDay":false,"_EventTimezone":"","_EventStartDate":"","_EventEndDate":"","_EventStartDateUTC":"","_EventEndDateUTC":"","_EventShowMap":false,"_EventShowMapLink":false,"_EventURL":"","_EventCost":"","_EventCostDescription":"","_EventCurrencySymbol":"","_EventCurrencyCode":"","_EventCurrencyPosition":"","_EventDateTimeSeparator":"","_EventTimeRangeSeparator":"","_EventOrganizerID":[],"_EventVenueID":[],"_OrganizerEmail":"","_OrganizerPhone":"","_OrganizerWebsite":"","_VenueAddress":"","_VenueCity":"","_VenueCountry":"","_VenueProvince":"","_VenueState":"","_VenueZip":"","_VenuePhone":"","_VenueURL":"","_VenueStateProvince":"","_VenueLat":"","_VenueLng":"","_VenueShowMap":false,"_VenueShowMapLink":false,"footnotes":""},"class_list":["post-888","page","type-page","status-publish","hentry"],"_links":{"self":[{"href":"https:\/\/kohtla-jarve.ee\/ru\/wp-json\/wp\/v2\/pages\/888","targetHints":{"allow":["GET"]}}],"collection":[{"href":"https:\/\/kohtla-jarve.ee\/ru\/wp-json\/wp\/v2\/pages"}],"about":[{"href":"https:\/\/kohtla-jarve.ee\/ru\/wp-json\/wp\/v2\/types\/page"}],"author":[{"embeddable":true,"href":"https:\/\/kohtla-jarve.ee\/ru\/wp-json\/wp\/v2\/users\/1"}],"replies":[{"embeddable":true,"href":"https:\/\/kohtla-jarve.ee\/ru\/wp-json\/wp\/v2\/comments?post=888"}],"version-history":[{"count":1,"href":"https:\/\/kohtla-jarve.ee\/ru\/wp-json\/wp\/v2\/pages\/888\/revisions"}],"predecessor-version":[{"id":890,"href":"https:\/\/kohtla-jarve.ee\/ru\/wp-json\/wp\/v2\/pages\/888\/revisions\/890"}],"up":[{"embeddable":true,"href":"https:\/\/kohtla-jarve.ee\/ru\/wp-json\/wp\/v2\/pages\/5976"}],"wp:attachment":[{"href":"https:\/\/kohtla-jarve.ee\/ru\/wp-json\/wp\/v2\/media?parent=888"}],"curies":[{"name":"wp","href":"https:\/\/api.w.org\/{rel}","templated":true}]}}