{"id":859,"date":"2025-09-23T15:52:54","date_gmt":"2025-09-23T12:52:54","guid":{"rendered":"https:\/\/kohtla-jarve.ee\/?page_id=859"},"modified":"2025-09-23T15:52:56","modified_gmt":"2025-09-23T12:52:56","slug":"sopruslinnad","status":"publish","type":"page","link":"https:\/\/kohtla-jarve.ee\/ru\/linn-uudised-ja-kontakt\/linna-info\/valissuhted\/sopruslinnad\/","title":{"rendered":"\u041f\u043e\u0431\u0440\u0430\u0442\u0438\u043c\u0441\u0442\u0432\u043e \u0433\u043e\u0440\u043e\u0434\u043e\u0432"},"content":{"rendered":"<div class=\"wp-block-group is-layout-grid wp-container-core-group-is-layout-510ef126 wp-block-group-is-layout-grid\">\n<div class=\"wp-block-group has-border-color has-global-padding is-layout-constrained wp-container-core-group-is-layout-9597dc02 wp-block-group-is-layout-constrained\" style=\"border-color:#5c3b35;border-width:1px;border-radius:3px;padding-top:var(--wp--preset--spacing--10);padding-right:var(--wp--preset--spacing--10);padding-bottom:var(--wp--preset--spacing--10);padding-left:var(--wp--preset--spacing--10);box-shadow:var(--wp--preset--shadow--vaike-vari-1)\">\n<h2 class=\"wp-block-heading\" style=\"padding-top:0;padding-bottom:0\">\u041e\u0443\u0442\u043e\u043a\u0443\u043c\u043f\u0443, \u0424\u0438\u043d\u043b\u044f\u043d\u0434\u0438\u044f<\/h2>\n\n\n\n<p>\u0414\u043e\u0433\u043e\u0432\u043e\u0440 \u043e \u0441\u043e\u0442\u0440\u0443\u0434\u043d\u0438\u0447\u0435\u0441\u0442\u0432\u0435 \u0431\u044b\u043b \u0437\u0430\u043a\u043b\u044e\u0447\u0435\u043d 13 \u0438\u044e\u043d\u044f 1969 \u0433\u043e\u0434\u0430 \u043c\u0435\u0436\u0434\u0443 \u043f\u0440\u0435\u0434\u0441\u0435\u0434\u0430\u0442\u0435\u043b\u0435\u043c \u0438\u0441\u043f\u043e\u043b\u043d\u0438\u0442\u0435\u043b\u044c\u043d\u043e\u0433\u043e \u043a\u043e\u043c\u0438\u0442\u0435\u0442\u0430 \u041a\u043e\u0445\u0442\u043b\u0430-\u042f\u0440\u0432\u0435\u0441\u043a\u043e\u0433\u043e \u0433\u043e\u0440\u043e\u0434\u0441\u043a\u043e\u0433\u043e \u0421\u043e\u0432\u0435\u0442\u0430 \u043d\u0430\u0440\u043e\u0434\u043d\u044b\u0445 \u0434\u0435\u043f\u0443\u0442\u0430\u0442\u043e\u0432 \u0410. \u0426\u044b\u0433\u0430\u043d\u043e\u0432\u043e\u0439 \u0438 \u043c\u044d\u0440\u043e\u043c \u041e\u0443\u0442\u043e\u043a\u0443\u043c\u043f\u0443 \u041f. \u0418\u043f\u043f\u0430\u0442\u0442\u0438.<\/p>\n\n\n\n<div class=\"wp-block-media-text\" style=\"grid-template-columns:30% auto\"><figure class=\"wp-block-media-text__media\"><img loading=\"lazy\" decoding=\"async\" width=\"106\" height=\"120\" src=\"https:\/\/kohtla-jarve.ee\/wp-content\/uploads\/2025\/09\/1.png\" alt=\"\" class=\"wp-image-861 size-full\" srcset=\"https:\/\/kohtla-jarve.ee\/wp-content\/uploads\/2025\/09\/1.png 106w, https:\/\/kohtla-jarve.ee\/wp-content\/uploads\/2025\/09\/1-11x12.png 11w\" sizes=\"auto, (max-width: 106px) 100vw, 106px\" \/><\/figure><div class=\"wp-block-media-text__content\">\n<p>\u041c\u0443\u043d\u0438\u0446\u0438\u043f\u0430\u043b\u0438\u0442\u0435\u0442 \u041e\u0443\u0442\u043e\u043a\u0443\u043c\u043f\u0443<br>\u041f\u043e\u0447\u0442\u043e\u0432\u044b\u0439 \u044f\u0449\u0438\u043a 47<br>FIN-83501 Outokumpu<br>\u0424\u0438\u043d\u043b\u044f\u043d\u0434\u0438\u044f<br><a href=\"http:\/\/www.outokummunkaupunki.fi\/\" target=\"_blank\" rel=\"noreferrer noopener\">www.outokummunkaupunki.fi<\/a><\/p>\n<\/div><\/div>\n<\/div>\n\n\n\n<div class=\"wp-block-group has-border-color has-global-padding is-layout-constrained wp-container-core-group-is-layout-9597dc02 wp-block-group-is-layout-constrained\" style=\"border-color:#5c3b35;border-width:1px;border-radius:3px;padding-top:var(--wp--preset--spacing--10);padding-right:var(--wp--preset--spacing--10);padding-bottom:var(--wp--preset--spacing--10);padding-left:var(--wp--preset--spacing--10);box-shadow:var(--wp--preset--shadow--vaike-vari-1)\">\n<h2 class=\"wp-block-heading\" style=\"padding-top:0;padding-bottom:0\">\u041d\u043e\u0440\u0434\u0435\u0440\u0448\u0442\u0435\u0434\u0442, \u0413\u0435\u0440\u043c\u0430\u043d\u0438\u044f<\/h2>\n\n\n\n<p>\u0414\u043e\u0433\u043e\u0432\u043e\u0440 \u043e \u043f\u0430\u0440\u0442\u043d\u0435\u0440\u0441\u0442\u0432\u0435 \u0438 \u0441\u043e\u0442\u0440\u0443\u0434\u043d\u0438\u0447\u0435\u0441\u0442\u0432\u0435 \u0431\u044b\u043b \u043f\u043e\u0434\u043f\u0438\u0441\u0430\u043d \u0432 1989 \u0433\u043e\u0434\u0443 \u043c\u0435\u0436\u0434\u0443 \u043f\u0440\u0435\u0434\u0441\u0435\u0434\u0430\u0442\u0435\u043b\u0435\u043c \u0438\u0441\u043f\u043e\u043b\u043d\u0438\u0442\u0435\u043b\u044c\u043d\u043e\u0433\u043e \u043a\u043e\u043c\u0438\u0442\u0435\u0442\u0430 \u041a\u043e\u0445\u0442\u043b\u0430-\u042f\u0440\u0432\u0435\u0441\u043a\u043e\u0433\u043e \u0433\u043e\u0440\u043e\u0434\u0441\u043a\u043e\u0433\u043e \u0421\u043e\u0432\u0435\u0442\u0430 \u043d\u0430\u0440\u043e\u0434\u043d\u044b\u0445 \u0434\u0435\u043f\u0443\u0442\u0430\u0442\u043e\u0432 \u0412\u0430\u043b\u0435\u0440\u0438\u0435\u043c \u041b\u043e\u0439\u0434\u0430\u043f\u043e\u043c \u0438 \u0431\u0443\u0440\u0433\u043e\u043c\u0438\u0441\u0442\u0440\u043e\u043c \u041d\u043e\u0440\u0434\u0435\u0440\u0448\u0442\u0435\u0434\u0442\u0430 \u0413\u0435\u0440\u0431\u0435\u0440\u0442\u043e\u043c \u041f\u0430\u0448\u0435\u043d\u043e\u043c, \u0433\u043e\u0440\u043e\u0434\u0441\u043a\u0438\u043c \u0441\u043e\u0432\u0435\u0442\u043d\u0438\u043a\u043e\u043c \u0424\u043e\u043b\u044c\u043a\u0435\u0440\u043e\u043c \u0428\u043c\u0438\u0434\u0442\u043e\u043c \u0438 \u0425\u0430\u0439\u043d\u0446\u0435\u043c \u0411\u0438\u0448\u043e\u0444\u0444\u043e\u043c.<\/p>\n\n\n\n<div class=\"wp-block-media-text\" style=\"grid-template-columns:30% auto\"><figure class=\"wp-block-media-text__media\"><img loading=\"lazy\" decoding=\"async\" width=\"112\" height=\"120\" src=\"https:\/\/kohtla-jarve.ee\/wp-content\/uploads\/2025\/09\/2.png\" alt=\"\" class=\"wp-image-863 size-full\" srcset=\"https:\/\/kohtla-jarve.ee\/wp-content\/uploads\/2025\/09\/2.png 112w, https:\/\/kohtla-jarve.ee\/wp-content\/uploads\/2025\/09\/2-11x12.png 11w\" sizes=\"auto, (max-width: 112px) 100vw, 112px\" \/><\/figure><div class=\"wp-block-media-text__content\">\n<p>\u0413\u043e\u0440\u043e\u0434 \u041d\u043e\u0440\u0434\u0435\u0440\u0448\u0442\u0435\u0434\u0442<br>\u041f\u0440\u043e\u0441\u043f\u0435\u043a\u0442 \u041c\u044d\u0440\u0438\u0438 50<br>22846 \u041d\u043e\u0440\u0434\u0435\u0440\u0448\u0442\u0435\u0434\u0442<br>\u0413\u0435\u0440\u043c\u0430\u043d\u0438\u044f<br><a href=\"http:\/\/www.norderstedt.de\/\" target=\"_blank\" rel=\"noreferrer noopener\">www.norderstedt.de<\/a><\/p>\n<\/div><\/div>\n<\/div>\n\n\n\n<div class=\"wp-block-group has-border-color has-global-padding is-layout-constrained wp-container-core-group-is-layout-9597dc02 wp-block-group-is-layout-constrained\" style=\"border-color:#5c3b35;border-width:1px;border-radius:3px;padding-top:var(--wp--preset--spacing--10);padding-right:var(--wp--preset--spacing--10);padding-bottom:var(--wp--preset--spacing--10);padding-left:var(--wp--preset--spacing--10);box-shadow:var(--wp--preset--shadow--vaike-vari-1)\">\n<h2 class=\"wp-block-heading\" style=\"padding-top:0;padding-bottom:0\">\u041a\u0435\u0434\u0430\u0439\u043d\u044f\u0439\u0441\u043a\u0438\u0439 \u0440\u0430\u0439\u043e\u043d, \u041b\u0438\u0442\u0432\u0430<\/h2>\n\n\n\n<p>\u0414\u043e\u0433\u043e\u0432\u043e\u0440 \u043e \u0441\u043e\u0442\u0440\u0443\u0434\u043d\u0438\u0447\u0435\u0441\u0442\u0432\u0435 \u0438 \u0434\u0440\u0443\u0436\u0431\u0435 \u0431\u044b\u043b \u043f\u043e\u0434\u043f\u0438\u0441\u0430\u043d 14 \u043d\u043e\u044f\u0431\u0440\u044f 1997 \u0433\u043e\u0434\u0430 \u043c\u0435\u0436\u0434\u0443 \u043f\u0440\u0435\u0434\u0441\u0435\u0434\u0430\u0442\u0435\u043b\u0435\u043c \u041a\u043e\u0445\u0442\u043b\u0430-\u042f\u0440\u0432\u0435\u0441\u043a\u043e\u0433\u043e \u0433\u043e\u0440\u043e\u0434\u0441\u043a\u043e\u0433\u043e \u0441\u043e\u0431\u0440\u0430\u043d\u0438\u044f \u0410\u0432\u043e \u0411\u043b\u0430\u043d\u043a\u0438\u043d\u044b\u043c, \u043c\u044d\u0440\u043e\u043c \u041a\u043e\u0445\u0442\u043b\u0430-\u042f\u0440\u0432\u0435 \u0412\u0430\u043b\u0435\u0440\u0438\u0435\u043c \u041a\u043e\u0440\u0431\u043e\u043c \u0438 \u043c\u044d\u0440\u043e\u043c \u041a\u0435\u0434\u0430\u0439\u043d\u044f\u0439 \u0412\u0438\u043a\u0442\u043e\u0440\u0430\u0441\u043e\u043c \u041c\u0443\u043d\u0442\u044f\u043d\u0430\u0441\u043e\u043c, \u0443\u043f\u0440\u0430\u0432\u043b\u044f\u044e\u0449\u0438\u043c \u041a\u0435\u0434\u0430\u0439\u043d\u044f\u0439\u0441\u043a\u0438\u043c \u0441\u0430\u043c\u043e\u0443\u043f\u0440\u0430\u0432\u043b\u0435\u043d\u0438\u0435\u043c \u0420\u0438\u043c\u0430\u043d\u0442\u0430\u0441\u043e\u043c \u0414\u0443\u0431\u043e\u0441\u0430\u0441\u043e\u043c.<\/p>\n\n\n\n<div class=\"wp-block-media-text\" style=\"grid-template-columns:30% auto\"><figure class=\"wp-block-media-text__media\"><img loading=\"lazy\" decoding=\"async\" width=\"101\" height=\"120\" src=\"https:\/\/kohtla-jarve.ee\/wp-content\/uploads\/2025\/09\/3.png\" alt=\"\" class=\"wp-image-865 size-full\" srcset=\"https:\/\/kohtla-jarve.ee\/wp-content\/uploads\/2025\/09\/3.png 101w, https:\/\/kohtla-jarve.ee\/wp-content\/uploads\/2025\/09\/3-10x12.png 10w\" sizes=\"auto, (max-width: 101px) 100vw, 101px\" \/><\/figure><div class=\"wp-block-media-text__content\">\n<p>\u041c\u0443\u043d\u0438\u0446\u0438\u043f\u0430\u043b\u0438\u0442\u0435\u0442 \u0440\u0430\u0439\u043e\u043d\u0430 \u041a\u0435\u0434\u0430\u0439\u043d\u044f\u0439<br>\u00a0J. Basanaviciaus str 36<br>\u00a0LT-56329 \u041a\u0435\u0434\u0430\u0439\u043d\u044f\u0439<br>\u00a0\u041b\u0438\u0442\u0432\u0430<br>\u00a0<a href=\"http:\/\/www.kedainiai.lt\/\" target=\"_blank\" rel=\"noreferrer noopener\">www.kedainiai.lt<\/a><\/p>\n<\/div><\/div>\n<\/div>\n\n\n\n<div class=\"wp-block-group has-border-color has-global-padding is-layout-constrained wp-container-core-group-is-layout-9597dc02 wp-block-group-is-layout-constrained\" style=\"border-color:#5c3b35;border-width:1px;border-radius:3px;padding-top:var(--wp--preset--spacing--10);padding-right:var(--wp--preset--spacing--10);padding-bottom:var(--wp--preset--spacing--10);padding-left:var(--wp--preset--spacing--10);box-shadow:var(--wp--preset--shadow--vaike-vari-1)\">\n<h2 class=\"wp-block-heading\" style=\"padding-top:0;padding-bottom:0\">\u041a\u043e\u0440\u043e\u0441\u0442\u044b\u0448\u0435\u0432, \u0423\u043a\u0440\u0430\u0438\u043d\u0430<\/h2>\n\n\n\n<p>\u0421\u043e\u0433\u043b\u0430\u0448\u0435\u043d\u0438\u0435 \u043e \u0441\u043e\u0442\u0440\u0443\u0434\u043d\u0438\u0447\u0435\u0441\u0442\u0432\u0435 \u0431\u044b\u043b\u043e \u043f\u043e\u0434\u043f\u0438\u0441\u0430\u043d\u043e 17 \u044f\u043d\u0432\u0430\u0440\u044f 2006 \u0433\u043e\u0434\u0430 \u043c\u0435\u0436\u0434\u0443 \u043c\u044d\u0440\u043e\u043c \u0433\u043e\u0440\u043e\u0434\u0430 \u041a\u043e\u0445\u0442\u043b\u0430-\u042f\u0440\u0432\u0435 \u0415\u0432\u0433\u0435\u043d\u0438\u0435\u043c \u0421\u043e\u043b\u043e\u0432\u044c\u0435\u0432\u044b\u043c \u0438 \u043c\u044d\u0440\u043e\u043c \u0433\u043e\u0440\u043e\u0434\u0430 \u041a\u043e\u0440\u043e\u0441\u0442\u044b\u0448\u0435\u0432\u0430 \u041a\u0430\u0437\u043c\u0438\u0440\u0441\u043a\u043e\u0439 \u041b\u0438\u043d\u043e\u0439.<\/p>\n\n\n\n<div class=\"wp-block-media-text\" style=\"grid-template-columns:30% auto\"><figure class=\"wp-block-media-text__media\"><img loading=\"lazy\" decoding=\"async\" width=\"96\" height=\"120\" src=\"https:\/\/kohtla-jarve.ee\/wp-content\/uploads\/2025\/09\/8.png\" alt=\"\" class=\"wp-image-866 size-full\" srcset=\"https:\/\/kohtla-jarve.ee\/wp-content\/uploads\/2025\/09\/8.png 96w, https:\/\/kohtla-jarve.ee\/wp-content\/uploads\/2025\/09\/8-10x12.png 10w\" sizes=\"auto, (max-width: 96px) 100vw, 96px\" \/><\/figure><div class=\"wp-block-media-text__content\">\n<p>\u0426\u0430\u043f\u0430\u0435\u0432\u0430 \u0443\u043b. 1<br>12505 \u041a\u043e\u0440\u043e\u0441\u0442\u044b\u0448\u0435\u0432<br>\u0423\u043a\u0440\u0430\u0438\u043d\u0430<br><a href=\"http:\/\/korostyshiv.osp-ua.info\/\" target=\"_blank\" rel=\"noreferrer noopener\">http:\/\/korostyshiv.osp-ua.info<\/a><\/p>\n<\/div><\/div>\n<\/div>\n\n\n\n<div class=\"wp-block-group has-border-color has-global-padding is-layout-constrained wp-container-core-group-is-layout-9597dc02 wp-block-group-is-layout-constrained\" style=\"border-color:#5c3b35;border-width:1px;border-radius:3px;padding-top:var(--wp--preset--spacing--10);padding-right:var(--wp--preset--spacing--10);padding-bottom:var(--wp--preset--spacing--10);padding-left:var(--wp--preset--spacing--10);box-shadow:var(--wp--preset--shadow--vaike-vari-1)\">\n<h2 class=\"wp-block-heading\" style=\"padding-top:0;padding-bottom:0\">\u0412\u044b\u0448\u043a\u043e\u0432, \u041f\u043e\u043b\u044c\u0448\u0430<\/h2>\n\n\n\n<p>\u0421\u043e\u0433\u043b\u0430\u0448\u0435\u043d\u0438\u0435 \u043e \u0441\u043e\u0442\u0440\u0443\u0434\u043d\u0438\u0447\u0435\u0441\u0442\u0432\u0435 \u0431\u044b\u043b\u043e \u043f\u043e\u0434\u043f\u0438\u0441\u0430\u043d\u043e 6 \u0441\u0435\u043d\u0442\u044f\u0431\u0440\u044f 2006 \u0433\u043e\u0434\u0430 \u043c\u0435\u0436\u0434\u0443 \u043c\u044d\u0440\u043e\u043c \u0433\u043e\u0440\u043e\u0434\u0430 \u041a\u043e\u0445\u0442\u043b\u0430-\u042f\u0440\u0432\u0435 \u0415\u0432\u0433\u0435\u043d\u0438\u0435\u043c \u0421\u043e\u043b\u043e\u0432\u044c\u0435\u0432\u044b\u043c \u0438 \u043c\u044d\u0440\u043e\u043c \u0433\u043e\u0440\u043e\u0434\u0430 \u0412\u044b\u0448\u043a\u043e\u0432\u0430 \u0413\u0436\u0435\u0433\u043e\u0436\u0435\u043c \u041d\u043e\u0432\u043e\u0441\u0435\u043b\u044c\u0441\u043a\u0438\u043c.<\/p>\n\n\n\n<div class=\"wp-block-media-text\" style=\"grid-template-columns:30% auto\"><figure class=\"wp-block-media-text__media\"><img loading=\"lazy\" decoding=\"async\" width=\"103\" height=\"120\" src=\"https:\/\/kohtla-jarve.ee\/wp-content\/uploads\/2025\/09\/9.png\" alt=\"\" class=\"wp-image-867 size-full\" srcset=\"https:\/\/kohtla-jarve.ee\/wp-content\/uploads\/2025\/09\/9.png 103w, https:\/\/kohtla-jarve.ee\/wp-content\/uploads\/2025\/09\/9-10x12.png 10w\" sizes=\"auto, (max-width: 103px) 100vw, 103px\" \/><\/figure><div class=\"wp-block-media-text__content\">\n<p>\u0410\u043b\u0435\u044f \u0420\u043e\u0436 2<br>07-200 \u0412\u044b\u0448\u043a\u043e\u0432<br>\u041f\u043e\u043b\u044c\u0448\u0430<br><a href=\"http:\/\/www.wyszkow.pl\/\" target=\"_blank\" rel=\"noreferrer noopener\">www.wyszkow.pl<\/a><\/p>\n<\/div><\/div>\n<\/div>\n\n\n\n<div class=\"wp-block-group has-border-color has-global-padding is-layout-constrained wp-container-core-group-is-layout-9597dc02 wp-block-group-is-layout-constrained\" style=\"border-color:#5c3b35;border-width:1px;border-radius:3px;padding-top:var(--wp--preset--spacing--10);padding-right:var(--wp--preset--spacing--10);padding-bottom:var(--wp--preset--spacing--10);padding-left:var(--wp--preset--spacing--10);box-shadow:var(--wp--preset--shadow--vaike-vari-1)\">\n<h2 class=\"wp-block-heading\" style=\"padding-top:0;padding-bottom:0\">\u0421\u0442\u0430\u0444\u0444\u0430\u043d\u0441\u0442\u043e\u0440\u043f, \u0428\u0432\u0435\u0446\u0438\u044f<\/h2>\n\n\n\n<p>\u0421\u043e\u0433\u043b\u0430\u0448\u0435\u043d\u0438\u0435 \u043e \u0441\u043e\u0442\u0440\u0443\u0434\u043d\u0438\u0447\u0435\u0441\u0442\u0432\u0435 \u0431\u044b\u043b\u043e \u043f\u043e\u0434\u043f\u0438\u0441\u0430\u043d\u043e 17 \u044f\u043d\u0432\u0430\u0440\u044f 2009 \u0433\u043e\u0434\u0430 \u043c\u0435\u0436\u0434\u0443 \u043c\u044d\u0440\u043e\u043c \u041a\u043e\u0445\u0442\u043b\u0430-\u042f\u0440\u0432\u0435 \u0415\u0432\u0433\u0435\u043d\u0438\u0435\u043c \u0421\u043e\u043b\u043e\u0432\u044c\u0435\u0432\u044b\u043c, \u043c\u044d\u0440\u043e\u043c \u0421\u0442\u0430\u0444\u0444\u0430\u043d\u0441\u0442\u043e\u0440\u043f\u0430 \u041c\u0438\u0445\u0430\u044d\u043b\u0435\u043c \u0421\u0430\u043d\u0434\u0438\u043d\u043e\u043c \u0438 \u0433\u043b\u0430\u0432\u043e\u0439 \u0430\u0434\u043c\u0438\u043d\u0438\u0441\u0442\u0440\u0430\u0446\u0438\u0438 \u0421\u0442\u0430\u0444\u0444\u0430\u043d\u0441\u0442\u043e\u0440\u043f\u0430 \u0418\u043d\u0433\u0430\u043b\u0438\u043b\u043e\u043c \u0425\u0435\u043b\u043b\u0431\u0435\u0440\u0433\u043e\u043c.<\/p>\n\n\n\n<div class=\"wp-block-media-text\" style=\"grid-template-columns:30% auto\"><figure class=\"wp-block-media-text__media\"><img loading=\"lazy\" decoding=\"async\" width=\"99\" height=\"120\" src=\"https:\/\/kohtla-jarve.ee\/wp-content\/uploads\/2025\/09\/11.png\" alt=\"\" class=\"wp-image-869 size-full\" srcset=\"https:\/\/kohtla-jarve.ee\/wp-content\/uploads\/2025\/09\/11.png 99w, https:\/\/kohtla-jarve.ee\/wp-content\/uploads\/2025\/09\/11-10x12.png 10w\" sizes=\"auto, (max-width: 99px) 100vw, 99px\" \/><\/figure><div class=\"wp-block-media-text__content\">\n<p>\u041c\u0443\u043d\u0438\u0446\u0438\u043f\u0430\u043b\u0438\u0442\u0435\u0442 \u0421\u0442\u0430\u0444\u0444\u0430\u043d\u0441\u0442\u043e\u0440\u043f<br>S - 245 80 \u0421\u0442\u0430\u0444\u0444\u0430\u043d\u0441\u0442\u043e\u0440\u043f<br>\u0428\u0432\u0435\u0446\u0438\u044f<br><a href=\"http:\/\/www.staffanstorp.se\/\" target=\"_blank\" rel=\"noreferrer noopener\">www.staffanstorp.se<\/a><\/p>\n<\/div><\/div>\n<\/div>\n<\/div>","protected":false},"excerpt":{"rendered":"<p>Outokumpu, Soome Koost\u00f6\u00f6kokkulepe on s\u00f5lmitud 13. juunil 1969. aastal\u00a0 Kohtla-J\u00e4rve Linna Rahvasaadikute N\u00f5ukogu T\u00e4itevkomitee esimehe A. Ts\u00f5ganova ja Outokumpu linnapea P. Ippatti vahel. Outokumpu MunicipalityP.O. Box 47FIN-83501 OutokumpuFinlandwww.outokummunkaupunki.fi Norderstedt, Saksamaa [&hellip;]<\/p>\n","protected":false},"author":1,"featured_media":0,"parent":855,"menu_order":0,"comment_status":"closed","ping_status":"closed","template":"","meta":{"_EventAllDay":false,"_EventTimezone":"","_EventStartDate":"","_EventEndDate":"","_EventStartDateUTC":"","_EventEndDateUTC":"","_EventShowMap":false,"_EventShowMapLink":false,"_EventURL":"","_EventCost":"","_EventCostDescription":"","_EventCurrencySymbol":"","_EventCurrencyCode":"","_EventCurrencyPosition":"","_EventDateTimeSeparator":"","_EventTimeRangeSeparator":"","_EventOrganizerID":[],"_EventVenueID":[],"_OrganizerEmail":"","_OrganizerPhone":"","_OrganizerWebsite":"","_VenueAddress":"","_VenueCity":"","_VenueCountry":"","_VenueProvince":"","_VenueState":"","_VenueZip":"","_VenuePhone":"","_VenueURL":"","_VenueStateProvince":"","_VenueLat":"","_VenueLng":"","_VenueShowMap":false,"_VenueShowMapLink":false,"footnotes":""},"class_list":["post-859","page","type-page","status-publish","hentry"],"_links":{"self":[{"href":"https:\/\/kohtla-jarve.ee\/ru\/wp-json\/wp\/v2\/pages\/859","targetHints":{"allow":["GET"]}}],"collection":[{"href":"https:\/\/kohtla-jarve.ee\/ru\/wp-json\/wp\/v2\/pages"}],"about":[{"href":"https:\/\/kohtla-jarve.ee\/ru\/wp-json\/wp\/v2\/types\/page"}],"author":[{"embeddable":true,"href":"https:\/\/kohtla-jarve.ee\/ru\/wp-json\/wp\/v2\/users\/1"}],"replies":[{"embeddable":true,"href":"https:\/\/kohtla-jarve.ee\/ru\/wp-json\/wp\/v2\/comments?post=859"}],"version-history":[{"count":1,"href":"https:\/\/kohtla-jarve.ee\/ru\/wp-json\/wp\/v2\/pages\/859\/revisions"}],"predecessor-version":[{"id":871,"href":"https:\/\/kohtla-jarve.ee\/ru\/wp-json\/wp\/v2\/pages\/859\/revisions\/871"}],"up":[{"embeddable":true,"href":"https:\/\/kohtla-jarve.ee\/ru\/wp-json\/wp\/v2\/pages\/855"}],"wp:attachment":[{"href":"https:\/\/kohtla-jarve.ee\/ru\/wp-json\/wp\/v2\/media?parent=859"}],"curies":[{"name":"wp","href":"https:\/\/api.w.org\/{rel}","templated":true}]}}