{"id":855,"date":"2025-09-23T15:34:34","date_gmt":"2025-09-23T12:34:34","guid":{"rendered":"https:\/\/kohtla-jarve.ee\/?page_id=855"},"modified":"2025-09-23T15:35:12","modified_gmt":"2025-09-23T12:35:12","slug":"valissuhted","status":"publish","type":"page","link":"https:\/\/kohtla-jarve.ee\/ru\/linn-uudised-ja-kontakt\/linna-info\/valissuhted\/","title":{"rendered":"\u0412\u043d\u0435\u0448\u043d\u0438\u0435 \u0441\u0432\u044f\u0437\u0438"},"content":{"rendered":"<div class=\"wp-block-columns reverse-mobile is-layout-flex wp-container-core-columns-is-layout-658170e2 wp-block-columns-is-layout-flex\">\n<div class=\"wp-block-column is-layout-flow wp-block-column-is-layout-flow\" style=\"flex-basis:60%\">\n<p>\u0412 \u043d\u0430\u0448\u0435 \u0432\u0440\u0435\u043c\u044f \u043e\u0447\u0435\u043d\u044c \u0432\u0430\u0436\u043d\u044b \u0434\u0440\u0443\u0436\u0435\u0441\u043a\u0438\u0435 \u0441\u0432\u044f\u0437\u0438 \u043d\u0435 \u0442\u043e\u043b\u044c\u043a\u043e \u043c\u0435\u0436\u0434\u0443 \u043b\u044e\u0434\u044c\u043c\u0438, \u043d\u043e \u0438 \u043c\u0435\u0436\u0434\u0443 \u0433\u043e\u0440\u043e\u0434\u0430\u043c\u0438. \u0422\u0430\u043a\u0438\u0435 \u0441\u0432\u044f\u0437\u0438 \u0441\u043e\u0437\u0434\u0430\u044e\u0442 \u043d\u043e\u0432\u044b\u0435 \u0432\u043e\u0437\u043c\u043e\u0436\u043d\u043e\u0441\u0442\u0438 \u0434\u043b\u044f \u0440\u0430\u0437\u0432\u0438\u0442\u0438\u044f \u0432 \u0441\u0430\u043c\u044b\u0445 \u0440\u0430\u0437\u043d\u044b\u0445 \u043e\u0431\u043b\u0430\u0441\u0442\u044f\u0445: \u044d\u043a\u043e\u043d\u043e\u043c\u0438\u0447\u0435\u0441\u043a\u043e\u0439, \u043a\u0443\u043b\u044c\u0442\u0443\u0440\u043d\u043e\u0439, \u043e\u0431\u0440\u0430\u0437\u043e\u0432\u0430\u0442\u0435\u043b\u044c\u043d\u043e\u0439 \u0438 \u0442. \u0434.<\/p>\n\n\n\n<p>\u041a\u043e\u0445\u0442\u043b\u0430-\u042f\u0440\u0432\u0435 \u0438\u043c\u0435\u0435\u0442 \u0441\u0432\u044f\u0437\u0438 \u0441 \u043d\u0435\u0441\u043a\u043e\u043b\u044c\u043a\u0438\u043c\u0438 \u043c\u0443\u043d\u0438\u0446\u0438\u043f\u0430\u043b\u0438\u0442\u0435\u0442\u0430\u043c\u0438 \u0437\u0430 \u0440\u0443\u0431\u0435\u0436\u043e\u043c. \u041d\u0430\u0448\u0438\u043c\u0438 \u0433\u043e\u0440\u043e\u0434\u0430\u043c\u0438-\u043f\u043e\u0431\u0440\u0430\u0442\u0438\u043c\u0430\u043c\u0438 \u044f\u0432\u043b\u044f\u044e\u0442\u0441\u044f \u041e\u0443\u0442\u043e\u043a\u0443\u043c\u043f\u0443 (\u0424\u0438\u043d\u043b\u044f\u043d\u0434\u0438\u044f), \u041d\u043e\u0440\u0434\u0435\u0440\u0448\u0442\u0435\u0434\u0442 (\u0413\u0435\u0440\u043c\u0430\u043d\u0438\u044f), \u041a\u0435\u0434\u0430\u0439\u043d\u0430\u0439 (\u041b\u0438\u0442\u0432\u0430), \u041a\u043e\u0440\u043e\u0441\u0442\u044b\u0448\u0435\u0432 (\u0423\u043a\u0440\u0430\u0438\u043d\u0430), \u0412\u044b\u0448\u043a\u043e\u0432 (\u041f\u043e\u043b\u044c\u0448\u0430) \u0438 \u0421\u0442\u0430\u0444\u0444\u0430\u043d\u0441\u0442\u043e\u0440\u043f (\u0428\u0432\u0435\u0446\u0438\u044f). \u041a\u0440\u043e\u043c\u0435 \u0442\u043e\u0433\u043e, \u041a\u043e\u0445\u0442\u043b\u0430-\u042f\u0440\u0432\u0435 \u0441\u043e\u0442\u0440\u0443\u0434\u043d\u0438\u0447\u0430\u0435\u0442 \u0441 \u0440\u044f\u0434\u043e\u043c \u0435\u0432\u0440\u043e\u043f\u0435\u0439\u0441\u043a\u0438\u0445 \u0433\u043e\u0440\u043e\u0434\u043e\u0432, \u0442\u0430\u043a\u0438\u0445 \u043a\u0430\u043a \u041b\u044e\u0441\u0434\u0430\u043b\u044c, \u0423\u043b\u044c\u0440\u0438\u0441\u0435\u0445\u0430\u043c\u043d, \u0423\u043c\u0435\u043e (\u0428\u0432\u0435\u0446\u0438\u044f), \u041b\u0435\u043c\u043f\u044f\u043b\u044f\u044f, \u0422\u0443\u0440\u043a\u0443 \u0438 \u041a\u043e\u0442\u043a\u0430 (\u0424\u0438\u043d\u043b\u044f\u043d\u0434\u0438\u044f), \u0420\u0438\u0433\u0430 \u0438 \u0414\u0430\u0443\u0433\u0430\u0432\u043f\u0438\u043b\u0441 (\u041b\u0430\u0442\u0432\u0438\u044f) \u0438 \u0434\u0440\u0443\u0433\u0438\u0435.&nbsp;<\/p>\n\n\n\n<p>\u0417\u0430 \u043f\u043e\u0441\u043b\u0435\u0434\u043d\u0438\u0435 \u0433\u043e\u0434\u044b \u041a\u043e\u0445\u0442\u043b\u0430-\u042f\u0440\u0432\u0435 \u0432 \u0441\u043e\u0442\u0440\u0443\u0434\u043d\u0438\u0447\u0435\u0441\u0442\u0432\u0435 \u0441\u043e \u0441\u0432\u043e\u0438\u043c\u0438 \u043f\u0430\u0440\u0442\u043d\u0435\u0440\u0430\u043c\u0438 \u0440\u0435\u0430\u043b\u0438\u0437\u043e\u0432\u0430\u043b\u0430 \u043d\u0435\u0441\u043a\u043e\u043b\u044c\u043a\u043e \u043c\u0435\u0436\u0434\u0443\u043d\u0430\u0440\u043e\u0434\u043d\u044b\u0445 \u043f\u0440\u043e\u0435\u043a\u0442\u043e\u0432, \u043f\u043e\u043b\u0443\u0447\u0438\u0432\u0448\u0438\u0445 \u043f\u043e\u0434\u0434\u0435\u0440\u0436\u043a\u0443 \u0435\u0432\u0440\u043e\u043f\u0435\u0439\u0441\u043a\u0438\u0445 \u0444\u043e\u043d\u0434\u043e\u0432.<\/p>\n<\/div>\n\n\n\n<div class=\"wp-block-column is-layout-flow wp-block-column-is-layout-flow\">\n<div class=\"wp-block-group has-global-padding is-layout-constrained wp-container-core-group-is-layout-19e250f3 wp-block-group-is-layout-constrained\"><a href=\"\/ru\/sopruslinnad\/\"    class=\"kiirlink wp-block-tiptip-hyperlink-group-block\" >\n<div class=\"wp-block-group kiirlink has-contrast-color has-accent-5-background-color has-text-color has-background has-link-color wp-elements-7c61daf90304f95c6e589b5dd066e855 wp-container-content-9cfa9a5a has-global-padding is-layout-constrained wp-container-core-group-is-layout-7dbde58c wp-block-group-is-layout-constrained\" style=\"border-radius:0px;border-top-color:var(--wp--preset--color--contrast);border-top-width:1px;border-bottom-style:none;border-bottom-width:0px;padding-top:1rem;padding-right:var(--wp--preset--spacing--10);padding-bottom:1rem;padding-left:var(--wp--preset--spacing--10)\">\n<div class=\"wp-block-group is-content-justification-space-between is-nowrap is-layout-flex wp-container-core-group-is-layout-2b43bde3 wp-block-group-is-layout-flex\" style=\"padding-top:0;padding-bottom:0\">\n<p class=\"wp-container-content-9cfa9a5a\"><strong>\u041f\u043e\u0431\u0440\u0430\u0442\u0438\u043c\u0441\u0442\u0432\u043e \u0433\u043e\u0440\u043e\u0434\u043e\u0432<\/strong><\/p>\n\n\n\n<p>&gt;<\/p>\n<\/div>\n<\/div>\n<\/a>\n\n<a href=\"\/ru\/rahvusvahelised-projektid\/\"    class=\"kiirlink wp-block-tiptip-hyperlink-group-block\" >\n<div class=\"wp-block-group kiirlink has-contrast-color has-accent-5-background-color has-text-color has-background has-link-color wp-elements-7c61daf90304f95c6e589b5dd066e855 wp-container-content-9cfa9a5a has-global-padding is-layout-constrained wp-container-core-group-is-layout-7dbde58c wp-block-group-is-layout-constrained\" style=\"border-radius:0px;border-top-color:var(--wp--preset--color--contrast);border-top-width:1px;border-bottom-style:none;border-bottom-width:0px;padding-top:1rem;padding-right:var(--wp--preset--spacing--10);padding-bottom:1rem;padding-left:var(--wp--preset--spacing--10)\">\n<div class=\"wp-block-group is-content-justification-space-between is-nowrap is-layout-flex wp-container-core-group-is-layout-2b43bde3 wp-block-group-is-layout-flex\" style=\"padding-top:0;padding-bottom:0\">\n<p class=\"wp-container-content-9cfa9a5a\"><strong>\u041c\u0435\u0436\u0434\u0443\u043d\u0430\u0440\u043e\u0434\u043d\u044b\u0435 \u043f\u0440\u043e\u0435\u043a\u0442\u044b<\/strong><\/p>\n\n\n\n<p>&gt;<\/p>\n<\/div>\n<\/div>\n<\/a><\/div>\n<\/div>\n<\/div>","protected":false},"excerpt":{"rendered":"<p>T\u00e4nap\u00e4eval on suur t\u00e4htsus mitte ainult inimeste, vaid ka linnadevahelistel s\u00f5prussuhetel. Sellised sidemed loovad uusi v\u00f5imalusi arenguks v\u00e4ga erinevates valdkondades: majanduses, kultuuris, hariduses jne. Kohtla-J\u00e4rvel on sidemed mitmete omavalitsustega v\u00e4lismaal. [&hellip;]<\/p>\n","protected":false},"author":1,"featured_media":0,"parent":475,"menu_order":4,"comment_status":"closed","ping_status":"closed","template":"page-wide","meta":{"_EventAllDay":false,"_EventTimezone":"","_EventStartDate":"","_EventEndDate":"","_EventStartDateUTC":"","_EventEndDateUTC":"","_EventShowMap":false,"_EventShowMapLink":false,"_EventURL":"","_EventCost":"","_EventCostDescription":"","_EventCurrencySymbol":"","_EventCurrencyCode":"","_EventCurrencyPosition":"","_EventDateTimeSeparator":"","_EventTimeRangeSeparator":"","_EventOrganizerID":[],"_EventVenueID":[],"_OrganizerEmail":"","_OrganizerPhone":"","_OrganizerWebsite":"","_VenueAddress":"","_VenueCity":"","_VenueCountry":"","_VenueProvince":"","_VenueState":"","_VenueZip":"","_VenuePhone":"","_VenueURL":"","_VenueStateProvince":"","_VenueLat":"","_VenueLng":"","_VenueShowMap":false,"_VenueShowMapLink":false,"footnotes":""},"class_list":["post-855","page","type-page","status-publish","hentry"],"_links":{"self":[{"href":"https:\/\/kohtla-jarve.ee\/ru\/wp-json\/wp\/v2\/pages\/855","targetHints":{"allow":["GET"]}}],"collection":[{"href":"https:\/\/kohtla-jarve.ee\/ru\/wp-json\/wp\/v2\/pages"}],"about":[{"href":"https:\/\/kohtla-jarve.ee\/ru\/wp-json\/wp\/v2\/types\/page"}],"author":[{"embeddable":true,"href":"https:\/\/kohtla-jarve.ee\/ru\/wp-json\/wp\/v2\/users\/1"}],"replies":[{"embeddable":true,"href":"https:\/\/kohtla-jarve.ee\/ru\/wp-json\/wp\/v2\/comments?post=855"}],"version-history":[{"count":2,"href":"https:\/\/kohtla-jarve.ee\/ru\/wp-json\/wp\/v2\/pages\/855\/revisions"}],"predecessor-version":[{"id":858,"href":"https:\/\/kohtla-jarve.ee\/ru\/wp-json\/wp\/v2\/pages\/855\/revisions\/858"}],"up":[{"embeddable":true,"href":"https:\/\/kohtla-jarve.ee\/ru\/wp-json\/wp\/v2\/pages\/475"}],"wp:attachment":[{"href":"https:\/\/kohtla-jarve.ee\/ru\/wp-json\/wp\/v2\/media?parent=855"}],"curies":[{"name":"wp","href":"https:\/\/api.w.org\/{rel}","templated":true}]}}