{"id":8036,"date":"2026-04-28T14:17:20","date_gmt":"2026-04-28T11:17:20","guid":{"rendered":"https:\/\/kohtla-jarve.ee\/?page_id=8036"},"modified":"2026-04-28T14:17:22","modified_gmt":"2026-04-28T11:17:22","slug":"vesta-pilootprojekt","status":"publish","type":"page","link":"https:\/\/kohtla-jarve.ee\/ru\/vesta-pilootprojekt\/","title":{"rendered":"\u041f\u0438\u043b\u043e\u0442\u043d\u044b\u0439 \u043f\u0440\u043e\u0435\u043a\u0442 VESTA"},"content":{"rendered":"<figure class=\"wp-block-image size-full is-resized\"><img loading=\"lazy\" decoding=\"async\" width=\"430\" height=\"290\" src=\"https:\/\/kohtla-jarve.ee\/wp-content\/uploads\/2026\/04\/0d5869e9-4a01-48bc-80a8-c24ecf6da925.png\" alt=\"\" class=\"wp-image-8037\" style=\"width:325px;height:auto\" srcset=\"https:\/\/kohtla-jarve.ee\/wp-content\/uploads\/2026\/04\/0d5869e9-4a01-48bc-80a8-c24ecf6da925.png 430w, https:\/\/kohtla-jarve.ee\/wp-content\/uploads\/2026\/04\/0d5869e9-4a01-48bc-80a8-c24ecf6da925-300x202.png 300w, https:\/\/kohtla-jarve.ee\/wp-content\/uploads\/2026\/04\/0d5869e9-4a01-48bc-80a8-c24ecf6da925-18x12.png 18w\" sizes=\"auto, (max-width: 430px) 100vw, 430px\" \/><\/figure>\n\n\n\n<p><strong>\u041f\u0438\u043b\u043e\u0442\u043d\u044b\u0439 \u043f\u0440\u043e\u0435\u043a\u0442 VESTA<\/strong><\/p>\n\n\n\n<p><strong>&nbsp;&nbsp;&nbsp;&nbsp;&nbsp;&nbsp;&nbsp;&nbsp;&nbsp;&nbsp;&nbsp;&nbsp;&nbsp;&nbsp; \u2192<\/strong><a href=\"https:\/\/vesta.ivol.ee\/\"><strong>&nbsp;&nbsp;&nbsp;&nbsp;&nbsp;&nbsp;&nbsp;&nbsp;&nbsp;&nbsp; <\/strong><strong>&nbsp;vesta.ivol.ee<\/strong><\/a><strong>&nbsp;&nbsp;&nbsp;&nbsp;&nbsp;&nbsp;&nbsp; \u2190<\/strong><\/p>\n\n\n\n<p><strong>\u0414\u043b\u044f \u043a\u043e\u0433\u043e \u043f\u0440\u0435\u0434\u043d\u0430\u0437\u043d\u0430\u0447\u0435\u043d\u0430 \u044d\u0442\u0430 \u0443\u0441\u043b\u0443\u0433\u0430?<\/strong><\/p>\n\n\n\n<p>\u0426\u0435\u043b\u0435\u0432\u0430\u044f \u0430\u0443\u0434\u0438\u0442\u043e\u0440\u0438\u044f VESTA - \u044d\u0442\u043e&nbsp;<strong>\u0416\u0438\u0442\u0435\u043b\u0438 \u0418\u0434\u0430-\u0412\u0438\u0440\u0443\u043c\u0430\u0430, \u0441\u0442\u0440\u0430\u0434\u0430\u044e\u0449\u0438\u0435 \u0445\u0440\u043e\u043d\u0438\u0447\u0435\u0441\u043a\u0438\u043c\u0438 \u0437\u0430\u0431\u043e\u043b\u0435\u0432\u0430\u043d\u0438\u044f\u043c\u0438 \u0438 \u043d\u0443\u0436\u0434\u0430\u044e\u0449\u0438\u0435\u0441\u044f \u0432 \u0441\u043e\u0446\u0438\u0430\u043b\u044c\u043d\u043e\u0439 \u043f\u043e\u0434\u0434\u0435\u0440\u0436\u043a\u0435.<\/strong><\/p>\n\n\n\n<p><strong>\u0426\u0435\u043b\u0438 VESTA<\/strong><\/p>\n\n\n\n<ul class=\"wp-block-list\">\n<li>\u00a0\u041f\u043e\u043c\u043e\u0449\u044c \u043b\u044e\u0434\u044f\u043c \u0432 \u043f\u0440\u0435\u043e\u0434\u043e\u043b\u0435\u043d\u0438\u0438 \u0445\u0440\u043e\u043d\u0438\u0447\u0435\u0441\u043a\u0438\u0445 \u0437\u0430\u0431\u043e\u043b\u0435\u0432\u0430\u043d\u0438\u0439<\/li>\n\n\n\n<li>\u0421\u0434\u0435\u043b\u0430\u0442\u044c \u0443\u0441\u043b\u0443\u0433\u0438 \u0431\u043e\u043b\u0435\u0435 \u043e\u0440\u0438\u0435\u043d\u0442\u0438\u0440\u043e\u0432\u0430\u043d\u043d\u044b\u043c\u0438 \u043d\u0430 \u043f\u0430\u0446\u0438\u0435\u043d\u0442\u0430<\/li>\n<\/ul>\n\n\n\n<p><strong>\u0414\u0435\u0439\u0441\u0442\u0432\u0443\u0439\u0442\u0435 \u0432 \u0441\u043e\u0442\u0440\u0443\u0434\u043d\u0438\u0447\u0435\u0441\u0442\u0432\u0435 \u0438 \u043e\u0431\u0440\u0430\u0449\u0430\u0439\u0442\u0435\u0441\u044c \u0432 \u0441\u0435\u0440\u0432\u0438\u0441:<\/strong><\/p>\n\n\n\n<ul class=\"wp-block-list\">\n<li>\u0421\u0435\u043c\u0435\u0439\u043d\u044b\u0435 \u0432\u0440\u0430\u0447\u0438 \u0438 \u043c\u0435\u0434\u0441\u0435\u0441\u0442\u0440\u044b<\/li>\n\n\n\n<li>\u0421\u043f\u0435\u0446\u0438\u0430\u043b\u0438\u0441\u0442\u044b<\/li>\n\n\n\n<li>\u041c\u0435\u0441\u0442\u043d\u043e\u0435 \u0441\u0430\u043c\u043e\u0443\u043f\u0440\u0430\u0432\u043b\u0435\u043d\u0438\u0435<\/li>\n\n\n\n<li>\u0427\u043b\u0435\u043d\u044b \u043e\u0431\u0449\u0438\u043d\u044b \u0438 \u0441\u0435\u043c\u044c\u0438<\/li>\n<\/ul>\n\n\n\n<p><strong>\u0423\u0441\u043b\u0443\u0433\u043e\u0439 VESTA \u0443\u043f\u0440\u0430\u0432\u043b\u044f\u0435\u0442 \u043c\u0435\u043d\u0435\u0434\u0436\u0435\u0440 \u043f\u043e \u0437\u0434\u0440\u0430\u0432\u043e\u043e\u0445\u0440\u0430\u043d\u0435\u043d\u0438\u044e<\/strong>&nbsp;- \u0441\u043f\u0435\u0446\u0438\u0430\u043b\u0438\u0441\u0442 \u0441 \u0441\u043e\u043e\u0442\u0432\u0435\u0442\u0441\u0442\u0432\u0443\u044e\u0449\u0438\u043c \u043e\u0431\u0440\u0430\u0437\u043e\u0432\u0430\u043d\u0438\u0435\u043c \u0438 \u043a\u043e\u043c\u043f\u0435\u0442\u0435\u043d\u0446\u0438\u0435\u0439 \u0434\u043b\u044f \u043f\u043e\u0434\u0434\u0435\u0440\u0436\u043a\u0438 \u0447\u0435\u043b\u043e\u0432\u0435\u043a\u0430 \u0438 \u043a\u043e\u043e\u0440\u0434\u0438\u043d\u0430\u0446\u0438\u0438 \u043f\u043e\u043c\u043e\u0449\u0438, \u043e\u0441\u043d\u043e\u0432\u0430\u043d\u043d\u043e\u0439 \u043d\u0430 \u0435\u0433\u043e \u043f\u043e\u0442\u0440\u0435\u0431\u043d\u043e\u0441\u0442\u044f\u0445.&nbsp;<\/p>\n\n\n\n<p>\u0412\u043c\u0435\u0441\u0442\u0435 \u0441 \u043c\u0435\u043d\u0435\u0434\u0436\u0435\u0440\u043e\u043c \u043f\u043e \u0437\u0434\u043e\u0440\u043e\u0432\u044c\u044e \u0432\u044b \u0441\u043c\u043e\u0436\u0435\u0442\u0435 \u043e\u0441\u043e\u0437\u043d\u0430\u043d\u043d\u043e \u0443\u043f\u0440\u0430\u0432\u043b\u044f\u0442\u044c \u0441\u0432\u043e\u0438\u043c \u0437\u0434\u043e\u0440\u043e\u0432\u044c\u0435\u043c \u0438 \u043e\u0431\u0435\u0441\u043f\u0435\u0447\u0438\u0432\u0430\u0442\u044c \u043b\u0443\u0447\u0448\u0435\u0435 \u043a\u0430\u0447\u0435\u0441\u0442\u0432\u043e \u0436\u0438\u0437\u043d\u0438.<\/p>\n\n\n\n<p><strong>VESTA - \u043c\u0435\u0436\u0441\u0435\u043a\u0442\u043e\u0440\u0430\u043b\u044c\u043d\u0430\u044f \u043f\u043e\u0434\u0434\u0435\u0440\u0436\u043a\u0430 \u0438 \u043f\u043e\u043c\u043e\u0449\u044c \u0432 \u043e\u0431\u043b\u0430\u0441\u0442\u0438 \u0441\u043e\u0446\u0438\u0430\u043b\u044c\u043d\u044b\u0445 \u0438 \u043c\u0435\u0434\u0438\u0446\u0438\u043d\u0441\u043a\u0438\u0445 \u0443\u0441\u043b\u0443\u0433<\/strong>&nbsp;- \u0431\u044b\u043b\u0430 \u0441\u043e\u0437\u0434\u0430\u043d\u0430 \u0434\u043b\u044f \u043e\u0431\u0435\u0441\u043f\u0435\u0447\u0435\u043d\u0438\u044f \u043d\u0435\u043f\u0440\u0435\u0440\u044b\u0432\u043d\u043e\u0433\u043e \u0443\u0445\u043e\u0434\u0430 \u0438 \u043d\u0430\u0438\u043b\u0443\u0447\u0448\u0435\u0439 \u0441\u043e\u0446\u0438\u0430\u043b\u044c\u043d\u043e\u0439 \u043f\u043e\u0434\u0434\u0435\u0440\u0436\u043a\u0438 \u0436\u0438\u0442\u0435\u043b\u0435\u0439 \u0418\u0434\u0430-\u0412\u0438\u0440\u0443\u043c\u0430\u0430. \u042d\u0442\u043e&nbsp;<strong>\u0421\u043e\u044e\u0437 \u043c\u0435\u0441\u0442\u043d\u044b\u0445 \u0441\u0430\u043c\u043e\u0443\u043f\u0440\u0430\u0432\u043b\u0435\u043d\u0438\u0439 \u0418\u0434\u0430-\u0412\u0438\u0440\u0443\u043c\u0430\u0430<\/strong>&nbsp;\u0438&nbsp;<strong>\u041c\u0438\u043d\u0438\u0441\u0442\u0435\u0440\u0441\u0442\u0432\u043e \u0441\u043e\u0446\u0438\u0430\u043b\u044c\u043d\u044b\u0445 \u0434\u0435\u043b<\/strong>&nbsp;\u043f\u0438\u043b\u043e\u0442\u043d\u044b\u0439 \u043f\u0440\u043e\u0435\u043a\u0442, \u0444\u0438\u043d\u0430\u043d\u0441\u0438\u0440\u0443\u0435\u043c\u044b\u0439&nbsp;<strong>\u0418\u0437 \u0444\u043e\u043d\u0434\u0430 \"\u0421\u043f\u0440\u0430\u0432\u0435\u0434\u043b\u0438\u0432\u044b\u0439 \u043f\u0435\u0440\u0435\u0445\u043e\u0434<\/strong>. &nbsp;<\/p>\n\n\n\n<p><strong>PARTNERID:<\/strong><\/p>\n\n\n\n<ol style=\"list-style-type:upper-roman\" class=\"wp-block-list\">\n<li>\u0426\u0435\u043d\u0442\u0440\u0430\u043b\u044c\u043d\u0430\u044f \u0431\u043e\u043b\u044c\u043d\u0438\u0446\u0430 \u0418\u0434\u0430-\u0412\u0438\u0440\u0443<\/li>\n\n\n\n<li>\u00a0\u041e\u0437\u0434\u043e\u0440\u043e\u0432\u0438\u0442\u0435\u043b\u044c\u043d\u044b\u0439 \u0446\u0435\u043d\u0442\u0440 \"\u041e\u0437\u0435\u0440\u043e<\/li>\n\n\n\n<li>\u0426\u0435\u043d\u0442\u0440 \u043f\u0435\u0440\u0432\u0438\u0447\u043d\u043e\u0439 \u043c\u0435\u0434\u0438\u043a\u043e-\u0441\u0430\u043d\u0438\u0442\u0430\u0440\u043d\u043e\u0439 \u043f\u043e\u043c\u043e\u0449\u0438 \u0410\u0445\u0442\u043c\u0435<\/li>\n\n\n\n<li>\u041c\u0435\u0434\u0438\u0446\u0438\u043d\u0441\u043a\u0438\u0439 \u0446\u0435\u043d\u0442\u0440 \u041a\u043e\u0440\u0440\u0438\u0433\u043e<\/li>\n<\/ol>\n\n\n\n<p><\/p>","protected":false},"excerpt":{"rendered":"<p>Pilootprojekt VESTA &nbsp;&nbsp;&nbsp;&nbsp;&nbsp;&nbsp;&nbsp;&nbsp;&nbsp;&nbsp;&nbsp;&nbsp;&nbsp;&nbsp; \u2192&nbsp;&nbsp;&nbsp;&nbsp;&nbsp;&nbsp;&nbsp;&nbsp;&nbsp;&nbsp; &nbsp;vesta.ivol.ee&nbsp;&nbsp;&nbsp;&nbsp;&nbsp;&nbsp;&nbsp; \u2190 Kellele teenus on m\u00f5eldud? VESTA sihtgrupp on&nbsp;Ida-Virumaa elanikud, kellel on kroonilised haigused ja kes vajavad sotsiaalset tuge. VESTA eesm\u00e4rgid Koost\u00f6\u00f6s tegutsevad ja teenusele suunavad: [&hellip;]<\/p>\n","protected":false},"author":11,"featured_media":0,"parent":0,"menu_order":0,"comment_status":"closed","ping_status":"closed","template":"","meta":{"_EventAllDay":false,"_EventTimezone":"","_EventStartDate":"","_EventEndDate":"","_EventStartDateUTC":"","_EventEndDateUTC":"","_EventShowMap":false,"_EventShowMapLink":false,"_EventURL":"","_EventCost":"","_EventCostDescription":"","_EventCurrencySymbol":"","_EventCurrencyCode":"","_EventCurrencyPosition":"","_EventDateTimeSeparator":"","_EventTimeRangeSeparator":"","_EventOrganizerID":[],"_EventVenueID":[],"_OrganizerEmail":"","_OrganizerPhone":"","_OrganizerWebsite":"","_VenueAddress":"","_VenueCity":"","_VenueCountry":"","_VenueProvince":"","_VenueState":"","_VenueZip":"","_VenuePhone":"","_VenueURL":"","_VenueStateProvince":"","_VenueLat":"","_VenueLng":"","_VenueShowMap":false,"_VenueShowMapLink":false,"footnotes":""},"class_list":["post-8036","page","type-page","status-publish","hentry"],"_links":{"self":[{"href":"https:\/\/kohtla-jarve.ee\/ru\/wp-json\/wp\/v2\/pages\/8036","targetHints":{"allow":["GET"]}}],"collection":[{"href":"https:\/\/kohtla-jarve.ee\/ru\/wp-json\/wp\/v2\/pages"}],"about":[{"href":"https:\/\/kohtla-jarve.ee\/ru\/wp-json\/wp\/v2\/types\/page"}],"author":[{"embeddable":true,"href":"https:\/\/kohtla-jarve.ee\/ru\/wp-json\/wp\/v2\/users\/11"}],"replies":[{"embeddable":true,"href":"https:\/\/kohtla-jarve.ee\/ru\/wp-json\/wp\/v2\/comments?post=8036"}],"version-history":[{"count":1,"href":"https:\/\/kohtla-jarve.ee\/ru\/wp-json\/wp\/v2\/pages\/8036\/revisions"}],"predecessor-version":[{"id":8038,"href":"https:\/\/kohtla-jarve.ee\/ru\/wp-json\/wp\/v2\/pages\/8036\/revisions\/8038"}],"wp:attachment":[{"href":"https:\/\/kohtla-jarve.ee\/ru\/wp-json\/wp\/v2\/media?parent=8036"}],"curies":[{"name":"wp","href":"https:\/\/api.w.org\/{rel}","templated":true}]}}