{"id":800,"date":"2025-09-23T14:54:50","date_gmt":"2025-09-23T11:54:50","guid":{"rendered":"https:\/\/kohtla-jarve.ee\/?page_id=800"},"modified":"2025-09-23T14:57:29","modified_gmt":"2025-09-23T11:57:29","slug":"sumboolika","status":"publish","type":"page","link":"https:\/\/kohtla-jarve.ee\/ru\/linn-uudised-ja-kontakt\/linna-info\/sumboolika\/","title":{"rendered":"\u041b\u043e\u0433\u043e\u0442\u0438\u043f"},"content":{"rendered":"<h2 class=\"wp-block-heading\">\u0413\u0435\u0440\u0431 \u0433\u043e\u0440\u043e\u0434\u0430 \u041a\u043e\u0445\u0442\u043b\u0430-\u042f\u0440\u0432\u0435<\/h2>\n\n\n\n<h3 class=\"wp-block-heading\">\u041e\u043f\u0438\u0441\u0430\u043d\u0438\u0435 \u0433\u0435\u0440\u0431\u0430<\/h3>\n\n\n\n<div class=\"wp-block-media-text is-vertically-aligned-top\" style=\"grid-template-columns:15% auto\"><figure class=\"wp-block-media-text__media\"><img loading=\"lazy\" decoding=\"async\" width=\"113\" height=\"142\" src=\"https:\/\/kohtla-jarve.ee\/wp-content\/uploads\/2025\/09\/gerbmini.jpg\" alt=\"\" class=\"wp-image-802 size-full\" srcset=\"https:\/\/kohtla-jarve.ee\/wp-content\/uploads\/2025\/09\/gerbmini.jpg 113w, https:\/\/kohtla-jarve.ee\/wp-content\/uploads\/2025\/09\/gerbmini-10x12.jpg 10w\" sizes=\"auto, (max-width: 113px) 100vw, 113px\" \/><\/figure><div class=\"wp-block-media-text__content\">\n<p style=\"margin-top:0\">\u0413\u0435\u0440\u0431 \u0440\u0430\u0437\u0434\u0435\u043b\u0435\u043d \u043f\u043e \u0434\u0438\u0430\u0433\u043e\u043d\u0430\u043b\u0438 \u043d\u0430 \u0434\u0432\u0435 \u0447\u0430\u0441\u0442\u0438: \u0441\u043b\u0435\u0432\u0430 - \u0437\u043e\u043b\u043e\u0442\u043e\u0435 \u043f\u043e\u043b\u0435 \u0432\u043d\u0438\u0437\u0443 \u0438 \u0433\u043e\u043b\u0443\u0431\u043e\u0435 \u043f\u043e\u043b\u0435 \u0432\u0432\u0435\u0440\u0445\u0443. \u0418\u0437 \u0437\u043e\u043b\u043e\u0442\u043e\u0433\u043e \u043f\u043e\u043b\u044f \u0432\u044b\u0441\u0442\u0443\u043f\u0430\u044e\u0442 \u0448\u0435\u0441\u0442\u044c \u0437\u043e\u043b\u043e\u0442\u044b\u0445 \u044f\u0437\u044b\u043a\u043e\u0432 \u043f\u043b\u0430\u043c\u0435\u043d\u0438, \u0440\u0430\u0441\u043f\u043e\u043b\u043e\u0436\u0435\u043d\u043d\u044b\u0445 \u043f\u0435\u0440\u043f\u0435\u043d\u0434\u0438\u043a\u0443\u043b\u044f\u0440\u043d\u043e \u0434\u0438\u0430\u0433\u043e\u043d\u0430\u043b\u0438. \u0421\u0438\u043d\u0438\u0439 \u0446\u0432\u0435\u0442, \u0441\u043e\u0433\u043b\u0430\u0441\u043d\u043e \u0446\u0432\u0435\u0442\u043e\u0432\u043e\u0439 \u043f\u0430\u043b\u0438\u0442\u0440\u0435 \"Pantone\", \u0441\u043e\u0434\u0435\u0440\u0436\u0438\u0442 \u0441\u0438\u043d\u0438\u0439 C 91% \u0438 \u043a\u0440\u0430\u0441\u043d\u044b\u0439 M 43%. \u041d\u0438\u0436\u043d\u044f\u044f \u0447\u0430\u0441\u0442\u044c \u0449\u0438\u0442\u0430 \u0433\u0435\u0440\u0431\u0430 \u043f\u043e\u043b\u0443\u043a\u0440\u0443\u0433\u043b\u0430\u044f, \u0432 \u0441\u043e\u043e\u0442\u043d\u043e\u0448\u0435\u043d\u0438\u0438 5:4.<\/p>\n<\/div><\/div>\n\n\n\n<h3 class=\"wp-block-heading\">\u041e\u0431\u043e\u0441\u043d\u043e\u0432\u0430\u043d\u0438\u0435 \u0441\u0438\u043c\u0432\u043e\u043b\u0430<\/h3>\n\n\n\n<p>\u0417\u043e\u043b\u043e\u0442\u043e\u0439 \u0446\u0432\u0435\u0442 \u0438 \u043f\u043b\u0430\u043c\u044f \u0433\u0435\u0440\u0431\u0430 \u0441\u0438\u043c\u0432\u043e\u043b\u0438\u0437\u0438\u0440\u0443\u044e\u0442 \u0436\u0435\u043b\u0442\u043e-\u043a\u043e\u0440\u0438\u0447\u043d\u0435\u0432\u044b\u0439 \u0441\u043b\u0430\u043d\u0435\u0446 \u0438 \u0435\u0433\u043e \u043f\u0435\u0440\u0435\u0440\u0430\u0431\u043e\u0442\u043a\u0443. \u041c\u043e\u0440\u0441\u043a\u043e\u0439 \u043e\u0442\u0442\u0435\u043d\u043e\u043a \u043e\u0442\u0441\u044b\u043b\u0430\u0435\u0442 \u043a \u0434\u0435\u0440\u0435\u0432\u043d\u0435 \u042f\u0440\u0432\u0435, \u043e\u0442 \u043a\u043e\u0442\u043e\u0440\u043e\u0439 \u0433\u043e\u0440\u043e\u0434 \u043f\u043e\u043b\u0443\u0447\u0438\u043b \u0441\u0432\u043e\u0435 \u043d\u0430\u0437\u0432\u0430\u043d\u0438\u0435.<\/p>\n\n\n\n<p>\u041a\u043e\u043b\u0438\u0447\u0435\u0441\u0442\u0432\u043e \u044f\u0437\u044b\u043a\u043e\u0432 \u043f\u043b\u0430\u043c\u0435\u043d\u0438 (6) \u043e\u0442\u043c\u0435\u0447\u0430\u0435\u0442 \u0434\u0432\u0430 \u0441\u043e\u0431\u044b\u0442\u0438\u044f \u0432 \u0438\u0441\u0442\u043e\u0440\u0438\u0438 \u044d\u0442\u043e\u0433\u043e \u043c\u0435\u0441\u0442\u0430:<\/p>\n\n\n\n<ul class=\"wp-block-list\">\n<li>\u0412 1916 \u0433\u043e\u0434\u0443 \u0432\u0431\u043b\u0438\u0437\u0438 \u0434\u0435\u0440\u0435\u0432\u043d\u0438 \u042f\u0440\u0432\u0435 \u043d\u0430\u0447\u0438\u043d\u0430\u0435\u0442\u0441\u044f \u043f\u0440\u043e\u043c\u044b\u0448\u043b\u0435\u043d\u043d\u0430\u044f \u0434\u043e\u0431\u044b\u0447\u0430 \u0441\u043b\u0430\u043d\u0446\u0430.<\/li>\n\n\n\n<li>\u0412 1946 \u0433\u043e\u0434\u0443 \u041a\u043e\u0445\u0442\u043b\u0430-\u042f\u0440\u0432\u0435 \u043f\u043e\u043b\u0443\u0447\u0430\u0435\u0442 \u043f\u0440\u0430\u0432\u0430 \u0433\u043e\u0440\u043e\u0434\u0430.<\/li>\n<\/ul>\n\n\n\n<p>\u0413\u043e\u0440\u043e\u0434\u0441\u043a\u043e\u0439 \u043b\u0430\u043d\u0434\u0448\u0430\u0444\u0442 \u041a\u043e\u0445\u0442\u043b\u0430-\u042f\u0440\u0432\u0435 \u0445\u0430\u0440\u0430\u043a\u0442\u0435\u0440\u0438\u0437\u0443\u0435\u0442\u0441\u044f \u043d\u0430\u043a\u043b\u043e\u043d\u043d\u044b\u043c \u0441\u0442\u0432\u043e\u043b\u043e\u043c - \u0441\u0438\u043c\u0432\u043e\u043b\u043e\u043c \u0440\u0435\u0447\u043d\u044b\u0445 \u0431\u0435\u0440\u0435\u0433\u043e\u0432 \u0438 \u0442\u0435\u0440\u0440\u0430\u0441.<\/p>\n\n\n\n<p>\u0410\u0432\u0442\u043e\u0440:&nbsp;<strong>\u0422\u044b\u043d\u0443 \u041a\u0443\u043a\u043a 1994.a<\/strong><\/p>\n\n\n\n<h2 class=\"wp-block-heading\">\u0424\u043b\u0430\u0433 \u0433\u043e\u0440\u043e\u0434\u0430 \u041a\u043e\u0445\u0442\u043b\u0430-\u042f\u0440\u0432\u0435<\/h2>\n\n\n\n<h3 class=\"wp-block-heading\">\u041e\u043f\u0438\u0441\u0430\u043d\u0438\u0435 \u0444\u043b\u0430\u0433\u0430<\/h3>\n\n\n\n<div class=\"wp-block-media-text is-vertically-aligned-top\" style=\"grid-template-columns:25% auto\"><figure class=\"wp-block-media-text__media\"><img loading=\"lazy\" decoding=\"async\" width=\"600\" height=\"382\" src=\"https:\/\/kohtla-jarve.ee\/wp-content\/uploads\/2025\/09\/Flag_of_Kohtla-Jarve.png\" alt=\"\" class=\"wp-image-803 size-full\" srcset=\"https:\/\/kohtla-jarve.ee\/wp-content\/uploads\/2025\/09\/Flag_of_Kohtla-Jarve.png 600w, https:\/\/kohtla-jarve.ee\/wp-content\/uploads\/2025\/09\/Flag_of_Kohtla-Jarve-300x191.png 300w, https:\/\/kohtla-jarve.ee\/wp-content\/uploads\/2025\/09\/Flag_of_Kohtla-Jarve-18x12.png 18w\" sizes=\"auto, (max-width: 600px) 100vw, 600px\" \/><\/figure><div class=\"wp-block-media-text__content\">\n<p style=\"margin-top:0\">\u041d\u0430\u043a\u043b\u043e\u043d\u043d\u0430\u044f \u043b\u0438\u043d\u0438\u044f (34 \u0433\u0440\u0430\u0434\u0443\u0441\u0430 \u043a \u0432\u0435\u0440\u0442\u0438\u043a\u0430\u043b\u0438), \u043d\u0430\u0447\u0438\u043d\u0430\u044e\u0449\u0430\u044f\u0441\u044f \u043e\u0442 \u0432\u0435\u0440\u0445\u043d\u0435\u0433\u043e \u0443\u0433\u043b\u0430 \u0444\u043b\u0430\u0433\u0430 \u0441\u043e \u0441\u0442\u043e\u0440\u043e\u043d\u044b \u0434\u0440\u0435\u0432\u043a\u0430, \u0434\u0435\u043b\u0438\u0442 \u0444\u043b\u0430\u0433 \u043d\u0430 \u0434\u0432\u0430 \u043f\u043e\u043b\u044f. \u0421\u043b\u0435\u0432\u0430 - \u043a\u0430\u0434\u043c\u0438\u0435\u0432\u043e-\u0436\u0435\u043b\u0442\u043e\u0435 \u043f\u043e\u043b\u0435, Y 100%, \u043f\u043e \u0442\u0430\u0431\u043b\u0438\u0446\u0435 \u0446\u0432\u0435\u0442\u043e\u0432 \"Pantone\", \u0441\u043f\u0440\u0430\u0432\u0430 - \u0441\u0438\u043d\u0435\u0435 \u043f\u043e\u043b\u0435, C 91% \u0438 M 43%. \u041e\u0442 \u0436\u0435\u043b\u0442\u043e\u0433\u043e \u043f\u043e\u043b\u044f \u0432\u044b\u0441\u0442\u0443\u043f\u0430\u044e\u0442 \u043f\u0435\u0440\u043f\u0435\u043d\u0434\u0438\u043a\u0443\u043b\u044f\u0440\u043d\u043e \u0434\u0438\u0430\u0433\u043e\u043d\u0430\u043b\u0438 \u0448\u0435\u0441\u0442\u044c \u0436\u0435\u043b\u0442\u044b\u0445 \u044f\u0437\u044b\u043a\u043e\u0432 \u043f\u043b\u0430\u043c\u0435\u043d\u0438. \u0413\u0440\u0443\u043f\u043f\u0430 \u043f\u043b\u0430\u043c\u0435\u043d \u0440\u0430\u0441\u043f\u043e\u043b\u043e\u0436\u0435\u043d\u0430 \u043d\u0430 \u043d\u0430\u043a\u043b\u043e\u043d\u043d\u043e\u0439 \u043b\u0438\u043d\u0438\u0438 \u0432 \u0437\u043e\u043b\u043e\u0442\u043e\u043c \u0441\u0435\u0447\u0435\u043d\u0438\u0438 (\u043e\u0442\u043d\u043e\u0448\u0435\u043d\u0438\u0435 \u043e\u0442\u0440\u0435\u0437\u043a\u0430 \u043b\u0438\u043d\u0438\u0438 \u043d\u0430\u0434 \u0433\u0440\u0443\u043f\u043f\u043e\u0439 \u043f\u043b\u0430\u043c\u0435\u043d \u043a \u043d\u0438\u0436\u043d\u0435\u0439 \u0447\u0430\u0441\u0442\u0438 \u043d\u0430\u043a\u043b\u043e\u043d\u043d\u043e\u0439 \u043b\u0438\u043d\u0438\u0438 \u0441\u043e\u0441\u0442\u0430\u0432\u043b\u044f\u0435\u0442 0,618).<\/p>\n\n\n\n<p>\u0421\u0442\u0430\u043d\u0434\u0430\u0440\u0442\u043d\u044b\u0439 \u0440\u0430\u0437\u043c\u0435\u0440 \u0444\u043b\u0430\u0433\u0430 - 105\u00d7165 \u0441\u043c.<\/p>\n<\/div><\/div>\n\n\n\n<h3 class=\"wp-block-heading\">\u041e\u0431\u043e\u0441\u043d\u043e\u0432\u0430\u043d\u0438\u0435 \u0441\u0438\u043c\u0432\u043e\u043b\u0430<\/h3>\n\n\n\n<p>\u0412 \u043e\u0441\u043d\u043e\u0432\u0435 \u0434\u0438\u0437\u0430\u0439\u043d \u0444\u043b\u0430\u0433\u0430 \u043b\u0435\u0436\u0430\u0442 \u0438\u0437\u043e\u0431\u0440\u0430\u0437\u0438\u0442\u0435\u043b\u044c\u043d\u044b\u0435 \u043c\u043e\u0442\u0438\u0432\u044b \u0433\u0435\u0440\u0431\u0430 \u0433\u043e\u0440\u043e\u0434\u0430. \u0416\u0435\u043b\u0442\u043e\u0435 \u043f\u043e\u043b\u0435 \u0444\u043b\u0430\u0433\u0430 \u0438 \u043f\u043b\u0430\u043c\u044f \u0441\u0438\u043c\u0432\u043e\u043b\u0438\u0437\u0438\u0440\u0443\u044e\u0442 \u0436\u0435\u043b\u0442\u043e-\u043a\u043e\u0440\u0438\u0447\u043d\u0435\u0432\u044b\u0439 \u0441\u043b\u0430\u043d\u0435\u0446 \u0438 \u0435\u0433\u043e \u043f\u0435\u0440\u0435\u0440\u0430\u0431\u043e\u0442\u043a\u0443. \u041c\u043e\u0440\u0441\u043a\u043e\u0439 \u043e\u0442\u0442\u0435\u043d\u043e\u043a \u043e\u0442\u0441\u044b\u043b\u0430\u0435\u0442 \u043a \u0434\u0435\u0440\u0435\u0432\u043d\u0435 \u042f\u0440\u0432\u0435, \u043e\u0442 \u043a\u043e\u0442\u043e\u0440\u043e\u0439 \u0433\u043e\u0440\u043e\u0434 \u043f\u043e\u043b\u0443\u0447\u0438\u043b \u0441\u0432\u043e\u0435 \u043d\u0430\u0437\u0432\u0430\u043d\u0438\u0435. \u0413\u043e\u0440\u043e\u0434\u0441\u043a\u043e\u0439 \u043f\u0435\u0439\u0437\u0430\u0436 \u0445\u0430\u0440\u0430\u043a\u0442\u0435\u0440\u0438\u0437\u0443\u0435\u0442\u0441\u044f \u043d\u0430\u043a\u043b\u043e\u043d\u043d\u044b\u043c \u0441\u0442\u0432\u043e\u043b\u043e\u043c, \u0441\u0438\u043c\u0432\u043e\u043b\u0438\u0437\u0438\u0440\u0443\u044e\u0449\u0438\u043c \u0431\u0435\u0440\u0435\u0433\u0430 \u0438 \u0442\u0435\u0440\u0440\u0430\u0441\u044b. \u041c\u0430\u0447\u0442\u0430 \u0444\u043b\u0430\u0433\u0430 - \u0441\u0438\u043d\u0435\u0433\u043e, \u0434\u0435\u043a\u043e\u0440 \u043c\u0430\u0447\u0442\u044b - \u0437\u043e\u043b\u043e\u0442\u043e\u0433\u043e \u0446\u0432\u0435\u0442\u0430.<\/p>\n\n\n\n<p>\u0410\u0432\u0442\u043e\u0440\u044b:\u00a0<strong>\u0412\u0430\u043b\u044c\u0434\u0443\u0440 \u041d\u0430\u043f\u043f \u0438 \u0422\u044b\u043d\u0443 \u041a\u0443\u043a\u043a 1994.a.<\/strong><\/p>","protected":false},"excerpt":{"rendered":"<p>Kohtla-J\u00e4rve linna vapp Vapi kirjeldus Vapp jaguneb diagonaalselt kaheks: vasakul, all kuldne ja \u00fclal sinine v\u00e4li. Kuldset v\u00e4ljast eenduvad kaldjoonega risti kuus kuldset leeki.Sinine v\u00e4rv sisaldab Pantone v\u00e4rvitabeli j\u00e4rgi sinist [&hellip;]<\/p>\n","protected":false},"author":1,"featured_media":0,"parent":475,"menu_order":2,"comment_status":"closed","ping_status":"closed","template":"","meta":{"_EventAllDay":false,"_EventTimezone":"","_EventStartDate":"","_EventEndDate":"","_EventStartDateUTC":"","_EventEndDateUTC":"","_EventShowMap":false,"_EventShowMapLink":false,"_EventURL":"","_EventCost":"","_EventCostDescription":"","_EventCurrencySymbol":"","_EventCurrencyCode":"","_EventCurrencyPosition":"","_EventDateTimeSeparator":"","_EventTimeRangeSeparator":"","_EventOrganizerID":[],"_EventVenueID":[],"_OrganizerEmail":"","_OrganizerPhone":"","_OrganizerWebsite":"","_VenueAddress":"","_VenueCity":"","_VenueCountry":"","_VenueProvince":"","_VenueState":"","_VenueZip":"","_VenuePhone":"","_VenueURL":"","_VenueStateProvince":"","_VenueLat":"","_VenueLng":"","_VenueShowMap":false,"_VenueShowMapLink":false,"footnotes":""},"class_list":["post-800","page","type-page","status-publish","hentry"],"_links":{"self":[{"href":"https:\/\/kohtla-jarve.ee\/ru\/wp-json\/wp\/v2\/pages\/800","targetHints":{"allow":["GET"]}}],"collection":[{"href":"https:\/\/kohtla-jarve.ee\/ru\/wp-json\/wp\/v2\/pages"}],"about":[{"href":"https:\/\/kohtla-jarve.ee\/ru\/wp-json\/wp\/v2\/types\/page"}],"author":[{"embeddable":true,"href":"https:\/\/kohtla-jarve.ee\/ru\/wp-json\/wp\/v2\/users\/1"}],"replies":[{"embeddable":true,"href":"https:\/\/kohtla-jarve.ee\/ru\/wp-json\/wp\/v2\/comments?post=800"}],"version-history":[{"count":5,"href":"https:\/\/kohtla-jarve.ee\/ru\/wp-json\/wp\/v2\/pages\/800\/revisions"}],"predecessor-version":[{"id":814,"href":"https:\/\/kohtla-jarve.ee\/ru\/wp-json\/wp\/v2\/pages\/800\/revisions\/814"}],"up":[{"embeddable":true,"href":"https:\/\/kohtla-jarve.ee\/ru\/wp-json\/wp\/v2\/pages\/475"}],"wp:attachment":[{"href":"https:\/\/kohtla-jarve.ee\/ru\/wp-json\/wp\/v2\/media?parent=800"}],"curies":[{"name":"wp","href":"https:\/\/api.w.org\/{rel}","templated":true}]}}