{"id":7934,"date":"2026-04-23T13:56:25","date_gmt":"2026-04-23T10:56:25","guid":{"rendered":"https:\/\/kohtla-jarve.ee\/?page_id=7934"},"modified":"2026-04-23T14:36:08","modified_gmt":"2026-04-23T11:36:08","slug":"suvepuhkus","status":"publish","type":"page","link":"https:\/\/kohtla-jarve.ee\/ru\/haridus-kultuur-ja-sport\/kultuur-ja-sport\/suvepuhkus\/","title":{"rendered":"\u041b\u0435\u0442\u043d\u0438\u0435 \u043a\u0430\u043d\u0438\u043a\u0443\u043b\u044b"},"content":{"rendered":"\n<figure class=\"wp-block-image size-large is-resized\"><img loading=\"lazy\" decoding=\"async\" width=\"724\" height=\"1024\" src=\"https:\/\/kohtla-jarve.ee\/wp-content\/uploads\/2026\/04\/a04509ce-4c4e-40e2-864c-d6eeb5a92b94-724x1024.png\" alt=\"\" class=\"wp-image-7940\" style=\"aspect-ratio:0.7070349140177176;width:327px;height:auto\" srcset=\"https:\/\/kohtla-jarve.ee\/wp-content\/uploads\/2026\/04\/a04509ce-4c4e-40e2-864c-d6eeb5a92b94-724x1024.png 724w, https:\/\/kohtla-jarve.ee\/wp-content\/uploads\/2026\/04\/a04509ce-4c4e-40e2-864c-d6eeb5a92b94-212x300.png 212w, https:\/\/kohtla-jarve.ee\/wp-content\/uploads\/2026\/04\/a04509ce-4c4e-40e2-864c-d6eeb5a92b94-768x1087.png 768w, https:\/\/kohtla-jarve.ee\/wp-content\/uploads\/2026\/04\/a04509ce-4c4e-40e2-864c-d6eeb5a92b94-8x12.png 8w, https:\/\/kohtla-jarve.ee\/wp-content\/uploads\/2026\/04\/a04509ce-4c4e-40e2-864c-d6eeb5a92b94.png 848w\" sizes=\"auto, (max-width: 724px) 100vw, 724px\" \/><\/figure>\n\n\n\n<p>Suvi laagriga J\u00c4RVEKAS! <\/p>\n\n\n\n<p>Kohtla-J\u00e4rve linn kutsub 8\u201313-aastaseid lapsi veetma meeldej\u00e4\u00e4vat, aktiivset ja r\u00f5\u00f5msat suven\u00e4dalat linnalaagris J\u00c4RVEKAS!<\/p>\n\n\n\n<p>15.\u201319. juuni 2026<\/p>\n\n\n\n<p>Iga p\u00e4ev kell 9:00\u201315:00<\/p>\n\n\n\n<p>Laager toimub WIRU Spordikeskuses, sealhulgas noortekeskuses, mis avati hiljuti spordikeskuse ruumides \u2014 mugav ja kaasaegne keskkond m\u00e4ngudeks, spordiks ja loovtegevusteks!<\/p>\n\n\n\n<p><img loading=\"lazy\" decoding=\"async\" height=\"16\" width=\"16\" alt=\"\ud83d\udca5\" src=\"https:\/\/static.xx.fbcdn.net\/images\/emoji.php\/v9\/t40\/1\/16\/1f4a5.png\"> Mis ootab osalejaid?<\/p>\n\n\n\n<p>\u2022 mitmekesine ja sisukas programm iga p\u00e4ev<\/p>\n\n\n\n<p>\u2022 l\u00f5busad tegevused ja sportm\u00e4ngud<\/p>\n\n\n\n<p>\u2022 basseini k\u00fclastus<\/p>\n\n\n\n<p>\u2022 soe ja s\u00f5bralik \u00f5hkkond<\/p>\n\n\n\n<p>\u2022 uued s\u00f5brad ja hea tuju<\/p>\n\n\n\n<p>\u2022 maitsev l\u00f5unas\u00f6\u00f6k ja oode<\/p>\n\n\n\n<p>\u2022 J\u00c4RVEKAS laagri T-s\u00e4rk<\/p>\n\n\n\n<p>Osalustasu \u2014 85 \u20ac \/ 5 p\u00e4eva<\/p>\n\n\n\n<p>(sisaldab: toitlustust, programmi, materjale, basseini, T-s\u00e4rki)<\/p>\n\n\n\n<p><img loading=\"lazy\" decoding=\"async\" height=\"16\" width=\"16\" alt=\"\ud83d\udccc\" src=\"https:\/\/static.xx.fbcdn.net\/images\/emoji.php\/v9\/tac\/1\/16\/1f4cc.png\"> Registreerimine kuni 10.maini 2026<\/p>\n\n\n\n<p><img loading=\"lazy\" decoding=\"async\" height=\"16\" width=\"16\" alt=\"\ud83d\udc49\" src=\"https:\/\/static.xx.fbcdn.net\/images\/emoji.php\/v9\/t51\/1\/16\/1f449.png\"> [<a href=\"https:\/\/l.facebook.com\/l.php?u=https%3A%2F%2Fforms.gle%2FvmjcQxkW8URp6gqJ8%3Ffbclid%3DIwZXh0bgNhZW0CMTAAYnJpZBExUlhqaldKajIwV1V6UU9obnNydGMGYXBwX2lkEDIyMjAzOTE3ODgyMDA4OTIAAR6VS2teyULXdzqJUHmp7yGB5zHtbQkNVJHDOIymIC7XbcOCjReZOOnyhI3MIg_aem_7V6qAXMHLyTgnnUTALNeog&amp;h=AT6KRMQlGD6h8s426iPDuGb_K0UgjZ2hO-wgro6uZvP-KC_QCjMb_tUuegSnF5MEo8lWb633gg5ICCd0b7pUlUhzIJVscH6b3pkfca7ZkkCp4iPO2owvd5UmaP2z-FqirDyyljkdgat3ZynK&amp;__tn__=-UK-R&amp;c[0]=AT7_yuXVNxgHz081ND6IU95r3jtQAy6s1D84yRf1PH84-GeNh3tOauQjvVmWgYLU8VTWSDFDPnVExWuAOQX1ivWeKKtM775TkCqzYUH5QFyISqMcykVXLJksfrAOJ1NZkdBMmu0laKQCo1N39amX2mTYfNgqMsWEYfTzmJV58Nud9sCeeEmLGOCMYVYkyZnc71uznUnjRG7aUmcDI4WyrCSC\" rel=\"noreferrer noopener\" target=\"_blank\">https:\/\/forms.gle\/vmjcQxkW8URp6gqJ8<\/a>](<a href=\"https:\/\/forms.gle\/vmjcQxkW8URp6gqJ8?fbclid=IwZXh0bgNhZW0CMTAAYnJpZBExUlhqaldKajIwV1V6UU9obnNydGMGYXBwX2lkEDIyMjAzOTE3ODgyMDA4OTIAAR4AwiCz2Uq7QmgPhJAMMWCLzDjuAJfsz5-u1jMnus6PrIB_tt4H_oh3ZAXG_w_aem_gp5xomlzdsnzhHGXMj0jbA\" rel=\"noreferrer noopener\" target=\"_blank\">https:\/\/forms.gle\/vmjcQxkW8URp6gqJ8<\/a>)<\/p>\n\n\n\n<p>P\u00e4rast registreerimise l\u00f5ppu saadetakse teie e-posti aadressile leping, mille tuleb:<\/p>\n\n\n\n<p><img loading=\"lazy\" decoding=\"async\" height=\"16\" width=\"16\" alt=\"\u2714\ufe0f\" src=\"https:\/\/static.xx.fbcdn.net\/images\/emoji.php\/v9\/t51\/1\/16\/2714.png\"> allkirjastada<\/p>\n\n\n\n<p><img loading=\"lazy\" decoding=\"async\" height=\"16\" width=\"16\" alt=\"\u2714\ufe0f\" src=\"https:\/\/static.xx.fbcdn.net\/images\/emoji.php\/v9\/t51\/1\/16\/2714.png\"> saata aadressile wirujarvekas@gmail.com<\/p>\n\n\n\n<p>(kirja teemasse m\u00e4rkida lapse ees- ja perekonnanimi)<\/p>\n\n\n\n<p>Seej\u00e4rel saadetakse teile arve.<\/p>\n\n\n\n<p>Makset\u00e4htaeg \u2014 kuni 31.maini 2026<\/p>\n\n\n\n<p>Kohtade arv on piiratud \u2014 \u00e4ra maga maha v\u00f5imalust kinkida oma lapsele n\u00e4dal t\u00e4is elamusi ja r\u00f5\u00f5mu!<\/p>\n\n\n\n<p>Kui sul on k\u00fcsimusi, kirjuta meile julgelt sotsiaalmeedias v\u00f5i e-posti teel.<\/p>\n\n\n\n<p>Kohtumiseni laagris J\u00c4RVEKAS!<\/p>\n\n\n\n<p>Laagri juhataja:<\/p>\n\n\n\n<p>Alissa Linter<\/p>\n\n\n\n<p><img loading=\"lazy\" decoding=\"async\" height=\"16\" width=\"16\" alt=\"\ud83d\udcde\" src=\"https:\/\/static.xx.fbcdn.net\/images\/emoji.php\/v9\/t4d\/1\/16\/1f4de.png\"> 58360686<\/p>\n\n\n\n<p><img loading=\"lazy\" decoding=\"async\" height=\"16\" width=\"16\" alt=\"\u2709\ufe0f\" src=\"https:\/\/static.xx.fbcdn.net\/images\/emoji.php\/v9\/t37\/1\/16\/2709.png\"> wirujarvekas@gmail.com<\/p>\n","protected":false},"excerpt":{"rendered":"<p>Suvi laagriga J\u00c4RVEKAS! Kohtla-J\u00e4rve linn kutsub 8\u201313-aastaseid lapsi veetma meeldej\u00e4\u00e4vat, aktiivset ja r\u00f5\u00f5msat suven\u00e4dalat linnalaagris J\u00c4RVEKAS! 15.\u201319. juuni 2026 Iga p\u00e4ev kell 9:00\u201315:00 Laager toimub WIRU Spordikeskuses, sealhulgas noortekeskuses, mis [&hellip;]<\/p>\n","protected":false},"author":11,"featured_media":0,"parent":1085,"menu_order":4,"comment_status":"closed","ping_status":"closed","template":"","meta":{"_EventAllDay":false,"_EventTimezone":"","_EventStartDate":"","_EventEndDate":"","_EventStartDateUTC":"","_EventEndDateUTC":"","_EventShowMap":false,"_EventShowMapLink":false,"_EventURL":"","_EventCost":"","_EventCostDescription":"","_EventCurrencySymbol":"","_EventCurrencyCode":"","_EventCurrencyPosition":"","_EventDateTimeSeparator":"","_EventTimeRangeSeparator":"","_EventOrganizerID":[],"_EventVenueID":[],"_OrganizerEmail":"","_OrganizerPhone":"","_OrganizerWebsite":"","_VenueAddress":"","_VenueCity":"","_VenueCountry":"","_VenueProvince":"","_VenueState":"","_VenueZip":"","_VenuePhone":"","_VenueURL":"","_VenueStateProvince":"","_VenueLat":"","_VenueLng":"","_VenueShowMap":false,"_VenueShowMapLink":false,"footnotes":""},"class_list":["post-7934","page","type-page","status-publish","hentry"],"_links":{"self":[{"href":"https:\/\/kohtla-jarve.ee\/ru\/wp-json\/wp\/v2\/pages\/7934","targetHints":{"allow":["GET"]}}],"collection":[{"href":"https:\/\/kohtla-jarve.ee\/ru\/wp-json\/wp\/v2\/pages"}],"about":[{"href":"https:\/\/kohtla-jarve.ee\/ru\/wp-json\/wp\/v2\/types\/page"}],"author":[{"embeddable":true,"href":"https:\/\/kohtla-jarve.ee\/ru\/wp-json\/wp\/v2\/users\/11"}],"replies":[{"embeddable":true,"href":"https:\/\/kohtla-jarve.ee\/ru\/wp-json\/wp\/v2\/comments?post=7934"}],"version-history":[{"count":3,"href":"https:\/\/kohtla-jarve.ee\/ru\/wp-json\/wp\/v2\/pages\/7934\/revisions"}],"predecessor-version":[{"id":7943,"href":"https:\/\/kohtla-jarve.ee\/ru\/wp-json\/wp\/v2\/pages\/7934\/revisions\/7943"}],"up":[{"embeddable":true,"href":"https:\/\/kohtla-jarve.ee\/ru\/wp-json\/wp\/v2\/pages\/1085"}],"wp:attachment":[{"href":"https:\/\/kohtla-jarve.ee\/ru\/wp-json\/wp\/v2\/media?parent=7934"}],"curies":[{"name":"wp","href":"https:\/\/api.w.org\/{rel}","templated":true}]}}