{"id":783,"date":"2025-09-23T14:13:27","date_gmt":"2025-09-23T11:13:27","guid":{"rendered":"https:\/\/kohtla-jarve.ee\/?page_id=783"},"modified":"2026-03-17T08:53:45","modified_gmt":"2026-03-17T06:53:45","slug":"kaasamine","status":"publish","type":"page","link":"https:\/\/kohtla-jarve.ee\/ru\/linn-uudised-ja-kontakt\/kogukond-ja-teenused\/kaasamine\/","title":{"rendered":"\u0418\u043d\u043a\u043b\u044e\u0437\u0438\u0432\u043d\u044b\u0439 \u0431\u044e\u0434\u0436\u0435\u0442"},"content":{"rendered":"<p>\u041c\u044b \u0441\u0447\u0438\u0442\u0430\u0435\u043c, \u0447\u0442\u043e \u043f\u0440\u0438\u0432\u043b\u0435\u0447\u0435\u043d\u0438\u0435 \u0433\u043e\u0440\u043e\u0436\u0430\u043d \u043a \u0443\u043f\u0440\u0430\u0432\u043b\u0435\u043d\u0438\u044e \u0433\u043e\u0440\u043e\u0434\u043e\u043c \u043c\u043e\u0436\u0435\u0442 \u043f\u043e\u0432\u044b\u0441\u0438\u0442\u044c \u0438\u0445 \u0443\u0447\u0430\u0441\u0442\u0438\u0435 \u0432 \u043f\u0440\u0438\u043d\u044f\u0442\u0438\u0438 \u0440\u0435\u0448\u0435\u043d\u0438\u0439, \u043a\u043e\u0442\u043e\u0440\u044b\u0435 \u0432\u043b\u0438\u044f\u044e\u0442 \u043d\u0430 \u0438\u0445 \u0436\u0438\u0437\u043d\u044c. \u042d\u0442\u043e \u0442\u0430\u043a\u0436\u0435 \u043f\u043e\u0437\u0432\u043e\u043b\u0438\u0442 \u043d\u0430\u043c \u0443\u0447\u0438\u0442\u044b\u0432\u0430\u0442\u044c \u043c\u043d\u0435\u043d\u0438\u044f \u0438 \u0438\u043d\u0442\u0435\u0440\u0435\u0441\u044b \u0433\u043e\u0440\u043e\u0436\u0430\u043d \u043f\u0440\u0438 \u0444\u043e\u0440\u043c\u0438\u0440\u043e\u0432\u0430\u043d\u0438\u0438 \u0433\u043e\u0440\u043e\u0434\u0441\u043a\u043e\u0439 \u043f\u043e\u043b\u0438\u0442\u0438\u043a\u0438. \u042d\u0442\u043e \u043f\u043e\u043c\u043e\u0436\u0435\u0442 \u0441\u0434\u0435\u043b\u0430\u0442\u044c \u0433\u043e\u0440\u043e\u0434 \u0431\u043e\u043b\u0435\u0435 \u043f\u0440\u0438\u0432\u043b\u0435\u043a\u0430\u0442\u0435\u043b\u044c\u043d\u044b\u043c \u043c\u0435\u0441\u0442\u043e\u043c \u0434\u043b\u044f \u0436\u0438\u0437\u043d\u0438 \u0438 \u0443\u0434\u043e\u0432\u043b\u0435\u0442\u0432\u043e\u0440\u0438\u0442\u044c \u043f\u043e\u0442\u0440\u0435\u0431\u043d\u043e\u0441\u0442\u0438 \u0431\u043e\u043b\u044c\u0448\u0435\u0433\u043e \u0447\u0438\u0441\u043b\u0430 \u0436\u0438\u0442\u0435\u043b\u0435\u0439.<\/p>\n\n\n\n<p>\u041f\u0440\u0438\u0432\u043b\u0435\u043a\u0430\u044f \u0433\u043e\u0440\u043e\u0436\u0430\u043d \u043a \u0440\u0435\u0448\u0435\u043d\u0438\u044e \u043f\u0440\u043e\u0431\u043b\u0435\u043c \u0438 \u0443\u043f\u0440\u0430\u0432\u043b\u0435\u043d\u0438\u044e \u0433\u043e\u0440\u043e\u0434\u043e\u043c, \u043c\u044b \u0445\u043e\u0442\u0438\u043c \u0432\u043d\u0435\u0441\u0442\u0438 \u0441\u0432\u043e\u0439 \u0432\u043a\u043b\u0430\u0434 \u0432 \u043f\u043e\u0432\u044b\u0448\u0435\u043d\u0438\u0435 \u043a\u0430\u0447\u0435\u0441\u0442\u0432\u0430 \u0436\u0438\u0437\u043d\u0438 \u0432 \u0433\u043e\u0440\u043e\u0434\u0435. \u041c\u044b \u0437\u0430\u0438\u043d\u0442\u0435\u0440\u0435\u0441\u043e\u0432\u0430\u043d\u044b \u0432 \u0443\u0441\u0442\u0430\u043d\u043e\u0432\u043b\u0435\u043d\u0438\u0438 \u0434\u043e\u0432\u0435\u0440\u0438\u0442\u0435\u043b\u044c\u043d\u044b\u0445 \u043e\u0442\u043d\u043e\u0448\u0435\u043d\u0438\u0439 \u043c\u0435\u0436\u0434\u0443 \u043c\u0443\u043d\u0438\u0446\u0438\u043f\u0430\u043b\u0438\u0442\u0435\u0442\u043e\u043c \u0438 \u0433\u043e\u0440\u043e\u0436\u0430\u043d\u0430\u043c\u0438, \u0430 \u0442\u0430\u043a\u0436\u0435 \u0432 \u043f\u0440\u0435\u0434\u043e\u0441\u0442\u0430\u0432\u043b\u0435\u043d\u0438\u0438 \u0438\u043c \u0432\u043e\u0437\u043c\u043e\u0436\u043d\u043e\u0441\u0442\u0438 \u0432\u043d\u0435\u0441\u0442\u0438 \u0441\u0432\u043e\u0439 \u0432\u043a\u043b\u0430\u0434 \u0432 \u0443\u043b\u0443\u0447\u0448\u0435\u043d\u0438\u0435 \u0443\u0441\u043b\u043e\u0432\u0438\u0439 \u0436\u0438\u0437\u043d\u0438. \u0422\u0430\u043a\u043e\u0439 \u043f\u043e\u0434\u0445\u043e\u0434 \u043f\u043e\u0437\u0432\u043e\u043b\u044f\u0435\u0442 \u043d\u0430\u043c \u043f\u043e\u043b\u0443\u0447\u0430\u0442\u044c \u043e\u0431\u0440\u0430\u0442\u043d\u0443\u044e \u0441\u0432\u044f\u0437\u044c, \u0432\u044b\u044f\u0432\u043b\u044f\u0442\u044c \u043d\u0430\u0438\u0431\u043e\u043b\u0435\u0435 \u0430\u043a\u0442\u0443\u0430\u043b\u044c\u043d\u044b\u0435 \u0432\u043e\u043f\u0440\u043e\u0441\u044b \u0438 \u0441\u043f\u043e\u0441\u043e\u0431\u0441\u0442\u0432\u043e\u0432\u0430\u0442\u044c \u0431\u043e\u043b\u0435\u0435 \u044d\u0444\u0444\u0435\u043a\u0442\u0438\u0432\u043d\u043e\u043c\u0443 \u0440\u0435\u0448\u0435\u043d\u0438\u044e \u043f\u0440\u043e\u0431\u043b\u0435\u043c.<\/p>\n\n\n\n<p>\u0418\u0434\u0435\u0438 \u043f\u043e \u0444\u043e\u0440\u043c\u0438\u0440\u043e\u0432\u0430\u043d\u0438\u044e \u0438\u043d\u043a\u043b\u044e\u0437\u0438\u0432\u043d\u043e\u0433\u043e \u0431\u044e\u0434\u0436\u0435\u0442\u0430, \u0438\u043b\u0438 \u043d\u0430\u0440\u043e\u0434\u043d\u043e\u0433\u043e \u0431\u044e\u0434\u0436\u0435\u0442\u0430, \u043f\u0440\u0438\u043d\u0438\u043c\u0430\u044e\u0442\u0441\u044f \u0432 \u041a\u043e\u0445\u0442\u043b\u0430-\u042f\u0440\u0432\u0435 \u0441 2021 \u0433. \u041f\u043e \u0441\u0443\u0442\u0438, \u0438\u043d\u043a\u043b\u044e\u0437\u0438\u0432\u043d\u044b\u0439 \u0431\u044e\u0434\u0436\u0435\u0442 - \u044d\u0442\u043e \u0441\u0443\u043c\u043c\u0430 \u0434\u0435\u043d\u0435\u0433, \u0438\u0434\u0443\u0449\u0430\u044f \u043d\u0430 \u0440\u0435\u0430\u043b\u0438\u0437\u0430\u0446\u0438\u044e \u043b\u0443\u0447\u0448\u0435\u0439 \u043f\u043e \u0440\u0435\u0437\u0443\u043b\u044c\u0442\u0430\u0442\u0430\u043c \u043d\u0430\u0440\u043e\u0434\u043d\u043e\u0433\u043e \u0433\u043e\u043b\u043e\u0441\u043e\u0432\u0430\u043d\u0438\u044f \u0438\u0434\u0435\u0438.<\/p>\n\n\n\n<p>\u041b\u044e\u0431\u043e\u0439 \u0436\u0438\u0442\u0435\u043b\u044c \u0433\u043e\u0440\u043e\u0434\u0430 \u043c\u043e\u0436\u0435\u0442 \u043f\u043e\u0434\u0430\u0442\u044c \u0438\u0434\u0435\u044e \u0434\u043b\u044f \u0443\u0447\u0430\u0441\u0442\u0438\u044f \u0432 \u043a\u043e\u043d\u043a\u0443\u0440\u0441\u0435 \u0438\u043d\u043a\u043b\u044e\u0437\u0438\u0432\u043d\u043e\u0433\u043e \u0431\u044e\u0434\u0436\u0435\u0442\u0430. \u0421\u043f\u0435\u0446\u0438\u0430\u043b\u044c\u043d\u0430\u044f \u043a\u043e\u043c\u0438\u0441\u0441\u0438\u044f \u043e\u0446\u0435\u043d\u0438\u0442, \u0441\u043e\u043e\u0442\u0432\u0435\u0442\u0441\u0442\u0432\u0443\u044e\u0442 \u043b\u0438 \u0438\u0434\u0435\u0438 \u0442\u0440\u0435\u0431\u043e\u0432\u0430\u043d\u0438\u044f\u043c \u0434\u043b\u044f \u0443\u0447\u0430\u0441\u0442\u0438\u044f \u0432 \u043a\u043e\u043d\u043a\u0443\u0440\u0441\u0435. \u041e\u0442\u043e\u0431\u0440\u0430\u043d\u043d\u044b\u0435 \u043f\u0440\u043e\u0435\u043a\u0442\u044b \u0431\u0443\u0434\u0443\u0442 \u0432\u044b\u043d\u0435\u0441\u0435\u043d\u044b \u043d\u0430 \u043e\u0431\u0449\u0435\u0435 \u0433\u043e\u043b\u043e\u0441\u043e\u0432\u0430\u043d\u0438\u0435, \u0432 \u043a\u043e\u0442\u043e\u0440\u043e\u043c \u0441\u043c\u043e\u0433\u0443\u0442 \u043f\u0440\u0438\u043d\u044f\u0442\u044c \u0443\u0447\u0430\u0441\u0442\u0438\u0435 \u0442\u043e\u043b\u044c\u043a\u043e \u0437\u0430\u0440\u0435\u0433\u0438\u0441\u0442\u0440\u0438\u0440\u043e\u0432\u0430\u043d\u043d\u044b\u0435 \u0436\u0438\u0442\u0435\u043b\u0438 \u041a\u043e\u0445\u0442\u043b\u0430-\u042f\u0440\u0432\u0435.<\/p>\n\n\n\n<hr class=\"wp-block-separator has-alpha-channel-opacity is-style-wide\"\/>\n\n\n\n<div class=\"wp-block-group has-global-padding is-layout-constrained wp-block-group-is-layout-constrained block-visibility-hide-small-screen\">\n<div class=\"wp-block-query is-layout-flow wp-block-query-is-layout-flow\"><ul class=\"wp-block-post-template is-layout-flow wp-container-core-post-template-is-layout-ea1fff98 wp-block-post-template-is-layout-flow\"><li class=\"wp-block-post post-794 post type-post status-publish format-standard has-post-thumbnail hentry category-kaasav-eelarve\">\n<a href=\"https:\/\/kohtla-jarve.ee\/ru\/kaasav-eelarve-2026\/\"    class=\"wp-block-tiptip-hyperlink-group-block\" >\n<div class=\"wp-block-columns is-not-stacked-on-mobile is-layout-flex wp-container-core-columns-is-layout-50b2cfae wp-block-columns-is-layout-flex\" style=\"margin-top:0;margin-bottom:0\">\n<div class=\"wp-block-column is-vertically-aligned-top is-layout-flow wp-block-column-is-layout-flow\" style=\"flex-basis:30%\"><figure style=\"aspect-ratio:16\/9;\" class=\"wp-block-post-featured-image\"><img loading=\"lazy\" decoding=\"async\" width=\"1280\" height=\"865\" src=\"https:\/\/kohtla-jarve.ee\/wp-content\/uploads\/2025\/09\/money-2724241_1280.jpg\" class=\"attachment-post-thumbnail size-post-thumbnail wp-post-image\" alt=\"\" style=\"width:100%;height:100%;object-fit:cover;\" srcset=\"https:\/\/kohtla-jarve.ee\/wp-content\/uploads\/2025\/09\/money-2724241_1280.jpg 1280w, https:\/\/kohtla-jarve.ee\/wp-content\/uploads\/2025\/09\/money-2724241_1280-300x203.jpg 300w, https:\/\/kohtla-jarve.ee\/wp-content\/uploads\/2025\/09\/money-2724241_1280-1024x692.jpg 1024w, https:\/\/kohtla-jarve.ee\/wp-content\/uploads\/2025\/09\/money-2724241_1280-768x519.jpg 768w, https:\/\/kohtla-jarve.ee\/wp-content\/uploads\/2025\/09\/money-2724241_1280-18x12.jpg 18w\" sizes=\"auto, (max-width: 1280px) 100vw, 1280px\" \/><\/figure><\/div>\n\n\n\n<div class=\"wp-block-column is-vertically-aligned-top is-layout-flow wp-container-core-column-is-layout-8a368f38 wp-block-column-is-layout-flow\" style=\"flex-basis:70%\"><h2 style=\"font-size:clamp(0.984rem, 0.984rem + ((1vw - 0.2rem) * 0.842), 1.5rem);\" class=\"wp-block-post-title\">\u0418\u043d\u043a\u043b\u044e\u0437\u0438\u0432\u043d\u044b\u0439 \u0431\u044e\u0434\u0436\u0435\u0442 2026<\/h2>\n\n<div class=\"wp-block-post-excerpt\"><p class=\"wp-block-post-excerpt__excerpt\">\u041f\u0440\u0438 \u043f\u043e\u0434\u0434\u0435\u0440\u0436\u043a\u0435 \u0438\u043d\u043a\u043b\u044e\u0437\u0438\u0432\u043d\u043e\u0433\u043e \u0431\u044e\u0434\u0436\u0435\u0442\u0430 \u0433\u043e\u0440\u043e\u0434\u0430 \u041a\u043e\u0445\u0442\u043b\u0430-\u042f\u0440\u0432\u0435 \u043d\u0430 2026 \u0433\u043e\u0434 \u0431\u044b\u043b \u0440\u0435\u0430\u043b\u0438\u0437\u043e\u0432\u0430\u043d \u043f\u0440\u043e\u0435\u043a\u0442 \u201e\u041e\u0442\u043a\u0440\u044b\u0442\u044b\u0439 \u0441\u043f\u043e\u0440\u0442\u0437\u0430\u043b \u0438 \u0442\u0440\u0435\u043d\u0430\u0436\u0435\u0440\u043d\u0430\u044f \u043f\u043b\u043e\u0449\u0430\u0434\u043a\u0430 Sompa -... <\/p><\/div><\/div>\n<\/div>\n<\/a>\n<\/li><li class=\"wp-block-post post-784 post type-post status-publish format-standard has-post-thumbnail hentry category-kaasav-eelarve\">\n<a href=\"https:\/\/kohtla-jarve.ee\/ru\/kaasav-eelarve-2025\/\"    class=\"wp-block-tiptip-hyperlink-group-block\" >\n<div class=\"wp-block-columns is-not-stacked-on-mobile is-layout-flex wp-container-core-columns-is-layout-50b2cfae wp-block-columns-is-layout-flex\" style=\"margin-top:0;margin-bottom:0\">\n<div class=\"wp-block-column is-vertically-aligned-top is-layout-flow wp-block-column-is-layout-flow\" style=\"flex-basis:30%\"><figure style=\"aspect-ratio:16\/9;\" class=\"wp-block-post-featured-image\"><img loading=\"lazy\" decoding=\"async\" width=\"1250\" height=\"703\" src=\"https:\/\/kohtla-jarve.ee\/wp-content\/uploads\/2025\/09\/KAASAVA_EELARVE_1920_x_1080_px_.png\" class=\"attachment-post-thumbnail size-post-thumbnail wp-post-image\" alt=\"\" style=\"width:100%;height:100%;object-fit:cover;\" srcset=\"https:\/\/kohtla-jarve.ee\/wp-content\/uploads\/2025\/09\/KAASAVA_EELARVE_1920_x_1080_px_.png 1250w, https:\/\/kohtla-jarve.ee\/wp-content\/uploads\/2025\/09\/KAASAVA_EELARVE_1920_x_1080_px_-300x169.png 300w, https:\/\/kohtla-jarve.ee\/wp-content\/uploads\/2025\/09\/KAASAVA_EELARVE_1920_x_1080_px_-1024x576.png 1024w, https:\/\/kohtla-jarve.ee\/wp-content\/uploads\/2025\/09\/KAASAVA_EELARVE_1920_x_1080_px_-768x432.png 768w, https:\/\/kohtla-jarve.ee\/wp-content\/uploads\/2025\/09\/KAASAVA_EELARVE_1920_x_1080_px_-18x10.png 18w\" sizes=\"auto, (max-width: 1250px) 100vw, 1250px\" \/><\/figure><\/div>\n\n\n\n<div class=\"wp-block-column is-vertically-aligned-top is-layout-flow wp-container-core-column-is-layout-8a368f38 wp-block-column-is-layout-flow\" style=\"flex-basis:70%\"><h2 style=\"font-size:clamp(0.984rem, 0.984rem + ((1vw - 0.2rem) * 0.842), 1.5rem);\" class=\"wp-block-post-title\">\u0418\u043d\u043a\u043b\u044e\u0437\u0438\u0432\u043d\u044b\u0439 \u0431\u044e\u0434\u0436\u0435\u0442 2025<\/h2>\n\n<div class=\"wp-block-post-excerpt\"><p class=\"wp-block-post-excerpt__excerpt\">\u0423\u0432\u0430\u0436\u0430\u0435\u043c\u044b\u0435 \u0436\u0438\u0442\u0435\u043b\u0438 \u041a\u043e\u0445\u0442\u043b\u0430-\u042f\u0440\u0432\u0435! \u041c\u044b \u0440\u0430\u0434\u044b \u0441\u043e\u043e\u0431\u0449\u0438\u0442\u044c, \u0447\u0442\u043e \u0441 \u0441\u0435\u0433\u043e\u0434\u043d\u044f\u0448\u043d\u0435\u0433\u043e \u0434\u043d\u044f \u0438 \u0434\u043e 30 \u0438\u044e\u043d\u044f... <\/p><\/div><\/div>\n<\/div>\n<\/a>\n<\/li><\/ul>\n\n<\/div>\n<\/div>\n\n\n\n<div class=\"wp-block-group has-global-padding is-layout-constrained wp-block-group-is-layout-constrained block-visibility-hide-large-screen block-visibility-hide-medium-screen\">\n<div class=\"wp-block-query is-layout-flow wp-block-query-is-layout-flow\"><ul class=\"wp-block-post-template is-layout-flow wp-container-core-post-template-is-layout-ea1fff98 wp-block-post-template-is-layout-flow\"><li class=\"wp-block-post post-794 post type-post status-publish format-standard has-post-thumbnail hentry category-kaasav-eelarve\">\n<a href=\"https:\/\/kohtla-jarve.ee\/ru\/kaasav-eelarve-2026\/\"    class=\"wp-block-tiptip-hyperlink-group-block\" >\n<div class=\"wp-block-columns is-not-stacked-on-mobile is-layout-flex wp-container-core-columns-is-layout-f0342b05 wp-block-columns-is-layout-flex\" style=\"margin-top:0;margin-bottom:0\">\n<div class=\"wp-block-column is-vertically-aligned-top is-layout-flow wp-block-column-is-layout-flow\" style=\"flex-basis:30%\"><figure style=\"aspect-ratio:3\/2;\" class=\"wp-block-post-featured-image\"><img loading=\"lazy\" decoding=\"async\" width=\"1280\" height=\"865\" src=\"https:\/\/kohtla-jarve.ee\/wp-content\/uploads\/2025\/09\/money-2724241_1280.jpg\" class=\"attachment-post-thumbnail size-post-thumbnail wp-post-image\" alt=\"\" style=\"width:100%;height:100%;object-fit:cover;\" srcset=\"https:\/\/kohtla-jarve.ee\/wp-content\/uploads\/2025\/09\/money-2724241_1280.jpg 1280w, https:\/\/kohtla-jarve.ee\/wp-content\/uploads\/2025\/09\/money-2724241_1280-300x203.jpg 300w, https:\/\/kohtla-jarve.ee\/wp-content\/uploads\/2025\/09\/money-2724241_1280-1024x692.jpg 1024w, https:\/\/kohtla-jarve.ee\/wp-content\/uploads\/2025\/09\/money-2724241_1280-768x519.jpg 768w, https:\/\/kohtla-jarve.ee\/wp-content\/uploads\/2025\/09\/money-2724241_1280-18x12.jpg 18w\" sizes=\"auto, (max-width: 1280px) 100vw, 1280px\" \/><\/figure><\/div>\n\n\n\n<div class=\"wp-block-column is-vertically-aligned-top is-layout-flow wp-container-core-column-is-layout-8a368f38 wp-block-column-is-layout-flow\" style=\"flex-basis:70%\"><h2 style=\"font-size:clamp(0.875rem, 0.875rem + ((1vw - 0.2rem) * 0.367), 1.1rem);line-height:1.2;\" class=\"wp-block-post-title\">\u0418\u043d\u043a\u043b\u044e\u0437\u0438\u0432\u043d\u044b\u0439 \u0431\u044e\u0434\u0436\u0435\u0442 2026<\/h2><\/div>\n<\/div>\n<\/a>\n<\/li><li class=\"wp-block-post post-784 post type-post status-publish format-standard has-post-thumbnail hentry category-kaasav-eelarve\">\n<a href=\"https:\/\/kohtla-jarve.ee\/ru\/kaasav-eelarve-2025\/\"    class=\"wp-block-tiptip-hyperlink-group-block\" >\n<div class=\"wp-block-columns is-not-stacked-on-mobile is-layout-flex wp-container-core-columns-is-layout-f0342b05 wp-block-columns-is-layout-flex\" style=\"margin-top:0;margin-bottom:0\">\n<div class=\"wp-block-column is-vertically-aligned-top is-layout-flow wp-block-column-is-layout-flow\" style=\"flex-basis:30%\"><figure style=\"aspect-ratio:3\/2;\" class=\"wp-block-post-featured-image\"><img loading=\"lazy\" decoding=\"async\" width=\"1250\" height=\"703\" src=\"https:\/\/kohtla-jarve.ee\/wp-content\/uploads\/2025\/09\/KAASAVA_EELARVE_1920_x_1080_px_.png\" class=\"attachment-post-thumbnail size-post-thumbnail wp-post-image\" alt=\"\" style=\"width:100%;height:100%;object-fit:cover;\" srcset=\"https:\/\/kohtla-jarve.ee\/wp-content\/uploads\/2025\/09\/KAASAVA_EELARVE_1920_x_1080_px_.png 1250w, https:\/\/kohtla-jarve.ee\/wp-content\/uploads\/2025\/09\/KAASAVA_EELARVE_1920_x_1080_px_-300x169.png 300w, https:\/\/kohtla-jarve.ee\/wp-content\/uploads\/2025\/09\/KAASAVA_EELARVE_1920_x_1080_px_-1024x576.png 1024w, https:\/\/kohtla-jarve.ee\/wp-content\/uploads\/2025\/09\/KAASAVA_EELARVE_1920_x_1080_px_-768x432.png 768w, https:\/\/kohtla-jarve.ee\/wp-content\/uploads\/2025\/09\/KAASAVA_EELARVE_1920_x_1080_px_-18x10.png 18w\" sizes=\"auto, (max-width: 1250px) 100vw, 1250px\" \/><\/figure><\/div>\n\n\n\n<div class=\"wp-block-column is-vertically-aligned-top is-layout-flow wp-container-core-column-is-layout-8a368f38 wp-block-column-is-layout-flow\" style=\"flex-basis:70%\"><h2 style=\"font-size:clamp(0.875rem, 0.875rem + ((1vw - 0.2rem) * 0.367), 1.1rem);line-height:1.2;\" class=\"wp-block-post-title\">\u0418\u043d\u043a\u043b\u044e\u0437\u0438\u0432\u043d\u044b\u0439 \u0431\u044e\u0434\u0436\u0435\u0442 2025<\/h2><\/div>\n<\/div>\n<\/a>\n<\/li><\/ul>\n\n<\/div>\n<\/div>\n\n\n\n<p><a href=\"https:\/\/veebiarhiiv.digar.ee\/a\/20251016091223\/https:\/\/www.kohtla-jarve.ee\/ru\/kaasav-eelarve\" target=\"_blank\" rel=\"noreferrer noopener\">\u0421\u043c\u043e\u0442\u0440\u0438\u0442\u0435 \u0431\u043e\u043b\u0435\u0435 \u0441\u0442\u0430\u0440\u0443\u044e \u0438\u043d\u0444\u043e\u0440\u043c\u0430\u0446\u0438\u044e \u0432 \u0432\u0435\u0431-\u0430\u0440\u0445\u0438\u0432\u0435<\/a> <span class=\"wp-rich-text-font-awesome-icon wp-font-awesome-icon\"><svg aria-hidden=\"true\" focusable=\"false\" data-prefix=\"fas\" data-icon=\"arrow-up-right-from-square\" class=\"svg-inline--fa fa-arrow-up-right-from-square\" role=\"img\" xmlns=\"http:\/\/www.w3.org\/2000\/svg\" viewbox=\"0 0 512 512\"><path fill=\"currentColor\" d=\"M320 0c-17.7 0-32 14.3-32 32s14.3 32 32 32l82.7 0L201.4 265.4c-12.5 12.5-12.5 32.8 0 45.3s32.8 12.5 45.3 0L448 109.3l0 82.7c0 17.7 14.3 32 32 32s32-14.3 32-32l0-160c0-17.7-14.3-32-32-32L320 0zM80 32C35.8 32 0 67.8 0 112L0 432c0 44.2 35.8 80 80 80l320 0c44.2 0 80-35.8 80-80l0-112c0-17.7-14.3-32-32-32s-32 14.3-32 32l0 112c0 8.8-7.2 16-16 16L80 448c-8.8 0-16-7.2-16-16l0-320c0-8.8 7.2-16 16-16l112 0c17.7 0 32-14.3 32-32s-14.3-32-32-32L80 32z\"><\/path><\/svg><\/span><\/p>","protected":false},"excerpt":{"rendered":"<p>Usume, et kodanike kaasamine linna juhtimisse v\u00f5imaldab t\u00f5sta kodanike osalust nende elu m\u00f5jutavate otsuste tegemisel. Lisaks v\u00f5imaldab selline l\u00e4henemine linnapoliitika kujundamisel arvestada elanike arvamuse ja huvidega. See aitab muuta linna [&hellip;]<\/p>\n","protected":false},"author":1,"featured_media":0,"parent":5976,"menu_order":0,"comment_status":"closed","ping_status":"closed","template":"","meta":{"_EventAllDay":false,"_EventTimezone":"","_EventStartDate":"","_EventEndDate":"","_EventStartDateUTC":"","_EventEndDateUTC":"","_EventShowMap":false,"_EventShowMapLink":false,"_EventURL":"","_EventCost":"","_EventCostDescription":"","_EventCurrencySymbol":"","_EventCurrencyCode":"","_EventCurrencyPosition":"","_EventDateTimeSeparator":"","_EventTimeRangeSeparator":"","_EventOrganizerID":[],"_EventVenueID":[],"_OrganizerEmail":"","_OrganizerPhone":"","_OrganizerWebsite":"","_VenueAddress":"","_VenueCity":"","_VenueCountry":"","_VenueProvince":"","_VenueState":"","_VenueZip":"","_VenuePhone":"","_VenueURL":"","_VenueStateProvince":"","_VenueLat":"","_VenueLng":"","_VenueShowMap":false,"_VenueShowMapLink":false,"footnotes":""},"class_list":["post-783","page","type-page","status-publish","hentry"],"_links":{"self":[{"href":"https:\/\/kohtla-jarve.ee\/ru\/wp-json\/wp\/v2\/pages\/783","targetHints":{"allow":["GET"]}}],"collection":[{"href":"https:\/\/kohtla-jarve.ee\/ru\/wp-json\/wp\/v2\/pages"}],"about":[{"href":"https:\/\/kohtla-jarve.ee\/ru\/wp-json\/wp\/v2\/types\/page"}],"author":[{"embeddable":true,"href":"https:\/\/kohtla-jarve.ee\/ru\/wp-json\/wp\/v2\/users\/1"}],"replies":[{"embeddable":true,"href":"https:\/\/kohtla-jarve.ee\/ru\/wp-json\/wp\/v2\/comments?post=783"}],"version-history":[{"count":7,"href":"https:\/\/kohtla-jarve.ee\/ru\/wp-json\/wp\/v2\/pages\/783\/revisions"}],"predecessor-version":[{"id":6870,"href":"https:\/\/kohtla-jarve.ee\/ru\/wp-json\/wp\/v2\/pages\/783\/revisions\/6870"}],"up":[{"embeddable":true,"href":"https:\/\/kohtla-jarve.ee\/ru\/wp-json\/wp\/v2\/pages\/5976"}],"wp:attachment":[{"href":"https:\/\/kohtla-jarve.ee\/ru\/wp-json\/wp\/v2\/media?parent=783"}],"curies":[{"name":"wp","href":"https:\/\/api.w.org\/{rel}","templated":true}]}}