{"id":7392,"date":"2026-03-31T13:48:29","date_gmt":"2026-03-31T10:48:29","guid":{"rendered":"https:\/\/kohtla-jarve.ee\/?page_id=7392"},"modified":"2026-04-20T12:39:34","modified_gmt":"2026-04-20T09:39:34","slug":"kohtla-jarve-linnaleht","status":"publish","type":"page","link":"https:\/\/kohtla-jarve.ee\/ru\/linn-uudised-ja-kontakt\/uudised-ja-kontakt\/kohtla-jarve-linnaleht\/","title":{"rendered":"\u0413\u043e\u0440\u043e\u0434\u0441\u043a\u043e\u0439 \u0432\u0435\u0441\u0442\u043d\u0438\u043a \u041a\u043e\u0445\u0442\u043b\u0430-\u042f\u0440\u0432\u0435"},"content":{"rendered":"<figure class=\"wp-block-image size-large is-resized\"><img loading=\"lazy\" decoding=\"async\" width=\"1024\" height=\"242\" src=\"https:\/\/kohtla-jarve.ee\/wp-content\/uploads\/2026\/04\/Screenshot-2026-04-20-123845-1024x242.png\" alt=\"\" class=\"wp-image-7867\" style=\"aspect-ratio:4.231684739486909;width:876px;height:auto\" srcset=\"https:\/\/kohtla-jarve.ee\/wp-content\/uploads\/2026\/04\/Screenshot-2026-04-20-123845-1024x242.png 1024w, https:\/\/kohtla-jarve.ee\/wp-content\/uploads\/2026\/04\/Screenshot-2026-04-20-123845-300x71.png 300w, https:\/\/kohtla-jarve.ee\/wp-content\/uploads\/2026\/04\/Screenshot-2026-04-20-123845-768x181.png 768w, https:\/\/kohtla-jarve.ee\/wp-content\/uploads\/2026\/04\/Screenshot-2026-04-20-123845-18x4.png 18w, https:\/\/kohtla-jarve.ee\/wp-content\/uploads\/2026\/04\/Screenshot-2026-04-20-123845.png 1440w\" sizes=\"auto, (max-width: 1024px) 100vw, 1024px\" \/><\/figure>\n\n\n\n<p>Kohtla-J\u00e4rve Linnaleht - \u044d\u0442\u043e \u0433\u043e\u043b\u043e\u0441 \u043c\u0435\u0441\u0442\u043d\u043e\u0433\u043e \u0441\u0430\u043c\u043e\u0443\u043f\u0440\u0430\u0432\u043b\u0435\u043d\u0438\u044f, \u0438\u0437\u0434\u0430\u0435\u0442\u0441\u044f 11 \u0440\u0430\u0437 \u0432 \u0433\u043e\u0434, \u043e\u0434\u0438\u043d \u0440\u0430\u0437 \u0432 \u043c\u0435\u0441\u044f\u0446 (\u043a\u0440\u043e\u043c\u0435 \u0438\u044e\u043b\u044f) \u0438 \u044f\u0432\u043b\u044f\u0435\u0442\u0441\u044f \u0431\u0435\u0441\u043f\u043b\u0430\u0442\u043d\u044b\u043c. \u0415\u0433\u043e \u0442\u0438\u0440\u0430\u0436 \u0441\u043e\u0441\u0442\u0430\u0432\u043b\u044f\u0435\u0442 10 000 \u044d\u043a\u0437\u0435\u043c\u043f\u043b\u044f\u0440\u043e\u0432.&nbsp;<\/p>\n\n\n\n<p>\u0413\u0430\u0437\u0435\u0442\u0430 \u0431\u0443\u0434\u0435\u0442 \u0438\u0437\u0434\u0430\u0432\u0430\u0442\u044c\u0441\u044f \u0432 2026 \u0433\u043e\u0434\u0443:&nbsp;<strong>30 \u0430\u043f\u0440\u0435\u043b\u044f, 28 \u043c\u0430\u044f, 18 \u0438\u044e\u043d\u044f, \u0438\u044e\u043b\u044c - \u043d\u0435 \u0431\u0443\u0434\u0435\u0442 \u043e\u043f\u0443\u0431\u043b\u0438\u043a\u043e\u0432\u0430\u043d, 27 \u0430\u0432\u0433\u0443\u0441\u0442\u0430, 24 \u0441\u0435\u043d\u0442\u044f\u0431\u0440\u044f, 29 \u043e\u043a\u0442\u044f\u0431\u0440\u044f, 26 \u043d\u043e\u044f\u0431\u0440\u044f, 17 \u0434\u0435\u043a\u0430\u0431\u0440\u044f.<\/strong><\/p>\n\n\n\n<p>\u0413\u0430\u0437\u0435\u0442\u0443 \u043c\u043e\u0436\u043d\u043e \u043a\u0443\u043f\u0438\u0442\u044c \u0432 \u043c\u044d\u0440\u0438\u0438, \u043c\u0430\u0433\u0430\u0437\u0438\u043d\u0430\u0445, \u0431\u0438\u0431\u043b\u0438\u043e\u0442\u0435\u043a\u0435, \u043e\u0431\u0449\u0435\u0441\u0442\u0432\u0435\u043d\u043d\u044b\u0445 \u0446\u0435\u043d\u0442\u0440\u0430\u0445, \u0434\u043d\u0435\u0432\u043d\u044b\u0445 \u0446\u0435\u043d\u0442\u0440\u0430\u0445. \u0412\u044b \u0442\u0430\u043a\u0436\u0435 \u043c\u043e\u0436\u0435\u0442\u0435 \u0447\u0438\u0442\u0430\u0442\u044c \u0433\u0430\u0437\u0435\u0442\u0443 \u043d\u0430 \u0433\u043e\u0440\u043e\u0434\u0441\u043a\u043e\u043c \u0441\u0430\u0439\u0442\u0435,&nbsp;<a href=\"https:\/\/www.facebook.com\/kjlinnavalitsus\">\u0421\u0442\u0440\u0430\u043d\u0438\u0446\u0430 \u041a\u043e\u0445\u0442\u043b\u0430-\u042f\u0440\u0432\u0435\u0441\u043a\u043e\u0439 \u0433\u043e\u0440\u043e\u0434\u0441\u043a\u043e\u0439 \u0443\u043f\u0440\u0430\u0432\u044b \u0432 Facebook<\/a> \u0438 <a href=\"https:\/\/www.instagram.com\/kohtlajarvelinnavalitsus\/\">Instagram<\/a> \u043d\u0430 \u043b\u0438\u0441\u0442\u043e\u0432\u043a\u0430\u0445.<\/p>\n\n\n\n<p>\u0420\u0435\u0434\u0430\u043a\u0442\u043e\u0440 \u042e\u043b\u0438\u044f \u0421\u0435\u0432\u0430\u0441\u0442\u044c\u044f\u043d\u043e\u0432\u0430, \u0442\u0435\u043b 5460 0803<a href=\"tel:51918500\"> <\/a>. \u041c\u0430\u0442\u0435\u0440\u0438\u0430\u043b\u044b \u0434\u043e\u043b\u0436\u043d\u044b \u0431\u044b\u0442\u044c \u043e\u0442\u043f\u0440\u0430\u0432\u043b\u0435\u043d\u044b \u043f\u043e \u0430\u0434\u0440\u0435\u0441\u0443 julia.sevastajanova@kjlv.ee \u0434\u043e 10-\u0433\u043e \u043a\u0440\u0430\u0439\u043d\u0435\u0433\u043e \u0441\u0440\u043e\u043a\u0430 (5-\u0439 \u043a\u0440\u0430\u0439\u043d\u0438\u0439 \u0441\u0440\u043e\u043a \u0432 \u0434\u0435\u043a\u0430\u0431\u0440\u0435).<\/p>\n\n\n\n<p><a href=\"https:\/\/www.riigiteataja.ee\/akt\/107072016001?leiaKehtiv\"><strong>\u0417\u0430\u043a\u043e\u043d \u043e \u0441\u043e\u0445\u0440\u0430\u043d\u0435\u043d\u0438\u0438 \u043a\u043e\u043f\u0438\u0439<\/strong><\/a><\/p>\n\n\n\n<p><strong>2026<\/strong><\/p>\n\n\n\n<p><\/p>","protected":false},"excerpt":{"rendered":"<p>Kohtla-J\u00e4rve linnaleht on kohaliku omavalitsuse h\u00e4\u00e4lekandja, mis ilmub 11 korda aastas, kord kuus (v.a juulikuu), ning on tasuta. Lehe tiraa\u017e on 10&nbsp;000 eksemplari.&nbsp; 2026. aastal ilmub ajaleht:&nbsp;30. aprill, 28. mai, [&hellip;]<\/p>\n","protected":false},"author":9,"featured_media":0,"parent":469,"menu_order":4,"comment_status":"closed","ping_status":"closed","template":"","meta":{"_EventAllDay":false,"_EventTimezone":"","_EventStartDate":"","_EventEndDate":"","_EventStartDateUTC":"","_EventEndDateUTC":"","_EventShowMap":false,"_EventShowMapLink":false,"_EventURL":"","_EventCost":"","_EventCostDescription":"","_EventCurrencySymbol":"","_EventCurrencyCode":"","_EventCurrencyPosition":"","_EventDateTimeSeparator":"","_EventTimeRangeSeparator":"","_EventOrganizerID":[],"_EventVenueID":[],"_OrganizerEmail":"","_OrganizerPhone":"","_OrganizerWebsite":"","_VenueAddress":"","_VenueCity":"","_VenueCountry":"","_VenueProvince":"","_VenueState":"","_VenueZip":"","_VenuePhone":"","_VenueURL":"","_VenueStateProvince":"","_VenueLat":"","_VenueLng":"","_VenueShowMap":false,"_VenueShowMapLink":false,"footnotes":""},"class_list":["post-7392","page","type-page","status-publish","hentry"],"_links":{"self":[{"href":"https:\/\/kohtla-jarve.ee\/ru\/wp-json\/wp\/v2\/pages\/7392","targetHints":{"allow":["GET"]}}],"collection":[{"href":"https:\/\/kohtla-jarve.ee\/ru\/wp-json\/wp\/v2\/pages"}],"about":[{"href":"https:\/\/kohtla-jarve.ee\/ru\/wp-json\/wp\/v2\/types\/page"}],"author":[{"embeddable":true,"href":"https:\/\/kohtla-jarve.ee\/ru\/wp-json\/wp\/v2\/users\/9"}],"replies":[{"embeddable":true,"href":"https:\/\/kohtla-jarve.ee\/ru\/wp-json\/wp\/v2\/comments?post=7392"}],"version-history":[{"count":9,"href":"https:\/\/kohtla-jarve.ee\/ru\/wp-json\/wp\/v2\/pages\/7392\/revisions"}],"predecessor-version":[{"id":7868,"href":"https:\/\/kohtla-jarve.ee\/ru\/wp-json\/wp\/v2\/pages\/7392\/revisions\/7868"}],"up":[{"embeddable":true,"href":"https:\/\/kohtla-jarve.ee\/ru\/wp-json\/wp\/v2\/pages\/469"}],"wp:attachment":[{"href":"https:\/\/kohtla-jarve.ee\/ru\/wp-json\/wp\/v2\/media?parent=7392"}],"curies":[{"name":"wp","href":"https:\/\/api.w.org\/{rel}","templated":true}]}}