{"id":7389,"date":"2026-03-31T13:41:21","date_gmt":"2026-03-31T10:41:21","guid":{"rendered":"https:\/\/kohtla-jarve.ee\/?page_id=7389"},"modified":"2026-03-31T14:57:15","modified_gmt":"2026-03-31T11:57:15","slug":"kohtla-jarve-linnapea-ametikett","status":"publish","type":"page","link":"https:\/\/kohtla-jarve.ee\/ru\/juhtimine-ja-majandus\/linna-juhtimine\/kohtla-jarve-linnapea-ametikett\/","title":{"rendered":"\u041c\u044d\u0440 \u041a\u043e\u0445\u0442\u043b\u0430-\u042f\u0440\u0432\u0435 - \u0434\u043e\u043b\u0436\u043d\u043e\u0441\u0442\u044c"},"content":{"rendered":"<figure class=\"wp-block-image size-large is-resized\"><img loading=\"lazy\" decoding=\"async\" width=\"768\" height=\"1024\" src=\"https:\/\/kohtla-jarve.ee\/wp-content\/uploads\/2026\/03\/att.2mHE5doG65WlaFT4MTcC_z_PvYpxdIWByVcJdHcmwcU-768x1024.jpg\" alt=\"\" class=\"wp-image-7401\" style=\"aspect-ratio:0.7500217826958264;width:245px;height:auto\" srcset=\"https:\/\/kohtla-jarve.ee\/wp-content\/uploads\/2026\/03\/att.2mHE5doG65WlaFT4MTcC_z_PvYpxdIWByVcJdHcmwcU-768x1024.jpg 768w, https:\/\/kohtla-jarve.ee\/wp-content\/uploads\/2026\/03\/att.2mHE5doG65WlaFT4MTcC_z_PvYpxdIWByVcJdHcmwcU-225x300.jpg 225w, https:\/\/kohtla-jarve.ee\/wp-content\/uploads\/2026\/03\/att.2mHE5doG65WlaFT4MTcC_z_PvYpxdIWByVcJdHcmwcU-9x12.jpg 9w, https:\/\/kohtla-jarve.ee\/wp-content\/uploads\/2026\/03\/att.2mHE5doG65WlaFT4MTcC_z_PvYpxdIWByVcJdHcmwcU.jpg 900w\" sizes=\"auto, (max-width: 768px) 100vw, 768px\" \/><\/figure>\n\n\n\n<p>\u0418\u0434\u0435\u044f \u0441\u043e\u0437\u0434\u0430\u043d\u0438\u044f \u043e\u0444\u0438\u0441\u0430 \u043c\u044d\u0440\u0430 \u041a\u043e\u0445\u0442\u043b\u0430-\u042f\u0440\u0432\u0435 \u0440\u043e\u0434\u0438\u043b\u0430\u0441\u044c \u0432 \u043d\u0430\u0447\u0430\u043b\u0435 2018 \u0433\u043e\u0434\u0430. \u0418\u043d\u0438\u0446\u0438\u0430\u0442\u043e\u0440\u043e\u043c \u0438\u0434\u0435\u0438 \u0441\u0442\u0430\u043b \u0431\u044b\u0432\u0448\u0438\u0439 \u043c\u044d\u0440, \u043f\u0440\u0435\u0434\u0441\u0435\u0434\u0430\u0442\u0435\u043b\u044c \u0433\u043e\u0440\u043e\u0434\u0441\u043a\u043e\u0433\u043e \u0441\u043e\u0431\u0440\u0430\u043d\u0438\u044f \u0438 \u043f\u043e\u0447\u0435\u0442\u043d\u044b\u0439 \u0433\u0440\u0430\u0436\u0434\u0430\u043d\u0438\u043d \u0433\u043e\u0440\u043e\u0434\u0430 \u0412\u0430\u043b\u0435\u0440\u0438\u0439 \u041a\u043e\u0440\u0431, \u043a\u043e\u0442\u043e\u0440\u044b\u0439 \u043e\u0442\u043c\u0435\u0442\u0438\u043b, \u0447\u0442\u043e \u0432\u043e \u043c\u043d\u043e\u0433\u0438\u0445 \u0433\u043e\u0440\u043e\u0434\u0430\u0445 \u042d\u0441\u0442\u043e\u043d\u0438\u0438 \u0443\u0436\u0435 \u0435\u0441\u0442\u044c \u0441\u0432\u043e\u0439 \u0437\u043d\u0430\u0447\u043e\u043a \u043c\u044d\u0440\u0430 - \u0434\u043e\u0441\u0442\u043e\u0439\u043d\u044b\u0439 \u0441\u0438\u043c\u0432\u043e\u043b \u043f\u0440\u0435\u0434\u0441\u0442\u0430\u0432\u0438\u0442\u0435\u043b\u044c\u043d\u043e\u0439 \u0432\u043b\u0430\u0441\u0442\u0438 \u0433\u043e\u0440\u043e\u0434\u0430 \u0438 \u0442\u0440\u0430\u0434\u0438\u0446\u0438\u0439 \u043c\u0435\u0441\u0442\u043d\u043e\u0433\u043e \u0441\u0430\u043c\u043e\u0443\u043f\u0440\u0430\u0432\u043b\u0435\u043d\u0438\u044f.<\/p>\n\n\n\n<p>\u0427\u0442\u043e\u0431\u044b \u0440\u0430\u0437\u0432\u0438\u0442\u044c \u044d\u0442\u0443 \u0438\u0434\u0435\u044e, \u043c\u0443\u043d\u0438\u0446\u0438\u043f\u0430\u043b\u0438\u0442\u0435\u0442 \u043e\u0431\u044a\u044f\u0432\u0438\u043b \u043a\u043e\u043d\u043a\u0443\u0440\u0441 \u0434\u043b\u044f \u043a\u043e\u043c\u043f\u0430\u043d\u0438\u0439, \u0437\u0430\u043d\u0438\u043c\u0430\u044e\u0449\u0438\u0445\u0441\u044f \u0438\u0437\u0433\u043e\u0442\u043e\u0432\u043b\u0435\u043d\u0438\u0435\u043c \u0437\u043d\u0430\u0447\u043a\u043e\u0432. \u041f\u043e\u043c\u0438\u043c\u043e \u0438\u0437\u0433\u043e\u0442\u043e\u0432\u043b\u0435\u043d\u0438\u044f \u0437\u043d\u0430\u0447\u043a\u0430, \u0437\u0430\u043f\u0440\u043e\u0441 \u043a\u043e\u0442\u0438\u0440\u043e\u0432\u043e\u043a \u0432\u043a\u043b\u044e\u0447\u0430\u043b \u0442\u0430\u043a\u0436\u0435 \u0441\u043e\u0437\u0434\u0430\u043d\u0438\u0435 \u0435\u0433\u043e \u0445\u0443\u0434\u043e\u0436\u0435\u0441\u0442\u0432\u0435\u043d\u043d\u043e\u0433\u043e \u043e\u0444\u043e\u0440\u043c\u043b\u0435\u043d\u0438\u044f.<\/p>\n\n\n\n<p>\u041c\u044d\u0440 \u041a\u043e\u0445\u0442\u043b\u0430-\u042f\u0440\u0432\u0435 \u0431\u044b\u043b \u0441\u043e\u0437\u0434\u0430\u043d \u042d\u043d\u0435 \u0412\u0430\u043b\u044c\u0442\u0435\u0440, \u0438\u0437\u0432\u0435\u0441\u0442\u043d\u044b\u043c \u044d\u0441\u0442\u043e\u043d\u0441\u043a\u0438\u043c \u0445\u0443\u0434\u043e\u0436\u043d\u0438\u043a\u043e\u043c-\u044e\u0432\u0435\u043b\u0438\u0440\u043e\u043c, \u0441\u0440\u0435\u0434\u0438 \u0440\u0430\u0431\u043e\u0442 \u043a\u043e\u0442\u043e\u0440\u043e\u0439 \u043c\u043d\u043e\u0436\u0435\u0441\u0442\u0432\u043e \u043e\u0440\u0434\u0435\u043d\u043e\u0432 \u0438 \u043c\u0435\u0434\u0430\u043b\u0435\u0439. \u0415\u0435 \u044d\u0441\u043a\u0438\u0437\u044b \u0442\u0430\u043a\u0436\u0435 \u0438\u0441\u043f\u043e\u043b\u044c\u0437\u043e\u0432\u0430\u043b\u0438\u0441\u044c \u043d\u0430 \u0437\u043d\u0430\u0447\u043a\u0430\u0445 \u0440\u0435\u043a\u0442\u043e\u0440\u043e\u0432 \u043d\u0435\u0441\u043a\u043e\u043b\u044c\u043a\u0438\u0445 \u044d\u0441\u0442\u043e\u043d\u0441\u043a\u0438\u0445 \u0438 \u0444\u0438\u043d\u0441\u043a\u0438\u0445 \u0443\u043d\u0438\u0432\u0435\u0440\u0441\u0438\u0442\u0435\u0442\u043e\u0432, \u043c\u044d\u0440\u043e\u0432 \u0438 \u043e\u0440\u0433\u0430\u043d\u0438\u0437\u0430\u0446\u0438\u0439.<\/p>\n\n\n\n<p>\u0414\u043b\u044f \u043f\u0440\u043e\u0438\u0437\u0432\u043e\u0434\u0441\u0442\u0432\u0430 \u044d\u0442\u0438\u043a\u0435\u0442\u043a\u0438 \u0431\u044b\u043b\u0438 \u0441\u043e\u0437\u0434\u0430\u043d\u044b \u0441\u043f\u0435\u0446\u0438\u0430\u043b\u044c\u043d\u044b\u0435 \u0444\u043e\u0440\u043c\u044b \u0434\u043b\u044f \u0437\u0432\u0435\u043d\u044c\u0435\u0432 \u0446\u0435\u043f\u0438 \u0438 \u0446\u0435\u043d\u0442\u0440\u0430\u043b\u044c\u043d\u043e\u0433\u043e \u043c\u0435\u0434\u0430\u043b\u044c\u043e\u043d\u0430. \u0418\u0437\u0433\u043e\u0442\u043e\u0432\u043b\u0435\u043d\u0438\u0435 \u044d\u0442\u0438\u043a\u0435\u0442\u043a\u0438 \u0431\u044b\u043b\u043e \u0437\u0430\u0432\u0435\u0440\u0448\u0435\u043d\u043e \u0432 \u0430\u043f\u0440\u0435\u043b\u0435 2018 \u0433\u043e\u0434\u0430. \u0426\u0435\u043f\u043e\u0447\u043a\u0430 \u0438\u0437\u0433\u043e\u0442\u043e\u0432\u043b\u0435\u043d\u0430 \u0438\u0437 \u0441\u0435\u0440\u0435\u0431\u0440\u0430 \u0438 \u0432\u0435\u0441\u0438\u0442 \u043e\u043a\u043e\u043b\u043e 700 \u0433\u0440\u0430\u043c\u043c\u043e\u0432. \u041f\u0440\u043e\u0446\u0435\u0441\u0441 \u0438\u0437\u0433\u043e\u0442\u043e\u0432\u043b\u0435\u043d\u0438\u044f \u0437\u0430\u043d\u044f\u043b \u043e\u043a\u043e\u043b\u043e \u0442\u0440\u0435\u0445 \u043c\u0435\u0441\u044f\u0446\u0435\u0432 \u0438 \u0431\u044b\u043b \u043e\u0441\u0443\u0449\u0435\u0441\u0442\u0432\u043b\u0435\u043d \u043a\u043e\u043c\u043f\u0430\u043d\u0438\u0435\u0439 ARS Vaset\u00f6\u00f6d O\u00dc. \u0421\u0442\u043e\u0438\u043c\u043e\u0441\u0442\u044c \u0430\u043c\u0435\u0442\u0438\u0441\u0442\u0430 \u0441\u043e\u0441\u0442\u0430\u0432\u0438\u043b\u0430 2900 \u0435\u0432\u0440\u043e.<\/p>\n\n\n\n<p>\u0412 \u043f\u0435\u0440\u0432\u044b\u0435 \u0433\u043e\u0434\u044b \u043a\u0430\u043d\u0446\u0435\u043b\u044f\u0440\u0438\u044f \u0445\u0440\u0430\u043d\u0438\u043b\u0430\u0441\u044c \u0432 \u0441\u0435\u0439\u0444\u0435 \u0433\u043e\u0440\u043e\u0434\u0441\u043a\u043e\u0433\u043e \u0441\u0435\u043a\u0440\u0435\u0442\u0430\u0440\u044f. \u0412 \u043d\u0430\u0441\u0442\u043e\u044f\u0449\u0435\u0435 \u0432\u0440\u0435\u043c\u044f \u043e\u043d\u0430 \u0445\u0440\u0430\u043d\u0438\u0442\u0441\u044f \u0432 \u0441\u043f\u0435\u0446\u0438\u0430\u043b\u044c\u043d\u043e\u043c \u0437\u0430\u043a\u0440\u044b\u0442\u043e\u043c \u0448\u043a\u0430\u0444\u0443 \u0432 \u043a\u0430\u0431\u0438\u043d\u0435\u0442\u0435 \u043c\u044d\u0440\u0430, \u0433\u0434\u0435 \u0432\u044b\u0441\u0442\u0430\u0432\u043b\u0435\u043d\u0430 \u043a\u0430\u043a \u0441\u0438\u043c\u0432\u043e\u043b \u043f\u0440\u0435\u0434\u0441\u0442\u0430\u0432\u0438\u0442\u0435\u043b\u044c\u043d\u043e\u0439 \u0432\u043b\u0430\u0441\u0442\u0438 \u0433\u043e\u0440\u043e\u0434\u0430 \u041a\u043e\u0445\u0442\u043b\u0430-\u042f\u0440\u0432\u0435 \u0438 \u0434\u043e\u0441\u0442\u043e\u0438\u043d\u0441\u0442\u0432\u0430 \u0435\u0433\u043e \u0440\u0443\u043a\u043e\u0432\u043e\u0434\u0441\u0442\u0432\u0430.<\/p>\n\n\n\n<p><\/p>","protected":false},"excerpt":{"rendered":"<p>Kohtla-J\u00e4rve linnapea ametiketi loomise m\u00f5te tekkis 2018. aasta alguses. Idee algatajaks oli endine linnapea, linnavolikogu esimees ning linna aukodanik&nbsp;Valeri Korb, kes juhtis t\u00e4helepanu sellele, et paljudel Eesti linnadel on juba [&hellip;]<\/p>\n","protected":false},"author":9,"featured_media":0,"parent":1022,"menu_order":6,"comment_status":"closed","ping_status":"closed","template":"","meta":{"_EventAllDay":false,"_EventTimezone":"","_EventStartDate":"","_EventEndDate":"","_EventStartDateUTC":"","_EventEndDateUTC":"","_EventShowMap":false,"_EventShowMapLink":false,"_EventURL":"","_EventCost":"","_EventCostDescription":"","_EventCurrencySymbol":"","_EventCurrencyCode":"","_EventCurrencyPosition":"","_EventDateTimeSeparator":"","_EventTimeRangeSeparator":"","_EventOrganizerID":[],"_EventVenueID":[],"_OrganizerEmail":"","_OrganizerPhone":"","_OrganizerWebsite":"","_VenueAddress":"","_VenueCity":"","_VenueCountry":"","_VenueProvince":"","_VenueState":"","_VenueZip":"","_VenuePhone":"","_VenueURL":"","_VenueStateProvince":"","_VenueLat":"","_VenueLng":"","_VenueShowMap":false,"_VenueShowMapLink":false,"footnotes":""},"class_list":["post-7389","page","type-page","status-publish","hentry"],"_links":{"self":[{"href":"https:\/\/kohtla-jarve.ee\/ru\/wp-json\/wp\/v2\/pages\/7389","targetHints":{"allow":["GET"]}}],"collection":[{"href":"https:\/\/kohtla-jarve.ee\/ru\/wp-json\/wp\/v2\/pages"}],"about":[{"href":"https:\/\/kohtla-jarve.ee\/ru\/wp-json\/wp\/v2\/types\/page"}],"author":[{"embeddable":true,"href":"https:\/\/kohtla-jarve.ee\/ru\/wp-json\/wp\/v2\/users\/9"}],"replies":[{"embeddable":true,"href":"https:\/\/kohtla-jarve.ee\/ru\/wp-json\/wp\/v2\/comments?post=7389"}],"version-history":[{"count":3,"href":"https:\/\/kohtla-jarve.ee\/ru\/wp-json\/wp\/v2\/pages\/7389\/revisions"}],"predecessor-version":[{"id":7408,"href":"https:\/\/kohtla-jarve.ee\/ru\/wp-json\/wp\/v2\/pages\/7389\/revisions\/7408"}],"up":[{"embeddable":true,"href":"https:\/\/kohtla-jarve.ee\/ru\/wp-json\/wp\/v2\/pages\/1022"}],"wp:attachment":[{"href":"https:\/\/kohtla-jarve.ee\/ru\/wp-json\/wp\/v2\/media?parent=7389"}],"curies":[{"name":"wp","href":"https:\/\/api.w.org\/{rel}","templated":true}]}}