{"id":3832,"date":"2025-11-06T10:00:12","date_gmt":"2025-11-06T08:00:12","guid":{"rendered":"https:\/\/kohtla-jarve.ee\/?page_id=3832"},"modified":"2025-11-24T11:53:24","modified_gmt":"2025-11-24T09:53:24","slug":"represseeritu-ja-represseerituga-vordsustatud-isiku-taiendav-maksusoodustus","status":"publish","type":"page","link":"https:\/\/kohtla-jarve.ee\/ru\/keskkond-ehitus-ja-haldus\/majandus-ja-haldus\/maamaks\/represseeritu-ja-represseerituga-vordsustatud-isiku-taiendav-maksusoodustus\/","title":{"rendered":"\u0414\u043e\u043f\u043e\u043b\u043d\u0438\u0442\u0435\u043b\u044c\u043d\u0430\u044f \u043d\u0430\u043b\u043e\u0433\u043e\u0432\u0430\u044f \u043b\u044c\u0433\u043e\u0442\u0430 \u0434\u043b\u044f \u0440\u0435\u043f\u0440\u0435\u0441\u0441\u0438\u0440\u043e\u0432\u0430\u043d\u043d\u044b\u0445 \u0438 \u043f\u0440\u0438\u0440\u0430\u0432\u043d\u0435\u043d\u043d\u044b\u0445 \u043a \u043d\u0438\u043c \u043b\u0438\u0446"},"content":{"rendered":"<p>\u0421\u043e\u0433\u043b\u0430\u0441\u043d\u043e \u0430\u0431\u0437\u0430\u0446\u0443 6 \u00a7 11 \u0417\u0430\u043a\u043e\u043d\u0430 \u043e \u0437\u0435\u043c\u0435\u043b\u044c\u043d\u043e\u043c \u043d\u0430\u043b\u043e\u0433\u0435, \u0433\u043e\u0440\u043e\u0434\u0441\u043a\u043e\u0435 \u0438\u043b\u0438 \u0432\u043e\u043b\u043e\u0441\u0442\u043d\u043e\u0435 \u0441\u043e\u0431\u0440\u0430\u043d\u0438\u0435 \u043c\u043e\u0436\u0435\u0442 \u043d\u0435 \u043f\u043e\u0437\u0434\u043d\u0435\u0435 1 \u043e\u043a\u0442\u044f\u0431\u0440\u044f \u0433\u043e\u0434\u0430, \u043f\u0440\u0435\u0434\u0448\u0435\u0441\u0442\u0432\u0443\u044e\u0449\u0435\u0433\u043e \u043d\u0430\u043b\u043e\u0433\u043e\u0432\u043e\u043c\u0443 \u043f\u0435\u0440\u0438\u043e\u0434\u0443, \u0443\u0441\u0442\u0430\u043d\u043e\u0432\u0438\u0442\u044c \u0434\u043e\u043f\u043e\u043b\u043d\u0438\u0442\u0435\u043b\u044c\u043d\u0443\u044e \u043d\u0430\u043b\u043e\u0433\u043e\u0432\u0443\u044e \u043b\u044c\u0433\u043e\u0442\u0443 \u043d\u0430 \u0437\u0435\u043c\u043b\u044e \u043f\u043e\u0434 \u0436\u0438\u043b\u044b\u043c \u0434\u043e\u043c\u043e\u043c \u0434\u043b\u044f \u0440\u0435\u043f\u0440\u0435\u0441\u0441\u0438\u0440\u043e\u0432\u0430\u043d\u043d\u044b\u0445 \u0438 \u043f\u0440\u0438\u0440\u0430\u0432\u043d\u0435\u043d\u043d\u044b\u0445 \u043a \u043d\u0438\u043c \u043b\u0438\u0446 \u0432 \u0441\u043c\u044b\u0441\u043b\u0435 \u0417\u0430\u043a\u043e\u043d\u0430 \u043e \u043b\u0438\u0446\u0430\u0445, \u0440\u0435\u043f\u0440\u0435\u0441\u0441\u0438\u0440\u043e\u0432\u0430\u043d\u043d\u044b\u0445 \u043e\u043a\u043a\u0443\u043f\u0430\u0446\u0438\u043e\u043d\u043d\u044b\u043c\u0438 \u0440\u0435\u0436\u0438\u043c\u0430\u043c\u0438, \u043e\u0441\u0432\u043e\u0431\u043e\u0436\u0434\u0430\u044f \u0442\u0430\u043a\u0443\u044e \u0437\u0435\u043c\u043b\u044e \u043f\u043e\u043b\u043d\u043e\u0441\u0442\u044c\u044e \u043e\u0442 \u0443\u043f\u043b\u0430\u0442\u044b \u0437\u0435\u043c\u0435\u043b\u044c\u043d\u043e\u0433\u043e \u043d\u0430\u043b\u043e\u0433\u0430.<\/p>\n\n\n\n<p>\u0413\u043e\u0440\u043e\u0434\u0441\u043a\u043e\u0435 \u0441\u043e\u0431\u0440\u0430\u043d\u0438\u0435 \u041a\u043e\u0445\u0442\u043b\u0430-\u042f\u0440\u0432\u0435 28 \u0430\u0432\u0433\u0443\u0441\u0442\u0430 2025 \u0433. a <a href=\"https:\/\/www.riigiteataja.ee\/akt\/130062024005\">\u041f\u043e\u0441\u0442\u0430\u043d\u043e\u0432\u043b\u0435\u043d\u0438\u0435\u043c \u2116 113<\/a> \u00ab\u041e\u0431 \u0443\u0441\u0442\u0430\u043d\u043e\u0432\u043b\u0435\u043d\u0438\u0438 \u0441\u0442\u0430\u0432\u043a\u0438 \u0437\u0435\u043c\u0435\u043b\u044c\u043d\u043e\u0433\u043e \u043d\u0430\u043b\u043e\u0433\u0430, \u043f\u0440\u0435\u0434\u0435\u043b\u044c\u043d\u043e\u0433\u043e \u0440\u043e\u0441\u0442\u0430 \u0437\u0435\u043c\u0435\u043b\u044c\u043d\u043e\u0433\u043e \u043d\u0430\u043b\u043e\u0433\u0430, \u043d\u0430\u043b\u043e\u0433\u043e\u0432\u043e\u0439 \u043b\u044c\u0433\u043e\u0442\u044b \u043d\u0430 \u0437\u0435\u043c\u043b\u044e \u043f\u043e\u0434 \u0436\u0438\u043b\u044b\u043c \u0434\u043e\u043c\u043e\u043c \u0438 \u0434\u043e\u043f\u043e\u043b\u043d\u0438\u0442\u0435\u043b\u044c\u043d\u044b\u0445 \u043d\u0430\u043b\u043e\u0433\u043e\u0432\u044b\u0445 \u043b\u044c\u0433\u043e\u0442\u00bb\n\u043d\u0430 \u0442\u0435\u0440\u0440\u0438\u0442\u043e\u0440\u0438\u0438 \u0433\u043e\u0440\u043e\u0434\u0430 \u041a\u043e\u0445\u0442\u043b\u0430-\u042f\u0440\u0432\u0435 \u0443\u0441\u0442\u0430\u043d\u043e\u0432\u043b\u0435\u043d\u0430 \u0434\u043e\u043f\u043e\u043b\u043d\u0438\u0442\u0435\u043b\u044c\u043d\u0430\u044f \u043d\u0430\u043b\u043e\u0433\u043e\u0432\u0430\u044f \u043b\u044c\u0433\u043e\u0442\u0430 \u0434\u043b\u044f \u0440\u0435\u043f\u0440\u0435\u0441\u0441\u0438\u0440\u043e\u0432\u0430\u043d\u043d\u044b\u0445 \u0438 \u043f\u0440\u0438\u0440\u0430\u0432\u043d\u0435\u043d\u043d\u044b\u0445 \u043a \u043d\u0438\u043c \u043b\u0438\u0446, \u043f\u043e\u043b\u043d\u043e\u0441\u0442\u044c\u044e \u043e\u0441\u0432\u043e\u0431\u043e\u0436\u0434\u0430\u044e\u0449\u0430\u044f \u043e\u0442 \u0443\u043f\u043b\u0430\u0442\u044b \u0437\u0435\u043c\u0435\u043b\u044c\u043d\u043e\u0433\u043e \u043d\u0430\u043b\u043e\u0433\u0430 \u0437\u0430 \u0437\u0435\u043c\u043b\u044e \u043f\u043e\u0434 \u0436\u0438\u043b\u044b\u043c \u0434\u043e\u043c\u043e\u043c, \u043d\u0430\u0445\u043e\u0434\u044f\u0449\u0443\u044e\u0441\u044f \u0432 \u0438\u0445 \u043f\u043e\u043b\u044c\u0437\u043e\u0432\u0430\u043d\u0438\u0438.<\/p>\n\n\n\n<p>\u0414\u043b\u044f \u043f\u043e\u043b\u0443\u0447\u0435\u043d\u0438\u044f \u0434\u043e\u043f\u043e\u043b\u043d\u0438\u0442\u0435\u043b\u044c\u043d\u043e\u0439 \u043d\u0430\u043b\u043e\u0433\u043e\u0432\u043e\u0439 \u043b\u044c\u0433\u043e\u0442\u044b \u043d\u0435\u043e\u0431\u0445\u043e\u0434\u0438\u043c\u043e \u043f\u043e\u0434\u0430\u0442\u044c \u0432 \u0413\u043e\u0440\u043e\u0434\u0441\u043a\u0443\u044e \u0443\u043f\u0440\u0430\u0432\u0443 \u041a\u043e\u0445\u0442\u043b\u0430-\u042f\u0440\u0432\u0435 \u0441\u0432\u043e\u0431\u043e\u0434\u043d\u043e\u0439 \u0444\u043e\u0440\u043c\u044b \u0437\u0430\u044f\u0432\u043b\u0435\u043d\u0438\u0435 (\u0432 \u044d\u043b\u0435\u043a\u0442\u0440\u043e\u043d\u043d\u043e\u043c \u0432\u0438\u0434\u0435 \u0441 \u0446\u0438\u0444\u0440\u043e\u0432\u043e\u0439 \u043f\u043e\u0434\u043f\u0438\u0441\u044c\u044e \u0438\u043b\u0438 \u043d\u0430 \u0431\u0443\u043c\u0430\u0433\u0435) \u0441\u043e \u0441\u043b\u0435\u0434\u0443\u044e\u0449\u0438\u043c\u0438 \u0434\u0430\u043d\u043d\u044b\u043c\u0438:<\/p>\n\n\n\n<p>&nbsp; 1) \u0438\u043c\u044f \u0438 \u0444\u0430\u043c\u0438\u043b\u0438\u044f;<\/p>\n\n\n\n<p>&nbsp; 2) \u043b\u0438\u0447\u043d\u044b\u0439 \u043a\u043e\u0434, \u043f\u0440\u0438 \u0435\u0433\u043e \u043e\u0442\u0441\u0443\u0442\u0441\u0442\u0432\u0438\u0438 \u2014 \u0433\u043e\u0434 \u0440\u043e\u0436\u0434\u0435\u043d\u0438\u044f;<\/p>\n\n\n\n<p>&nbsp; 3) \u0430\u0434\u0440\u0435\u0441 \u043f\u043e\u0441\u0442\u043e\u044f\u043d\u043d\u043e\u0433\u043e \u043c\u0435\u0441\u0442\u0430 \u0436\u0438\u0442\u0435\u043b\u044c\u0441\u0442\u0432\u0430;<\/p>\n\n\n\n<p>&nbsp; 4) \u0430\u0434\u0440\u0435\u0441 \u044d\u043b\u0435\u043a\u0442\u0440\u043e\u043d\u043d\u043e\u0439 \u043f\u043e\u0447\u0442\u044b \u0438 \u043a\u043e\u043d\u0442\u0430\u043a\u0442\u043d\u044b\u0439 \u0442\u0435\u043b\u0435\u0444\u043e\u043d (\u0435\u0441\u043b\u0438 \u0435\u0441\u0442\u044c);<\/p>\n\n\n\n<p>&nbsp; 5) \u0430\u0434\u0440\u0435\u0441 \u043e\u0431\u043b\u0430\u0433\u0430\u0435\u043c\u043e\u0439 \u043d\u0435\u0434\u0432\u0438\u0436\u0438\u043c\u043e\u0441\u0442\u0438.<\/p>\n\n\n\n<p>\u041a \u0437\u0430\u044f\u0432\u043b\u0435\u043d\u0438\u044e \u043d\u0435\u043e\u0431\u0445\u043e\u0434\u0438\u043c\u043e \u043f\u0440\u0438\u043b\u043e\u0436\u0438\u0442\u044c \u043a\u043e\u043f\u0438\u044e \u0434\u043e\u043a\u0443\u043c\u0435\u043d\u0442\u0430, \u043f\u043e\u0434\u0442\u0432\u0435\u0440\u0436\u0434\u0430\u044e\u0449\u0435\u0433\u043e, \u0447\u0442\u043e \u043b\u0438\u0446\u043e \u0441\u043e\u043e\u0442\u0432\u0435\u0442\u0441\u0442\u0432\u0443\u0435\u0442 \u0443\u0441\u043b\u043e\u0432\u0438\u044f\u043c, \u043f\u0440\u0435\u0434\u0443\u0441\u043c\u043e\u0442\u0440\u0435\u043d\u043d\u044b\u043c \u0432 \u0430\u0431\u0437\u0430\u0446\u0430\u0445 1 \u0438\u043b\u0438 2 \u00a7 2 \u043b\u0438\u0431\u043e \u0430\u0431\u0437\u0430\u0446\u0443 1 \u00a7 4 \u0417\u0430\u043a\u043e\u043d\u0430 \u043e \u043b\u0438\u0446\u0430\u0445, \u0440\u0435\u043f\u0440\u0435\u0441\u0441\u0438\u0440\u043e\u0432\u0430\u043d\u043d\u044b\u0445 \u043e\u043a\u043a\u0443\u043f\u0430\u0446\u0438\u043e\u043d\u043d\u044b\u043c\u0438 \u0440\u0435\u0436\u0438\u043c\u0430\u043c\u0438.<\/p>\n\n\n\n<p>\u0417\u0430\u044f\u0432\u043b\u0435\u043d\u0438\u044f \u043c\u043e\u0436\u043d\u043e \u043f\u043e\u0434\u0430\u0432\u0430\u0442\u044c \u0432 \u0442\u0435\u0447\u0435\u043d\u0438\u0435 \u0432\u0441\u0435\u0433\u043e \u0433\u043e\u0434\u0430. \u0420\u0435\u0448\u0435\u043d\u0438\u0435 \u043e \u043f\u0440\u0435\u0434\u043e\u0441\u0442\u0430\u0432\u043b\u0435\u043d\u0438\u0438 \u0434\u043e\u043f\u043e\u043b\u043d\u0438\u0442\u0435\u043b\u044c\u043d\u043e\u0439 \u043b\u044c\u0433\u043e\u0442\u044b \u043f\u0440\u0438\u043d\u0438\u043c\u0430\u0435\u0442\u0441\u044f \u043f\u043e \u0441\u043e\u0441\u0442\u043e\u044f\u043d\u0438\u044e \u043d\u0430 1 \u044f\u043d\u0432\u0430\u0440\u044f \u0442\u0435\u043a\u0443\u0449\u0435\u0433\u043e \u0433\u043e\u0434\u0430.\n\u041f\u043e\u0432\u0442\u043e\u0440\u043d\u043e \u0437\u0430\u044f\u0432\u043b\u0435\u043d\u0438\u0435 \u043f\u043e\u0434\u0430\u0432\u0430\u0442\u044c \u043d\u0435 \u0442\u0440\u0435\u0431\u0443\u0435\u0442\u0441\u044f \u2014 \u043e\u0434\u043d\u0430\u0436\u0434\u044b \u043f\u043e\u0434\u0430\u043d\u043d\u043e\u0435 \u0437\u0430\u044f\u0432\u043b\u0435\u043d\u0438\u0435 \u0434\u0435\u0439\u0441\u0442\u0432\u0438\u0442\u0435\u043b\u044c\u043d\u043e \u0438 \u0432 \u043f\u043e\u0441\u043b\u0435\u0434\u0443\u044e\u0449\u0438\u0435 \u0433\u043e\u0434\u044b.<\/p>","protected":false},"excerpt":{"rendered":"<p>Maamaksuseaduse \u00a7 11 l\u00f5ike 6 kohaselt v\u00f5ib kohaliku omavalitsuse \u00fcksuse volikogu hiljemalt maksustamisperioodile eelneva aasta 1. oktoobriks m\u00e4\u00e4rata &nbsp;kodualuse maa t\u00e4iendava maksusoodustuse represseeritule ja represseerituga v\u00f5rdsustatud isikule okupatsioonire\u017eiimide poolt represseeritud [&hellip;]<\/p>\n","protected":false},"author":9,"featured_media":0,"parent":2562,"menu_order":2,"comment_status":"closed","ping_status":"closed","template":"","meta":{"_EventAllDay":false,"_EventTimezone":"","_EventStartDate":"","_EventEndDate":"","_EventStartDateUTC":"","_EventEndDateUTC":"","_EventShowMap":false,"_EventShowMapLink":false,"_EventURL":"","_EventCost":"","_EventCostDescription":"","_EventCurrencySymbol":"","_EventCurrencyCode":"","_EventCurrencyPosition":"","_EventDateTimeSeparator":"","_EventTimeRangeSeparator":"","_EventOrganizerID":[],"_EventVenueID":[],"_OrganizerEmail":"","_OrganizerPhone":"","_OrganizerWebsite":"","_VenueAddress":"","_VenueCity":"","_VenueCountry":"","_VenueProvince":"","_VenueState":"","_VenueZip":"","_VenuePhone":"","_VenueURL":"","_VenueStateProvince":"","_VenueLat":"","_VenueLng":"","_VenueShowMap":false,"_VenueShowMapLink":false,"footnotes":""},"class_list":["post-3832","page","type-page","status-publish","hentry"],"_links":{"self":[{"href":"https:\/\/kohtla-jarve.ee\/ru\/wp-json\/wp\/v2\/pages\/3832","targetHints":{"allow":["GET"]}}],"collection":[{"href":"https:\/\/kohtla-jarve.ee\/ru\/wp-json\/wp\/v2\/pages"}],"about":[{"href":"https:\/\/kohtla-jarve.ee\/ru\/wp-json\/wp\/v2\/types\/page"}],"author":[{"embeddable":true,"href":"https:\/\/kohtla-jarve.ee\/ru\/wp-json\/wp\/v2\/users\/9"}],"replies":[{"embeddable":true,"href":"https:\/\/kohtla-jarve.ee\/ru\/wp-json\/wp\/v2\/comments?post=3832"}],"version-history":[{"count":3,"href":"https:\/\/kohtla-jarve.ee\/ru\/wp-json\/wp\/v2\/pages\/3832\/revisions"}],"predecessor-version":[{"id":4170,"href":"https:\/\/kohtla-jarve.ee\/ru\/wp-json\/wp\/v2\/pages\/3832\/revisions\/4170"}],"up":[{"embeddable":true,"href":"https:\/\/kohtla-jarve.ee\/ru\/wp-json\/wp\/v2\/pages\/2562"}],"wp:attachment":[{"href":"https:\/\/kohtla-jarve.ee\/ru\/wp-json\/wp\/v2\/media?parent=3832"}],"curies":[{"name":"wp","href":"https:\/\/api.w.org\/{rel}","templated":true}]}}