{"id":3215,"date":"2025-10-01T16:16:07","date_gmt":"2025-10-01T13:16:07","guid":{"rendered":"https:\/\/kohtla-jarve.ee\/?page_id=3215"},"modified":"2026-02-19T15:39:15","modified_gmt":"2026-02-19T13:39:15","slug":"teede-ja-tanavate-hooldus","status":"publish","type":"page","link":"https:\/\/kohtla-jarve.ee\/ru\/keskkond-ehitus-ja-haldus\/majandus-ja-haldus\/teede-ja-tanavate-hooldus\/","title":{"rendered":"\u041e\u0431\u0441\u043b\u0443\u0436\u0438\u0432\u0430\u043d\u0438\u0435 \u0434\u043e\u0440\u043e\u0433 \u0438 \u0443\u043b\u0438\u0446"},"content":{"rendered":"\n<div class=\"wp-block-columns is-layout-flex wp-container-core-columns-is-layout-7fc3d43a wp-block-columns-is-layout-flex\">\n<div class=\"wp-block-column is-layout-flow wp-block-column-is-layout-flow\" style=\"flex-basis:66.66%\">\n<div class=\"wp-block-group has-base-background-color has-background has-global-padding is-layout-constrained wp-container-core-group-is-layout-1965d1ed wp-block-group-is-layout-constrained\" style=\"border-radius:3px;padding-right:var(--wp--preset--spacing--10);padding-bottom:var(--wp--preset--spacing--10);padding-left:var(--wp--preset--spacing--10);box-shadow:var(--wp--preset--shadow--vaike-vari-1)\">\n<h2 class=\"wp-block-heading\">&nbsp;Hooldust\u00f6\u00f6de teostaja Ahtme ja J\u00e4rve linnaosas:&nbsp;O\u00dc N&amp;V<\/h2>\n\n\n\n<p><strong>01.10.2022. a \u2013 30.09.2027. a<\/strong><\/p>\n\n\n\n<p><span class=\"wp-rich-text-font-awesome-icon wp-font-awesome-icon\"><svg aria-hidden=\"true\" focusable=\"false\" data-prefix=\"fas\" data-icon=\"phone\" class=\"svg-inline--fa fa-phone \" role=\"img\" xmlns=\"http:\/\/www.w3.org\/2000\/svg\" viewBox=\"0 0 512 512\"><path fill=\"currentColor\" d=\"M164.9 24.6c-7.7-18.6-28-28.5-47.4-23.2l-88 24C12.1 30.2 0 46 0 64C0 311.4 200.6 512 448 512c18 0 33.8-12.1 38.6-29.5l24-88c5.3-19.4-4.6-39.7-23.2-47.4l-96-40c-16.3-6.8-35.2-2.1-46.3 11.6L304.7 368C234.3 334.7 177.3 277.7 144 207.3L193.3 167c13.7-11.2 18.4-30 11.6-46.3l-40-96z\"><\/path><\/svg><\/span>Dispet\u0161er&nbsp;<a href=\"tel:3366730\">336 6730<\/a>,&nbsp;<a href=\"tel:5189707\">518 9707<\/a>&nbsp;(\u00f6\u00f6p\u00e4evaringselt)<br><span class=\"wp-rich-text-font-awesome-icon wp-font-awesome-icon\"><svg aria-hidden=\"true\" focusable=\"false\" data-prefix=\"fas\" data-icon=\"envelope-open\" class=\"svg-inline--fa fa-envelope-open \" role=\"img\" xmlns=\"http:\/\/www.w3.org\/2000\/svg\" viewBox=\"0 0 512 512\"><path fill=\"currentColor\" d=\"M64 208.1L256 65.9 448 208.1l0 47.4L289.5 373c-9.7 7.2-21.4 11-33.5 11s-23.8-3.9-33.5-11L64 255.5l0-47.4zM256 0c-12.1 0-23.8 3.9-33.5 11L25.9 156.7C9.6 168.8 0 187.8 0 208.1L0 448c0 35.3 28.7 64 64 64l384 0c35.3 0 64-28.7 64-64l0-239.9c0-20.3-9.6-39.4-25.9-51.4L289.5 11C279.8 3.9 268.1 0 256 0z\"><\/path><\/svg><\/span>info[a]nvhooldus.ee<br><br><strong>Ahtme linnaosa meister<\/strong> Andrei Ojam\u00e4e<br><span class=\"wp-rich-text-font-awesome-icon wp-font-awesome-icon\"><svg aria-hidden=\"true\" focusable=\"false\" data-prefix=\"fas\" data-icon=\"phone\" class=\"svg-inline--fa fa-phone \" role=\"img\" xmlns=\"http:\/\/www.w3.org\/2000\/svg\" viewBox=\"0 0 512 512\"><path fill=\"currentColor\" d=\"M164.9 24.6c-7.7-18.6-28-28.5-47.4-23.2l-88 24C12.1 30.2 0 46 0 64C0 311.4 200.6 512 448 512c18 0 33.8-12.1 38.6-29.5l24-88c5.3-19.4-4.6-39.7-23.2-47.4l-96-40c-16.3-6.8-35.2-2.1-46.3 11.6L304.7 368C234.3 334.7 177.3 277.7 144 207.3L193.3 167c13.7-11.2 18.4-30 11.6-46.3l-40-96z\"><\/path><\/svg><\/span><strong>5302 3772<\/strong><br><span class=\"wp-rich-text-font-awesome-icon wp-font-awesome-icon\"><svg aria-hidden=\"true\" focusable=\"false\" data-prefix=\"fas\" data-icon=\"envelope-open\" class=\"svg-inline--fa fa-envelope-open \" role=\"img\" xmlns=\"http:\/\/www.w3.org\/2000\/svg\" viewBox=\"0 0 512 512\"><path fill=\"currentColor\" d=\"M64 208.1L256 65.9 448 208.1l0 47.4L289.5 373c-9.7 7.2-21.4 11-33.5 11s-23.8-3.9-33.5-11L64 255.5l0-47.4zM256 0c-12.1 0-23.8 3.9-33.5 11L25.9 156.7C9.6 168.8 0 187.8 0 208.1L0 448c0 35.3 28.7 64 64 64l384 0c35.3 0 64-28.7 64-64l0-239.9c0-20.3-9.6-39.4-25.9-51.4L289.5 11C279.8 3.9 268.1 0 256 0z\"><\/path><\/svg><\/span>andrei.ojamae[a]nvhooldus.ee<br><br><strong>J\u00e4rve linnaosa meister<\/strong> Aleksei Prohhorov<br><span class=\"wp-rich-text-font-awesome-icon wp-font-awesome-icon\"><svg aria-hidden=\"true\" focusable=\"false\" data-prefix=\"fas\" data-icon=\"phone\" class=\"svg-inline--fa fa-phone \" role=\"img\" xmlns=\"http:\/\/www.w3.org\/2000\/svg\" viewBox=\"0 0 512 512\"><path fill=\"currentColor\" d=\"M164.9 24.6c-7.7-18.6-28-28.5-47.4-23.2l-88 24C12.1 30.2 0 46 0 64C0 311.4 200.6 512 448 512c18 0 33.8-12.1 38.6-29.5l24-88c5.3-19.4-4.6-39.7-23.2-47.4l-96-40c-16.3-6.8-35.2-2.1-46.3 11.6L304.7 368C234.3 334.7 177.3 277.7 144 207.3L193.3 167c13.7-11.2 18.4-30 11.6-46.3l-40-96z\"><\/path><\/svg><\/span><strong>527 3274<\/strong><\/p>\n<\/div>\n\n\n\n<div class=\"wp-block-group has-base-background-color has-background has-global-padding is-layout-constrained wp-container-core-group-is-layout-1965d1ed wp-block-group-is-layout-constrained\" style=\"border-radius:3px;padding-right:var(--wp--preset--spacing--10);padding-bottom:var(--wp--preset--spacing--10);padding-left:var(--wp--preset--spacing--10);box-shadow:var(--wp--preset--shadow--vaike-vari-1)\">\n<h2 class=\"wp-block-heading\">&nbsp;Hooldust\u00f6\u00f6de teostaja Oru, Sompa ja Kukruse linnaosas:&nbsp;OSK Grupp O\u00dc<\/h2>\n\n\n\n<p><strong>15.04.2024. a kuni 14.04.2027. a<\/strong><\/p>\n\n\n\n<p><span class=\"wp-rich-text-font-awesome-icon wp-font-awesome-icon\"><svg aria-hidden=\"true\" focusable=\"false\" data-prefix=\"fas\" data-icon=\"phone\" class=\"svg-inline--fa fa-phone \" role=\"img\" xmlns=\"http:\/\/www.w3.org\/2000\/svg\" viewBox=\"0 0 512 512\"><path fill=\"currentColor\" d=\"M164.9 24.6c-7.7-18.6-28-28.5-47.4-23.2l-88 24C12.1 30.2 0 46 0 64C0 311.4 200.6 512 448 512c18 0 33.8-12.1 38.6-29.5l24-88c5.3-19.4-4.6-39.7-23.2-47.4l-96-40c-16.3-6.8-35.2-2.1-46.3 11.6L304.7 368C234.3 334.7 177.3 277.7 144 207.3L193.3 167c13.7-11.2 18.4-30 11.6-46.3l-40-96z\"><\/path><\/svg><\/span><strong>+372 3379081<\/strong><br><span class=\"wp-rich-text-font-awesome-icon wp-font-awesome-icon\"><svg aria-hidden=\"true\" focusable=\"false\" data-prefix=\"fas\" data-icon=\"envelope-open\" class=\"svg-inline--fa fa-envelope-open \" role=\"img\" xmlns=\"http:\/\/www.w3.org\/2000\/svg\" viewBox=\"0 0 512 512\"><path fill=\"currentColor\" d=\"M64 208.1L256 65.9 448 208.1l0 47.4L289.5 373c-9.7 7.2-21.4 11-33.5 11s-23.8-3.9-33.5-11L64 255.5l0-47.4zM256 0c-12.1 0-23.8 3.9-33.5 11L25.9 156.7C9.6 168.8 0 187.8 0 208.1L0 448c0 35.3 28.7 64 64 64l384 0c35.3 0 64-28.7 64-64l0-239.9c0-20.3-9.6-39.4-25.9-51.4L289.5 11C279.8 3.9 268.1 0 256 0z\"><\/path><\/svg><\/span>info[a]oskgrupp.ee<\/p>\n<\/div>\n\n\n\n<div class=\"wp-block-group has-base-background-color has-background has-global-padding is-layout-constrained wp-container-core-group-is-layout-1965d1ed wp-block-group-is-layout-constrained\" style=\"border-radius:3px;padding-right:var(--wp--preset--spacing--10);padding-bottom:var(--wp--preset--spacing--10);padding-left:var(--wp--preset--spacing--10);box-shadow:var(--wp--preset--shadow--vaike-vari-1)\">\n<h2 class=\"wp-block-heading\">&nbsp;T\u00e4navavalgustuse rikke telefon&nbsp;<\/h2>\n\n\n\n<p><span class=\"wp-rich-text-font-awesome-icon wp-font-awesome-icon\"><svg aria-hidden=\"true\" focusable=\"false\" data-prefix=\"fas\" data-icon=\"phone\" class=\"svg-inline--fa fa-phone \" role=\"img\" xmlns=\"http:\/\/www.w3.org\/2000\/svg\" viewBox=\"0 0 512 512\"><path fill=\"currentColor\" d=\"M164.9 24.6c-7.7-18.6-28-28.5-47.4-23.2l-88 24C12.1 30.2 0 46 0 64C0 311.4 200.6 512 448 512c18 0 33.8-12.1 38.6-29.5l24-88c5.3-19.4-4.6-39.7-23.2-47.4l-96-40c-16.3-6.8-35.2-2.1-46.3 11.6L304.7 368C234.3 334.7 177.3 277.7 144 207.3L193.3 167c13.7-11.2 18.4-30 11.6-46.3l-40-96z\"><\/path><\/svg><\/span><a href=\"tel:6635788\">663 5788<\/a><\/p>\n<\/div>\n<\/div>\n\n\n\n<div class=\"wp-block-column is-layout-flow wp-block-column-is-layout-flow\" style=\"flex-basis:33.33%\">\n<div class=\"wp-block-group has-global-padding is-layout-constrained wp-container-core-group-is-layout-9597dc02 wp-block-group-is-layout-constrained\" style=\"border-left-color:var(--wp--preset--color--contrast);border-left-width:1px;padding-top:var(--wp--preset--spacing--10);padding-right:var(--wp--preset--spacing--10);padding-bottom:var(--wp--preset--spacing--10);padding-left:var(--wp--preset--spacing--10)\">\n<p><a href=\"https:\/\/www.riigiteataja.ee\/akt\/102112018003?leiaKehtiv\" target=\"_blank\" rel=\"noreferrer noopener\">M\u00e4\u00e4rus \u201eTee seisundin\u00f5uded&#8221;<\/a> <span class=\"wp-rich-text-font-awesome-icon wp-font-awesome-icon\"><svg aria-hidden=\"true\" focusable=\"false\" data-prefix=\"fas\" data-icon=\"arrow-up-right-from-square\" class=\"svg-inline--fa fa-arrow-up-right-from-square \" role=\"img\" xmlns=\"http:\/\/www.w3.org\/2000\/svg\" viewBox=\"0 0 512 512\"><path fill=\"currentColor\" d=\"M320 0c-17.7 0-32 14.3-32 32s14.3 32 32 32l82.7 0L201.4 265.4c-12.5 12.5-12.5 32.8 0 45.3s32.8 12.5 45.3 0L448 109.3l0 82.7c0 17.7 14.3 32 32 32s32-14.3 32-32l0-160c0-17.7-14.3-32-32-32L320 0zM80 32C35.8 32 0 67.8 0 112L0 432c0 44.2 35.8 80 80 80l320 0c44.2 0 80-35.8 80-80l0-112c0-17.7-14.3-32-32-32s-32 14.3-32 32l0 112c0 8.8-7.2 16-16 16L80 448c-8.8 0-16-7.2-16-16l0-320c0-8.8 7.2-16 16-16l112 0c17.7 0 32-14.3 32-32s-14.3-32-32-32L80 32z\"><\/path><\/svg><\/span><\/p>\n\n\n\n<p><a href=\"https:\/\/riigihanked.riik.ee\/rhr-web\/#\/procurement\/4643280\/documents?group=B\" target=\"_blank\" rel=\"noreferrer noopener\">Ahtme ja J\u00e4rve lo hooldus- ja korrashoiut\u00f6\u00f6de riigihanke dokumendid<\/a> <span class=\"wp-rich-text-font-awesome-icon wp-font-awesome-icon\"><svg aria-hidden=\"true\" focusable=\"false\" data-prefix=\"fas\" data-icon=\"arrow-up-right-from-square\" class=\"svg-inline--fa fa-arrow-up-right-from-square \" role=\"img\" xmlns=\"http:\/\/www.w3.org\/2000\/svg\" viewBox=\"0 0 512 512\"><path fill=\"currentColor\" d=\"M320 0c-17.7 0-32 14.3-32 32s14.3 32 32 32l82.7 0L201.4 265.4c-12.5 12.5-12.5 32.8 0 45.3s32.8 12.5 45.3 0L448 109.3l0 82.7c0 17.7 14.3 32 32 32s32-14.3 32-32l0-160c0-17.7-14.3-32-32-32L320 0zM80 32C35.8 32 0 67.8 0 112L0 432c0 44.2 35.8 80 80 80l320 0c44.2 0 80-35.8 80-80l0-112c0-17.7-14.3-32-32-32s-32 14.3-32 32l0 112c0 8.8-7.2 16-16 16L80 448c-8.8 0-16-7.2-16-16l0-320c0-8.8 7.2-16 16-16l112 0c17.7 0 32-14.3 32-32s-14.3-32-32-32L80 32z\"><\/path><\/svg><\/span><\/p>\n\n\n\n<p><a href=\"https:\/\/kohtla-jarve.maps.arcgis.com\/home\/index.html\" target=\"_blank\" rel=\"noreferrer noopener\">Hooldatavate alade kaardid<\/a> <span class=\"wp-rich-text-font-awesome-icon wp-font-awesome-icon\"><svg aria-hidden=\"true\" focusable=\"false\" data-prefix=\"fas\" data-icon=\"arrow-up-right-from-square\" class=\"svg-inline--fa fa-arrow-up-right-from-square \" role=\"img\" xmlns=\"http:\/\/www.w3.org\/2000\/svg\" viewBox=\"0 0 512 512\"><path fill=\"currentColor\" d=\"M320 0c-17.7 0-32 14.3-32 32s14.3 32 32 32l82.7 0L201.4 265.4c-12.5 12.5-12.5 32.8 0 45.3s32.8 12.5 45.3 0L448 109.3l0 82.7c0 17.7 14.3 32 32 32s32-14.3 32-32l0-160c0-17.7-14.3-32-32-32L320 0zM80 32C35.8 32 0 67.8 0 112L0 432c0 44.2 35.8 80 80 80l320 0c44.2 0 80-35.8 80-80l0-112c0-17.7-14.3-32-32-32s-32 14.3-32 32l0 112c0 8.8-7.2 16-16 16L80 448c-8.8 0-16-7.2-16-16l0-320c0-8.8 7.2-16 16-16l112 0c17.7 0 32-14.3 32-32s-14.3-32-32-32L80 32z\"><\/path><\/svg><\/span><\/p>\n<\/div>\n<\/div>\n<\/div>\n\n\n\n<p><\/p>\n","protected":false},"excerpt":{"rendered":"<p>&nbsp;Hooldust\u00f6\u00f6de teostaja Ahtme ja J\u00e4rve linnaosas:&nbsp;O\u00dc N&amp;V 01.10.2022. a \u2013 30.09.2027. a Dispet\u0161er&nbsp;336 6730,&nbsp;518 9707&nbsp;(\u00f6\u00f6p\u00e4evaringselt)info[a]nvhooldus.ee Ahtme linnaosa meister Andrei Ojam\u00e4e5302 3772andrei.ojamae[a]nvhooldus.ee J\u00e4rve linnaosa meister Aleksei Prohhorov527 3274 &nbsp;Hooldust\u00f6\u00f6de teostaja Oru, [&hellip;]<\/p>\n","protected":false},"author":1,"featured_media":0,"parent":2599,"menu_order":2,"comment_status":"closed","ping_status":"closed","template":"","meta":{"_EventAllDay":false,"_EventTimezone":"","_EventStartDate":"","_EventEndDate":"","_EventStartDateUTC":"","_EventEndDateUTC":"","_EventShowMap":false,"_EventShowMapLink":false,"_EventURL":"","_EventCost":"","_EventCostDescription":"","_EventCurrencySymbol":"","_EventCurrencyCode":"","_EventCurrencyPosition":"","_EventDateTimeSeparator":"","_EventTimeRangeSeparator":"","_EventOrganizerID":[],"_EventVenueID":[],"_OrganizerEmail":"","_OrganizerPhone":"","_OrganizerWebsite":"","_VenueAddress":"","_VenueCity":"","_VenueCountry":"","_VenueProvince":"","_VenueState":"","_VenueZip":"","_VenuePhone":"","_VenueURL":"","_VenueStateProvince":"","_VenueLat":"","_VenueLng":"","_VenueShowMap":false,"_VenueShowMapLink":false,"footnotes":""},"class_list":["post-3215","page","type-page","status-publish","hentry"],"_links":{"self":[{"href":"https:\/\/kohtla-jarve.ee\/ru\/wp-json\/wp\/v2\/pages\/3215","targetHints":{"allow":["GET"]}}],"collection":[{"href":"https:\/\/kohtla-jarve.ee\/ru\/wp-json\/wp\/v2\/pages"}],"about":[{"href":"https:\/\/kohtla-jarve.ee\/ru\/wp-json\/wp\/v2\/types\/page"}],"author":[{"embeddable":true,"href":"https:\/\/kohtla-jarve.ee\/ru\/wp-json\/wp\/v2\/users\/1"}],"replies":[{"embeddable":true,"href":"https:\/\/kohtla-jarve.ee\/ru\/wp-json\/wp\/v2\/comments?post=3215"}],"version-history":[{"count":3,"href":"https:\/\/kohtla-jarve.ee\/ru\/wp-json\/wp\/v2\/pages\/3215\/revisions"}],"predecessor-version":[{"id":6233,"href":"https:\/\/kohtla-jarve.ee\/ru\/wp-json\/wp\/v2\/pages\/3215\/revisions\/6233"}],"up":[{"embeddable":true,"href":"https:\/\/kohtla-jarve.ee\/ru\/wp-json\/wp\/v2\/pages\/2599"}],"wp:attachment":[{"href":"https:\/\/kohtla-jarve.ee\/ru\/wp-json\/wp\/v2\/media?parent=3215"}],"curies":[{"name":"wp","href":"https:\/\/api.w.org\/{rel}","templated":true}]}}