{"id":3098,"date":"2025-10-01T11:29:05","date_gmt":"2025-10-01T08:29:05","guid":{"rendered":"https:\/\/kohtla-jarve.ee\/?page_id=3098"},"modified":"2025-10-01T11:30:36","modified_gmt":"2025-10-01T08:30:36","slug":"teabenoue","status":"publish","type":"page","link":"https:\/\/kohtla-jarve.ee\/ru\/teabenoue\/","title":{"rendered":"\u0417\u0430\u043f\u0440\u043e\u0441 \u0438\u043d\u0444\u043e\u0440\u043c\u0430\u0446\u0438\u0438"},"content":{"rendered":"\n<p><strong>Lugupeetud p\u00f6\u00f6rdujad!<\/strong><\/p>\n\n\n\n<p>Teaben\u00f5udega k\u00fcsitakse asutuses juba olemasolevat teavet (nt dokumenti v\u00f5i v\u00e4ljav\u00f5tet). Teaben\u00f5udele vastatakse\u00a0<strong>5 t\u00f6\u00f6p\u00e4eva jooksul<\/strong>. Kui k\u00fcsite asutuse hinnangut v\u00f5i n\u00f5u, juhite t\u00e4helepanu puudustele v\u00f5i soovite mingi toimingu tegemist, siis ei ole tegemist teaben\u00f5udega. Sellisel juhul on tegemist\u00a0<a href=\"\/kusi-infot\">selgitustaotlusega<\/a>\u00a0ning vastamise t\u00e4htaeg on pikem.<\/p>\n\n\n\n<h2 class=\"wp-block-heading\" style=\"padding-top:0;padding-bottom:0\">Teaben\u00f5ue<\/h2>\n\n\n\n<p>Teaben\u00f5ue on teaben\u00f5udja poolt\u00a0<a href=\"https:\/\/www.riigiteataja.ee\/akt\/106012016007?leiaKehtiv\" target=\"_blank\" rel=\"noreferrer noopener\">avaliku teabe seaduses<\/a>\u00a0s\u00e4testatud korras teabevaldajale esitatud taotlus teabe saamiseks.<\/p>\n\n\n\n<p>Teaben\u00f5ue t\u00e4idetakse viivituseta, kuid mitte hiljem kui 5 t\u00f6\u00f6p\u00e4eva jooksul.<\/p>\n\n\n\n<ul class=\"wp-block-list\">\n<li>Kui teaben\u00f5uet ei ole v\u00f5imalik teaben\u00f5udja esitatud andmete puudulikkuse t\u00f5ttu t\u00e4ita, siis teavitab teabevaldaja sellest teaben\u00f5udjat 5 t\u00f6\u00f6p\u00e4eva jooksul teaben\u00f5ude t\u00e4psustamiseks;<\/li>\n\n\n\n<li>kui teabevaldajal on vaja teaben\u00f5uet t\u00e4psustada v\u00f5i kui teabe v\u00e4ljaselgitamine on aegan\u00f5udev, v\u00f5ib ta teaben\u00f5ude t\u00e4itmise t\u00e4htaega pikendada kuni 15 t\u00f6\u00f6p\u00e4evani. T\u00e4htaja pikendamisest koos p\u00f5hjendustega teatab teabevaldaja teaben\u00f5udjale viie t\u00f6\u00f6p\u00e4eva jooksul.<\/li>\n<\/ul>\n\n\n\n<h2 class=\"wp-block-heading\">Teaben\u00f5ude vorm<\/h2>\n\n\n<style id=\"wpforms-css-vars-3090-block-86977af7-f344-45a5-968a-5cbb73305f16\">\n\t\t\t\t#wpforms-3090.wpforms-block-86977af7-f344-45a5-968a-5cbb73305f16 {\n\t\t\t\t--wpforms-button-background-color: #5c3b35;\n\t\t\t}\n\t\t\t<\/style><div class=\"wpforms-container wpforms-container-full wpforms-block wpforms-block-86977af7-f344-45a5-968a-5cbb73305f16 wpforms-render-modern\" id=\"wpforms-3090\"><form id=\"wpforms-form-3090\" class=\"wpforms-validate wpforms-form wpforms-ajax-form\" data-formid=\"3090\" method=\"post\" enctype=\"multipart\/form-data\" action=\"\/ru\/wp-json\/wp\/v2\/pages\/3098\" data-token=\"e1730891400c8910b2d51a53ff2e09de\" data-token-time=\"1775603637\"><noscript class=\"wpforms-error-noscript\">\u0414\u043b\u044f \u0437\u0430\u043f\u043e\u043b\u043d\u0435\u043d\u0438\u044f \u0434\u0430\u043d\u043d\u043e\u0439 \u0444\u043e\u0440\u043c\u044b \u0432\u043a\u043b\u044e\u0447\u0438\u0442\u0435 JavaScript \u0432 \u0431\u0440\u0430\u0443\u0437\u0435\u0440\u0435.<\/noscript><div id=\"wpforms-error-noscript\" style=\"display: none;\">\u0414\u043b\u044f \u0437\u0430\u043f\u043e\u043b\u043d\u0435\u043d\u0438\u044f \u0434\u0430\u043d\u043d\u043e\u0439 \u0444\u043e\u0440\u043c\u044b \u0432\u043a\u043b\u044e\u0447\u0438\u0442\u0435 JavaScript \u0432 \u0431\u0440\u0430\u0443\u0437\u0435\u0440\u0435.<\/div><div class=\"wpforms-field-container\"><div id=\"wpforms-3090-field_1-container\" class=\"wpforms-field wpforms-field-name\" data-field-id=\"1\"><fieldset><legend class=\"wpforms-field-label\">Eesnimi ja perekonnanimi <span class=\"wpforms-required-label\" aria-hidden=\"true\">*<\/span><\/legend><div class=\"wpforms-field-row wpforms-field-medium\"><div class=\"wpforms-field-row-block wpforms-first wpforms-one-half\"><input type=\"text\" id=\"wpforms-3090-field_1\" class=\"wpforms-field-name-first wpforms-field-required\" name=\"wpforms[fields][1][first]\" placeholder=\"Eesnimi\" aria-errormessage=\"wpforms-3090-field_1-error\" autocomplete=\"given-name\" required><label for=\"wpforms-3090-field_1\" class=\"wpforms-field-sublabel after wpforms-sublabel-hide\">\u0418\u043c\u044f<\/label><\/div><div class=\"wpforms-field-row-block wpforms-one-half\"><input type=\"text\" id=\"wpforms-3090-field_1-last\" class=\"wpforms-field-name-last wpforms-field-required\" name=\"wpforms[fields][1][last]\" placeholder=\"Perekonnanimi\" aria-errormessage=\"wpforms-3090-field_1-last-error\" autocomplete=\"family-name\" required><label for=\"wpforms-3090-field_1-last\" class=\"wpforms-field-sublabel after wpforms-sublabel-hide\">\u0424\u0430\u043c\u0438\u043b\u0438\u044f<\/label><\/div><\/div><\/fieldset><\/div>\t\t<div id=\"wpforms-3090-field_7-container\"\n\t\t\tclass=\"wpforms-field wpforms-field-text\"\n\t\t\tdata-field-type=\"text\"\n\t\t\tdata-field-id=\"7\"\n\t\t\t>\n\t\t\t<label class=\"wpforms-field-label\" for=\"wpforms-3090-field_7\" >Elukoha E-posti Soovin<\/label>\n\t\t\t<input type=\"text\" id=\"wpforms-3090-field_7\" class=\"wpforms-field-medium\" name=\"wpforms[fields][7]\" >\n\t\t<\/div>\n\t\t<div id=\"wpforms-3090-field_2-container\" class=\"wpforms-field wpforms-field-text\" data-field-id=\"2\"><label class=\"wpforms-field-label\" for=\"wpforms-3090-field_2\">Elukoha aadress<\/label><input type=\"text\" id=\"wpforms-3090-field_2\" class=\"wpforms-field-medium\" name=\"wpforms[fields][2]\" aria-errormessage=\"wpforms-3090-field_2-error\" autocomplete=\"street-address\" ><\/div><div id=\"wpforms-3090-field_3-container\" class=\"wpforms-field wpforms-field-text\" data-field-id=\"3\"><label class=\"wpforms-field-label\" for=\"wpforms-3090-field_3\">Telefoni number<\/label><input type=\"text\" id=\"wpforms-3090-field_3\" class=\"wpforms-field-small\" name=\"wpforms[fields][3]\" aria-errormessage=\"wpforms-3090-field_3-error\" autocomplete=\"tel\" ><\/div><div id=\"wpforms-3090-field_4-container\" class=\"wpforms-field wpforms-field-email\" data-field-id=\"4\"><label class=\"wpforms-field-label\" for=\"wpforms-3090-field_4\">E-posti aadress<\/label><input type=\"email\" id=\"wpforms-3090-field_4\" class=\"wpforms-field-small\" data-disable-suggestions=\"1\" name=\"wpforms[fields][4]\" spellcheck=\"false\" aria-errormessage=\"wpforms-3090-field_4-error\" autocomplete=\"email\" ><\/div><div id=\"wpforms-3090-field_5-container\" class=\"wpforms-field wpforms-field-textarea\" data-field-id=\"5\"><label class=\"wpforms-field-label\" for=\"wpforms-3090-field_5\">Teaben\u00f5ude sisu <span class=\"wpforms-required-label\" aria-hidden=\"true\">*<\/span><\/label><textarea id=\"wpforms-3090-field_5\" class=\"wpforms-field-medium wpforms-field-required\" name=\"wpforms[fields][5]\" aria-errormessage=\"wpforms-3090-field_5-error\" required><\/textarea><\/div><div id=\"wpforms-3090-field_6-container\" class=\"wpforms-field wpforms-field-radio\" data-field-id=\"6\"><fieldset><legend class=\"wpforms-field-label\">Soovin tagasisidet:<\/legend><ul id=\"wpforms-3090-field_6\"><li class=\"choice-1 depth-1\"><input type=\"radio\" id=\"wpforms-3090-field_6_1\" name=\"wpforms[fields][6]\" value=\"E-posti teel\" aria-errormessage=\"wpforms-3090-field_6_1-error\"  ><label class=\"wpforms-field-label-inline\" for=\"wpforms-3090-field_6_1\">E-posti teel<\/label><\/li><li class=\"choice-2 depth-1\"><input type=\"radio\" id=\"wpforms-3090-field_6_2\" name=\"wpforms[fields][6]\" value=\"Telefoni teel\" aria-errormessage=\"wpforms-3090-field_6_2-error\"  ><label class=\"wpforms-field-label-inline\" for=\"wpforms-3090-field_6_2\">Telefoni teel<\/label><\/li><li class=\"choice-3 depth-1\"><input type=\"radio\" id=\"wpforms-3090-field_6_3\" name=\"wpforms[fields][6]\" value=\"Elukoha aadressile\" aria-errormessage=\"wpforms-3090-field_6_3-error\"  ><label class=\"wpforms-field-label-inline\" for=\"wpforms-3090-field_6_3\">Elukoha aadressile<\/label><\/li><\/ul><\/fieldset><\/div><script>\n\t\t\t\t( function() {\n\t\t\t\t\tconst style = document.createElement( 'style' );\n\t\t\t\t\tstyle.appendChild( document.createTextNode( '#wpforms-3090-field_7-container { position: absolute !important; overflow: hidden !important; display: inline !important; height: 1px !important; width: 1px !important; z-index: -1000 !important; padding: 0 !important; } #wpforms-3090-field_7-container input { visibility: hidden; } #wpforms-conversational-form-page #wpforms-3090-field_7-container label { counter-increment: none; }' ) );\n\t\t\t\t\tdocument.head.appendChild( style );\n\t\t\t\t\tdocument.currentScript?.remove();\n\t\t\t\t} )();\n\t\t\t<\/script><\/div><!-- .wpforms-field-container --><div class=\"wpforms-submit-container\" ><input type=\"hidden\" name=\"wpforms[id]\" value=\"3090\"><input type=\"hidden\" name=\"page_title\" value=\"\"><input type=\"hidden\" name=\"page_url\" value=\"https:\/\/kohtla-jarve.ee\/ru\/wp-json\/wp\/v2\/pages\/3098\"><input type=\"hidden\" name=\"url_referer\" value=\"\"><button type=\"submit\" name=\"wpforms[submit]\" id=\"wpforms-submit-3090\" class=\"wpforms-submit\" data-alt-text=\"Saadan...\" data-submit-text=\"SAADA\" aria-live=\"assertive\" value=\"wpforms-submit\">SAADA<\/button><img loading=\"lazy\" decoding=\"async\" src=\"https:\/\/kohtla-jarve.ee\/wp-content\/plugins\/wpforms-lite\/assets\/images\/submit-spin.svg\" class=\"wpforms-submit-spinner\" style=\"display: none;\" width=\"26\" height=\"26\" alt=\"\u0417\u0430\u0433\u0440\u0443\u0437\u043a\u0430\"><\/div><\/form><\/div>  <!-- .wpforms-container -->","protected":false},"excerpt":{"rendered":"<p>Lugupeetud p\u00f6\u00f6rdujad! Teaben\u00f5udega k\u00fcsitakse asutuses juba olemasolevat teavet (nt dokumenti v\u00f5i v\u00e4ljav\u00f5tet). Teaben\u00f5udele vastatakse\u00a05 t\u00f6\u00f6p\u00e4eva jooksul. Kui k\u00fcsite asutuse hinnangut v\u00f5i n\u00f5u, juhite t\u00e4helepanu puudustele v\u00f5i soovite mingi toimingu tegemist, [&hellip;]<\/p>\n","protected":false},"author":1,"featured_media":0,"parent":0,"menu_order":5,"comment_status":"closed","ping_status":"closed","template":"","meta":{"_EventAllDay":false,"_EventTimezone":"","_EventStartDate":"","_EventEndDate":"","_EventStartDateUTC":"","_EventEndDateUTC":"","_EventShowMap":false,"_EventShowMapLink":false,"_EventURL":"","_EventCost":"","_EventCostDescription":"","_EventCurrencySymbol":"","_EventCurrencyCode":"","_EventCurrencyPosition":"","_EventDateTimeSeparator":"","_EventTimeRangeSeparator":"","_EventOrganizerID":[],"_EventVenueID":[],"_OrganizerEmail":"","_OrganizerPhone":"","_OrganizerWebsite":"","_VenueAddress":"","_VenueCity":"","_VenueCountry":"","_VenueProvince":"","_VenueState":"","_VenueZip":"","_VenuePhone":"","_VenueURL":"","_VenueStateProvince":"","_VenueLat":"","_VenueLng":"","_VenueShowMap":false,"_VenueShowMapLink":false,"footnotes":""},"class_list":["post-3098","page","type-page","status-publish","hentry"],"_links":{"self":[{"href":"https:\/\/kohtla-jarve.ee\/ru\/wp-json\/wp\/v2\/pages\/3098","targetHints":{"allow":["GET"]}}],"collection":[{"href":"https:\/\/kohtla-jarve.ee\/ru\/wp-json\/wp\/v2\/pages"}],"about":[{"href":"https:\/\/kohtla-jarve.ee\/ru\/wp-json\/wp\/v2\/types\/page"}],"author":[{"embeddable":true,"href":"https:\/\/kohtla-jarve.ee\/ru\/wp-json\/wp\/v2\/users\/1"}],"replies":[{"embeddable":true,"href":"https:\/\/kohtla-jarve.ee\/ru\/wp-json\/wp\/v2\/comments?post=3098"}],"version-history":[{"count":2,"href":"https:\/\/kohtla-jarve.ee\/ru\/wp-json\/wp\/v2\/pages\/3098\/revisions"}],"predecessor-version":[{"id":3104,"href":"https:\/\/kohtla-jarve.ee\/ru\/wp-json\/wp\/v2\/pages\/3098\/revisions\/3104"}],"wp:attachment":[{"href":"https:\/\/kohtla-jarve.ee\/ru\/wp-json\/wp\/v2\/media?parent=3098"}],"curies":[{"name":"wp","href":"https:\/\/api.w.org\/{rel}","templated":true}]}}