{"id":3094,"date":"2025-10-01T11:24:28","date_gmt":"2025-10-01T08:24:28","guid":{"rendered":"https:\/\/kohtla-jarve.ee\/?page_id=3094"},"modified":"2026-02-05T09:35:31","modified_gmt":"2026-02-05T07:35:31","slug":"kusi-infot","status":"publish","type":"page","link":"https:\/\/kohtla-jarve.ee\/ru\/kusi-infot\/","title":{"rendered":"\u041f\u043e\u043f\u0440\u043e\u0441\u0438\u0442\u0435 \u0438\u043d\u0444\u043e\u0440\u043c\u0430\u0446\u0438\u044e"},"content":{"rendered":"\n<p><strong>Lugupeetud p\u00f6\u00f6rdujad!<\/strong><\/p>\n\n\n\n<p>Palume t\u00e4hele panna, kui k\u00fcsite asutuse hinnangut v\u00f5i n\u00f5u, juhite t\u00e4helepanu puudustele v\u00f5i soovite mingi toimingu tegemist, siis on tegemist m\u00e4rgukirja v\u00f5i selgitustaotlusega ning vastatakse\u00a0viivituseta, kuid mitte hiljem kui 15 p\u00e4eva jooksul.<\/p>\n\n\n\n<div class=\"wp-block-group is-layout-grid wp-container-core-group-is-layout-55986fc0 wp-block-group-is-layout-grid\">\n<div class=\"wp-block-group has-global-padding is-layout-constrained wp-container-core-group-is-layout-86dba5ee wp-block-group-is-layout-constrained\" style=\"border-radius:3px;padding-top:var(--wp--preset--spacing--10);padding-right:var(--wp--preset--spacing--10);padding-bottom:var(--wp--preset--spacing--10);padding-left:var(--wp--preset--spacing--10);box-shadow:var(--wp--preset--shadow--vaike-vari-1)\">\n<h2 class=\"wp-block-heading has-large-font-size\" style=\"padding-top:0;padding-bottom:0\">Selgitustaotlus<\/h2>\n\n\n\n<p>Selgitustaotlus on isiku p\u00f6\u00f6rdumine, milles isik:<\/p>\n\n\n\n<ul class=\"wp-block-list\">\n<li>taotleb adressaadilt teavet, mis eeldab adressaadi k\u00e4sutuses oleva teabe anal\u00fc\u00fcsi, s\u00fcnteesi v\u00f5i lisateabe kogumist;<\/li>\n\n\n\n<li>taotleb k\u00e4esoleva seaduse \u00a7-s 3 s\u00e4testatud \u00f5igusalase selgituse andmist.<\/li>\n<\/ul>\n\n\n\n<p>Selgitustaotlusele vastatakse\u00a0<a href=\"https:\/\/www.riigiteataja.ee\/akt\/118032011007?leiaKehtiv\" target=\"_blank\" rel=\"noreferrer noopener\">m\u00e4rgukirjale ja selgitustaotlusele vastamise ning kollektiivse p\u00f6\u00f6rdumise esitamise seaduse<\/a>\u00a0alusel 15 p\u00e4eva jooksul.<\/p>\n<\/div>\n\n\n\n<div class=\"wp-block-group has-global-padding is-layout-constrained wp-container-core-group-is-layout-86dba5ee wp-block-group-is-layout-constrained\" style=\"border-radius:3px;padding-top:var(--wp--preset--spacing--10);padding-right:var(--wp--preset--spacing--10);padding-bottom:var(--wp--preset--spacing--10);padding-left:var(--wp--preset--spacing--10);box-shadow:var(--wp--preset--shadow--vaike-vari-1)\">\n<h2 class=\"wp-block-heading has-large-font-size\" style=\"padding-top:0;padding-bottom:0\">M\u00e4rgukiri<\/h2>\n\n\n\n<p>M\u00e4rgukiri on isiku p\u00f6\u00f6rdumine, millega isik:<\/p>\n\n\n\n<ul class=\"wp-block-list\">\n<li>teeb adressaadile ettepanekuid asutuse v\u00f5i organi t\u00f6\u00f6 korraldamiseks v\u00f5i valdkonna arengu kujundamiseks;<\/li>\n\n\n\n<li>annab adressaadile avaliku elu ja riigivalitsemisega seotud teavet.<\/li>\n<\/ul>\n\n\n\n<p>M\u00e4rgukirjale vastatakse\u00a0<a href=\"https:\/\/www.riigiteataja.ee\/akt\/118032011007?leiaKehtiv\" target=\"_blank\" rel=\"noreferrer noopener\">m\u00e4rgukirjale ja selgitustaotlusele vastamise ning kollektiivse p\u00f6\u00f6rdumise esitamise seaduse<\/a>\u00a0alusel 15 p\u00e4eva jooksul.<\/p>\n<\/div>\n<\/div>\n\n\n\n<h2 class=\"wp-block-heading\">K\u00fcsi infot<\/h2>\n\n\n<style id=\"wpforms-css-vars-3084-block-15fe7956-99b4-4ad7-90b5-b5dc131f5b12\">\n\t\t\t\t#wpforms-3084.wpforms-block-15fe7956-99b4-4ad7-90b5-b5dc131f5b12 {\n\t\t\t\t--wpforms-button-background-color: #5c3b35;\n--wpforms-field-size-input-height: 43px;\n--wpforms-field-size-input-spacing: 15px;\n--wpforms-field-size-font-size: 16px;\n--wpforms-field-size-line-height: 19px;\n--wpforms-field-size-padding-h: 14px;\n--wpforms-field-size-checkbox-size: 16px;\n--wpforms-field-size-sublabel-spacing: 5px;\n--wpforms-field-size-icon-size: 1;\n--wpforms-label-size-font-size: 16px;\n--wpforms-label-size-line-height: 19px;\n--wpforms-label-size-sublabel-font-size: 14px;\n--wpforms-label-size-sublabel-line-height: 17px;\n--wpforms-button-size-font-size: 17px;\n--wpforms-button-size-height: 41px;\n--wpforms-button-size-padding-h: 15px;\n--wpforms-button-size-margin-top: 10px;\n\t\t\t}\n\t\t\t<\/style><div class=\"wpforms-container wpforms-container-full wpforms-block wpforms-block-15fe7956-99b4-4ad7-90b5-b5dc131f5b12 wpforms-render-modern\" id=\"wpforms-3084\"><form id=\"wpforms-form-3084\" class=\"wpforms-validate wpforms-form wpforms-ajax-form\" data-formid=\"3084\" method=\"post\" enctype=\"multipart\/form-data\" action=\"\/ru\/wp-json\/wp\/v2\/pages\/3094\" data-token=\"349c2f057ac5e351ed0c4b6ea40c1942\" data-token-time=\"1775603637\"><noscript class=\"wpforms-error-noscript\">\u0414\u043b\u044f \u0437\u0430\u043f\u043e\u043b\u043d\u0435\u043d\u0438\u044f \u0434\u0430\u043d\u043d\u043e\u0439 \u0444\u043e\u0440\u043c\u044b \u0432\u043a\u043b\u044e\u0447\u0438\u0442\u0435 JavaScript \u0432 \u0431\u0440\u0430\u0443\u0437\u0435\u0440\u0435.<\/noscript><div id=\"wpforms-error-noscript\" style=\"display: none;\">\u0414\u043b\u044f \u0437\u0430\u043f\u043e\u043b\u043d\u0435\u043d\u0438\u044f \u0434\u0430\u043d\u043d\u043e\u0439 \u0444\u043e\u0440\u043c\u044b \u0432\u043a\u043b\u044e\u0447\u0438\u0442\u0435 JavaScript \u0432 \u0431\u0440\u0430\u0443\u0437\u0435\u0440\u0435.<\/div><div class=\"wpforms-field-container\"><div id=\"wpforms-3084-field_1-container\" class=\"wpforms-field wpforms-field-name\" data-field-id=\"1\"><label class=\"wpforms-field-label\" for=\"wpforms-3084-field_1\">Teie ees ja perekonnanimi <span class=\"wpforms-required-label\" aria-hidden=\"true\">*<\/span><\/label><input type=\"text\" id=\"wpforms-3084-field_1\" class=\"wpforms-field-small wpforms-field-required\" name=\"wpforms[fields][1]\" aria-errormessage=\"wpforms-3084-field_1-error\" autocomplete=\"name\" required><\/div>\t\t<div id=\"wpforms-3084-field_4-container\"\n\t\t\tclass=\"wpforms-field wpforms-field-text\"\n\t\t\tdata-field-type=\"text\"\n\t\t\tdata-field-id=\"4\"\n\t\t\t>\n\t\t\t<label class=\"wpforms-field-label\" for=\"wpforms-3084-field_4\" >v\u00f5i nr) sisu<\/label>\n\t\t\t<input type=\"text\" id=\"wpforms-3084-field_4\" class=\"wpforms-field-medium\" name=\"wpforms[fields][4]\" >\n\t\t<\/div>\n\t\t<div id=\"wpforms-3084-field_2-container\" class=\"wpforms-field wpforms-field-text\" data-field-id=\"2\"><label class=\"wpforms-field-label\" for=\"wpforms-3084-field_2\">Kontakt (e-post v\u00f5i tel nr) <span class=\"wpforms-required-label\" aria-hidden=\"true\">*<\/span><\/label><input type=\"text\" id=\"wpforms-3084-field_2\" class=\"wpforms-field-small wpforms-field-required\" name=\"wpforms[fields][2]\" aria-errormessage=\"wpforms-3084-field_2-error\" required><\/div><div id=\"wpforms-3084-field_3-container\" class=\"wpforms-field wpforms-field-textarea\" data-field-id=\"3\"><label class=\"wpforms-field-label\" for=\"wpforms-3084-field_3\">P\u00e4ringu sisu <span class=\"wpforms-required-label\" aria-hidden=\"true\">*<\/span><\/label><textarea id=\"wpforms-3084-field_3\" class=\"wpforms-field-medium wpforms-field-required\" name=\"wpforms[fields][3]\" aria-errormessage=\"wpforms-3084-field_3-error\" required><\/textarea><\/div><script>\n\t\t\t\t( function() {\n\t\t\t\t\tconst style = document.createElement( 'style' );\n\t\t\t\t\tstyle.appendChild( document.createTextNode( '#wpforms-3084-field_4-container { position: absolute !important; overflow: hidden !important; display: inline !important; height: 1px !important; width: 1px !important; z-index: -1000 !important; padding: 0 !important; } #wpforms-3084-field_4-container input { visibility: hidden; } #wpforms-conversational-form-page #wpforms-3084-field_4-container label { counter-increment: none; }' ) );\n\t\t\t\t\tdocument.head.appendChild( style );\n\t\t\t\t\tdocument.currentScript?.remove();\n\t\t\t\t} )();\n\t\t\t<\/script><\/div><!-- .wpforms-field-container --><div class=\"wpforms-submit-container\" ><input type=\"hidden\" name=\"wpforms[id]\" value=\"3084\"><input type=\"hidden\" name=\"page_title\" value=\"\"><input type=\"hidden\" name=\"page_url\" value=\"https:\/\/kohtla-jarve.ee\/ru\/wp-json\/wp\/v2\/pages\/3094\"><input type=\"hidden\" name=\"url_referer\" value=\"\"><button type=\"submit\" name=\"wpforms[submit]\" id=\"wpforms-submit-3084\" class=\"wpforms-submit\" data-alt-text=\"Saadan...\" data-submit-text=\"SAADA\" aria-live=\"assertive\" value=\"wpforms-submit\">SAADA<\/button><img loading=\"lazy\" decoding=\"async\" src=\"https:\/\/kohtla-jarve.ee\/wp-content\/plugins\/wpforms-lite\/assets\/images\/submit-spin.svg\" class=\"wpforms-submit-spinner\" style=\"display: none;\" width=\"26\" height=\"26\" alt=\"\u0417\u0430\u0433\u0440\u0443\u0437\u043a\u0430\"><\/div><\/form><\/div>  <!-- .wpforms-container -->","protected":false},"excerpt":{"rendered":"<p>Lugupeetud p\u00f6\u00f6rdujad! Palume t\u00e4hele panna, kui k\u00fcsite asutuse hinnangut v\u00f5i n\u00f5u, juhite t\u00e4helepanu puudustele v\u00f5i soovite mingi toimingu tegemist, siis on tegemist m\u00e4rgukirja v\u00f5i selgitustaotlusega ning vastatakse\u00a0viivituseta, kuid mitte hiljem [&hellip;]<\/p>\n","protected":false},"author":1,"featured_media":0,"parent":0,"menu_order":4,"comment_status":"closed","ping_status":"closed","template":"","meta":{"_EventAllDay":false,"_EventTimezone":"","_EventStartDate":"","_EventEndDate":"","_EventStartDateUTC":"","_EventEndDateUTC":"","_EventShowMap":false,"_EventShowMapLink":false,"_EventURL":"","_EventCost":"","_EventCostDescription":"","_EventCurrencySymbol":"","_EventCurrencyCode":"","_EventCurrencyPosition":"","_EventDateTimeSeparator":"","_EventTimeRangeSeparator":"","_EventOrganizerID":[],"_EventVenueID":[],"_OrganizerEmail":"","_OrganizerPhone":"","_OrganizerWebsite":"","_VenueAddress":"","_VenueCity":"","_VenueCountry":"","_VenueProvince":"","_VenueState":"","_VenueZip":"","_VenuePhone":"","_VenueURL":"","_VenueStateProvince":"","_VenueLat":"","_VenueLng":"","_VenueShowMap":false,"_VenueShowMapLink":false,"footnotes":""},"class_list":["post-3094","page","type-page","status-publish","hentry"],"_links":{"self":[{"href":"https:\/\/kohtla-jarve.ee\/ru\/wp-json\/wp\/v2\/pages\/3094","targetHints":{"allow":["GET"]}}],"collection":[{"href":"https:\/\/kohtla-jarve.ee\/ru\/wp-json\/wp\/v2\/pages"}],"about":[{"href":"https:\/\/kohtla-jarve.ee\/ru\/wp-json\/wp\/v2\/types\/page"}],"author":[{"embeddable":true,"href":"https:\/\/kohtla-jarve.ee\/ru\/wp-json\/wp\/v2\/users\/1"}],"replies":[{"embeddable":true,"href":"https:\/\/kohtla-jarve.ee\/ru\/wp-json\/wp\/v2\/comments?post=3094"}],"version-history":[{"count":2,"href":"https:\/\/kohtla-jarve.ee\/ru\/wp-json\/wp\/v2\/pages\/3094\/revisions"}],"predecessor-version":[{"id":5684,"href":"https:\/\/kohtla-jarve.ee\/ru\/wp-json\/wp\/v2\/pages\/3094\/revisions\/5684"}],"wp:attachment":[{"href":"https:\/\/kohtla-jarve.ee\/ru\/wp-json\/wp\/v2\/media?parent=3094"}],"curies":[{"name":"wp","href":"https:\/\/api.w.org\/{rel}","templated":true}]}}