{"id":2699,"date":"2025-09-29T15:54:34","date_gmt":"2025-09-29T12:54:34","guid":{"rendered":"https:\/\/kohtla-jarve.ee\/?page_id=2699"},"modified":"2025-10-31T15:23:41","modified_gmt":"2025-10-31T13:23:41","slug":"raudi-kalmistu","status":"publish","type":"page","link":"https:\/\/kohtla-jarve.ee\/ru\/keskkond-ehitus-ja-haldus\/majandus-ja-haldus\/raudi-kalmistu\/","title":{"rendered":"\u041a\u043b\u0430\u0434\u0431\u0438\u0449\u0435 \u0420\u0430\u0443\u0434\u0438"},"content":{"rendered":"<div class=\"wp-block-columns is-layout-flex wp-container-core-columns-is-layout-7fc3d43a wp-block-columns-is-layout-flex\">\n<div class=\"wp-block-column is-layout-flow wp-block-column-is-layout-flow\" style=\"flex-basis:66.66%\">\n<p>\u041a\u043b\u0430\u0434\u0431\u0438\u0449\u0435 \u0420\u0430\u0443\u0434\u0438, \u043d\u0430\u0445\u043e\u0434\u044f\u0449\u0435\u0435\u0441\u044f \u0432 \u043c\u0443\u043d\u0438\u0446\u0438\u043f\u0430\u043b\u044c\u043d\u043e\u043c \u0443\u043f\u0440\u0430\u0432\u043b\u0435\u043d\u0438\u0438 \u0433\u043e\u0440\u043e\u0434\u0430 \u041a\u043e\u0445\u0442\u043b\u0430-\u042f\u0440\u0432\u0435, \u0440\u0430\u0441\u043f\u043e\u043b\u043e\u0436\u0435\u043d\u043e \u0432 \u0434\u0435\u0440\u0435\u0432\u043d\u0435 \u041a\u043e\u043d\u0441\u0443 \u0432\u043e\u043b\u043e\u0441\u0442\u0438 \u0410\u043b\u0443\u0442\u0430\u0433\u0443\u0437\u0435.<\/p>\n\n\n\n<p>\u0423\u043f\u0440\u0430\u0432\u043b\u0435\u043d\u0438\u0435 \u0438 \u0438\u0441\u043f\u043e\u043b\u044c\u0437\u043e\u0432\u0430\u043d\u0438\u0435 \u043a\u043b\u0430\u0434\u0431\u0438\u0449\u0430 \u043e\u0441\u0443\u0449\u0435\u0441\u0442\u0432\u043b\u044f\u0435\u0442\u0441\u044f \u0432 \u0441\u043e\u043e\u0442\u0432\u0435\u0442\u0441\u0442\u0432\u0438\u0438 \u0441 \u043f\u043e\u043b\u043e\u0436\u0435\u043d\u0438\u044f\u043c\u0438 \u043f\u043e\u0441\u0442\u0430\u043d\u043e\u0432\u043b\u0435\u043d\u0438\u044f \u041a\u043e\u0445\u0442\u043b\u0430-\u042f\u0440\u0432\u0435\u0441\u043a\u043e\u0439 \u0433\u043e\u0440\u043e\u0434\u0441\u043a\u043e\u0433\u043e \u0441\u043e\u0431\u0440\u0430\u043d\u0438\u044f \u2116 115 \u043e\u0442 29.02.2012 \u201e<a href=\"https:\/\/www.riigiteataja.ee\/akt\/411072013020\" target=\"_blank\" rel=\"noreferrer noopener\">\u041f\u0440\u0430\u0432\u0438\u043b\u0430 \u043a\u043b\u0430\u0434\u0431\u0438\u0449\u0430 \u0420\u0430\u0443\u0434\u0438 \u0433\u043e\u0440\u043e\u0434\u0430 \u041a\u043e\u0445\u0442\u043b\u0430-\u042f\u0440\u0432\u0435<\/a>\u201d.<\/p>\n\n\n\n<p>\u0413\u043e\u0440\u043e\u0434\u0441\u043a\u0430\u044f \u0443\u043f\u0440\u0430\u0432\u0430 \u041a\u043e\u0445\u0442\u043b\u0430-\u042f\u0440\u0432\u0435 \u0437\u0430\u043a\u043b\u044e\u0447\u0438\u043b\u0430 \u0441 \u043e\u0431\u0449\u0435\u0441\u0442\u0432\u043e\u043c \u0441 \u043e\u0433\u0440\u0430\u043d\u0438\u0447\u0435\u043d\u043d\u043e\u0439 \u043e\u0442\u0432\u0435\u0442\u0441\u0442\u0432\u0435\u043d\u043d\u043e\u0441\u0442\u044c\u044e \u043d\u043e\u0432\u044b\u0439 \u0434\u043e\u0433\u043e\u0432\u043e\u0440 \u043d\u0430 \u0443\u043f\u0440\u0430\u0432\u043b\u0435\u043d\u0438\u0435 \u0438 \u043e\u0431\u0441\u043b\u0443\u0436\u0438\u0432\u0430\u043d\u0438\u0435 \u043a\u043b\u0430\u0434\u0431\u0438\u0449\u0430 \u0420\u0430\u0443\u0434 \u0441 1 \u043d\u043e\u044f\u0431\u0440\u044f 2025 \u0433\u043e\u0434\u0430. <strong>\u0418\u0434\u0430-\u0425\u0430\u043b\u044c\u044f\u0441\u0442\u0443\u0441 <\/strong>(\u0440\u0435\u0433\u0438\u0441\u0442\u0440\u0430\u0446\u0438\u043e\u043d\u043d\u044b\u0439 \u043a\u043e\u0434 14207213), \u043a\u043e\u0442\u043e\u0440\u0430\u044f \u043e\u0442\u0432\u0435\u0447\u0430\u0435\u0442 \u0437\u0430 \u0443\u043f\u0440\u0430\u0432\u043b\u0435\u043d\u0438\u0435 \u0438 \u0441\u043e\u0434\u0435\u0440\u0436\u0430\u043d\u0438\u0435 \u043a\u043b\u0430\u0434\u0431\u0438\u0449\u0430. \u0414\u043e\u0433\u043e\u0432\u043e\u0440 \u0434\u0435\u0439\u0441\u0442\u0432\u0443\u0435\u0442 \u0434\u043e 31 \u043e\u043a\u0442\u044f\u0431\u0440\u044f 2030 \u0433\u043e\u0434\u0430.<\/p>\n\n\n\n<p><strong>\u041e\u0431\u044f\u0437\u0430\u043d\u043d\u043e\u0441\u0442\u0438 \u0441\u043c\u043e\u0442\u0440\u0438\u0442\u0435\u043b\u044f \u043a\u043b\u0430\u0434\u0431\u0438\u0449\u0430<\/strong><\/p>\n\n\n\n<p>O\u00dc Ida-Haljastus \u043e\u0431\u0435\u0441\u043f\u0435\u0447\u0438\u0432\u0430\u0435\u0442 \u0441\u043e\u0434\u0435\u0440\u0436\u0430\u043d\u0438\u0435, \u0443\u043f\u0440\u0430\u0432\u043b\u0435\u043d\u0438\u0435 \u0438 \u043f\u0440\u0435\u0434\u043e\u0441\u0442\u0430\u0432\u043b\u0435\u043d\u0438\u0435 \u0443\u0441\u043b\u0443\u0433 \u043a\u043b\u0430\u0434\u0431\u0438\u0449\u0430 \u0420\u0430\u0443\u0434 \u0432 \u0441\u043e\u043e\u0442\u0432\u0435\u0442\u0441\u0442\u0432\u0438\u0438 \u0441 \u0434\u0435\u0439\u0441\u0442\u0432\u0443\u044e\u0449\u0438\u043c \u0437\u0430\u043a\u043e\u043d\u043e\u0434\u0430\u0442\u0435\u043b\u044c\u0441\u0442\u0432\u043e\u043c. \u0412 \u0437\u0430\u0434\u0430\u0447\u0438 \u0441\u043c\u043e\u0442\u0440\u0438\u0442\u0435\u043b\u044f \u0432\u0445\u043e\u0434\u0438\u0442:<\/p>\n\n\n\n<ul class=\"wp-block-list\">\n<li>\u043a\u0440\u0443\u0433\u043b\u043e\u0433\u043e\u0434\u0438\u0447\u043d\u043e\u0435 \u0441\u043e\u0434\u0435\u0440\u0436\u0430\u043d\u0438\u0435 \u0434\u043e\u0440\u043e\u0433 \u0438 \u043f\u043b\u043e\u0449\u0430\u0434\u0435\u0439, \u0432\u043a\u043b\u044e\u0447\u0430\u044f \u0443\u0431\u043e\u0440\u043a\u0443 \u0441\u043d\u0435\u0433\u0430 \u0438 \u0441\u043b\u044f\u043a\u043e\u0442\u0438, \u043e\u0447\u0438\u0441\u0442\u043a\u0443 \u043e\u0442 \u043c\u0443\u0441\u043e\u0440\u0430 \u0438 \u043b\u0438\u0441\u0442\u044c\u0435\u0432;<\/li>\n\n\n\n<li>\u0443\u0445\u043e\u0434 \u0437\u0430 \u043b\u0430\u043d\u0434\u0448\u0430\u0444\u0442\u043d\u044b\u043c \u0434\u0438\u0437\u0430\u0439\u043d\u043e\u043c, \u0432\u043a\u043b\u044e\u0447\u0430\u044f \u0441\u0442\u0440\u0438\u0436\u043a\u0443, \u0443\u0434\u0430\u043b\u0435\u043d\u0438\u0435 \u043a\u0443\u0441\u0442\u0430\u0440\u043d\u0438\u043a\u0430, \u0443\u0434\u0430\u043b\u0435\u043d\u0438\u0435 \u0434\u0435\u0440\u0435\u0432\u044c\u0435\u0432 \u0438 \u0432\u0435\u0442\u0432\u0435\u0439, \u043a\u043e\u0442\u043e\u0440\u044b\u0435 \u043c\u043e\u0433\u0443\u0442 \u0441\u043b\u043e\u043c\u0430\u0442\u044c\u0441\u044f, \u0438 \u043e\u0431\u0440\u0435\u0437\u043a\u0443 \u0436\u0438\u0432\u044b\u0445 \u0438\u0437\u0433\u043e\u0440\u043e\u0434\u0435\u0439 \u0438 \u043a\u0443\u0441\u0442\u0430\u0440\u043d\u0438\u043a\u043e\u0432;<\/li>\n\n\n\n<li>\u043e\u0440\u0433\u0430\u043d\u0438\u0437\u0430\u0446\u0438\u044f \u0443\u043f\u0440\u0430\u0432\u043b\u0435\u043d\u0438\u044f \u043e\u0442\u0445\u043e\u0434\u0430\u043c\u0438;<\/li>\n\n\n\n<li>\u043e\u043a\u0430\u0437\u0430\u043d\u0438\u0435 \u043f\u043e\u0445\u043e\u0440\u043e\u043d\u043d\u044b\u0445 \u0438 \u043a\u043b\u0430\u0434\u0431\u0438\u0449\u0435\u043d\u0441\u043a\u0438\u0445 \u0443\u0441\u043b\u0443\u0433, \u0432\u043a\u043b\u044e\u0447\u0430\u044f \u0432\u044b\u0434\u0435\u043b\u0435\u043d\u0438\u0435 \u0438 \u0440\u0435\u0433\u0438\u0441\u0442\u0440\u0430\u0446\u0438\u044e \u0443\u0447\u0430\u0441\u0442\u043a\u043e\u0432 \u0434\u043b\u044f \u0437\u0430\u0445\u043e\u0440\u043e\u043d\u0435\u043d\u0438\u044f;<\/li>\n\n\n\n<li>\u0432\u043d\u0435\u0441\u0435\u043d\u0438\u0435 \u0434\u0430\u043d\u043d\u044b\u0445 \u0432 \u0440\u0435\u0435\u0441\u0442\u0440 \u043a\u043b\u0430\u0434\u0431\u0438\u0449\u0430 \u0425\u0430\u0443\u0434 \u0438 \u0432\u0435\u0434\u0435\u043d\u0438\u0435 \u0434\u043e\u043a\u0443\u043c\u0435\u043d\u0442\u0430\u0446\u0438\u0438.<\/li>\n<\/ul>\n\n\n\n<p><br>\u0417\u0430\u043f\u0438\u0441\u0438 \u043e \u043f\u043e\u0445\u043e\u0440\u043e\u043d\u0435\u043d\u043d\u044b\u0445 \u043d\u0430 \u043a\u043b\u0430\u0434\u0431\u0438\u0449\u0435 \u0420\u0430\u0443\u0434 \u0445\u0440\u0430\u043d\u044f\u0442\u0441\u044f \u0432 \u043d\u0430\u0446\u0438\u043e\u043d\u0430\u043b\u044c\u043d\u043e\u0439 \u0441\u0438\u0441\u0442\u0435\u043c\u0435. <a href=\"http:\/\/www.kalmistud.ee\/\" target=\"_blank\" rel=\"noreferrer noopener\">\u0432 \u0440\u0435\u0433\u0438\u0441\u0442\u0440\u0435 \u043a\u043b\u0430\u0434\u0431\u0438\u0449 \"\u0425\u0430\u0443\u0434\u0438\"<\/a>.<\/p>\n<\/div>\n\n\n\n<div class=\"wp-block-column is-layout-flow wp-block-column-is-layout-flow\" style=\"flex-basis:33.33%\">\n<div class=\"wp-block-group has-global-padding is-layout-constrained wp-container-core-group-is-layout-2926fa3e wp-block-group-is-layout-constrained\" style=\"border-radius:3px;padding-top:0;padding-right:var(--wp--preset--spacing--10);padding-bottom:var(--wp--preset--spacing--10);padding-left:var(--wp--preset--spacing--10);box-shadow:var(--wp--preset--shadow--vaike-vari-2)\">\n<h2 class=\"wp-block-heading has-large-font-size\" style=\"padding-top:0;padding-bottom:0\">\u0418\u0414\u0410-\u0425\u0410\u041b\u042c\u042f\u0421\u0422\u0423\u0421 \u041e\u0419<\/h2>\n\n\n\n<p><span class=\"wp-rich-text-font-awesome-icon wp-font-awesome-icon\"><svg aria-hidden=\"true\" focusable=\"false\" data-prefix=\"fas\" data-icon=\"location-dot\" class=\"svg-inline--fa fa-location-dot\" role=\"img\" xmlns=\"http:\/\/www.w3.org\/2000\/svg\" viewbox=\"0 0 384 512\"><path fill=\"currentColor\" d=\"M215.7 499.2C267 435 384 279.4 384 192C384 86 298 0 192 0S0 86 0 192c0 87.4 117 243 168.3 307.2c12.3 15.3 35.1 15.3 47.4 0zM192 128a64 64 0 1 1 0 128 64 64 0 1 1 0-128z\"><\/path><\/svg><\/span><strong>\u041f\u044b\u043b\u043b\u0443 41, \u0419\u044b\u0445\u0432\u0438, \u0424\u0438\u043d\u043b\u044f\u043d\u0434\u0438\u044f<\/strong><br><span class=\"wp-rich-text-font-awesome-icon wp-font-awesome-icon\"><svg aria-hidden=\"true\" focusable=\"false\" data-prefix=\"fas\" data-icon=\"phone\" class=\"svg-inline--fa fa-phone\" role=\"img\" xmlns=\"http:\/\/www.w3.org\/2000\/svg\" viewbox=\"0 0 512 512\"><path fill=\"currentColor\" d=\"M164.9 24.6c-7.7-18.6-28-28.5-47.4-23.2l-88 24C12.1 30.2 0 46 0 64C0 311.4 200.6 512 448 512c18 0 33.8-12.1 38.6-29.5l24-88c5.3-19.4-4.6-39.7-23.2-47.4l-96-40c-16.3-6.8-35.2-2.1-46.3 11.6L304.7 368C234.3 334.7 177.3 277.7 144 207.3L193.3 167c13.7-11.2 18.4-30 11.6-46.3l-40-96z\"><\/path><\/svg><\/span><a href=\"tel:+37256210787\" title=\"\">+372 5621 0787<\/a><br><strong>\u041a\u0440\u0443\u0433\u043b\u043e\u0441\u0443\u0442\u043e\u0447\u043d\u0430\u044f \u0442\u0440\u0430\u043d\u0441\u043f\u043e\u0440\u0442\u0438\u0440\u043e\u0432\u043a\u0430<br><span class=\"wp-rich-text-font-awesome-icon wp-font-awesome-icon\"><svg aria-hidden=\"true\" focusable=\"false\" data-prefix=\"fas\" data-icon=\"envelope\" class=\"svg-inline--fa fa-envelope\" role=\"img\" xmlns=\"http:\/\/www.w3.org\/2000\/svg\" viewbox=\"0 0 512 512\"><path fill=\"currentColor\" d=\"M48 64C21.5 64 0 85.5 0 112c0 15.1 7.1 29.3 19.2 38.4L236.8 313.6c11.4 8.5 27 8.5 38.4 0L492.8 150.4c12.1-9.1 19.2-23.3 19.2-38.4c0-26.5-21.5-48-48-48L48 64zM0 176L0 384c0 35.3 28.7 64 64 64l384 0c35.3 0 64-28.7 64-64l0-208L294.4 339.2c-22.8 17.1-54 17.1-76.8 0L0 176z\"><\/path><\/svg><\/span><\/strong><a href=\"mailto:info@stmatuseteenused.ee\" title=\"info@stmatuseteenused.ee\">info@stmatuseteenused.ee<\/a><\/p>\n\n\n\n<p><strong>\u043e\u0442\u043a\u0440\u044b\u0442\u043e:<\/strong>\u00a0<strong>\u041f\u043d-\u041f\u0442<\/strong>\u00a010.00-16.00<\/p>\n<\/div>\n<\/div>\n<\/div>\n\n\n\n<p><\/p>","protected":false},"excerpt":{"rendered":"<p>Kohtla-J\u00e4rve linna munitsipaalomandusse kuuluv Raudi kalmistu asub Alutaguse vallas, Konsu k\u00fclas. Kalmistu haldamine ja kasutamine toimub Kohtla-J\u00e4rve Linnavolikogu 29.02.2012.&nbsp; a m\u00e4\u00e4ruse nr 115&nbsp; \u201eKohtla-J\u00e4rve linna Raudi kalmistu eeskiri&#8221; alusel. Kohtla-J\u00e4rve [&hellip;]<\/p>\n","protected":false},"author":1,"featured_media":0,"parent":2599,"menu_order":4,"comment_status":"closed","ping_status":"closed","template":"","meta":{"_EventAllDay":false,"_EventTimezone":"","_EventStartDate":"","_EventEndDate":"","_EventStartDateUTC":"","_EventEndDateUTC":"","_EventShowMap":false,"_EventShowMapLink":false,"_EventURL":"","_EventCost":"","_EventCostDescription":"","_EventCurrencySymbol":"","_EventCurrencyCode":"","_EventCurrencyPosition":"","_EventDateTimeSeparator":"","_EventTimeRangeSeparator":"","_EventOrganizerID":[],"_EventVenueID":[],"_OrganizerEmail":"","_OrganizerPhone":"","_OrganizerWebsite":"","_VenueAddress":"","_VenueCity":"","_VenueCountry":"","_VenueProvince":"","_VenueState":"","_VenueZip":"","_VenuePhone":"","_VenueURL":"","_VenueStateProvince":"","_VenueLat":"","_VenueLng":"","_VenueShowMap":false,"_VenueShowMapLink":false,"footnotes":""},"class_list":["post-2699","page","type-page","status-publish","hentry"],"_links":{"self":[{"href":"https:\/\/kohtla-jarve.ee\/ru\/wp-json\/wp\/v2\/pages\/2699","targetHints":{"allow":["GET"]}}],"collection":[{"href":"https:\/\/kohtla-jarve.ee\/ru\/wp-json\/wp\/v2\/pages"}],"about":[{"href":"https:\/\/kohtla-jarve.ee\/ru\/wp-json\/wp\/v2\/types\/page"}],"author":[{"embeddable":true,"href":"https:\/\/kohtla-jarve.ee\/ru\/wp-json\/wp\/v2\/users\/1"}],"replies":[{"embeddable":true,"href":"https:\/\/kohtla-jarve.ee\/ru\/wp-json\/wp\/v2\/comments?post=2699"}],"version-history":[{"count":3,"href":"https:\/\/kohtla-jarve.ee\/ru\/wp-json\/wp\/v2\/pages\/2699\/revisions"}],"predecessor-version":[{"id":3799,"href":"https:\/\/kohtla-jarve.ee\/ru\/wp-json\/wp\/v2\/pages\/2699\/revisions\/3799"}],"up":[{"embeddable":true,"href":"https:\/\/kohtla-jarve.ee\/ru\/wp-json\/wp\/v2\/pages\/2599"}],"wp:attachment":[{"href":"https:\/\/kohtla-jarve.ee\/ru\/wp-json\/wp\/v2\/media?parent=2699"}],"curies":[{"name":"wp","href":"https:\/\/api.w.org\/{rel}","templated":true}]}}