{"id":2685,"date":"2025-09-29T15:38:37","date_gmt":"2025-09-29T12:38:37","guid":{"rendered":"https:\/\/kohtla-jarve.ee\/?page_id=2685"},"modified":"2025-11-18T13:04:54","modified_gmt":"2025-11-18T11:04:54","slug":"linnavara-voorandamine","status":"publish","type":"page","link":"https:\/\/kohtla-jarve.ee\/ru\/keskkond-ehitus-ja-haldus\/majandus-ja-haldus\/linnavara-voorandamine\/","title":{"rendered":"\u041e\u0442\u0447\u0443\u0436\u0434\u0435\u043d\u0438\u0435 \u0433\u043e\u0440\u043e\u0434\u0441\u043a\u043e\u0439 \u0441\u043e\u0431\u0441\u0442\u0432\u0435\u043d\u043d\u043e\u0441\u0442\u0438"},"content":{"rendered":"<p>\u041c\u0443\u043d\u0438\u0446\u0438\u043f\u0430\u043b\u044c\u043d\u043e\u0435 \u0438\u043c\u0443\u0449\u0435\u0441\u0442\u0432\u043e - \u044d\u0442\u043e \u0434\u0432\u0438\u0436\u0438\u043c\u043e\u0435 \u0438 \u043d\u0435\u0434\u0432\u0438\u0436\u0438\u043c\u043e\u0435 \u0438\u043c\u0443\u0449\u0435\u0441\u0442\u0432\u043e \u0438 \u0444\u0438\u043d\u0430\u043d\u0441\u043e\u0432\u043e \u043e\u0446\u0435\u043d\u0438\u0432\u0430\u0435\u043c\u044b\u0435 \u043f\u0440\u0430\u0432\u0430 \u0438 \u043e\u0431\u044f\u0437\u0430\u043d\u043d\u043e\u0441\u0442\u0438, \u043f\u0440\u0438\u043d\u0430\u0434\u043b\u0435\u0436\u0430\u0449\u0438\u0435 \u043c\u0443\u043d\u0438\u0446\u0438\u043f\u0430\u043b\u0438\u0442\u0435\u0442\u0443, \u0432\u043a\u043b\u044e\u0447\u0430\u044f \u0438\u043c\u0443\u0449\u0435\u0441\u0442\u0432\u043e, \u0438\u0441\u043f\u043e\u043b\u044c\u0437\u0443\u0435\u043c\u043e\u0435 \u0434\u043b\u044f \u043e\u0431\u0449\u0435\u0441\u0442\u0432\u0435\u043d\u043d\u044b\u0445 \u0446\u0435\u043b\u0435\u0439, \u043a\u043e\u0442\u043e\u0440\u043e\u0435 \u0432 \u0441\u0438\u043b\u0443 \u0441\u0432\u043e\u0435\u0433\u043e \u0441\u043e\u0446\u0438\u0430\u043b\u044c\u043d\u043e\u0433\u043e \u0445\u0430\u0440\u0430\u043a\u0442\u0435\u0440\u0430 \u0438\u0441\u043f\u043e\u043b\u044c\u0437\u0443\u0435\u0442\u0441\u044f \u0432\u0441\u0435\u043c\u0438 (\u043c\u0435\u0441\u0442\u043d\u044b\u0435 \u0434\u043e\u0440\u043e\u0433\u0438, \u0443\u043b\u0438\u0446\u044b, \u043f\u043b\u043e\u0449\u0430\u0434\u0438, \u043f\u0430\u0440\u043a\u0438 \u0438 \u0442.\u0434.).<\/p>\n\n\n\n<p>\u0422\u0440\u0435\u0442\u044c\u0435 \u043b\u0438\u0446\u043e \u0442\u0430\u043a\u0436\u0435 \u043c\u043e\u0436\u0435\u0442 \u0431\u044b\u0442\u044c \u043f\u043e\u043b\u044c\u0437\u043e\u0432\u0430\u0442\u0435\u043b\u0435\u043c \u0433\u043e\u0440\u043e\u0434\u0441\u043a\u043e\u0433\u043e \u0438\u043c\u0443\u0449\u0435\u0441\u0442\u0432\u0430, \u0430 \u043f\u043e\u043b\u044c\u0437\u043e\u0432\u0430\u0442\u0435\u043b\u0438 \u043e\u0431\u044f\u0437\u0430\u043d\u044b \u0440\u0430\u0447\u0438\u0442\u0435\u043b\u044c\u043d\u043e \u0440\u0430\u0441\u043f\u043e\u0440\u044f\u0436\u0430\u0442\u044c\u0441\u044f \u0433\u043e\u0440\u043e\u0434\u0441\u043a\u0438\u043c \u0438\u043c\u0443\u0449\u0435\u0441\u0442\u0432\u043e\u043c, \u043f\u0440\u0435\u0434\u043e\u0441\u0442\u0430\u0432\u043b\u0435\u043d\u043d\u044b\u043c \u0432 \u0438\u0445 \u0440\u0430\u0441\u043f\u043e\u0440\u044f\u0436\u0435\u043d\u0438\u0435, \u0438 \u043e\u0431\u0435\u0441\u043f\u0435\u0447\u0438\u0432\u0430\u0442\u044c \u0441\u043e\u0445\u0440\u0430\u043d\u043d\u043e\u0441\u0442\u044c, \u0441\u043e\u0434\u0435\u0440\u0436\u0430\u043d\u0438\u0435 \u0438 \u043d\u0430\u0434\u043b\u0435\u0436\u0430\u0449\u0435\u0435 \u0438\u0441\u043f\u043e\u043b\u044c\u0437\u043e\u0432\u0430\u043d\u0438\u0435 \u0433\u043e\u0440\u043e\u0434\u0441\u043a\u043e\u0433\u043e \u0438\u043c\u0443\u0449\u0435\u0441\u0442\u0432\u0430.<\/p>\n\n\n\n<p>\u041c\u0443\u043d\u0438\u0446\u0438\u043f\u0430\u043b\u0438\u0442\u0435\u0442 \u0437\u0430\u043a\u043b\u044e\u0447\u0430\u0435\u0442 \u0434\u043e\u0433\u043e\u0432\u043e\u0440\u044b \u043d\u0430 \u043f\u0440\u0435\u0434\u043e\u0441\u0442\u0430\u0432\u043b\u0435\u043d\u0438\u0435 \u043a\u043e\u043c\u043c\u0443\u043d\u0430\u043b\u044c\u043d\u044b\u0445 \u0443\u0441\u043b\u0443\u0433, \u0441\u0432\u044f\u0437\u0430\u043d\u043d\u044b\u0445 \u0441 \u0443\u043f\u0440\u0430\u0432\u043b\u0435\u043d\u0438\u0435\u043c \u0438\u043c\u0443\u0449\u0435\u0441\u0442\u0432\u043e\u043c (\u044d\u043b\u0435\u043a\u0442\u0440\u0438\u0447\u0435\u0441\u0442\u0432\u043e, \u043e\u0442\u043e\u043f\u043b\u0435\u043d\u0438\u0435, \u0432\u043e\u0434\u043e\u0441\u043d\u0430\u0431\u0436\u0435\u043d\u0438\u0435, \u043e\u0445\u0440\u0430\u043d\u0430, \u0432\u044b\u0432\u043e\u0437 \u043c\u0443\u0441\u043e\u0440\u0430, \u0443\u0431\u043e\u0440\u043a\u0430, \u043e\u0431\u0441\u043b\u0443\u0436\u0438\u0432\u0430\u043d\u0438\u0435 \u0442\u0435\u0445\u043d\u0438\u0447\u0435\u0441\u043a\u0438\u0445 \u0441\u0438\u0441\u0442\u0435\u043c \u0438 \u0442.\u0434.).<\/p>\n\n\n\n<p>\u0417\u0430\u043a\u043e\u043d\u043e\u0434\u0430\u0442\u0435\u043b\u044c\u0441\u0442\u0432\u043e:&nbsp;<a href=\"https:\/\/www.riigiteataja.ee\/akt\/430122017046?leiaKehtiv\" target=\"_blank\" rel=\"noreferrer noopener\">\u0423\u043f\u0440\u0430\u0432\u043b\u0435\u043d\u0438\u0435 \u0433\u043e\u0440\u043e\u0434\u0441\u043a\u043e\u0439 \u0441\u043e\u0431\u0441\u0442\u0432\u0435\u043d\u043d\u043e\u0441\u0442\u044c\u044e<\/a><\/p>\n\n\n\n<h2 class=\"wp-block-heading\">\u041e\u0431\u044a\u044f\u0432\u043b\u0435\u043d\u0438\u044f \u043e \u043f\u0440\u043e\u0432\u0435\u0434\u0435\u043d\u0438\u0438 \u0430\u0443\u043a\u0446\u0438\u043e\u043d\u043e\u0432<\/h2>\n\n\n\n<div class=\"wp-block-group has-global-padding is-layout-constrained wp-container-core-group-is-layout-7db9d80f wp-block-group-is-layout-constrained\" style=\"padding-right:0;padding-left:0\">\n<div class=\"wp-block-query is-layout-flow wp-block-query-is-layout-flow\">\n\n<ul class=\"wp-block-post-template is-layout-flow wp-block-post-template-is-layout-flow\"><li class=\"wp-block-post post-2689 post type-post status-publish format-standard hentry category-linnavara-voorandamine\">\n<h3 class=\"wp-block-post-title has-medium-font-size\"><a href=\"https:\/\/kohtla-jarve.ee\/ru\/kohtla-jarve-linnavalitsus-annab-rendile-avaliku-kirjaliku-enampakkumise-teel-ruumid-aadressil-keskallee-20\/\" target=\"_self\" >\u0413\u043e\u0440\u043e\u0434\u0441\u043a\u0430\u044f \u0443\u043f\u0440\u0430\u0432\u0430 \u041a\u043e\u0445\u0442\u043b\u0430-\u042f\u0440\u0432\u0435 \u0430\u0440\u0435\u043d\u0434\u0443\u0435\u0442 \u043d\u0430 \u043e\u0442\u043a\u0440\u044b\u0442\u043e\u043c \u043f\u0438\u0441\u044c\u043c\u0435\u043d\u043d\u043e\u043c \u0430\u0443\u043a\u0446\u0438\u043e\u043d\u0435 \u043f\u043e\u043c\u0435\u0449\u0435\u043d\u0438\u0435 \u043f\u043e \u0430\u0434\u0440\u0435\u0441\u0443 Keskallee 20.<\/a><\/h3>\n\n\n<hr class=\"wp-block-separator has-text-color has-contrast-color has-alpha-channel-opacity has-contrast-background-color has-background is-style-wide\" style=\"margin-top:0.5rem;margin-bottom:0.5rem\"\/>\n\n<\/li><li class=\"wp-block-post post-2692 post type-post status-publish format-standard hentry category-linnavara-voorandamine\">\n<h3 class=\"wp-block-post-title has-medium-font-size\"><a href=\"https:\/\/kohtla-jarve.ee\/ru\/kohtla-jarve-linnavalitsus-voorandab-avaliku-kirjaliku-enampakkumise-korras-4-objekti\/\" target=\"_self\" >\u0413\u043e\u0440\u043e\u0434\u0441\u043a\u0430\u044f \u0443\u043f\u0440\u0430\u0432\u0430 \u041a\u043e\u0445\u0442\u043b\u0430-\u042f\u0440\u0432\u0435 \u043f\u0440\u043e\u0434\u0430\u0435\u0442 4 \u043e\u0431\u044a\u0435\u043a\u0442\u0430 \u043d\u0430 \u043e\u0442\u043a\u0440\u044b\u0442\u043e\u043c \u043f\u0438\u0441\u044c\u043c\u0435\u043d\u043d\u043e\u043c \u0430\u0443\u043a\u0446\u0438\u043e\u043d\u0435.<\/a><\/h3>\n\n\n<hr class=\"wp-block-separator has-text-color has-contrast-color has-alpha-channel-opacity has-contrast-background-color has-background is-style-wide\" style=\"margin-top:0.5rem;margin-bottom:0.5rem\"\/>\n\n<\/li><li class=\"wp-block-post post-2694 post type-post status-publish format-standard hentry category-linnavara-voorandamine\">\n<h3 class=\"wp-block-post-title has-medium-font-size\"><a href=\"https:\/\/kohtla-jarve.ee\/ru\/kohtla-jarve-linnavalitsus-voorandab-avaliku-kirjaliku-enampakkumise-korras-mitu-objekti\/\" target=\"_self\" >\u0413\u043e\u0440\u043e\u0434\u0441\u043a\u0430\u044f \u0443\u043f\u0440\u0430\u0432\u0430 \u0433\u043e\u0440\u043e\u0434\u0430 \u041a\u043e\u0445\u0442\u043b\u0430-\u042f\u0440\u0432\u0435 \u043f\u0440\u043e\u0434\u0430\u0435\u0442 \u043d\u0435\u0441\u043a\u043e\u043b\u044c\u043a\u043e \u043e\u0431\u044a\u0435\u043a\u0442\u043e\u0432 \u043d\u0430 \u043e\u0442\u043a\u0440\u044b\u0442\u043e\u043c \u043f\u0438\u0441\u044c\u043c\u0435\u043d\u043d\u043e\u043c \u0430\u0443\u043a\u0446\u0438\u043e\u043d\u0435.<\/a><\/h3>\n\n\n<hr class=\"wp-block-separator has-text-color has-contrast-color has-alpha-channel-opacity has-contrast-background-color has-background is-style-wide\" style=\"margin-top:0.5rem;margin-bottom:0.5rem\"\/>\n\n<\/li><\/ul>\n\n\n<div style=\"margin-top:0;margin-bottom:0;height:min(4rem, 5vw);width:0px\" aria-hidden=\"true\" class=\"wp-block-spacer\"><\/div>\n\n\n<\/div>\n<\/div>\n\n\n\n<div style=\"height:11px\" aria-hidden=\"true\" class=\"wp-block-spacer\"><\/div>\n\n\n\n<p><a href=\"https:\/\/veebiarhiiv.digar.ee\/a\/20251016091223\/https:\/\/www.kohtla-jarve.ee\/ru\/vara-voorandamine\" target=\"_blank\" rel=\"noreferrer noopener\">\u041f\u0440\u043e\u0441\u043c\u043e\u0442\u0440\u0438\u0442\u0435 \u0441\u0430\u043c\u044b\u0435 \u0441\u0442\u0430\u0440\u044b\u0435 \u043e\u0431\u044a\u044f\u0432\u043b\u0435\u043d\u0438\u044f \u0432 \u043e\u043d\u043b\u0430\u0439\u043d-\u0430\u0440\u0445\u0438\u0432\u0435<\/a> <span class=\"wp-rich-text-font-awesome-icon wp-font-awesome-icon\"><svg aria-hidden=\"true\" focusable=\"false\" data-prefix=\"fas\" data-icon=\"arrow-up-right-from-square\" class=\"svg-inline--fa fa-arrow-up-right-from-square\" role=\"img\" xmlns=\"http:\/\/www.w3.org\/2000\/svg\" viewbox=\"0 0 512 512\"><path fill=\"currentColor\" d=\"M320 0c-17.7 0-32 14.3-32 32s14.3 32 32 32l82.7 0L201.4 265.4c-12.5 12.5-12.5 32.8 0 45.3s32.8 12.5 45.3 0L448 109.3l0 82.7c0 17.7 14.3 32 32 32s32-14.3 32-32l0-160c0-17.7-14.3-32-32-32L320 0zM80 32C35.8 32 0 67.8 0 112L0 432c0 44.2 35.8 80 80 80l320 0c44.2 0 80-35.8 80-80l0-112c0-17.7-14.3-32-32-32s-32 14.3-32 32l0 112c0 8.8-7.2 16-16 16L80 448c-8.8 0-16-7.2-16-16l0-320c0-8.8 7.2-16 16-16l112 0c17.7 0 32-14.3 32-32s-14.3-32-32-32L80 32z\"><\/path><\/svg><\/span><\/p>","protected":false},"excerpt":{"rendered":"<p>Linnavaraks on linnale kuuluv kinnis- ja vallasvara ning rahaliselt hinnatavad \u00f5igused ja kohustused, sh avalikuks otstarbeks kasutatav vara, mis oma \u00fchiskondliku olemuse t\u00f5ttu on kasutatav iga\u00fche poolt (kohalikud maanteed, t\u00e4navad, [&hellip;]<\/p>\n","protected":false},"author":1,"featured_media":0,"parent":2599,"menu_order":0,"comment_status":"closed","ping_status":"closed","template":"","meta":{"_EventAllDay":false,"_EventTimezone":"","_EventStartDate":"","_EventEndDate":"","_EventStartDateUTC":"","_EventEndDateUTC":"","_EventShowMap":false,"_EventShowMapLink":false,"_EventURL":"","_EventCost":"","_EventCostDescription":"","_EventCurrencySymbol":"","_EventCurrencyCode":"","_EventCurrencyPosition":"","_EventDateTimeSeparator":"","_EventTimeRangeSeparator":"","_EventOrganizerID":[],"_EventVenueID":[],"_OrganizerEmail":"","_OrganizerPhone":"","_OrganizerWebsite":"","_VenueAddress":"","_VenueCity":"","_VenueCountry":"","_VenueProvince":"","_VenueState":"","_VenueZip":"","_VenuePhone":"","_VenueURL":"","_VenueStateProvince":"","_VenueLat":"","_VenueLng":"","_VenueShowMap":false,"_VenueShowMapLink":false,"footnotes":""},"class_list":["post-2685","page","type-page","status-publish","hentry"],"_links":{"self":[{"href":"https:\/\/kohtla-jarve.ee\/ru\/wp-json\/wp\/v2\/pages\/2685","targetHints":{"allow":["GET"]}}],"collection":[{"href":"https:\/\/kohtla-jarve.ee\/ru\/wp-json\/wp\/v2\/pages"}],"about":[{"href":"https:\/\/kohtla-jarve.ee\/ru\/wp-json\/wp\/v2\/types\/page"}],"author":[{"embeddable":true,"href":"https:\/\/kohtla-jarve.ee\/ru\/wp-json\/wp\/v2\/users\/1"}],"replies":[{"embeddable":true,"href":"https:\/\/kohtla-jarve.ee\/ru\/wp-json\/wp\/v2\/comments?post=2685"}],"version-history":[{"count":4,"href":"https:\/\/kohtla-jarve.ee\/ru\/wp-json\/wp\/v2\/pages\/2685\/revisions"}],"predecessor-version":[{"id":4112,"href":"https:\/\/kohtla-jarve.ee\/ru\/wp-json\/wp\/v2\/pages\/2685\/revisions\/4112"}],"up":[{"embeddable":true,"href":"https:\/\/kohtla-jarve.ee\/ru\/wp-json\/wp\/v2\/pages\/2599"}],"wp:attachment":[{"href":"https:\/\/kohtla-jarve.ee\/ru\/wp-json\/wp\/v2\/media?parent=2685"}],"curies":[{"name":"wp","href":"https:\/\/api.w.org\/{rel}","templated":true}]}}