{"id":2646,"date":"2025-09-29T14:53:59","date_gmt":"2025-09-29T11:53:59","guid":{"rendered":"https:\/\/kohtla-jarve.ee\/?page_id=2646"},"modified":"2025-10-13T09:23:27","modified_gmt":"2025-10-13T06:23:27","slug":"heakord-ja-haljastus","status":"publish","type":"page","link":"https:\/\/kohtla-jarve.ee\/ru\/keskkond-ehitus-ja-haldus\/majandus-ja-haldus\/heakord-ja-haljastus\/","title":{"rendered":"\u041b\u0430\u043d\u0434\u0448\u0430\u0444\u0442\u043d\u044b\u0439 \u0434\u0438\u0437\u0430\u0439\u043d \u0438 \u0431\u043b\u0430\u0433\u043e\u0443\u0441\u0442\u0440\u043e\u0439\u0441\u0442\u0432\u043e"},"content":{"rendered":"<p>\u0412\u0441\u0435 \u0444\u0438\u0437\u0438\u0447\u0435\u0441\u043a\u0438\u0435 \u0438 \u044e\u0440\u0438\u0434\u0438\u0447\u0435\u0441\u043a\u0438\u0435 \u043b\u0438\u0446\u0430, \u043f\u0440\u043e\u0436\u0438\u0432\u0430\u044e\u0449\u0438\u0435, \u0440\u0430\u0431\u043e\u0442\u0430\u044e\u0449\u0438\u0435 \u0438 \u043d\u0430\u0445\u043e\u0434\u044f\u0449\u0438\u0435\u0441\u044f \u043d\u0430 \u0430\u0434\u043c\u0438\u043d\u0438\u0441\u0442\u0440\u0430\u0442\u0438\u0432\u043d\u043e\u0439 \u0442\u0435\u0440\u0440\u0438\u0442\u043e\u0440\u0438\u0438 \u0433\u043e\u0440\u043e\u0434\u0430 \u041a\u043e\u0445\u0442\u043b\u0430-\u042f\u0440\u0432\u0435, \u043e\u0431\u044f\u0437\u0430\u043d\u044b \u0441\u043e\u0431\u043b\u044e\u0434\u0430\u0442\u044c \u0442\u0440\u0435\u0431\u043e\u0432\u0430\u043d\u0438\u044f \u041a\u043e\u0434\u0435\u043a\u0441\u0430 \u0447\u0438\u0441\u0442\u043e\u0442\u044b \u0433\u043e\u0440\u043e\u0434\u0430 \u041a\u043e\u0445\u0442\u043b\u0430-\u042f\u0440\u0432\u0435 \u043f\u043e \u043e\u0431\u0435\u0441\u043f\u0435\u0447\u0435\u043d\u0438\u044e \u0447\u0438\u0441\u0442\u043e\u0442\u044b \u0438 \u043f\u043e\u0440\u044f\u0434\u043a\u0430 \u0432 \u0433\u043e\u0440\u043e\u0434\u0435.<\/p>\n\n\n\n<p><a href=\"https:\/\/www.riigiteataja.ee\/akt\/404072014013\" target=\"_blank\" rel=\"noreferrer noopener\">\u041f\u0440\u0430\u0432\u0438\u043b\u0430 \u043f\u043e \u043f\u043e\u0434\u0434\u0435\u0440\u0436\u0430\u043d\u0438\u044e \u0447\u0438\u0441\u0442\u043e\u0442\u044b \u0432 \u0433\u043e\u0440\u043e\u0434\u0435 \u041a\u043e\u0445\u0442\u043b\u0430-\u042f\u0440\u0432\u0435<\/a> <span class=\"wp-rich-text-font-awesome-icon wp-font-awesome-icon\"><svg aria-hidden=\"true\" focusable=\"false\" data-prefix=\"fas\" data-icon=\"arrow-up-right-from-square\" class=\"svg-inline--fa fa-arrow-up-right-from-square\" role=\"img\" xmlns=\"http:\/\/www.w3.org\/2000\/svg\" viewbox=\"0 0 512 512\"><path fill=\"currentColor\" d=\"M320 0c-17.7 0-32 14.3-32 32s14.3 32 32 32l82.7 0L201.4 265.4c-12.5 12.5-12.5 32.8 0 45.3s32.8 12.5 45.3 0L448 109.3l0 82.7c0 17.7 14.3 32 32 32s32-14.3 32-32l0-160c0-17.7-14.3-32-32-32L320 0zM80 32C35.8 32 0 67.8 0 112L0 432c0 44.2 35.8 80 80 80l320 0c44.2 0 80-35.8 80-80l0-112c0-17.7-14.3-32-32-32s-32 14.3-32 32l0 112c0 8.8-7.2 16-16 16L80 448c-8.8 0-16-7.2-16-16l0-320c0-8.8 7.2-16 16-16l112 0c17.7 0 32-14.3 32-32s-14.3-32-32-32L80 32z\"><\/path><\/svg><\/span><\/p>\n\n\n\n<h2 class=\"wp-block-heading\">\u0417\u0430\u0431\u043e\u0442\u044f\u0441\u044c \u043e \u0441\u0432\u043e\u0435\u0439 \u0441\u043e\u0431\u0441\u0442\u0432\u0435\u043d\u043d\u043e\u0441\u0442\u0438, \u0437\u0435\u043c\u043b\u0435\u0432\u043b\u0430\u0434\u0435\u043b\u044c\u0446\u044b \u0434\u043e\u043b\u0436\u043d\u044b, \u0432 \u0447\u0430\u0441\u0442\u043d\u043e\u0441\u0442\u0438.<\/h2>\n\n\n\n<ol class=\"wp-block-list\">\n<li>\u0441\u043e\u0434\u0435\u0440\u0436\u0430\u0442\u044c \u0432 \u043f\u043e\u0440\u044f\u0434\u043a\u0435 \u0441\u0432\u043e\u044e \u0441\u043e\u0431\u0441\u0442\u0432\u0435\u043d\u043d\u043e\u0441\u0442\u044c \u0438 \u043e\u0433\u0440\u0430\u0436\u0434\u0435\u043d\u0438\u0435;<\/li>\n\n\n\n<li>\u043e\u0431\u0435\u0441\u043f\u0435\u0447\u0438\u0442\u044c \u043e\u0442\u0441\u0443\u0442\u0441\u0442\u0432\u0438\u0435 \u0440\u0438\u0441\u043a\u0430 \u0434\u043b\u044f \u0434\u0440\u0443\u0433\u0438\u0445 \u043b\u044e\u0434\u0435\u0439, \u0438\u0445 \u0438\u043c\u0443\u0449\u0435\u0441\u0442\u0432\u0430 \u0438 \u043e\u043a\u0440\u0443\u0436\u0430\u044e\u0449\u0435\u0439 \u0441\u0440\u0435\u0434\u044b;<\/li>\n\n\n\n<li>\u0443\u0431\u0438\u0440\u0430\u0442\u044c \u0438 \u0441\u043e\u0434\u0435\u0440\u0436\u0430\u0442\u044c \u0432 \u0447\u0438\u0441\u0442\u043e\u0442\u0435 \u0432\u043d\u0443\u0442\u0440\u0435\u043d\u043d\u044e\u044e \u0442\u0435\u0440\u0440\u0438\u0442\u043e\u0440\u0438\u044e \u0441\u0432\u043e\u0435\u0439 \u0441\u043e\u0431\u0441\u0442\u0432\u0435\u043d\u043d\u043e\u0441\u0442\u0438 \u0438 \u043f\u0440\u0438\u043b\u0435\u0433\u0430\u044e\u0449\u0443\u044e \u0442\u0435\u0440\u0440\u0438\u0442\u043e\u0440\u0438\u044e \u0432 \u0442\u0435\u0447\u0435\u043d\u0438\u0435 \u0432\u0441\u0435\u0433\u043e \u0433\u043e\u0434\u0430;<\/li>\n\n\n\n<li>\u0441\u043a\u043e\u0448\u0435\u043d\u043d\u0443\u044e \u0442\u0440\u0430\u0432\u0443 \u0438 \u043e\u0431\u0440\u0435\u0437\u043a\u0438 \u0434\u0435\u0440\u0435\u0432\u044c\u0435\u0432, \u0440\u0430\u0441\u0442\u0443\u0449\u0438\u0435 \u0443 \u043a\u0440\u0430\u044f \u0442\u0440\u043e\u0442\u0443\u0430\u0440\u0430 \u0438\u043b\u0438 \u043f\u0440\u043e\u0435\u0437\u0436\u0435\u0439 \u0447\u0430\u0441\u0442\u0438. \u0423\u043d\u0438\u0447\u0442\u043e\u0436\u0435\u043d\u0438\u0435 \u0442\u0440\u0430\u0432\u044b \u0441 \u043f\u043e\u043c\u043e\u0449\u044c\u044e \u0441\u043e\u043b\u0438 \u0438 \u0445\u0438\u043c\u0438\u043a\u0430\u0442\u043e\u0432 \u0437\u0430\u043f\u0440\u0435\u0449\u0435\u043d\u043e;<\/li>\n\n\n\n<li>\u043f\u043e\u0434\u0441\u0442\u0440\u0438\u0447\u044c \u0436\u0438\u0432\u0443\u044e \u0438\u0437\u0433\u043e\u0440\u043e\u0434\u044c (\u0432\u044b\u0441\u043e\u0442\u043e\u0439 \u043d\u0435 \u0431\u043e\u043b\u0435\u0435 1,5 \u043c) \u0438 \u043e\u0440\u0433\u0430\u043d\u0438\u0437\u043e\u0432\u0430\u0442\u044c \u043e\u0431\u0440\u0435\u0437\u043a\u0443 \u043a\u0443\u0441\u0442\u0430\u0440\u043d\u0438\u043a\u043e\u0432 \u0438 \u043a\u0443\u0441\u0442\u043e\u0432 \u0438\u043b\u0438 \u0432\u044b\u0440\u0443\u0431\u043a\u0443 \u0434\u0435\u0440\u0435\u0432\u044c\u0435\u0432;<\/li>\n\n\n\n<li>\u0441\u043a\u0430\u0448\u0438\u0432\u0430\u0442\u044c \u0437\u0435\u043b\u0435\u043d\u044b\u0435 \u043d\u0430\u0441\u0430\u0436\u0434\u0435\u043d\u0438\u044f \u0438 \u0435\u0441\u0442\u0435\u0441\u0442\u0432\u0435\u043d\u043d\u044b\u0435 \u043f\u0430\u0441\u0442\u0431\u0438\u0449\u0430 (\u0432\u044b\u0441\u043e\u0442\u0430 \u043a\u043e\u0442\u043e\u0440\u044b\u0445 \u043f\u0440\u0435\u0432\u044b\u0448\u0430\u0435\u0442 10 \u0441\u043c \u043d\u0430\u0434 \u0437\u0435\u043c\u043b\u0435\u0439) \u043d\u0430 \u0441\u0432\u043e\u0435\u0439 \u0442\u0435\u0440\u0440\u0438\u0442\u043e\u0440\u0438\u0438 \u0438 \u043d\u0430 \u0442\u0435\u0440\u0440\u0438\u0442\u043e\u0440\u0438\u0438, \u043f\u043e\u0434\u043b\u0435\u0436\u0430\u0449\u0435\u0439 \u0440\u0430\u0441\u0447\u0438\u0441\u0442\u043a\u0435;<\/li>\n\n\n\n<li>\u0437\u0438\u043c\u043e\u0439 \u043e\u0447\u0438\u0449\u0430\u0439\u0442\u0435 \u0441\u043d\u0435\u0433 \u0438 \u043b\u0435\u0434, \u043c\u0435\u0448\u0430\u044e\u0449\u0438\u0435 \u0434\u0432\u0438\u0436\u0435\u043d\u0438\u044e \u0432 \u0437\u043e\u043d\u0435 \u0443\u0431\u043e\u0440\u043a\u0438, \u043a 7 \u0447\u0430\u0441\u0430\u043c \u0443\u0442\u0440\u0430 \u0438, \u043f\u0440\u0438 \u043d\u0435\u043e\u0431\u0445\u043e\u0434\u0438\u043c\u043e\u0441\u0442\u0438, \u0432 \u0442\u0435\u0447\u0435\u043d\u0438\u0435 \u0434\u043d\u044f;<\/li>\n\n\n\n<li>\u0440\u0435\u0433\u0443\u043b\u044f\u0440\u043d\u043e \u043e\u0447\u0438\u0449\u0430\u0442\u044c \u043b\u0438\u0432\u043d\u0435\u0432\u044b\u0435 \u043a\u0430\u043d\u0430\u0432\u044b \u0438 \u0434\u0440\u0435\u043d\u0430\u0436\u0438 \u043d\u0430 \u0443\u0447\u0430\u0441\u0442\u043a\u0435 \u0438 \u0432 \u0437\u043e\u043d\u0435 \u043e\u0431\u0440\u0430\u0431\u043e\u0442\u043a\u0438;<\/li>\n\n\n\n<li>\u043e\u0431\u0435\u0441\u043f\u0435\u0447\u0438\u0442\u044c \u0441\u0432\u043e\u0431\u043e\u0434\u043d\u044b\u0439 \u0434\u043e\u0441\u0442\u0443\u043f \u043a \u0438\u0441\u0442\u043e\u0447\u043d\u0438\u043a\u0430\u043c \u043f\u0440\u043e\u0442\u0438\u0432\u043e\u043f\u043e\u0436\u0430\u0440\u043d\u043e\u0433\u043e \u0432\u043e\u0434\u043e\u0441\u043d\u0430\u0431\u0436\u0435\u043d\u0438\u044f \u043d\u0430 \u0441\u0432\u043e\u0435\u0439 \u0442\u0435\u0440\u0440\u0438\u0442\u043e\u0440\u0438\u0438 \u0438\u043b\u0438 \u0432 \u0437\u043e\u043d\u0435 \u043e\u0447\u0438\u0441\u0442\u043a\u0438;<\/li>\n\n\n\n<li>\u0441\u043e\u0437\u0434\u0430\u0442\u044c \u0438 \u043f\u043e\u0434\u0434\u0435\u0440\u0436\u0438\u0432\u0430\u0442\u044c \u043c\u0435\u0441\u0442\u0430 \u0434\u043b\u044f \u0445\u0440\u0430\u043d\u0435\u043d\u0438\u044f \u043a\u043e\u043d\u0442\u0435\u0439\u043d\u0435\u0440\u043e\u0432 \u0441 \u043e\u0442\u0445\u043e\u0434\u0430\u043c\u0438 \u0438 \u043f\u043e\u0434\u044a\u0435\u0437\u0434\u043d\u044b\u0435 \u043f\u0443\u0442\u0438 \u043a \u043d\u0438\u043c.<\/li>\n<\/ol>\n\n\n\n<h2 class=\"wp-block-heading\">\u041f\u0440\u0438 \u0443\u0445\u043e\u0434\u0435 \u0437\u0430 \u0437\u0434\u0430\u043d\u0438\u0435\u043c \u0435\u0433\u043e \u0432\u043b\u0430\u0434\u0435\u043b\u044c\u0446\u044b \u043d\u0435\u0441\u0443\u0442 \u043e\u0441\u043e\u0431\u0443\u044e \u043e\u0442\u0432\u0435\u0442\u0441\u0442\u0432\u0435\u043d\u043d\u043e\u0441\u0442\u044c.<\/h2>\n\n\n\n<ol class=\"wp-block-list\">\n<li>\u0440\u0435\u043c\u043e\u043d\u0442, \u043f\u043e\u043a\u0440\u0430\u0441\u043a\u0430 \u0438 \u043e\u0431\u043d\u043e\u0432\u043b\u0435\u043d\u0438\u0435 \u0444\u0430\u0441\u0430\u0434\u0430 \u0437\u0434\u0430\u043d\u0438\u044f \u0438 \u0441\u0432\u044f\u0437\u0430\u043d\u043d\u044b\u0445 \u0441 \u043d\u0438\u043c \u044d\u043b\u0435\u043c\u0435\u043d\u0442\u043e\u0432;<\/li>\n\n\n\n<li>\u0423\u0431\u0435\u0440\u0438\u0442\u0435 \u0441 \u043a\u0440\u044b\u0448\u0438, \u043a\u0430\u0440\u043d\u0438\u0437\u043e\u0432 \u0438\u043b\u0438 \u0434\u0440\u0443\u0433\u0438\u0445 \u043c\u0435\u0441\u0442 \u043a\u0430\u043c\u043d\u0438, \u0447\u0435\u0440\u0435\u043f\u0438\u0446\u0443, \u0441\u043d\u0435\u0433 \u0438\u043b\u0438 \u043b\u0435\u0434, \u043a\u043e\u0442\u043e\u0440\u044b\u0435 \u043c\u043e\u0433\u0443\u0442 \u043f\u0440\u0438\u0432\u0435\u0441\u0442\u0438 \u043a \u043e\u0431\u0432\u0430\u043b\u0443, \u0438 \u0437\u0430\u0440\u0430\u043d\u0435\u0435 \u043e\u0431\u043e\u0437\u043d\u0430\u0447\u044c\u0442\u0435 \u043e\u043f\u0430\u0441\u043d\u0443\u044e \u0437\u043e\u043d\u0443.<\/li>\n\n\n\n<li>\u0417\u0438\u043c\u043e\u0439 \u043e\u0447\u0438\u0449\u0430\u0439\u0442\u0435 \u043d\u0430\u0440\u0443\u0436\u043d\u044b\u0435 \u0441\u0442\u0443\u043f\u0435\u043d\u0438 \u043e\u0442 \u0441\u043d\u0435\u0433\u0430 \u0438 \u043b\u044c\u0434\u0430 \u0438 \u043f\u0440\u0438 \u043d\u0435\u043e\u0431\u0445\u043e\u0434\u0438\u043c\u043e\u0441\u0442\u0438 \u0448\u043b\u0438\u0444\u0443\u0439\u0442\u0435 \u0438\u0445;<\/li>\n\n\n\n<li>\u0443\u0431\u0435\u0434\u0438\u0442\u0435\u0441\u044c, \u0447\u0442\u043e \u043d\u0430 \u0437\u0434\u0430\u043d\u0438\u0438 (\u0441\u0442\u0440\u043e\u0435\u043d\u0438\u0438, \u0437\u0430\u0431\u043e\u0440\u0435 \u0438\u043b\u0438, \u043d\u0430\u043f\u0440\u0438\u043c\u0435\u0440, \u043f\u043e\u0447\u0442\u043e\u0432\u043e\u043c \u044f\u0449\u0438\u043a\u0435) \u0438\u043c\u0435\u0435\u0442\u0441\u044f \u043f\u0440\u0430\u0432\u0438\u043b\u044c\u043d\u044b\u0439 \u043d\u043e\u043c\u0435\u0440\u043d\u043e\u0439 \u0437\u043d\u0430\u043a;<\/li>\n\n\n\n<li>\u0441\u043e\u0433\u043b\u0430\u0441\u043e\u0432\u044b\u0432\u0430\u0442\u044c \u0441 \u043c\u0443\u043d\u0438\u0446\u0438\u043f\u0430\u043b\u0438\u0442\u0435\u0442\u043e\u043c \u043b\u044e\u0431\u044b\u0435 \u0438\u0437\u043c\u0435\u043d\u0435\u043d\u0438\u044f \u0432\u043d\u0435\u0448\u043d\u0435\u0433\u043e \u043e\u0431\u043b\u0438\u043a\u0430 \u0437\u0434\u0430\u043d\u0438\u0439 \u0438 \u043e\u0433\u0440\u0430\u0436\u0434\u0435\u043d\u0438\u0439 (\u0446\u0432\u0435\u0442\u043e\u0432\u044b\u0435 \u0440\u0435\u0448\u0435\u043d\u0438\u044f, \u043f\u0435\u0440\u0435\u043f\u043b\u0430\u043d\u0438\u0440\u043e\u0432\u043a\u0438 \u043b\u0435\u0441\u0442\u043d\u0438\u0446 \u0438 \u043a\u0440\u044b\u0448, \u043f\u0440\u0438\u0441\u0442\u0440\u043e\u0439\u043a\u0438 \u0431\u0430\u043b\u043a\u043e\u043d\u043e\u0432 \u0438 \u0434\u0440\u0443\u0433\u0438\u0435 \u0438\u0437\u043c\u0435\u043d\u0435\u043d\u0438\u044f);<\/li>\n\n\n\n<li>\u0443\u0434\u0430\u043b\u044f\u0442\u044c \u043d\u0435\u0441\u0430\u043d\u043a\u0446\u0438\u043e\u043d\u0438\u0440\u043e\u0432\u0430\u043d\u043d\u044b\u0435 \u043e\u0431\u044a\u044f\u0432\u043b\u0435\u043d\u0438\u044f, \u0440\u0435\u043a\u043b\u0430\u043c\u0443 \u0438 \u043d\u0435\u0437\u0430\u043a\u043e\u043d\u043d\u044b\u0435 \u0433\u0440\u0430\u0444\u0444\u0438\u0442\u0438 \u0441\u043e \u0441\u0442\u0435\u043d \u0438 \u043f\u0435\u0440\u0438\u043b \u0437\u0434\u0430\u043d\u0438\u0439.<\/li>\n<\/ol>\n\n\n\n<p><strong>\u0420\u0430\u0431\u043e\u0442\u0430\u044f \u0432\u043c\u0435\u0441\u0442\u0435, \u043c\u044b \u0441\u043c\u043e\u0436\u0435\u043c \u043e\u0431\u0435\u0441\u043f\u0435\u0447\u0438\u0442\u044c \u0431\u0435\u0437\u043e\u043f\u0430\u0441\u043d\u0443\u044e \u0441\u0440\u0435\u0434\u0443 \u0432 \u043b\u044e\u0431\u043e\u043c \u0443\u0433\u043e\u043b\u043a\u0435 \u0433\u043e\u0440\u043e\u0434\u0430.<\/strong><\/p>","protected":false},"excerpt":{"rendered":"<p>K\u00f5igil Kohtla-J\u00e4rve linna haldusterritooriumil elavatel, tegutsevatel ja viibivatel f\u00fc\u00fcsilistel ning juriidilistel isikutel on kohustuslik t\u00e4ita Kohtla-J\u00e4rve linna heakorra eeskirja n\u00f5udeid puhtuse ja heakorra tagamisel linnas. Kohtla-J\u00e4rve linna heakorra eeskiri Kinnistuomanikud [&hellip;]<\/p>\n","protected":false},"author":1,"featured_media":0,"parent":2599,"menu_order":1,"comment_status":"closed","ping_status":"closed","template":"","meta":{"_EventAllDay":false,"_EventTimezone":"","_EventStartDate":"","_EventEndDate":"","_EventStartDateUTC":"","_EventEndDateUTC":"","_EventShowMap":false,"_EventShowMapLink":false,"_EventURL":"","_EventCost":"","_EventCostDescription":"","_EventCurrencySymbol":"","_EventCurrencyCode":"","_EventCurrencyPosition":"","_EventDateTimeSeparator":"","_EventTimeRangeSeparator":"","_EventOrganizerID":[],"_EventVenueID":[],"_OrganizerEmail":"","_OrganizerPhone":"","_OrganizerWebsite":"","_VenueAddress":"","_VenueCity":"","_VenueCountry":"","_VenueProvince":"","_VenueState":"","_VenueZip":"","_VenuePhone":"","_VenueURL":"","_VenueStateProvince":"","_VenueLat":"","_VenueLng":"","_VenueShowMap":false,"_VenueShowMapLink":false,"footnotes":""},"class_list":["post-2646","page","type-page","status-publish","hentry"],"_links":{"self":[{"href":"https:\/\/kohtla-jarve.ee\/ru\/wp-json\/wp\/v2\/pages\/2646","targetHints":{"allow":["GET"]}}],"collection":[{"href":"https:\/\/kohtla-jarve.ee\/ru\/wp-json\/wp\/v2\/pages"}],"about":[{"href":"https:\/\/kohtla-jarve.ee\/ru\/wp-json\/wp\/v2\/types\/page"}],"author":[{"embeddable":true,"href":"https:\/\/kohtla-jarve.ee\/ru\/wp-json\/wp\/v2\/users\/1"}],"replies":[{"embeddable":true,"href":"https:\/\/kohtla-jarve.ee\/ru\/wp-json\/wp\/v2\/comments?post=2646"}],"version-history":[{"count":2,"href":"https:\/\/kohtla-jarve.ee\/ru\/wp-json\/wp\/v2\/pages\/2646\/revisions"}],"predecessor-version":[{"id":3304,"href":"https:\/\/kohtla-jarve.ee\/ru\/wp-json\/wp\/v2\/pages\/2646\/revisions\/3304"}],"up":[{"embeddable":true,"href":"https:\/\/kohtla-jarve.ee\/ru\/wp-json\/wp\/v2\/pages\/2599"}],"wp:attachment":[{"href":"https:\/\/kohtla-jarve.ee\/ru\/wp-json\/wp\/v2\/media?parent=2646"}],"curies":[{"name":"wp","href":"https:\/\/api.w.org\/{rel}","templated":true}]}}