{"id":2605,"date":"2025-09-29T12:53:25","date_gmt":"2025-09-29T09:53:25","guid":{"rendered":"https:\/\/kohtla-jarve.ee\/?page_id=2605"},"modified":"2025-09-29T13:17:48","modified_gmt":"2025-09-29T10:17:48","slug":"manguvaljakud","status":"publish","type":"page","link":"https:\/\/kohtla-jarve.ee\/ru\/keskkond-ehitus-ja-haldus\/majandus-ja-haldus\/manguvaljakud\/","title":{"rendered":"\u0418\u0433\u0440\u043e\u0432\u044b\u0435 \u043f\u043b\u043e\u0449\u0430\u0434\u043a\u0438"},"content":{"rendered":"<div class=\"wp-block-columns reverse-mobile is-layout-flex wp-container-core-columns-is-layout-7fc3d43a wp-block-columns-is-layout-flex\">\n<div class=\"wp-block-column is-layout-flow wp-block-column-is-layout-flow\" style=\"flex-basis:66.66%\">\n<div class=\"wp-block-group has-global-padding is-layout-constrained wp-block-group-is-layout-constrained block-visibility-hide-small-screen\">\n<p>\u0418\u0433\u0440\u043e\u0432\u044b\u0435 \u043f\u043b\u043e\u0449\u0430\u0434\u043a\u0438 \u0441\u043f\u043e\u0441\u043e\u0431\u0441\u0442\u0432\u0443\u044e\u0442 \u0440\u0430\u0437\u0432\u0438\u0442\u0438\u044e \u0438 \u0437\u0434\u043e\u0440\u043e\u0432\u044c\u044e \u0434\u0435\u0442\u0435\u0439.<\/p>\n\n\n\n<p>\u0412\u043b\u0430\u0434\u0435\u043b\u0435\u0446 \u0434\u0435\u0442\u0441\u043a\u043e\u0439 \u043f\u043b\u043e\u0449\u0430\u0434\u043a\u0438 \u043d\u0435\u0441\u0435\u0442 \u043e\u0442\u0432\u0435\u0442\u0441\u0442\u0432\u0435\u043d\u043d\u043e\u0441\u0442\u044c \u0437\u0430 \u043e\u0431\u0449\u0435\u0435 \u0441\u043e\u0434\u0435\u0440\u0436\u0430\u043d\u0438\u0435 \u0438 \u043e\u0431\u0441\u043b\u0443\u0436\u0438\u0432\u0430\u043d\u0438\u0435 \u043e\u0431\u043e\u0440\u0443\u0434\u043e\u0432\u0430\u043d\u0438\u044f \u0438 \u0438\u0433\u0440\u043e\u0432\u043e\u0439 \u043f\u043b\u043e\u0449\u0430\u0434\u043a\u0438, \u0430 \u0442\u0430\u043a\u0436\u0435 \u0434\u043e\u043b\u0436\u0435\u043d \u0441\u043b\u0435\u0434\u0438\u0442\u044c \u0437\u0430 \u0442\u0435\u043c, \u0447\u0442\u043e\u0431\u044b \u0442\u0435\u0440\u0440\u0438\u0442\u043e\u0440\u0438\u044f \u043f\u043b\u043e\u0449\u0430\u0434\u043a\u0438 \u0431\u044b\u043b\u0430 \u0443\u0445\u043e\u0436\u0435\u043d\u0430, \u0430 \u043c\u0443\u0441\u043e\u0440, \u0431\u0438\u0442\u043e\u0435 \u0441\u0442\u0435\u043a\u043b\u043e \u0438 \u0442. \u0434. \u0441\u043e\u0431\u0438\u0440\u0430\u043b\u0438\u0441\u044c \u0438 \u043f\u043e\u043c\u0435\u0449\u0430\u043b\u0438\u0441\u044c \u0432 \u0441\u043e\u043e\u0442\u0432\u0435\u0442\u0441\u0442\u0432\u0443\u044e\u0449\u0438\u0435 \u043c\u0435\u0441\u0442\u0430. \u041e\u0434\u043d\u0430\u043a\u043e \u043e\u0441\u0432\u0435\u0434\u043e\u043c\u043b\u0435\u043d\u043d\u043e\u0441\u0442\u044c \u0438 \u0431\u0434\u0438\u0442\u0435\u043b\u044c\u043d\u043e\u0441\u0442\u044c \u0440\u043e\u0434\u0438\u0442\u0435\u043b\u0435\u0439 \u0438\u043c\u0435\u044e\u0442 \u043f\u0435\u0440\u0432\u043e\u0441\u0442\u0435\u043f\u0435\u043d\u043d\u043e\u0435 \u0437\u043d\u0430\u0447\u0435\u043d\u0438\u0435 \u0434\u043b\u044f \u043e\u0431\u0435\u0441\u043f\u0435\u0447\u0435\u043d\u0438\u044f \u0431\u0435\u0437\u043e\u043f\u0430\u0441\u043d\u043e\u0441\u0442\u0438.<\/p>\n<\/div>\n\n\n\n<h2 class=\"wp-block-heading\">\u042e\u0436\u043d\u0430\u044f \u0438\u0433\u0440\u043e\u0432\u0430\u044f \u043f\u043b\u043e\u0449\u0430\u0434\u043a\u0430 <\/h2>\n\n\n\n<p><span class=\"wp-rich-text-font-awesome-icon wp-font-awesome-icon\"><svg aria-hidden=\"true\" focusable=\"false\" data-prefix=\"fas\" data-icon=\"location-dot\" class=\"svg-inline--fa fa-location-dot\" role=\"img\" xmlns=\"http:\/\/www.w3.org\/2000\/svg\" viewbox=\"0 0 384 512\"><path fill=\"currentColor\" d=\"M215.7 499.2C267 435 384 279.4 384 192C384 86 298 0 192 0S0 86 0 192c0 87.4 117 243 168.3 307.2c12.3 15.3 35.1 15.3 47.4 0zM192 128a64 64 0 1 1 0 128 64 64 0 1 1 0-128z\"><\/path><\/svg><\/span><a href=\"https:\/\/www.google.com\/maps\/place\/M%C3%A4nguv%C3%A4ljak\/@59.397665,27.2921874,17z\/data=!4m15!1m8!3m7!1s0x4694707cd41b4b89:0xdcc6581d1a0bf8c7!2sSinivoore+tn+7a,+Kohtla-J%C3%A4rve,+30327+Ida-Viru+maakond!3b1!8m2!3d59.3976651!4d27.2970583!16s%2Fg%2F11y35b31tl!3m5!1s0x469471005da3deb1:0x377603855a60e6e1!8m2!3d59.3974124!4d27.2963947!16s%2Fg%2F11yc1gb48p?entry=ttu&amp;g_ep=EgoyMDI1MDkyNC4wIKXMDSoASAFQAw%3D%3D\" target=\"_blank\" rel=\"noreferrer noopener\">\u0421\u0438\u043d\u0438\u0432\u043e\u043e\u0440\u0435 7a<\/a><\/p>\n\n\n\n<div class=\"wp-block-group is-nowrap is-layout-flex wp-container-core-group-is-layout-6c531013 wp-block-group-is-layout-flex\">\n<figure class=\"wp-block-image size-full is-resized\"><img loading=\"lazy\" decoding=\"async\" width=\"992\" height=\"744\" src=\"https:\/\/kohtla-jarve.ee\/wp-content\/uploads\/2025\/09\/IMG_20190429_Louna-mv-1.jpg\" alt=\"\" class=\"wp-image-2607\" style=\"width:250px\" srcset=\"https:\/\/kohtla-jarve.ee\/wp-content\/uploads\/2025\/09\/IMG_20190429_Louna-mv-1.jpg 992w, https:\/\/kohtla-jarve.ee\/wp-content\/uploads\/2025\/09\/IMG_20190429_Louna-mv-1-300x225.jpg 300w, https:\/\/kohtla-jarve.ee\/wp-content\/uploads\/2025\/09\/IMG_20190429_Louna-mv-1-768x576.jpg 768w, https:\/\/kohtla-jarve.ee\/wp-content\/uploads\/2025\/09\/IMG_20190429_Louna-mv-1-16x12.jpg 16w\" sizes=\"auto, (max-width: 992px) 100vw, 992px\" \/><\/figure>\n\n\n\n<figure class=\"wp-block-image size-full is-resized\"><img loading=\"lazy\" decoding=\"async\" width=\"992\" height=\"744\" src=\"https:\/\/kohtla-jarve.ee\/wp-content\/uploads\/2025\/09\/IMG_20190429_Louna-mv-2.jpg\" alt=\"\" class=\"wp-image-2606\" style=\"width:250px\" srcset=\"https:\/\/kohtla-jarve.ee\/wp-content\/uploads\/2025\/09\/IMG_20190429_Louna-mv-2.jpg 992w, https:\/\/kohtla-jarve.ee\/wp-content\/uploads\/2025\/09\/IMG_20190429_Louna-mv-2-300x225.jpg 300w, https:\/\/kohtla-jarve.ee\/wp-content\/uploads\/2025\/09\/IMG_20190429_Louna-mv-2-768x576.jpg 768w, https:\/\/kohtla-jarve.ee\/wp-content\/uploads\/2025\/09\/IMG_20190429_Louna-mv-2-16x12.jpg 16w\" sizes=\"auto, (max-width: 992px) 100vw, 992px\" \/><\/figure>\n\n\n\n<figure class=\"wp-block-image size-full is-resized\"><img loading=\"lazy\" decoding=\"async\" width=\"450\" height=\"338\" src=\"https:\/\/kohtla-jarve.ee\/wp-content\/uploads\/2025\/09\/DJI_0116.JPG-Louna-mv-3.jpg\" alt=\"\" class=\"wp-image-2609\" style=\"width:250px\" srcset=\"https:\/\/kohtla-jarve.ee\/wp-content\/uploads\/2025\/09\/DJI_0116.JPG-Louna-mv-3.jpg 450w, https:\/\/kohtla-jarve.ee\/wp-content\/uploads\/2025\/09\/DJI_0116.JPG-Louna-mv-3-300x225.jpg 300w, https:\/\/kohtla-jarve.ee\/wp-content\/uploads\/2025\/09\/DJI_0116.JPG-Louna-mv-3-16x12.jpg 16w\" sizes=\"auto, (max-width: 450px) 100vw, 450px\" \/><\/figure>\n<\/div>\n\n\n\n<h2 class=\"wp-block-heading\">\u0421\u0435\u0432\u0435\u0440\u043d\u0430\u044f \u0438\u0433\u0440\u043e\u0432\u0430\u044f \u043f\u043b\u043e\u0449\u0430\u0434\u043a\u0430 <\/h2>\n\n\n\n<p><span class=\"wp-rich-text-font-awesome-icon wp-font-awesome-icon\"><svg aria-hidden=\"true\" focusable=\"false\" data-prefix=\"fas\" data-icon=\"location-dot\" class=\"svg-inline--fa fa-location-dot\" role=\"img\" xmlns=\"http:\/\/www.w3.org\/2000\/svg\" viewbox=\"0 0 384 512\"><path fill=\"currentColor\" d=\"M215.7 499.2C267 435 384 279.4 384 192C384 86 298 0 192 0S0 86 0 192c0 87.4 117 243 168.3 307.2c12.3 15.3 35.1 15.3 47.4 0zM192 128a64 64 0 1 1 0 128 64 64 0 1 1 0-128z\"><\/path><\/svg><\/span><strong><a href=\"https:\/\/www.google.com\/maps\/place\/P%C3%B5hja+playground\/@59.408917,27.281594,17z\/data=!3m1!4b1!4m6!3m5!1s0x46947178759d6b43:0x6a1c771837b5c175!8m2!3d59.4089171!4d27.2864649!16s%2Fg%2F11t3htw576?entry=ttu&amp;g_ep=EgoyMDI1MDkyNC4wIKXMDSoASAFQAw%3D%3D\" target=\"_blank\" rel=\"noreferrer noopener\">\u041f\u044b\u0445\u044c\u044f \u0430\u043b\u043b\u0435\u0435 24b<\/a><\/strong><\/p>\n\n\n\n<div class=\"wp-block-group is-nowrap is-layout-flex wp-container-core-group-is-layout-6c531013 wp-block-group-is-layout-flex\">\n<figure class=\"wp-block-image size-full is-resized\"><img loading=\"lazy\" decoding=\"async\" width=\"992\" height=\"744\" src=\"https:\/\/kohtla-jarve.ee\/wp-content\/uploads\/2025\/09\/IMG_20190508_Pohja-mv-1.jpg\" alt=\"\" class=\"wp-image-2621\" style=\"width:250px\" srcset=\"https:\/\/kohtla-jarve.ee\/wp-content\/uploads\/2025\/09\/IMG_20190508_Pohja-mv-1.jpg 992w, https:\/\/kohtla-jarve.ee\/wp-content\/uploads\/2025\/09\/IMG_20190508_Pohja-mv-1-300x225.jpg 300w, https:\/\/kohtla-jarve.ee\/wp-content\/uploads\/2025\/09\/IMG_20190508_Pohja-mv-1-768x576.jpg 768w, https:\/\/kohtla-jarve.ee\/wp-content\/uploads\/2025\/09\/IMG_20190508_Pohja-mv-1-16x12.jpg 16w\" sizes=\"auto, (max-width: 992px) 100vw, 992px\" \/><\/figure>\n\n\n\n<figure class=\"wp-block-image size-full is-resized\"><img loading=\"lazy\" decoding=\"async\" width=\"992\" height=\"744\" src=\"https:\/\/kohtla-jarve.ee\/wp-content\/uploads\/2025\/09\/IMG_20190508-Pohja-mv-3.jpg\" alt=\"\" class=\"wp-image-2620\" style=\"width:250px\" srcset=\"https:\/\/kohtla-jarve.ee\/wp-content\/uploads\/2025\/09\/IMG_20190508-Pohja-mv-3.jpg 992w, https:\/\/kohtla-jarve.ee\/wp-content\/uploads\/2025\/09\/IMG_20190508-Pohja-mv-3-300x225.jpg 300w, https:\/\/kohtla-jarve.ee\/wp-content\/uploads\/2025\/09\/IMG_20190508-Pohja-mv-3-768x576.jpg 768w, https:\/\/kohtla-jarve.ee\/wp-content\/uploads\/2025\/09\/IMG_20190508-Pohja-mv-3-16x12.jpg 16w\" sizes=\"auto, (max-width: 992px) 100vw, 992px\" \/><\/figure>\n\n\n\n<figure class=\"wp-block-image size-full is-resized\"><img loading=\"lazy\" decoding=\"async\" width=\"450\" height=\"338\" src=\"https:\/\/kohtla-jarve.ee\/wp-content\/uploads\/2025\/09\/DJI_0133.JPG-Pohja-mv-2.jpg\" alt=\"\" class=\"wp-image-2619\" style=\"width:250px\" srcset=\"https:\/\/kohtla-jarve.ee\/wp-content\/uploads\/2025\/09\/DJI_0133.JPG-Pohja-mv-2.jpg 450w, https:\/\/kohtla-jarve.ee\/wp-content\/uploads\/2025\/09\/DJI_0133.JPG-Pohja-mv-2-300x225.jpg 300w, https:\/\/kohtla-jarve.ee\/wp-content\/uploads\/2025\/09\/DJI_0133.JPG-Pohja-mv-2-16x12.jpg 16w\" sizes=\"auto, (max-width: 450px) 100vw, 450px\" \/><\/figure>\n<\/div>\n\n\n\n<h2 class=\"wp-block-heading\">\u0414\u0435\u0442\u0441\u043a\u0430\u044f \u043f\u043b\u043e\u0449\u0430\u0434\u043a\u0430 \"\u041c\u0430\u043b\u0435\u0432\u0430 <\/h2>\n\n\n\n<p><span class=\"wp-rich-text-font-awesome-icon wp-font-awesome-icon\"><svg aria-hidden=\"true\" focusable=\"false\" data-prefix=\"fas\" data-icon=\"location-dot\" class=\"svg-inline--fa fa-location-dot\" role=\"img\" xmlns=\"http:\/\/www.w3.org\/2000\/svg\" viewbox=\"0 0 384 512\"><path fill=\"currentColor\" d=\"M215.7 499.2C267 435 384 279.4 384 192C384 86 298 0 192 0S0 86 0 192c0 87.4 117 243 168.3 307.2c12.3 15.3 35.1 15.3 47.4 0zM192 128a64 64 0 1 1 0 128 64 64 0 1 1 0-128z\"><\/path><\/svg><\/span><strong><a href=\"https:\/\/www.google.com\/maps\/place\/Laste+m%C3%A4nguv%C3%A4ljak+Ahtme+linnaosas\/@59.3303293,27.4176264,17z\/data=!4m15!1m8!3m7!1s0x469465a2f7f4758b:0xdf837f7fe7712142!2sMaleva+tn+33a,+Ahtme,+31025+Ida-Viru+maakond!3b1!8m2!3d59.3303293!4d27.4202013!16s%2Fg%2F11vt6jhwzk!3m5!1s0x469465cbeff55867:0x808d7d9b033daf2a!8m2!3d59.330184!4d27.4208915!16s%2Fg%2F11pz7rmk60?entry=ttu&amp;g_ep=EgoyMDI1MDkyNC4wIKXMDSoASAFQAw%3D%3D\" target=\"_blank\" rel=\"noreferrer noopener\">\u041c\u0430\u043b\u0435\u0432\u0430 33\u0430<\/a><\/strong><\/p>\n\n\n\n<div class=\"wp-block-group is-nowrap is-layout-flex wp-container-core-group-is-layout-6c531013 wp-block-group-is-layout-flex\">\n<figure class=\"wp-block-image size-full is-resized\"><img loading=\"lazy\" decoding=\"async\" width=\"992\" height=\"744\" src=\"https:\/\/kohtla-jarve.ee\/wp-content\/uploads\/2025\/09\/IMG_20190509_Maleva-3.jpg\" alt=\"\" class=\"wp-image-2624\" style=\"width:250px\" srcset=\"https:\/\/kohtla-jarve.ee\/wp-content\/uploads\/2025\/09\/IMG_20190509_Maleva-3.jpg 992w, https:\/\/kohtla-jarve.ee\/wp-content\/uploads\/2025\/09\/IMG_20190509_Maleva-3-300x225.jpg 300w, https:\/\/kohtla-jarve.ee\/wp-content\/uploads\/2025\/09\/IMG_20190509_Maleva-3-768x576.jpg 768w, https:\/\/kohtla-jarve.ee\/wp-content\/uploads\/2025\/09\/IMG_20190509_Maleva-3-16x12.jpg 16w\" sizes=\"auto, (max-width: 992px) 100vw, 992px\" \/><\/figure>\n\n\n\n<figure class=\"wp-block-image size-full is-resized\"><img loading=\"lazy\" decoding=\"async\" width=\"992\" height=\"744\" src=\"https:\/\/kohtla-jarve.ee\/wp-content\/uploads\/2025\/09\/IMG_20190509_Maleva-2.jpg\" alt=\"\" class=\"wp-image-2623\" style=\"width:250px\" srcset=\"https:\/\/kohtla-jarve.ee\/wp-content\/uploads\/2025\/09\/IMG_20190509_Maleva-2.jpg 992w, https:\/\/kohtla-jarve.ee\/wp-content\/uploads\/2025\/09\/IMG_20190509_Maleva-2-300x225.jpg 300w, https:\/\/kohtla-jarve.ee\/wp-content\/uploads\/2025\/09\/IMG_20190509_Maleva-2-768x576.jpg 768w, https:\/\/kohtla-jarve.ee\/wp-content\/uploads\/2025\/09\/IMG_20190509_Maleva-2-16x12.jpg 16w\" sizes=\"auto, (max-width: 992px) 100vw, 992px\" \/><\/figure>\n\n\n\n<figure class=\"wp-block-image size-full is-resized\"><img loading=\"lazy\" decoding=\"async\" width=\"450\" height=\"338\" src=\"https:\/\/kohtla-jarve.ee\/wp-content\/uploads\/2025\/09\/DJI_0087.JPG-Maleva-1.jpg\" alt=\"\" class=\"wp-image-2617\" style=\"width:250px;height:auto\" srcset=\"https:\/\/kohtla-jarve.ee\/wp-content\/uploads\/2025\/09\/DJI_0087.JPG-Maleva-1.jpg 450w, https:\/\/kohtla-jarve.ee\/wp-content\/uploads\/2025\/09\/DJI_0087.JPG-Maleva-1-300x225.jpg 300w, https:\/\/kohtla-jarve.ee\/wp-content\/uploads\/2025\/09\/DJI_0087.JPG-Maleva-1-16x12.jpg 16w\" sizes=\"auto, (max-width: 450px) 100vw, 450px\" \/><\/figure>\n<\/div>\n<\/div>\n\n\n\n<div class=\"wp-block-column is-layout-flow wp-block-column-is-layout-flow\" style=\"flex-basis:33.33%\">\n<div class=\"wp-block-group has-global-padding is-layout-constrained wp-block-group-is-layout-constrained block-visibility-hide-large-screen block-visibility-hide-medium-screen\">\n<p>\u0418\u0433\u0440\u043e\u0432\u044b\u0435 \u043f\u043b\u043e\u0449\u0430\u0434\u043a\u0438 \u0441\u043f\u043e\u0441\u043e\u0431\u0441\u0442\u0432\u0443\u044e\u0442 \u0440\u0430\u0437\u0432\u0438\u0442\u0438\u044e \u0438 \u0437\u0434\u043e\u0440\u043e\u0432\u044c\u044e \u0434\u0435\u0442\u0435\u0439.<\/p>\n\n\n\n<p>\u0412\u043b\u0430\u0434\u0435\u043b\u0435\u0446 \u0434\u0435\u0442\u0441\u043a\u043e\u0439 \u043f\u043b\u043e\u0449\u0430\u0434\u043a\u0438 \u043d\u0435\u0441\u0435\u0442 \u043e\u0442\u0432\u0435\u0442\u0441\u0442\u0432\u0435\u043d\u043d\u043e\u0441\u0442\u044c \u0437\u0430 \u043e\u0431\u0449\u0435\u0435 \u0441\u043e\u0434\u0435\u0440\u0436\u0430\u043d\u0438\u0435 \u0438 \u043e\u0431\u0441\u043b\u0443\u0436\u0438\u0432\u0430\u043d\u0438\u0435 \u043e\u0431\u043e\u0440\u0443\u0434\u043e\u0432\u0430\u043d\u0438\u044f \u0438 \u0438\u0433\u0440\u043e\u0432\u043e\u0439 \u043f\u043b\u043e\u0449\u0430\u0434\u043a\u0438, \u0430 \u0442\u0430\u043a\u0436\u0435 \u0434\u043e\u043b\u0436\u0435\u043d \u0441\u043b\u0435\u0434\u0438\u0442\u044c \u0437\u0430 \u0442\u0435\u043c, \u0447\u0442\u043e\u0431\u044b \u0442\u0435\u0440\u0440\u0438\u0442\u043e\u0440\u0438\u044f \u043f\u043b\u043e\u0449\u0430\u0434\u043a\u0438 \u0431\u044b\u043b\u0430 \u0443\u0445\u043e\u0436\u0435\u043d\u0430, \u0430 \u043c\u0443\u0441\u043e\u0440, \u0431\u0438\u0442\u043e\u0435 \u0441\u0442\u0435\u043a\u043b\u043e \u0438 \u0442. \u0434. \u0441\u043e\u0431\u0438\u0440\u0430\u043b\u0438\u0441\u044c \u0438 \u043f\u043e\u043c\u0435\u0449\u0430\u043b\u0438\u0441\u044c \u0432 \u0441\u043e\u043e\u0442\u0432\u0435\u0442\u0441\u0442\u0432\u0443\u044e\u0449\u0438\u0435 \u043c\u0435\u0441\u0442\u0430. \u041e\u0434\u043d\u0430\u043a\u043e \u043e\u0441\u0432\u0435\u0434\u043e\u043c\u043b\u0435\u043d\u043d\u043e\u0441\u0442\u044c \u0438 \u0431\u0434\u0438\u0442\u0435\u043b\u044c\u043d\u043e\u0441\u0442\u044c \u0440\u043e\u0434\u0438\u0442\u0435\u043b\u0435\u0439 \u0438\u043c\u0435\u044e\u0442 \u043f\u0435\u0440\u0432\u043e\u0441\u0442\u0435\u043f\u0435\u043d\u043d\u043e\u0435 \u0437\u043d\u0430\u0447\u0435\u043d\u0438\u0435 \u0434\u043b\u044f \u043e\u0431\u0435\u0441\u043f\u0435\u0447\u0435\u043d\u0438\u044f \u0431\u0435\u0437\u043e\u043f\u0430\u0441\u043d\u043e\u0441\u0442\u0438.<\/p>\n\n\n\n<div style=\"height:9px\" aria-hidden=\"true\" class=\"wp-block-spacer\"><\/div>\n<\/div>\n\n\n\n<div class=\"wp-block-group has-base-background-color has-background has-global-padding is-layout-constrained wp-container-core-group-is-layout-9597dc02 wp-block-group-is-layout-constrained\" style=\"border-style:none;border-width:0px;border-radius:3px;padding-top:var(--wp--preset--spacing--10);padding-right:var(--wp--preset--spacing--10);padding-bottom:var(--wp--preset--spacing--10);padding-left:var(--wp--preset--spacing--10);box-shadow:var(--wp--preset--shadow--vaike-vari-1)\">\n<p><strong>\u041e\u0442\u043f\u0440\u0430\u0432\u043b\u044f\u044f\u0441\u044c \u0441 \u0440\u0435\u0431\u0435\u043d\u043a\u043e\u043c \u043d\u0430 \u0434\u0435\u0442\u0441\u043a\u0443\u044e \u043f\u043b\u043e\u0449\u0430\u0434\u043a\u0443, \u043a\u0430\u0436\u0434\u044b\u0439 \u0440\u043e\u0434\u0438\u0442\u0435\u043b\u044c \u0434\u043e\u043b\u0436\u0435\u043d \u0443\u0431\u0435\u0434\u0438\u0442\u044c\u0441\u044f, \u0447\u0442\u043e \u043f\u043b\u043e\u0449\u0430\u0434\u043a\u0430 \u0431\u0435\u0437\u043e\u043f\u0430\u0441\u043d\u0430 \u0434\u043b\u044f \u0435\u0433\u043e \u0438\u0433\u0440.<\/strong><\/p>\n\n\n\n<ul class=\"wp-block-list is-style-checkmark-list\">\n<li>\u0412\u043b\u0430\u0434\u0435\u043b\u0435\u0446 \u0434\u043e\u043b\u0436\u0435\u043d \u0443\u0431\u0435\u0434\u0438\u0442\u044c\u0441\u044f, \u0447\u0442\u043e \u0430\u0442\u0442\u0440\u0430\u043a\u0446\u0438\u043e\u043d\u044b \u0446\u0435\u043b\u044b, \u0443\u043a\u043e\u043c\u043f\u043b\u0435\u043a\u0442\u043e\u0432\u0430\u043d\u044b \u0438 \u0434\u043e\u043b\u0436\u043d\u044b\u043c \u043e\u0431\u0440\u0430\u0437\u043e\u043c \u0437\u0430\u043a\u0440\u0435\u043f\u043b\u0435\u043d\u044b \u043d\u0430 \u0437\u0435\u043c\u043b\u0435.<\/li>\n\n\n\n<li>\u0420\u043e\u0434\u0438\u0442\u0435\u043b\u044f\u043c \u0440\u0435\u043a\u043e\u043c\u0435\u043d\u0434\u0443\u0435\u0442\u0441\u044f \u043e\u043f\u0440\u043e\u0431\u043e\u0432\u0430\u0442\u044c \u0430\u0442\u0442\u0440\u0430\u043a\u0446\u0438\u043e\u043d\u044b, \u043f\u043e\u0442\u0440\u043e\u0433\u0430\u0432 \u0438 \u043f\u043e\u0434\u0432\u0438\u0433\u0430\u0432 \u0438\u0445. \u041d\u0435 \u0438\u0441\u043f\u043e\u043b\u044c\u0437\u0443\u0439\u0442\u0435 \u0430\u0442\u0442\u0440\u0430\u043a\u0446\u0438\u043e\u043d\u044b \u0441 \u043e\u0441\u043b\u0430\u0431\u043b\u0435\u043d\u043d\u044b\u043c\u0438 \u043a\u0440\u0435\u043f\u043b\u0435\u043d\u0438\u044f\u043c\u0438, \u0441\u043b\u043e\u043c\u0430\u043d\u043d\u044b\u0435 \u0438\u043b\u0438 \u0440\u0436\u0430\u0432\u044b\u0435 \u0430\u0442\u0442\u0440\u0430\u043a\u0446\u0438\u043e\u043d\u044b. <\/li>\n\n\n\n<li>\u0413\u0440\u0443\u043d\u0442 \u043f\u043e\u0434 \u043a\u043e\u043d\u0441\u0442\u0440\u0443\u043a\u0446\u0438\u044f\u043c\u0438 \u0434\u043e\u043b\u0436\u0435\u043d \u0431\u044b\u0442\u044c \u043f\u043e\u0434\u0445\u043e\u0434\u044f\u0449\u0438\u043c \u0438 \u0434\u043e\u0441\u0442\u0430\u0442\u043e\u0447\u043d\u044b\u043c \u0434\u043b\u044f \u043f\u043e\u0433\u043b\u043e\u0449\u0435\u043d\u0438\u044f \u0443\u0434\u0430\u0440\u0430 \u043f\u0440\u0438 \u043f\u0430\u0434\u0435\u043d\u0438\u0438. \u0418\u0441\u043f\u043e\u043b\u044c\u0437\u043e\u0432\u0430\u043d\u0438\u0435 \u0430\u0441\u0444\u0430\u043b\u044c\u0442\u0430 \u0438 \u0431\u0435\u0442\u043e\u043d\u0430 \u0434\u043e\u043f\u0443\u0441\u043a\u0430\u0435\u0442\u0441\u044f \u0442\u043e\u043b\u044c\u043a\u043e \u0432\u043d\u0435 \u0437\u043e\u043d\u044b \u0432\u043e\u0437\u043c\u043e\u0436\u043d\u043e\u0433\u043e \u043f\u0430\u0434\u0435\u043d\u0438\u044f. \u0412\u043e\u043a\u0440\u0443\u0433 \u043a\u0430\u0436\u0434\u043e\u0433\u043e \u0430\u0442\u0442\u0440\u0430\u043a\u0446\u0438\u043e\u043d\u0430 \u0434\u043e\u043b\u0436\u043d\u043e \u0431\u044b\u0442\u044c \u0434\u043e\u0441\u0442\u0430\u0442\u043e\u0447\u043d\u043e \u0441\u0432\u043e\u0431\u043e\u0434\u043d\u043e\u0433\u043e \u043f\u0440\u043e\u0441\u0442\u0440\u0430\u043d\u0441\u0442\u0432\u0430, \u0447\u0442\u043e\u0431\u044b \u043d\u0435 \u043e\u0441\u0442\u0430\u0432\u043b\u044f\u0442\u044c \u043d\u0438\u0447\u0435\u0433\u043e \u043d\u0430 \u043f\u0443\u0442\u0438 \u043f\u0430\u0434\u0435\u043d\u0438\u044f, \u0447\u0442\u043e \u043c\u043e\u0436\u0435\u0442 \u0443\u0441\u0443\u0433\u0443\u0431\u0438\u0442\u044c \u0432\u043e\u0437\u043c\u043e\u0436\u043d\u044b\u0435 \u0442\u0440\u0430\u0432\u043c\u044b.<\/li>\n\n\n\n<li>\u041d\u0435 \u0432\u0441\u0435 \u0430\u0442\u0442\u0440\u0430\u043a\u0446\u0438\u043e\u043d\u044b \u043f\u043e\u0434\u0445\u043e\u0434\u044f\u0442 \u0434\u043b\u044f \u0434\u0435\u0442\u0435\u0439 \u0432\u0441\u0435\u0445 \u0432\u043e\u0437\u0440\u0430\u0441\u0442\u043e\u0432. \u0412\u044b\u0441\u043e\u043a\u0438\u0435 \u0433\u043e\u0440\u043a\u0438, \u043f\u043e\u043b\u043e\u0441\u044b \u043f\u0440\u0435\u043f\u044f\u0442\u0441\u0442\u0432\u0438\u0439 \u0438 \u0442. \u0434., \u0442\u0440\u0435\u0431\u0443\u044e\u0449\u0438\u0435 \u043b\u043e\u0432\u043a\u043e\u0441\u0442\u0438 \u0438 \u0443\u0441\u0442\u043e\u0439\u0447\u0438\u0432\u043e\u0433\u043e \u0440\u0430\u0432\u043d\u043e\u0432\u0435\u0441\u0438\u044f, \u043f\u043e\u0434\u0445\u043e\u0434\u044f\u0442 \u043d\u0435 \u0432\u0441\u0435\u043c. <br><strong>\u0420\u043e\u0434\u0438\u0442\u0435\u043b\u0438 \u0441\u0430\u043c\u0438 \u0434\u043e\u043b\u0436\u043d\u044b \u043e\u0446\u0435\u043d\u0438\u0442\u044c \u0438 \u0440\u0435\u0448\u0438\u0442\u044c, \u0447\u0442\u043e \u043f\u043e\u0434\u0445\u043e\u0434\u0438\u0442 \u0438 \u0441\u043e\u043e\u0442\u0432\u0435\u0442\u0441\u0442\u0432\u0443\u0435\u0442 \u0432\u043e\u0437\u0440\u0430\u0441\u0442\u0443 \u0438\u0445 \u0440\u0435\u0431\u0435\u043d\u043a\u0430.<\/strong>.<\/li>\n\n\n\n<li><strong>\u041c\u0430\u043b\u0435\u043d\u044c\u043a\u0438\u0445 \u0434\u0435\u0442\u0435\u0439, \u043a\u043e\u043d\u0435\u0447\u043d\u043e \u0436\u0435, \u043d\u0435\u043b\u044c\u0437\u044f \u043e\u0441\u0442\u0430\u0432\u043b\u044f\u0442\u044c \u0431\u0435\u0437 \u043f\u0440\u0438\u0441\u043c\u043e\u0442\u0440\u0430 \u043d\u0430 \u0434\u0435\u0442\u0441\u043a\u043e\u0439 \u043f\u043b\u043e\u0449\u0430\u0434\u043a\u0435, \u0430 \u0434\u0435\u0442\u044f\u043c, \u0438\u0433\u0440\u0430\u044e\u0449\u0438\u043c \u043d\u0430 \u043d\u0435\u0439 \u0432 \u043e\u0434\u0438\u043d\u043e\u0447\u043a\u0443, \u0441\u043b\u0435\u0434\u0443\u0435\u0442 \u043f\u043e\u0434\u0440\u043e\u0431\u043d\u043e \u0440\u0430\u0441\u0441\u043a\u0430\u0437\u0430\u0442\u044c \u043e \u0432\u043e\u0437\u043c\u043e\u0436\u043d\u044b\u0445 \u043e\u043f\u0430\u0441\u043d\u043e\u0441\u0442\u044f\u0445 \u0438 \u043e \u0442\u043e\u043c, \u043a\u0430\u043a \u0438\u0445 \u0438\u0437\u0431\u0435\u0436\u0430\u0442\u044c.<\/strong><\/li>\n\n\n\n<li>\u0412\u044b \u043d\u0435 \u0434\u043e\u043b\u0436\u043d\u044b \u0441\u0430\u043c\u043e\u0441\u0442\u043e\u044f\u0442\u0435\u043b\u044c\u043d\u043e \u0440\u0435\u043c\u043e\u043d\u0442\u0438\u0440\u043e\u0432\u0430\u0442\u044c \u0441\u043b\u043e\u043c\u0430\u043d\u043d\u043e\u0435 \u0438\u0433\u0440\u043e\u0432\u043e\u0435 \u043e\u0431\u043e\u0440\u0443\u0434\u043e\u0432\u0430\u043d\u0438\u0435, \u0430 \u0434\u043e\u043b\u0436\u043d\u044b \u0441\u043e\u043e\u0431\u0449\u0438\u0442\u044c \u0432\u043b\u0430\u0434\u0435\u043b\u044c\u0446\u0443 \u043e \u043d\u0435\u0438\u0441\u043f\u0440\u0430\u0432\u043d\u043e\u0441\u0442\u0438.<\/li>\n\n\n\n<li>\u0414\u043e\u043b\u0436\u043d\u0430 \u0431\u044b\u0442\u044c \u0438\u043d\u0444\u043e\u0440\u043c\u0430\u0446\u0438\u043e\u043d\u043d\u0430\u044f \u0434\u043e\u0441\u043a\u0430 \u0441 \u0434\u0430\u043d\u043d\u044b\u043c\u0438 \u0432\u043b\u0430\u0434\u0435\u043b\u044c\u0446\u0430.<\/li>\n<\/ul>\n<\/div>\n<\/div>\n<\/div>","protected":false},"excerpt":{"rendered":"<p>M\u00e4nguv\u00e4ljakud toetavad&nbsp; laste arengut ja tervist. Seadmete ja v\u00e4ljaku \u00fcle\u00fcldise korrasoleku ning hooldamise eest vastutab m\u00e4nguv\u00e4ljaku omanik, kes peab tagama, et m\u00e4nguv\u00e4ljaku territoorium on hooldatud, seal vedelev pr\u00fcgi, klaasikillud jms [&hellip;]<\/p>\n","protected":false},"author":1,"featured_media":0,"parent":2599,"menu_order":3,"comment_status":"closed","ping_status":"closed","template":"page-wide","meta":{"_EventAllDay":false,"_EventTimezone":"","_EventStartDate":"","_EventEndDate":"","_EventStartDateUTC":"","_EventEndDateUTC":"","_EventShowMap":false,"_EventShowMapLink":false,"_EventURL":"","_EventCost":"","_EventCostDescription":"","_EventCurrencySymbol":"","_EventCurrencyCode":"","_EventCurrencyPosition":"","_EventDateTimeSeparator":"","_EventTimeRangeSeparator":"","_EventOrganizerID":[],"_EventVenueID":[],"_OrganizerEmail":"","_OrganizerPhone":"","_OrganizerWebsite":"","_VenueAddress":"","_VenueCity":"","_VenueCountry":"","_VenueProvince":"","_VenueState":"","_VenueZip":"","_VenuePhone":"","_VenueURL":"","_VenueStateProvince":"","_VenueLat":"","_VenueLng":"","_VenueShowMap":false,"_VenueShowMapLink":false,"footnotes":""},"class_list":["post-2605","page","type-page","status-publish","hentry"],"_links":{"self":[{"href":"https:\/\/kohtla-jarve.ee\/ru\/wp-json\/wp\/v2\/pages\/2605","targetHints":{"allow":["GET"]}}],"collection":[{"href":"https:\/\/kohtla-jarve.ee\/ru\/wp-json\/wp\/v2\/pages"}],"about":[{"href":"https:\/\/kohtla-jarve.ee\/ru\/wp-json\/wp\/v2\/types\/page"}],"author":[{"embeddable":true,"href":"https:\/\/kohtla-jarve.ee\/ru\/wp-json\/wp\/v2\/users\/1"}],"replies":[{"embeddable":true,"href":"https:\/\/kohtla-jarve.ee\/ru\/wp-json\/wp\/v2\/comments?post=2605"}],"version-history":[{"count":9,"href":"https:\/\/kohtla-jarve.ee\/ru\/wp-json\/wp\/v2\/pages\/2605\/revisions"}],"predecessor-version":[{"id":2645,"href":"https:\/\/kohtla-jarve.ee\/ru\/wp-json\/wp\/v2\/pages\/2605\/revisions\/2645"}],"up":[{"embeddable":true,"href":"https:\/\/kohtla-jarve.ee\/ru\/wp-json\/wp\/v2\/pages\/2599"}],"wp:attachment":[{"href":"https:\/\/kohtla-jarve.ee\/ru\/wp-json\/wp\/v2\/media?parent=2605"}],"curies":[{"name":"wp","href":"https:\/\/api.w.org\/{rel}","templated":true}]}}