{"id":2576,"date":"2025-09-29T12:21:08","date_gmt":"2025-09-29T09:21:08","guid":{"rendered":"https:\/\/kohtla-jarve.ee\/?page_id=2576"},"modified":"2025-11-24T11:50:47","modified_gmt":"2025-11-24T09:50:47","slug":"kodualuse-maa-maksusoodustus","status":"publish","type":"page","link":"https:\/\/kohtla-jarve.ee\/ru\/keskkond-ehitus-ja-haldus\/majandus-ja-haldus\/maamaks\/kodualuse-maa-maksusoodustus\/","title":{"rendered":"\u041d\u0430\u043b\u043e\u0433\u043e\u0432\u0430\u044f \u043b\u044c\u0433\u043e\u0442\u0430 \u043d\u0430 \u0437\u0435\u043c\u043b\u044e \u043f\u043e\u0434 \u043e\u0441\u043d\u043e\u0432\u043d\u044b\u043c \u0436\u0438\u043b\u044b\u043c \u0434\u043e\u043c\u043e\u043c"},"content":{"rendered":"<p>\u041f\u043e\u0434 \u0437\u0435\u043c\u043b\u0451\u0439 \u043f\u043e\u0434 \u043e\u0441\u043d\u043e\u0432\u043d\u044b\u043c \u0436\u0438\u043b\u044b\u043c \u0434\u043e\u043c\u043e\u043c \u043f\u043e\u043d\u0438\u043c\u0430\u0435\u0442\u0441\u044f \u0437\u0435\u043c\u0435\u043b\u044c\u043d\u044b\u0439 \u0443\u0447\u0430\u0441\u0442\u043e\u043a, \u043d\u0430\u0445\u043e\u0434\u044f\u0449\u0438\u0439\u0441\u044f \u0432 \u0441\u043e\u0431\u0441\u0442\u0432\u0435\u043d\u043d\u043e\u0441\u0442\u0438 \u0432\u043b\u0430\u0434\u0435\u043b\u044c\u0446\u0430 \u0438\u043b\u0438 \u0432 \u043f\u043e\u043b\u044c\u0437\u043e\u0432\u0430\u043d\u0438\u0438 \u043b\u0438\u0446\u0430, \u0443\u043a\u0430\u0437\u0430\u043d\u043d\u043e\u0433\u043e \u0432 \u00a7 10 \u0417\u0430\u043a\u043e\u043d\u0430 \u043e \u0437\u0435\u043c\u0435\u043b\u044c\u043d\u043e\u043c \u043d\u0430\u043b\u043e\u0433\u0435, \u0435\u0441\u043b\u0438 \u0446\u0435\u043b\u0435\u0432\u043e\u0435 \u043d\u0430\u0437\u043d\u0430\u0447\u0435\u043d\u0438\u0435 \u0443\u0447\u0430\u0441\u0442\u043a\u0430 (\u0438\u043b\u0438 \u043e\u0434\u043d\u043e \u0438\u0437 \u043d\u0430\u0437\u043d\u0430\u0447\u0435\u043d\u0438\u0439) \u2014 \u0437\u0435\u043c\u043b\u044f \u0436\u0438\u043b\u043e\u0433\u043e \u043d\u0430\u0437\u043d\u0430\u0447\u0435\u043d\u0438\u044f \u043b\u0438\u0431\u043e \u0443\u0441\u0430\u0434\u0435\u0431\u043d\u0430\u044f \u0437\u0435\u043c\u043b\u044f \u0441\u0435\u043b\u044c\u0441\u043a\u043e\u0445\u043e\u0437\u044f\u0439\u0441\u0442\u0432\u0435\u043d\u043d\u043e\u0433\u043e \u043d\u0430\u0437\u043d\u0430\u0447\u0435\u043d\u0438\u044f (\u00f5uemaa), \u0435\u0441\u043b\u0438 \u0432 \u0434\u043e\u043c\u0435, \u0440\u0430\u0441\u043f\u043e\u043b\u043e\u0436\u0435\u043d\u043d\u043e\u043c \u043d\u0430 \u044d\u0442\u043e\u043c \u0443\u0447\u0430\u0441\u0442\u043a\u0435, \u0437\u0430\u0440\u0435\u0433\u0438\u0441\u0442\u0440\u0438\u0440\u043e\u0432\u0430\u043d\u043e \u043c\u0435\u0441\u0442\u043e \u0436\u0438\u0442\u0435\u043b\u044c\u0441\u0442\u0432\u0430 \u0432\u043b\u0430\u0434\u0435\u043b\u044c\u0446\u0430 \u0438\u043b\u0438 \u043f\u043e\u043b\u044c\u0437\u043e\u0432\u0430\u0442\u0435\u043b\u044f \u0441\u043e\u0433\u043b\u0430\u0441\u043d\u043e \u0434\u0430\u043d\u043d\u044b\u043c \u0440\u0435\u0433\u0438\u0441\u0442\u0440\u0430 \u043d\u0430\u0441\u0435\u043b\u0435\u043d\u0438\u044f (\u043f\u0440\u043e\u043f\u0438\u0441\u043a\u0430 \u043f\u043e \u0434\u0430\u043d\u043d\u043e\u043c\u0443 \u0430\u0434\u0440\u0435\u0441\u0443).<\/p>\n\n\n\n<p>\u0415\u0441\u043b\u0438 \u0437\u0435\u043c\u0435\u043b\u044c\u043d\u044b\u0439 \u0443\u0447\u0430\u0441\u0442\u043e\u043a \u0438\u043b\u0438 \u043a\u0432\u0430\u0440\u0442\u0438\u0440\u043d\u0430\u044f \u0441\u043e\u0431\u0441\u0442\u0432\u0435\u043d\u043d\u043e\u0441\u0442\u044c \u043d\u0430\u0445\u043e\u0434\u0438\u0442\u0441\u044f \u0432 \u0441\u043e\u0432\u043c\u0435\u0441\u0442\u043d\u043e\u0439 \u0438\u043b\u0438 \u0434\u043e\u043b\u0435\u0432\u043e\u0439 \u0441\u043e\u0431\u0441\u0442\u0432\u0435\u043d\u043d\u043e\u0441\u0442\u0438, \u043b\u0438\u0431\u043e \u043f\u0440\u0435\u0434\u043e\u0441\u0442\u0430\u0432\u043b\u0435\u043d\u0430 \u0432 \u043f\u043e\u043b\u044c\u0437\u043e\u0432\u0430\u043d\u0438\u0435 \u0441\u043e\u0433\u043b\u0430\u0441\u043d\u043e \u0430\u0431\u0437\u0430\u0446\u0443 2 \u00a7 10 \u0417\u0430\u043a\u043e\u043d\u0430 \u043e \u0437\u0435\u043c\u0435\u043b\u044c\u043d\u043e\u043c \u043d\u0430\u043b\u043e\u0433\u0435, \u0443\u043a\u0430\u0437\u0430\u043d\u043d\u0430\u044f \u043d\u0430\u043b\u043e\u0433\u043e\u0432\u0430\u044f \u043b\u044c\u0433\u043e\u0442\u0430 \u043f\u0440\u0438\u043c\u0435\u043d\u044f\u0435\u0442\u0441\u044f \u0442\u043e\u043b\u044c\u043a\u043e \u043e\u0434\u0438\u043d \u0440\u0430\u0437 \u2014 \u043a \u0434\u0430\u043d\u043d\u043e\u043c\u0443 \u043e\u0431\u044a\u0435\u043a\u0442\u0443 \u0441\u043e\u0431\u0441\u0442\u0432\u0435\u043d\u043d\u043e\u0441\u0442\u0438 \u0438\u043b\u0438 \u043f\u043e\u043b\u044c\u0437\u043e\u0432\u0430\u043d\u0438\u044f.<\/p>\n\n\n\n<p>\u0421\u043e\u0433\u043b\u0430\u0441\u043d\u043e \u0430\u0431\u0437\u0430\u0446\u0443 1 \u00a7 11 \u0417\u0430\u043a\u043e\u043d\u0430 \u043e \u0437\u0435\u043c\u0435\u043b\u044c\u043d\u043e\u043c \u043d\u0430\u043b\u043e\u0433\u0435, \u0441\u043e\u0432\u0435\u0442 \u043e\u0440\u0433\u0430\u043d\u0430 \u043c\u0435\u0441\u0442\u043d\u043e\u0433\u043e \u0441\u0430\u043c\u043e\u0443\u043f\u0440\u0430\u0432\u043b\u0435\u043d\u0438\u044f \u043c\u043e\u0436\u0435\u0442 \u0441\u0432\u043e\u0438\u043c \u043f\u043e\u0441\u0442\u0430\u043d\u043e\u0432\u043b\u0435\u043d\u0438\u0435\u043c \u0443\u0441\u0442\u0430\u043d\u043e\u0432\u0438\u0442\u044c \u043d\u0430\u043b\u043e\u0433\u043e\u0432\u0443\u044e \u043b\u044c\u0433\u043e\u0442\u0443 \u043d\u0430 \u0437\u0435\u043c\u043b\u044e \u043f\u043e\u0434 \u043e\u0441\u043d\u043e\u0432\u043d\u044b\u043c \u0436\u0438\u043b\u044b\u043c \u0434\u043e\u043c\u043e\u043c \u0432 \u0440\u0430\u0437\u043c\u0435\u0440\u0435 \u0434\u043e 1000 \u0435\u0432\u0440\u043e, \u043d\u0435 \u043f\u043e\u0437\u0434\u043d\u0435\u0435 1 \u043e\u043a\u0442\u044f\u0431\u0440\u044f \u0433\u043e\u0434\u0430, \u043f\u0440\u0435\u0434\u0448\u0435\u0441\u0442\u0432\u0443\u044e\u0449\u0435\u0433\u043e \u043d\u0430\u043b\u043e\u0433\u043e\u0432\u043e\u043c\u0443 \u043f\u0435\u0440\u0438\u043e\u0434\u0443.<\/p>\n\n\n\n<p>\u0413\u043e\u0440\u043e\u0434\u0441\u043a\u043e\u0435 \u0441\u043e\u0431\u0440\u0430\u043d\u0438\u0435 \u041a\u043e\u0445\u0442\u043b\u0430-\u042f\u0440\u0432\u0435 28 \u0430\u0432\u0433\u0443\u0441\u0442\u0430 2025 \u0433. a <a href=\"https:\/\/www.riigiteataja.ee\/akt\/412092025004\">\u041f\u043e\u0441\u0442\u0430\u043d\u043e\u0432\u043b\u0435\u043d\u0438\u0435\u043c \u2116 113<\/a> \u00ab\u041e\u0431 \u0443\u0441\u0442\u0430\u043d\u043e\u0432\u043b\u0435\u043d\u0438\u0438 \u0441\u0442\u0430\u0432\u043a\u0438 \u0437\u0435\u043c\u0435\u043b\u044c\u043d\u043e\u0433\u043e \u043d\u0430\u043b\u043e\u0433\u0430, \u043f\u0440\u0435\u0434\u0435\u043b\u044c\u043d\u043e\u0433\u043e \u0440\u043e\u0441\u0442\u0430 \u0437\u0435\u043c\u0435\u043b\u044c\u043d\u043e\u0433\u043e \u043d\u0430\u043b\u043e\u0433\u0430, \u043d\u0430\u043b\u043e\u0433\u043e\u0432\u043e\u0439 \u043b\u044c\u0433\u043e\u0442\u044b \u043d\u0430 \u0437\u0435\u043c\u043b\u044e \u043f\u043e\u0434 \u0436\u0438\u043b\u044b\u043c \u0434\u043e\u043c\u043e\u043c \u0438 \u0434\u043e\u043f\u043e\u043b\u043d\u0438\u0442\u0435\u043b\u044c\u043d\u044b\u0445 \u043d\u0430\u043b\u043e\u0433\u043e\u0432\u044b\u0445 \u043b\u044c\u0433\u043e\u0442\u00bb\n\u0443\u0441\u0442\u0430\u043d\u043e\u0432\u043b\u0435\u043d\u0430 \u043d\u0430\u043b\u043e\u0433\u043e\u0432\u0430\u044f \u043b\u044c\u0433\u043e\u0442\u0430 \u043d\u0430 \u0437\u0435\u043c\u043b\u044e \u043f\u043e\u0434 \u0436\u0438\u043b\u044b\u043c \u0434\u043e\u043c\u043e\u043c \u0432 \u0440\u0430\u0437\u043c\u0435\u0440\u0435 \u0434\u043e 200 \u0435\u0432\u0440\u043e.<\/p>\n\n\n\n<p>\u0420\u0430\u0437\u043c\u0435\u0440 \u043b\u044c\u0433\u043e\u0442\u044b \u0441\u043e\u0441\u0442\u0430\u0432\u043b\u044f\u0435\u0442 \u0434\u043e 200 \u0435\u0432\u0440\u043e, \u043f\u043e\u0441\u043a\u043e\u043b\u044c\u043a\u0443 \u043d\u0430\u043b\u043e\u0433\u043e\u0432\u0430\u044f \u043b\u044c\u0433\u043e\u0442\u0430 \u043d\u0435 \u043c\u043e\u0436\u0435\u0442 \u043f\u0440\u0435\u0432\u044b\u0448\u0430\u0442\u044c \u0441\u0443\u043c\u043c\u0443 \u043d\u0430\u043b\u043e\u0433\u043e\u0432\u043e\u0433\u043e \u043e\u0431\u044f\u0437\u0430\u0442\u0435\u043b\u044c\u0441\u0442\u0432\u0430.<\/p>\n\n\n\n<p>\u041b\u044c\u0433\u043e\u0442\u0430 \u043f\u0440\u0438\u043c\u0435\u043d\u044f\u0435\u0442\u0441\u044f \u0430\u0432\u0442\u043e\u043c\u0430\u0442\u0438\u0447\u0435\u0441\u043a\u0438, \u043f\u043e\u0434\u0430\u0447\u0430 \u043e\u0442\u0434\u0435\u043b\u044c\u043d\u043e\u0433\u043e \u0437\u0430\u044f\u0432\u043b\u0435\u043d\u0438\u044f \u043d\u0435 \u0442\u0440\u0435\u0431\u0443\u0435\u0442\u0441\u044f.<\/p>\n\n\n\n<p>\u0415\u0441\u043b\u0438 \u043d\u0430\u043b\u043e\u0433\u043e\u043f\u043b\u0430\u0442\u0435\u043b\u044c\u0449\u0438\u043a \u0432\u043b\u0430\u0434\u0435\u0435\u0442 \u043d\u0435\u0441\u043a\u043e\u043b\u044c\u043a\u0438\u043c\u0438 \u043a\u0432\u0430\u0440\u0442\u0438\u0440\u0430\u043c\u0438, \u043d\u0430\u043b\u043e\u0433\u043e\u0432\u0430\u044f \u043b\u044c\u0433\u043e\u0442\u0430 \u043f\u0440\u0435\u0434\u043e\u0441\u0442\u0430\u0432\u043b\u044f\u0435\u0442\u0441\u044f \u0442\u043e\u043b\u044c\u043a\u043e \u0437\u0430 \u0437\u0435\u043c\u043b\u044e, \u043e\u0442\u043d\u043e\u0441\u044f\u0449\u0443\u044e\u0441\u044f \u043a \u0442\u043e\u0439 \u043a\u0432\u0430\u0440\u0442\u0438\u0440\u0435, \u043a\u043e\u0442\u043e\u0440\u0430\u044f \u0443\u043a\u0430\u0437\u0430\u043d\u0430 \u0432 \u0440\u0435\u0433\u0438\u0441\u0442\u0440\u0435 \u043d\u0430\u0441\u0435\u043b\u0435\u043d\u0438\u044f \u043a\u0430\u043a \u0435\u0433\u043e \u043c\u0435\u0441\u0442\u043e \u0436\u0438\u0442\u0435\u043b\u044c\u0441\u0442\u0432\u0430. &nbsp;<\/p>\n\n\n\n<p>\u0415\u0441\u043b\u0438 \u0441\u043e\u0433\u043b\u0430\u0441\u043d\u043e \u0434\u0430\u043d\u043d\u044b\u043c \u0437\u0435\u043c\u0435\u043b\u044c\u043d\u043e\u0439 \u043a\u043d\u0438\u0433\u0438 \u043d\u0435\u0434\u0432\u0438\u0436\u0438\u043c\u043e\u0441\u0442\u044c \u0441\u043e\u0441\u0442\u043e\u0438\u0442 \u0438\u0437 \u043d\u0435\u0441\u043a\u043e\u043b\u044c\u043a\u0438\u0445 \u043a\u0430\u0434\u0430\u0441\u0442\u0440\u043e\u0432\u044b\u0445 \u0443\u0447\u0430\u0441\u0442\u043a\u043e\u0432, \u0430 \u0437\u0434\u0430\u043d\u0438\u0435 \u0440\u0430\u0441\u043f\u043e\u043b\u043e\u0436\u0435\u043d\u043e \u0442\u043e\u043b\u044c\u043a\u043e \u043d\u0430 \u043e\u0434\u043d\u043e\u043c \u0438\u0437 \u043d\u0438\u0445, \u043d\u0430\u043b\u043e\u0433\u043e\u0432\u0430\u044f \u043b\u044c\u0433\u043e\u0442\u0430 \u0440\u0430\u0441\u0441\u0447\u0438\u0442\u044b\u0432\u0430\u0435\u0442\u0441\u044f \u0442\u043e\u043b\u044c\u043a\u043e \u0434\u043b\u044f \u0442\u043e\u0433\u043e \u0443\u0447\u0430\u0441\u0442\u043a\u0430, \u043d\u0430 \u043a\u043e\u0442\u043e\u0440\u043e\u043c \u043d\u0430\u0445\u043e\u0434\u0438\u0442\u0441\u044f \u0437\u0434\u0430\u043d\u0438\u0435.<\/p>\n\n\n\n<p>\u0412\u0430\u0436\u043d\u043e, \u0447\u0442\u043e\u0431\u044b \u0432 \u0440\u0435\u0433\u0438\u0441\u0442\u0440\u0435 \u043d\u0430\u0441\u0435\u043b\u0435\u043d\u0438\u044f \u0431\u044b\u043b\u0438 \u0430\u043a\u0442\u0443\u0430\u043b\u044c\u043d\u044b\u0435 \u0438 \u043f\u0440\u0430\u0432\u0438\u043b\u044c\u043d\u044b\u0435 \u0434\u0430\u043d\u043d\u044b\u0435 \u043e \u043c\u0435\u0441\u0442\u0435 \u0436\u0438\u0442\u0435\u043b\u044c\u0441\u0442\u0432\u0430.<\/p>","protected":false},"excerpt":{"rendered":"<p>Kodualuse maana k\u00e4sitatakse maa omaniku omandis olevat v\u00f5i maamaksuseaduse \u00a7-s 10 nimetatud maa kasutaja kasutuses olevat maad, mille sihtotstarve v\u00f5i \u00fcks sihtotstarvetest on elamumaa, v\u00f5i maatulundusmaa \u00f5uemaa k\u00f5lvikut, kui sellel [&hellip;]<\/p>\n","protected":false},"author":1,"featured_media":0,"parent":2562,"menu_order":0,"comment_status":"closed","ping_status":"closed","template":"","meta":{"_EventAllDay":false,"_EventTimezone":"","_EventStartDate":"","_EventEndDate":"","_EventStartDateUTC":"","_EventEndDateUTC":"","_EventShowMap":false,"_EventShowMapLink":false,"_EventURL":"","_EventCost":"","_EventCostDescription":"","_EventCurrencySymbol":"","_EventCurrencyCode":"","_EventCurrencyPosition":"","_EventDateTimeSeparator":"","_EventTimeRangeSeparator":"","_EventOrganizerID":[],"_EventVenueID":[],"_OrganizerEmail":"","_OrganizerPhone":"","_OrganizerWebsite":"","_VenueAddress":"","_VenueCity":"","_VenueCountry":"","_VenueProvince":"","_VenueState":"","_VenueZip":"","_VenuePhone":"","_VenueURL":"","_VenueStateProvince":"","_VenueLat":"","_VenueLng":"","_VenueShowMap":false,"_VenueShowMapLink":false,"footnotes":""},"class_list":["post-2576","page","type-page","status-publish","hentry"],"_links":{"self":[{"href":"https:\/\/kohtla-jarve.ee\/ru\/wp-json\/wp\/v2\/pages\/2576","targetHints":{"allow":["GET"]}}],"collection":[{"href":"https:\/\/kohtla-jarve.ee\/ru\/wp-json\/wp\/v2\/pages"}],"about":[{"href":"https:\/\/kohtla-jarve.ee\/ru\/wp-json\/wp\/v2\/types\/page"}],"author":[{"embeddable":true,"href":"https:\/\/kohtla-jarve.ee\/ru\/wp-json\/wp\/v2\/users\/1"}],"replies":[{"embeddable":true,"href":"https:\/\/kohtla-jarve.ee\/ru\/wp-json\/wp\/v2\/comments?post=2576"}],"version-history":[{"count":4,"href":"https:\/\/kohtla-jarve.ee\/ru\/wp-json\/wp\/v2\/pages\/2576\/revisions"}],"predecessor-version":[{"id":4167,"href":"https:\/\/kohtla-jarve.ee\/ru\/wp-json\/wp\/v2\/pages\/2576\/revisions\/4167"}],"up":[{"embeddable":true,"href":"https:\/\/kohtla-jarve.ee\/ru\/wp-json\/wp\/v2\/pages\/2562"}],"wp:attachment":[{"href":"https:\/\/kohtla-jarve.ee\/ru\/wp-json\/wp\/v2\/media?parent=2576"}],"curies":[{"name":"wp","href":"https:\/\/api.w.org\/{rel}","templated":true}]}}