{"id":2330,"date":"2025-09-26T16:40:48","date_gmt":"2025-09-26T13:40:48","guid":{"rendered":"https:\/\/kohtla-jarve.ee\/?page_id=2330"},"modified":"2025-09-26T16:40:49","modified_gmt":"2025-09-26T13:40:49","slug":"kukruse-ja-oru-linnaosad","status":"publish","type":"page","link":"https:\/\/kohtla-jarve.ee\/ru\/keskkond-ehitus-ja-haldus\/areng-planeerimine-ehitus\/uldplaneering\/kukruse-ja-oru-linnaosad\/","title":{"rendered":"\u0420\u0430\u0439\u043e\u043d\u044b \u041a\u0443\u043a\u0440\u0443\u0437\u0435 \u0438 \u041e\u0440\u0443"},"content":{"rendered":"<p><a href=\"https:\/\/wd.kohtla-jarve.ee\/?page=pub_view_dynobj&amp;pid=165180&amp;tid=10870&amp;u=20201123143359&amp;desktop=1025&amp;r_url=%2F%3Fpage%3Dpub_list_dynobj%26pid%3D%26tid%3D10870%26u%3D20201123143359\" target=\"_blank\" rel=\"noreferrer noopener\">\u0420\u0435\u0448\u0435\u043d\u0438\u0435\u043c \u041a\u043e\u0445\u0442\u043b\u0430-\u042f\u0440\u0432\u0435\u0441\u043a\u043e\u0433\u043e \u0433\u043e\u0440\u043e\u0434\u0441\u043a\u043e\u0433\u043e \u0441\u043e\u0431\u0440\u0430\u043d\u0438\u044f \u2116 76 \u043e\u0442 26.05.2010 \u0431\u044b\u043b \u0440\u0430\u0437\u0440\u0430\u0431\u043e\u0442\u0430\u043d \u0433\u0435\u043d\u0435\u0440\u0430\u043b\u044c\u043d\u044b\u0439 \u043f\u043b\u0430\u043d \u041a\u0443\u043a\u0440\u0443\u0437\u0441\u043a\u043e\u0433\u043e \u0440\u0430\u0439\u043e\u043d\u0430.<\/a>  <span class=\"wp-rich-text-font-awesome-icon wp-font-awesome-icon\"><svg aria-hidden=\"true\" focusable=\"false\" data-prefix=\"fas\" data-icon=\"arrow-up-right-from-square\" class=\"svg-inline--fa fa-arrow-up-right-from-square\" role=\"img\" xmlns=\"http:\/\/www.w3.org\/2000\/svg\" viewbox=\"0 0 512 512\"><path fill=\"currentColor\" d=\"M320 0c-17.7 0-32 14.3-32 32s14.3 32 32 32l82.7 0L201.4 265.4c-12.5 12.5-12.5 32.8 0 45.3s32.8 12.5 45.3 0L448 109.3l0 82.7c0 17.7 14.3 32 32 32s32-14.3 32-32l0-160c0-17.7-14.3-32-32-32L320 0zM80 32C35.8 32 0 67.8 0 112L0 432c0 44.2 35.8 80 80 80l320 0c44.2 0 80-35.8 80-80l0-112c0-17.7-14.3-32-32-32s-32 14.3-32 32l0 112c0 8.8-7.2 16-16 16L80 448c-8.8 0-16-7.2-16-16l0-320c0-8.8 7.2-16 16-16l112 0c17.7 0 32-14.3 32-32s-14.3-32-32-32L80 32z\"><\/path><\/svg><\/span><\/p>\n\n\n\n<p><a href=\"https:\/\/wd.kohtla-jarve.ee\/?page=pub_view_dynobj&amp;pid=165177&amp;tid=10870&amp;u=20190227193156&amp;desktop=1025&amp;r_url=%2F%3Fpage%3Dpub_list_dynobj%26pid%3D%26tid%3D10870%26u%3D20190227193156\" target=\"_blank\" rel=\"noreferrer noopener\">\u0420\u0435\u0448\u0435\u043d\u0438\u0435\u043c \u041a\u043e\u0445\u0442\u043b\u0430-\u042f\u0440\u0432\u0435\u0441\u043a\u043e\u0439 \u0433\u043e\u0440\u043e\u0434\u0441\u043a\u043e\u0439 \u0434\u0443\u043c\u044b \u2116 75 \u043e\u0442 26.05.2010 \u0431\u044b\u043b \u0443\u0442\u0432\u0435\u0440\u0436\u0434\u0435\u043d \u0433\u0435\u043d\u0435\u0440\u0430\u043b\u044c\u043d\u044b\u0439 \u043f\u043b\u0430\u043d \u041e\u0440\u0443\u0441\u043a\u043e\u0433\u043e \u0440\u0430\u0439\u043e\u043d\u0430.<\/a> <span class=\"wp-rich-text-font-awesome-icon wp-font-awesome-icon\"><svg aria-hidden=\"true\" focusable=\"false\" data-prefix=\"fas\" data-icon=\"arrow-up-right-from-square\" class=\"svg-inline--fa fa-arrow-up-right-from-square\" role=\"img\" xmlns=\"http:\/\/www.w3.org\/2000\/svg\" viewbox=\"0 0 512 512\"><path fill=\"currentColor\" d=\"M320 0c-17.7 0-32 14.3-32 32s14.3 32 32 32l82.7 0L201.4 265.4c-12.5 12.5-12.5 32.8 0 45.3s32.8 12.5 45.3 0L448 109.3l0 82.7c0 17.7 14.3 32 32 32s32-14.3 32-32l0-160c0-17.7-14.3-32-32-32L320 0zM80 32C35.8 32 0 67.8 0 112L0 432c0 44.2 35.8 80 80 80l320 0c44.2 0 80-35.8 80-80l0-112c0-17.7-14.3-32-32-32s-32 14.3-32 32l0 112c0 8.8-7.2 16-16 16L80 448c-8.8 0-16-7.2-16-16l0-320c0-8.8 7.2-16 16-16l112 0c17.7 0 32-14.3 32-32s-14.3-32-32-32L80 32z\"><\/path><\/svg><\/span><\/p>\n\n\n\n<h2 class=\"wp-block-heading\">\u0414\u043e\u043a\u0443\u043c\u0435\u043d\u0442\u044b<\/h2>\n\n\n\n<figure class=\"wp-block-table is-style-stripes\"><table class=\"has-fixed-layout\"><tbody><tr><td><a href=\"https:\/\/kohtla-jarve.ee\/wp-content\/uploads\/2025\/09\/2.pdf\" target=\"_blank\" rel=\"noreferrer noopener\">\u041f\u043e\u044f\u0441\u043d\u0438\u0442\u0435\u043b\u044c\u043d\u0430\u044f \u0437\u0430\u043f\u0438\u0441\u043a\u0430 \u043a \u0433\u0435\u043d\u0435\u0440\u0430\u043b\u044c\u043d\u043e\u043c\u0443 \u043f\u043b\u0430\u043d\u0443 \u0440\u0430\u0439\u043e\u043d\u0430 \u041e\u0440\u0443\u00a0<\/a><\/td><td>PDF 3,5 \u041c\u0411<\/td><\/tr><tr><td><a href=\"https:\/\/kohtla-jarve.ee\/wp-content\/uploads\/2025\/09\/3-1.pdf\" target=\"_blank\" rel=\"noreferrer noopener\">\u041f\u043e\u044f\u0441\u043d\u0438\u0442\u0435\u043b\u044c\u043d\u0430\u044f \u0437\u0430\u043f\u0438\u0441\u043a\u0430 \u043a \u0433\u0435\u043d\u0435\u0440\u0430\u043b\u044c\u043d\u043e\u043c\u0443 \u043f\u043b\u0430\u043d\u0443 \u041a\u0443\u043a\u0440\u0443\u0441\u043a\u043e\u0433\u043e \u0440\u0430\u0439\u043e\u043d\u0430\u00a0<\/a><\/td><td>PDF 2,7 \u041c\u0411<\/td><\/tr><tr><td><a href=\"https:\/\/kohtla-jarve.ee\/wp-content\/uploads\/2025\/09\/1.pdf\" target=\"_blank\" rel=\"noreferrer noopener\">\u041f\u0440\u043e\u0446\u0435\u0441\u0441 \u0433\u0435\u043d\u0435\u0440\u0430\u043b\u044c\u043d\u043e\u0433\u043e \u043f\u043b\u0430\u043d\u0438\u0440\u043e\u0432\u0430\u043d\u0438\u044f \u0432 \u0440\u0430\u0439\u043e\u043d\u0430\u0445 \u041e\u0440\u0443 \u0438 \u041a\u0443\u043a\u0440\u0443\u0437\u0435 \u0438 \u043e\u0442\u0447\u0435\u0442 SEA \u043e \u043f\u043b\u0430\u043d\u0430\u0445<\/a><\/td><td>PDF 13 MB<\/td><\/tr><\/tbody><\/table><\/figure>\n\n\n\n<h2 class=\"wp-block-heading\">\u041a\u0430\u0440\u0442\u044b<\/h2>\n\n\n\n<figure class=\"wp-block-table is-style-stripes\"><table class=\"has-fixed-layout\"><tbody><tr><td><a href=\"https:\/\/kohtla-jarve.ee\/wp-content\/uploads\/2025\/09\/5-1.pdf\" target=\"_blank\" rel=\"noreferrer noopener\">\u0417\u0435\u043c\u043b\u0435\u043f\u043e\u043b\u044c\u0437\u043e\u0432\u0430\u043d\u0438\u0435 \u0432 \u041e\u0440\u0443<\/a><\/td><td>PDF 0,9 \u041c\u0411<\/td><\/tr><tr><td><a href=\"https:\/\/kohtla-jarve.ee\/wp-content\/uploads\/2025\/09\/6-1.pdf\" target=\"_blank\" rel=\"noreferrer noopener\">\u0416\u0430\u0440\u0430 \u041e\u0440\u0443<\/a><\/td><td>PDF 0,4 \u041c\u0411<\/td><\/tr><tr><td><a href=\"https:\/\/kohtla-jarve.ee\/wp-content\/uploads\/2025\/09\/7-1.pdf\" target=\"_blank\" rel=\"noreferrer noopener\">\u0412\u043e\u0434\u043e\u0441\u043d\u0430\u0431\u0436\u0435\u043d\u0438\u0435 \u0438 \u043a\u0430\u043d\u0430\u043b\u0438\u0437\u0430\u0446\u0438\u044f \u041e\u0440\u0443<\/a><\/td><td>PDF 0,4 \u041c\u0411<\/td><\/tr><tr><td><a href=\"https:\/\/kohtla-jarve.ee\/wp-content\/uploads\/2025\/09\/8-1.pdf\" target=\"_blank\" rel=\"noreferrer noopener\">\u0423\u043b\u0438\u0447\u043d\u043e\u0435 \u043e\u0441\u0432\u0435\u0449\u0435\u043d\u0438\u0435 \u0432 \u041e\u0440\u0443<\/a><\/td><td>PDF 0,3 \u041c\u0411<\/td><\/tr><tr><td><a href=\"https:\/\/kohtla-jarve.ee\/wp-content\/uploads\/2025\/09\/9-1.pdf\" target=\"_blank\" rel=\"noreferrer noopener\">\u041f\u0440\u0435\u0434\u043b\u043e\u0436\u0435\u043d\u0438\u0435 \u043f\u043e \u0438\u0437\u043c\u0435\u043d\u0435\u043d\u0438\u044e \u0433\u0440\u0430\u043d\u0438\u0446 \u0440\u0430\u0439\u043e\u043d\u0430 \u041e\u0440\u0443<\/a><\/td><td>PDF 0,6 \u041c\u0411<\/td><\/tr><tr><td><a href=\"https:\/\/kohtla-jarve.ee\/wp-content\/uploads\/2025\/09\/10-1.pdf\" target=\"_blank\" rel=\"noreferrer noopener\">\u0417\u0435\u043c\u043b\u0435\u043f\u043e\u043b\u044c\u0437\u043e\u0432\u0430\u043d\u0438\u0435 \u0432 \u041a\u0443\u043a\u0440\u0443\u0441\u0435<\/a><\/td><td>PDF 0,9 \u041c\u0411<\/td><\/tr><tr><td><a href=\"https:\/\/kohtla-jarve.ee\/wp-content\/uploads\/2025\/09\/11-1.pdf\" target=\"_blank\" rel=\"noreferrer noopener\">\u0422\u0435\u043f\u043b\u043e \u0446\u0432\u0435\u0442\u0435\u043d\u0438\u044f<\/a><\/td><td>PDF 0,3 \u041c\u0411<\/td><\/tr><tr><td><a href=\"https:\/\/kohtla-jarve.ee\/wp-content\/uploads\/2025\/09\/12-1.pdf\" target=\"_blank\" rel=\"noreferrer noopener\">\u0412\u043e\u0434\u043e\u0441\u043d\u0430\u0431\u0436\u0435\u043d\u0438\u0435 \u0438 \u043a\u0430\u043d\u0430\u043b\u0438\u0437\u0430\u0446\u0438\u044f \u0432 \u041a\u0443\u043a\u0440\u0443\u0441\u0435<\/a><\/td><td>PDF 0,2 \u041c\u0411<\/td><\/tr><tr><td><a href=\"https:\/\/kohtla-jarve.ee\/wp-content\/uploads\/2025\/09\/13-1.pdf\" target=\"_blank\" rel=\"noreferrer noopener\">\u0423\u043b\u0438\u0447\u043d\u043e\u0435 \u043e\u0441\u0432\u0435\u0449\u0435\u043d\u0438\u0435 \u0432 \u041a\u0443\u043a\u0440\u0443\u0441\u0435<\/a><\/td><td>PDF 0,3 \u041c\u0411<\/td><\/tr><\/tbody><\/table><\/figure>","protected":false},"excerpt":{"rendered":"<p>Kohtla-J\u00e4rve Linnavolikogu 26.05.2010 otsusega nr 76 kehtestati Kukruse linnaosa \u00fcldplaneering Kohtla-J\u00e4rve Linnavolikogu 26.05.2010 otsusega nr 75 kehtestati Oru linnaosa \u00fcldplaneering Dokumendid Oru linnaosa \u00fcldplaneeringu seletuskiri\u00a0 PDF&nbsp;3,5 MB Kukruse linnaosa \u00fcldplaneeringu [&hellip;]<\/p>\n","protected":false},"author":1,"featured_media":0,"parent":2189,"menu_order":3,"comment_status":"closed","ping_status":"closed","template":"","meta":{"_EventAllDay":false,"_EventTimezone":"","_EventStartDate":"","_EventEndDate":"","_EventStartDateUTC":"","_EventEndDateUTC":"","_EventShowMap":false,"_EventShowMapLink":false,"_EventURL":"","_EventCost":"","_EventCostDescription":"","_EventCurrencySymbol":"","_EventCurrencyCode":"","_EventCurrencyPosition":"","_EventDateTimeSeparator":"","_EventTimeRangeSeparator":"","_EventOrganizerID":[],"_EventVenueID":[],"_OrganizerEmail":"","_OrganizerPhone":"","_OrganizerWebsite":"","_VenueAddress":"","_VenueCity":"","_VenueCountry":"","_VenueProvince":"","_VenueState":"","_VenueZip":"","_VenuePhone":"","_VenueURL":"","_VenueStateProvince":"","_VenueLat":"","_VenueLng":"","_VenueShowMap":false,"_VenueShowMapLink":false,"footnotes":""},"class_list":["post-2330","page","type-page","status-publish","hentry"],"_links":{"self":[{"href":"https:\/\/kohtla-jarve.ee\/ru\/wp-json\/wp\/v2\/pages\/2330","targetHints":{"allow":["GET"]}}],"collection":[{"href":"https:\/\/kohtla-jarve.ee\/ru\/wp-json\/wp\/v2\/pages"}],"about":[{"href":"https:\/\/kohtla-jarve.ee\/ru\/wp-json\/wp\/v2\/types\/page"}],"author":[{"embeddable":true,"href":"https:\/\/kohtla-jarve.ee\/ru\/wp-json\/wp\/v2\/users\/1"}],"replies":[{"embeddable":true,"href":"https:\/\/kohtla-jarve.ee\/ru\/wp-json\/wp\/v2\/comments?post=2330"}],"version-history":[{"count":1,"href":"https:\/\/kohtla-jarve.ee\/ru\/wp-json\/wp\/v2\/pages\/2330\/revisions"}],"predecessor-version":[{"id":2352,"href":"https:\/\/kohtla-jarve.ee\/ru\/wp-json\/wp\/v2\/pages\/2330\/revisions\/2352"}],"up":[{"embeddable":true,"href":"https:\/\/kohtla-jarve.ee\/ru\/wp-json\/wp\/v2\/pages\/2189"}],"wp:attachment":[{"href":"https:\/\/kohtla-jarve.ee\/ru\/wp-json\/wp\/v2\/media?parent=2330"}],"curies":[{"name":"wp","href":"https:\/\/api.w.org\/{rel}","templated":true}]}}