{"id":2310,"date":"2025-09-26T16:34:19","date_gmt":"2025-09-26T13:34:19","guid":{"rendered":"https:\/\/kohtla-jarve.ee\/?page_id=2310"},"modified":"2025-09-26T16:35:40","modified_gmt":"2025-09-26T13:35:40","slug":"uurihuvitis-ukraina-sojapogenikele","status":"publish","type":"page","link":"https:\/\/kohtla-jarve.ee\/ru\/juhtimine-ja-majandus\/e-teenused-ja-blanketid\/sotsiaal-ja-tervishoid\/uurihuvitis-ukraina-sojapogenikele\/","title":{"rendered":"\u041f\u043e\u0441\u043e\u0431\u0438\u0435 \u043d\u0430 \u0430\u0440\u0435\u043d\u0434\u0443 \u0436\u0438\u043b\u044c\u044f \u0434\u043b\u044f \u0443\u043a\u0440\u0430\u0438\u043d\u0441\u043a\u0438\u0445 \u0432\u043e\u0435\u043d\u043d\u044b\u0445 \u0431\u0435\u0436\u0435\u043d\u0446\u0435\u0432"},"content":{"rendered":"<p><strong>\u0423\u043a\u0440\u0430\u0438\u043d\u0441\u043a\u0438\u0435 \u0431\u0435\u0436\u0435\u043d\u0446\u044b, \u043f\u043e\u043b\u0443\u0447\u0438\u0432\u0448\u0438\u0435 \u0432\u0440\u0435\u043c\u0435\u043d\u043d\u0443\u044e \u0437\u0430\u0449\u0438\u0442\u0443, \u043c\u043e\u0433\u0443\u0442 \u043f\u043e\u0434\u0430\u0442\u044c \u0437\u0430\u044f\u0432\u043a\u0443 \u043d\u0430 \u043f\u043e\u043b\u0443\u0447\u0435\u043d\u0438\u0435 \u0435\u0434\u0438\u043d\u043e\u0432\u0440\u0435\u043c\u0435\u043d\u043d\u043e\u0439 \u0441\u0443\u043c\u043c\u044b \u0434\u043b\u044f \u043f\u043e\u043a\u0440\u044b\u0442\u0438\u044f \u0440\u0430\u0441\u0445\u043e\u0434\u043e\u0432 \u043d\u0430 \u0430\u0440\u0435\u043d\u0434\u0443 \u0436\u0438\u043b\u044c\u044f.<\/strong><\/p>\n\n\n\n<p>\u0412\u044b \u043c\u043e\u0436\u0435\u0442\u0435 \u043f\u043e\u0434\u0430\u0442\u044c \u0437\u0430\u044f\u0432\u043b\u0435\u043d\u0438\u0435 \u043d\u0430 \u043f\u043e\u043b\u0443\u0447\u0435\u043d\u0438\u0435 \u043f\u043e\u0441\u043e\u0431\u0438\u044f, \u0435\u0441\u043b\u0438 \u0432\u044b \u044f\u0432\u043b\u044f\u0435\u0442\u0435\u0441\u044c \u0443\u043a\u0440\u0430\u0438\u043d\u0441\u043a\u0438\u043c \u0431\u0435\u0436\u0435\u043d\u0446\u0435\u043c, \u043f\u043e\u043b\u0443\u0447\u0438\u0432\u0448\u0438\u043c \u0432\u0440\u0435\u043c\u0435\u043d\u043d\u0443\u044e \u0437\u0430\u0449\u0438\u0442\u0443.&nbsp;<a href=\"https:\/\/kriis.ee\/julgeolekuolukord-euroopas\/info-ukraina-sojapogenikele\/eestis-viibimine#elukoht\" target=\"_blank\" rel=\"noreferrer noopener\">\u0437\u0430\u0440\u0435\u0433\u0438\u0441\u0442\u0440\u0438\u0440\u043e\u0432\u0430\u043b \u0441\u0432\u043e\u0435 \u043c\u0435\u0441\u0442\u043e \u0436\u0438\u0442\u0435\u043b\u044c\u0441\u0442\u0432\u0430 \u0432 \u041a\u043e\u0445\u0442\u043b\u0430-\u042f\u0440\u0432\u0435.<\/a>\u041f\u0440\u0438 \u043f\u043e\u0434\u0430\u0447\u0435 \u0437\u0430\u044f\u0432\u043b\u0435\u043d\u0438\u044f \u043d\u0430 \u043f\u043e\u043b\u0443\u0447\u0435\u043d\u0438\u0435 \u043f\u043e\u043c\u043e\u0449\u0438 \u0432 \u0430\u0440\u0435\u043d\u0434\u0435 \u0436\u0438\u043b\u044c\u044f \u0432\u044b \u0434\u043e\u043b\u0436\u043d\u044b \u043f\u0440\u0435\u0434\u043e\u0441\u0442\u0430\u0432\u0438\u0442\u044c \u043f\u043e\u0434\u0440\u043e\u0431\u043d\u0443\u044e \u0438\u043d\u0444\u043e\u0440\u043c\u0430\u0446\u0438\u044e \u043e\u0431 \u0430\u0440\u0435\u043d\u0434\u0443\u0435\u043c\u043e\u043c \u0432\u0430\u043c\u0438 \u0436\u0438\u043b\u044c\u0435 \u0438 \u043e\u0431\u043e \u0432\u0441\u0435\u0445 \u0447\u043b\u0435\u043d\u0430\u0445 \u0441\u0435\u043c\u044c\u0438, \u043a\u043e\u0442\u043e\u0440\u044b\u0435 \u0431\u0443\u0434\u0443\u0442 \u0438\u043c \u043f\u043e\u043b\u044c\u0437\u043e\u0432\u0430\u0442\u044c\u0441\u044f.<\/p>\n\n\n\n<p>\u041f\u043e\u0441\u043e\u0431\u0438\u0435 \u043c\u043e\u0436\u0435\u0442 \u043f\u043e\u043a\u0440\u044b\u0432\u0430\u0442\u044c \u0435\u0434\u0438\u043d\u043e\u0432\u0440\u0435\u043c\u0435\u043d\u043d\u044b\u0435 \u0440\u0430\u0441\u0445\u043e\u0434\u044b, \u0441\u0432\u044f\u0437\u0430\u043d\u043d\u044b\u0435 \u0441 \u0437\u0430\u043a\u043b\u044e\u0447\u0435\u043d\u0438\u0435\u043c \u0438 \u0438\u0441\u043f\u043e\u043b\u043d\u0435\u043d\u0438\u0435\u043c \u0434\u043e\u0433\u043e\u0432\u043e\u0440\u0430 \u0430\u0440\u0435\u043d\u0434\u044b, \u043d\u0430\u043f\u0440\u0438\u043c\u0435\u0440, \u043a\u043e\u043c\u0438\u0441\u0441\u0438\u043e\u043d\u043d\u044b\u0435 (\u043a\u043e\u043c\u0438\u0441\u0441\u0438\u044f \u0431\u0440\u043e\u043a\u0435\u0440\u0430), \u0434\u0435\u043f\u043e\u0437\u0438\u0442 \u0438\u043b\u0438 \u0430\u0432\u0430\u043d\u0441\u043e\u0432\u044b\u0439 \u043f\u043b\u0430\u0442\u0435\u0436.<\/p>\n\n\n\n<p>\u0412 \u0441\u043e\u043e\u0442\u0432\u0435\u0442\u0441\u0442\u0432\u0438\u0438 \u0441 \u0417\u0430\u043a\u043e\u043d\u043e\u043c \u043e \u043f\u0440\u0435\u0434\u043e\u0441\u0442\u0430\u0432\u043b\u0435\u043d\u0438\u0438 \u043c\u0435\u0436\u0434\u0443\u043d\u0430\u0440\u043e\u0434\u043d\u043e\u0439 \u0437\u0430\u0449\u0438\u0442\u044b \u0438\u043d\u043e\u0441\u0442\u0440\u0430\u043d\u0446\u0430\u043c (VRKS \u00a7 731(1)), \u0440\u0430\u0441\u0445\u043e\u0434\u044b \u043d\u0430 \u0437\u0430\u043a\u043b\u044e\u0447\u0435\u043d\u0438\u0435 \u0434\u043e\u0433\u043e\u0432\u043e\u0440\u0430 \u0430\u0440\u0435\u043d\u0434\u044b \u0436\u0438\u043b\u044c\u044f \u043a\u043e\u043c\u043f\u0435\u043d\u0441\u0438\u0440\u0443\u044e\u0442\u0441\u044f \u043e\u0434\u0438\u043d \u0440\u0430\u0437 \u043d\u0430 \u0441\u0435\u043c\u044c\u044e \u0432 \u0440\u0430\u0437\u043c\u0435\u0440\u0435 \u0448\u0435\u0441\u0442\u0438 \u043f\u0440\u043e\u0436\u0438\u0442\u043e\u0447\u043d\u044b\u0445 \u043c\u0438\u043d\u0438\u043c\u0443\u043c\u043e\u0432. \u0421 1 \u0438\u044e\u043d\u044f 2022 \u0433\u043e\u0434\u0430 \u043f\u043e\u0440\u043e\u0433 \u043f\u0440\u043e\u0436\u0438\u0442\u043e\u0447\u043d\u043e\u0433\u043e \u043c\u0438\u043d\u0438\u043c\u0443\u043c\u0430 \u0441\u043e\u0441\u0442\u0430\u0432\u0438\u0442 200 \u0435\u0432\u0440\u043e, \u0430 \u043c\u0430\u043a\u0441\u0438\u043c\u0430\u043b\u044c\u043d\u044b\u0439 \u0440\u0430\u0437\u043c\u0435\u0440 \u043f\u043e\u0441\u043e\u0431\u0438\u044f \u043d\u0430 \u0430\u0440\u0435\u043d\u0434\u0443 \u0436\u0438\u043b\u044c\u044f - 1200 \u0435\u0432\u0440\u043e. \u042d\u0442\u0430 \u043c\u0430\u043a\u0441\u0438\u043c\u0430\u043b\u044c\u043d\u0430\u044f \u0441\u0443\u043c\u043c\u0430 \u0442\u0430\u043a\u0436\u0435 \u0432\u043a\u043b\u044e\u0447\u0430\u0435\u0442 50 \u0435\u0432\u0440\u043e \u043d\u0430 \u043f\u043e\u043a\u0440\u044b\u0442\u0438\u0435 \u0430\u0434\u043c\u0438\u043d\u0438\u0441\u0442\u0440\u0430\u0442\u0438\u0432\u043d\u044b\u0445 \u0440\u0430\u0441\u0445\u043e\u0434\u043e\u0432 \u043c\u0435\u0441\u0442\u043d\u044b\u0445 \u0432\u043b\u0430\u0441\u0442\u0435\u0439.<\/p>\n\n\n\n<p>\u0422\u043e\u0447\u043d\u044b\u0439 \u0440\u0430\u0437\u043c\u0435\u0440 \u043f\u043e\u0441\u043e\u0431\u0438\u044f \u0437\u0430\u0432\u0438\u0441\u0438\u0442 \u043e\u0442 \u0444\u0430\u043a\u0442\u0438\u0447\u0435\u0441\u043a\u0438\u0445 \u0440\u0430\u0441\u0445\u043e\u0434\u043e\u0432, \u043f\u043e\u043d\u0435\u0441\u0435\u043d\u043d\u044b\u0445 \u0434\u043e\u043c\u043e\u0445\u043e\u0437\u044f\u0439\u0441\u0442\u0432\u043e\u043c \u0432 \u043a\u0430\u0436\u0434\u043e\u043c \u043a\u043e\u043d\u043a\u0440\u0435\u0442\u043d\u043e\u043c \u0441\u043b\u0443\u0447\u0430\u0435. \u041f\u0440\u0438 \u043e\u0431\u0440\u0430\u0449\u0435\u043d\u0438\u0438 \u0437\u0430 \u043f\u043e\u0441\u043e\u0431\u0438\u0435\u043c \u043d\u0435\u043e\u0431\u0445\u043e\u0434\u0438\u043c\u043e \u043f\u0440\u0435\u0434\u043e\u0441\u0442\u0430\u0432\u0438\u0442\u044c \u0434\u043e\u043a\u0430\u0437\u0430\u0442\u0435\u043b\u044c\u0441\u0442\u0432\u0430 \u0440\u0430\u0441\u0445\u043e\u0434\u043e\u0432, \u043f\u0440\u0435\u0434\u044a\u044f\u0432\u0438\u0432 \u0434\u043e\u0433\u043e\u0432\u043e\u0440 \u0430\u0440\u0435\u043d\u0434\u044b \u0438 \u043f\u043e\u0434\u0442\u0432\u0435\u0440\u0436\u0434\u0430\u044e\u0449\u0438\u0435 \u0434\u043e\u043a\u0443\u043c\u0435\u043d\u0442\u044b.<\/p>\n\n\n\n<p><strong>NB! \u0412\u043e\u0437\u043c\u0435\u0449\u0435\u043d\u0438\u0435 \u0432\u044b\u043f\u043b\u0430\u0447\u0438\u0432\u0430\u0435\u0442\u0441\u044f \u043e\u0434\u0438\u043d \u0440\u0430\u0437.<\/strong><br>\u0421\u0435\u043c\u044c\u0435, \u043a\u043e\u0442\u043e\u0440\u043e\u0439 \u0443\u0436\u0435 \u0431\u044b\u043b\u043e \u043d\u0430\u0437\u043d\u0430\u0447\u0435\u043d\u043e \u043f\u043e\u0441\u043e\u0431\u0438\u0435, \u043f\u043e\u0432\u0442\u043e\u0440\u043d\u043e\u0435 \u043f\u043e\u0441\u043e\u0431\u0438\u0435 \u043d\u0435 \u043d\u0430\u0437\u043d\u0430\u0447\u0430\u0435\u0442\u0441\u044f. \u042d\u0442\u043e \u043f\u0440\u043e\u0438\u0441\u0445\u043e\u0434\u0438\u0442 \u0434\u0430\u0436\u0435 \u0432 \u0442\u043e\u043c \u0441\u043b\u0443\u0447\u0430\u0435, \u0435\u0441\u043b\u0438 \u0441\u0435\u043c\u044c\u044f \u0438\u043b\u0438 \u043e\u0434\u0438\u043d \u0438\u0437 \u0435\u0435 \u0447\u043b\u0435\u043d\u043e\u0432 \u043c\u0435\u043d\u044f\u0435\u0442 \u043c\u0435\u0441\u0442\u043e \u0436\u0438\u0442\u0435\u043b\u044c\u0441\u0442\u0432\u0430 \u0438 \u043e\u0431\u0440\u0430\u0449\u0430\u0435\u0442\u0441\u044f \u0437\u0430 \u043f\u043e\u043c\u043e\u0449\u044c\u044e \u0432 \u0434\u0440\u0443\u0433\u043e\u0439 \u043c\u0443\u043d\u0438\u0446\u0438\u043f\u0430\u043b\u0438\u0442\u0435\u0442.<\/p>\n\n\n\n<h2 class=\"wp-block-heading\">\u0422\u0440\u0435\u0431\u043e\u0432\u0430\u043d\u0438\u0435 \u043a\u043e\u043c\u043f\u0435\u043d\u0441\u0430\u0446\u0438\u0438<\/h2>\n\n\n\n<p>\u041f\u043e\u0434\u0430\u0442\u044c \u0437\u0430\u044f\u0432\u043b\u0435\u043d\u0438\u0435 \u043c\u043e\u0433\u0443\u0442 \u0442\u043e\u043b\u044c\u043a\u043e \u0432\u043e\u0435\u043d\u043d\u044b\u0435 \u0431\u0435\u0436\u0435\u043d\u0446\u044b, \u043d\u0430\u0445\u043e\u0434\u044f\u0449\u0438\u0435\u0441\u044f \u043f\u043e\u0434 \u0432\u0440\u0435\u043c\u0435\u043d\u043d\u043e\u0439 \u0437\u0430\u0449\u0438\u0442\u043e\u0439.<\/p>\n\n\n\n<p>\u0414\u043b\u044f \u043f\u043e\u043b\u0443\u0447\u0435\u043d\u0438\u044f \u043f\u043e\u0441\u043e\u0431\u0438\u044f \u043d\u0435\u043e\u0431\u0445\u043e\u0434\u0438\u043c\u043e \u043f\u043e\u0434\u0430\u0442\u044c \u0437\u0430\u044f\u0432\u043b\u0435\u043d\u0438\u0435 \u0432 \u043c\u0443\u043d\u0438\u0446\u0438\u043f\u0430\u043b\u0438\u0442\u0435\u0442, \u0433\u0434\u0435 \u0437\u0430\u0440\u0435\u0433\u0438\u0441\u0442\u0440\u0438\u0440\u043e\u0432\u0430\u043d \u0431\u0435\u0436\u0435\u043d\u0435\u0446, \u043f\u043e\u043b\u0443\u0447\u0438\u0432\u0448\u0438\u0439 \u0432\u0440\u0435\u043c\u0435\u043d\u043d\u0443\u044e \u0437\u0430\u0449\u0438\u0442\u0443. \u0412\u043c\u0435\u0441\u0442\u0435 \u0441 \u0437\u0430\u044f\u0432\u043b\u0435\u043d\u0438\u0435\u043c \u043d\u0435\u043e\u0431\u0445\u043e\u0434\u0438\u043c\u043e \u043f\u0440\u0435\u0434\u043e\u0441\u0442\u0430\u0432\u0438\u0442\u044c \u043a\u043e\u043f\u0438\u044e \u0434\u043e\u0433\u043e\u0432\u043e\u0440\u0430 \u0430\u0440\u0435\u043d\u0434\u044b \u0436\u0438\u043b\u044c\u044f \u0438 \u0434\u043e\u043a\u0443\u043c\u0435\u043d\u0442\u044b \u043e \u0440\u0430\u0441\u0445\u043e\u0434\u0430\u0445.<\/p>\n\n\n\n<p>\u0412 \u0433\u043e\u0440\u043e\u0434\u0435 \u041a\u043e\u0445\u0442\u043b\u0430-\u042f\u0440\u0432\u0435 \u0432\u044b \u043c\u043e\u0436\u0435\u0442\u0435 \u043f\u043e\u0434\u0430\u0442\u044c \u0437\u0430\u044f\u0432\u043b\u0435\u043d\u0438\u0435 \u043d\u0430 \u043f\u043e\u043b\u0443\u0447\u0435\u043d\u0438\u0435 \u043f\u043e\u0441\u043e\u0431\u0438\u044f \u043f\u043e \u043a\u0432\u0430\u0440\u0442\u043f\u043b\u0430\u0442\u0435, \u043f\u0440\u0435\u0434\u043e\u0441\u0442\u0430\u0432\u0438\u0432 \u043f\u043e\u0434\u0442\u0432\u0435\u0440\u0436\u0434\u0430\u044e\u0449\u0438\u0435 \u0434\u043e\u043a\u0443\u043c\u0435\u043d\u0442\u044b&nbsp;<strong>\u043d\u0430 \u043c\u0435\u0441\u0442\u0435 \u043f\u043e \u0430\u0434\u0440\u0435\u0441\u0443: \u041a\u0435\u0441\u043a\u0430\u043b\u043b\u0435, 17 \u0438 \u042d\u0441\u0442\u043e\u043d\u0441\u043a\u0430\u044f \u0443\u043b. 38, \u041a\u043e\u0445\u0442\u043b\u0430-\u042f\u0440\u0432\u0435.<\/strong>&nbsp;\u0412\u0440\u0435\u043c\u044f \u043f\u0440\u0438\u0435\u043c\u0430&nbsp;<strong>\u041f\u043d-\u0427\u0442<\/strong>&nbsp;8.30-12.00 \u0438 13.00-16.30.<\/p>\n\n\n\n<p><strong>\u041f\u0440\u0438\u043b\u043e\u0436\u0435\u043d\u0438\u0435 \u0441 \u0446\u0438\u0444\u0440\u043e\u0432\u043e\u0439 \u043f\u043e\u0434\u043f\u0438\u0441\u044c\u044e<\/strong>\u00a0<a href=\"https:\/\/kohtla-jarve.ee\/wp-content\/uploads\/2025\/09\/UA_uurihuvitise_avaldus_EST_RUS.pdf\" target=\"_blank\" rel=\"noreferrer noopener\">PDF<\/a> <span class=\"wp-rich-text-font-awesome-icon wp-font-awesome-icon\"><svg aria-hidden=\"true\" focusable=\"false\" data-prefix=\"fas\" data-icon=\"download\" class=\"svg-inline--fa fa-download\" role=\"img\" xmlns=\"http:\/\/www.w3.org\/2000\/svg\" viewbox=\"0 0 512 512\"><path fill=\"currentColor\" d=\"M288 32c0-17.7-14.3-32-32-32s-32 14.3-32 32l0 242.7-73.4-73.4c-12.5-12.5-32.8-12.5-45.3 0s-12.5 32.8 0 45.3l128 128c12.5 12.5 32.8 12.5 45.3 0l128-128c12.5-12.5 12.5-32.8 0-45.3s-32.8-12.5-45.3 0L288 274.7 288 32zM64 352c-35.3 0-64 28.7-64 64l0 32c0 35.3 28.7 64 64 64l384 0c35.3 0 64-28.7 64-64l0-32c0-35.3-28.7-64-64-64l-101.5 0-45.3 45.3c-25 25-65.5 25-90.5 0L165.5 352 64 352zm368 56a24 24 0 1 1 0 48 24 24 0 1 1 0-48z\"><\/path><\/svg><\/span>\/ <a href=\"https:\/\/kohtla-jarve.ee\/wp-content\/uploads\/2025\/09\/UA_uurihuvitise_avaldus_EST_RUS.doc\" target=\"_blank\" rel=\"noreferrer noopener\">DOC<\/a> <span class=\"wp-rich-text-font-awesome-icon wp-font-awesome-icon\"><svg aria-hidden=\"true\" focusable=\"false\" data-prefix=\"fas\" data-icon=\"download\" class=\"svg-inline--fa fa-download\" role=\"img\" xmlns=\"http:\/\/www.w3.org\/2000\/svg\" viewbox=\"0 0 512 512\"><path fill=\"currentColor\" d=\"M288 32c0-17.7-14.3-32-32-32s-32 14.3-32 32l0 242.7-73.4-73.4c-12.5-12.5-32.8-12.5-45.3 0s-12.5 32.8 0 45.3l128 128c12.5 12.5 32.8 12.5 45.3 0l128-128c12.5-12.5 12.5-32.8 0-45.3s-32.8-12.5-45.3 0L288 274.7 288 32zM64 352c-35.3 0-64 28.7-64 64l0 32c0 35.3 28.7 64 64 64l384 0c35.3 0 64-28.7 64-64l0-32c0-35.3-28.7-64-64-64l-101.5 0-45.3 45.3c-25 25-65.5 25-90.5 0L165.5 352 64 352zm368 56a24 24 0 1 1 0 48 24 24 0 1 1 0-48z\"><\/path><\/svg><\/span>\u0412\u043c\u0435\u0441\u0442\u0435 \u0441 \u043f\u043e\u0434\u0442\u0432\u0435\u0440\u0436\u0434\u0430\u044e\u0449\u0438\u043c\u0438 \u0434\u043e\u043a\u0443\u043c\u0435\u043d\u0442\u0430\u043c\u0438 \u043c\u043e\u0436\u043d\u043e \u043e\u0442\u043f\u0440\u0430\u0432\u0438\u0442\u044c \u043f\u043e \u044d\u043b\u0435\u043a\u0442\u0440\u043e\u043d\u043d\u043e\u0439 \u043f\u043e\u0447\u0442\u0435 \u043d\u0430 \u0430\u0434\u0440\u0435\u0441\u00a0<a href=\"mailto:linnavalitsus@kjlv.ee\">linnavalitsus@kjlv.ee<\/a>.<\/p>\n\n\n\n<p>\u041b\u044c\u0433\u043e\u0442\u0430\u043c\u0438 \u0437\u0430\u043d\u0438\u043c\u0430\u044e\u0442\u0441\u044f \u0441\u043f\u0435\u0446\u0438\u0430\u043b\u0438\u0441\u0442\u044b \u043f\u043e \u0441\u043e\u0446\u0438\u0430\u043b\u044c\u043d\u043e\u0439 \u0440\u0430\u0431\u043e\u0442\u0435:<\/p>\n\n\n\n<div class=\"wp-block-group has-global-padding is-content-justification-left is-layout-constrained wp-container-core-group-is-layout-ef2e9300 wp-block-group-is-layout-constrained\">\n<div class=\"wp-block-group liigu has-base-2-background-color has-background has-global-padding is-content-justification-center is-layout-constrained wp-block-group-is-layout-constrained\" style=\"border-radius:5px;box-shadow:var(--wp--preset--shadow--vaike-vari-2)\">\n<div class=\"wp-block-group alignfull is-nowrap is-layout-flex wp-container-core-group-is-layout-7a1e6e14 wp-block-group-is-layout-flex\" style=\"padding-top:0.5rem;padding-right:0.5rem;padding-bottom:0.5rem;padding-left:0.7rem\">\n<p><span class=\"wp-rich-text-font-awesome-icon wp-font-awesome-icon\"><svg aria-hidden=\"true\" focusable=\"false\" data-prefix=\"fas\" data-icon=\"user\" class=\"svg-inline--fa fa-user\" role=\"img\" xmlns=\"http:\/\/www.w3.org\/2000\/svg\" viewbox=\"0 0 448 512\" style=\"font-size:1.3em\"><path fill=\"currentColor\" d=\"M224 256A128 128 0 1 0 224 0a128 128 0 1 0 0 256zm-45.7 48C79.8 304 0 383.8 0 482.3C0 498.7 13.3 512 29.7 512l388.6 0c16.4 0 29.7-13.3 29.7-29.7C448 383.8 368.2 304 269.7 304l-91.4 0z\"><\/path><\/svg><\/span><\/p>\n\n\n\n<p><a href=\"\/ru\/linn-uudised-ja-kontakt\/kontakt\/#lilia-falovskaja\">\u041b\u0438\u043b\u0438\u044f \u0424\u0430\u043b\u043e\u0432\u0441\u043a\u0430\u044f<\/a><\/p>\n<\/div>\n<\/div>\n<\/div>\n\n\n\n<div class=\"wp-block-group has-global-padding is-content-justification-left is-layout-constrained wp-container-core-group-is-layout-ef2e9300 wp-block-group-is-layout-constrained\">\n<div class=\"wp-block-group liigu has-base-2-background-color has-background has-global-padding is-content-justification-center is-layout-constrained wp-block-group-is-layout-constrained\" style=\"border-radius:5px;box-shadow:var(--wp--preset--shadow--vaike-vari-2)\">\n<div class=\"wp-block-group alignfull is-nowrap is-layout-flex wp-container-core-group-is-layout-7a1e6e14 wp-block-group-is-layout-flex\" style=\"padding-top:0.5rem;padding-right:0.5rem;padding-bottom:0.5rem;padding-left:0.7rem\">\n<p><span class=\"wp-rich-text-font-awesome-icon wp-font-awesome-icon\"><svg aria-hidden=\"true\" focusable=\"false\" data-prefix=\"fas\" data-icon=\"user\" class=\"svg-inline--fa fa-user\" role=\"img\" xmlns=\"http:\/\/www.w3.org\/2000\/svg\" viewbox=\"0 0 448 512\" style=\"font-size:1.3em\"><path fill=\"currentColor\" d=\"M224 256A128 128 0 1 0 224 0a128 128 0 1 0 0 256zm-45.7 48C79.8 304 0 383.8 0 482.3C0 498.7 13.3 512 29.7 512l388.6 0c16.4 0 29.7-13.3 29.7-29.7C448 383.8 368.2 304 269.7 304l-91.4 0z\"><\/path><\/svg><\/span><\/p>\n\n\n\n<p><a href=\"\/ru\/linn-uudised-ja-kontakt\/kontakt\/#ljudmila-stalina\">\u041b\u044e\u0434\u043c\u0438\u043b\u0430 \u0421\u0442\u0430\u043b\u0438\u043d\u0430<\/a><\/p>\n<\/div>\n<\/div>\n<\/div>\n\n\n\n<div class=\"wp-block-group has-global-padding is-content-justification-left is-layout-constrained wp-container-core-group-is-layout-ef2e9300 wp-block-group-is-layout-constrained\">\n<div class=\"wp-block-group liigu has-base-2-background-color has-background has-global-padding is-content-justification-center is-layout-constrained wp-block-group-is-layout-constrained\" style=\"border-radius:5px;box-shadow:var(--wp--preset--shadow--vaike-vari-2)\">\n<div class=\"wp-block-group alignfull is-nowrap is-layout-flex wp-container-core-group-is-layout-7a1e6e14 wp-block-group-is-layout-flex\" style=\"padding-top:0.5rem;padding-right:0.5rem;padding-bottom:0.5rem;padding-left:0.7rem\">\n<p><span class=\"wp-rich-text-font-awesome-icon wp-font-awesome-icon\"><svg aria-hidden=\"true\" focusable=\"false\" data-prefix=\"fas\" data-icon=\"user\" class=\"svg-inline--fa fa-user\" role=\"img\" xmlns=\"http:\/\/www.w3.org\/2000\/svg\" viewbox=\"0 0 448 512\" style=\"font-size:1.3em\"><path fill=\"currentColor\" d=\"M224 256A128 128 0 1 0 224 0a128 128 0 1 0 0 256zm-45.7 48C79.8 304 0 383.8 0 482.3C0 498.7 13.3 512 29.7 512l388.6 0c16.4 0 29.7-13.3 29.7-29.7C448 383.8 368.2 304 269.7 304l-91.4 0z\"><\/path><\/svg><\/span><\/p>\n\n\n\n<p><a href=\"\/ru\/linn-uudised-ja-kontakt\/kontakt\/#ljudmila-selivjorstova\">\u041b\u044e\u0434\u043c\u0438\u043b\u0430 \u0421\u0435\u043b\u0438\u0432\u0451\u0440\u0441\u0442\u043e\u0432\u0430<\/a><\/p>\n<\/div>\n<\/div>\n<\/div>\n\n\n\n<div class=\"wp-block-group has-global-padding is-content-justification-left is-layout-constrained wp-container-core-group-is-layout-ef2e9300 wp-block-group-is-layout-constrained\">\n<div class=\"wp-block-group liigu has-base-2-background-color has-background has-global-padding is-content-justification-center is-layout-constrained wp-block-group-is-layout-constrained\" style=\"border-radius:5px;box-shadow:var(--wp--preset--shadow--vaike-vari-2)\">\n<div class=\"wp-block-group alignfull is-nowrap is-layout-flex wp-container-core-group-is-layout-7a1e6e14 wp-block-group-is-layout-flex\" style=\"padding-top:0.5rem;padding-right:0.5rem;padding-bottom:0.5rem;padding-left:0.7rem\">\n<p><span class=\"wp-rich-text-font-awesome-icon wp-font-awesome-icon\"><svg aria-hidden=\"true\" focusable=\"false\" data-prefix=\"fas\" data-icon=\"user\" class=\"svg-inline--fa fa-user\" role=\"img\" xmlns=\"http:\/\/www.w3.org\/2000\/svg\" viewbox=\"0 0 448 512\" style=\"font-size:1.3em\"><path fill=\"currentColor\" d=\"M224 256A128 128 0 1 0 224 0a128 128 0 1 0 0 256zm-45.7 48C79.8 304 0 383.8 0 482.3C0 498.7 13.3 512 29.7 512l388.6 0c16.4 0 29.7-13.3 29.7-29.7C448 383.8 368.2 304 269.7 304l-91.4 0z\"><\/path><\/svg><\/span><\/p>\n\n\n\n<p><a href=\"\/ru\/linn-uudised-ja-kontakt\/kontakt\/#olga-vorobjova\">\u041e\u043b\u044c\u0433\u0430 \u0412\u043e\u0440\u043e\u0431\u044c\u0435\u0432\u0430<\/a><\/p>\n<\/div>\n<\/div>\n<\/div>\n\n\n\n<div class=\"wp-block-group has-global-padding is-content-justification-left is-layout-constrained wp-container-core-group-is-layout-ef2e9300 wp-block-group-is-layout-constrained\">\n<div class=\"wp-block-group liigu has-base-2-background-color has-background has-global-padding is-content-justification-center is-layout-constrained wp-block-group-is-layout-constrained\" style=\"border-radius:5px;box-shadow:var(--wp--preset--shadow--vaike-vari-2)\">\n<div class=\"wp-block-group alignfull is-nowrap is-layout-flex wp-container-core-group-is-layout-7a1e6e14 wp-block-group-is-layout-flex\" style=\"padding-top:0.5rem;padding-right:0.5rem;padding-bottom:0.5rem;padding-left:0.7rem\">\n<p><span class=\"wp-rich-text-font-awesome-icon wp-font-awesome-icon\"><svg aria-hidden=\"true\" focusable=\"false\" data-prefix=\"fas\" data-icon=\"user\" class=\"svg-inline--fa fa-user\" role=\"img\" xmlns=\"http:\/\/www.w3.org\/2000\/svg\" viewbox=\"0 0 448 512\" style=\"font-size:1.3em\"><path fill=\"currentColor\" d=\"M224 256A128 128 0 1 0 224 0a128 128 0 1 0 0 256zm-45.7 48C79.8 304 0 383.8 0 482.3C0 498.7 13.3 512 29.7 512l388.6 0c16.4 0 29.7-13.3 29.7-29.7C448 383.8 368.2 304 269.7 304l-91.4 0z\"><\/path><\/svg><\/span><\/p>\n\n\n\n<p><a href=\"\/ru\/linn-uudised-ja-kontakt\/kontakt\/#natalja-gainulina\">\u041d\u0430\u0442\u0430\u043b\u044c\u044f \u0413\u0430\u0439\u043d\u0443\u043b\u0438\u043d\u0430<\/a><\/p>\n<\/div>\n<\/div>\n<\/div>\n\n\n\n<h2 class=\"wp-block-heading\">\u0414\u043e\u043f\u043e\u043b\u043d\u0438\u0442\u0435\u043b\u044c\u043d\u0430\u044f \u0438\u043d\u0444\u043e\u0440\u043c\u0430\u0446\u0438\u044f \u0438 \u0441\u0441\u044b\u043b\u043a\u0438<\/h2>\n\n\n\n<ul class=\"wp-block-list\">\n<li><a href=\"https:\/\/www.riigiteataja.ee\/akt\/114052022005\" target=\"_blank\" rel=\"noreferrer noopener\">\u0417\u0430\u043a\u043e\u043d \u043e \u043f\u0440\u0435\u0434\u043e\u0441\u0442\u0430\u0432\u043b\u0435\u043d\u0438\u0438 \u043c\u0435\u0436\u0434\u0443\u043d\u0430\u0440\u043e\u0434\u043d\u043e\u0439 \u0437\u0430\u0449\u0438\u0442\u044b \u0438\u043d\u043e\u0441\u0442\u0440\u0430\u043d\u0446\u0430\u043c<\/a> <span class=\"wp-rich-text-font-awesome-icon wp-font-awesome-icon\"><svg aria-hidden=\"true\" focusable=\"false\" data-prefix=\"fas\" data-icon=\"arrow-up-right-from-square\" class=\"svg-inline--fa fa-arrow-up-right-from-square\" role=\"img\" xmlns=\"http:\/\/www.w3.org\/2000\/svg\" viewbox=\"0 0 512 512\"><path fill=\"currentColor\" d=\"M320 0c-17.7 0-32 14.3-32 32s14.3 32 32 32l82.7 0L201.4 265.4c-12.5 12.5-12.5 32.8 0 45.3s32.8 12.5 45.3 0L448 109.3l0 82.7c0 17.7 14.3 32 32 32s32-14.3 32-32l0-160c0-17.7-14.3-32-32-32L320 0zM80 32C35.8 32 0 67.8 0 112L0 432c0 44.2 35.8 80 80 80l320 0c44.2 0 80-35.8 80-80l0-112c0-17.7-14.3-32-32-32s-32 14.3-32 32l0 112c0 8.8-7.2 16-16 16L80 448c-8.8 0-16-7.2-16-16l0-320c0-8.8 7.2-16 16-16l112 0c17.7 0 32-14.3 32-32s-14.3-32-32-32L80 32z\"><\/path><\/svg><\/span><\/li>\n\n\n\n<li><a href=\"https:\/\/kriis.ee\/julgeolekuolukord-euroopas\/info-ukraina-sojapogenikele\/elukoht\" target=\"_blank\" rel=\"noreferrer noopener\">\u0412\u0435\u0431-\u0441\u0430\u0439\u0442 Kriis.ee<\/a> <span class=\"wp-rich-text-font-awesome-icon wp-font-awesome-icon\"><svg aria-hidden=\"true\" focusable=\"false\" data-prefix=\"fas\" data-icon=\"arrow-up-right-from-square\" class=\"svg-inline--fa fa-arrow-up-right-from-square\" role=\"img\" xmlns=\"http:\/\/www.w3.org\/2000\/svg\" viewbox=\"0 0 512 512\"><path fill=\"currentColor\" d=\"M320 0c-17.7 0-32 14.3-32 32s14.3 32 32 32l82.7 0L201.4 265.4c-12.5 12.5-12.5 32.8 0 45.3s32.8 12.5 45.3 0L448 109.3l0 82.7c0 17.7 14.3 32 32 32s32-14.3 32-32l0-160c0-17.7-14.3-32-32-32L320 0zM80 32C35.8 32 0 67.8 0 112L0 432c0 44.2 35.8 80 80 80l320 0c44.2 0 80-35.8 80-80l0-112c0-17.7-14.3-32-32-32s-32 14.3-32 32l0 112c0 8.8-7.2 16-16 16L80 448c-8.8 0-16-7.2-16-16l0-320c0-8.8 7.2-16 16-16l112 0c17.7 0 32-14.3 32-32s-14.3-32-32-32L80 32z\"><\/path><\/svg><\/span><\/li>\n<\/ul>","protected":false},"excerpt":{"rendered":"<p>Ajutise kaitse saanud Ukraina p\u00f5genikud saavad taotleda \u00fchekordset h\u00fcvitist eluruumi \u00fc\u00fcrimisega kaasnevate kulude katmiseks. H\u00fcvitist saab taotleda Ukraina s\u00f5jap\u00f5genik, kes on saanud ajutise kaitse ja&nbsp;registreerinud oma elukoha Kohtla-J\u00e4rve linnas.&nbsp;\u00dc\u00fcrih\u00fcvitise taotlemisel [&hellip;]<\/p>\n","protected":false},"author":1,"featured_media":0,"parent":2036,"menu_order":16,"comment_status":"closed","ping_status":"closed","template":"","meta":{"_EventAllDay":false,"_EventTimezone":"","_EventStartDate":"","_EventEndDate":"","_EventStartDateUTC":"","_EventEndDateUTC":"","_EventShowMap":false,"_EventShowMapLink":false,"_EventURL":"","_EventCost":"","_EventCostDescription":"","_EventCurrencySymbol":"","_EventCurrencyCode":"","_EventCurrencyPosition":"","_EventDateTimeSeparator":"","_EventTimeRangeSeparator":"","_EventOrganizerID":[],"_EventVenueID":[],"_OrganizerEmail":"","_OrganizerPhone":"","_OrganizerWebsite":"","_VenueAddress":"","_VenueCity":"","_VenueCountry":"","_VenueProvince":"","_VenueState":"","_VenueZip":"","_VenuePhone":"","_VenueURL":"","_VenueStateProvince":"","_VenueLat":"","_VenueLng":"","_VenueShowMap":false,"_VenueShowMapLink":false,"footnotes":""},"class_list":["post-2310","page","type-page","status-publish","hentry"],"_links":{"self":[{"href":"https:\/\/kohtla-jarve.ee\/ru\/wp-json\/wp\/v2\/pages\/2310","targetHints":{"allow":["GET"]}}],"collection":[{"href":"https:\/\/kohtla-jarve.ee\/ru\/wp-json\/wp\/v2\/pages"}],"about":[{"href":"https:\/\/kohtla-jarve.ee\/ru\/wp-json\/wp\/v2\/types\/page"}],"author":[{"embeddable":true,"href":"https:\/\/kohtla-jarve.ee\/ru\/wp-json\/wp\/v2\/users\/1"}],"replies":[{"embeddable":true,"href":"https:\/\/kohtla-jarve.ee\/ru\/wp-json\/wp\/v2\/comments?post=2310"}],"version-history":[{"count":3,"href":"https:\/\/kohtla-jarve.ee\/ru\/wp-json\/wp\/v2\/pages\/2310\/revisions"}],"predecessor-version":[{"id":2334,"href":"https:\/\/kohtla-jarve.ee\/ru\/wp-json\/wp\/v2\/pages\/2310\/revisions\/2334"}],"up":[{"embeddable":true,"href":"https:\/\/kohtla-jarve.ee\/ru\/wp-json\/wp\/v2\/pages\/2036"}],"wp:attachment":[{"href":"https:\/\/kohtla-jarve.ee\/ru\/wp-json\/wp\/v2\/media?parent=2310"}],"curies":[{"name":"wp","href":"https:\/\/api.w.org\/{rel}","templated":true}]}}