{"id":2237,"date":"2025-09-26T16:24:46","date_gmt":"2025-09-26T13:24:46","guid":{"rendered":"https:\/\/kohtla-jarve.ee\/?page_id=2237"},"modified":"2025-09-26T16:32:18","modified_gmt":"2025-09-26T13:32:18","slug":"ahtme-ja-sompa-linnaosad","status":"publish","type":"page","link":"https:\/\/kohtla-jarve.ee\/ru\/keskkond-ehitus-ja-haldus\/areng-planeerimine-ehitus\/uldplaneering\/ahtme-ja-sompa-linnaosad\/","title":{"rendered":"\u0420\u0430\u0439\u043e\u043d\u044b \u0410\u0445\u0442\u043c\u0435 \u0438 \u0421\u043e\u043c\u043f\u0430"},"content":{"rendered":"<p><a href=\"https:\/\/wd.kohtla-jarve.ee\/?page=pub_view_dynobj&amp;pid=377368&amp;tid=10870&amp;u=20190227191726&amp;desktop=1025&amp;r_url=%2F%3Fpage%3Dpub_list_dynobj%26pid%3D%26tid%3D10870%26u%3D20190227191726\" target=\"_blank\" rel=\"noreferrer noopener\">\u041e\u0431\u0449\u0430\u044f \u043f\u043b\u0430\u043d\u0438\u0440\u043e\u0432\u043a\u0430 \u0440\u0430\u0439\u043e\u043d\u043e\u0432 \u0410\u0445\u0442\u043c\u0435 \u0438 \u0421\u043e\u043c\u043f\u0430 - \u041e\u0431\u0449\u0430\u044f \u043f\u043b\u0430\u043d\u0438\u0440\u043e\u0432\u043a\u0430 \u0440\u0430\u0439\u043e\u043d\u043e\u0432 \u0410\u0445\u0442\u043c\u0435 \u0438 \u0421\u043e\u043c\u043f\u0430 \u0433\u043e\u0440\u043e\u0434\u0430 \u041a\u043e\u0445\u0442\u043b\u0430-\u042f\u0440\u0432\u0435 \u0443\u0442\u0432\u0435\u0440\u0436\u0434\u0435\u043d\u0430 \u0440\u0435\u0448\u0435\u043d\u0438\u0435\u043c \u2116 168 \u043e\u0442 25 \u043c\u0430\u044f 2011 \u0433\u043e\u0434\u0430.<\/a><\/p>\n\n\n\n<h2 class=\"wp-block-heading\">\u0414\u043e\u043a\u0443\u043c\u0435\u043d\u0442\u044b<\/h2>\n\n\n\n<figure class=\"wp-block-table is-style-stripes\"><table class=\"has-fixed-layout\"><tbody><tr><td><a href=\"https:\/\/kohtla-jarve.ee\/wp-content\/uploads\/2025\/09\/ahtmeyp_seletuskiri_2018-1.pdf\" target=\"_blank\" rel=\"noreferrer noopener\">\u041f\u043e\u044f\u0441\u043d\u0438\u0442\u0435\u043b\u044c\u043d\u0430\u044f \u0437\u0430\u043f\u0438\u0441\u043a\u0430 \u043a \u0433\u0435\u043d\u0435\u0440\u0430\u043b\u044c\u043d\u043e\u043c\u0443 \u043f\u043b\u0430\u043d\u0443 \u0410\u0445\u0442\u043c\u0435\u0441\u043a\u043e\u0433\u043e \u0440\u0430\u0439\u043e\u043d\u0430\u00a0<\/a><\/td><td>PDF 5,4 \u041c\u0411&nbsp;&nbsp;&nbsp;&nbsp;<\/td><\/tr><tr><td><a href=\"https:\/\/kohtla-jarve.ee\/wp-content\/uploads\/2025\/09\/sompayp_seletuskiri_jaan2011-1.pdf\" target=\"_blank\" rel=\"noreferrer noopener\">\u041f\u043e\u044f\u0441\u043d\u0438\u0442\u0435\u043b\u044c\u043d\u0430\u044f \u0437\u0430\u043f\u0438\u0441\u043a\u0430 \u043a \u0433\u0435\u043d\u0435\u0440\u0430\u043b\u044c\u043d\u043e\u043c\u0443 \u043f\u043b\u0430\u043d\u0443 \u0440\u0430\u0439\u043e\u043d\u0430 \u0421\u043e\u043c\u043f\u0430<\/a><\/td><td>PDF 0,7 \u041c\u0411&nbsp;&nbsp;<\/td><\/tr><tr><td><a href=\"https:\/\/kohtla-jarve.ee\/wp-content\/uploads\/2025\/09\/AhtmeSompa_KSH_aruanne_heakskiidetud-1.pdf\" target=\"_blank\" rel=\"noreferrer noopener\">\u041e\u0442\u0447\u0435\u0442 \u043f\u043e \u0421\u042d\u041e \u0410\u0445\u0442\u043c\u0435 \u0438 \u0421\u043e\u043c\u043f\u044b<\/a><\/td><td>PDF 10,7 \u041c\u0411&nbsp;&nbsp;<\/td><\/tr><\/tbody><\/table><\/figure>\n\n\n\n<h2 class=\"wp-block-heading\">\u041a\u0430\u0440\u0442\u044b \u0410\u0445\u0442\u043c\u0435<\/h2>\n\n\n\n<figure class=\"wp-block-table is-style-stripes\"><table class=\"has-fixed-layout\"><tbody><tr><td><a href=\"https:\/\/kohtla-jarve.ee\/wp-content\/uploads\/2025\/09\/1_ahtme_maakasutus_20100819-1.pdf\" target=\"_blank\" rel=\"noreferrer noopener\">\u0417\u0435\u043c\u043b\u0435\u043f\u043e\u043b\u044c\u0437\u043e\u0432\u0430\u043d\u0438\u0435 \u0432 \u0410\u0445\u0442\u043c\u0435<\/a><\/td><td>PDF 3,7 \u041c\u0411&nbsp;<\/td><\/tr><tr><td><a href=\"https:\/\/kohtla-jarve.ee\/wp-content\/uploads\/2025\/09\/2_gaasi_ja_soojustorustikud_19032009-1.pdf\" target=\"_blank\" rel=\"noreferrer noopener\">\u0413\u0430\u0437\u043e- \u0438 \u0442\u0435\u043f\u043b\u043e\u043f\u0440\u043e\u0432\u043e\u0434\u044b<\/a><\/td><td>PDF 2,0 \u041c\u0411&nbsp;<\/td><\/tr><tr><td><a href=\"https:\/\/kohtla-jarve.ee\/wp-content\/uploads\/2025\/09\/3_Vee_ja_kanalisatsioonitorustikud_20101014-1.pdf\" target=\"_blank\" rel=\"noreferrer noopener\">\u0412\u043e\u0434\u043e\u043f\u0440\u043e\u0432\u043e\u0434\u043d\u044b\u0435 \u0438 \u043a\u0430\u043d\u0430\u043b\u0438\u0437\u0430\u0446\u0438\u043e\u043d\u043d\u044b\u0435 \u0442\u0440\u0443\u0431\u043e\u043f\u0440\u043e\u0432\u043e\u0434\u044b<\/a><\/td><td>PDF 2,1 \u041c\u0411&nbsp;<\/td><\/tr><tr><td><a href=\"https:\/\/kohtla-jarve.ee\/wp-content\/uploads\/2025\/09\/4_tanavavalgustus_20100225-1.pdf\" target=\"_blank\" rel=\"noreferrer noopener\">\u0423\u043b\u0438\u0447\u043d\u043e\u0435 \u043e\u0441\u0432\u0435\u0449\u0435\u043d\u0438\u0435<\/a><\/td><td>PDF 2,3 \u041c\u0411&nbsp;<\/td><\/tr><tr><td><a href=\"https:\/\/kohtla-jarve.ee\/wp-content\/uploads\/2025\/09\/5_elektrivarustus_20100225-1.pdf\" target=\"_blank\" rel=\"noreferrer noopener\">\u042d\u043b\u0435\u043a\u0442\u0440\u0438\u0447\u0435\u0441\u0442\u0432\u043e<\/a><\/td><td>PDF 2,1 \u041c\u0411&nbsp;<\/td><\/tr><tr><td><a href=\"https:\/\/kohtla-jarve.ee\/wp-content\/uploads\/2025\/09\/6_munitsipaliseeritavad_maa-alad_20100225-1.pdf\" target=\"_blank\" rel=\"noreferrer noopener\">\u0422\u0435\u0440\u0440\u0438\u0442\u043e\u0440\u0438\u0438, \u043f\u043e\u0434\u043b\u0435\u0436\u0430\u0449\u0438\u0435 \u043c\u0443\u043d\u0438\u0446\u0438\u043f\u0430\u043b\u0438\u0437\u0430\u0446\u0438\u0438<\/a><\/td><td>PDF 1,2 \u041c\u0411&nbsp;<\/td><\/tr><tr><td><a href=\"https:\/\/kohtla-jarve.ee\/wp-content\/uploads\/2025\/09\/7_spordirajatiste_maa_100225-1.pdf\" target=\"_blank\" rel=\"noreferrer noopener\">\u0417\u0435\u043c\u043b\u044f \u0434\u043b\u044f \u0441\u043f\u043e\u0440\u0442\u0438\u0432\u043d\u044b\u0445 \u0441\u043e\u043e\u0440\u0443\u0436\u0435\u043d\u0438\u0439<\/a><\/td><td>PDF 1,8 \u041c\u0411&nbsp;<\/td><\/tr><tr><td><a href=\"https:\/\/kohtla-jarve.ee\/wp-content\/uploads\/2025\/09\/8_bussiliinid_20100225-1.pdf\" target=\"_blank\" rel=\"noreferrer noopener\">\u0410\u0432\u0442\u043e\u0431\u0443\u0441\u043d\u044b\u0435 \u043c\u0430\u0440\u0448\u0440\u0443\u0442\u044b<\/a><\/td><td>PDF 1,8 \u041c\u0411&nbsp;<\/td><\/tr><tr><td><a href=\"https:\/\/kohtla-jarve.ee\/wp-content\/uploads\/2025\/09\/9_maardlad_20090409-1.pdf\" target=\"_blank\" rel=\"noreferrer noopener\">\u041f\u043e\u043b\u0438\u0433\u043e\u043d\u044b<\/a><\/td><td>PDF 2,2 \u041c\u0411&nbsp;<\/td><\/tr><\/tbody><\/table><\/figure>\n\n\n\n<h2 class=\"wp-block-heading\">\u041a\u0430\u0440\u0442\u044b \u0421\u043e\u043c\u043f\u044b<\/h2>\n\n\n\n<figure class=\"wp-block-table is-style-stripes\"><table class=\"has-fixed-layout\"><tbody><tr><td><a href=\"https:\/\/kohtla-jarve.ee\/wp-content\/uploads\/2025\/09\/1_sompa_maakasutus_20100218.pdf\" target=\"_blank\" rel=\"noreferrer noopener\">\u0417\u0435\u043c\u043b\u0435\u043f\u043e\u043b\u044c\u0437\u043e\u0432\u0430\u043d\u0438\u0435 \u0421\u043e\u043c\u043f\u044b<\/a><\/td><td>PDF 2,0 \u041c\u0411&nbsp;<\/td><\/tr><tr><td><a href=\"https:\/\/kohtla-jarve.ee\/wp-content\/uploads\/2025\/09\/2_elektrivarustus_gaasi_ja_soojustorustikud.pdf\" target=\"_blank\" rel=\"noreferrer noopener\">\u042d\u043b\u0435\u043a\u0442\u0440\u043e\u0441\u043d\u0430\u0431\u0436\u0435\u043d\u0438\u0435, \u0433\u0430\u0437\u043e- \u0438 \u0442\u0435\u043f\u043b\u043e\u043f\u0440\u043e\u0432\u043e\u0434\u044b<\/a><\/td><td>PDF 1,0 \u041c\u0411&nbsp;&nbsp;<\/td><\/tr><tr><td><a href=\"https:\/\/kohtla-jarve.ee\/wp-content\/uploads\/2025\/09\/3s_vee_ja_kanalisatsioonitorustikud_20101014.pdf\" target=\"_blank\" rel=\"noreferrer noopener\">\u0412\u043e\u0434\u043e\u043f\u0440\u043e\u0432\u043e\u0434\u043d\u044b\u0435 \u0438 \u043a\u0430\u043d\u0430\u043b\u0438\u0437\u0430\u0446\u0438\u043e\u043d\u043d\u044b\u0435 \u0442\u0440\u0443\u0431\u043e\u043f\u0440\u043e\u0432\u043e\u0434\u044b<\/a><\/td><td>PDF 0,7 \u041c\u0411&nbsp;<\/td><\/tr><tr><td><a href=\"https:\/\/kohtla-jarve.ee\/wp-content\/uploads\/2025\/09\/4_tanavavalgustus_2018.pdf\" target=\"_blank\" rel=\"noreferrer noopener\">\u0423\u043b\u0438\u0447\u043d\u043e\u0435 \u043e\u0441\u0432\u0435\u0449\u0435\u043d\u0438\u0435<\/a><\/td><td>PDF 0,9 \u041c\u0411&nbsp;<\/td><\/tr><tr><td><a href=\"https:\/\/kohtla-jarve.ee\/wp-content\/uploads\/2025\/09\/5_munitsipaliseeritavad_maa-alad_100218.pdf\" target=\"_blank\" rel=\"noreferrer noopener\">\u0422\u0435\u0440\u0440\u0438\u0442\u043e\u0440\u0438\u0438, \u043f\u043e\u0434\u043b\u0435\u0436\u0430\u0449\u0438\u0435 \u043c\u0443\u043d\u0438\u0446\u0438\u043f\u0430\u043b\u0438\u0437\u0430\u0446\u0438\u0438<\/a><\/td><td>PDF 0,9 \u041c\u0411&nbsp;<\/td><\/tr><tr><td><a href=\"https:\/\/kohtla-jarve.ee\/wp-content\/uploads\/2025\/09\/6_spordirajatiste_maa_100218.pdf\" target=\"_blank\" rel=\"noreferrer noopener\">\u0417\u0435\u043c\u043b\u044f \u0434\u043b\u044f \u0441\u043f\u043e\u0440\u0442\u0438\u0432\u043d\u044b\u0445 \u0441\u043e\u043e\u0440\u0443\u0436\u0435\u043d\u0438\u0439<\/a><\/td><td>PDF 0,8 \u041c\u0411&nbsp;<\/td><\/tr><tr><td><a href=\"https:\/\/kohtla-jarve.ee\/wp-content\/uploads\/2025\/09\/7_bussiliinid.pdf\" target=\"_blank\" rel=\"noreferrer noopener\">\u0410\u0432\u0442\u043e\u0431\u0443\u0441\u043d\u044b\u0435 \u043c\u0430\u0440\u0448\u0440\u0443\u0442\u044b<\/a><\/td><td>PDF 0,7 \u041c\u0411&nbsp;<\/td><\/tr><tr><td><a href=\"https:\/\/kohtla-jarve.ee\/wp-content\/uploads\/2025\/09\/8_maardlad.pdf\" target=\"_blank\" rel=\"noreferrer noopener\">\u041f\u043e\u043b\u0438\u0433\u043e\u043d\u044b<\/a><\/td><\/tr><\/tbody><\/table><\/figure>","protected":false},"excerpt":{"rendered":"<p>Ahtme ja Sompa linnaosa \u00fcldplaneering &#8211; Kohtla-J\u00e4rve linna Ahtme ja Sompa linnaosa \u00fcldplaneering on kehtestatud 25. mai 2011.a\u00a0 otsusega nr 168 Dokumendid Ahtme linnaosa\u00a0\u00fcldplaneeringu seletuskiri\u00a0 PDF&nbsp;5,4 MB&nbsp;&nbsp;&nbsp;&nbsp; Sompa linnaosa \u00fcldplaneeringu [&hellip;]<\/p>\n","protected":false},"author":1,"featured_media":0,"parent":2189,"menu_order":2,"comment_status":"closed","ping_status":"closed","template":"","meta":{"_EventAllDay":false,"_EventTimezone":"","_EventStartDate":"","_EventEndDate":"","_EventStartDateUTC":"","_EventEndDateUTC":"","_EventShowMap":false,"_EventShowMapLink":false,"_EventURL":"","_EventCost":"","_EventCostDescription":"","_EventCurrencySymbol":"","_EventCurrencyCode":"","_EventCurrencyPosition":"","_EventDateTimeSeparator":"","_EventTimeRangeSeparator":"","_EventOrganizerID":[],"_EventVenueID":[],"_OrganizerEmail":"","_OrganizerPhone":"","_OrganizerWebsite":"","_VenueAddress":"","_VenueCity":"","_VenueCountry":"","_VenueProvince":"","_VenueState":"","_VenueZip":"","_VenuePhone":"","_VenueURL":"","_VenueStateProvince":"","_VenueLat":"","_VenueLng":"","_VenueShowMap":false,"_VenueShowMapLink":false,"footnotes":""},"class_list":["post-2237","page","type-page","status-publish","hentry"],"_links":{"self":[{"href":"https:\/\/kohtla-jarve.ee\/ru\/wp-json\/wp\/v2\/pages\/2237","targetHints":{"allow":["GET"]}}],"collection":[{"href":"https:\/\/kohtla-jarve.ee\/ru\/wp-json\/wp\/v2\/pages"}],"about":[{"href":"https:\/\/kohtla-jarve.ee\/ru\/wp-json\/wp\/v2\/types\/page"}],"author":[{"embeddable":true,"href":"https:\/\/kohtla-jarve.ee\/ru\/wp-json\/wp\/v2\/users\/1"}],"replies":[{"embeddable":true,"href":"https:\/\/kohtla-jarve.ee\/ru\/wp-json\/wp\/v2\/comments?post=2237"}],"version-history":[{"count":2,"href":"https:\/\/kohtla-jarve.ee\/ru\/wp-json\/wp\/v2\/pages\/2237\/revisions"}],"predecessor-version":[{"id":2329,"href":"https:\/\/kohtla-jarve.ee\/ru\/wp-json\/wp\/v2\/pages\/2237\/revisions\/2329"}],"up":[{"embeddable":true,"href":"https:\/\/kohtla-jarve.ee\/ru\/wp-json\/wp\/v2\/pages\/2189"}],"wp:attachment":[{"href":"https:\/\/kohtla-jarve.ee\/ru\/wp-json\/wp\/v2\/media?parent=2237"}],"curies":[{"name":"wp","href":"https:\/\/api.w.org\/{rel}","templated":true}]}}