{"id":2226,"date":"2025-09-26T16:02:45","date_gmt":"2025-09-26T13:02:45","guid":{"rendered":"https:\/\/kohtla-jarve.ee\/?page_id=2226"},"modified":"2025-10-01T14:52:23","modified_gmt":"2025-10-01T11:52:23","slug":"volanoustamine","status":"publish","type":"page","link":"https:\/\/kohtla-jarve.ee\/ru\/juhtimine-ja-majandus\/e-teenused-ja-blanketid\/sotsiaal-ja-tervishoid\/volanoustamine\/","title":{"rendered":"\u041a\u043e\u043d\u0441\u0443\u043b\u044c\u0442\u0430\u0446\u0438\u0438 \u043f\u043e \u0434\u043e\u043b\u0433\u0430\u043c"},"content":{"rendered":"<div class=\"wp-block-columns is-layout-flex wp-container-core-columns-is-layout-658170e2 wp-block-columns-is-layout-flex\">\n<div class=\"wp-block-column is-layout-flow wp-block-column-is-layout-flow\" style=\"flex-basis:65%\">\n<h2 class=\"wp-block-heading\">\u041e\u043f\u0438\u0441\u0430\u043d\u0438\u0435<\/h2>\n\n\n\n<p>\u0426\u0435\u043b\u044c \u0434\u043e\u043b\u0433\u043e\u0432\u043e\u0433\u043e \u043a\u043e\u043d\u0441\u0443\u043b\u044c\u0442\u0438\u0440\u043e\u0432\u0430\u043d\u0438\u044f - \u043f\u043e\u043c\u043e\u0447\u044c \u0447\u0435\u043b\u043e\u0432\u0435\u043a\u0443 \u043e\u043f\u0440\u0435\u0434\u0435\u043b\u0438\u0442\u044c \u0441\u0432\u043e\u0435 \u0444\u0438\u043d\u0430\u043d\u0441\u043e\u0432\u043e\u0435 \u043f\u043e\u043b\u043e\u0436\u0435\u043d\u0438\u0435, \u043f\u0440\u043e\u0432\u0435\u0441\u0442\u0438 \u043f\u0435\u0440\u0435\u0433\u043e\u0432\u043e\u0440\u044b \u0438 \u0443\u0440\u0435\u0433\u0443\u043b\u0438\u0440\u043e\u0432\u0430\u0442\u044c \u043f\u0440\u0435\u0442\u0435\u043d\u0437\u0438\u0438 \u0441 \u043a\u0440\u0435\u0434\u0438\u0442\u043e\u0440\u0430\u043c\u0438, \u043f\u0440\u0435\u0434\u043e\u0442\u0432\u0440\u0430\u0442\u0438\u0442\u044c \u043f\u043e\u044f\u0432\u043b\u0435\u043d\u0438\u0435 \u043d\u043e\u0432\u044b\u0445 \u0434\u043e\u043b\u0433\u043e\u0432 \u0437\u0430 \u0441\u0447\u0435\u0442 \u043f\u043e\u0432\u044b\u0448\u0435\u043d\u0438\u044f \u043f\u043b\u0430\u0442\u0435\u0436\u0435\u0441\u043f\u043e\u0441\u043e\u0431\u043d\u043e\u0441\u0442\u0438 \u0438 \u0440\u0435\u0448\u0438\u0442\u044c \u0434\u0440\u0443\u0433\u0438\u0435 \u043f\u0440\u043e\u0431\u043b\u0435\u043c\u044b, \u0441\u0432\u044f\u0437\u0430\u043d\u043d\u044b\u0435 \u0441 \u0434\u043e\u043b\u0433\u0430\u043c\u0438.<\/p>\n\n\n\n<p>\u042e\u0440\u0438\u0434\u0438\u0447\u0435\u0441\u043a\u0430\u044f \u0443\u0441\u043b\u0443\u0433\u0430 \u043f\u0440\u0435\u0434\u043e\u0441\u0442\u0430\u0432\u043b\u044f\u0435\u0442\u0441\u044f \u0447\u0435\u043b\u043e\u0432\u0435\u043a\u0443, \u043a\u043e\u0442\u043e\u0440\u043e\u043c\u0443 \u043d\u0435\u043e\u0431\u0445\u043e\u0434\u0438\u043c\u043e \u0432\u044b\u043f\u043e\u043b\u043d\u0438\u0442\u044c \u043c\u0430\u0442\u0435\u0440\u0438\u0430\u043b\u044c\u043d\u043e\u0435 \u043e\u0431\u044f\u0437\u0430\u0442\u0435\u043b\u044c\u0441\u0442\u0432\u043e, \u0432\u044b\u0442\u0435\u043a\u0430\u044e\u0449\u0435\u0435 \u0438\u0437 \u0434\u043e\u0433\u043e\u0432\u043e\u0440\u043d\u043e\u0433\u043e \u0438\u043b\u0438 \u044e\u0440\u0438\u0434\u0438\u0447\u0435\u0441\u043a\u043e\u0433\u043e \u043e\u0431\u044f\u0437\u0430\u0442\u0435\u043b\u044c\u0441\u0442\u0432\u0430, \u0432\u0441\u0442\u0443\u043f\u0438\u0432\u0448\u0435\u0433\u043e \u0432 \u0437\u0430\u043a\u043e\u043d\u043d\u0443\u044e \u0441\u0438\u043b\u0443, \u043a\u043e\u0442\u043e\u0440\u043e\u0435 \u043e\u043d \u043d\u0435 \u043c\u043e\u0436\u0435\u0442 \u0432\u044b\u043f\u043e\u043b\u043d\u0438\u0442\u044c \u0441\u0430\u043c\u043e\u0441\u0442\u043e\u044f\u0442\u0435\u043b\u044c\u043d\u043e.<\/p>\n\n\n\n<h2 class=\"wp-block-heading\">\u041a\u0442\u043e \u043e\u043f\u043b\u0430\u0447\u0438\u0432\u0430\u0435\u0442 \u0443\u0441\u043b\u0443\u0433\u0443?<\/h2>\n\n\n\n<p>\u041a\u043e\u043d\u0441\u0443\u043b\u044c\u0442\u0438\u0440\u043e\u0432\u0430\u043d\u0438\u0435 \u043f\u043e \u0432\u043e\u043f\u0440\u043e\u0441\u0430\u043c \u0437\u0430\u0434\u043e\u043b\u0436\u0435\u043d\u043d\u043e\u0441\u0442\u0438 - \u0431\u0435\u0441\u043f\u043b\u0430\u0442\u043d\u0430\u044f \u0443\u0441\u043b\u0443\u0433\u0430 \u0434\u043b\u044f \u0447\u0435\u043b\u043e\u0432\u0435\u043a\u0430.<\/p>\n\n\n\n<h2 class=\"wp-block-heading\">\u0421\u043a\u043e\u043b\u044c\u043a\u043e \u0432\u0440\u0435\u043c\u0435\u043d\u0438 \u044d\u0442\u043e \u0437\u0430\u0439\u043c\u0435\u0442?<\/h2>\n\n\n\n<p>\u0420\u0435\u0448\u0435\u043d\u0438\u0435 \u043e \u043f\u0440\u0435\u0434\u043e\u0441\u0442\u0430\u0432\u043b\u0435\u043d\u0438\u0438 \u0438\u043b\u0438 \u043e\u0442\u043a\u0430\u0437\u0435 \u0432 \u043f\u0440\u0435\u0434\u043e\u0441\u0442\u0430\u0432\u043b\u0435\u043d\u0438\u0438 \u0443\u0441\u043b\u0443\u0433\u0438 \u0431\u0443\u0434\u0435\u0442 \u043f\u0440\u0438\u043d\u044f\u0442\u043e \u043d\u0435 \u043f\u043e\u0437\u0434\u043d\u0435\u0435 \u0447\u0435\u043c \u0447\u0435\u0440\u0435\u0437 \u0434\u0435\u0441\u044f\u0442\u044c \u0440\u0430\u0431\u043e\u0447\u0438\u0445 \u0434\u043d\u0435\u0439 \u043f\u043e\u0441\u043b\u0435 \u043f\u043e\u0434\u0430\u0447\u0438 \u0434\u0435\u0439\u0441\u0442\u0432\u0438\u0442\u0435\u043b\u044c\u043d\u043e\u0433\u043e \u0437\u0430\u044f\u0432\u043b\u0435\u043d\u0438\u044f.<\/p>\n\n\n\n<h2 class=\"wp-block-heading\">\u041a\u0442\u043e \u043f\u0440\u0435\u0434\u043e\u0441\u0442\u0430\u0432\u043b\u044f\u0435\u0442 \u0443\u0441\u043b\u0443\u0433\u0438?<\/h2>\n\n\n\n<p>\u041d\u041f\u041e Virumaa Laste ja Perede Tugikeskus (\u0426\u0435\u043d\u0442\u0440 \u043f\u043e\u0434\u0434\u0435\u0440\u0436\u043a\u0438 \u0434\u0435\u0442\u0435\u0439 \u0438 \u0441\u0435\u043c\u0435\u0439 \u0412\u0438\u0440\u0443\u043c\u0430\u0430), Sompa 5a, 41533 J\u00f5hvi, \u0438\u043d\u0444\u043e \u0442\u0435\u043b:&nbsp;<strong>336 4777<\/strong>;&nbsp;<strong>5656 1742<\/strong>,&nbsp;<strong>vlpkeskus@hot.ee<\/strong><\/p>\n\n\n\n<h2 class=\"wp-block-heading\">\u041f\u0440\u0430\u0432\u043e\u0432\u044b\u0435 \u0430\u043a\u0442\u044b<\/h2>\n\n\n\n<ul class=\"wp-block-list\">\n<li><a href=\"https:\/\/www.riigiteataja.ee\/akt\/411122018001\" target=\"_blank\" rel=\"noreferrer noopener\">\u041f\u0440\u043e\u0446\u0435\u0434\u0443\u0440\u044b \u043f\u0440\u0435\u0434\u043e\u0441\u0442\u0430\u0432\u043b\u0435\u043d\u0438\u044f \u0441\u043e\u0446\u0438\u0430\u043b\u044c\u043d\u043e\u0439 \u043f\u043e\u043c\u043e\u0449\u0438<\/a> <span class=\"wp-rich-text-font-awesome-icon wp-font-awesome-icon\"><svg aria-hidden=\"true\" focusable=\"false\" data-prefix=\"fas\" data-icon=\"arrow-up-right-from-square\" class=\"svg-inline--fa fa-arrow-up-right-from-square\" role=\"img\" xmlns=\"http:\/\/www.w3.org\/2000\/svg\" viewbox=\"0 0 512 512\"><path fill=\"currentColor\" d=\"M320 0c-17.7 0-32 14.3-32 32s14.3 32 32 32l82.7 0L201.4 265.4c-12.5 12.5-12.5 32.8 0 45.3s32.8 12.5 45.3 0L448 109.3l0 82.7c0 17.7 14.3 32 32 32s32-14.3 32-32l0-160c0-17.7-14.3-32-32-32L320 0zM80 32C35.8 32 0 67.8 0 112L0 432c0 44.2 35.8 80 80 80l320 0c44.2 0 80-35.8 80-80l0-112c0-17.7-14.3-32-32-32s-32 14.3-32 32l0 112c0 8.8-7.2 16-16 16L80 448c-8.8 0-16-7.2-16-16l0-320c0-8.8 7.2-16 16-16l112 0c17.7 0 32-14.3 32-32s-14.3-32-32-32L80 32z\"><\/path><\/svg><\/span><\/li>\n\n\n\n<li><a href=\"https:\/\/www.riigiteataja.ee\/akt\/130122015003\" target=\"_blank\" rel=\"noreferrer noopener\">\u041e\u0431\u0449\u0430\u044f \u0447\u0430\u0441\u0442\u044c \u0421\u043e\u0446\u0438\u0430\u043b\u044c\u043d\u043e\u0433\u043e \u043a\u043e\u0434\u0435\u043a\u0441\u0430<\/a> <span class=\"wp-rich-text-font-awesome-icon wp-font-awesome-icon\"><svg aria-hidden=\"true\" focusable=\"false\" data-prefix=\"fas\" data-icon=\"arrow-up-right-from-square\" class=\"svg-inline--fa fa-arrow-up-right-from-square\" role=\"img\" xmlns=\"http:\/\/www.w3.org\/2000\/svg\" viewbox=\"0 0 512 512\"><path fill=\"currentColor\" d=\"M320 0c-17.7 0-32 14.3-32 32s14.3 32 32 32l82.7 0L201.4 265.4c-12.5 12.5-12.5 32.8 0 45.3s32.8 12.5 45.3 0L448 109.3l0 82.7c0 17.7 14.3 32 32 32s32-14.3 32-32l0-160c0-17.7-14.3-32-32-32L320 0zM80 32C35.8 32 0 67.8 0 112L0 432c0 44.2 35.8 80 80 80l320 0c44.2 0 80-35.8 80-80l0-112c0-17.7-14.3-32-32-32s-32 14.3-32 32l0 112c0 8.8-7.2 16-16 16L80 448c-8.8 0-16-7.2-16-16l0-320c0-8.8 7.2-16 16-16l112 0c17.7 0 32-14.3 32-32s-14.3-32-32-32L80 32z\"><\/path><\/svg><\/span><\/li>\n\n\n\n<li><a href=\"https:\/\/www.riigiteataja.ee\/akt\/128122017066\" target=\"_blank\" rel=\"noreferrer noopener\">\u0417\u0430\u043a\u043e\u043d \u043e \u0441\u043e\u0446\u0438\u0430\u043b\u044c\u043d\u043e\u043c \u043e\u0431\u0435\u0441\u043f\u0435\u0447\u0435\u043d\u0438\u0438<\/a> <span class=\"wp-rich-text-font-awesome-icon wp-font-awesome-icon\"><svg aria-hidden=\"true\" focusable=\"false\" data-prefix=\"fas\" data-icon=\"arrow-up-right-from-square\" class=\"svg-inline--fa fa-arrow-up-right-from-square\" role=\"img\" xmlns=\"http:\/\/www.w3.org\/2000\/svg\" viewbox=\"0 0 512 512\"><path fill=\"currentColor\" d=\"M320 0c-17.7 0-32 14.3-32 32s14.3 32 32 32l82.7 0L201.4 265.4c-12.5 12.5-12.5 32.8 0 45.3s32.8 12.5 45.3 0L448 109.3l0 82.7c0 17.7 14.3 32 32 32s32-14.3 32-32l0-160c0-17.7-14.3-32-32-32L320 0zM80 32C35.8 32 0 67.8 0 112L0 432c0 44.2 35.8 80 80 80l320 0c44.2 0 80-35.8 80-80l0-112c0-17.7-14.3-32-32-32s-32 14.3-32 32l0 112c0 8.8-7.2 16-16 16L80 448c-8.8 0-16-7.2-16-16l0-320c0-8.8 7.2-16 16-16l112 0c17.7 0 32-14.3 32-32s-14.3-32-32-32L80 32z\"><\/path><\/svg><\/span><\/li>\n\n\n\n<li><a href=\"https:\/\/www.riigiteataja.ee\/akt\/109052017029\" target=\"_blank\" rel=\"noreferrer noopener\">\u0421\u0435\u043c\u0435\u0439\u043d\u043e\u0435 \u043f\u0440\u0430\u0432\u043e<\/a> <span class=\"wp-rich-text-font-awesome-icon wp-font-awesome-icon\"><svg aria-hidden=\"true\" focusable=\"false\" data-prefix=\"fas\" data-icon=\"arrow-up-right-from-square\" class=\"svg-inline--fa fa-arrow-up-right-from-square\" role=\"img\" xmlns=\"http:\/\/www.w3.org\/2000\/svg\" viewbox=\"0 0 512 512\"><path fill=\"currentColor\" d=\"M320 0c-17.7 0-32 14.3-32 32s14.3 32 32 32l82.7 0L201.4 265.4c-12.5 12.5-12.5 32.8 0 45.3s32.8 12.5 45.3 0L448 109.3l0 82.7c0 17.7 14.3 32 32 32s32-14.3 32-32l0-160c0-17.7-14.3-32-32-32L320 0zM80 32C35.8 32 0 67.8 0 112L0 432c0 44.2 35.8 80 80 80l320 0c44.2 0 80-35.8 80-80l0-112c0-17.7-14.3-32-32-32s-32 14.3-32 32l0 112c0 8.8-7.2 16-16 16L80 448c-8.8 0-16-7.2-16-16l0-320c0-8.8 7.2-16 16-16l112 0c17.7 0 32-14.3 32-32s-14.3-32-32-32L80 32z\"><\/path><\/svg><\/span><\/li>\n<\/ul>\n\n\n\n<h2 class=\"wp-block-heading\">\u041f\u043e\u0434\u0430\u0447\u0430 \u0437\u0430\u044f\u0432\u043a\u0438 \u0432 \u044d\u043b\u0435\u043a\u0442\u0440\u043e\u043d\u043d\u043e\u043c \u0432\u0438\u0434\u0435<\/h2>\n\n\n\n<p><strong>\u041d\u0435\u043e\u0431\u0445\u043e\u0434\u0438\u043c\u044b\u0435<\/strong> <strong>\u0448\u0430\u0433\u0438<\/strong>: \u041e\u0442\u043a\u0440\u043e\u0439\u0442\u0435 \u044d\u043b\u0435\u043a\u0442\u0440\u043e\u043d\u043d\u0443\u044e \u0444\u043e\u0440\u043c\u0443 \u043d\u0438\u0436\u0435 \u0438 \u0432\u043e\u0439\u0434\u0438\u0442\u0435 \u0432 \u0441\u0438\u0441\u0442\u0435\u043c\u0443 \u0441 \u043f\u043e\u043c\u043e\u0449\u044c\u044e \u0443\u0434\u043e\u0441\u0442\u043e\u0432\u0435\u0440\u0435\u043d\u0438\u044f \u043b\u0438\u0447\u043d\u043e\u0441\u0442\u0438 \u0438\u043b\u0438 \u043c\u043e\u0431\u0438\u043b\u044c\u043d\u043e\u0433\u043e \u0438\u0434\u0435\u043d\u0442\u0438\u0444\u0438\u043a\u0430\u0442\u043e\u0440\u0430. \u041a\u043e\u0433\u0434\u0430 \u0432\u044b \u0432\u043e\u0439\u0434\u0435\u0442\u0435 \u0432 \u0441\u0440\u0435\u0434\u0443, \u0432\u0430\u043c \u0431\u0443\u0434\u0435\u0442 \u043f\u0440\u0435\u0434\u043b\u043e\u0436\u0435\u043d\u0430 \u043f\u0440\u0435\u0434\u0432\u0430\u0440\u0438\u0442\u0435\u043b\u044c\u043d\u043e \u0437\u0430\u043f\u043e\u043b\u043d\u0435\u043d\u043d\u0430\u044f \u0444\u043e\u0440\u043c\u0430 \u0441 \u0432\u0430\u0448\u0438\u043c\u0438 \u0434\u0430\u043d\u043d\u044b\u043c\u0438 \u0438\u0437 \u0440\u0435\u0433\u0438\u0441\u0442\u0440\u0430 \u043d\u0430\u0440\u043e\u0434\u043e\u043d\u0430\u0441\u0435\u043b\u0435\u043d\u0438\u044f. \u0424\u043e\u0440\u043c\u0430 \u0434\u043e\u043b\u0436\u043d\u0430 \u0431\u044b\u0442\u044c \u043f\u043e\u0434\u043f\u0438\u0441\u0430\u043d\u0430 \u0446\u0438\u0444\u0440\u043e\u0432\u043e\u0439 \u043f\u043e\u0434\u043f\u0438\u0441\u044c\u044e.<\/p>\n\n\n\n<div class=\"wp-block-group has-border-color has-base-background-color has-background has-global-padding is-layout-constrained wp-container-core-group-is-layout-9597dc02 wp-block-group-is-layout-constrained\" style=\"border-color:#5c3b35;border-width:1px;border-radius:3px;padding-top:var(--wp--preset--spacing--10);padding-right:var(--wp--preset--spacing--10);padding-bottom:var(--wp--preset--spacing--10);padding-left:var(--wp--preset--spacing--10)\">\n<p><span class=\"wp-rich-text-font-awesome-icon wp-font-awesome-icon\"><svg aria-hidden=\"true\" focusable=\"false\" data-prefix=\"fas\" data-icon=\"triangle-exclamation\" class=\"svg-inline--fa fa-triangle-exclamation\" role=\"img\" xmlns=\"http:\/\/www.w3.org\/2000\/svg\" viewbox=\"0 0 512 512\"><path fill=\"currentColor\" d=\"M256 32c14.2 0 27.3 7.5 34.5 19.8l216 368c7.3 12.4 7.3 27.7 .2 40.1S486.3 480 472 480L40 480c-14.3 0-27.6-7.7-34.7-20.1s-7-27.8 .2-40.1l216-368C228.7 39.5 241.8 32 256 32zm0 128c-13.3 0-24 10.7-24 24l0 112c0 13.3 10.7 24 24 24s24-10.7 24-24l0-112c0-13.3-10.7-24-24-24zm32 224a32 32 0 1 0 -64 0 32 32 0 1 0 64 0z\"><\/path><\/svg><\/span><strong>\u0417\u0430\u043f\u0440\u043e\u0441 \u0431\u044b\u043b \u043e\u0442\u043f\u0440\u0430\u0432\u043b\u0435\u043d \u043f\u0440\u0430\u0432\u0438\u043b\u044c\u043d\u043e, \u043a\u043e\u0433\u0434\u0430 \u0432\u044b \u043f\u043e\u043b\u0443\u0447\u0438\u0442\u0435 \u0441\u043e\u043e\u0431\u0449\u0435\u043d\u0438\u0435 \u201c\u0412\u0430\u0448 \u0437\u0430\u043f\u0440\u043e\u0441 \u0431\u044b\u043b \u0443\u0441\u043f\u0435\u0448\u043d\u043e \u043e\u0431\u0440\u0430\u0431\u043e\u0442\u0430\u043d\u201d.  \u0438 \u043d\u0430 \u0432\u0430\u0448 \u0430\u0434\u0440\u0435\u0441 \u044d\u043b\u0435\u043a\u0442\u0440\u043e\u043d\u043d\u043e\u0439 \u043f\u043e\u0447\u0442\u044b \u0431\u0443\u0434\u0435\u0442 \u043e\u0442\u043f\u0440\u0430\u0432\u043b\u0435\u043d\u043e \u043f\u0438\u0441\u044c\u043c\u043e \u0441 \u043f\u043e\u0434\u0442\u0432\u0435\u0440\u0436\u0434\u0435\u043d\u0438\u0435\u043c.<\/strong><\/p>\n<\/div>\n\n\n<a href=\"https:\/\/piksel.ee\/spoku\/kohtlajarve\/index.php?module=208&#038;op=1\" rel=\"noreferrer noopener\"   class=\"kiirlink wp-block-tiptip-hyperlink-group-block\" target=\"_blank\">\n<div class=\"wp-block-group kiirlink has-contrast-color has-accent-5-background-color has-text-color has-background has-link-color wp-elements-7c61daf90304f95c6e589b5dd066e855 wp-container-content-9cfa9a5a has-global-padding is-layout-constrained wp-container-core-group-is-layout-7dbde58c wp-block-group-is-layout-constrained\" style=\"border-radius:0px;border-top-color:var(--wp--preset--color--contrast);border-top-width:1px;border-bottom-style:none;border-bottom-width:0px;padding-top:1rem;padding-right:var(--wp--preset--spacing--10);padding-bottom:1rem;padding-left:var(--wp--preset--spacing--10)\">\n<div class=\"wp-block-group is-content-justification-space-between is-nowrap is-layout-flex wp-container-core-group-is-layout-2b43bde3 wp-block-group-is-layout-flex\" style=\"padding-top:0;padding-bottom:0\">\n<p class=\"wp-container-content-9cfa9a5a\"><strong>\u0417\u0430\u044f\u0432\u043b\u0435\u043d\u0438\u0435 \u043d\u0430 \u043f\u043e\u043b\u0443\u0447\u0435\u043d\u0438\u0435 \u0441\u043e\u0446\u0438\u0430\u043b\u044c\u043d\u043e\u0439 \u0443\u0441\u043b\u0443\u0433\u0438 (\u044d\u043b\u0435\u043a\u0442\u0440\u043e\u043d\u043d\u0430\u044f \u0444\u043e\u0440\u043c\u0430<\/strong>)<\/p>\n\n\n\n<p>&gt;<\/p>\n<\/div>\n<\/div>\n<\/a>\n\n\n<h2 class=\"wp-block-heading\">\u0425\u043e\u0434\u0430\u0442\u0430\u0439\u0441\u0442\u0432\u043e \u043d\u0430 \u043c\u0435\u0441\u0442\u0435&nbsp;<\/h2>\n\n\n\n<p><strong>\u041d\u0435\u043e\u0431\u0445\u043e\u0434\u0438\u043c\u044b\u0435 \u0434\u0435\u0439\u0441\u0442\u0432\u0438\u044f:<\/strong> \u041f\u0440\u0438\u0431\u044b\u0442\u044c \u0432 \u043c\u044d\u0440\u0438\u044e \u041a\u043e\u0445\u0442\u043b\u0430-\u042f\u0440\u0432\u0435 Keskallee 19, \u041a\u043e\u0445\u0442\u043b\u0430-\u042f\u0440\u0432\u0435, \u043a\u0430\u0431. 302, \u0438\u043b\u0438 \u043f\u043e\u0437\u0432\u043e\u043d\u0438\u0432 \u0441\u043e\u0446\u0438\u0430\u043b\u044c\u043d\u043e\u043c\u0443 \u0440\u0430\u0431\u043e\u0442\u043d\u0438\u043a\u0443, \u0447\u0442\u043e\u0431\u044b \u0434\u043e\u0433\u043e\u0432\u043e\u0440\u0438\u0442\u044c\u0441\u044f \u043e \u0432\u0440\u0435\u043c\u0435\u043d\u0438 \u043f\u0440\u0438\u0435\u0437\u0434\u0430 \u0434\u043e\u043c\u043e\u0439. \u0412\u0440\u0435\u043c\u044f \u043f\u0440\u0438\u0435\u043c\u0430: \u043f\u043e \u0434\u043e\u0433\u043e\u0432\u043e\u0440\u0435\u043d\u043d\u043e\u0441\u0442\u0438.<\/p>\n\n\n\n<p><strong>\u041d\u0435\u043e\u0431\u0445\u043e\u0434\u0438\u043c\u044b\u0435 \u0434\u043e\u043a\u0443\u043c\u0435\u043d\u0442\u044b:<\/strong> \u0414\u043e\u043a\u0443\u043c\u0435\u043d\u0442, \u0443\u0434\u043e\u0441\u0442\u043e\u0432\u0435\u0440\u044f\u044e\u0449\u0438\u0439 \u043b\u0438\u0447\u043d\u043e\u0441\u0442\u044c.<\/p>\n\n\n\n<p><strong>\u0411\u043b\u0430\u043d\u043a:<\/strong> <\/p>\n\n\n\n<ul class=\"wp-block-list\">\n<li><a href=\"https:\/\/kohtla-jarve.ee\/wp-content\/uploads\/2025\/09\/Sotsiaalteenuste-taotlus.docx\" target=\"_blank\" rel=\"noreferrer noopener\">\u0417\u0430\u044f\u0432\u043b\u0435\u043d\u0438\u0435 \u043d\u0430 \u043f\u043e\u043b\u0443\u0447\u0435\u043d\u0438\u0435 \u0441\u043e\u0446\u0438\u0430\u043b\u044c\u043d\u044b\u0445 \u0443\u0441\u043b\u0443\u0433 DOC<\/a>&nbsp;<span class=\"wp-rich-text-font-awesome-icon wp-font-awesome-icon\"><svg aria-hidden=\"true\" focusable=\"false\" data-prefix=\"fas\" data-icon=\"download\" class=\"svg-inline--fa fa-download\" role=\"img\" xmlns=\"http:\/\/www.w3.org\/2000\/svg\" viewbox=\"0 0 512 512\"><path fill=\"currentColor\" d=\"M288 32c0-17.7-14.3-32-32-32s-32 14.3-32 32l0 242.7-73.4-73.4c-12.5-12.5-32.8-12.5-45.3 0s-12.5 32.8 0 45.3l128 128c12.5 12.5 32.8 12.5 45.3 0l128-128c12.5-12.5 12.5-32.8 0-45.3s-32.8-12.5-45.3 0L288 274.7 288 32zM64 352c-35.3 0-64 28.7-64 64l0 32c0 35.3 28.7 64 64 64l384 0c35.3 0 64-28.7 64-64l0-32c0-35.3-28.7-64-64-64l-101.5 0-45.3 45.3c-25 25-65.5 25-90.5 0L165.5 352 64 352zm368 56a24 24 0 1 1 0 48 24 24 0 1 1 0-48z\"><\/path><\/svg><\/span><\/li>\n\n\n\n<li><a href=\"https:\/\/kohtla-jarve.ee\/wp-content\/uploads\/2025\/09\/Sotsiaalteenuste-taotlus.pdf\" target=\"_blank\" rel=\"noreferrer noopener\">\u0417\u0430\u044f\u0432\u043b\u0435\u043d\u0438\u0435 \u043d\u0430 \u043f\u043e\u043b\u0443\u0447\u0435\u043d\u0438\u0435 \u0441\u043e\u0446\u0438\u0430\u043b\u044c\u043d\u044b\u0445 \u0443\u0441\u043b\u0443\u0433 PDF<\/a> <span class=\"wp-rich-text-font-awesome-icon wp-font-awesome-icon\"><svg aria-hidden=\"true\" focusable=\"false\" data-prefix=\"fas\" data-icon=\"download\" class=\"svg-inline--fa fa-download\" role=\"img\" xmlns=\"http:\/\/www.w3.org\/2000\/svg\" viewbox=\"0 0 512 512\"><path fill=\"currentColor\" d=\"M288 32c0-17.7-14.3-32-32-32s-32 14.3-32 32l0 242.7-73.4-73.4c-12.5-12.5-32.8-12.5-45.3 0s-12.5 32.8 0 45.3l128 128c12.5 12.5 32.8 12.5 45.3 0l128-128c12.5-12.5 12.5-32.8 0-45.3s-32.8-12.5-45.3 0L288 274.7 288 32zM64 352c-35.3 0-64 28.7-64 64l0 32c0 35.3 28.7 64 64 64l384 0c35.3 0 64-28.7 64-64l0-32c0-35.3-28.7-64-64-64l-101.5 0-45.3 45.3c-25 25-65.5 25-90.5 0L165.5 352 64 352zm368 56a24 24 0 1 1 0 48 24 24 0 1 1 0-48z\"><\/path><\/svg><\/span><\/li>\n<\/ul>\n<\/div>\n\n\n\n<div class=\"wp-block-column is-layout-flow wp-block-column-is-layout-flow\">\n<div class=\"wp-block-group has-global-padding is-layout-constrained wp-container-core-group-is-layout-9597dc02 wp-block-group-is-layout-constrained\" style=\"border-radius:0px;border-top-style:none;border-top-width:0px;border-right-style:none;border-right-width:0px;border-bottom-style:none;border-bottom-width:0px;border-left-color:#5c3b35;border-left-width:1px;padding-top:var(--wp--preset--spacing--10);padding-right:var(--wp--preset--spacing--10);padding-bottom:var(--wp--preset--spacing--10);padding-left:var(--wp--preset--spacing--10)\">\n<h2 class=\"wp-block-heading\" style=\"padding-top:0;padding-bottom:0\">\u041a\u043e\u043d\u0442\u0430\u043a\u0442<\/h2>\n\n\n\n<p>\u041a\u0435\u0441\u043a\u0430\u043b\u043b\u0435 19, \u041a\u043e\u0445\u0442\u043b\u0430-\u042f\u0440\u0432\u0435:<\/p>\n\n\n\n<div class=\"wp-block-group has-global-padding is-content-justification-left is-layout-constrained wp-container-core-group-is-layout-ef2e9300 wp-block-group-is-layout-constrained\">\n<div class=\"wp-block-group liigu has-base-2-background-color has-background has-global-padding is-content-justification-center is-layout-constrained wp-block-group-is-layout-constrained\" style=\"border-radius:5px;box-shadow:var(--wp--preset--shadow--vaike-vari-2)\">\n<div class=\"wp-block-group alignfull is-nowrap is-layout-flex wp-container-core-group-is-layout-7a1e6e14 wp-block-group-is-layout-flex\" style=\"padding-top:0.5rem;padding-right:0.5rem;padding-bottom:0.5rem;padding-left:0.7rem\">\n<p><span class=\"wp-rich-text-font-awesome-icon wp-font-awesome-icon\"><svg aria-hidden=\"true\" focusable=\"false\" data-prefix=\"fas\" data-icon=\"user\" class=\"svg-inline--fa fa-user\" role=\"img\" xmlns=\"http:\/\/www.w3.org\/2000\/svg\" viewbox=\"0 0 448 512\" style=\"font-size:1.3em\"><path fill=\"currentColor\" d=\"M224 256A128 128 0 1 0 224 0a128 128 0 1 0 0 256zm-45.7 48C79.8 304 0 383.8 0 482.3C0 498.7 13.3 512 29.7 512l388.6 0c16.4 0 29.7-13.3 29.7-29.7C448 383.8 368.2 304 269.7 304l-91.4 0z\"><\/path><\/svg><\/span><\/p>\n\n\n\n<p><a href=\"\/ru\/linn-uudised-ja-kontakt\/kontakt\/#kirke-kubarsepp\">\u041a\u0438\u0440\u043a\u0435 \u041a\u044e\u0431\u0430\u0440\u0441\u0435\u043f\u043f<\/a><\/p>\n<\/div>\n<\/div>\n<\/div>\n<\/div>\n<\/div>\n<\/div>","protected":false},"excerpt":{"rendered":"<p>Kirjeldus V\u00f5lan\u00f5ustamisteenuse eesm\u00e4rk on abistada isikut tema varalise olukorra kindlakstegemisel, v\u00f5lausaldajaga l\u00e4bir\u00e4\u00e4kimiste pidamisel ja n\u00f5uete rahuldamisel, v\u00e4ltida uute v\u00f5lgade tekkimist toimetulekuv\u00f5ime parandamise kaudu ning lahendada muid v\u00f5lgnevusega seotud probleeme. \u00d5igusteenusele [&hellip;]<\/p>\n","protected":false},"author":1,"featured_media":0,"parent":2036,"menu_order":11,"comment_status":"closed","ping_status":"closed","template":"page-wide","meta":{"_EventAllDay":false,"_EventTimezone":"","_EventStartDate":"","_EventEndDate":"","_EventStartDateUTC":"","_EventEndDateUTC":"","_EventShowMap":false,"_EventShowMapLink":false,"_EventURL":"","_EventCost":"","_EventCostDescription":"","_EventCurrencySymbol":"","_EventCurrencyCode":"","_EventCurrencyPosition":"","_EventDateTimeSeparator":"","_EventTimeRangeSeparator":"","_EventOrganizerID":[],"_EventVenueID":[],"_OrganizerEmail":"","_OrganizerPhone":"","_OrganizerWebsite":"","_VenueAddress":"","_VenueCity":"","_VenueCountry":"","_VenueProvince":"","_VenueState":"","_VenueZip":"","_VenuePhone":"","_VenueURL":"","_VenueStateProvince":"","_VenueLat":"","_VenueLng":"","_VenueShowMap":false,"_VenueShowMapLink":false,"footnotes":""},"class_list":["post-2226","page","type-page","status-publish","hentry"],"_links":{"self":[{"href":"https:\/\/kohtla-jarve.ee\/ru\/wp-json\/wp\/v2\/pages\/2226","targetHints":{"allow":["GET"]}}],"collection":[{"href":"https:\/\/kohtla-jarve.ee\/ru\/wp-json\/wp\/v2\/pages"}],"about":[{"href":"https:\/\/kohtla-jarve.ee\/ru\/wp-json\/wp\/v2\/types\/page"}],"author":[{"embeddable":true,"href":"https:\/\/kohtla-jarve.ee\/ru\/wp-json\/wp\/v2\/users\/1"}],"replies":[{"embeddable":true,"href":"https:\/\/kohtla-jarve.ee\/ru\/wp-json\/wp\/v2\/comments?post=2226"}],"version-history":[{"count":2,"href":"https:\/\/kohtla-jarve.ee\/ru\/wp-json\/wp\/v2\/pages\/2226\/revisions"}],"predecessor-version":[{"id":3156,"href":"https:\/\/kohtla-jarve.ee\/ru\/wp-json\/wp\/v2\/pages\/2226\/revisions\/3156"}],"up":[{"embeddable":true,"href":"https:\/\/kohtla-jarve.ee\/ru\/wp-json\/wp\/v2\/pages\/2036"}],"wp:attachment":[{"href":"https:\/\/kohtla-jarve.ee\/ru\/wp-json\/wp\/v2\/media?parent=2226"}],"curies":[{"name":"wp","href":"https:\/\/api.w.org\/{rel}","templated":true}]}}