{"id":2194,"date":"2025-09-26T16:05:28","date_gmt":"2025-09-26T13:05:28","guid":{"rendered":"https:\/\/kohtla-jarve.ee\/?page_id=2194"},"modified":"2025-09-26T16:08:58","modified_gmt":"2025-09-26T13:08:58","slug":"jarve-linnaosa","status":"publish","type":"page","link":"https:\/\/kohtla-jarve.ee\/ru\/keskkond-ehitus-ja-haldus\/areng-planeerimine-ehitus\/uldplaneering\/jarve-linnaosa\/","title":{"rendered":"\u0420\u0430\u0439\u043e\u043d \u042f\u0440\u0432\u0435"},"content":{"rendered":"<p>\u041e\u0431\u0449\u0430\u044f \u043f\u043b\u0430\u043d\u0438\u0440\u043e\u0432\u043a\u0430 \u042f\u0440\u0432\u0435\u0441\u043a\u043e\u0433\u043e \u0440\u0430\u0439\u043e\u043d\u0430 - \u041e\u0431\u0449\u0430\u044f \u043f\u043b\u0430\u043d\u0438\u0440\u043e\u0432\u043a\u0430 \u042f\u0440\u0432\u0435\u0441\u043a\u043e\u0433\u043e \u0440\u0430\u0439\u043e\u043d\u0430 \u0433\u043e\u0440\u043e\u0434\u0430 \u041a\u043e\u0445\u0442\u043b\u0430-\u042f\u0440\u0432\u0435 \u0431\u044b\u043b\u0430 \u043f\u0440\u0438\u043d\u044f\u0442\u0430 20 \u0444\u0435\u0432\u0440\u0430\u043b\u044f 2008 \u0433\u043e\u0434\u0430.&nbsp;&nbsp;<a href=\"https:\/\/kohtla-jarve.ee\/wp-content\/uploads\/2025\/09\/otsus-265.pdf\" target=\"_blank\" rel=\"noreferrer noopener\">\u0420\u0435\u0448\u0435\u043d\u0438\u0435 \u2116 265<\/a><\/p>\n\n\n\n<h2 class=\"wp-block-heading\">\u0414\u043e\u043a\u0443\u043c\u0435\u043d\u0442\u044b<\/h2>\n\n\n\n<figure class=\"wp-block-table is-style-stripes\"><table class=\"has-fixed-layout\"><tbody><tr><td><a href=\"https:\/\/kohtla-jarve.ee\/wp-content\/uploads\/2025\/09\/JARVE-LINNAOSA-ULDPLANEERING.pdf\" target=\"_blank\" rel=\"noreferrer noopener\">\u041f\u043e\u044f\u0441\u043d\u0438\u0442\u0435\u043b\u044c\u043d\u0430\u044f \u0437\u0430\u043f\u0438\u0441\u043a\u0430<\/a><\/td><td>PDF 3,6 \u041c\u0411<\/td><\/tr><tr><td><a href=\"https:\/\/kohtla-jarve.ee\/wp-content\/uploads\/2025\/09\/jarve_linna_osa-keskkonnamoju.pdf\" target=\"_blank\" rel=\"noreferrer noopener\">\u041e\u0442\u0447\u0435\u0442 KSH<\/a><\/td><td>PDF 18 MB<\/td><\/tr><\/tbody><\/table><\/figure>\n\n\n\n<h2 class=\"wp-block-heading\">\u041a\u0430\u0440\u0442\u044b<\/h2>\n\n\n\n<figure class=\"wp-block-table is-style-stripes\"><table class=\"has-fixed-layout\"><tbody><tr><td><a href=\"https:\/\/kohtla-jarve.ee\/wp-content\/uploads\/2025\/09\/3.pdf\" target=\"_blank\" rel=\"noreferrer noopener\">\u0417\u0435\u043c\u043b\u0435\u043f\u043e\u043b\u044c\u0437\u043e\u0432\u0430\u043d\u0438\u0435<\/a><\/td><td>PDF 3,4 \u041c\u0411<\/td><\/tr><tr><td><a href=\"https:\/\/kohtla-jarve.ee\/wp-content\/uploads\/2025\/09\/4.pdf\" target=\"_blank\" rel=\"noreferrer noopener\">\u0422\u0435\u043f\u043b\u043e- \u0438 \u0433\u0430\u0437\u043e\u043f\u0440\u043e\u0432\u043e\u0434\u044b<\/a><\/td><td>PDF 2,0 \u041c\u0411<\/td><\/tr><tr><td><a href=\"https:\/\/kohtla-jarve.ee\/wp-content\/uploads\/2025\/09\/5.pdf\" target=\"_blank\" rel=\"noreferrer noopener\">\u041a\u0430\u043d\u0430\u043b\u0438\u0437\u0430\u0446\u0438\u044f<\/a><\/td><td>PDF 2,1 \u041c\u0411<\/td><\/tr><tr><td><a href=\"https:\/\/kohtla-jarve.ee\/wp-content\/uploads\/2025\/09\/6.pdf\" target=\"_blank\" rel=\"noreferrer noopener\">\u0412\u043e\u0434\u043d\u044b\u0435 \u043f\u0443\u0442\u0438<\/a><\/td><td>PDF 2,0 \u041c\u0411<\/td><\/tr><tr><td><a href=\"https:\/\/kohtla-jarve.ee\/wp-content\/uploads\/2025\/09\/7.pdf\" target=\"_blank\" rel=\"noreferrer noopener\">\u041b\u0438\u043d\u0438\u0438 \u044d\u043b\u0435\u043a\u0442\u0440\u043e\u043f\u0435\u0440\u0435\u0434\u0430\u0447 \u0438 \u0441\u0432\u044f\u0437\u0438<\/a><\/td><td>PDF 3,9 \u041c\u0411<\/td><\/tr><tr><td><a href=\"https:\/\/kohtla-jarve.ee\/wp-content\/uploads\/2025\/09\/8.pdf\" target=\"_blank\" rel=\"noreferrer noopener\">\u0423\u043b\u0438\u0447\u043d\u043e\u0435 \u043e\u0441\u0432\u0435\u0449\u0435\u043d\u0438\u0435<\/a><\/td><td>PDF 1,1 \u041c\u0411<\/td><\/tr><tr><td><a href=\"https:\/\/kohtla-jarve.ee\/wp-content\/uploads\/2025\/09\/9.pdf\" target=\"_blank\" rel=\"noreferrer noopener\">\u0422\u0435\u0440\u0440\u0438\u0442\u043e\u0440\u0438\u0438, \u043f\u0440\u0435\u0434\u0441\u0442\u0430\u0432\u043b\u044f\u044e\u0449\u0438\u0435 \u044d\u043a\u043e\u043b\u043e\u0433\u0438\u0447\u0435\u0441\u043a\u0443\u044e \u0446\u0435\u043d\u043d\u043e\u0441\u0442\u044c<\/a><\/td><td>PDF 1,5 \u041c\u0411<\/td><\/tr><tr><td><a href=\"https:\/\/kohtla-jarve.ee\/wp-content\/uploads\/2025\/09\/10.pdf\" target=\"_blank\" rel=\"noreferrer noopener\">\u0417\u0435\u043c\u043b\u044f \u0434\u043b\u044f \u043e\u0431\u0449\u0435\u0441\u0442\u0432\u0435\u043d\u043d\u044b\u0445 \u0437\u0434\u0430\u043d\u0438\u0439<\/a><\/td><td>PDF 2,4 \u041c\u0411&nbsp;<\/td><\/tr><tr><td><a href=\"https:\/\/kohtla-jarve.ee\/wp-content\/uploads\/2025\/09\/11.pdf\" target=\"_blank\" rel=\"noreferrer noopener\">\u0417\u0435\u043c\u043b\u044f \u0434\u043b\u044f \u0441\u043f\u043e\u0440\u0442\u0438\u0432\u043d\u044b\u0445 \u0441\u043e\u043e\u0440\u0443\u0436\u0435\u043d\u0438\u0439<\/a><\/td><td>PDF 2,3 \u041c\u0411<\/td><\/tr><tr><td><a href=\"https:\/\/kohtla-jarve.ee\/wp-content\/uploads\/2025\/09\/12.pdf\" target=\"_blank\" rel=\"noreferrer noopener\">\u041c\u0438\u043d\u0435\u0440\u0430\u043b\u044c\u043d\u044b\u0435 \u0440\u0435\u0441\u0443\u0440\u0441\u044b \u0438 \u0440\u0430\u0437\u0440\u0430\u0431\u0430\u0442\u044b\u0432\u0430\u0435\u043c\u044b\u0435 \u0442\u0435\u0440\u0440\u0438\u0442\u043e\u0440\u0438\u0438<\/a><\/td><td>PDF 1,8 \u041c\u0411<\/td><\/tr><tr><td><a href=\"https:\/\/kohtla-jarve.ee\/wp-content\/uploads\/2025\/09\/13.pdf\" target=\"_blank\" rel=\"noreferrer noopener\">\u041f\u0440\u0435\u0434\u043b\u0430\u0433\u0430\u0435\u043c\u044b\u0439 \u0438\u043d\u0434\u0443\u0441\u0442\u0440\u0438\u0430\u043b\u044c\u043d\u044b\u0439 \u043f\u0430\u0440\u043a<\/a><\/td><td>PDF 2,5 \u041c\u0411<\/td><\/tr><tr><td><a href=\"https:\/\/kohtla-jarve.ee\/wp-content\/uploads\/2025\/09\/14.pdf\" target=\"_blank\" rel=\"noreferrer noopener\">\u041a\u0430\u0440\u0442\u0430 \u0448\u0443\u043c\u043e\u0432 (\u0435\u0436\u0435\u0434\u043d\u0435\u0432\u043d\u043e)<\/a><\/td><td>PDF 1,6 \u041c\u0411<\/td><\/tr><tr><td><a href=\"https:\/\/kohtla-jarve.ee\/wp-content\/uploads\/2025\/09\/15.pdf\" target=\"_blank\" rel=\"noreferrer noopener\">\u041a\u0430\u0440\u0442\u0430 \u0448\u0443\u043c\u043e\u0432 (\u043d\u043e\u0447\u044c)<\/a><\/td><td>PDF 1,4 \u041c\u0411<\/td><\/tr><tr><td><a href=\"https:\/\/kohtla-jarve.ee\/wp-content\/uploads\/2025\/09\/16.pdf\" target=\"_blank\" rel=\"noreferrer noopener\">\u041f\u0440\u0435\u0434\u043b\u043e\u0436\u0435\u043d\u0438\u044f \u043f\u043e \u0438\u0437\u043c\u0435\u043d\u0435\u043d\u0438\u044e \u0433\u0440\u0430\u043d\u0438\u0446<\/a><\/td><td>PDF 1,1 \u041c\u0411<\/td><\/tr><\/tbody><\/table><\/figure>","protected":false},"excerpt":{"rendered":"<p>J\u00e4rve linnaosa \u00fcldplaneering &#8211; Kohtla-J\u00e4rve linna J\u00e4rve linnaosa \u00fcldplaneering on kehtestatud 20. veebruari 2008.a&nbsp;&nbsp;otsusega nr 265 Dokumendid Seletuskiri PDF&nbsp;3,6 MB KSH aruanne PDF 18 MB Kaardid Maakasutus PDF&nbsp;3,4 MB Soojus- [&hellip;]<\/p>\n","protected":false},"author":1,"featured_media":0,"parent":2189,"menu_order":0,"comment_status":"closed","ping_status":"closed","template":"","meta":{"_EventAllDay":false,"_EventTimezone":"","_EventStartDate":"","_EventEndDate":"","_EventStartDateUTC":"","_EventEndDateUTC":"","_EventShowMap":false,"_EventShowMapLink":false,"_EventURL":"","_EventCost":"","_EventCostDescription":"","_EventCurrencySymbol":"","_EventCurrencyCode":"","_EventCurrencyPosition":"","_EventDateTimeSeparator":"","_EventTimeRangeSeparator":"","_EventOrganizerID":[],"_EventVenueID":[],"_OrganizerEmail":"","_OrganizerPhone":"","_OrganizerWebsite":"","_VenueAddress":"","_VenueCity":"","_VenueCountry":"","_VenueProvince":"","_VenueState":"","_VenueZip":"","_VenuePhone":"","_VenueURL":"","_VenueStateProvince":"","_VenueLat":"","_VenueLng":"","_VenueShowMap":false,"_VenueShowMapLink":false,"footnotes":""},"class_list":["post-2194","page","type-page","status-publish","hentry"],"_links":{"self":[{"href":"https:\/\/kohtla-jarve.ee\/ru\/wp-json\/wp\/v2\/pages\/2194","targetHints":{"allow":["GET"]}}],"collection":[{"href":"https:\/\/kohtla-jarve.ee\/ru\/wp-json\/wp\/v2\/pages"}],"about":[{"href":"https:\/\/kohtla-jarve.ee\/ru\/wp-json\/wp\/v2\/types\/page"}],"author":[{"embeddable":true,"href":"https:\/\/kohtla-jarve.ee\/ru\/wp-json\/wp\/v2\/users\/1"}],"replies":[{"embeddable":true,"href":"https:\/\/kohtla-jarve.ee\/ru\/wp-json\/wp\/v2\/comments?post=2194"}],"version-history":[{"count":2,"href":"https:\/\/kohtla-jarve.ee\/ru\/wp-json\/wp\/v2\/pages\/2194\/revisions"}],"predecessor-version":[{"id":2236,"href":"https:\/\/kohtla-jarve.ee\/ru\/wp-json\/wp\/v2\/pages\/2194\/revisions\/2236"}],"up":[{"embeddable":true,"href":"https:\/\/kohtla-jarve.ee\/ru\/wp-json\/wp\/v2\/pages\/2189"}],"wp:attachment":[{"href":"https:\/\/kohtla-jarve.ee\/ru\/wp-json\/wp\/v2\/media?parent=2194"}],"curies":[{"name":"wp","href":"https:\/\/api.w.org\/{rel}","templated":true}]}}