{"id":21,"date":"2025-01-20T16:21:53","date_gmt":"2025-01-20T14:21:53","guid":{"rendered":"https:\/\/kohtla-jarve.ee\/?page_id=21"},"modified":"2025-10-01T10:19:53","modified_gmt":"2025-10-01T07:19:53","slug":"ligipaasetavuse-teatis","status":"publish","type":"page","link":"https:\/\/kohtla-jarve.ee\/ru\/ligipaasetavuse-teatis\/","title":{"rendered":"\u0423\u0432\u0435\u0434\u043e\u043c\u043b\u0435\u043d\u0438\u0435 \u043e \u0434\u043e\u0441\u0442\u0443\u043f\u043d\u043e\u0441\u0442\u0438"},"content":{"rendered":"<p>\u042d\u0442\u043e\u0442 \u0441\u0430\u0439\u0442 \u043f\u0440\u0438\u043d\u0430\u0434\u043b\u0435\u0436\u0438\u0442 \u0433\u043e\u0440\u043e\u0434\u0443 \u041a\u043e\u0445\u0442\u043b\u0430-\u042f\u0440\u0432\u0435, \u0438 \u043c\u044b \u0445\u043e\u0442\u0438\u043c, \u0447\u0442\u043e\u0431\u044b \u043e\u043d \u0431\u044b\u043b \u0434\u043e\u0441\u0442\u0443\u043f\u0435\u043d \u0432 \u0441\u043e\u043e\u0442\u0432\u0435\u0442\u0441\u0442\u0432\u0438\u0438 \u0441 \u0442\u0440\u0435\u0431\u043e\u0432\u0430\u043d\u0438\u044f\u043c\u0438 \u00a7 32 \u0417\u0430\u043a\u043e\u043d\u0430 \u043e\u0431 \u043e\u0431\u0449\u0435\u0441\u0442\u0432\u0435\u043d\u043d\u043e\u0439 \u0438\u043d\u0444\u043e\u0440\u043c\u0430\u0446\u0438\u0438 (\u043e\u043d\u0438 \u0438\u0437\u043b\u043e\u0436\u0435\u043d\u044b \u0432 \u0441\u0442\u0430\u043d\u0434\u0430\u0440\u0442\u0435.\u00a0<a href=\"https:\/\/www.etsi.org\/deliver\/etsi_en\/301500_301599\/301549\/03.02.01_60\/en_301549v030201p.pdf\" target=\"_blank\" rel=\"noreferrer noopener\">EN 301 549 V.3.2.1<\/a>).<\/p>\n\n\n\n<h2 class=\"wp-block-heading\">\u0421\u0442\u0430\u0442\u0443\u0441 \u0441\u043e\u043e\u0442\u0432\u0435\u0442\u0441\u0442\u0432\u0438\u044f<\/h2>\n\n\n\n<p>\u0412\u0435\u0431-\u0441\u0430\u0439\u0442 \u043f\u043e\u043b\u043d\u043e\u0441\u0442\u044c\u044e \u0441\u043e\u043e\u0442\u0432\u0435\u0442\u0441\u0442\u0432\u0443\u0435\u0442 \u0442\u0440\u0435\u0431\u043e\u0432\u0430\u043d\u0438\u044f\u043c \u0441\u0442\u0430\u043d\u0434\u0430\u0440\u0442\u0430 EN 301 549 V.3.2.1.<\/p>\n\n\n\n<p>\u042d\u0442\u043e \u043e\u0437\u043d\u0430\u0447\u0430\u0435\u0442, \u0447\u0442\u043e \u0442\u0435\u0445\u043d\u0438\u0447\u0435\u0441\u043a\u0438\u0435 \u0441\u0440\u0435\u0434\u0441\u0442\u0432\u0430 \u0438 \u043f\u0440\u0438\u043d\u0446\u0438\u043f\u044b \u0440\u0430\u0437\u0440\u0430\u0431\u043e\u0442\u043a\u0438 \u043a\u043e\u043d\u0442\u0435\u043d\u0442\u0430 \u0431\u044b\u043b\u0438 \u0438\u0441\u043f\u043e\u043b\u044c\u0437\u043e\u0432\u0430\u043d\u044b \u0434\u043b\u044f \u0442\u043e\u0433\u043e, \u0447\u0442\u043e\u0431\u044b \u043f\u043e\u043c\u043e\u0447\u044c \u043f\u043e\u043b\u044c\u0437\u043e\u0432\u0430\u0442\u0435\u043b\u044f\u043c \u0441 \u043d\u0430\u0440\u0443\u0448\u0435\u043d\u0438\u044f\u043c\u0438 \u0437\u0440\u0435\u043d\u0438\u044f, \u0441\u043b\u0443\u0445\u0430, \u0444\u0438\u0437\u0438\u0447\u0435\u0441\u043a\u043e\u0433\u043e \u0440\u0430\u0437\u0432\u0438\u0442\u0438\u044f, \u0440\u0435\u0447\u0438, \u043a\u043e\u0433\u043d\u0438\u0442\u0438\u0432\u043d\u044b\u043c\u0438, \u044f\u0437\u044b\u043a\u043e\u0432\u044b\u043c\u0438, \u0443\u0447\u0435\u0431\u043d\u044b\u043c\u0438 \u0438 \u043d\u0435\u0432\u0440\u043e\u043b\u043e\u0433\u0438\u0447\u0435\u0441\u043a\u0438\u043c\u0438 \u043d\u0430\u0440\u0443\u0448\u0435\u043d\u0438\u044f\u043c\u0438 \u0432\u043e\u0441\u043f\u0440\u0438\u043d\u0438\u043c\u0430\u0442\u044c \u0441\u043e\u0434\u0435\u0440\u0436\u0438\u043c\u043e\u0435 \u0441\u0430\u0439\u0442\u0430.<\/p>\n\n\n\n<h2 class=\"wp-block-heading\">\u041f\u043e\u0434\u0433\u043e\u0442\u043e\u0432\u043a\u0430 \u0437\u0430\u044f\u0432\u043b\u0435\u043d\u0438\u044f<\/h2>\n\n\n\n<p>\u042d\u0442\u043e \u0437\u0430\u044f\u0432\u043b\u0435\u043d\u0438\u0435 \u043e \u0434\u043e\u0441\u0442\u0443\u043f\u043d\u043e\u0441\u0442\u0438 \u0431\u044b\u043b\u043e \u0441\u043e\u0437\u0434\u0430\u043d\u043e \u0441 \u0438\u0441\u043f\u043e\u043b\u044c\u0437\u043e\u0432\u0430\u043d\u0438\u0435\u043c \u0440\u0430\u0441\u0448\u0438\u0440\u0435\u043d\u0438\u044f Google Chrome Accessibility Insights for Web \u0432 \u043a\u0430\u0447\u0435\u0441\u0442\u0432\u0435 \u0438\u043d\u0441\u0442\u0440\u0443\u043c\u0435\u043d\u0442\u0430.<\/p>\n\n\n\n<p>\u041f\u043e\u0441\u043b\u0435\u0434\u043d\u0438\u0439 \u0440\u0430\u0437 \u0437\u0430\u044f\u0432\u043a\u0430 \u0431\u044b\u043b\u0430 \u0440\u0430\u0441\u0441\u043c\u043e\u0442\u0440\u0435\u043d\u0430 01.10.2025.<\/p>\n\n\n\n<h2 class=\"wp-block-heading\">\u041e\u0442\u0437\u044b\u0432\u044b \u0438 \u043a\u043e\u043d\u0442\u0430\u043a\u0442\u043d\u0430\u044f \u0438\u043d\u0444\u043e\u0440\u043c\u0430\u0446\u0438\u044f<\/h2>\n\n\n\n<p>\u041c\u044b \u0432\u0441\u0435\u0433\u0434\u0430 \u0441\u0442\u0430\u0440\u0430\u0435\u043c\u0441\u044f \u0441\u043b\u0435\u0434\u0438\u0442\u044c \u0437\u0430 \u0434\u043e\u0441\u0442\u0443\u043f\u043d\u043e\u0441\u0442\u044c\u044e \u0441\u0430\u0439\u0442\u0430. \u0415\u0441\u043b\u0438 \u0432\u044b \u0445\u043e\u0442\u0438\u0442\u0435 \u043e\u0441\u0442\u0430\u0432\u0438\u0442\u044c \u043e\u0442\u0437\u044b\u0432 \u043e \u0434\u043e\u0441\u0442\u0443\u043f\u043d\u043e\u0441\u0442\u0438 \u0441\u0430\u0439\u0442\u0430 \u0438\u043b\u0438 \u0435\u0441\u043b\u0438 \u0432\u044b \u0441\u0447\u0438\u0442\u0430\u0435\u0442\u0435 \u0447\u0442\u043e-\u0442\u043e \u043d\u0435\u0434\u043e\u0441\u0442\u0443\u043f\u043d\u044b\u043c, \u043f\u043e\u0436\u0430\u043b\u0443\u0439\u0441\u0442\u0430, \u0441\u0432\u044f\u0436\u0438\u0442\u0435\u0441\u044c \u0441 \u043d\u0430\u043c\u0438:<\/p>\n\n\n\n<p>E-mail: <a href=\"mailto:linnavalitsus@kjlv.ee\">linnavalitsus@kjlv.ee<\/a><\/p>\n\n\n\n<p>\u0422\u0435\u043b\u0435\u0444\u043e\u043d: <a href=\"tel:+3723378500\">+372 337 8500<\/a><\/p>\n\n\n\n<h2 class=\"wp-block-heading\">\u041f\u0440\u043e\u0446\u0435\u0434\u0443\u0440\u0430 \u0441\u043e\u0431\u043b\u044e\u0434\u0435\u043d\u0438\u044f<\/h2>\n\n\n\n<p>\u0414\u043e\u0441\u0442\u0443\u043f\u043d\u043e\u0441\u0442\u044c \u0433\u043e\u0441\u0443\u0434\u0430\u0440\u0441\u0442\u0432\u0435\u043d\u043d\u044b\u0445 \u0443\u0441\u043b\u0443\u0433 \u0432 \u0418\u043d\u0442\u0435\u0440\u043d\u0435\u0442\u0435 \u0438 \u043f\u0440\u0438\u043b\u043e\u0436\u0435\u043d\u0438\u044f\u0445 \u043a\u043e\u043d\u0442\u0440\u043e\u043b\u0438\u0440\u0443\u0435\u0442\u0441\u044f \u0441 \u043f\u043e\u043c\u043e\u0449\u044c\u044e.&nbsp;<a href=\"https:\/\/ttja.ee\/\" target=\"_blank\" rel=\"noreferrer noopener\">\u0423\u043f\u0440\u0430\u0432\u043b\u0435\u043d\u0438\u0435 \u043f\u043e \u0437\u0430\u0449\u0438\u0442\u0435 \u043f\u0440\u0430\u0432 \u043f\u043e\u0442\u0440\u0435\u0431\u0438\u0442\u0435\u043b\u0435\u0439 \u0438 \u0442\u0435\u0445\u043d\u0438\u0447\u0435\u0441\u043a\u043e\u043c\u0443 \u043d\u0430\u0434\u0437\u043e\u0440\u0443<\/a>.<\/p>\n\n\n\n<p>E-mail:&nbsp;<a href=\"mailto:info@ttja.ee\">info@ttja.ee<\/a><\/p>\n\n\n\n<p>\u0422\u0435\u043b\u0435\u0444\u043e\u043d:\u00a0<a href=\"tel:+3726672000\">+372 667 2000<\/a><\/p>\n\n\n\n<h2 class=\"wp-block-heading\">\u041b\u0438\u0437\u0430. \u0418\u043d\u0441\u0442\u0440\u0443\u043a\u0446\u0438\u044f \u043f\u043e \u043f\u0440\u0438\u043c\u0435\u043d\u0435\u043d\u0438\u044e<\/h2>\n\n\n\n<h3 class=\"wp-block-heading\">\u041d\u0430\u0432\u0438\u0433\u0430\u0446\u0438\u044f \u043f\u043e \u043a\u043b\u0430\u0432\u0438\u0430\u0442\u0443\u0440\u0435<\/h3>\n\n\n\n<p>\u041d\u0430 \u044d\u0442\u043e\u043c \u0441\u0430\u0439\u0442\u0435 \u0442\u0430\u043a\u0436\u0435 \u043c\u043e\u0436\u043d\u043e \u043f\u0435\u0440\u0435\u043c\u0435\u0449\u0430\u0442\u044c\u0441\u044f, \u0438\u0441\u043f\u043e\u043b\u044c\u0437\u0443\u044f \u0442\u043e\u043b\u044c\u043a\u043e \u043a\u043b\u0430\u0432\u0438\u0430\u0442\u0443\u0440\u0443. \u0412\u044b \u043c\u043e\u0436\u0435\u0442\u0435 \u043f\u0435\u0440\u0435\u043c\u0435\u0449\u0430\u0442\u044c\u0441\u044f \u043f\u043e \u0441\u0430\u0439\u0442\u0443 \u0441 \u043f\u043e\u043c\u043e\u0449\u044c\u044e \u043a\u043b\u0430\u0432\u0438\u0448\u0438 Tab. \u041a\u0430\u0436\u0434\u043e\u0435 \u043d\u0430\u0436\u0430\u0442\u0438\u0435 \u043f\u0435\u0440\u0435\u043c\u0435\u0449\u0430\u0435\u0442 \u0444\u043e\u043a\u0443\u0441 \u043d\u0430 \u0441\u043b\u0435\u0434\u0443\u044e\u0449\u0438\u0439 \u044d\u043b\u0435\u043c\u0435\u043d\u0442. \u0410\u043a\u0442\u0438\u0432\u043d\u044b\u0439 \u044d\u043b\u0435\u043c\u0435\u043d\u0442 \u043e\u0431\u043e\u0437\u043d\u0430\u0447\u0430\u0435\u0442\u0441\u044f \u0440\u0430\u043c\u043a\u043e\u0439 \u0432\u043e\u043a\u0440\u0443\u0433 \u043d\u0435\u0433\u043e. \u0427\u0442\u043e\u0431\u044b \u0430\u043a\u0442\u0438\u0432\u0438\u0440\u043e\u0432\u0430\u0442\u044c \u0441\u0441\u044b\u043b\u043a\u0443, \u043d\u0430\u0445\u043e\u0434\u044f\u0449\u0443\u044e\u0441\u044f \u0432 \u0444\u043e\u043a\u0443\u0441\u0435, \u043d\u0430\u0436\u043c\u0438\u0442\u0435 \u043d\u0430 \u043a\u043b\u0430\u0432\u0438\u0430\u0442\u0443\u0440\u0435 \u043a\u043b\u0430\u0432\u0438\u0448\u0443 Enter.<\/p>\n\n\n\n<p>\u041f\u0435\u0440\u0432\u0430\u044f \u0441\u0441\u044b\u043b\u043a\u0430, \u043a\u043e\u0442\u043e\u0440\u0430\u044f \u0441\u0442\u0430\u043d\u043e\u0432\u0438\u0442\u0441\u044f \u0430\u043a\u0442\u0438\u0432\u043d\u043e\u0439 \u043f\u0440\u0438 \u0442\u0430\u043a\u043e\u0439 \u043d\u0430\u0432\u0438\u0433\u0430\u0446\u0438\u0438, - \u044d\u0442\u043e \u0441\u0441\u044b\u043b\u043a\u0430 \"\u041f\u0435\u0440\u0435\u0439\u0442\u0438 \u043a \u0441\u043e\u0434\u0435\u0440\u0436\u0438\u043c\u043e\u043c\u0443\", \u0441\u043a\u0440\u044b\u0442\u0430\u044f \u043e\u0442 \u043e\u0431\u044b\u0447\u043d\u043e\u0433\u043e \u043f\u043e\u043b\u044c\u0437\u043e\u0432\u0430\u0442\u0435\u043b\u044f \u0438 \u043f\u0440\u0435\u0434\u043d\u0430\u0437\u043d\u0430\u0447\u0435\u043d\u043d\u0430\u044f \u0441\u043f\u0435\u0446\u0438\u0430\u043b\u044c\u043d\u043e \u0434\u043b\u044f \u043a\u043b\u0430\u0432\u0438\u0430\u0442\u0443\u0440\u043d\u044b\u0445 \u043d\u0430\u0432\u0438\u0433\u0430\u0442\u043e\u0440\u043e\u0432. \"\u041f\u0435\u0440\u0435\u0439\u0442\u0438 \u043a \u0441\u043e\u0434\u0435\u0440\u0436\u0438\u043c\u043e\u043c\u0443\" \u043f\u0440\u043e\u043f\u0443\u0441\u043a\u0430\u0435\u0442 \u0437\u0430\u0433\u043e\u043b\u043e\u0432\u043e\u043a, \u0438 \u0444\u043e\u043a\u0443\u0441 \u043f\u0435\u0440\u0435\u0445\u043e\u0434\u0438\u0442 \u043a \u043e\u0441\u043d\u043e\u0432\u043d\u043e\u043c\u0443 \u0441\u043e\u0434\u0435\u0440\u0436\u0438\u043c\u043e\u043c\u0443 \u0441\u0442\u0440\u0430\u043d\u0438\u0446\u044b.<\/p>\n\n\n\n<h3 class=\"wp-block-heading\">\u0423\u043b\u0443\u0447\u0448\u0435\u043d\u0438\u0435 \u0441\u043e\u0434\u0435\u0440\u0436\u0430\u043d\u0438\u044f \u0438 \u043a\u043e\u043d\u0442\u0440\u0430\u0441\u0442\u043d\u043e\u0441\u0442\u044c<\/h3>\n\n\n\n<p>\u041c\u044b \u0440\u0435\u043a\u043e\u043c\u0435\u043d\u0434\u0443\u0435\u043c \u0432\u0430\u043c \u0438\u0441\u043f\u043e\u043b\u044c\u0437\u043e\u0432\u0430\u0442\u044c \u0444\u0443\u043d\u043a\u0446\u0438\u043e\u043d\u0430\u043b\u044c\u043d\u043e\u0441\u0442\u044c \u0431\u0440\u0430\u0443\u0437\u0435\u0440\u0430 \u0434\u043b\u044f \u0443\u0432\u0435\u043b\u0438\u0447\u0435\u043d\u0438\u044f \u043a\u043e\u043d\u0442\u0435\u043d\u0442\u0430.<\/p>\n\n\n\n<p>\u0412 \u0431\u043e\u043b\u044c\u0448\u0438\u043d\u0441\u0442\u0432\u0435 \u0432\u0435\u0431-\u0431\u0440\u0430\u0443\u0437\u0435\u0440\u043e\u0432 \u0432\u044b \u043c\u043e\u0436\u0435\u0442\u0435 \u0443\u0432\u0435\u043b\u0438\u0447\u0438\u0432\u0430\u0442\u044c \u0438 \u0443\u043c\u0435\u043d\u044c\u0448\u0430\u0442\u044c \u043c\u0430\u0441\u0448\u0442\u0430\u0431, \u0443\u0434\u0435\u0440\u0436\u0438\u0432\u0430\u044f \u043a\u043b\u0430\u0432\u0438\u0448\u0443 Ctrl (\u043a\u043b\u0430\u0432\u0438\u0448\u0430 Cmd \u0432 OS X) \u0438 \u043d\u0430\u0436\u0438\u043c\u0430\u044f \u043a\u043b\u0430\u0432\u0438\u0448\u0443 + \u0438\u043b\u0438 -. \u0415\u0449\u0435 \u043e\u0434\u0438\u043d \u0443\u0434\u043e\u0431\u043d\u044b\u0439 \u0432\u0430\u0440\u0438\u0430\u043d\u0442 - \u0438\u0441\u043f\u043e\u043b\u044c\u0437\u043e\u0432\u0430\u0442\u044c \u043c\u044b\u0448\u044c: \u0443\u0434\u0435\u0440\u0436\u0438\u0432\u0430\u044f \u043a\u043b\u0430\u0432\u0438\u0448\u0443 Ctrl, \u043f\u0435\u0440\u0435\u043c\u0435\u0449\u0430\u0439\u0442\u0435 \u043a\u043e\u043b\u0435\u0441\u043e \u043f\u0440\u043e\u043a\u0440\u0443\u0442\u043a\u0438 \u043c\u044b\u0448\u0438. \u0412\u0435\u0440\u043d\u0443\u0442\u044c\u0441\u044f \u043a \u043d\u043e\u0440\u043c\u0430\u043b\u044c\u043d\u043e\u043c\u0443 \u0440\u0430\u0437\u043c\u0435\u0440\u0443 \u043c\u043e\u0436\u043d\u043e, \u043d\u0430\u0436\u0430\u0432 \u043e\u0434\u043d\u043e\u0432\u0440\u0435\u043c\u0435\u043d\u043d\u043e \u043a\u043b\u0430\u0432\u0438\u0448\u0438 Ctrl \u0438 0.<\/p>\n\n\n\n<p>\u0412\u0435\u0431-\u0441\u0430\u0439\u0442 \u0442\u0430\u043a\u0436\u0435 \u043e\u0442\u043d\u043e\u0441\u0438\u0442\u0441\u044f \u043a \u0441\u0440\u0435\u0434\u0441\u0442\u0432\u0430\u043c \u0430\u0434\u0430\u043f\u0442\u0430\u0446\u0438\u0438 \u0442\u0435\u043a\u0441\u0442\u0430 \u0438 \u0446\u0432\u0435\u0442\u0430 \u0434\u043b\u044f \u0431\u0440\u0430\u0443\u0437\u0435\u0440\u043e\u0432.<\/p>\n\n\n\n<h3 class=\"wp-block-heading\">\u0418\u0441\u043f\u043e\u043b\u044c\u0437\u043e\u0432\u0430\u043d\u0438\u0435 \u043f\u0440\u043e\u0433\u0440\u0430\u043c\u043c\u044b \u0447\u0442\u0435\u043d\u0438\u044f \u0441 \u044d\u043a\u0440\u0430\u043d\u0430<\/h3>\n\n\n\n<p>\u041f\u0440\u043e\u0433\u0440\u0430\u043c\u043c\u0430 \u0434\u043b\u044f \u0447\u0442\u0435\u043d\u0438\u044f \u0441 \u044d\u043a\u0440\u0430\u043d\u0430 - \u044d\u0442\u043e \u043f\u0440\u043e\u0433\u0440\u0430\u043c\u043c\u0430, \u043a\u043e\u0442\u043e\u0440\u0430\u044f \u0432\u044b\u0434\u0430\u0435\u0442 \u0442\u043e, \u0447\u0442\u043e \u0432\u044b \u0432\u0438\u0434\u0438\u0442\u0435 \u043d\u0430 \u044d\u043a\u0440\u0430\u043d\u0435, \u0432 \u0437\u0432\u0443\u043a\u043e\u0432\u043e\u0439 \u0444\u043e\u0440\u043c\u0435. \u0412 \u0447\u0430\u0441\u0442\u043d\u043e\u0441\u0442\u0438, \u044d\u0442\u043e \u043f\u043e\u043c\u043e\u0449\u043d\u0438\u043a \u0434\u043b\u044f \u043b\u044e\u0434\u0435\u0439 \u0441 \u043e\u0441\u043b\u0430\u0431\u043b\u0435\u043d\u043d\u044b\u043c \u0437\u0440\u0435\u043d\u0438\u0435\u043c.<\/p>\n\n\n\n<p>\u0412\u043e\u0437\u043c\u043e\u0436\u043d\u044b\u0435 \u043f\u0440\u043e\u0433\u0440\u0430\u043c\u043c\u044b \u0434\u043b\u044f \u0447\u0442\u0435\u043d\u0438\u044f \u0441 \u044d\u043a\u0440\u0430\u043d\u0430:<\/p>\n\n\n\n<ul class=\"wp-block-list\">\n<li>\u0414\u0438\u043a\u0442\u043e\u0440 (Microsoft Windows, \u0434\u043e\u0441\u0442\u0443\u043f\u0435\u043d \u043f\u043e \u0443\u043c\u043e\u043b\u0447\u0430\u043d\u0438\u044e)<\/li>\n\n\n\n<li>VoiceOver (OS X, \u0434\u043e\u0441\u0442\u0443\u043f\u043d\u043e \u043f\u043e \u0443\u043c\u043e\u043b\u0447\u0430\u043d\u0438\u044e)<\/li>\n<\/ul>","protected":false},"excerpt":{"rendered":"<p>See veebisait kuulub Kohtla-J\u00e4rve linnale ning me soovime, et see oleks ligip\u00e4\u00e4setav avaliku teabe seaduse \u00a7 32 alusel kehtestatud n\u00f5uetega (need on kehtestatud standardiga\u00a0EN 301 549 V.3.2.1). N\u00f5uetele vastavuse seis [&hellip;]<\/p>\n","protected":false},"author":1,"featured_media":0,"parent":0,"menu_order":15,"comment_status":"closed","ping_status":"closed","template":"","meta":{"_EventAllDay":false,"_EventTimezone":"","_EventStartDate":"","_EventEndDate":"","_EventStartDateUTC":"","_EventEndDateUTC":"","_EventShowMap":false,"_EventShowMapLink":false,"_EventURL":"","_EventCost":"","_EventCostDescription":"","_EventCurrencySymbol":"","_EventCurrencyCode":"","_EventCurrencyPosition":"","_EventDateTimeSeparator":"","_EventTimeRangeSeparator":"","_EventOrganizerID":[],"_EventVenueID":[],"_OrganizerEmail":"","_OrganizerPhone":"","_OrganizerWebsite":"","_VenueAddress":"","_VenueCity":"","_VenueCountry":"","_VenueProvince":"","_VenueState":"","_VenueZip":"","_VenuePhone":"","_VenueURL":"","_VenueStateProvince":"","_VenueLat":"","_VenueLng":"","_VenueShowMap":false,"_VenueShowMapLink":false,"footnotes":""},"class_list":["post-21","page","type-page","status-publish","hentry"],"_links":{"self":[{"href":"https:\/\/kohtla-jarve.ee\/ru\/wp-json\/wp\/v2\/pages\/21","targetHints":{"allow":["GET"]}}],"collection":[{"href":"https:\/\/kohtla-jarve.ee\/ru\/wp-json\/wp\/v2\/pages"}],"about":[{"href":"https:\/\/kohtla-jarve.ee\/ru\/wp-json\/wp\/v2\/types\/page"}],"author":[{"embeddable":true,"href":"https:\/\/kohtla-jarve.ee\/ru\/wp-json\/wp\/v2\/users\/1"}],"replies":[{"embeddable":true,"href":"https:\/\/kohtla-jarve.ee\/ru\/wp-json\/wp\/v2\/comments?post=21"}],"version-history":[{"count":3,"href":"https:\/\/kohtla-jarve.ee\/ru\/wp-json\/wp\/v2\/pages\/21\/revisions"}],"predecessor-version":[{"id":3083,"href":"https:\/\/kohtla-jarve.ee\/ru\/wp-json\/wp\/v2\/pages\/21\/revisions\/3083"}],"wp:attachment":[{"href":"https:\/\/kohtla-jarve.ee\/ru\/wp-json\/wp\/v2\/media?parent=21"}],"curies":[{"name":"wp","href":"https:\/\/api.w.org\/{rel}","templated":true}]}}