{"id":1865,"date":"2025-09-25T19:31:43","date_gmt":"2025-09-25T16:31:43","guid":{"rendered":"https:\/\/kohtla-jarve.ee\/?page_id=1865"},"modified":"2025-09-25T19:31:46","modified_gmt":"2025-09-25T16:31:46","slug":"lokke-tegemisest","status":"publish","type":"page","link":"https:\/\/kohtla-jarve.ee\/ru\/keskkond-ehitus-ja-haldus\/keskkond-ja-jaatmed\/lokke-tegemisest\/","title":{"rendered":"\u0420\u0430\u0437\u0432\u0435\u0434\u0435\u043d\u0438\u0435 \u043a\u043e\u0441\u0442\u0440\u0430"},"content":{"rendered":"<p>\u0421 \u043f\u0440\u0438\u0445\u043e\u0434\u043e\u043c \u0432\u0435\u0441\u043d\u044b \u0443 \u043b\u044e\u0434\u0435\u0439 \u0432\u0441\u0435\u0433\u0434\u0430 \u043f\u043e\u044f\u0432\u043b\u044f\u044e\u0442\u0441\u044f \u043e\u0442\u0445\u043e\u0434\u044b, \u043e\u0442 \u043a\u043e\u0442\u043e\u0440\u044b\u0445 \u043d\u0443\u0436\u043d\u043e \u0438\u0437\u0431\u0430\u0432\u0438\u0442\u044c\u0441\u044f \u0432 \u0440\u0430\u043c\u043a\u0430\u0445 \u0443\u0431\u043e\u0440\u043a\u0438, \u0438 \u0447\u0430\u0441\u0442\u043e \u043e\u043d\u0438 \u0441\u0447\u0438\u0442\u0430\u044e\u0442, \u0447\u0442\u043e \u0441\u0430\u043c\u044b\u0439 \u043f\u0440\u043e\u0441\u0442\u043e\u0439 \u0441\u043f\u043e\u0441\u043e\u0431 \u0438\u0437\u0431\u0430\u0432\u0438\u0442\u044c\u0441\u044f \u043e\u0442 \u043d\u0438\u0445 - \u044d\u0442\u043e \u0431\u0440\u043e\u0441\u0438\u0442\u044c \u0438\u0445 \u0432 \u043a\u043e\u0441\u0442\u0435\u0440, \u0445\u043e\u0442\u044f \u044d\u0442\u043e \u0441\u0432\u044f\u0437\u0430\u043d\u043e \u0441 \u0431\u043e\u043b\u044c\u0448\u0438\u043c \u0440\u0438\u0441\u043a\u043e\u043c.<\/p>\n\n\n\n<p><strong>\u042d\u043a\u043e\u043b\u043e\u0433\u0438\u0447\u0435\u0441\u043a\u0438 \u043f\u0440\u0438\u0435\u043c\u043b\u0435\u043c\u044b\u043c \u044f\u0432\u043b\u044f\u0435\u0442\u0441\u044f \u0442\u043e\u043b\u044c\u043a\u043e \u0441\u0436\u0438\u0433\u0430\u043d\u0438\u0435 \u0432\u0435\u0442\u043e\u043a, \u043d\u0435\u043e\u0431\u0440\u0430\u0431\u043e\u0442\u0430\u043d\u043d\u043e\u0439 \u0434\u0440\u0435\u0432\u0435\u0441\u0438\u043d\u044b, \u043d\u0435\u043c\u0435\u043b\u043e\u0432\u0430\u043d\u043d\u043e\u0439 \u0431\u0443\u043c\u0430\u0433\u0438 \u0438 \u043a\u0430\u0440\u0442\u043e\u043d\u0430.<\/strong>, \u043a\u043e\u0442\u043e\u0440\u044b\u0435 \u0434\u043e\u043b\u0436\u043d\u044b \u0441\u0436\u0438\u0433\u0430\u0442\u044c\u0441\u044f \u0441 \u0441\u043e\u0431\u043b\u044e\u0434\u0435\u043d\u0438\u0435\u043c \u0432\u0441\u0435\u0445 \u0442\u0440\u0435\u0431\u043e\u0432\u0430\u043d\u0438\u0439 \u0431\u0435\u0437\u043e\u043f\u0430\u0441\u043d\u043e\u0441\u0442\u0438.<\/p>\n\n\n\n<div style=\"height:14px\" aria-hidden=\"true\" class=\"wp-block-spacer\"><\/div>\n\n\n\n<div class=\"wp-block-group has-base-background-color has-background has-global-padding is-layout-constrained wp-container-core-group-is-layout-86dba5ee wp-block-group-is-layout-constrained\" style=\"padding-top:var(--wp--preset--spacing--10);padding-right:var(--wp--preset--spacing--10);padding-bottom:var(--wp--preset--spacing--10);padding-left:var(--wp--preset--spacing--10);box-shadow:var(--wp--preset--shadow--vaike-vari-2)\">\n<p>\u0422\u0440\u0435\u0431\u043e\u0432\u0430\u043d\u0438\u044f \u043a \u0440\u0430\u0437\u0436\u0438\u0433\u0430\u043d\u0438\u044e \u043a\u043e\u0441\u0442\u0440\u0430 \u0438\u0437\u043b\u043e\u0436\u0435\u043d\u044b \u0432 \u0417\u0430\u043a\u043e\u043d\u0435 \u043e \u043f\u043e\u0436\u0430\u0440\u043d\u043e\u0439 \u0431\u0435\u0437\u043e\u043f\u0430\u0441\u043d\u043e\u0441\u0442\u0438 \u0438 \u0432 \u043f\u043e\u0441\u0442\u0430\u043d\u043e\u0432\u043b\u0435\u043d\u0438\u0438 \u043c\u0438\u043d\u0438\u0441\u0442\u0440\u0430 \u0432\u043d\u0443\u0442\u0440\u0435\u043d\u043d\u0438\u0445 \u0434\u0435\u043b \u2116 18 \u043e\u0442 03.07.2021 \u0433. \u201e<a href=\"https:\/\/www.riigiteataja.ee\/akt\/106072021005?dbNotReadOnly=true&amp;RIIGITEATAJA_AADRESS=https%3A%2F%2Fwww.riigiteataja.ee&amp;RIIGITEATAJA_AADRESS_HALDUS=https%3A%2F%2Fwww.riigiteataja.ee\" target=\"_blank\" rel=\"noreferrer noopener\">\u0422\u0440\u0435\u0431\u043e\u0432\u0430\u043d\u0438\u044f \u043a \u043a\u043e\u0441\u0442\u0440\u0430\u043c \u0438 \u0431\u0430\u0440\u0431\u0435\u043a\u044e<\/a>\u201c, \u0441\u043e\u0433\u043b\u0430\u0441\u043d\u043e \u043a\u043e\u0442\u043e\u0440\u043e\u043c\u0443:<\/p>\n\n\n\n<ul class=\"wp-block-list is-style-checkmark-list\">\n<li>\u0422\u0435\u0440\u0440\u0438\u0442\u043e\u0440\u0438\u044f \u0432\u043e\u043a\u0440\u0443\u0433 \u043c\u0435\u0441\u0442 \u0440\u0430\u0437\u0432\u0435\u0434\u0435\u043d\u0438\u044f \u043a\u043e\u0441\u0442\u0440\u043e\u0432 \u0438 \u0431\u0430\u0440\u0431\u0435\u043a\u044e \u0434\u043e\u043b\u0436\u043d\u0430 \u0431\u044b\u0442\u044c \u0443\u0431\u0440\u0430\u043d\u0430 \u0442\u0430\u043a\u0438\u043c \u043e\u0431\u0440\u0430\u0437\u043e\u043c, \u0447\u0442\u043e\u0431\u044b \u043f\u0440\u0435\u0434\u043e\u0442\u0432\u0440\u0430\u0442\u0438\u0442\u044c \u0440\u0430\u0441\u043f\u0440\u043e\u0441\u0442\u0440\u0430\u043d\u0435\u043d\u0438\u0435 \u043e\u0433\u043d\u044f;<\/li>\n\n\n\n<li>\u041f\u0440\u0438 \u0440\u0430\u0437\u0432\u0435\u0434\u0435\u043d\u0438\u0438 \u043a\u043e\u0441\u0442\u0440\u043e\u0432 \u0438 \u0431\u0430\u0440\u0431\u0435\u043a\u044e \u0432\u043d\u0435 \u043e\u0447\u0430\u0433\u0430 \u043d\u0435\u043e\u0431\u0445\u043e\u0434\u0438\u043c\u043e \u0443\u0447\u0438\u0442\u044b\u0432\u0430\u0442\u044c \u0432\u043b\u0438\u044f\u043d\u0438\u0435 \u043e\u043a\u0440\u0443\u0436\u0430\u044e\u0449\u0435\u0439 \u043c\u0435\u0441\u0442\u043d\u043e\u0441\u0442\u0438 \u0438 \u043f\u043e\u0433\u043e\u0434\u043d\u044b\u0445 \u0443\u0441\u043b\u043e\u0432\u0438\u0439 \u043d\u0430 \u0431\u0435\u0437\u043e\u043f\u0430\u0441\u043d\u043e\u0441\u0442\u044c \u043e\u0433\u043d\u044f;<\/li>\n\n\n\n<li>\u041c\u0435\u0441\u0442\u043e \u0434\u043b\u044f \u043a\u0435\u043c\u043f\u0438\u043d\u0433\u0430 \u0434\u043e\u043b\u0436\u043d\u043e \u0431\u044b\u0442\u044c \u043e\u0431\u043e\u0440\u0443\u0434\u043e\u0432\u0430\u043d\u043e \u043d\u0430 \u043f\u043e\u0434\u0433\u043e\u0442\u043e\u0432\u043b\u0435\u043d\u043d\u043e\u043c \u0434\u043b\u044f \u044d\u0442\u043e\u0439 \u0446\u0435\u043b\u0438 \u043d\u0435\u0433\u043e\u0440\u044e\u0447\u0435\u043c \u043f\u043e\u043a\u0440\u044b\u0442\u0438\u0438 \u0438\u043b\u0438 \u043d\u0430 \u043d\u0435\u0433\u043e\u0440\u044e\u0447\u0435\u0439 \u0437\u0435\u043c\u043b\u0435, \u043e\u0447\u0438\u0449\u0435\u043d\u043d\u043e\u0439 \u043e\u0442 \u0441\u0443\u0445\u043e\u0439 \u0440\u0430\u0441\u0442\u0438\u0442\u0435\u043b\u044c\u043d\u043e\u0441\u0442\u0438;<\/li>\n\n\n\n<li>\u00a0\u041c\u0435\u0441\u0442\u043e \u0434\u043b\u044f \u043a\u0435\u043c\u043f\u0438\u043d\u0433\u0430 \u0434\u043e\u043b\u0436\u043d\u043e \u043d\u0430\u0445\u043e\u0434\u0438\u0442\u044c\u0441\u044f \u043d\u0430 \u0440\u0430\u0441\u0441\u0442\u043e\u044f\u043d\u0438\u0438 \u043d\u0435 \u043c\u0435\u043d\u0435\u0435 \u0432\u043e\u0441\u044c\u043c\u0438 \u043c\u0435\u0442\u0440\u043e\u0432 \u043e\u0442 \u0437\u0434\u0430\u043d\u0438\u044f \u0438 \u0434\u0440\u0443\u0433\u0438\u0445 \u0433\u043e\u0440\u044e\u0447\u0438\u0445 \u043c\u0430\u0442\u0435\u0440\u0438\u0430\u043b\u043e\u0432.<\/li>\n\n\n\n<li>\u041f\u0440\u0438 \u0440\u0430\u0437\u0432\u0435\u0434\u0435\u043d\u0438\u0438 \u043a\u043e\u0441\u0442\u0440\u0430 \u0438 \u0438\u0441\u043f\u043e\u043b\u044c\u0437\u043e\u0432\u0430\u043d\u0438\u0438 \u043e\u0431\u043e\u0440\u0443\u0434\u043e\u0432\u0430\u043d\u0438\u044f \u0434\u043b\u044f \u0431\u0430\u0440\u0431\u0435\u043a\u044e \u043d\u0435\u043e\u0431\u0445\u043e\u0434\u0438\u043c\u043e \u043e\u0431\u0435\u0441\u043f\u0435\u0447\u0438\u0442\u044c \u043f\u043e\u0441\u0442\u043e\u044f\u043d\u043d\u044b\u0439 \u043a\u043e\u043d\u0442\u0440\u043e\u043b\u044c.<\/li>\n\n\n\n<li>\u0414\u043b\u044f \u0442\u0443\u0448\u0435\u043d\u0438\u044f \u043f\u043e\u0436\u0430\u0440\u0430 \u043d\u0435\u043e\u0431\u0445\u043e\u0434\u0438\u043c\u043e \u0438\u043c\u0435\u0442\u044c \u0445\u043e\u0442\u044f \u0431\u044b \u043e\u0434\u0438\u043d \u043e\u0433\u043d\u0435\u0442\u0443\u0448\u0438\u0442\u0435\u043b\u044c, \u043d\u0430\u043f\u0440\u0438\u043c\u0435\u0440 \u0435\u043c\u043a\u043e\u0441\u0442\u044c \u0441 \u0432\u043e\u0434\u043e\u0439 \u0438\u043b\u0438 \u043e\u0433\u043d\u0435\u0442\u0443\u0448\u0438\u0442\u0435\u043b\u044c. \u041f\u043e\u0441\u043b\u0435 \u0440\u0430\u0437\u0432\u0435\u0434\u0435\u043d\u0438\u044f \u043a\u043e\u0441\u0442\u0440\u0430 \u0438\u043b\u0438 \u0438\u0441\u043f\u043e\u043b\u044c\u0437\u043e\u0432\u0430\u043d\u0438\u044f \u0431\u0430\u0440\u0431\u0435\u043a\u044e \u043d\u0435\u043e\u0431\u0445\u043e\u0434\u0438\u043c\u043e \u0434\u0430\u0442\u044c \u043e\u0441\u0442\u0430\u0442\u043a\u0430\u043c \u043e\u0433\u043d\u044f \u043f\u043e\u043b\u043d\u043e\u0441\u0442\u044c\u044e \u043f\u0440\u043e\u0433\u043e\u0440\u0435\u0442\u044c, \u0437\u0430\u0442\u0443\u0448\u0438\u0442\u044c \u0435\u0433\u043e \u0438\u043b\u0438 \u043f\u043e\u0433\u0430\u0441\u0438\u0442\u044c \u0432\u043e\u0434\u043e\u0439.<\/li>\n\n\n\n<li>\u0421\u0436\u0438\u0433\u0430\u043d\u0438\u0435 \u043e\u0442\u0445\u043e\u0434\u043e\u0432 \u0432 \u042d\u0441\u0442\u043e\u043d\u0438\u0438 \u0437\u0430\u043f\u0440\u0435\u0449\u0435\u043d\u043e \u043a\u0440\u0443\u0433\u043b\u044b\u0439 \u0433\u043e\u0434.<\/li>\n<\/ul>\n<\/div>\n\n\n\n<div style=\"height:14px\" aria-hidden=\"true\" class=\"wp-block-spacer\"><\/div>\n\n\n\n<p><strong>\u0421\u0436\u0438\u0433\u0430\u043d\u0438\u0435 \u0438\u0441\u043a\u0443\u0441\u0441\u0442\u0432\u0435\u043d\u043d\u044b\u0445 \u043c\u0430\u0442\u0435\u0440\u0438\u0430\u043b\u043e\u0432 \u0437\u0430\u043f\u0440\u0435\u0449\u0435\u043d\u043e<\/strong>, \u041f\u043e\u0442\u043e\u043c\u0443 \u0447\u0442\u043e \u043f\u0440\u0438 \u044d\u0442\u043e\u043c \u043e\u0431\u0440\u0430\u0437\u0443\u044e\u0442\u0441\u044f \u043e\u043f\u0430\u0441\u043d\u044b\u0435 \u0437\u0430\u0433\u0440\u044f\u0437\u043d\u044f\u044e\u0449\u0438\u0435 \u0432\u0435\u0449\u0435\u0441\u0442\u0432\u0430, \u043a\u043e\u0442\u043e\u0440\u044b\u0435 \u043f\u0430\u0434\u0430\u044e\u0442 \u043d\u0430 \u0437\u0435\u043c\u043b\u044e \u0438 \u043f\u0440\u043e\u0441\u0430\u0447\u0438\u0432\u0430\u044e\u0442\u0441\u044f \u0432 \u0433\u0440\u0443\u043d\u0442\u043e\u0432\u044b\u0435 \u0432\u043e\u0434\u044b \u0432\u043c\u0435\u0441\u0442\u0435 \u0441 \u043e\u0441\u0430\u0434\u043a\u0430\u043c\u0438. \u0422\u0430\u043a\u0438\u043c \u043e\u0431\u0440\u0430\u0437\u043e\u043c, \u043e\u043d\u0438 \u043c\u043e\u0433\u0443\u0442 \u043f\u043e\u043f\u0430\u0441\u0442\u044c \u0432 \u043e\u0440\u0433\u0430\u043d\u0438\u0437\u043c \u0447\u0435\u043b\u043e\u0432\u0435\u043a\u0430 \u0438 \u043d\u0430\u043d\u0435\u0441\u0442\u0438 \u0432\u0440\u0435\u0434 \u0435\u0433\u043e \u0437\u0434\u043e\u0440\u043e\u0432\u044c\u044e.<\/p>\n\n\n\n<p>\u0412\u0435\u0431-\u0441\u0430\u0439\u0442, \u0441\u043e\u0437\u0434\u0430\u043d\u043d\u044b\u0439 \u041c\u0438\u043d\u0438\u0441\u0442\u0435\u0440\u0441\u0442\u0432\u043e\u043c \u043e\u0445\u0440\u0430\u043d\u044b \u043e\u043a\u0440\u0443\u0436\u0430\u044e\u0449\u0435\u0439 \u0441\u0440\u0435\u0434\u044b&nbsp;<a href=\"http:\/\/www.xn--lke-ona.ee\/\" target=\"_blank\" rel=\"noreferrer noopener\"><strong>www.l\u00f5ke.ee<\/strong><\/a>&nbsp;\u043e\u0431\u043e\u0431\u0449\u0430\u0435\u0442 \u0438\u043d\u0444\u043e\u0440\u043c\u0430\u0446\u0438\u044e \u043e \u0442\u043e\u043c, \u043f\u043e\u0447\u0435\u043c\u0443 \u043d\u0435\u043b\u044c\u0437\u044f \u0441\u0436\u0438\u0433\u0430\u0442\u044c \u043e\u0442\u0445\u043e\u0434\u044b \u0432 \u043a\u043e\u0441\u0442\u0440\u0430\u0445.<\/p>\n\n\n\n<p>\u041f\u043e\u044d\u0442\u043e\u043c\u0443 \u0432\u043c\u0435\u0441\u0442\u043e \u0442\u043e\u0433\u043e, \u0447\u0442\u043e\u0431\u044b \u0441\u0436\u0438\u0433\u0430\u0442\u044c \u043e\u0442\u0445\u043e\u0434\u044b, \u0441\u0442\u043e\u0438\u0442 \u0441\u043e\u0440\u0442\u0438\u0440\u043e\u0432\u0430\u0442\u044c \u0438\u0445 \u043a\u0430\u043a \u043c\u043e\u0436\u043d\u043e \u0431\u043e\u043b\u044c\u0448\u0435 \u0438 \u043f\u0435\u0440\u0435\u0440\u0430\u0431\u0430\u0442\u044b\u0432\u0430\u0442\u044c \u0447\u0435\u0440\u0435\u0437 \u0443\u043f\u0430\u043a\u043e\u0432\u043e\u0447\u043d\u044b\u0435 \u043a\u043e\u043d\u0442\u0435\u0439\u043d\u0435\u0440\u044b \u0438 \u043f\u0443\u043d\u043a\u0442\u044b \u043f\u0440\u0438\u0435\u043c\u0430 \u043e\u0442\u0445\u043e\u0434\u043e\u0432, \u0440\u0430\u0434\u0438 \u0441\u043e\u0445\u0440\u0430\u043d\u0435\u043d\u0438\u044f \u043e\u043a\u0440\u0443\u0436\u0430\u044e\u0449\u0435\u0439 \u0441\u0440\u0435\u0434\u044b \u0438 \u0437\u0434\u043e\u0440\u043e\u0432\u044c\u044f \u043b\u044e\u0434\u0435\u0439.<\/p>","protected":false},"excerpt":{"rendered":"<p>Kevade saabudes seoses koristust\u00f6\u00f6dega tekib inimestel alati j\u00e4\u00e4tmeid, millest soovitakse vabaneda ning tihtipeale leitakse, et k\u00f5ige lihtsam on kogunenud kraam l\u00f5kkesse visata, kuigi sellega kaasnevad suured riskid. Keskkonnakaitseliselt on aktsepteeritav [&hellip;]<\/p>\n","protected":false},"author":1,"featured_media":0,"parent":1548,"menu_order":5,"comment_status":"closed","ping_status":"closed","template":"","meta":{"_EventAllDay":false,"_EventTimezone":"","_EventStartDate":"","_EventEndDate":"","_EventStartDateUTC":"","_EventEndDateUTC":"","_EventShowMap":false,"_EventShowMapLink":false,"_EventURL":"","_EventCost":"","_EventCostDescription":"","_EventCurrencySymbol":"","_EventCurrencyCode":"","_EventCurrencyPosition":"","_EventDateTimeSeparator":"","_EventTimeRangeSeparator":"","_EventOrganizerID":[],"_EventVenueID":[],"_OrganizerEmail":"","_OrganizerPhone":"","_OrganizerWebsite":"","_VenueAddress":"","_VenueCity":"","_VenueCountry":"","_VenueProvince":"","_VenueState":"","_VenueZip":"","_VenuePhone":"","_VenueURL":"","_VenueStateProvince":"","_VenueLat":"","_VenueLng":"","_VenueShowMap":false,"_VenueShowMapLink":false,"footnotes":""},"class_list":["post-1865","page","type-page","status-publish","hentry"],"_links":{"self":[{"href":"https:\/\/kohtla-jarve.ee\/ru\/wp-json\/wp\/v2\/pages\/1865","targetHints":{"allow":["GET"]}}],"collection":[{"href":"https:\/\/kohtla-jarve.ee\/ru\/wp-json\/wp\/v2\/pages"}],"about":[{"href":"https:\/\/kohtla-jarve.ee\/ru\/wp-json\/wp\/v2\/types\/page"}],"author":[{"embeddable":true,"href":"https:\/\/kohtla-jarve.ee\/ru\/wp-json\/wp\/v2\/users\/1"}],"replies":[{"embeddable":true,"href":"https:\/\/kohtla-jarve.ee\/ru\/wp-json\/wp\/v2\/comments?post=1865"}],"version-history":[{"count":1,"href":"https:\/\/kohtla-jarve.ee\/ru\/wp-json\/wp\/v2\/pages\/1865\/revisions"}],"predecessor-version":[{"id":1867,"href":"https:\/\/kohtla-jarve.ee\/ru\/wp-json\/wp\/v2\/pages\/1865\/revisions\/1867"}],"up":[{"embeddable":true,"href":"https:\/\/kohtla-jarve.ee\/ru\/wp-json\/wp\/v2\/pages\/1548"}],"wp:attachment":[{"href":"https:\/\/kohtla-jarve.ee\/ru\/wp-json\/wp\/v2\/media?parent=1865"}],"curies":[{"name":"wp","href":"https:\/\/api.w.org\/{rel}","templated":true}]}}