{"id":1829,"date":"2025-09-25T18:52:05","date_gmt":"2025-09-25T15:52:05","guid":{"rendered":"https:\/\/kohtla-jarve.ee\/?page_id=1829"},"modified":"2025-09-25T18:57:20","modified_gmt":"2025-09-25T15:57:20","slug":"koerte-jalutusvaljakud","status":"publish","type":"page","link":"https:\/\/kohtla-jarve.ee\/ru\/keskkond-ehitus-ja-haldus\/keskkond-ja-jaatmed\/loomad\/koerte-jalutusvaljakud\/","title":{"rendered":"\u041f\u043b\u043e\u0449\u0430\u0434\u043a\u0438 \u0434\u043b\u044f \u0432\u044b\u0433\u0443\u043b\u0430 \u0441\u043e\u0431\u0430\u043a"},"content":{"rendered":"<p>\u041f\u043b\u043e\u0449\u0430\u0434\u043a\u0438 \u0434\u043b\u044f \u0432\u044b\u0433\u0443\u043b\u0430 \u0441\u043e\u0431\u0430\u043a - \u044d\u0442\u043e \u043c\u0435\u0441\u0442\u0430 \u0432 \u041a\u043e\u0445\u0442\u043b\u0430-\u042f\u0440\u0432\u0435, \u0433\u0434\u0435 \u0440\u0430\u0437\u0440\u0435\u0448\u0435\u043d\u043e \u043e\u0442\u043f\u0443\u0441\u043a\u0430\u0442\u044c \u0441\u043e\u0431\u0430\u043a \u0431\u0435\u0437 \u043f\u043e\u0432\u043e\u0434\u043a\u0430. \u041e\u043d\u0438 \u043e\u0431\u043e\u0440\u0443\u0434\u043e\u0432\u0430\u043d\u044b \u0438\u043d\u0444\u043e\u0440\u043c\u0430\u0446\u0438\u043e\u043d\u043d\u044b\u043c\u0438 \u0441\u0442\u0435\u043d\u0434\u0430\u043c\u0438 \u0441 \u043f\u0440\u0430\u0432\u0438\u043b\u0430\u043c\u0438 \u043f\u043e\u043b\u044c\u0437\u043e\u0432\u0430\u043d\u0438\u044f \u043f\u043b\u043e\u0449\u0430\u0434\u043a\u0430\u043c\u0438 \u043d\u0430 \u0434\u0432\u0443\u0445 \u044f\u0437\u044b\u043a\u0430\u0445. \u041f\u043b\u043e\u0449\u0430\u0434\u043a\u0438 \u0434\u043b\u044f \u0432\u044b\u0433\u0443\u043b\u0430 \u0441\u043e\u0431\u0430\u043a \u0431\u0435\u0441\u043f\u043b\u0430\u0442\u043d\u044b \u0434\u043b\u044f \u0432\u0441\u0435\u0445, \u0430 \u0441\u0430\u0434\u044b \u043e\u0442\u043a\u0440\u044b\u0442\u044b 24 \u0447\u0430\u0441\u0430 \u0432 \u0441\u0443\u0442\u043a\u0438 \u0438 \u043e\u0441\u0432\u0435\u0449\u0430\u044e\u0442\u0441\u044f \u0432 \u0442\u0435\u043c\u043d\u043e\u0435 \u0432\u0440\u0435\u043c\u044f \u0441\u0443\u0442\u043e\u043a.<\/p>\n\n\n\n<div style=\"height:15px\" aria-hidden=\"true\" class=\"wp-block-spacer\"><\/div>\n\n\n\n<div class=\"wp-block-media-text is-stacked-on-mobile\" style=\"grid-template-columns:27% auto\"><figure class=\"wp-block-media-text__media\"><img loading=\"lazy\" decoding=\"async\" width=\"400\" height=\"300\" src=\"https:\/\/kohtla-jarve.ee\/wp-content\/uploads\/2025\/09\/jarve_2_koerte-jalutusvaljak.png\" alt=\"\" class=\"wp-image-1831 size-full\" srcset=\"https:\/\/kohtla-jarve.ee\/wp-content\/uploads\/2025\/09\/jarve_2_koerte-jalutusvaljak.png 400w, https:\/\/kohtla-jarve.ee\/wp-content\/uploads\/2025\/09\/jarve_2_koerte-jalutusvaljak-300x225.png 300w, https:\/\/kohtla-jarve.ee\/wp-content\/uploads\/2025\/09\/jarve_2_koerte-jalutusvaljak-16x12.png 16w\" sizes=\"auto, (max-width: 400px) 100vw, 400px\" \/><\/figure><div class=\"wp-block-media-text__content\">\n<h2 class=\"wp-block-heading has-large-font-size\">\u0417\u043e\u043d\u0430 \u0434\u043b\u044f \u0432\u044b\u0433\u0443\u043b\u0430 \u0441\u043e\u0431\u0430\u043a \u0432 \u042f\u0440\u0432\u0435<\/h2>\n\n\n\n<p><span class=\"wp-rich-text-font-awesome-icon wp-font-awesome-icon\"><svg aria-hidden=\"true\" focusable=\"false\" data-prefix=\"fas\" data-icon=\"location-dot\" class=\"svg-inline--fa fa-location-dot\" role=\"img\" xmlns=\"http:\/\/www.w3.org\/2000\/svg\" viewbox=\"0 0 384 512\"><path fill=\"currentColor\" d=\"M215.7 499.2C267 435 384 279.4 384 192C384 86 298 0 192 0S0 86 0 192c0 87.4 117 243 168.3 307.2c12.3 15.3 35.1 15.3 47.4 0zM192 128a64 64 0 1 1 0 128 64 64 0 1 1 0-128z\"><\/path><\/svg><\/span><a href=\"https:\/\/www.google.com\/maps\/place\/Rahvapark+P2,+J%C3%A4rve,+30323+Ida-Viru+maakond\/@59.4000334,27.2659647,17z\/data=!3m1!4b1!4m6!3m5!1s0x4694709b6bcd5bc3:0xac0dba20209cb961!8m2!3d59.4000334!4d27.2659647!16s%2Fg%2F11c89b_xf5?entry=ttu&amp;g_ep=EgoyMDI1MDkyMi4wIKXMDSoASAFQAw%3D%3D\" target=\"_blank\" rel=\"noreferrer noopener\">\u041d\u0430\u0440\u043e\u0434\u043d\u044b\u0439 \u043f\u0430\u0440\u043a P2 (\u043a\u0430\u0434\u0430\u0441\u0442\u0440\u043e\u0432\u044b\u0439 \u043d\u043e\u043c\u0435\u0440 32101:001:0178) \u0441\u043e\u0431\u0441\u0442\u0432\u0435\u043d\u043d\u043e\u0441\u0442\u044c<\/a>&nbsp; <\/p>\n\n\n\n<p>\u041d\u0430 \u0442\u0435\u0440\u0440\u0438\u0442\u043e\u0440\u0438\u0438 \u043f\u043b\u043e\u0449\u0430\u0434\u044c\u044e \u043e\u043a\u043e\u043b\u043e 3000 \u043c\u00b2 \u0440\u0430\u0441\u043f\u043e\u043b\u043e\u0436\u0435\u043d\u0430 \u043f\u043b\u043e\u0449\u0430\u0434\u043a\u0430 \u0434\u043b\u044f \u0432\u044b\u0433\u0443\u043b\u0430 \u0441\u043e\u0431\u0430\u043a, \u0441\u043e\u0441\u0442\u043e\u044f\u0449\u0430\u044f \u0438\u0437 \u0442\u0440\u0435\u0445 \u0447\u0430\u0441\u0442\u0435\u0439 \u0441 \u0440\u0430\u0437\u043b\u0438\u0447\u043d\u044b\u043c\u0438 \u044d\u043b\u0435\u043c\u0435\u043d\u0442\u0430\u043c\u0438 \u0434\u0440\u0435\u0441\u0441\u0438\u0440\u043e\u0432\u043a\u0438.<\/p>\n<\/div><\/div>\n\n\n\n<div class=\"wp-block-media-text is-stacked-on-mobile\" style=\"grid-template-columns:27% auto\"><figure class=\"wp-block-media-text__media\"><img loading=\"lazy\" decoding=\"async\" width=\"926\" height=\"694\" src=\"https:\/\/kohtla-jarve.ee\/wp-content\/uploads\/2025\/09\/ahtme_2_koerte-jalutusvaljak.jpg\" alt=\"\" class=\"wp-image-1833 size-full\" srcset=\"https:\/\/kohtla-jarve.ee\/wp-content\/uploads\/2025\/09\/ahtme_2_koerte-jalutusvaljak.jpg 926w, https:\/\/kohtla-jarve.ee\/wp-content\/uploads\/2025\/09\/ahtme_2_koerte-jalutusvaljak-300x225.jpg 300w, https:\/\/kohtla-jarve.ee\/wp-content\/uploads\/2025\/09\/ahtme_2_koerte-jalutusvaljak-768x576.jpg 768w, https:\/\/kohtla-jarve.ee\/wp-content\/uploads\/2025\/09\/ahtme_2_koerte-jalutusvaljak-16x12.jpg 16w\" sizes=\"auto, (max-width: 926px) 100vw, 926px\" \/><\/figure><div class=\"wp-block-media-text__content\">\n<h2 class=\"wp-block-heading has-large-font-size\">\u041f\u043b\u043e\u0449\u0430\u0434\u043a\u0430 \u0434\u043b\u044f \u0432\u044b\u0433\u0443\u043b\u0430 \u0441\u043e\u0431\u0430\u043a \u0432 \u0410\u0445\u0442\u043c\u0435<\/h2>\n\n\n\n<p><span class=\"wp-rich-text-font-awesome-icon wp-font-awesome-icon\"><svg aria-hidden=\"true\" focusable=\"false\" data-prefix=\"fas\" data-icon=\"location-dot\" class=\"svg-inline--fa fa-location-dot\" role=\"img\" xmlns=\"http:\/\/www.w3.org\/2000\/svg\" viewbox=\"0 0 384 512\"><path fill=\"currentColor\" d=\"M215.7 499.2C267 435 384 279.4 384 192C384 86 298 0 192 0S0 86 0 192c0 87.4 117 243 168.3 307.2c12.3 15.3 35.1 15.3 47.4 0zM192 128a64 64 0 1 1 0 128 64 64 0 1 1 0-128z\"><\/path><\/svg><\/span><a href=\"https:\/\/www.google.com\/maps\/place\/Dogs+Park\/@59.3295103,27.4091486,17z\/data=!3m1!4b1!4m6!3m5!1s0x4694650006ea709f:0x1b953467057d174!8m2!3d59.3295104!4d27.4140195!16s%2Fg%2F11w8qd8gqz?entry=ttu&amp;g_ep=EgoyMDI1MDkyMi4wIKXMDSoASAFQAw%3D%3D\" target=\"_blank\" rel=\"noreferrer noopener\">\u0410\u0445\u0442\u043c\u0435 \u041f\u0430\u0440\u043a P2 (\u043a\u0430\u0434\u0430\u0441\u0442\u0440\u043e\u0432\u044b\u0439 \u043d\u043e\u043c\u0435\u0440 32201:001:0123)<\/a><\/p>\n\n\n\n<p>\u041f\u043b\u043e\u0449\u0430\u0434\u043a\u0430 \u0434\u043b\u044f \u0432\u044b\u0433\u0443\u043b\u0430 \u0441\u043e\u0431\u0430\u043a \u0441 \u0440\u0430\u0437\u043b\u0438\u0447\u043d\u044b\u043c\u0438 \u044d\u043b\u0435\u043c\u0435\u043d\u0442\u0430\u043c\u0438 \u0434\u0440\u0435\u0441\u0441\u0438\u0440\u043e\u0432\u043a\u0438<\/p>\n<\/div><\/div>","protected":false},"excerpt":{"rendered":"<p>Koerte jalutusv\u00e4ljakud on Kohtla-J\u00e4rve linnas kohad, kus on lubatud koer rihma otsast lahti lasta. V\u00e4ljakud on varustatud infostendidega, kus on kahes keeles kirjas jalutusv\u00e4ljakute kasutamise reeglid. Koerte jalutusv\u00e4ljakute kasutamine on [&hellip;]<\/p>\n","protected":false},"author":1,"featured_media":0,"parent":1838,"menu_order":0,"comment_status":"closed","ping_status":"closed","template":"","meta":{"_EventAllDay":false,"_EventTimezone":"","_EventStartDate":"","_EventEndDate":"","_EventStartDateUTC":"","_EventEndDateUTC":"","_EventShowMap":false,"_EventShowMapLink":false,"_EventURL":"","_EventCost":"","_EventCostDescription":"","_EventCurrencySymbol":"","_EventCurrencyCode":"","_EventCurrencyPosition":"","_EventDateTimeSeparator":"","_EventTimeRangeSeparator":"","_EventOrganizerID":[],"_EventVenueID":[],"_OrganizerEmail":"","_OrganizerPhone":"","_OrganizerWebsite":"","_VenueAddress":"","_VenueCity":"","_VenueCountry":"","_VenueProvince":"","_VenueState":"","_VenueZip":"","_VenuePhone":"","_VenueURL":"","_VenueStateProvince":"","_VenueLat":"","_VenueLng":"","_VenueShowMap":false,"_VenueShowMapLink":false,"footnotes":""},"class_list":["post-1829","page","type-page","status-publish","hentry"],"_links":{"self":[{"href":"https:\/\/kohtla-jarve.ee\/ru\/wp-json\/wp\/v2\/pages\/1829","targetHints":{"allow":["GET"]}}],"collection":[{"href":"https:\/\/kohtla-jarve.ee\/ru\/wp-json\/wp\/v2\/pages"}],"about":[{"href":"https:\/\/kohtla-jarve.ee\/ru\/wp-json\/wp\/v2\/types\/page"}],"author":[{"embeddable":true,"href":"https:\/\/kohtla-jarve.ee\/ru\/wp-json\/wp\/v2\/users\/1"}],"replies":[{"embeddable":true,"href":"https:\/\/kohtla-jarve.ee\/ru\/wp-json\/wp\/v2\/comments?post=1829"}],"version-history":[{"count":3,"href":"https:\/\/kohtla-jarve.ee\/ru\/wp-json\/wp\/v2\/pages\/1829\/revisions"}],"predecessor-version":[{"id":1837,"href":"https:\/\/kohtla-jarve.ee\/ru\/wp-json\/wp\/v2\/pages\/1829\/revisions\/1837"}],"up":[{"embeddable":true,"href":"https:\/\/kohtla-jarve.ee\/ru\/wp-json\/wp\/v2\/pages\/1838"}],"wp:attachment":[{"href":"https:\/\/kohtla-jarve.ee\/ru\/wp-json\/wp\/v2\/media?parent=1829"}],"curies":[{"name":"wp","href":"https:\/\/api.w.org\/{rel}","templated":true}]}}