{"id":1761,"date":"2025-09-25T16:12:57","date_gmt":"2025-09-25T13:12:57","guid":{"rendered":"https:\/\/kohtla-jarve.ee\/?page_id=1761"},"modified":"2025-09-25T16:12:58","modified_gmt":"2025-09-25T13:12:58","slug":"taaskasutus","status":"publish","type":"page","link":"https:\/\/kohtla-jarve.ee\/ru\/keskkond-ehitus-ja-haldus\/keskkond-ja-jaatmed\/jaatmete-sorteerimine-ja-liigiti-kogumine\/taaskasutus\/","title":{"rendered":"\u041f\u0435\u0440\u0435\u0440\u0430\u0431\u043e\u0442\u043a\u0430"},"content":{"rendered":"<p>\u041e\u0441\u0442\u0430\u0442\u043a\u0438 \u0437\u0434\u043e\u0440\u043e\u0432\u044b\u0445 \u0438 \u043f\u0440\u0438\u0433\u043e\u0434\u043d\u044b\u0445 \u043a \u0438\u0441\u043f\u043e\u043b\u044c\u0437\u043e\u0432\u0430\u043d\u0438\u044e \u043f\u0440\u0435\u0434\u043c\u0435\u0442\u043e\u0432 \u0434\u043e\u043c\u0430\u0448\u043d\u0435\u0433\u043e \u043e\u0431\u0438\u0445\u043e\u0434\u0430 (\u043e\u0431\u043e\u0440\u0443\u0434\u043e\u0432\u0430\u043d\u0438\u0435, \u0430\u043a\u0441\u0435\u0441\u0441\u0443\u0430\u0440\u044b, \u0445\u043e\u0431\u0431\u0438, \u043a\u043d\u0438\u0433\u0438, \u0438\u0433\u0440\u0443\u0448\u043a\u0438, \u043f\u043e\u0441\u0443\u0434\u0430 \u0438 \u0442. \u0434.) \u043c\u043e\u0436\u043d\u043e \u043f\u043e\u0436\u0435\u0440\u0442\u0432\u043e\u0432\u0430\u0442\u044c \u0432 \u043c\u0430\u0433\u0430\u0437\u0438\u043d Uuskasuteskus \u0432 \u0419\u044b\u0445\u0432\u0438\u043d\u0441\u043a\u043e\u043c \u0446\u0435\u043d\u0442\u0440\u0435 \u041f\u0430\u0440\u0433\u0438 (Puru tee 1, \u0419\u044b\u0445\u0432\u0438).<\/p>\n\n\n\n<p>\u041d\u0435\u043f\u0440\u0430\u0432\u0438\u0442\u0435\u043b\u044c\u0441\u0442\u0432\u0435\u043d\u043d\u0430\u044f \u043e\u0440\u0433\u0430\u043d\u0438\u0437\u0430\u0446\u0438\u044f Uuskasutuskeskus (\u0423\u0443\u0441\u043a\u0430\u0441\u0443\u0442\u0443\u0441\u043a\u0435\u0441\u043a\u0443\u0441) \u043f\u0440\u043e\u043f\u0430\u0433\u0430\u043d\u0434\u0438\u0440\u0443\u0435\u0442 \u043f\u043e\u0432\u0442\u043e\u0440\u043d\u043e\u0435 \u0438\u0441\u043f\u043e\u043b\u044c\u0437\u043e\u0432\u0430\u043d\u0438\u0435, \u0432 \u0447\u0430\u0441\u0442\u043d\u043e\u0441\u0442\u0438, \u0434\u0432\u0443\u043c\u044f \u0441\u043f\u043e\u0441\u043e\u0431\u0430\u043c\u0438: \u043f\u0443\u0442\u0435\u043c \u043f\u0435\u0440\u0435\u0440\u0430\u0431\u043e\u0442\u043a\u0438 \u0447\u0438\u0441\u0442\u044b\u0445 \u0438 \u043f\u0440\u0438\u0433\u043e\u0434\u043d\u044b\u0445 \u0434\u043b\u044f \u0438\u0441\u043f\u043e\u043b\u044c\u0437\u043e\u0432\u0430\u043d\u0438\u044f \u043f\u0440\u0435\u0434\u043c\u0435\u0442\u043e\u0432 \u0438 \u043f\u0443\u0442\u0435\u043c \u043f\u043e\u0438\u0441\u043a\u0430 \u0441\u043f\u043e\u0441\u043e\u0431\u043e\u0432 \u0434\u0430\u0442\u044c \u0441\u0442\u0430\u0440\u044b\u043c \u0432\u0435\u0449\u0430\u043c \u043d\u043e\u0432\u0443\u044e \u0436\u0438\u0437\u043d\u044c.<\/p>\n\n\n\n<p>\u0414\u043e\u043f\u043e\u043b\u043d\u0438\u0442\u0435\u043b\u044c\u043d\u0430\u044f \u0438\u043d\u0444\u043e\u0440\u043c\u0430\u0446\u0438\u044f (\u043c\u0435\u0441\u0442\u043e\u043f\u043e\u043b\u043e\u0436\u0435\u043d\u0438\u0435, \u0447\u0430\u0441\u044b \u0440\u0430\u0431\u043e\u0442\u044b, \u043f\u0440\u0438\u043d\u0438\u043c\u0430\u0435\u043c\u044b\u0435 \u043f\u0440\u0435\u0434\u043c\u0435\u0442\u044b \u0438 \u0442.\u0434.)&nbsp;<a href=\"https:\/\/uuskasutus.ee\/\" target=\"_blank\" rel=\"noreferrer noopener\">\u0412\u0435\u0431-\u0441\u0430\u0439\u0442 MT\u00dc Uuskasutuskeskus<\/a>.<\/p>","protected":false},"excerpt":{"rendered":"<p>Koduses majapidamises \u00fclej\u00e4\u00e4vad terved ja kasutusk\u00f5lblikud esemed (toimiv tehnika, aksessuaarid, hobivahendid, raamatud, m\u00e4nguasjad, n\u00f5ud jne) saab annetada J\u00f5hvis Pargi keskuses (Puru tee 1, J\u00f5hvi) asuvasse Uuskasutuskeskuse kauplusesse. MT\u00dc Uuskasutuskeskus tegeleb [&hellip;]<\/p>\n","protected":false},"author":1,"featured_media":0,"parent":1607,"menu_order":6,"comment_status":"closed","ping_status":"closed","template":"","meta":{"_EventAllDay":false,"_EventTimezone":"","_EventStartDate":"","_EventEndDate":"","_EventStartDateUTC":"","_EventEndDateUTC":"","_EventShowMap":false,"_EventShowMapLink":false,"_EventURL":"","_EventCost":"","_EventCostDescription":"","_EventCurrencySymbol":"","_EventCurrencyCode":"","_EventCurrencyPosition":"","_EventDateTimeSeparator":"","_EventTimeRangeSeparator":"","_EventOrganizerID":[],"_EventVenueID":[],"_OrganizerEmail":"","_OrganizerPhone":"","_OrganizerWebsite":"","_VenueAddress":"","_VenueCity":"","_VenueCountry":"","_VenueProvince":"","_VenueState":"","_VenueZip":"","_VenuePhone":"","_VenueURL":"","_VenueStateProvince":"","_VenueLat":"","_VenueLng":"","_VenueShowMap":false,"_VenueShowMapLink":false,"footnotes":""},"class_list":["post-1761","page","type-page","status-publish","hentry"],"_links":{"self":[{"href":"https:\/\/kohtla-jarve.ee\/ru\/wp-json\/wp\/v2\/pages\/1761","targetHints":{"allow":["GET"]}}],"collection":[{"href":"https:\/\/kohtla-jarve.ee\/ru\/wp-json\/wp\/v2\/pages"}],"about":[{"href":"https:\/\/kohtla-jarve.ee\/ru\/wp-json\/wp\/v2\/types\/page"}],"author":[{"embeddable":true,"href":"https:\/\/kohtla-jarve.ee\/ru\/wp-json\/wp\/v2\/users\/1"}],"replies":[{"embeddable":true,"href":"https:\/\/kohtla-jarve.ee\/ru\/wp-json\/wp\/v2\/comments?post=1761"}],"version-history":[{"count":1,"href":"https:\/\/kohtla-jarve.ee\/ru\/wp-json\/wp\/v2\/pages\/1761\/revisions"}],"predecessor-version":[{"id":1765,"href":"https:\/\/kohtla-jarve.ee\/ru\/wp-json\/wp\/v2\/pages\/1761\/revisions\/1765"}],"up":[{"embeddable":true,"href":"https:\/\/kohtla-jarve.ee\/ru\/wp-json\/wp\/v2\/pages\/1607"}],"wp:attachment":[{"href":"https:\/\/kohtla-jarve.ee\/ru\/wp-json\/wp\/v2\/media?parent=1761"}],"curies":[{"name":"wp","href":"https:\/\/api.w.org\/{rel}","templated":true}]}}