{"id":1752,"date":"2025-09-25T16:11:19","date_gmt":"2025-09-25T13:11:19","guid":{"rendered":"https:\/\/kohtla-jarve.ee\/?page_id=1752"},"modified":"2025-09-25T16:11:20","modified_gmt":"2025-09-25T13:11:20","slug":"ehitusjaatmed-ja-suurjaatmed","status":"publish","type":"page","link":"https:\/\/kohtla-jarve.ee\/ru\/keskkond-ehitus-ja-haldus\/keskkond-ja-jaatmed\/jaatmete-sorteerimine-ja-liigiti-kogumine\/ehitusjaatmed-ja-suurjaatmed\/","title":{"rendered":"\u0421\u0442\u0440\u043e\u0438\u0442\u0435\u043b\u044c\u043d\u044b\u0439 \u043c\u0443\u0441\u043e\u0440 \u0438 \u043a\u0440\u0443\u043f\u043d\u044b\u0435 \u043e\u0442\u0445\u043e\u0434\u044b"},"content":{"rendered":"<h2 class=\"wp-block-heading\">\u0421\u0442\u0440\u043e\u0438\u0442\u0435\u043b\u044c\u043d\u044b\u0435 \u043e\u0442\u0445\u043e\u0434\u044b<\/h2>\n\n\n\n<p>\u0421\u0442\u0440\u043e\u0438\u0442\u0435\u043b\u044c\u043d\u044b\u0435 \u043e\u0442\u0445\u043e\u0434\u044b - \u044d\u0442\u043e \u043e\u0442\u0445\u043e\u0434\u044b, \u043e\u0431\u0440\u0430\u0437\u0443\u044e\u0449\u0438\u0435\u0441\u044f \u0432 \u043f\u0440\u043e\u0446\u0435\u0441\u0441\u0435 \u0441\u0442\u0440\u043e\u0438\u0442\u0435\u043b\u044c\u0441\u0442\u0432\u0430, \u0440\u0435\u043c\u043e\u043d\u0442\u0430 \u0438\u043b\u0438 \u0441\u043d\u043e\u0441\u0430 \u0437\u0434\u0430\u043d\u0438\u0439. \u0421\u0442\u0440\u043e\u0438\u0442\u0435\u043b\u044c\u043d\u044b\u0435 \u043e\u0442\u0445\u043e\u0434\u044b \u043d\u0435 \u0441\u0447\u0438\u0442\u0430\u044e\u0442\u0441\u044f \u043a\u0440\u0443\u043f\u043d\u044b\u043c\u0438 \u043e\u0442\u0445\u043e\u0434\u0430\u043c\u0438.<\/p>\n\n\n\n<p>\u0412 \u0433\u043e\u0440\u043e\u0434\u0435 \u041a\u043e\u0445\u0442\u043b\u0430-\u042f\u0440\u0432\u0435 \u0432\u043e\u043f\u0440\u043e\u0441\u044b \u043e\u0431\u0440\u0430\u0449\u0435\u043d\u0438\u044f \u0441\u043e \u0441\u0442\u0440\u043e\u0438\u0442\u0435\u043b\u044c\u043d\u044b\u043c\u0438 \u043e\u0442\u0445\u043e\u0434\u0430\u043c\u0438 \u0434\u043e\u043b\u0436\u043d\u044b \u0440\u0435\u0448\u0430\u0442\u044c\u0441\u044f \u0443\u0436\u0435 \u043d\u0430 \u0441\u0442\u0430\u0434\u0438\u0438 \u043f\u0440\u043e\u0435\u043a\u0442\u0438\u0440\u043e\u0432\u0430\u043d\u0438\u044f. \u0415\u0441\u043b\u0438 \u0432 \u043f\u0440\u043e\u0446\u0435\u0441\u0441\u0435 \u0441\u0442\u0440\u043e\u0438\u0442\u0435\u043b\u044c\u0441\u0442\u0432\u0430 \u043e\u0431\u0440\u0430\u0437\u0443\u0435\u0442\u0441\u044f \u0431\u043e\u043b\u0435\u0435 10 \u043c3 \u0441\u0442\u0440\u043e\u0438\u0442\u0435\u043b\u044c\u043d\u044b\u0445 \u043e\u0442\u0445\u043e\u0434\u043e\u0432, \u043a \u0437\u0430\u044f\u0432\u043b\u0435\u043d\u0438\u044e \u043e \u0432\u044b\u0434\u0430\u0447\u0435 \u0440\u0430\u0437\u0440\u0435\u0448\u0435\u043d\u0438\u044f \u043d\u0430 \u044d\u043a\u0441\u043f\u043b\u0443\u0430\u0442\u0430\u0446\u0438\u044e \u0437\u0434\u0430\u043d\u0438\u044f \u043d\u0435\u043e\u0431\u0445\u043e\u0434\u0438\u043c\u043e \u043f\u0440\u0438\u043b\u043e\u0436\u0438\u0442\u044c \u0437\u0430\u044f\u0432\u043b\u0435\u043d\u0438\u0435 \u043e \u043d\u0430\u0434\u043b\u0435\u0436\u0430\u0449\u0435\u043c \u043e\u0431\u0440\u0430\u0449\u0435\u043d\u0438\u0438 \u0441\u043e \u0441\u0442\u0440\u043e\u0438\u0442\u0435\u043b\u044c\u043d\u044b\u043c\u0438 \u043e\u0442\u0445\u043e\u0434\u0430\u043c\u0438, \u0443\u0442\u0432\u0435\u0440\u0436\u0434\u0435\u043d\u043d\u043e\u0435 \u041a\u043e\u0445\u0442\u043b\u0430-\u042f\u0440\u0432\u0435\u0441\u043a\u043e\u0439 \u0433\u043e\u0440\u043e\u0434\u0441\u043a\u043e\u0439 \u0443\u043f\u0440\u0430\u0432\u043e\u0439.<\/p>\n\n\n\n<p>\u0421\u0442\u0440\u043e\u0438\u0442\u0435\u043b\u044c\u043d\u044b\u0439 \u043c\u0443\u0441\u043e\u0440 \u043f\u0440\u0438\u043d\u0438\u043c\u0430\u0435\u0442\u0441\u044f \u0437\u0430 \u043e\u0442\u0434\u0435\u043b\u044c\u043d\u0443\u044e \u043f\u043b\u0430\u0442\u0443:<\/p>\n\n\n\n<ul class=\"wp-block-list\">\n<li><a href=\"http:\/\/www.ragnsells.ee\/\" target=\"_blank\" rel=\"noreferrer noopener\">\u0420\u0430\u0433\u043d-\u0421\u0435\u043b\u043b\u0441 \u0410\u0421<\/a>;<\/li>\n\n\n\n<li>BRD Mineral O\u00dc (\u043a\u043e\u043d\u0442\u0430\u043a\u0442\u043d\u043e\u0435 \u043b\u0438\u0446\u043e: Ereda tee 37, Sompa, Kohtla-J\u00e4rve, Ida-Virumaa, \u0442\u0435\u043b: +372 670 0191 +372 670 0191);<\/li>\n\n\n\n<li><a href=\"http:\/\/www.uikalaprugila.ee\/et\" target=\"_blank\" rel=\"noreferrer noopener\">\u041f\u043e\u043b\u0438\u0433\u043e\u043d \"\u0423\u0439\u043a\u0430\u043b\u0430\" AS<\/a>.<\/li>\n<\/ul>\n\n\n\n<p>\u041f\u043e\u0434\u0440\u043e\u0431\u043d\u0435\u0435 \u043e \u0441\u0442\u0440\u043e\u0438\u0442\u0435\u043b\u044c\u043d\u044b\u0445 \u043e\u0442\u0445\u043e\u0434\u0430\u0445 \u0432 \u041f\u043e\u0441\u0442\u0430\u043d\u043e\u0432\u043b\u0435\u043d\u0438\u0438 \u0413\u043e\u0440\u043e\u0434\u0441\u043a\u043e\u0433\u043e \u0441\u043e\u0431\u0440\u0430\u043d\u0438\u044f \u041a\u043e\u0445\u0442\u043b\u0430-\u042f\u0440\u0432\u0435 \u2116 77 \u043e\u0442 27.08.2020 \u201e<a href=\"https:\/\/www.riigiteataja.ee\/akt\/408092020009\" target=\"_blank\" rel=\"noreferrer noopener\">\u041f\u0440\u0430\u0432\u0438\u043b\u0430 \u043e\u0431\u0440\u0430\u0449\u0435\u043d\u0438\u044f \u0441 \u043e\u0442\u0445\u043e\u0434\u0430\u043c\u0438 \u0432 \u041a\u043e\u0445\u0442\u043b\u0430-\u042f\u0440\u0432\u0435<\/a>\u201d \u00a7 38-40 \u0438 \u00a7 15.<\/p>\n\n\n\n<h2 class=\"wp-block-heading\">\u041a\u0440\u0443\u043f\u043d\u044b\u0435 \u043e\u0442\u0445\u043e\u0434\u044b<\/h2>\n\n\n\n<p>\u041a\u0440\u0443\u043f\u043d\u043e\u0433\u0430\u0431\u0430\u0440\u0438\u0442\u043d\u044b\u0435 \u043e\u0442\u0445\u043e\u0434\u044b - \u044d\u0442\u043e \u043e\u0442\u0445\u043e\u0434\u044b, \u043a\u043e\u0442\u043e\u0440\u044b\u0435 \u043d\u0435\u043b\u044c\u0437\u044f \u043f\u043e\u043c\u0435\u0441\u0442\u0438\u0442\u044c \u0432 \u043a\u043e\u043d\u0442\u0435\u0439\u043d\u0435\u0440 \u0434\u043b\u044f \u043e\u0442\u0445\u043e\u0434\u043e\u0432 \u0438\u0437-\u0437\u0430 \u0438\u0445 \u0432\u0435\u0441\u0430 \u0438\u043b\u0438 \u043e\u0431\u044a\u0435\u043c\u0430.<\/p>\n\n\n\n<div style=\"height:15px\" aria-hidden=\"true\" class=\"wp-block-spacer\"><\/div>\n\n\n\n<div class=\"wp-block-columns is-layout-flex wp-container-core-columns-is-layout-65e523f9 wp-block-columns-is-layout-flex\">\n<div class=\"wp-block-column has-base-background-color has-background is-layout-flow wp-block-column-is-layout-flow\" style=\"box-shadow:var(--wp--preset--shadow--vaike-vari-2)\">\n<div class=\"wp-block-group has-global-padding is-layout-constrained wp-container-core-group-is-layout-c66e662b wp-block-group-is-layout-constrained\" style=\"border-radius:3px;padding-top:0;padding-right:var(--wp--preset--spacing--10);padding-bottom:var(--wp--preset--spacing--10);padding-left:var(--wp--preset--spacing--10)\">\n<h3 class=\"wp-block-heading\">\u0421\u044b\u043f\u0443\u0447\u0438\u0435 \u043e\u0442\u0445\u043e\u0434\u044b<\/h3>\n\n\n\n<ul class=\"wp-block-list is-style-checkmark-list\">\n<li>\u041f\u0440\u0435\u0434\u043c\u0435\u0442\u044b \u0438 \u0447\u0430\u0441\u0442\u0438 \u043c\u0435\u0431\u0435\u043b\u0438 (\u043d\u0430\u043f\u0440\u0438\u043c\u0435\u0440: \u0434\u0438\u0432\u0430\u043d, \u0441\u0442\u043e\u043b, \u0448\u043a\u0430\u0444, \u043f\u043e\u043b\u043a\u0430, \u0441\u0442\u0443\u043b \u0438 \u0442.\u0434.);<\/li>\n\n\n\n<li>\u043a\u043e\u0432\u0440\u044b, \u0434\u0440\u0443\u0433\u0438\u0435 \u043d\u0430\u043f\u043e\u043b\u044c\u043d\u044b\u0435 \u043f\u043e\u043a\u0440\u044b\u0442\u0438\u044f;<\/li>\n\n\n\n<li>\u043c\u0430\u0442\u0440\u0430\u0441\u044b;<\/li>\n\n\n\n<li>\u0448\u0442\u043e\u0440\u044b \u0438 \u043a\u0430\u0440\u043d\u0438\u0437\u044b;<\/li>\n\n\n\n<li>\u0431\u043e\u043b\u044c\u0448\u0438\u0435 \u0446\u0432\u0435\u0442\u043e\u0447\u043d\u044b\u0435 \u0433\u043e\u0440\u0448\u043a\u0438;<\/li>\n\n\n\n<li>\u043e\u0434\u0435\u0436\u0434\u0430;<\/li>\n\n\n\n<li>\u0437\u0435\u0440\u043a\u0430\u043b\u0430;<\/li>\n\n\n\n<li>\u0441\u043f\u043e\u0440\u0442\u0438\u0432\u043d\u043e\u0435 \u043e\u0431\u043e\u0440\u0443\u0434\u043e\u0432\u0430\u043d\u0438\u0435;<\/li>\n\n\n\n<li>\u0441\u043b\u043e\u043c\u0430\u043d\u043d\u044b\u0435 \u043b\u044b\u0436\u0438 \u0438 \u0441\u0430\u043d\u043a\u0438;<\/li>\n\n\n\n<li>\u0434\u0435\u0442\u0441\u043a\u0438\u0435 \u043a\u043e\u043b\u044f\u0441\u043a\u0438.<\/li>\n<\/ul>\n<\/div>\n<\/div>\n\n\n\n<div class=\"wp-block-column has-base-background-color has-background is-layout-flow wp-block-column-is-layout-flow\" style=\"box-shadow:var(--wp--preset--shadow--vaike-vari-2)\">\n<div class=\"wp-block-group has-global-padding is-layout-constrained wp-container-core-group-is-layout-c66e662b wp-block-group-is-layout-constrained\" style=\"border-radius:3px;padding-top:0;padding-right:var(--wp--preset--spacing--10);padding-bottom:var(--wp--preset--spacing--10);padding-left:var(--wp--preset--spacing--10)\">\n<h3 class=\"wp-block-heading\">\u0421\u044b\u043f\u0443\u0447\u0438\u0435 \u043e\u0442\u0445\u043e\u0434\u044b \u043d\u0435<\/h3>\n\n\n\n<ul class=\"wp-block-list is-style-checkmark-list\">\n<li>\u0421\u0442\u0440\u043e\u0438\u0442\u0435\u043b\u044c\u043d\u044b\u0435 \u0438 \u0440\u0435\u043c\u043e\u043d\u0442\u043d\u044b\u0435 \u043e\u0442\u0445\u043e\u0434\u044b (\u043d\u0430\u043f\u0440\u0438\u043c\u0435\u0440, \u0443\u043d\u0438\u0442\u0430\u0437, \u0440\u0430\u043a\u043e\u0432\u0438\u043d\u0430, \u043e\u043a\u043d\u0430, \u0434\u0432\u0435\u0440\u0438 \u0438 \u0442.\u0434.);<\/li>\n\n\n\n<li>\u043e\u043f\u0430\u0441\u043d\u044b\u0435 \u043e\u0442\u0445\u043e\u0434\u044b (\u043d\u0430\u043f\u0440\u0438\u043c\u0435\u0440, \u043f\u0443\u0441\u0442\u044b\u0435 \u0431\u0430\u043d\u043a\u0438 \u0438\u0437-\u043f\u043e\u0434 \u043a\u0440\u0430\u0441\u043a\u0438, \u0441\u043c\u043e\u043b\u0430);<\/li>\n\n\n\n<li>\u043f\u0440\u043e\u0431\u043b\u0435\u043c\u043d\u044b\u0435 \u043f\u0440\u043e\u0434\u0443\u043a\u0442\u044b (\u043d\u0430\u043f\u0440\u0438\u043c\u0435\u0440: \u0437\u0430\u043f\u0430\u0441\u043d\u044b\u0435 \u0447\u0430\u0441\u0442\u0438 \u0434\u043b\u044f \u043e\u0442\u0441\u043b\u0443\u0436\u0438\u0432\u0448\u0438\u0445 \u0441\u0432\u043e\u0439 \u0441\u0440\u043e\u043a \u0430\u0432\u0442\u043e\u043c\u043e\u0431\u0438\u043b\u0435\u0439, \u0448\u0438\u043d\u044b);<\/li>\n\n\n\n<li>\u043c\u0435\u0442\u0430\u043b\u043b\u043e\u043b\u043e\u043c;<\/li>\n\n\n\n<li>\u044d\u043b\u0435\u043a\u0442\u0440\u0438\u0447\u0435\u0441\u043a\u043e\u0435 \u0438 \u044d\u043b\u0435\u043a\u0442\u0440\u043e\u043d\u043d\u043e\u0435 \u043e\u0431\u043e\u0440\u0443\u0434\u043e\u0432\u0430\u043d\u0438\u0435 (\u043d\u0430\u043f\u0440\u0438\u043c\u0435\u0440, \u0441\u0442\u0438\u0440\u0430\u043b\u044c\u043d\u0430\u044f \u043c\u0430\u0448\u0438\u043d\u0430, \u0442\u0435\u043b\u0435\u0432\u0438\u0437\u043e\u0440, \u0445\u043e\u043b\u043e\u0434\u0438\u043b\u044c\u043d\u0438\u043a, \u043f\u043b\u0438\u0442\u0430);<\/li>\n\n\n\n<li>\u0434\u0440\u0443\u0433\u0438\u0435 \u043e\u0442\u0445\u043e\u0434\u044b, \u043d\u0430 \u043a\u043e\u0442\u043e\u0440\u044b\u0435 \u0440\u0430\u0441\u043f\u0440\u043e\u0441\u0442\u0440\u0430\u043d\u044f\u0435\u0442\u0441\u044f \u043e\u0442\u0432\u0435\u0442\u0441\u0442\u0432\u0435\u043d\u043d\u043e\u0441\u0442\u044c \u043f\u0440\u043e\u0438\u0437\u0432\u043e\u0434\u0438\u0442\u0435\u043b\u044f.<\/li>\n<\/ul>\n<\/div>\n<\/div>\n<\/div>\n\n\n\n<div style=\"height:15px\" aria-hidden=\"true\" class=\"wp-block-spacer\"><\/div>\n\n\n\n<h3 class=\"wp-block-heading\">\u0418\u043d\u0444\u043e\u0440\u043c\u0430\u0446\u0438\u044f \u0434\u043b\u044f \u043f\u0435\u0440\u0435\u0434\u0430\u0447\u0438 \u043a\u0440\u0443\u043f\u043d\u043e\u0433\u0430\u0431\u0430\u0440\u0438\u0442\u043d\u044b\u0445 \u043e\u0442\u0445\u043e\u0434\u043e\u0432<\/h3>\n\n\n\n<ul class=\"wp-block-list\">\n<li>\u0421\u044b\u043f\u0443\u0447\u0438\u0435 \u043e\u0442\u0445\u043e\u0434\u044b \u0432\u0445\u043e\u0434\u044f\u0442 \u0432 \u043e\u0440\u0433\u0430\u043d\u0438\u0437\u043e\u0432\u0430\u043d\u043d\u0443\u044e \u0441\u0438\u0441\u0442\u0435\u043c\u0443 \u0442\u0440\u0430\u043d\u0441\u043f\u043e\u0440\u0442\u0438\u0440\u043e\u0432\u043a\u0438 \u043e\u0442\u0445\u043e\u0434\u043e\u0432, \u0430 \u044d\u0442\u043e \u0437\u043d\u0430\u0447\u0438\u0442, \u0447\u0442\u043e O\u00dc EKOVIR \u043f\u0435\u0440\u0435\u0432\u043e\u0437\u0438\u0442 \u0441\u044b\u043f\u0443\u0447\u0438\u0435 \u043e\u0442\u0445\u043e\u0434\u044b \u0432 \u041a\u043e\u0445\u0442\u043b\u0430-\u042f\u0440\u0432\u0435.<\/li>\n\n\n\n<li>\u0426\u0435\u043d\u0430 \u043d\u0430 \u043a\u0440\u0443\u043f\u043d\u043e\u0433\u0430\u0431\u0430\u0440\u0438\u0442\u043d\u044b\u0435 \u043e\u0442\u0445\u043e\u0434\u044b \u0441\u043e\u0441\u0442\u0430\u0432\u043b\u044f\u0435\u0442 0,01 \u0435\u0432\u0440\u043e \u0437\u0430 1 \u043c\u00b3. .<\/li>\n\n\n\n<li>\u0414\u043b\u044f \u0432\u044b\u0432\u043e\u0437\u0430 \u043a\u0440\u0443\u043f\u043d\u043e\u0433\u0430\u0431\u0430\u0440\u0438\u0442\u043d\u043e\u0433\u043e \u043c\u0443\u0441\u043e\u0440\u0430 \u043d\u0435\u043e\u0431\u0445\u043e\u0434\u0438\u043c\u043e \u043f\u043e\u0434\u0430\u0442\u044c \u0437\u0430\u044f\u0432\u043a\u0443 \u0432 O\u00dc EKOVIR (<a href=\"http:\/\/www.ekovir.ee\/\" target=\"_blank\" rel=\"noreferrer noopener\">www.ekovir.ee<\/a>, <a href=\"mailto:ekovir@ekovir.ee\">ekovir@ekovir.ee<\/a>, \u0442\u0435\u043b <a href=\"tel:3366726\">33 66 726<\/a>)<\/li>\n\n\n\n<li>\u041a\u0440\u0443\u043f\u043d\u043e\u0433\u0430\u0431\u0430\u0440\u0438\u0442\u043d\u044b\u0435 \u043e\u0442\u0445\u043e\u0434\u044b \u0434\u043e\u043b\u0436\u043d\u044b \u0440\u0430\u0437\u043c\u0435\u0449\u0430\u0442\u044c\u0441\u044f \u0432 \u043d\u0435\u043f\u043e\u0441\u0440\u0435\u0434\u0441\u0442\u0432\u0435\u043d\u043d\u043e\u0439 \u0431\u043b\u0438\u0437\u043e\u0441\u0442\u0438 \u043e\u0442 \u043a\u043e\u043d\u0442\u0435\u0439\u043d\u0435\u0440\u0430 \u0434\u043b\u044f \u0431\u044b\u0442\u043e\u0432\u044b\u0445 \u043e\u0442\u0445\u043e\u0434\u043e\u0432 \u0438\u043b\u0438 \u043d\u0430 \u0433\u0440\u0430\u043d\u0438\u0446\u0435 \u0442\u0435\u0440\u0440\u0438\u0442\u043e\u0440\u0438\u0438 \u0438\u043d\u0434\u0438\u0432\u0438\u0434\u0443\u0430\u043b\u044c\u043d\u043e\u0433\u043e \u0436\u0438\u043b\u043e\u0433\u043e \u0434\u043e\u043c\u0430.<\/li>\n\n\n\n<li>O\u00dc EKOVIR \u0432\u044b\u0432\u0435\u0437\u0435\u0442 \u043a\u0440\u0443\u043f\u043d\u043e\u0433\u0430\u0431\u0430\u0440\u0438\u0442\u043d\u044b\u0439 \u043c\u0443\u0441\u043e\u0440 \u043d\u0435 \u043f\u043e\u0437\u0434\u043d\u0435\u0435 \u0447\u0435\u043c \u0447\u0435\u0440\u0435\u0437 3 \u043a\u0430\u043b\u0435\u043d\u0434\u0430\u0440\u043d\u044b\u0445 \u0434\u043d\u044f \u0441 \u043c\u043e\u043c\u0435\u043d\u0442\u0430 \u0437\u0430\u043a\u0430\u0437\u0430.<\/li>\n<\/ul>","protected":false},"excerpt":{"rendered":"<p>Ehitusj\u00e4\u00e4tmed Ehitusj\u00e4\u00e4tmed on j\u00e4\u00e4tmed, mis tekivad ehitamisel, remontimisel v\u00f5i lammutamisel. Ehitusj\u00e4\u00e4tmed ei ole suurj\u00e4\u00e4tmed. Kohtla-J\u00e4rve linnas tuleb ehitusj\u00e4\u00e4tmete k\u00e4itlemise k\u00fcsimused lahendada juba ehitise projekteerimise etapis. Kui ehitamise k\u00e4igus tekib ehitusj\u00e4\u00e4tmeid [&hellip;]<\/p>\n","protected":false},"author":1,"featured_media":0,"parent":1607,"menu_order":5,"comment_status":"closed","ping_status":"closed","template":"","meta":{"_EventAllDay":false,"_EventTimezone":"","_EventStartDate":"","_EventEndDate":"","_EventStartDateUTC":"","_EventEndDateUTC":"","_EventShowMap":false,"_EventShowMapLink":false,"_EventURL":"","_EventCost":"","_EventCostDescription":"","_EventCurrencySymbol":"","_EventCurrencyCode":"","_EventCurrencyPosition":"","_EventDateTimeSeparator":"","_EventTimeRangeSeparator":"","_EventOrganizerID":[],"_EventVenueID":[],"_OrganizerEmail":"","_OrganizerPhone":"","_OrganizerWebsite":"","_VenueAddress":"","_VenueCity":"","_VenueCountry":"","_VenueProvince":"","_VenueState":"","_VenueZip":"","_VenuePhone":"","_VenueURL":"","_VenueStateProvince":"","_VenueLat":"","_VenueLng":"","_VenueShowMap":false,"_VenueShowMapLink":false,"footnotes":""},"class_list":["post-1752","page","type-page","status-publish","hentry"],"_links":{"self":[{"href":"https:\/\/kohtla-jarve.ee\/ru\/wp-json\/wp\/v2\/pages\/1752","targetHints":{"allow":["GET"]}}],"collection":[{"href":"https:\/\/kohtla-jarve.ee\/ru\/wp-json\/wp\/v2\/pages"}],"about":[{"href":"https:\/\/kohtla-jarve.ee\/ru\/wp-json\/wp\/v2\/types\/page"}],"author":[{"embeddable":true,"href":"https:\/\/kohtla-jarve.ee\/ru\/wp-json\/wp\/v2\/users\/1"}],"replies":[{"embeddable":true,"href":"https:\/\/kohtla-jarve.ee\/ru\/wp-json\/wp\/v2\/comments?post=1752"}],"version-history":[{"count":1,"href":"https:\/\/kohtla-jarve.ee\/ru\/wp-json\/wp\/v2\/pages\/1752\/revisions"}],"predecessor-version":[{"id":1757,"href":"https:\/\/kohtla-jarve.ee\/ru\/wp-json\/wp\/v2\/pages\/1752\/revisions\/1757"}],"up":[{"embeddable":true,"href":"https:\/\/kohtla-jarve.ee\/ru\/wp-json\/wp\/v2\/pages\/1607"}],"wp:attachment":[{"href":"https:\/\/kohtla-jarve.ee\/ru\/wp-json\/wp\/v2\/media?parent=1752"}],"curies":[{"name":"wp","href":"https:\/\/api.w.org\/{rel}","templated":true}]}}