{"id":1719,"date":"2025-09-25T15:40:39","date_gmt":"2025-09-25T12:40:39","guid":{"rendered":"https:\/\/kohtla-jarve.ee\/?page_id=1719"},"modified":"2025-09-25T15:40:40","modified_gmt":"2025-09-25T12:40:40","slug":"uhendused","status":"publish","type":"page","link":"https:\/\/kohtla-jarve.ee\/ru\/juhtimine-ja-majandus\/majandus\/ettevotjale\/uhendused\/","title":{"rendered":"\u0421\u043e\u0435\u0434\u0438\u043d\u0435\u043d\u0438\u044f"},"content":{"rendered":"<div class=\"wp-block-group is-layout-grid wp-container-core-group-is-layout-2931688a wp-block-group-is-layout-grid\">\n<div class=\"wp-block-group has-global-padding is-layout-constrained wp-container-core-group-is-layout-9597dc02 wp-block-group-is-layout-constrained\" style=\"border-radius:3px;padding-top:var(--wp--preset--spacing--10);padding-right:var(--wp--preset--spacing--10);padding-bottom:var(--wp--preset--spacing--10);padding-left:var(--wp--preset--spacing--10);box-shadow:var(--wp--preset--shadow--vaike-vari-1)\">\n<h2 class=\"wp-block-heading\" style=\"padding-top:0;padding-bottom:0;font-size:clamp(1.039rem, 1.039rem + ((1vw - 0.2rem) * 0.916), 1.6rem);\">\u0420\u0443\u0441\u0441\u043a\u0430\u044f \u043a\u0443\u043b\u044c\u0442\u0443\u0440\u043d\u0430\u044f \u0430\u0441\u0441\u043e\u0446\u0438\u0430\u0446\u0438\u044f \u0433\u043e\u0440\u043e\u0434\u0430 \u041a\u043e\u0445\u0442\u043b\u0430-\u042f\u0440\u0432\u0435<\/h2>\n\n\n\n<p><span class=\"wp-rich-text-font-awesome-icon wp-font-awesome-icon\"><svg aria-hidden=\"true\" focusable=\"false\" data-prefix=\"fas\" data-icon=\"location-dot\" class=\"svg-inline--fa fa-location-dot\" role=\"img\" xmlns=\"http:\/\/www.w3.org\/2000\/svg\" viewbox=\"0 0 384 512\"><path fill=\"currentColor\" d=\"M215.7 499.2C267 435 384 279.4 384 192C384 86 298 0 192 0S0 86 0 192c0 87.4 117 243 168.3 307.2c12.3 15.3 35.1 15.3 47.4 0zM192 128a64 64 0 1 1 0 128 64 64 0 1 1 0-128z\"><\/path><\/svg><\/span>\u041f\u044f\u0440\u043d\u0430 49, \u041a\u043e\u0445\u0442\u043b\u0430-\u042f\u0440\u0432\u0435<br><span class=\"wp-rich-text-font-awesome-icon wp-font-awesome-icon\"><svg aria-hidden=\"true\" focusable=\"false\" data-prefix=\"fas\" data-icon=\"phone\" class=\"svg-inline--fa fa-phone\" role=\"img\" xmlns=\"http:\/\/www.w3.org\/2000\/svg\" viewbox=\"0 0 512 512\"><path fill=\"currentColor\" d=\"M164.9 24.6c-7.7-18.6-28-28.5-47.4-23.2l-88 24C12.1 30.2 0 46 0 64C0 311.4 200.6 512 448 512c18 0 33.8-12.1 38.6-29.5l24-88c5.3-19.4-4.6-39.7-23.2-47.4l-96-40c-16.3-6.8-35.2-2.1-46.3 11.6L304.7 368C234.3 334.7 177.3 277.7 144 207.3L193.3 167c13.7-11.2 18.4-30 11.6-46.3l-40-96z\"><\/path><\/svg><\/span>\u0422\u0435\u043b: 5690 9942<\/p>\n<\/div>\n\n\n\n<div class=\"wp-block-group has-global-padding is-layout-constrained wp-container-core-group-is-layout-9597dc02 wp-block-group-is-layout-constrained\" style=\"border-radius:3px;padding-top:var(--wp--preset--spacing--10);padding-right:var(--wp--preset--spacing--10);padding-bottom:var(--wp--preset--spacing--10);padding-left:var(--wp--preset--spacing--10);box-shadow:var(--wp--preset--shadow--vaike-vari-1)\">\n<h2 class=\"wp-block-heading\" style=\"padding-top:0;padding-bottom:0;font-size:clamp(1.039rem, 1.039rem + ((1vw - 0.2rem) * 0.916), 1.6rem);\">\u0410\u0441\u0441\u043e\u0446\u0438\u0430\u0446\u0438\u044f \u043f\u0435\u043d\u0441\u0438\u043e\u043d\u0435\u0440\u043e\u0432 \u0433\u043e\u0440\u043e\u0434\u0430 \u041a\u043e\u0445\u0442\u043b\u0430-\u042f\u0440\u0432\u0435\u00a0<\/h2>\n\n\n\n<p><span class=\"wp-rich-text-font-awesome-icon wp-font-awesome-icon\"><svg aria-hidden=\"true\" focusable=\"false\" data-prefix=\"fas\" data-icon=\"registered\" class=\"svg-inline--fa fa-registered\" role=\"img\" xmlns=\"http:\/\/www.w3.org\/2000\/svg\" viewbox=\"0 0 512 512\"><path fill=\"currentColor\" d=\"M256 512A256 256 0 1 0 256 0a256 256 0 1 0 0 512zM160 152c0-13.3 10.7-24 24-24l88 0c44.2 0 80 35.8 80 80c0 28-14.4 52.7-36.3 67l34.1 75.1c5.5 12.1 .1 26.3-11.9 31.8s-26.3 .1-31.8-11.9L268.9 288 208 288l0 72c0 13.3-10.7 24-24 24s-24-10.7-24-24l0-96 0-112zm48 88l64 0c17.7 0 32-14.3 32-32s-14.3-32-32-32l-64 0 0 64z\"><\/path><\/svg><\/span>Reg: 80045650<br><span class=\"wp-rich-text-font-awesome-icon wp-font-awesome-icon\"><svg aria-hidden=\"true\" focusable=\"false\" data-prefix=\"fas\" data-icon=\"location-dot\" class=\"svg-inline--fa fa-location-dot\" role=\"img\" xmlns=\"http:\/\/www.w3.org\/2000\/svg\" viewbox=\"0 0 384 512\"><path fill=\"currentColor\" d=\"M215.7 499.2C267 435 384 279.4 384 192C384 86 298 0 192 0S0 86 0 192c0 87.4 117 243 168.3 307.2c12.3 15.3 35.1 15.3 47.4 0zM192 128a64 64 0 1 1 0 128 64 64 0 1 1 0-128z\"><\/path><\/svg><\/span>\u041a\u0435\u0441\u043a\u0430\u043b\u043b\u0435 17, \u041a\u043e\u0445\u0442\u043b\u0430-\u042f\u0440\u0432\u0435<br><span class=\"wp-rich-text-font-awesome-icon wp-font-awesome-icon\"><svg aria-hidden=\"true\" focusable=\"false\" data-prefix=\"fas\" data-icon=\"phone\" class=\"svg-inline--fa fa-phone\" role=\"img\" xmlns=\"http:\/\/www.w3.org\/2000\/svg\" viewbox=\"0 0 512 512\"><path fill=\"currentColor\" d=\"M164.9 24.6c-7.7-18.6-28-28.5-47.4-23.2l-88 24C12.1 30.2 0 46 0 64C0 311.4 200.6 512 448 512c18 0 33.8-12.1 38.6-29.5l24-88c5.3-19.4-4.6-39.7-23.2-47.4l-96-40c-16.3-6.8-35.2-2.1-46.3 11.6L304.7 368C234.3 334.7 177.3 277.7 144 207.3L193.3 167c13.7-11.2 18.4-30 11.6-46.3l-40-96z\"><\/path><\/svg><\/span>\u0422\u0435\u043b: 332 4084<\/p>\n<\/div>\n\n\n\n<div class=\"wp-block-group has-global-padding is-layout-constrained wp-container-core-group-is-layout-9597dc02 wp-block-group-is-layout-constrained\" style=\"border-radius:3px;padding-top:var(--wp--preset--spacing--10);padding-right:var(--wp--preset--spacing--10);padding-bottom:var(--wp--preset--spacing--10);padding-left:var(--wp--preset--spacing--10);box-shadow:var(--wp--preset--shadow--vaike-vari-1)\">\n<h2 class=\"wp-block-heading\" style=\"padding-top:0;padding-bottom:0;font-size:clamp(1.039rem, 1.039rem + ((1vw - 0.2rem) * 0.916), 1.6rem);\">\u0410\u0441\u0441\u043e\u0446\u0438\u0430\u0446\u0438\u044f \u0433\u043b\u0443\u0445\u0438\u0445 \u043b\u044e\u0434\u0435\u0439 \u0418\u0434\u0430-\u0412\u0438\u0440\u0443\u043c\u0430\u0430<\/h2>\n\n\n\n<p><span class=\"wp-rich-text-font-awesome-icon wp-font-awesome-icon\"><svg aria-hidden=\"true\" focusable=\"false\" data-prefix=\"fas\" data-icon=\"location-dot\" class=\"svg-inline--fa fa-location-dot\" role=\"img\" xmlns=\"http:\/\/www.w3.org\/2000\/svg\" viewbox=\"0 0 384 512\"><path fill=\"currentColor\" d=\"M215.7 499.2C267 435 384 279.4 384 192C384 86 298 0 192 0S0 86 0 192c0 87.4 117 243 168.3 307.2c12.3 15.3 35.1 15.3 47.4 0zM192 128a64 64 0 1 1 0 128 64 64 0 1 1 0-128z\"><\/path><\/svg><\/span>\u041a\u0435\u0441\u043a\u0430\u043b\u043b\u0435 17-1, \u041a\u043e\u0445\u0442\u043b\u0430-\u042f\u0440\u0432\u0435, \u0424\u0438\u043d\u043b\u044f\u043d\u0434\u0438\u044f<br><span class=\"wp-rich-text-font-awesome-icon wp-font-awesome-icon\"><svg aria-hidden=\"true\" focusable=\"false\" data-prefix=\"fas\" data-icon=\"phone\" class=\"svg-inline--fa fa-phone\" role=\"img\" xmlns=\"http:\/\/www.w3.org\/2000\/svg\" viewbox=\"0 0 512 512\"><path fill=\"currentColor\" d=\"M164.9 24.6c-7.7-18.6-28-28.5-47.4-23.2l-88 24C12.1 30.2 0 46 0 64C0 311.4 200.6 512 448 512c18 0 33.8-12.1 38.6-29.5l24-88c5.3-19.4-4.6-39.7-23.2-47.4l-96-40c-16.3-6.8-35.2-2.1-46.3 11.6L304.7 368C234.3 334.7 177.3 277.7 144 207.3L193.3 167c13.7-11.2 18.4-30 11.6-46.3l-40-96z\"><\/path><\/svg><\/span>\u0422\u0435\u043b: 5802 8318<\/p>\n<\/div>\n\n\n\n<div class=\"wp-block-group has-global-padding is-layout-constrained wp-container-core-group-is-layout-9597dc02 wp-block-group-is-layout-constrained\" style=\"border-radius:3px;padding-top:var(--wp--preset--spacing--10);padding-right:var(--wp--preset--spacing--10);padding-bottom:var(--wp--preset--spacing--10);padding-left:var(--wp--preset--spacing--10);box-shadow:var(--wp--preset--shadow--vaike-vari-1)\">\n<h2 class=\"wp-block-heading\" style=\"padding-top:0;padding-bottom:0;font-size:clamp(1.039rem, 1.039rem + ((1vw - 0.2rem) * 0.916), 1.6rem);\">\u0418\u0434\u0430-\u0412\u0438\u0440\u0443\u043c\u0430\u0430 \u0410\u0441\u0441\u043e\u0446\u0438\u0430\u0446\u0438\u044f \u043b\u044e\u0434\u0435\u0439 \u0441 \u043e\u0433\u0440\u0430\u043d\u0438\u0447\u0435\u043d\u043d\u044b\u043c\u0438 \u0444\u0438\u0437\u0438\u0447\u0435\u0441\u043a\u0438\u043c\u0438 \u0432\u043e\u0437\u043c\u043e\u0436\u043d\u043e\u0441\u0442\u044f\u043c\u0438<\/h2>\n\n\n\n<p><span class=\"wp-rich-text-font-awesome-icon wp-font-awesome-icon\"><svg aria-hidden=\"true\" focusable=\"false\" data-prefix=\"fas\" data-icon=\"location-dot\" class=\"svg-inline--fa fa-location-dot\" role=\"img\" xmlns=\"http:\/\/www.w3.org\/2000\/svg\" viewbox=\"0 0 384 512\"><path fill=\"currentColor\" d=\"M215.7 499.2C267 435 384 279.4 384 192C384 86 298 0 192 0S0 86 0 192c0 87.4 117 243 168.3 307.2c12.3 15.3 35.1 15.3 47.4 0zM192 128a64 64 0 1 1 0 128 64 64 0 1 1 0-128z\"><\/path><\/svg><\/span>\u042d\u0441\u0442\u043e\u043d\u0438\u044f \u043f\u0441\u0442 13-17, \u041a\u043e\u0445\u0442\u043b\u0430-\u042f\u0440\u0432\u0435, \u0424\u0438\u043d\u043b\u044f\u043d\u0434\u0438\u044f<br><span class=\"wp-rich-text-font-awesome-icon wp-font-awesome-icon\"><svg aria-hidden=\"true\" focusable=\"false\" data-prefix=\"fas\" data-icon=\"phone\" class=\"svg-inline--fa fa-phone\" role=\"img\" xmlns=\"http:\/\/www.w3.org\/2000\/svg\" viewbox=\"0 0 512 512\"><path fill=\"currentColor\" d=\"M164.9 24.6c-7.7-18.6-28-28.5-47.4-23.2l-88 24C12.1 30.2 0 46 0 64C0 311.4 200.6 512 448 512c18 0 33.8-12.1 38.6-29.5l24-88c5.3-19.4-4.6-39.7-23.2-47.4l-96-40c-16.3-6.8-35.2-2.1-46.3 11.6L304.7 368C234.3 334.7 177.3 277.7 144 207.3L193.3 167c13.7-11.2 18.4-30 11.6-46.3l-40-96z\"><\/path><\/svg><\/span>\u0422\u0435\u043b: 5354 0671<\/p>\n<\/div>\n\n\n\n<div class=\"wp-block-group has-global-padding is-layout-constrained wp-container-core-group-is-layout-9597dc02 wp-block-group-is-layout-constrained\" style=\"border-radius:3px;padding-top:var(--wp--preset--spacing--10);padding-right:var(--wp--preset--spacing--10);padding-bottom:var(--wp--preset--spacing--10);padding-left:var(--wp--preset--spacing--10);box-shadow:var(--wp--preset--shadow--vaike-vari-1)\">\n<h2 class=\"wp-block-heading\" style=\"padding-top:0;padding-bottom:0;font-size:clamp(1.039rem, 1.039rem + ((1vw - 0.2rem) * 0.916), 1.6rem);\">\u0410\u0441\u0441\u043e\u0446\u0438\u0430\u0446\u0438\u044f \u0431\u044b\u0432\u0448\u0438\u0445 \u043f\u043e\u043b\u0438\u0442\u0438\u0447\u0435\u0441\u043a\u0438\u0445 \u0437\u0430\u043a\u043b\u044e\u0447\u0435\u043d\u043d\u044b\u0445 \u0418\u0434\u0430-\u0412\u0438\u0440\u0443\u043c\u0430\u0430<\/h2>\n\n\n\n<p><span class=\"wp-rich-text-font-awesome-icon wp-font-awesome-icon\"><svg aria-hidden=\"true\" focusable=\"false\" data-prefix=\"fas\" data-icon=\"location-dot\" class=\"svg-inline--fa fa-location-dot\" role=\"img\" xmlns=\"http:\/\/www.w3.org\/2000\/svg\" viewbox=\"0 0 384 512\"><path fill=\"currentColor\" d=\"M215.7 499.2C267 435 384 279.4 384 192C384 86 298 0 192 0S0 86 0 192c0 87.4 117 243 168.3 307.2c12.3 15.3 35.1 15.3 47.4 0zM192 128a64 64 0 1 1 0 128 64 64 0 1 1 0-128z\"><\/path><\/svg><\/span>\u042d\u0441\u0442\u043e\u043d\u0438\u044f \u043f\u0441\u0442 16-7, \u041a\u043e\u0445\u0442\u043b\u0430-\u042f\u0440\u0432\u0435, \u0424\u0438\u043d\u043b\u044f\u043d\u0434\u0438\u044f<br><span class=\"wp-rich-text-font-awesome-icon wp-font-awesome-icon\"><svg aria-hidden=\"true\" focusable=\"false\" data-prefix=\"fas\" data-icon=\"phone\" class=\"svg-inline--fa fa-phone\" role=\"img\" xmlns=\"http:\/\/www.w3.org\/2000\/svg\" viewbox=\"0 0 512 512\"><path fill=\"currentColor\" d=\"M164.9 24.6c-7.7-18.6-28-28.5-47.4-23.2l-88 24C12.1 30.2 0 46 0 64C0 311.4 200.6 512 448 512c18 0 33.8-12.1 38.6-29.5l24-88c5.3-19.4-4.6-39.7-23.2-47.4l-96-40c-16.3-6.8-35.2-2.1-46.3 11.6L304.7 368C234.3 334.7 177.3 277.7 144 207.3L193.3 167c13.7-11.2 18.4-30 11.6-46.3l-40-96z\"><\/path><\/svg><\/span>\u0422\u0435\u043b: 336 8534<\/p>\n<\/div>\n\n\n\n<div class=\"wp-block-group has-global-padding is-layout-constrained wp-container-core-group-is-layout-9597dc02 wp-block-group-is-layout-constrained\" style=\"border-radius:3px;padding-top:var(--wp--preset--spacing--10);padding-right:var(--wp--preset--spacing--10);padding-bottom:var(--wp--preset--spacing--10);padding-left:var(--wp--preset--spacing--10);box-shadow:var(--wp--preset--shadow--vaike-vari-1)\">\n<h2 class=\"wp-block-heading\" style=\"padding-top:0;padding-bottom:0;font-size:clamp(1.039rem, 1.039rem + ((1vw - 0.2rem) * 0.916), 1.6rem);\">\u042d\u0441\u0442\u043e\u043d\u0441\u043a\u0430\u044f \u0430\u0441\u0441\u043e\u0446\u0438\u0430\u0446\u0438\u044f \u0440\u0430\u0441\u0441\u0435\u044f\u043d\u043d\u043e\u0433\u043e \u0441\u043a\u043b\u0435\u0440\u043e\u0437\u0430<\/h2>\n\n\n\n<p><span class=\"wp-rich-text-font-awesome-icon wp-font-awesome-icon\"><svg aria-hidden=\"true\" focusable=\"false\" data-prefix=\"fas\" data-icon=\"registered\" class=\"svg-inline--fa fa-registered\" role=\"img\" xmlns=\"http:\/\/www.w3.org\/2000\/svg\" viewbox=\"0 0 512 512\"><path fill=\"currentColor\" d=\"M256 512A256 256 0 1 0 256 0a256 256 0 1 0 0 512zM160 152c0-13.3 10.7-24 24-24l88 0c44.2 0 80 35.8 80 80c0 28-14.4 52.7-36.3 67l34.1 75.1c5.5 12.1 .1 26.3-11.9 31.8s-26.3 .1-31.8-11.9L268.9 288 208 288l0 72c0 13.3-10.7 24-24 24s-24-10.7-24-24l0-96 0-112zm48 88l64 0c17.7 0 32-14.3 32-32s-14.3-32-32-32l-64 0 0 64z\"><\/path><\/svg><\/span>Reg: 80084181<br><span class=\"wp-rich-text-font-awesome-icon wp-font-awesome-icon\"><svg aria-hidden=\"true\" focusable=\"false\" data-prefix=\"fas\" data-icon=\"location-dot\" class=\"svg-inline--fa fa-location-dot\" role=\"img\" xmlns=\"http:\/\/www.w3.org\/2000\/svg\" viewbox=\"0 0 384 512\"><path fill=\"currentColor\" d=\"M215.7 499.2C267 435 384 279.4 384 192C384 86 298 0 192 0S0 86 0 192c0 87.4 117 243 168.3 307.2c12.3 15.3 35.1 15.3 47.4 0zM192 128a64 64 0 1 1 0 128 64 64 0 1 1 0-128z\"><\/path><\/svg><\/span>\u041a\u043e\u0445\u0442\u043b\u0430-\u042f\u0440\u0432\u0435<br><span class=\"wp-rich-text-font-awesome-icon wp-font-awesome-icon\"><svg aria-hidden=\"true\" focusable=\"false\" data-prefix=\"fas\" data-icon=\"phone\" class=\"svg-inline--fa fa-phone\" role=\"img\" xmlns=\"http:\/\/www.w3.org\/2000\/svg\" viewbox=\"0 0 512 512\"><path fill=\"currentColor\" d=\"M164.9 24.6c-7.7-18.6-28-28.5-47.4-23.2l-88 24C12.1 30.2 0 46 0 64C0 311.4 200.6 512 448 512c18 0 33.8-12.1 38.6-29.5l24-88c5.3-19.4-4.6-39.7-23.2-47.4l-96-40c-16.3-6.8-35.2-2.1-46.3 11.6L304.7 368C234.3 334.7 177.3 277.7 144 207.3L193.3 167c13.7-11.2 18.4-30 11.6-46.3l-40-96z\"><\/path><\/svg><\/span>\u0422\u0435\u043b: 650 7397<\/p>\n<\/div>\n<\/div>","protected":false},"excerpt":{"rendered":"<p>Kohtla-J\u00e4rve linna Vene Kultuuri\u00fching P\u00e4rna 49, Kohtla-J\u00e4rveTel: 5690 9942 Kohtla-J\u00e4rve linna Pension\u00e4ride \u00dchendus\u00a0 Reg: 80045650Keskallee 17, Kohtla-J\u00e4rveTel: 332 4084 Ida-Virumaa Vaegkuuljate \u00dching Keskallee 17-1, Kohtla-J\u00e4rveTel: 5802 8318 Ida-Virumaa Kutsehaigete \u00dching [&hellip;]<\/p>\n","protected":false},"author":1,"featured_media":0,"parent":1698,"menu_order":1,"comment_status":"closed","ping_status":"closed","template":"","meta":{"_EventAllDay":false,"_EventTimezone":"","_EventStartDate":"","_EventEndDate":"","_EventStartDateUTC":"","_EventEndDateUTC":"","_EventShowMap":false,"_EventShowMapLink":false,"_EventURL":"","_EventCost":"","_EventCostDescription":"","_EventCurrencySymbol":"","_EventCurrencyCode":"","_EventCurrencyPosition":"","_EventDateTimeSeparator":"","_EventTimeRangeSeparator":"","_EventOrganizerID":[],"_EventVenueID":[],"_OrganizerEmail":"","_OrganizerPhone":"","_OrganizerWebsite":"","_VenueAddress":"","_VenueCity":"","_VenueCountry":"","_VenueProvince":"","_VenueState":"","_VenueZip":"","_VenuePhone":"","_VenueURL":"","_VenueStateProvince":"","_VenueLat":"","_VenueLng":"","_VenueShowMap":false,"_VenueShowMapLink":false,"footnotes":""},"class_list":["post-1719","page","type-page","status-publish","hentry"],"_links":{"self":[{"href":"https:\/\/kohtla-jarve.ee\/ru\/wp-json\/wp\/v2\/pages\/1719","targetHints":{"allow":["GET"]}}],"collection":[{"href":"https:\/\/kohtla-jarve.ee\/ru\/wp-json\/wp\/v2\/pages"}],"about":[{"href":"https:\/\/kohtla-jarve.ee\/ru\/wp-json\/wp\/v2\/types\/page"}],"author":[{"embeddable":true,"href":"https:\/\/kohtla-jarve.ee\/ru\/wp-json\/wp\/v2\/users\/1"}],"replies":[{"embeddable":true,"href":"https:\/\/kohtla-jarve.ee\/ru\/wp-json\/wp\/v2\/comments?post=1719"}],"version-history":[{"count":1,"href":"https:\/\/kohtla-jarve.ee\/ru\/wp-json\/wp\/v2\/pages\/1719\/revisions"}],"predecessor-version":[{"id":1723,"href":"https:\/\/kohtla-jarve.ee\/ru\/wp-json\/wp\/v2\/pages\/1719\/revisions\/1723"}],"up":[{"embeddable":true,"href":"https:\/\/kohtla-jarve.ee\/ru\/wp-json\/wp\/v2\/pages\/1698"}],"wp:attachment":[{"href":"https:\/\/kohtla-jarve.ee\/ru\/wp-json\/wp\/v2\/media?parent=1719"}],"curies":[{"name":"wp","href":"https:\/\/api.w.org\/{rel}","templated":true}]}}