{"id":1688,"date":"2025-09-25T15:29:03","date_gmt":"2025-09-25T12:29:03","guid":{"rendered":"https:\/\/kohtla-jarve.ee\/?page_id=1688"},"modified":"2026-01-27T14:21:00","modified_gmt":"2026-01-27T12:21:00","slug":"jaatmejaamad","status":"publish","type":"page","link":"https:\/\/kohtla-jarve.ee\/ru\/keskkond-ehitus-ja-haldus\/keskkond-ja-jaatmed\/jaatmete-sorteerimine-ja-liigiti-kogumine\/jaatmejaamad\/","title":{"rendered":"\u0417\u0430\u0432\u043e\u0434\u044b \u043f\u043e \u0443\u0442\u0438\u043b\u0438\u0437\u0430\u0446\u0438\u0438 \u043e\u0442\u0445\u043e\u0434\u043e\u0432"},"content":{"rendered":"<div class=\"wp-block-columns is-layout-flex wp-container-core-columns-is-layout-7fc3d43a wp-block-columns-is-layout-flex\">\n<div class=\"wp-block-column is-layout-flow wp-block-column-is-layout-flow\" style=\"flex-basis:66.66%\">\n<p>\u0412 \u042f\u0440\u0432\u0435\u0441\u043a\u043e\u043c \u0438 \u0410\u0445\u0442\u043c\u0435\u0441\u043a\u043e\u043c \u0440\u0430\u0439\u043e\u043d\u0430\u0445 \u041a\u043e\u0445\u0442\u043b\u0430-\u042f\u0440\u0432\u0435 \u043e\u0442\u043a\u0440\u044b\u0442\u044b \u043f\u0443\u043d\u043a\u0442\u044b \u043f\u0440\u0438\u0435\u043c\u0430 \u043e\u043f\u0430\u0441\u043d\u044b\u0445 \u043e\u0442\u0445\u043e\u0434\u043e\u0432 \u0438 \u043f\u0440\u043e\u0431\u043b\u0435\u043c\u043d\u043e\u0439 \u043f\u0440\u043e\u0434\u0443\u043a\u0446\u0438\u0438, \u0447\u0442\u043e\u0431\u044b \u0436\u0438\u0442\u0435\u043b\u0438 \u041a\u043e\u0445\u0442\u043b\u0430-\u042f\u0440\u0432\u0435 \u043c\u043e\u0433\u043b\u0438 \u0411\u0415\u0421\u041f\u041b\u0410\u0422\u041d\u041e \u0438\u0437\u0431\u0430\u0432\u0438\u0442\u044c\u0441\u044f \u043e\u0442 \u043e\u043f\u0430\u0441\u043d\u044b\u0445 \u043e\u0442\u0445\u043e\u0434\u043e\u0432 \u0438 \u043f\u0440\u043e\u0431\u043b\u0435\u043c\u043d\u043e\u0439 \u043f\u0440\u043e\u0434\u0443\u043a\u0446\u0438\u0438 \u0432 \u0441\u0432\u043e\u0438\u0445 \u0434\u043e\u043c\u0430\u0445, \u0447\u0442\u043e\u0431\u044b \u043f\u0440\u0435\u0434\u043e\u0442\u0432\u0440\u0430\u0442\u0438\u0442\u044c \u043f\u043e\u043f\u0430\u0434\u0430\u043d\u0438\u0435 \u043e\u043f\u0430\u0441\u043d\u044b\u0445 \u043e\u0442\u0445\u043e\u0434\u043e\u0432 \u043d\u0430 \u0441\u0432\u0430\u043b\u043a\u0438 \u0438\u043b\u0438 \u0432 \u043e\u043a\u0440\u0443\u0436\u0430\u044e\u0449\u0443\u044e \u0441\u0440\u0435\u0434\u0443. \u0423\u0447\u0440\u0435\u0436\u0434\u0435\u043d\u0438\u044f \u0438 \u043f\u0440\u0435\u0434\u043f\u0440\u0438\u044f\u0442\u0438\u044f \u0434\u043e\u043b\u0436\u043d\u044b \u043e\u0440\u0433\u0430\u043d\u0438\u0437\u043e\u0432\u0430\u0442\u044c \u0441\u0431\u043e\u0440, \u0432\u0440\u0435\u043c\u0435\u043d\u043d\u043e\u0435 \u0445\u0440\u0430\u043d\u0435\u043d\u0438\u0435 \u0438 \u043f\u0435\u0440\u0435\u0434\u0430\u0447\u0443 \u0441\u0432\u043e\u0438\u0445 \u043e\u043f\u0430\u0441\u043d\u044b\u0445 \u043e\u0442\u0445\u043e\u0434\u043e\u0432 \u043b\u0438\u0446\u0435\u043d\u0437\u0438\u0440\u043e\u0432\u0430\u043d\u043d\u044b\u043c \u043f\u0435\u0440\u0435\u0440\u0430\u0431\u043e\u0442\u0447\u0438\u043a\u0430\u043c \u043e\u043f\u0430\u0441\u043d\u044b\u0445 \u043e\u0442\u0445\u043e\u0434\u043e\u0432.<\/p>\n\n\n\n<div style=\"height:8px\" aria-hidden=\"true\" class=\"wp-block-spacer\"><\/div>\n\n\n\n<div class=\"wp-block-columns is-layout-flex wp-container-core-columns-is-layout-65e523f9 wp-block-columns-is-layout-flex\">\n<div class=\"wp-block-column has-base-background-color has-background is-layout-flow wp-block-column-is-layout-flow\" style=\"box-shadow:var(--wp--preset--shadow--vaike-vari-2)\">\n<div class=\"wp-block-group has-global-padding is-layout-constrained wp-container-core-group-is-layout-9597dc02 wp-block-group-is-layout-constrained\" style=\"border-radius:3px;padding-top:var(--wp--preset--spacing--10);padding-right:var(--wp--preset--spacing--10);padding-bottom:var(--wp--preset--spacing--10);padding-left:var(--wp--preset--spacing--10)\">\n<h2 class=\"wp-block-heading\">\u041c\u0443\u0441\u043e\u0440\u043d\u0430\u044f \u0441\u0442\u0430\u043d\u0446\u0438\u044f \u0440\u0430\u0439\u043e\u043d\u0430 \u0410\u0445\u0442\u043c\u0435<\/h2>\n\n\n\n<p><span class=\"wp-rich-text-font-awesome-icon wp-font-awesome-icon\"><svg aria-hidden=\"true\" focusable=\"false\" data-prefix=\"fas\" data-icon=\"location-dot\" class=\"svg-inline--fa fa-location-dot\" role=\"img\" xmlns=\"http:\/\/www.w3.org\/2000\/svg\" viewbox=\"0 0 384 512\"><path fill=\"currentColor\" d=\"M215.7 499.2C267 435 384 279.4 384 192C384 86 298 0 192 0S0 86 0 192c0 87.4 117 243 168.3 307.2c12.3 15.3 35.1 15.3 47.4 0zM192 128a64 64 0 1 1 0 128 64 64 0 1 1 0-128z\"><\/path><\/svg><\/span><a href=\"https:\/\/www.google.com\/maps\/place\/Ahtme+ohtlike+j%C3%A4%C3%A4tmete+kogumispunkt\/@59.3251592,27.4342905,17z\/data=!4m14!1m7!3m6!1s0x46946535f9fac0b9:0xfb94baa90039ddbc!2sAhtme+ohtlike+j%C3%A4%C3%A4tmete+kogumispunkt!8m2!3d59.3251592!4d27.4342905!16s%2Fg%2F11g4bn7nrz!3m5!1s0x46946535f9fac0b9:0xfb94baa90039ddbc!8m2!3d59.3251592!4d27.4342905!16s%2Fg%2F11g4bn7nrz?entry=ttu&amp;g_ep=EgoyMDI1MDkyMi4wIKXMDSoASAFQAw%3D%3D\" target=\"_blank\" rel=\"noreferrer noopener\">\u0413\u043e\u0440\u043e\u0434 \u041a\u043e\u0445\u0442\u043b\u0430-\u042f\u0440\u0432\u0435, \u0410\u0445\u0442\u043c\u0435\u0441\u043a\u0438\u0439 \u0440\u0430\u0439\u043e\u043d, \u0410\u043b\u044c\u0442\u0441\u0435\u0440\u0432\u0430 \u0442\u043d T1<\/a><br><span class=\"wp-rich-text-font-awesome-icon wp-font-awesome-icon\"><svg aria-hidden=\"true\" focusable=\"false\" data-prefix=\"fas\" data-icon=\"phone\" class=\"svg-inline--fa fa-phone\" role=\"img\" xmlns=\"http:\/\/www.w3.org\/2000\/svg\" viewbox=\"0 0 512 512\"><path fill=\"currentColor\" d=\"M164.9 24.6c-7.7-18.6-28-28.5-47.4-23.2l-88 24C12.1 30.2 0 46 0 64C0 311.4 200.6 512 448 512c18 0 33.8-12.1 38.6-29.5l24-88c5.3-19.4-4.6-39.7-23.2-47.4l-96-40c-16.3-6.8-35.2-2.1-46.3 11.6L304.7 368C234.3 334.7 177.3 277.7 144 207.3L193.3 167c13.7-11.2 18.4-30 11.6-46.3l-40-96z\"><\/path><\/svg><\/span><strong><a href=\"tel:53334437\">5333 4437<\/a><\/strong><br><strong>E<\/strong>&nbsp;- 11:00-16.00;<br><strong>T, N, R<\/strong>&nbsp;- 14.00-19.00;<br><strong>L<\/strong>&nbsp;- 11.00-15.00<br>\u0417\u0430\u043a\u0440\u044b\u0442\u043e \u0432 \u0441\u0440\u0435\u0434\u0443, \u0432\u043e\u0441\u043a\u0440\u0435\u0441\u0435\u043d\u044c\u0435 \u0438 \u043d\u0430\u0446\u0438\u043e\u043d\u0430\u043b\u044c\u043d\u044b\u0435 \u043f\u0440\u0430\u0437\u0434\u043d\u0438\u043a\u0438.<\/p>\n\n\n\n<p><strong>\u041d\u0430 \u0441\u0442\u0430\u043d\u0446\u0438\u0438 \u043f\u0440\u0438\u0435\u043c\u0430 \u043e\u0442\u0445\u043e\u0434\u043e\u0432 \u0431\u0435\u0441\u043f\u043b\u0430\u0442\u043d\u043e \u043f\u0440\u0438\u043d\u0438\u043c\u0430\u044e\u0442\u0441\u044f \u0441\u043b\u0435\u0434\u0443\u044e\u0449\u0438\u0435 \u0432\u0438\u0434\u044b \u043e\u0442\u0445\u043e\u0434\u043e\u0432<\/strong><\/p>\n\n\n\n<p>\u041e\u043f\u0430\u0441\u043d\u044b\u0435 \u0431\u044b\u0442\u043e\u0432\u044b\u0435 \u043e\u0442\u0445\u043e\u0434\u044b:<\/p>\n\n\n\n<ul class=\"wp-block-list is-style-checkmark-list\">\n<li>\u043e\u0442\u0440\u0430\u0431\u043e\u0442\u0430\u043d\u043d\u043e\u0435 \u043c\u0430\u0441\u043b\u043e, \u043c\u0430\u0441\u043b\u044f\u043d\u044b\u0435 \u0444\u0438\u043b\u044c\u0442\u0440\u044b, \u043a\u0430\u043d\u0438\u0441\u0442\u0440\u044b \u0434\u043b\u044f \u043c\u0430\u0441\u043b\u0430, \u043f\u0440\u043e\u043c\u0430\u0441\u043b\u0435\u043d\u043d\u0430\u044f \u0432\u0435\u0442\u043e\u0448\u044c;<\/li>\n\n\n\n<li>\u0443\u043f\u0430\u043a\u043e\u0432\u043a\u0430, \u0437\u0430\u0433\u0440\u044f\u0437\u043d\u0435\u043d\u043d\u0430\u044f \u043e\u043f\u0430\u0441\u043d\u044b\u043c\u0438 \u0432\u0435\u0449\u0435\u0441\u0442\u0432\u0430\u043c\u0438;<\/li>\n\n\n\n<li>\u0441\u0442\u0430\u0440\u044b\u0435 \u0431\u0430\u0442\u0430\u0440\u0435\u0439\u043a\u0438;<\/li>\n\n\n\n<li>\u041b\u0430\u043c\u043f\u044b \u0434\u043d\u0435\u0432\u043d\u043e\u0433\u043e \u0441\u0432\u0435\u0442\u0430;<\/li>\n\n\n\n<li>\u0440\u0442\u0443\u0442\u043d\u044b\u0435 \u043e\u0442\u0445\u043e\u0434\u044b;<\/li>\n\n\n\n<li>\u043e\u0442\u0445\u043e\u0434\u044b \u043a\u0440\u0430\u0441\u043e\u043a \u0438 \u043b\u0430\u043a\u043e\u0432;<\/li>\n\n\n\n<li>\u0443\u0441\u0442\u0430\u0440\u0435\u0432\u0448\u0438\u0435 \u043b\u0435\u043a\u0430\u0440\u0441\u0442\u0432\u0430;<\/li>\n\n\n\n<li>\u0445\u0438\u043c\u0438\u0447\u0435\u0441\u043a\u0438\u0435 \u043e\u0442\u0445\u043e\u0434\u044b (\u0441\u0440\u0435\u0434\u0441\u0442\u0432\u0430 \u0437\u0430\u0449\u0438\u0442\u044b \u0440\u0430\u0441\u0442\u0435\u043d\u0438\u0439, \u0431\u044b\u0442\u043e\u0432\u0430\u044f \u0445\u0438\u043c\u0438\u044f);<\/li>\n<\/ul>\n\n\n\n<p>\u041f\u0440\u043e\u0431\u043b\u0435\u043c\u043d\u044b\u0435 \u0431\u044b\u0442\u043e\u0432\u044b\u0435 \u043f\u0440\u043e\u0434\u0443\u043a\u0442\u044b:<\/p>\n\n\n\n<ul class=\"wp-block-list is-style-checkmark-list\">\n<li>\u0448\u0438\u043d\u044b \u0434\u043b\u044f \u043b\u0435\u0433\u043a\u043e\u0432\u044b\u0445 \u0430\u0432\u0442\u043e\u043c\u043e\u0431\u0438\u043b\u0435\u0439 (6 \u043f\u0440\u043e\u0438\u0437\u0432\u043e\u0434\u0438\u0442\u0435\u043b\u0435\u0439);<\/li>\n\n\n\n<li>\u0445\u043e\u043b\u043e\u0434\u0438\u043b\u044c\u043d\u0438\u043a\u0438, \u043c\u043e\u0440\u043e\u0437\u0438\u043b\u044c\u043d\u0438\u043a\u0438;<\/li>\n\n\n\n<li>\u0422\u0435\u043b\u0435\u0432\u0438\u0437\u043e\u0440\u044b, \u0440\u0430\u0434\u0438\u043e\u043f\u0440\u0438\u0435\u043c\u043d\u0438\u043a\u0438, \u043a\u043e\u043c\u043f\u044c\u044e\u0442\u0435\u0440\u044b \u0438 \u0434\u0440\u0443\u0433\u043e\u0435 \u044d\u043b\u0435\u043a\u0442\u0440\u043e\u043d\u043d\u043e\u0435 \u043e\u0431\u043e\u0440\u0443\u0434\u043e\u0432\u0430\u043d\u0438\u0435.<\/li>\n<\/ul>\n\n\n\n<p><strong>\u0412\u041d\u0418\u041c\u0410\u041d\u0418\u0415! \u0412\u043e\u0437\u0432\u0440\u0430\u0449\u0430\u0435\u043c\u043e\u0435 \u044d\u043b\u0435\u043a\u0442\u0440\u043e\u043d\u043d\u043e\u0435 \u043e\u0431\u043e\u0440\u0443\u0434\u043e\u0432\u0430\u043d\u0438\u0435 \u0434\u043e\u043b\u0436\u043d\u043e \u0431\u044b\u0442\u044c \u043a\u043e\u043c\u043f\u043b\u0435\u043a\u0442\u043d\u044b\u043c!<\/strong><\/p>\n\n\n\n<p><strong>\u0417\u0410\u041f\u0420\u0415\u0429\u0410\u0415\u0422\u0421\u042f \u041e\u0421\u0422\u0410\u0412\u041b\u042f\u0422\u042c \u041e\u0422\u0425\u041e\u0414\u042b \u0417\u0410 \u0412\u041e\u0420\u041e\u0422\u0410\u041c\u0418 \u041c\u0423\u0421\u041e\u0420\u041e\u041f\u0420\u0418\u0415\u041c\u041d\u0418\u041a\u0410!<\/strong><\/p>\n<\/div>\n<\/div>\n\n\n\n<div class=\"wp-block-column has-base-background-color has-background is-layout-flow wp-block-column-is-layout-flow\" style=\"box-shadow:var(--wp--preset--shadow--vaike-vari-2)\">\n<div class=\"wp-block-group has-global-padding is-layout-constrained wp-container-core-group-is-layout-9597dc02 wp-block-group-is-layout-constrained\" style=\"border-radius:3px;padding-top:var(--wp--preset--spacing--10);padding-right:var(--wp--preset--spacing--10);padding-bottom:var(--wp--preset--spacing--10);padding-left:var(--wp--preset--spacing--10)\">\n<h2 class=\"wp-block-heading\">\u041c\u0443\u0441\u043e\u0440\u043d\u0430\u044f \u0441\u0442\u0430\u043d\u0446\u0438\u044f \u0440\u0430\u0439\u043e\u043d\u0430 \u042f\u0440\u0432\u0435<\/h2>\n\n\n\n<p><span class=\"wp-rich-text-font-awesome-icon wp-font-awesome-icon\"><svg aria-hidden=\"true\" focusable=\"false\" data-prefix=\"fas\" data-icon=\"location-dot\" class=\"svg-inline--fa fa-location-dot\" role=\"img\" xmlns=\"http:\/\/www.w3.org\/2000\/svg\" viewbox=\"0 0 384 512\"><path fill=\"currentColor\" d=\"M215.7 499.2C267 435 384 279.4 384 192C384 86 298 0 192 0S0 86 0 192c0 87.4 117 243 168.3 307.2c12.3 15.3 35.1 15.3 47.4 0zM192 128a64 64 0 1 1 0 128 64 64 0 1 1 0-128z\"><\/path><\/svg><\/span><a href=\"https:\/\/www.google.com\/maps\/place\/J%C3%A4rve+k%C3%BCla+j%C3%A4%C3%A4tmejaam\/@59.4120494,27.2258496,13z\/data=!4m10!1m2!2m1!1zVG9pbGEgdmFsZCwgSsOkcnZlIGvDvGxhLCBKw6TDpHRtZSBtYWHDvGtzdXM!3m6!1s0x46947137c4d9d365:0xb03bf6b2b23e7548!8m2!3d59.4120494!4d27.3020673!15sCixUb2lsYSB2YWxkLCBKw6RydmUga8O8bGEsIErDpMOkdG1lIG1hYcO8a3N1c5IBF25vbl9wcm9maXRfb3JnYW5pemF0aW9u4AEA!16s%2Fg%2F11n07lv247?entry=ttu&amp;g_ep=EgoyMDI1MDkyMi4wIKXMDSoASAFQAw%3D%3D\" target=\"_blank\" rel=\"noreferrer noopener\">\u0422\u043e\u0439\u043b\u0430\u0441\u043a\u0430\u044f \u0432\u043e\u043b\u043e\u0441\u0442\u044c, \u0434\u0435\u0440\u0435\u0432\u043d\u044f \u042f\u0440\u0432\u0435, \u0437\u0435\u043c\u0435\u043b\u044c\u043d\u044b\u0439 \u0443\u0447\u0430\u0441\u0442\u043e\u043a \u042f\u0430\u0442\u043c\u0435<br><span class=\"wp-rich-text-font-awesome-icon wp-font-awesome-icon\"><svg aria-hidden=\"true\" focusable=\"false\" data-prefix=\"fas\" data-icon=\"phone\" class=\"svg-inline--fa fa-phone\" role=\"img\" xmlns=\"http:\/\/www.w3.org\/2000\/svg\" viewbox=\"0 0 512 512\"><path fill=\"currentColor\" d=\"M164.9 24.6c-7.7-18.6-28-28.5-47.4-23.2l-88 24C12.1 30.2 0 46 0 64C0 311.4 200.6 512 448 512c18 0 33.8-12.1 38.6-29.5l24-88c5.3-19.4-4.6-39.7-23.2-47.4l-96-40c-16.3-6.8-35.2-2.1-46.3 11.6L304.7 368C234.3 334.7 177.3 277.7 144 207.3L193.3 167c13.7-11.2 18.4-30 11.6-46.3l-40-96z\"><\/path><\/svg><\/span><\/a><a href=\"tel:53814293\">5381 4293<\/a><br>\u042d\u0442\u043e \u0441\u043e\u0432\u043c\u0435\u0441\u0442\u043d\u044b\u0439 \u043f\u0443\u043d\u043a\u0442 \u0441\u0431\u043e\u0440\u0430 \u0422\u043e\u0439\u043b\u0430\u0441\u043a\u043e\u0439 \u0432\u043e\u043b\u043e\u0441\u0442\u0438 \u0438 \u0433\u043e\u0440\u043e\u0434\u0430 \u041a\u043e\u0445\u0442\u043b\u0430-\u042f\u0440\u0432\u0435.<br><strong>E<\/strong>\u00a0- 12.00-18.00;<br><strong>T, N, R<\/strong>\u00a0- 13.00-18.00;<br><strong>L<\/strong>\u00a0- 08.00-12.00<br>\u0417\u0430\u043a\u0440\u044b\u0442\u043e \u0432 \u0441\u0440\u0435\u0434\u0443, \u0432\u043e\u0441\u043a\u0440\u0435\u0441\u0435\u043d\u044c\u0435 \u0438 \u043d\u0430\u0446\u0438\u043e\u043d\u0430\u043b\u044c\u043d\u044b\u0435 \u043f\u0440\u0430\u0437\u0434\u043d\u0438\u043a\u0438.<\/p>\n\n\n\n<p><strong>\u041d\u0430 \u0441\u0442\u0430\u043d\u0446\u0438\u0438 \u0441\u0431\u043e\u0440\u0430 \u043e\u0442\u0445\u043e\u0434\u043e\u0432 \u0432 \u0440\u0430\u0439\u043e\u043d\u0435 \u042f\u0440\u0432\u0435 \u0431\u0435\u0441\u043f\u043b\u0430\u0442\u043d\u043e \u043f\u0440\u0438\u043d\u0438\u043c\u0430\u044e\u0442\u0441\u044f \u0441\u043b\u0435\u0434\u0443\u044e\u0449\u0438\u0435 \u0432\u0438\u0434\u044b \u043e\u0442\u0445\u043e\u0434\u043e\u0432:<\/strong><\/p>\n\n\n\n<p>\u041e\u043f\u0430\u0441\u043d\u044b\u0435 \u0431\u044b\u0442\u043e\u0432\u044b\u0435 \u043e\u0442\u0445\u043e\u0434\u044b:<\/p>\n\n\n\n<ul class=\"wp-block-list is-style-checkmark-list\">\n<li>\u043e\u0442\u0440\u0430\u0431\u043e\u0442\u0430\u043d\u043d\u043e\u0435 \u043c\u0430\u0441\u043b\u043e, \u043c\u0430\u0441\u043b\u044f\u043d\u044b\u0435 \u0444\u0438\u043b\u044c\u0442\u0440\u044b, \u043a\u0430\u043d\u0438\u0441\u0442\u0440\u044b \u0434\u043b\u044f \u043c\u0430\u0441\u043b\u0430, \u043f\u0440\u043e\u043c\u0430\u0441\u043b\u0435\u043d\u043d\u0430\u044f \u0432\u0435\u0442\u043e\u0448\u044c;<\/li>\n\n\n\n<li>\u0443\u043f\u0430\u043a\u043e\u0432\u043a\u0430, \u0437\u0430\u0433\u0440\u044f\u0437\u043d\u0435\u043d\u043d\u0430\u044f \u043e\u043f\u0430\u0441\u043d\u044b\u043c\u0438 \u0432\u0435\u0449\u0435\u0441\u0442\u0432\u0430\u043c\u0438;<\/li>\n\n\n\n<li>\u0441\u0442\u0430\u0440\u044b\u0435 \u0431\u0430\u0442\u0430\u0440\u0435\u0439\u043a\u0438;<\/li>\n\n\n\n<li>\u041b\u0430\u043c\u043f\u044b \u0434\u043d\u0435\u0432\u043d\u043e\u0433\u043e \u0441\u0432\u0435\u0442\u0430;<\/li>\n\n\n\n<li>\u0440\u0442\u0443\u0442\u043d\u044b\u0435 \u043e\u0442\u0445\u043e\u0434\u044b;<\/li>\n\n\n\n<li>\u043e\u0442\u0445\u043e\u0434\u044b \u043a\u0440\u0430\u0441\u043e\u043a \u0438 \u043b\u0430\u043a\u043e\u0432;<\/li>\n\n\n\n<li>\u0443\u0441\u0442\u0430\u0440\u0435\u0432\u0448\u0438\u0435 \u043b\u0435\u043a\u0430\u0440\u0441\u0442\u0432\u0430;<\/li>\n\n\n\n<li>\u0445\u0438\u043c\u0438\u0447\u0435\u0441\u043a\u0438\u0435 \u043e\u0442\u0445\u043e\u0434\u044b (\u0441\u0440\u0435\u0434\u0441\u0442\u0432\u0430 \u0437\u0430\u0449\u0438\u0442\u044b \u0440\u0430\u0441\u0442\u0435\u043d\u0438\u0439, \u0431\u044b\u0442\u043e\u0432\u0430\u044f \u0445\u0438\u043c\u0438\u044f);<\/li>\n\n\n\n<li>\u044d\u0442\u0435\u0440\u043d\u0438\u0442 (\u0435\u0441\u043b\u0438 \u043d\u0430 \u043e\u0434\u043d\u043e\u0433\u043e \u043f\u0440\u043e\u0438\u0437\u0432\u043e\u0434\u0438\u0442\u0435\u043b\u044f \u043f\u0440\u0438\u0445\u043e\u0434\u0438\u0442\u0441\u044f 20 \u0441\u043b\u044f\u0431\u043e\u0432).<\/li>\n<\/ul>\n\n\n\n<p>\u041f\u0440\u043e\u0431\u043b\u0435\u043c\u043d\u044b\u0435 \u0431\u044b\u0442\u043e\u0432\u044b\u0435 \u043f\u0440\u043e\u0434\u0443\u043a\u0442\u044b:<\/p>\n\n\n\n<ul class=\"wp-block-list is-style-checkmark-list\">\n<li>\u0448\u0438\u043d\u044b \u0434\u043b\u044f \u043b\u0435\u0433\u043a\u043e\u0432\u044b\u0445 \u0430\u0432\u0442\u043e\u043c\u043e\u0431\u0438\u043b\u0435\u0439 (6 \u043f\u0440\u043e\u0438\u0437\u0432\u043e\u0434\u0438\u0442\u0435\u043b\u0435\u0439);<\/li>\n\n\n\n<li>\u0445\u043e\u043b\u043e\u0434\u0438\u043b\u044c\u043d\u0438\u043a\u0438, \u043c\u043e\u0440\u043e\u0437\u0438\u043b\u044c\u043d\u0438\u043a\u0438;<\/li>\n\n\n\n<li>\u0422\u0435\u043b\u0435\u0432\u0438\u0437\u043e\u0440\u044b, \u0440\u0430\u0434\u0438\u043e\u043f\u0440\u0438\u0435\u043c\u043d\u0438\u043a\u0438, \u043a\u043e\u043c\u043f\u044c\u044e\u0442\u0435\u0440\u044b \u0438 \u0434\u0440\u0443\u0433\u043e\u0435 \u044d\u043b\u0435\u043a\u0442\u0440\u043e\u043d\u043d\u043e\u0435 \u043e\u0431\u043e\u0440\u0443\u0434\u043e\u0432\u0430\u043d\u0438\u0435.<\/li>\n<\/ul>\n\n\n\n<p><strong>NB!<\/strong>&nbsp;\u0412\u043e\u0437\u0432\u0440\u0430\u0449\u0430\u0435\u043c\u043e\u0435 \u044d\u043b\u0435\u043a\u0442\u0440\u043e\u043d\u043d\u043e\u0435 \u043e\u0431\u043e\u0440\u0443\u0434\u043e\u0432\u0430\u043d\u0438\u0435 \u0434\u043e\u043b\u0436\u043d\u043e \u0431\u044b\u0442\u044c \u043a\u043e\u043c\u043f\u043b\u0435\u043a\u0442\u043d\u044b\u043c!<\/p>\n\n\n\n<p>\u041a\u0440\u043e\u043c\u0435 \u0442\u043e\u0433\u043e, \u043f\u0440\u0438\u043d\u0438\u043c\u0430\u044e\u0442\u0441\u044f \u0441\u043b\u0435\u0434\u0443\u044e\u0449\u0438\u0435 \u0431\u044b\u0442\u043e\u0432\u044b\u0435 \u043e\u0442\u0445\u043e\u0434\u044b:<\/p>\n\n\n\n<ul class=\"wp-block-list is-style-checkmark-list\">\n<li>\u041f\u0435\u043d\u043e\u043f\u043b\u0430\u0441\u0442 (\u043f\u0440\u043e\u0434\u0443\u043a\u0442 \u0431\u044b\u043b \u0432 \u0445\u043e\u0434\u0443)<\/li>\n\n\n\n<li>\u0431\u0443\u043c\u0430\u0433\u0430 \u0438 \u043a\u0430\u0440\u0442\u043e\u043d;<\/li>\n\n\n\n<li>\u043f\u043b\u0430\u0441\u0442\u0438\u043a;<\/li>\n\n\n\n<li>\u043c\u0435\u0442\u0430\u043b\u043b;<\/li>\n\n\n\n<li>\u0441\u0442\u0435\u043a\u043b\u043e (\u043f\u0438\u0449\u0435\u0432\u044b\u0435 \u043a\u043e\u043d\u0442\u0435\u0439\u043d\u0435\u0440\u044b, \u0431\u0430\u043d\u043a\u0438, \u0431\u0443\u0442\u044b\u043b\u043a\u0438 \u0438 \u0442.\u0434.)<\/li>\n\n\n\n<li>\u0443\u043f\u0430\u043a\u043e\u0432\u043a\u0430 (\u0431\u0443\u043c\u0430\u0436\u043d\u0430\u044f \u0438 \u043a\u0430\u0440\u0442\u043e\u043d\u043d\u0430\u044f \u0443\u043f\u0430\u043a\u043e\u0432\u043a\u0430, \u043f\u043b\u0430\u0441\u0442\u0438\u043a\u043e\u0432\u0430\u044f \u0443\u043f\u0430\u043a\u043e\u0432\u043a\u0430, \u043c\u0435\u0442\u0430\u043b\u043b\u0438\u0447\u0435\u0441\u043a\u0430\u044f \u0443\u043f\u0430\u043a\u043e\u0432\u043a\u0430, \u0441\u0442\u0435\u043a\u043b\u044f\u043d\u043d\u0430\u044f \u0443\u043f\u0430\u043a\u043e\u0432\u043a\u0430, \u0442\u0435\u043a\u0441\u0442\u0438\u043b\u044c\u043d\u0430\u044f \u0443\u043f\u0430\u043a\u043e\u0432\u043a\u0430, \u0434\u0435\u0440\u0435\u0432\u044f\u043d\u043d\u0430\u044f \u0443\u043f\u0430\u043a\u043e\u0432\u043a\u0430).<\/li>\n\n\n\n<li>\u043b\u0438\u0441\u0442\u043e\u0432\u043e\u0435 \u0441\u0442\u0435\u043a\u043b\u043e (\u0434\u043e 60 \u043a\u0433 \u043d\u0430 \u043e\u0434\u043d\u043e\u0433\u043e \u043f\u0440\u043e\u0438\u0437\u0432\u043e\u0434\u0438\u0442\u0435\u043b\u044f)<\/li>\n\n\n\n<li>\u0422\u0435\u043a\u0441\u0442\u0438\u043b\u044c<\/li>\n<\/ul>\n\n\n\n<p><strong>\u0417\u0410\u041f\u0420\u0415\u0429\u0410\u0415\u0422\u0421\u042f \u041e\u0421\u0422\u0410\u0412\u041b\u042f\u0422\u042c \u041e\u0422\u0425\u041e\u0414\u042b \u0417\u0410 \u0412\u041e\u0420\u041e\u0422\u0410\u041c\u0418 \u041c\u0423\u0421\u041e\u0420\u041e\u041f\u0420\u0418\u0415\u041c\u041d\u0418\u041a\u0410!<\/strong><\/p>\n<\/div>\n<\/div>\n<\/div>\n<\/div>\n\n\n\n<div class=\"wp-block-column is-layout-flow wp-block-column-is-layout-flow\" style=\"flex-basis:33.33%\">\n<div class=\"wp-block-group has-global-padding is-layout-constrained wp-container-core-group-is-layout-4284a0cd wp-block-group-is-layout-constrained\" style=\"border-left-color:var(--wp--preset--color--contrast);border-left-width:1px;padding-right:0;padding-left:var(--wp--preset--spacing--10)\">\n<h2 class=\"wp-block-heading\">\u0411\u0430\u0442\u0430\u0440\u0435\u0439\u043a\u0438 \u0438 \u043b\u0435\u043a\u0430\u0440\u0441\u0442\u0432\u0430<\/h2>\n\n\n\n<p><strong>\u041f\u043e\u043c\u0438\u043c\u043e \u043f\u0443\u043d\u043a\u0442\u043e\u0432 \u043f\u0440\u0438\u0435\u043c\u0430 \u043e\u0442\u0445\u043e\u0434\u043e\u0432, \u0437\u0434\u0435\u0441\u044c \u0435\u0441\u0442\u044c \u044f\u0449\u0438\u043a\u0438 \u0434\u043b\u044f \u0441\u0431\u043e\u0440\u0430 \u0431\u0430\u0442\u0430\u0440\u0435\u0435\u043a:<\/strong><\/p>\n\n\n\n<p><strong>\u0420\u0410\u0419\u041e\u041d \u0410\u0425\u0422\u041c\u0415:<\/strong><\/p>\n\n\n\n<ul class=\"wp-block-list is-style-checkmark-list\">\n<li>\u042d\u0441\u0442\u043e\u043d\u0438\u044f \u043f\u0441\u0442 30\u0430 (AS OG Elektra Grossi Toidukaubad);<\/li>\n\n\n\n<li>\u041c\u0430\u043b\u0435\u0432\u0430 23, (AS OG Elektra Grossi Groceries);<\/li>\n\n\n\n<li>\u041f\u0443\u0440\u0443 \u0442\u0438 77 (Maxima Eesti O\u00dc)-<\/li>\n<\/ul>\n\n\n\n<p><strong>\u0412 \u041e\u0417\u0415\u0420\u041d\u041e\u041c \u041a\u0420\u0410\u0415:<\/strong><\/p>\n\n\n\n<ul class=\"wp-block-list is-style-checkmark-list\">\n<li>\u041a\u0430\u043b\u0435\u0432\u0438 14 (\u0412\u0438\u043b\u0434\u0435 \u0410\u0421);<\/li>\n\n\n\n<li>J\u00e4rvek\u00fcla tee 87 (Pan-Estonian O\u00dc, A1000 Market);<\/li>\n\n\n\n<li>\u041f\u044b\u0445\u044c\u044f \u0430\u043b\u043b\u0435\u0435 4 (Rimi Eesti Food AS);<\/li>\n\n\n\n<li>\u042f\u0440\u0432\u0435\u043a\u044e\u043b\u0430 \u0442\u0438 68 (AS Selver);<\/li>\n\n\n\n<li>\u041a\u0430\u043b\u0435\u0432\u0438 27 (AS OG Elektra Grossi Grocery);<\/li>\n\n\n\n<li>Outokumpu 13 (Coop Eesti Kesk\u00fchistu Kohtla-J\u00e4rve Konsum);<\/li>\n\n\n\n<li>\u042f\u0440\u0432\u0435\u043a\u044e\u043b\u0430 \u0442\u0435\u044d 50 (\u0446\u0435\u043d\u0442\u0440 \u0412\u0438\u0440\u043e\u043d\u0438\u0438).<\/li>\n\n\n\n<li>\u041a\u0435\u0441\u043a\u0430\u043b\u043b\u0435 19 (\u041c\u044d\u0440\u0438\u044f \u041a\u043e\u0445\u0442\u043b\u0430-\u042f\u0440\u0432\u0435)<\/li>\n\n\n\n<li>M\u00f5isa tee 3 (Maxima Eesti O\u00dc)<\/li>\n<\/ul>\n\n\n\n<p>\u041e\u0442\u0440\u0430\u0431\u043e\u0442\u0430\u043d\u043d\u044b\u0435 \u043b\u0435\u043a\u0430\u0440\u0441\u0442\u0432\u0430 \u0442\u0430\u043a\u0436\u0435 \u043c\u043e\u0436\u043d\u043e \u0441\u0434\u0430\u0442\u044c <a href=\"http:\/\/www.apteegiinfo.ee\/info?areas=Ida-Virumaa\" target=\"_blank\" rel=\"noreferrer noopener\">\u0430\u043f\u0442\u0435\u043a\u0438<\/a>.<\/p>\n<\/div>\n<\/div>\n<\/div>","protected":false},"excerpt":{"rendered":"<p>Kohtla-J\u00e4rve linna J\u00e4rve ja Ahtme linnaosadesse on rajatud ohtlike j\u00e4\u00e4tmete ja probleemtoodete j\u00e4\u00e4tmejaamad selleks, et Kohtla-J\u00e4rve linnaelanikel oleks v\u00f5imalus kodumajapidamises tekkinud ohtlikest j\u00e4\u00e4tmetest ja probleemtoodetest TASUTA vabaneda, v\u00e4ltimaks ohtlike j\u00e4\u00e4tmete [&hellip;]<\/p>\n","protected":false},"author":1,"featured_media":0,"parent":1607,"menu_order":1,"comment_status":"closed","ping_status":"closed","template":"page-wide","meta":{"_EventAllDay":false,"_EventTimezone":"","_EventStartDate":"","_EventEndDate":"","_EventStartDateUTC":"","_EventEndDateUTC":"","_EventShowMap":false,"_EventShowMapLink":false,"_EventURL":"","_EventCost":"","_EventCostDescription":"","_EventCurrencySymbol":"","_EventCurrencyCode":"","_EventCurrencyPosition":"","_EventDateTimeSeparator":"","_EventTimeRangeSeparator":"","_EventOrganizerID":[],"_EventVenueID":[],"_OrganizerEmail":"","_OrganizerPhone":"","_OrganizerWebsite":"","_VenueAddress":"","_VenueCity":"","_VenueCountry":"","_VenueProvince":"","_VenueState":"","_VenueZip":"","_VenuePhone":"","_VenueURL":"","_VenueStateProvince":"","_VenueLat":"","_VenueLng":"","_VenueShowMap":false,"_VenueShowMapLink":false,"footnotes":""},"class_list":["post-1688","page","type-page","status-publish","hentry"],"_links":{"self":[{"href":"https:\/\/kohtla-jarve.ee\/ru\/wp-json\/wp\/v2\/pages\/1688","targetHints":{"allow":["GET"]}}],"collection":[{"href":"https:\/\/kohtla-jarve.ee\/ru\/wp-json\/wp\/v2\/pages"}],"about":[{"href":"https:\/\/kohtla-jarve.ee\/ru\/wp-json\/wp\/v2\/types\/page"}],"author":[{"embeddable":true,"href":"https:\/\/kohtla-jarve.ee\/ru\/wp-json\/wp\/v2\/users\/1"}],"replies":[{"embeddable":true,"href":"https:\/\/kohtla-jarve.ee\/ru\/wp-json\/wp\/v2\/comments?post=1688"}],"version-history":[{"count":6,"href":"https:\/\/kohtla-jarve.ee\/ru\/wp-json\/wp\/v2\/pages\/1688\/revisions"}],"predecessor-version":[{"id":5405,"href":"https:\/\/kohtla-jarve.ee\/ru\/wp-json\/wp\/v2\/pages\/1688\/revisions\/5405"}],"up":[{"embeddable":true,"href":"https:\/\/kohtla-jarve.ee\/ru\/wp-json\/wp\/v2\/pages\/1607"}],"wp:attachment":[{"href":"https:\/\/kohtla-jarve.ee\/ru\/wp-json\/wp\/v2\/media?parent=1688"}],"curies":[{"name":"wp","href":"https:\/\/api.w.org\/{rel}","templated":true}]}}