{"id":1607,"date":"2025-09-25T14:20:44","date_gmt":"2025-09-25T11:20:44","guid":{"rendered":"https:\/\/kohtla-jarve.ee\/?page_id=1607"},"modified":"2025-09-25T16:22:19","modified_gmt":"2025-09-25T13:22:19","slug":"jaatmete-sorteerimine-ja-liigiti-kogumine","status":"publish","type":"page","link":"https:\/\/kohtla-jarve.ee\/ru\/keskkond-ehitus-ja-haldus\/keskkond-ja-jaatmed\/jaatmete-sorteerimine-ja-liigiti-kogumine\/","title":{"rendered":"\u0421\u043e\u0440\u0442\u0438\u0440\u043e\u0432\u043a\u0430 \u0438 \u0440\u0430\u0437\u0434\u0435\u043b\u044c\u043d\u044b\u0439 \u0441\u0431\u043e\u0440 \u043e\u0442\u0445\u043e\u0434\u043e\u0432"},"content":{"rendered":"<div class=\"wp-block-columns is-layout-flex wp-container-core-columns-is-layout-7fc3d43a wp-block-columns-is-layout-flex\">\n<div class=\"wp-block-column is-layout-flow wp-block-column-is-layout-flow\" style=\"flex-basis:66.66%\">\n<p>\u0427\u0435\u043c \u0431\u043e\u043b\u0435\u0435 \u0440\u0430\u0437\u0432\u0438\u0442\u043e \u043e\u0431\u0449\u0435\u0441\u0442\u0432\u043e, \u0442\u0435\u043c \u0431\u043e\u043b\u044c\u0448\u0435 \u043e\u0442\u0445\u043e\u0434\u043e\u0432 \u043e\u043d\u043e \u043f\u0440\u043e\u0438\u0437\u0432\u043e\u0434\u0438\u0442. \u0411\u043e\u043b\u044c\u0448\u0435\u0435 \u043a\u043e\u043b\u0438\u0447\u0435\u0441\u0442\u0432\u043e \u043e\u0442\u0445\u043e\u0434\u043e\u0432 \u043e\u0437\u043d\u0430\u0447\u0430\u0435\u0442 \u0431\u043e\u043b\u044c\u0448\u0435\u0435 \u043f\u043e\u0442\u0440\u0435\u0431\u043b\u0435\u043d\u0438\u0435 \u0438 \u0431\u043e\u043b\u044c\u0448\u0443\u044e \u0442\u0440\u0430\u0442\u0443 \u0440\u0435\u0441\u0443\u0440\u0441\u043e\u0432. \u0421\u043e\u0440\u0442\u0438\u0440\u043e\u0432\u043a\u0430 \u0438 \u043f\u0435\u0440\u0435\u0440\u0430\u0431\u043e\u0442\u043a\u0430 \u043e\u0442\u0445\u043e\u0434\u043e\u0432 \u043d\u0435\u043e\u0431\u0445\u043e\u0434\u0438\u043c\u044b \u0434\u043b\u044f \u0442\u043e\u0433\u043e, \u0447\u0442\u043e\u0431\u044b \u0437\u0430\u043c\u0435\u0434\u043b\u0438\u0442\u044c \u044d\u0442\u043e\u0442 \u043f\u0440\u043e\u0446\u0435\u0441\u0441. \u0422\u043e\u0433\u0434\u0430 \u0440\u0435\u0441\u0443\u0440\u0441\u044b, \u043d\u0435\u043e\u0431\u0445\u043e\u0434\u0438\u043c\u044b\u0435 \u0434\u043b\u044f \u0436\u0438\u0437\u043d\u0438, \u043e\u0441\u0442\u0430\u043d\u0443\u0442\u0441\u044f \u0434\u043b\u044f \u0431\u0443\u0434\u0443\u0449\u0438\u0445 \u043f\u043e\u043a\u043e\u043b\u0435\u043d\u0438\u0439. \u0411\u043e\u043b\u044c\u0448\u0438\u043d\u0441\u0442\u0432\u043e \u043e\u0431\u0440\u0430\u0437\u0443\u044e\u0449\u0438\u0445\u0441\u044f \u043e\u0442\u0445\u043e\u0434\u043e\u0432 \u043c\u043e\u0436\u043d\u043e \u0441\u043e\u0440\u0442\u0438\u0440\u043e\u0432\u0430\u0442\u044c \u0432 \u0434\u043e\u043c\u0430\u0448\u043d\u0438\u0445 \u0443\u0441\u043b\u043e\u0432\u0438\u044f\u0445. \u0427\u0435\u043c \u0431\u043e\u043b\u044c\u0448\u0435 \u0432\u044b \u0441\u043e\u0440\u0442\u0438\u0440\u0443\u0435\u0442\u0435 \u0438 \u043f\u0435\u0440\u0435\u0440\u0430\u0431\u0430\u0442\u044b\u0432\u0430\u0435\u0442\u0435, \u0442\u0435\u043c \u043c\u0435\u043d\u044c\u0448\u0435 \u043e\u0442\u0445\u043e\u0434\u043e\u0432 \u0432\u044b \u0432\u044b\u0431\u0440\u0430\u0441\u044b\u0432\u0430\u0435\u0442\u0435 \u0432 \u043a\u043e\u043d\u0442\u0435\u0439\u043d\u0435\u0440 \u0438 \u0442\u0435\u043c \u043c\u0435\u043d\u044c\u0448\u0435 \u0432\u0430\u043c \u043f\u0440\u0438\u0445\u043e\u0434\u0438\u0442\u0441\u044f \u043f\u043b\u0430\u0442\u0438\u0442\u044c \u0437\u0430 \u0432\u044b\u0432\u043e\u0437 \u043c\u0443\u0441\u043e\u0440\u0430. \u0412 \u0446\u0435\u043b\u043e\u043c, \u0441\u043e\u0440\u0442\u0438\u0440\u043e\u0432\u043a\u0430 \u043e\u0442\u0445\u043e\u0434\u043e\u0432 \u043e\u0431\u0445\u043e\u0434\u0438\u0442\u0441\u044f \u043f\u043e\u0442\u0440\u0435\u0431\u0438\u0442\u0435\u043b\u044f\u043c \u0434\u0435\u0448\u0435\u0432\u043b\u0435. \u041e\u0441\u043d\u043e\u0432\u043d\u0443\u044e \u0447\u0430\u0441\u0442\u044c \u0431\u044b\u0442\u043e\u0432\u044b\u0445 \u043e\u0442\u0445\u043e\u0434\u043e\u0432 \u0441\u043e\u0441\u0442\u0430\u0432\u043b\u044f\u044e\u0442 \u0443\u043f\u0430\u043a\u043e\u0432\u043a\u0430, \u043f\u0438\u0449\u0435\u0432\u044b\u0435 \u043e\u0442\u0445\u043e\u0434\u044b \u0438 \u043c\u0430\u043a\u0443\u043b\u0430\u0442\u0443\u0440\u0430. \u041f\u043e \u043a\u0440\u0430\u0439\u043d\u0435\u0439 \u043c\u0435\u0440\u0435, \u043a\u0430\u0436\u0434\u043e\u0435 \u0434\u043e\u043c\u043e\u0445\u043e\u0437\u044f\u0439\u0441\u0442\u0432\u043e \u0434\u043e\u043b\u0436\u043d\u043e \u043e\u0442\u0434\u0435\u043b\u044f\u0442\u044c \u043c\u0430\u043a\u0443\u043b\u0430\u0442\u0443\u0440\u0443, \u0443\u043f\u0430\u043a\u043e\u0432\u043a\u0443, \u043f\u0438\u0449\u0435\u0432\u044b\u0435 \u0438 \u043e\u043f\u0430\u0441\u043d\u044b\u0435 \u043e\u0442\u0445\u043e\u0434\u044b \u043e\u0442 \u0434\u0440\u0443\u0433\u0438\u0445 \u043e\u0442\u0445\u043e\u0434\u043e\u0432, \u0447\u0442\u043e\u0431\u044b \u0441\u0431\u0435\u0440\u0435\u0447\u044c \u043f\u0440\u0438\u0440\u043e\u0434\u043d\u044b\u0435 \u0440\u0435\u0441\u0443\u0440\u0441\u044b.<\/p>\n\n\n\n<h3 class=\"wp-block-heading\"><strong>\u0414\u043e\u043f\u043e\u043b\u043d\u0438\u0442\u0435\u043b\u044c\u043d\u0430\u044f \u0438\u043d\u0444\u043e\u0440\u043c\u0430\u0446\u0438\u044f<\/strong><\/h3>\n\n\n\n<p><a href=\"https:\/\/kliimaministeerium.ee\/liigitikogumine\" target=\"_blank\" rel=\"noreferrer noopener\">\u0421\u0431\u043e\u0440 \u043e\u0442\u0445\u043e\u0434\u043e\u0432 \u043f\u043e \u0442\u0438\u043f\u0430\u043c<\/a><a href=\"http:\/\/kliimaministeerium.ee\/liigitikogumine\">e<\/a>&nbsp;(\u041c\u0438\u043d\u0438\u0441\u0442\u0435\u0440\u0441\u0442\u0432\u043e \u043f\u043e \u0438\u0437\u043c\u0435\u043d\u0435\u043d\u0438\u044e \u043a\u043b\u0438\u043c\u0430\u0442\u0430)<br><a href=\"https:\/\/www.ekovir.ee\/index.php\/jaatmetessorteerimine\/#\" target=\"_blank\" rel=\"noreferrer noopener\">\u0420\u0443\u043a\u043e\u0432\u043e\u0434\u0441\u0442\u0432\u043e \u043f\u043e \u043a\u043e\u043b\u043b\u0435\u043a\u0446\u0438\u043e\u043d\u0438\u0440\u043e\u0432\u0430\u043d\u0438\u044e \u043f\u043e \u043a\u0430\u0442\u0435\u0433\u043e\u0440\u0438\u044f\u043c<\/a>&nbsp;(O\u00dc Ekovir)<br><a href=\"http:\/\/www.kuhuviia.ee\/\" target=\"_blank\" rel=\"noreferrer noopener\">\u041a\u0430\u0440\u0442\u0430 \u043f\u0443\u043d\u043a\u0442\u043e\u0432 \u043f\u0440\u0438\u0435\u043c\u0430 \u043e\u0442\u0445\u043e\u0434\u043e\u0432 \u0438 \u0431\u044b\u0442\u043e\u0432\u043e\u0433\u043e \u043c\u0443\u0441\u043e\u0440\u0430 \"\u041a\u0443\u0434\u0430 \u043e\u0442\u043d\u0435\u0441\u0442\u0438?\"<\/a><\/p>\n<\/div>\n\n\n\n<div class=\"wp-block-column is-layout-flow wp-block-column-is-layout-flow\" style=\"flex-basis:33.33%\">\n<div class=\"wp-block-group has-global-padding is-layout-constrained wp-container-core-group-is-layout-19e250f3 wp-block-group-is-layout-constrained\"><a href=\"\/ru\/jaatmejaamad\/\"    class=\"kiirlink wp-block-tiptip-hyperlink-group-block\" >\n<div class=\"wp-block-group kiirlink has-contrast-color has-accent-5-background-color has-text-color has-background has-link-color wp-elements-7c61daf90304f95c6e589b5dd066e855 wp-container-content-9cfa9a5a has-global-padding is-layout-constrained wp-container-core-group-is-layout-7dbde58c wp-block-group-is-layout-constrained\" style=\"border-radius:0px;border-top-color:var(--wp--preset--color--contrast);border-top-width:1px;border-bottom-style:none;border-bottom-width:0px;padding-top:1rem;padding-right:var(--wp--preset--spacing--10);padding-bottom:1rem;padding-left:var(--wp--preset--spacing--10)\">\n<div class=\"wp-block-group is-content-justification-space-between is-nowrap is-layout-flex wp-container-core-group-is-layout-2b43bde3 wp-block-group-is-layout-flex\" style=\"padding-top:0;padding-bottom:0\">\n<p class=\"wp-container-content-9cfa9a5a\"><strong>\u0417\u0430\u0432\u043e\u0434\u044b \u043f\u043e \u0443\u0442\u0438\u043b\u0438\u0437\u0430\u0446\u0438\u0438 \u043e\u0442\u0445\u043e\u0434\u043e\u0432<\/strong><\/p>\n\n\n\n<p>&gt;<\/p>\n<\/div>\n<\/div>\n<\/a>\n\n<a href=\"\/ru\/pakendijaatmete-sorteerimine\/\"    class=\"kiirlink wp-block-tiptip-hyperlink-group-block\" >\n<div class=\"wp-block-group kiirlink has-contrast-color has-accent-5-background-color has-text-color has-background has-link-color wp-elements-7c61daf90304f95c6e589b5dd066e855 wp-container-content-9cfa9a5a has-global-padding is-layout-constrained wp-container-core-group-is-layout-7dbde58c wp-block-group-is-layout-constrained\" style=\"border-radius:0px;border-top-color:var(--wp--preset--color--contrast);border-top-width:1px;border-bottom-style:none;border-bottom-width:0px;padding-top:1rem;padding-right:var(--wp--preset--spacing--10);padding-bottom:1rem;padding-left:var(--wp--preset--spacing--10)\">\n<div class=\"wp-block-group is-content-justification-space-between is-nowrap is-layout-flex wp-container-core-group-is-layout-2b43bde3 wp-block-group-is-layout-flex\" style=\"padding-top:0;padding-bottom:0\">\n<p class=\"wp-container-content-9cfa9a5a\"><strong>\u041e\u0442\u0445\u043e\u0434\u044b \u0443\u043f\u0430\u043a\u043e\u0432\u043a\u0438<\/strong><\/p>\n\n\n\n<p>&gt;<\/p>\n<\/div>\n<\/div>\n<\/a>\n\n<a href=\"\/ru\/paber-ja-kartong\/\"    class=\"kiirlink wp-block-tiptip-hyperlink-group-block\" >\n<div class=\"wp-block-group kiirlink has-contrast-color has-accent-5-background-color has-text-color has-background has-link-color wp-elements-7c61daf90304f95c6e589b5dd066e855 wp-container-content-9cfa9a5a has-global-padding is-layout-constrained wp-container-core-group-is-layout-7dbde58c wp-block-group-is-layout-constrained\" style=\"border-radius:0px;border-top-color:var(--wp--preset--color--contrast);border-top-width:1px;border-bottom-style:none;border-bottom-width:0px;padding-top:1rem;padding-right:var(--wp--preset--spacing--10);padding-bottom:1rem;padding-left:var(--wp--preset--spacing--10)\">\n<div class=\"wp-block-group is-content-justification-space-between is-nowrap is-layout-flex wp-container-core-group-is-layout-2b43bde3 wp-block-group-is-layout-flex\" style=\"padding-top:0;padding-bottom:0\">\n<p class=\"wp-container-content-9cfa9a5a\"><strong>\u0411\u0443\u043c\u0430\u0433\u0430 \u0438 \u043a\u0430\u0440\u0442\u043e\u043d<\/strong><\/p>\n\n\n\n<p>&gt;<\/p>\n<\/div>\n<\/div>\n<\/a>\n\n<a href=\"\/ru\/patareide-umberkaitlemine\/\"    class=\"kiirlink wp-block-tiptip-hyperlink-group-block\" >\n<div class=\"wp-block-group kiirlink has-contrast-color has-accent-5-background-color has-text-color has-background has-link-color wp-elements-7c61daf90304f95c6e589b5dd066e855 wp-container-content-9cfa9a5a has-global-padding is-layout-constrained wp-container-core-group-is-layout-7dbde58c wp-block-group-is-layout-constrained\" style=\"border-radius:0px;border-top-color:var(--wp--preset--color--contrast);border-top-width:1px;border-bottom-style:none;border-bottom-width:0px;padding-top:1rem;padding-right:var(--wp--preset--spacing--10);padding-bottom:1rem;padding-left:var(--wp--preset--spacing--10)\">\n<div class=\"wp-block-group is-content-justification-space-between is-nowrap is-layout-flex wp-container-core-group-is-layout-2b43bde3 wp-block-group-is-layout-flex\" style=\"padding-top:0;padding-bottom:0\">\n<p class=\"wp-container-content-9cfa9a5a\"><strong>\u0411\u0430\u0442\u0430\u0440\u0435\u0438<\/strong><\/p>\n\n\n\n<p>&gt;<\/p>\n<\/div>\n<\/div>\n<\/a>\n\n<a href=\"\/ru\/biolagunevate-jaatmete-sorteerimine\/\"    class=\"kiirlink wp-block-tiptip-hyperlink-group-block\" >\n<div class=\"wp-block-group kiirlink has-contrast-color has-accent-5-background-color has-text-color has-background has-link-color wp-elements-7c61daf90304f95c6e589b5dd066e855 wp-container-content-9cfa9a5a has-global-padding is-layout-constrained wp-container-core-group-is-layout-7dbde58c wp-block-group-is-layout-constrained\" style=\"border-radius:0px;border-top-color:var(--wp--preset--color--contrast);border-top-width:1px;border-bottom-style:none;border-bottom-width:0px;padding-top:1rem;padding-right:var(--wp--preset--spacing--10);padding-bottom:1rem;padding-left:var(--wp--preset--spacing--10)\">\n<div class=\"wp-block-group is-content-justification-space-between is-nowrap is-layout-flex wp-container-core-group-is-layout-2b43bde3 wp-block-group-is-layout-flex\" style=\"padding-top:0;padding-bottom:0\">\n<p class=\"wp-container-content-9cfa9a5a\"><strong>\u0411\u0438\u043e\u0440\u0430\u0437\u043b\u0430\u0433\u0430\u0435\u043c\u044b\u0435 \u043e\u0442\u0445\u043e\u0434\u044b<\/strong><\/p>\n\n\n\n<p>&gt;<\/p>\n<\/div>\n<\/div>\n<\/a>\n\n<a href=\"\/ru\/ehitusjaatmed-ja-suurjaatmed\/\"    class=\"kiirlink wp-block-tiptip-hyperlink-group-block\" >\n<div class=\"wp-block-group kiirlink has-contrast-color has-accent-5-background-color has-text-color has-background has-link-color wp-elements-7c61daf90304f95c6e589b5dd066e855 wp-container-content-9cfa9a5a has-global-padding is-layout-constrained wp-container-core-group-is-layout-7dbde58c wp-block-group-is-layout-constrained\" style=\"border-radius:0px;border-top-color:var(--wp--preset--color--contrast);border-top-width:1px;border-bottom-style:none;border-bottom-width:0px;padding-top:1rem;padding-right:var(--wp--preset--spacing--10);padding-bottom:1rem;padding-left:var(--wp--preset--spacing--10)\">\n<div class=\"wp-block-group is-content-justification-space-between is-nowrap is-layout-flex wp-container-core-group-is-layout-2b43bde3 wp-block-group-is-layout-flex\" style=\"padding-top:0;padding-bottom:0\">\n<p class=\"wp-container-content-9cfa9a5a\"><strong>\u0421\u0442\u0440\u043e\u0438\u0442\u0435\u043b\u044c\u043d\u044b\u0439 \u043c\u0443\u0441\u043e\u0440 \u0438 \u043a\u0440\u0443\u043f\u043d\u044b\u0435 \u043e\u0442\u0445\u043e\u0434\u044b<\/strong><\/p>\n\n\n\n<p>&gt;<\/p>\n<\/div>\n<\/div>\n<\/a>\n\n<a href=\"\/ru\/taaskasutus\/\"    class=\"kiirlink wp-block-tiptip-hyperlink-group-block\" >\n<div class=\"wp-block-group kiirlink has-contrast-color has-accent-5-background-color has-text-color has-background has-link-color wp-elements-7c61daf90304f95c6e589b5dd066e855 wp-container-content-9cfa9a5a has-global-padding is-layout-constrained wp-container-core-group-is-layout-7dbde58c wp-block-group-is-layout-constrained\" style=\"border-radius:0px;border-top-color:var(--wp--preset--color--contrast);border-top-width:1px;border-bottom-style:none;border-bottom-width:0px;padding-top:1rem;padding-right:var(--wp--preset--spacing--10);padding-bottom:1rem;padding-left:var(--wp--preset--spacing--10)\">\n<div class=\"wp-block-group is-content-justification-space-between is-nowrap is-layout-flex wp-container-core-group-is-layout-2b43bde3 wp-block-group-is-layout-flex\" style=\"padding-top:0;padding-bottom:0\">\n<p class=\"wp-container-content-9cfa9a5a\"><strong>\u041f\u0435\u0440\u0435\u0440\u0430\u0431\u043e\u0442\u043a\u0430<\/strong><\/p>\n\n\n\n<p>&gt;<\/p>\n<\/div>\n<\/div>\n<\/a><\/div>\n<\/div>\n<\/div>\n\n\n\n<p><\/p>","protected":false},"excerpt":{"rendered":"<p>Mida arenenum on \u00fchiskond, seda rohkem pr\u00fcgi toodetakse. Rohkem pr\u00fcgi t\u00e4hendab aga suuremat tarbimist ja ressursside raiskamist. Et seda protsessi pidurdada, on h\u00e4davajalik j\u00e4\u00e4tmete sorteerimine ja taaskasutamine. Siis j\u00e4\u00e4b eluks [&hellip;]<\/p>\n","protected":false},"author":1,"featured_media":0,"parent":1548,"menu_order":3,"comment_status":"closed","ping_status":"closed","template":"page-wide","meta":{"_EventAllDay":false,"_EventTimezone":"","_EventStartDate":"","_EventEndDate":"","_EventStartDateUTC":"","_EventEndDateUTC":"","_EventShowMap":false,"_EventShowMapLink":false,"_EventURL":"","_EventCost":"","_EventCostDescription":"","_EventCurrencySymbol":"","_EventCurrencyCode":"","_EventCurrencyPosition":"","_EventDateTimeSeparator":"","_EventTimeRangeSeparator":"","_EventOrganizerID":[],"_EventVenueID":[],"_OrganizerEmail":"","_OrganizerPhone":"","_OrganizerWebsite":"","_VenueAddress":"","_VenueCity":"","_VenueCountry":"","_VenueProvince":"","_VenueState":"","_VenueZip":"","_VenuePhone":"","_VenueURL":"","_VenueStateProvince":"","_VenueLat":"","_VenueLng":"","_VenueShowMap":false,"_VenueShowMapLink":false,"footnotes":""},"class_list":["post-1607","page","type-page","status-publish","hentry"],"_links":{"self":[{"href":"https:\/\/kohtla-jarve.ee\/ru\/wp-json\/wp\/v2\/pages\/1607","targetHints":{"allow":["GET"]}}],"collection":[{"href":"https:\/\/kohtla-jarve.ee\/ru\/wp-json\/wp\/v2\/pages"}],"about":[{"href":"https:\/\/kohtla-jarve.ee\/ru\/wp-json\/wp\/v2\/types\/page"}],"author":[{"embeddable":true,"href":"https:\/\/kohtla-jarve.ee\/ru\/wp-json\/wp\/v2\/users\/1"}],"replies":[{"embeddable":true,"href":"https:\/\/kohtla-jarve.ee\/ru\/wp-json\/wp\/v2\/comments?post=1607"}],"version-history":[{"count":14,"href":"https:\/\/kohtla-jarve.ee\/ru\/wp-json\/wp\/v2\/pages\/1607\/revisions"}],"predecessor-version":[{"id":1793,"href":"https:\/\/kohtla-jarve.ee\/ru\/wp-json\/wp\/v2\/pages\/1607\/revisions\/1793"}],"up":[{"embeddable":true,"href":"https:\/\/kohtla-jarve.ee\/ru\/wp-json\/wp\/v2\/pages\/1548"}],"wp:attachment":[{"href":"https:\/\/kohtla-jarve.ee\/ru\/wp-json\/wp\/v2\/media?parent=1607"}],"curies":[{"name":"wp","href":"https:\/\/api.w.org\/{rel}","templated":true}]}}