{"id":1581,"date":"2025-09-25T13:57:17","date_gmt":"2025-09-25T10:57:17","guid":{"rendered":"https:\/\/kohtla-jarve.ee\/?page_id=1581"},"modified":"2025-10-01T16:03:55","modified_gmt":"2025-10-01T13:03:55","slug":"korraldatud-jaatmevedu","status":"publish","type":"page","link":"https:\/\/kohtla-jarve.ee\/ru\/keskkond-ehitus-ja-haldus\/keskkond-ja-jaatmed\/korraldatud-jaatmevedu\/","title":{"rendered":"\u041e\u0440\u0433\u0430\u043d\u0438\u0437\u043e\u0432\u0430\u043d\u043d\u0430\u044f \u0442\u0440\u0430\u043d\u0441\u043f\u043e\u0440\u0442\u0438\u0440\u043e\u0432\u043a\u0430 \u043e\u0442\u0445\u043e\u0434\u043e\u0432"},"content":{"rendered":"\n<div class=\"wp-block-columns reverse-mobile is-layout-flex wp-container-core-columns-is-layout-658170e2 wp-block-columns-is-layout-flex\">\n<div class=\"wp-block-column is-layout-flow wp-block-column-is-layout-flow\" style=\"flex-basis:66.66%\">\n<div class=\"wp-block-group has-global-padding is-layout-constrained wp-block-group-is-layout-constrained\">\n<h2 class=\"wp-block-heading\">Kohtla-J\u00e4rve korraldatud j\u00e4\u00e4tmevedu<\/h2>\n\n\n\n<p>Korraldatud j\u00e4\u00e4tmevedu on olmej\u00e4\u00e4tmete kogumine ja vedamine m\u00e4\u00e4ratud piirkonnast m\u00e4\u00e4ratud j\u00e4\u00e4tmek\u00e4itluskohta v\u00f5i -kohtades kohaliku omavalitsuse \u00fcksuse korraldatud konkursi korras valitud ettev\u00f5tja poolt.<\/p>\n\n\n\n<p>Vastavalt j\u00e4\u00e4tmeseadusele on kohalikul omavalitsusel kohustus organiseerida oma haldusterritooriumil korraldatud olmej\u00e4\u00e4tmevedu ehk korraldatud j\u00e4\u00e4tmevedu t\u00e4hendab seda, et majapidamises tekkivad olmej\u00e4\u00e4tmed kogub ja transpordib j\u00e4\u00e4tmeveoettev\u00f5te, kelle linn on hanke korras edaspidi riigihangete seaduse alusel andnud ainu\u00f5iguse teenindada j\u00e4\u00e4tmeveopiirkonda. Ainu\u00f5iguse andmisel saab otsustavaks hankel konkureerivate j\u00e4\u00e4tmeveoettev\u00f5tete poolt elanikele pakutud madalaim teenusehind.<\/p>\n\n\n\n<p>Vastavalt korraldatud j\u00e4\u00e4tmeveo ainu\u00f5iguse lepingule teostab perioodil 13.04.2021-13.04.2026. a &nbsp;Kohtla-J\u00e4rve linna veopiirkondades nr 1 ja 2 j\u00e4\u00e4tmete vedu O\u00dc EKOVIR.<\/p>\n\n\n\n<hr class=\"wp-block-separator has-alpha-channel-opacity is-style-wide\" style=\"margin-top:var(--wp--preset--spacing--20);margin-bottom:var(--wp--preset--spacing--20)\"\/>\n\n\n\n<div class=\"wp-block-group is-layout-flow wp-block-group-is-layout-flow\">\n<details class=\"wp-block-details is-layout-flow wp-block-details-is-layout-flow\"><summary>Korraldatud j\u00e4\u00e4tmeveoga h\u00f5lmatud linnaosad Kohtla-J\u00e4rvel&nbsp;<\/summary>\n<p>Kohtla-J\u00e4rve linn koosneb viiest geograafiliselt eraldi paiknevast linnaosast J\u00e4rve, Ahtme, Sompa, Oru, Kukruse, mist\u00f5ttu on linna haldusterritoorium jaotatud kaheks veopiirkonnaks: &nbsp;<\/p>\n\n\n\n<p>j\u00e4\u00e4tmeveo teine piirkond h\u00f5lmab tervenisti Ahtme, Sompa ja Oru linnaosa.<\/p>\n\n\n\n<p>j\u00e4\u00e4tmeveo esimene piirkond h\u00f5lmab tervenisti J\u00e4rve ja Kukruse linnaosa;<\/p>\n<\/details>\n\n\n\n<hr class=\"wp-block-separator has-alpha-channel-opacity is-style-wide\" style=\"margin-top:0;margin-bottom:0\"\/>\n\n\n\n<details class=\"wp-block-details is-style-default has-medium-font-size is-layout-flow wp-block-details-is-layout-flow\"><summary>Korraldatud j\u00e4\u00e4tmeveoga h\u00f5lmatud j\u00e4\u00e4tmeliigid<\/summary>\n<p class=\"has-medium-font-size\">Korraldatud j\u00e4\u00e4tmeveoga on h\u00f5lmatud j\u00e4rgnevad j\u00e4\u00e4tmeliigid:<\/p>\n\n\n\n<ul class=\"wp-block-list is-style-checkmark-list\">\n<li>paber ja kartong<\/li>\n\n\n\n<li>biolagundatavad k\u00f6\u00f6gi- ja s\u00f6\u00f6klaj\u00e4\u00e4tmed<\/li>\n\n\n\n<li>segaolmej\u00e4\u00e4tmed (pr\u00fcgi)<\/li>\n\n\n\n<li>suurj\u00e4\u00e4tmed<\/li>\n<\/ul>\n\n\n\n<p>Antud j\u00e4\u00e4tmeliigid tohib \u00fcle anda ainult piirkonda lepinguliselt teenindavale j\u00e4\u00e4tmevedajale.<br>Teistel j\u00e4\u00e4tmek\u00e4itlusettev\u00f5tetel puudub perioodil&nbsp;13.04.2021-13.04.2026. a&nbsp; \u00f5igus nimetatud piirkondades eelpoolnimetatud j\u00e4\u00e4tmeid koguda ja k\u00e4idelda ning j\u00e4\u00e4tmetekitajal puudub \u00f5igus teistele vedajatele nimetatud j\u00e4\u00e4tmete \u00fcleandmiseks.<\/p>\n\n\n\n<p>Piirkondades ainu\u00f5iguse v\u00f5itnud j\u00e4\u00e4tmevedajad v\u00f5tavad j\u00e4\u00e4tmevaldajatega ise \u00fchendust lepingute s\u00f5lmimiseks. Kuigi korraldatud j\u00e4\u00e4tmeveo rakendumisel ei ole j\u00e4\u00e4tmek\u00e4itluslepingu s\u00f5lmimine tingimata kohustuslik, on see v\u00e4gagi soovitatav. J\u00e4\u00e4tmek\u00e4itluslepinguga saab t\u00e4psustada j\u00e4\u00e4tmemahutite t\u00fchjendamise sagedust ja aega, konteinerite renditingimusi, teenuse eest maksmise tingimusi, lisateenuseid ja muid j\u00e4\u00e4tmeveoga seonduvaid \u00fcksikasju.<\/p>\n\n\n\n<p class=\"has-medium-font-size\">Nende j\u00e4\u00e4tmeliikide, mis ei ole h\u00f5lmatud korraldatud j\u00e4\u00e4tmeveoga (n\u00e4iteks pakendij\u00e4\u00e4tmed, ehitus-lammutuspraht) teenindamist v\u00f5ivad j\u00e4tkata ka teised j\u00e4\u00e4tmeveofirmad. J\u00e4\u00e4tmevaldajal on v\u00f5imalik otsustada, kas s\u00e4ilitada pakendikonteineri t\u00fchjendamiseks leping senise veofirmaga v\u00f5i s\u00f5lmida ka pakendij\u00e4\u00e4tmete \u00e4raveoks leping O\u00dc Ekovir.<\/p>\n<\/details>\n\n\n\n<hr class=\"wp-block-separator has-alpha-channel-opacity is-style-wide\" style=\"margin-top:0;margin-bottom:0\"\/>\n\n\n\n<details class=\"wp-block-details is-style-default has-medium-font-size is-layout-flow wp-block-details-is-layout-flow\"><summary>\u00d5igusaktid<\/summary>\n<p class=\"has-medium-font-size\">J\u00e4rgnevad \u00f5igusaktid reguleerivad j\u00e4\u00e4tmek\u00e4itlust Kohtla-J\u00e4rve linna haldusterritooriumil:<\/p>\n\n\n\n<ul class=\"wp-block-list\">\n<li><a href=\"https:\/\/www.riigiteataja.ee\/akt\/130122015012\" target=\"_blank\" rel=\"noreferrer noopener\">J\u00e4\u00e4tmeseadus<\/a> <span class=\"wp-rich-text-font-awesome-icon wp-font-awesome-icon\"><svg aria-hidden=\"true\" focusable=\"false\" data-prefix=\"fas\" data-icon=\"arrow-up-right-from-square\" class=\"svg-inline--fa fa-arrow-up-right-from-square \" role=\"img\" xmlns=\"http:\/\/www.w3.org\/2000\/svg\" viewBox=\"0 0 512 512\"><path fill=\"currentColor\" d=\"M320 0c-17.7 0-32 14.3-32 32s14.3 32 32 32l82.7 0L201.4 265.4c-12.5 12.5-12.5 32.8 0 45.3s32.8 12.5 45.3 0L448 109.3l0 82.7c0 17.7 14.3 32 32 32s32-14.3 32-32l0-160c0-17.7-14.3-32-32-32L320 0zM80 32C35.8 32 0 67.8 0 112L0 432c0 44.2 35.8 80 80 80l320 0c44.2 0 80-35.8 80-80l0-112c0-17.7-14.3-32-32-32s-32 14.3-32 32l0 112c0 8.8-7.2 16-16 16L80 448c-8.8 0-16-7.2-16-16l0-320c0-8.8 7.2-16 16-16l112 0c17.7 0 32-14.3 32-32s-14.3-32-32-32L80 32z\"><\/path><\/svg><\/span><\/li>\n\n\n\n<li><a href=\"https:\/\/www.riigiteataja.ee\/akt\/408092020009\" target=\"_blank\" rel=\"noreferrer noopener\">Kohtla-J\u00e4rve j\u00e4\u00e4tmehoolduseeskiri<\/a> <span class=\"wp-rich-text-font-awesome-icon wp-font-awesome-icon\"><svg aria-hidden=\"true\" focusable=\"false\" data-prefix=\"fas\" data-icon=\"arrow-up-right-from-square\" class=\"svg-inline--fa fa-arrow-up-right-from-square \" role=\"img\" xmlns=\"http:\/\/www.w3.org\/2000\/svg\" viewBox=\"0 0 512 512\"><path fill=\"currentColor\" d=\"M320 0c-17.7 0-32 14.3-32 32s14.3 32 32 32l82.7 0L201.4 265.4c-12.5 12.5-12.5 32.8 0 45.3s32.8 12.5 45.3 0L448 109.3l0 82.7c0 17.7 14.3 32 32 32s32-14.3 32-32l0-160c0-17.7-14.3-32-32-32L320 0zM80 32C35.8 32 0 67.8 0 112L0 432c0 44.2 35.8 80 80 80l320 0c44.2 0 80-35.8 80-80l0-112c0-17.7-14.3-32-32-32s-32 14.3-32 32l0 112c0 8.8-7.2 16-16 16L80 448c-8.8 0-16-7.2-16-16l0-320c0-8.8 7.2-16 16-16l112 0c17.7 0 32-14.3 32-32s-14.3-32-32-32L80 32z\"><\/path><\/svg><\/span><\/li>\n\n\n\n<li><a href=\"https:\/\/www.riigiteataja.ee\/akt\/406042023035\" target=\"_blank\" rel=\"noreferrer noopener\">Kohtla-J\u00e4rve linna j\u00e4\u00e4tmekava aastateks 2023\u20132027\u00a0<\/a> <span class=\"wp-rich-text-font-awesome-icon wp-font-awesome-icon\"><svg aria-hidden=\"true\" focusable=\"false\" data-prefix=\"fas\" data-icon=\"arrow-up-right-from-square\" class=\"svg-inline--fa fa-arrow-up-right-from-square \" role=\"img\" xmlns=\"http:\/\/www.w3.org\/2000\/svg\" viewBox=\"0 0 512 512\"><path fill=\"currentColor\" d=\"M320 0c-17.7 0-32 14.3-32 32s14.3 32 32 32l82.7 0L201.4 265.4c-12.5 12.5-12.5 32.8 0 45.3s32.8 12.5 45.3 0L448 109.3l0 82.7c0 17.7 14.3 32 32 32s32-14.3 32-32l0-160c0-17.7-14.3-32-32-32L320 0zM80 32C35.8 32 0 67.8 0 112L0 432c0 44.2 35.8 80 80 80l320 0c44.2 0 80-35.8 80-80l0-112c0-17.7-14.3-32-32-32s-32 14.3-32 32l0 112c0 8.8-7.2 16-16 16L80 448c-8.8 0-16-7.2-16-16l0-320c0-8.8 7.2-16 16-16l112 0c17.7 0 32-14.3 32-32s-14.3-32-32-32L80 32z\"><\/path><\/svg><\/span><\/li>\n\n\n\n<li><a href=\"https:\/\/www.riigiteataja.ee\/akt\/414052019004\" target=\"_blank\" rel=\"noreferrer noopener\">Kohtla-J\u00e4rve linna j\u00e4\u00e4tmevaldajate registri pidamise p\u00f5him\u00e4\u00e4rus<\/a> <span class=\"wp-rich-text-font-awesome-icon wp-font-awesome-icon\"><svg aria-hidden=\"true\" focusable=\"false\" data-prefix=\"fas\" data-icon=\"arrow-up-right-from-square\" class=\"svg-inline--fa fa-arrow-up-right-from-square \" role=\"img\" xmlns=\"http:\/\/www.w3.org\/2000\/svg\" viewBox=\"0 0 512 512\"><path fill=\"currentColor\" d=\"M320 0c-17.7 0-32 14.3-32 32s14.3 32 32 32l82.7 0L201.4 265.4c-12.5 12.5-12.5 32.8 0 45.3s32.8 12.5 45.3 0L448 109.3l0 82.7c0 17.7 14.3 32 32 32s32-14.3 32-32l0-160c0-17.7-14.3-32-32-32L320 0zM80 32C35.8 32 0 67.8 0 112L0 432c0 44.2 35.8 80 80 80l320 0c44.2 0 80-35.8 80-80l0-112c0-17.7-14.3-32-32-32s-32 14.3-32 32l0 112c0 8.8-7.2 16-16 16L80 448c-8.8 0-16-7.2-16-16l0-320c0-8.8 7.2-16 16-16l112 0c17.7 0 32-14.3 32-32s-14.3-32-32-32L80 32z\"><\/path><\/svg><\/span><\/li>\n<\/ul>\n<\/details>\n\n\n\n<hr class=\"wp-block-separator has-alpha-channel-opacity is-style-wide\" style=\"margin-top:0;margin-bottom:0\"\/>\n\n\n\n<details class=\"wp-block-details is-style-default has-medium-font-size is-layout-flow wp-block-details-is-layout-flow\"><summary>Korraldatud j\u00e4\u00e4tmeveo eesm\u00e4rk<\/summary>\n<p class=\"has-medium-font-size\">Korraldatud j\u00e4\u00e4tmeveo eesm\u00e4rgiks on eelk\u00f5ige liita kogu elanikkond j\u00e4\u00e4tmeveoga ning seel\u00e4bi ennetada keskkonna prahistamist. Kaob omanikuta j\u00e4\u00e4tmete probleem, sest elanikud peavad oma j\u00e4\u00e4tmete k\u00e4itlemise eest maksma niikuinii ja vedaja peab \u00e4ra vedama ka selle, mis pr\u00fcgikonteineri k\u00f5rvale pannakse. Linnapildist kaovad \u00fcle \u00e4\u00e4re ajavad konteinerid. Kaob motiiv pr\u00fcgi v\u00f5\u00f5rastesse konteineritesse v\u00f5i metsa alla viia.<\/p>\n\n\n\n<p>Oluline aspekt on j\u00e4\u00e4tmeveo teenuse kvaliteedi parandamine ja teenuse hinna kontrollimine. Pr\u00fcgiveo hind v\u00f5ib muutuda soodsamaks j\u00e4\u00e4tmete sorteerimise l\u00e4bi. Liigiti kogumise kaudu lihtsustub vanapaberi- ja kartongi ning biolagunevate j\u00e4\u00e4tmete taaskasutamine ehk toimub inimeste keskkonnateadlikkuse kasvatamine majanduslike hoobade abil.<\/p>\n\n\n\n<p>Kvaliteetsem pr\u00fcgiveoteenus. Vedaja on distsiplineeritud lepingutega linn-vedaja ja vedaja-valdaja, samuti j\u00e4\u00e4tmehoolduseeskirja ja korraldatud j\u00e4\u00e4tmeveo rakendamise juhendiga. Nende tingimusi rikkudes riskib vedaja ainu\u00f5iguse kaotamisega.<\/p>\n\n\n\n<p>Puhtam linna\u00f5hk, v\u00e4hem m\u00fcra ja v\u00e4iksem liikluskoormus. T\u00e4nu paremale j\u00e4\u00e4tmeveo logistikale v\u00e4heneb pr\u00fcgiveoautode poolt tekitatav liikluskoormus ning m\u00fcra- ja \u00f5husaaste. Kui t\u00e4na s\u00f5idab enam-v\u00e4hem sama marsruuti mitu pr\u00fcgiveoautot, kes t\u00fchjendavad naabermajade j\u00e4\u00e4tmekonteinereid, siis korraldatud j\u00e4\u00e4tmeveopiirkonnas toimetab ainult \u00fche ettev\u00f5tte auto. Sisekvartalite t\u00e4navakate on v\u00e4hem koormatud raskete pr\u00fcgiveokitega ja kestab kauem.<\/p>\n\n\n\n<p class=\"has-medium-font-size\">Aedlinnades on v\u00e4hem suitsu ja m\u00fcrgiseid gaase. J\u00e4\u00e4b \u00e4ra j\u00e4\u00e4tmete kontrollimatu p\u00f5letamine, sest elanik on j\u00e4\u00e4tmeveo s\u00fcsteemiga liitunud ja peab pr\u00fcgiveo eest maksma igal juhul.<\/p>\n<\/details>\n\n\n\n<hr class=\"wp-block-separator has-alpha-channel-opacity is-style-wide\" style=\"margin-top:0;margin-bottom:0\"\/>\n\n\n\n<details class=\"wp-block-details is-style-default has-medium-font-size is-layout-flow wp-block-details-is-layout-flow\"><summary>Mida korraldatud j\u00e4\u00e4tmevedu endaga kaasa toob<\/summary>\n<p class=\"has-medium-font-size\">Korraldatud j\u00e4\u00e4tmeveoga loetakse liitunuks k\u00f5ik piirkonnas asuvad j\u00e4\u00e4tmevaldajad, nii eramajade omanikud, korteri\u00fchistud kui ka ettev\u00f5tjad. J\u00e4\u00e4tmevaldaja antud t\u00e4henduses on ka aiandus\u00fchistu, garaa\u017ei\u00fchistu ning hoone\u00fchistu, milles on moodustatud vastavalt seadusele mittetulundus\u00fching korraldamaks muuhulgas oma liikmete j\u00e4\u00e4tmemajandust. Mittetulundus\u00fching korraldab \u00fchiselt olmej\u00e4\u00e4tmete vedu, s\u00f5lmides selleks vastava lepingu j\u00e4\u00e4tmevedajaga. Mittetulundus\u00fchingu puudumisel korraldab j\u00e4\u00e4tmeveo selle kinnisasja omanik, millel asub garaa\u017e, suvila, elu- v\u00f5i \u00e4riruum.<\/p>\n\n\n\n<p>Korraldatud j\u00e4\u00e4tmeveoga liitumine on kohustuslik. O\u00dc EKOVIR alustab j\u00e4\u00e4tmete vedu k\u00f5ikidelt j\u00e4\u00e4tmevaldajatelt Kohtla-J\u00e4rve Linnavalitsuse poolt vedajale \u00fcle antud j\u00e4\u00e4tmevaldajate registris olevate andmete alusel, olenemata sellest, kas j\u00e4\u00e4tmevaldajaga on s\u00f5lmitud kirjalik leping v\u00f5i mitte.<\/p>\n\n\n\n<p>Nendel j\u00e4\u00e4tmevaldajatel, kellel oli j\u00e4\u00e4tmek\u00e4itlusleping ja pr\u00fcgivedu regulaarselt toimus, korraldatud j\u00e4\u00e4tmevedu olulisi muudatusi kaasa ei too. Kui eelnevalt oli leping s\u00f5lmitud vedajaga, kes piirkonna v\u00f5itis, siis j\u00e4\u00e4b ka j\u00e4\u00e4tmevedaja samaks.<\/p>\n\n\n\n<p class=\"has-medium-font-size\">Oluline muutus toimub nende j\u00e4\u00e4tmetekitajate jaoks, kellel t\u00e4naseni linna j\u00e4\u00e4tmehoolduseeskirja rikkudes pole veel j\u00e4\u00e4tmek\u00e4itluslepingut \u00fchegi pr\u00fcgivedajaga s\u00f5lmitud. Sellest ka \u00fcks korraldatud j\u00e4\u00e4tmeveo eesm\u00e4rke &#8211; haarata kogu elanikkond j\u00e4\u00e4tmeveo s\u00fcsteemi ning seel\u00e4bi ennetada linna prahistamist.<\/p>\n<\/details>\n\n\n\n<hr class=\"wp-block-separator has-alpha-channel-opacity is-style-wide\" style=\"margin-top:0;margin-bottom:0\"\/>\n\n\n\n<details class=\"wp-block-details is-style-default has-medium-font-size is-layout-flow wp-block-details-is-layout-flow\"><summary>J\u00e4\u00e4tmeveo sagedus ja mahutite suurus&nbsp;<\/summary>\n<p class=\"has-medium-font-size\">Olmej\u00e4\u00e4tmete kogumise ja vedamise sagedused on s\u00e4testatud Kohtla-J\u00e4rve Linnavolikogu 27.08.2020. a m\u00e4\u00e4ruses nr 77 \u201e<a href=\"https:\/\/www.riigiteataja.ee\/akt\/408092020009\" target=\"_blank\" rel=\"noreferrer noopener\">Kohtla-J\u00e4rve j\u00e4\u00e4tmehoolduseeskiri<\/a>&#8221; \u00a7 16.<\/p>\n<\/details>\n\n\n\n<hr class=\"wp-block-separator has-alpha-channel-opacity is-style-wide\" style=\"margin-top:0;margin-bottom:0\"\/>\n\n\n\n<details class=\"wp-block-details is-style-default has-medium-font-size is-layout-flow wp-block-details-is-layout-flow\"><summary>Korraldatud j\u00e4\u00e4tmeveo hind<\/summary>\n<p class=\"has-medium-font-size\">J\u00e4\u00e4tmeveo hinnad leiate <a href=\"https:\/\/www.ekovir.ee\/index.php\/hinnakiri\/\" target=\"_blank\" rel=\"noreferrer noopener\">O\u00dc EKOVIR kodulehelt<\/a>.<\/p>\n<\/details>\n\n\n\n<hr class=\"wp-block-separator has-alpha-channel-opacity is-style-wide\" style=\"margin-top:0;margin-bottom:0\"\/>\n\n\n\n<details class=\"wp-block-details is-style-default has-medium-font-size is-layout-flow wp-block-details-is-layout-flow\"><summary>J\u00e4\u00e4tmeveo lepingu s\u00f5lmimine<\/summary>\n<p class=\"has-medium-font-size\">J\u00e4\u00e4tmeveo lepingu s\u00f5lmimiseks p\u00f6\u00f6rduda j\u00e4\u00e4tmevedaja&nbsp;<a href=\"https:\/\/www.ekovir.ee\/\" target=\"_blank\" rel=\"noreferrer noopener\">O\u00dc EKOVIR<\/a> poole.<\/p>\n<\/details>\n\n\n\n<hr class=\"wp-block-separator has-alpha-channel-opacity is-style-wide\" style=\"margin-top:0;margin-bottom:0\"\/>\n\n\n\n<details class=\"wp-block-details is-style-default has-medium-font-size is-layout-flow wp-block-details-is-layout-flow\"><summary>Erandjuhul korraldatud j\u00e4\u00e4tmeveoga mitteliitunuks lugemine<\/summary>\n<p class=\"has-medium-font-size\">J\u00e4\u00e4tmetekitajal on \u00f5igus esitada Kohtla-J\u00e4rve Linnavalitsusele taotlus enda t\u00e4htajaliseks ja erandkorras korraldatud j\u00e4\u00e4tmeveoga mitteliitunuks lugemiseks, kui kinnisasjal ei elata v\u00f5i kinnisasja ei kasutata. Vabastust korraldatud j\u00e4\u00e4tmeveost on v\u00f5imalik saada vaid juhul, kui kohaliku omavalitsuse \u00fcksus on veendunud, et kinnistul&nbsp;<strong>ei elata v\u00f5i kinnistut ei kasutata<\/strong>.&nbsp;<\/p>\n\n\n\n<p>Linnavalitsusel on \u00f5igus lugeda j\u00e4\u00e4tmevaldaja tema p\u00f5hjendatud taotluse alusel korraldatud j\u00e4\u00e4tmeveoga perioodiliselt mitteliitunuks kuni viieks aastaks.<\/p>\n\n\n\n<p><a href=\"https:\/\/kohtla-jarve.ee\/juhtimine-ja-majandus\/e-teenused-ja-blanketid\/keskkond-ja-jaatmed\/#korraldatud-jaatmevedu\">Info korraldatud j\u00e4\u00e4tmeveoga mitteliitunuks lugemise taotluse kohta<\/a> <span class=\"wp-rich-text-font-awesome-icon wp-font-awesome-icon\"><svg aria-hidden=\"true\" focusable=\"false\" data-prefix=\"fas\" data-icon=\"arrow-right\" class=\"svg-inline--fa fa-arrow-right \" role=\"img\" xmlns=\"http:\/\/www.w3.org\/2000\/svg\" viewBox=\"0 0 448 512\"><path fill=\"currentColor\" d=\"M438.6 278.6c12.5-12.5 12.5-32.8 0-45.3l-160-160c-12.5-12.5-32.8-12.5-45.3 0s-12.5 32.8 0 45.3L338.8 224 32 224c-17.7 0-32 14.3-32 32s14.3 32 32 32l306.7 0L233.4 393.4c-12.5 12.5-12.5 32.8 0 45.3s32.8 12.5 45.3 0l160-160z\"><\/path><\/svg><\/span><\/p>\n\n\n\n<p><strong>NB!&nbsp;<\/strong>Korraldatud j\u00e4\u00e4tmeveoga mitteliitunuks loetud j\u00e4\u00e4tmetekitaja esitab \u00fcks kord aastas, 20. jaanuariks Kohtla-J\u00e4rve Linnavalitsusele kirjaliku kinnituse, et kinnisasjal ei ole mitteliitunuks loetud perioodi kestel elatud v\u00f5i kinnisasja ei ole kasutatud.<\/p>\n\n\n\n<p class=\"has-medium-font-size\">Kinnituse esitamisel ei pea j\u00e4\u00e4tmevaldaja linnavalitsusele t\u00e4iendavalt esitama taotlust ning linnavalitsus menetleb esitatud kinnitust vastavalt j\u00e4\u00e4tmehoolduseeskirjas s\u00e4testatult. J\u00e4\u00e4tmevaldaja, kes ei ole esitanud eelpool viidatud kinnitust, loetakse korraldatud j\u00e4\u00e4tmeveoga liitunuks alates 21. jaanuarist.<\/p>\n<\/details>\n\n\n\n<hr class=\"wp-block-separator has-alpha-channel-opacity is-style-wide\" style=\"margin-top:0;margin-bottom:0\"\/>\n<\/div>\n<\/div>\n<\/div>\n\n\n\n<div class=\"wp-block-column no-bullets is-layout-flow wp-block-column-is-layout-flow\" style=\"padding-top:0\">\n<div class=\"wp-block-group has-global-padding is-layout-constrained wp-container-core-group-is-layout-86dba5ee wp-block-group-is-layout-constrained\" style=\"border-radius:3px;padding-top:var(--wp--preset--spacing--10);padding-right:var(--wp--preset--spacing--10);padding-bottom:var(--wp--preset--spacing--10);padding-left:var(--wp--preset--spacing--10);box-shadow:var(--wp--preset--shadow--vaike-vari-2)\">\n<h2 class=\"wp-block-heading has-large-font-size\" style=\"padding-top:0;padding-bottom:0\">J\u00e4\u00e4tmevedaja: O\u00dc EKOVIR<\/h2>\n\n\n\n<p>Registrikood: 11003148<\/p>\n\n\n\n<p><span class=\"wp-rich-text-font-awesome-icon wp-font-awesome-icon\"><svg aria-hidden=\"true\" focusable=\"false\" data-prefix=\"fas\" data-icon=\"location-dot\" class=\"svg-inline--fa fa-location-dot \" role=\"img\" xmlns=\"http:\/\/www.w3.org\/2000\/svg\" viewBox=\"0 0 384 512\"><path fill=\"currentColor\" d=\"M215.7 499.2C267 435 384 279.4 384 192C384 86 298 0 192 0S0 86 0 192c0 87.4 117 243 168.3 307.2c12.3 15.3 35.1 15.3 47.4 0zM192 128a64 64 0 1 1 0 128 64 64 0 1 1 0-128z\"><\/path><\/svg><\/span>Kaasiku 28, J\u00f5hvi k\u00fcla, 41541<br><span class=\"wp-rich-text-font-awesome-icon wp-font-awesome-icon\"><svg aria-hidden=\"true\" focusable=\"false\" data-prefix=\"fas\" data-icon=\"phone\" class=\"svg-inline--fa fa-phone \" role=\"img\" xmlns=\"http:\/\/www.w3.org\/2000\/svg\" viewBox=\"0 0 512 512\"><path fill=\"currentColor\" d=\"M164.9 24.6c-7.7-18.6-28-28.5-47.4-23.2l-88 24C12.1 30.2 0 46 0 64C0 311.4 200.6 512 448 512c18 0 33.8-12.1 38.6-29.5l24-88c5.3-19.4-4.6-39.7-23.2-47.4l-96-40c-16.3-6.8-35.2-2.1-46.3 11.6L304.7 368C234.3 334.7 177.3 277.7 144 207.3L193.3 167c13.7-11.2 18.4-30 11.6-46.3l-40-96z\"><\/path><\/svg><\/span><a href=\"tel:3366726\">336 6726<\/a><br><span class=\"wp-rich-text-font-awesome-icon wp-font-awesome-icon\"><svg aria-hidden=\"true\" focusable=\"false\" data-prefix=\"fas\" data-icon=\"envelope\" class=\"svg-inline--fa fa-envelope \" role=\"img\" xmlns=\"http:\/\/www.w3.org\/2000\/svg\" viewBox=\"0 0 512 512\"><path fill=\"currentColor\" d=\"M48 64C21.5 64 0 85.5 0 112c0 15.1 7.1 29.3 19.2 38.4L236.8 313.6c11.4 8.5 27 8.5 38.4 0L492.8 150.4c12.1-9.1 19.2-23.3 19.2-38.4c0-26.5-21.5-48-48-48L48 64zM0 176L0 384c0 35.3 28.7 64 64 64l384 0c35.3 0 64-28.7 64-64l0-208L294.4 339.2c-22.8 17.1-54 17.1-76.8 0L0 176z\"><\/path><\/svg><\/span>ekovir[a]ekovir.ee<br><span class=\"wp-rich-text-font-awesome-icon wp-font-awesome-icon\"><svg aria-hidden=\"true\" focusable=\"false\" data-prefix=\"fas\" data-icon=\"house\" class=\"svg-inline--fa fa-house \" role=\"img\" xmlns=\"http:\/\/www.w3.org\/2000\/svg\" viewBox=\"0 0 576 512\"><path fill=\"currentColor\" d=\"M575.8 255.5c0 18-15 32.1-32 32.1l-32 0 .7 160.2c0 2.7-.2 5.4-.5 8.1l0 16.2c0 22.1-17.9 40-40 40l-16 0c-1.1 0-2.2 0-3.3-.1c-1.4 .1-2.8 .1-4.2 .1L416 512l-24 0c-22.1 0-40-17.9-40-40l0-24 0-64c0-17.7-14.3-32-32-32l-64 0c-17.7 0-32 14.3-32 32l0 64 0 24c0 22.1-17.9 40-40 40l-24 0-31.9 0c-1.5 0-3-.1-4.5-.2c-1.2 .1-2.4 .2-3.6 .2l-16 0c-22.1 0-40-17.9-40-40l0-112c0-.9 0-1.9 .1-2.8l0-69.7-32 0c-18 0-32-14-32-32.1c0-9 3-17 10-24L266.4 8c7-7 15-8 22-8s15 2 21 7L564.8 231.5c8 7 12 15 11 24z\"><\/path><\/svg><\/span><a href=\"http:\/\/www.ekovir.ee\" target=\"_blank\" rel=\"noreferrer noopener\">Kodulehek\u00fclg<\/a><\/p>\n<\/div>\n\n\n\n<div class=\"wp-block-group has-global-padding is-layout-constrained wp-container-core-group-is-layout-86dba5ee wp-block-group-is-layout-constrained\" style=\"border-radius:3px;padding-top:var(--wp--preset--spacing--10);padding-right:var(--wp--preset--spacing--10);padding-bottom:var(--wp--preset--spacing--10);padding-left:var(--wp--preset--spacing--10);box-shadow:var(--wp--preset--shadow--vaike-vari-2)\">\n<h2 class=\"wp-block-heading has-large-font-size\" style=\"padding-top:0;padding-bottom:0\">Tellija: Kohtla-J\u00e4rve Linnavalitsus<\/h2>\n\n\n\n<p>Registrikood:75001017<\/p>\n\n\n\n<p><span class=\"wp-rich-text-font-awesome-icon wp-font-awesome-icon\"><svg aria-hidden=\"true\" focusable=\"false\" data-prefix=\"fas\" data-icon=\"location-dot\" class=\"svg-inline--fa fa-location-dot \" role=\"img\" xmlns=\"http:\/\/www.w3.org\/2000\/svg\" viewBox=\"0 0 384 512\"><path fill=\"currentColor\" d=\"M215.7 499.2C267 435 384 279.4 384 192C384 86 298 0 192 0S0 86 0 192c0 87.4 117 243 168.3 307.2c12.3 15.3 35.1 15.3 47.4 0zM192 128a64 64 0 1 1 0 128 64 64 0 1 1 0-128z\"><\/path><\/svg><\/span>Keskallee 19, Kohtla-J\u00e4rve, 30395<br><span class=\"wp-rich-text-font-awesome-icon wp-font-awesome-icon\"><svg aria-hidden=\"true\" focusable=\"false\" data-prefix=\"fas\" data-icon=\"phone\" class=\"svg-inline--fa fa-phone \" role=\"img\" xmlns=\"http:\/\/www.w3.org\/2000\/svg\" viewBox=\"0 0 512 512\"><path fill=\"currentColor\" d=\"M164.9 24.6c-7.7-18.6-28-28.5-47.4-23.2l-88 24C12.1 30.2 0 46 0 64C0 311.4 200.6 512 448 512c18 0 33.8-12.1 38.6-29.5l24-88c5.3-19.4-4.6-39.7-23.2-47.4l-96-40c-16.3-6.8-35.2-2.1-46.3 11.6L304.7 368C234.3 334.7 177.3 277.7 144 207.3L193.3 167c13.7-11.2 18.4-30 11.6-46.3l-40-96z\"><\/path><\/svg><\/span><a href=\"tel:3378500\">337 8500<\/a><br><span class=\"wp-rich-text-font-awesome-icon wp-font-awesome-icon\"><svg aria-hidden=\"true\" focusable=\"false\" data-prefix=\"fas\" data-icon=\"envelope\" class=\"svg-inline--fa fa-envelope \" role=\"img\" xmlns=\"http:\/\/www.w3.org\/2000\/svg\" viewBox=\"0 0 512 512\"><path fill=\"currentColor\" d=\"M48 64C21.5 64 0 85.5 0 112c0 15.1 7.1 29.3 19.2 38.4L236.8 313.6c11.4 8.5 27 8.5 38.4 0L492.8 150.4c12.1-9.1 19.2-23.3 19.2-38.4c0-26.5-21.5-48-48-48L48 64zM0 176L0 384c0 35.3 28.7 64 64 64l384 0c35.3 0 64-28.7 64-64l0-208L294.4 339.2c-22.8 17.1-54 17.1-76.8 0L0 176z\"><\/path><\/svg><\/span>linnavalitsus[a]kjlv.ee<\/p>\n<\/div>\n<\/div>\n<\/div>\n","protected":false},"excerpt":{"rendered":"<p>Kohtla-J\u00e4rve korraldatud j\u00e4\u00e4tmevedu Korraldatud j\u00e4\u00e4tmevedu on olmej\u00e4\u00e4tmete kogumine ja vedamine m\u00e4\u00e4ratud piirkonnast m\u00e4\u00e4ratud j\u00e4\u00e4tmek\u00e4itluskohta v\u00f5i -kohtades kohaliku omavalitsuse \u00fcksuse korraldatud konkursi korras valitud ettev\u00f5tja poolt. Vastavalt j\u00e4\u00e4tmeseadusele on kohalikul omavalitsusel [&hellip;]<\/p>\n","protected":false},"author":1,"featured_media":0,"parent":1548,"menu_order":2,"comment_status":"closed","ping_status":"closed","template":"page-wide","meta":{"_EventAllDay":false,"_EventTimezone":"","_EventStartDate":"","_EventEndDate":"","_EventStartDateUTC":"","_EventEndDateUTC":"","_EventShowMap":false,"_EventShowMapLink":false,"_EventURL":"","_EventCost":"","_EventCostDescription":"","_EventCurrencySymbol":"","_EventCurrencyCode":"","_EventCurrencyPosition":"","_EventDateTimeSeparator":"","_EventTimeRangeSeparator":"","_EventOrganizerID":[],"_EventVenueID":[],"_OrganizerEmail":"","_OrganizerPhone":"","_OrganizerWebsite":"","_VenueAddress":"","_VenueCity":"","_VenueCountry":"","_VenueProvince":"","_VenueState":"","_VenueZip":"","_VenuePhone":"","_VenueURL":"","_VenueStateProvince":"","_VenueLat":"","_VenueLng":"","_VenueShowMap":false,"_VenueShowMapLink":false,"footnotes":""},"class_list":["post-1581","page","type-page","status-publish","hentry"],"_links":{"self":[{"href":"https:\/\/kohtla-jarve.ee\/ru\/wp-json\/wp\/v2\/pages\/1581","targetHints":{"allow":["GET"]}}],"collection":[{"href":"https:\/\/kohtla-jarve.ee\/ru\/wp-json\/wp\/v2\/pages"}],"about":[{"href":"https:\/\/kohtla-jarve.ee\/ru\/wp-json\/wp\/v2\/types\/page"}],"author":[{"embeddable":true,"href":"https:\/\/kohtla-jarve.ee\/ru\/wp-json\/wp\/v2\/users\/1"}],"replies":[{"embeddable":true,"href":"https:\/\/kohtla-jarve.ee\/ru\/wp-json\/wp\/v2\/comments?post=1581"}],"version-history":[{"count":7,"href":"https:\/\/kohtla-jarve.ee\/ru\/wp-json\/wp\/v2\/pages\/1581\/revisions"}],"predecessor-version":[{"id":3210,"href":"https:\/\/kohtla-jarve.ee\/ru\/wp-json\/wp\/v2\/pages\/1581\/revisions\/3210"}],"up":[{"embeddable":true,"href":"https:\/\/kohtla-jarve.ee\/ru\/wp-json\/wp\/v2\/pages\/1548"}],"wp:attachment":[{"href":"https:\/\/kohtla-jarve.ee\/ru\/wp-json\/wp\/v2\/media?parent=1581"}],"curies":[{"name":"wp","href":"https:\/\/api.w.org\/{rel}","templated":true}]}}