{"id":1576,"date":"2025-09-25T13:29:36","date_gmt":"2025-09-25T10:29:36","guid":{"rendered":"https:\/\/kohtla-jarve.ee\/?page_id=1576"},"modified":"2025-09-25T13:29:46","modified_gmt":"2025-09-25T10:29:46","slug":"valisohk","status":"publish","type":"page","link":"https:\/\/kohtla-jarve.ee\/ru\/keskkond-ehitus-ja-haldus\/keskkond-ja-jaatmed\/valisohk\/","title":{"rendered":"\u0423\u043b\u0438\u0447\u043d\u044b\u0439 \u0432\u043e\u0437\u0434\u0443\u0445"},"content":{"rendered":"<p id=\"aui_3_4_0_1_1044\">\u0423\u043b\u0438\u0447\u043d\u044b\u0439 \u0432\u043e\u0437\u0434\u0443\u0445 - \u043e\u0434\u0438\u043d \u0438\u0437 \u0432\u0430\u0436\u043d\u0435\u0439\u0448\u0438\u0445 \u043a\u043e\u043c\u043f\u043e\u043d\u0435\u043d\u0442\u043e\u0432 \u043e\u043a\u0440\u0443\u0436\u0430\u044e\u0449\u0435\u0439 \u0441\u0440\u0435\u0434\u044b. \u0411\u043e\u043b\u044c\u0448\u0443\u044e \u0447\u0430\u0441\u0442\u044c \u0441\u0432\u043e\u0435\u0439 \u0436\u0438\u0437\u043d\u0438 \u043c\u044b \u0434\u044b\u0448\u0438\u043c \u0432\u043e\u0437\u0434\u0443\u0445\u043e\u043c \u0441\u043d\u0430\u0440\u0443\u0436\u0438. \u0412\u043e\u0437\u0434\u0443\u0445, \u043a\u043e\u0442\u043e\u0440\u044b\u043c \u043c\u044b \u0434\u044b\u0448\u0438\u043c \u0434\u043e\u043c\u0430, \u0442\u0430\u043a\u0436\u0435 \u0437\u0430\u0432\u0438\u0441\u0438\u0442 \u043e\u0442 \u0432\u043e\u0437\u0434\u0443\u0445\u0430 \u0441\u043d\u0430\u0440\u0443\u0436\u0438. \u0412 \u043a\u043e\u043d\u0446\u0435 \u043a\u043e\u043d\u0446\u043e\u0432, \u0442\u043e\u043b\u044c\u043a\u043e \u0441\u0432\u0435\u0436\u0438\u0439, \u0447\u0438\u0441\u0442\u044b\u0439 \u0443\u043b\u0438\u0447\u043d\u044b\u0439 \u0432\u043e\u0437\u0434\u0443\u0445 \u043c\u043e\u0436\u0435\u0442 \u043f\u0440\u043e\u0432\u0435\u0442\u0440\u0438\u0442\u044c \u043f\u043e\u043c\u0435\u0449\u0435\u043d\u0438\u0435. \u0412 \u0431\u043e\u043b\u0435\u0435 \u0448\u0438\u0440\u043e\u043a\u043e\u043c \u0441\u043c\u044b\u0441\u043b\u0435 \u0441\u0430\u043c\u043e \u0441\u0443\u0449\u0435\u0441\u0442\u0432\u043e\u0432\u0430\u043d\u0438\u0435 \u0436\u0438\u0437\u043d\u0438 \u0437\u0430\u0432\u0438\u0441\u0438\u0442 \u043e\u0442 \u0432\u043e\u0437\u0434\u0443\u0445\u0430, \u043a\u043e\u0442\u043e\u0440\u044b\u043c \u043c\u044b \u0434\u044b\u0448\u0438\u043c, \u0430 \u0442\u043e\u0447\u043d\u0435\u0435, \u043e\u0442 \u0441\u043e\u0434\u0435\u0440\u0436\u0430\u0449\u0438\u0445\u0441\u044f \u0432 \u043d\u0435\u043c \u0437\u0430\u0433\u0440\u044f\u0437\u043d\u044f\u044e\u0449\u0438\u0445 \u0432\u0435\u0449\u0435\u0441\u0442\u0432.<\/p>\n\n\n\n<p>\u0427\u0442\u043e\u0431\u044b \u0437\u0430\u0449\u0438\u0442\u0438\u0442\u044c \u0432\u043e\u0437\u0434\u0443\u0445 \u0432\u043e\u043a\u0440\u0443\u0433 \u043d\u0430\u0441&nbsp;<a href=\"https:\/\/www.riigiteataja.ee\/akt\/103072017015?leiaKehtiv\" target=\"_blank\" rel=\"noreferrer noopener\">\u0437\u0430\u043a\u043e\u043d \u043e\u0431 \u043e\u0445\u0440\u0430\u043d\u0435 \u0430\u0442\u043c\u043e\u0441\u0444\u0435\u0440\u043d\u043e\u0433\u043e \u0432\u043e\u0437\u0434\u0443\u0445\u0430<\/a>, \u043a\u043e\u0442\u043e\u0440\u044b\u0439 \u044f\u0432\u043b\u044f\u0435\u0442\u0441\u044f \u043e\u0441\u043d\u043e\u0432\u043e\u0439 \u0434\u043b\u044f \u043d\u043e\u0440\u043c\u0430\u0442\u0438\u0432\u043d\u044b\u0445 \u0430\u043a\u0442\u043e\u0432 \u0438 \u0434\u0440\u0443\u0433\u0438\u0445 \u0437\u0430\u043a\u043e\u043d\u043e\u0434\u0430\u0442\u0435\u043b\u044c\u043d\u044b\u0445 \u0430\u043a\u0442\u043e\u0432. \u0426\u0435\u043b\u044c \u0417\u0430\u043a\u043e\u043d\u0430 \u043e\u0431 \u043e\u0445\u0440\u0430\u043d\u0435 \u0430\u0442\u043c\u043e\u0441\u0444\u0435\u0440\u043d\u043e\u0433\u043e \u0432\u043e\u0437\u0434\u0443\u0445\u0430 - \u043e\u0431\u0435\u0441\u043f\u0435\u0447\u0438\u0442\u044c \u043f\u043e\u0434\u0434\u0435\u0440\u0436\u0430\u043d\u0438\u0435 \u0438 \u0443\u043b\u0443\u0447\u0448\u0435\u043d\u0438\u0435 \u043a\u0430\u0447\u0435\u0441\u0442\u0432\u0430 \u0432\u043e\u0437\u0434\u0443\u0445\u0430. \u0417\u0430\u043a\u043e\u043d \u0440\u0435\u0433\u0443\u043b\u0438\u0440\u0443\u0435\u0442 \u0434\u0435\u044f\u0442\u0435\u043b\u044c\u043d\u043e\u0441\u0442\u044c, \u043a\u043e\u0442\u043e\u0440\u0430\u044f \u043c\u043e\u0436\u0435\u0442 \u043e\u043a\u0430\u0437\u044b\u0432\u0430\u0442\u044c \u0432\u043b\u0438\u044f\u043d\u0438\u0435 \u043d\u0430 \u0430\u0442\u043c\u043e\u0441\u0444\u0435\u0440\u043d\u044b\u0439 \u0432\u043e\u0437\u0434\u0443\u0445.<\/p>\n\n\n\n<h3 class=\"wp-block-heading\"><strong>\u0421\u0442\u0430\u043d\u0446\u0438\u0438 \u043c\u043e\u043d\u0438\u0442\u043e\u0440\u0438\u043d\u0433\u0430<\/strong><\/h3>\n\n\n\n<p>\u0420\u0435\u0437\u0443\u043b\u044c\u0442\u0430\u0442\u044b \u0438\u0437\u043c\u0435\u0440\u0435\u043d\u0438\u0439 \u0438 \u043c\u043e\u0434\u0435\u043b\u0438\u0440\u043e\u0432\u0430\u043d\u0438\u044f \u043a\u0430\u0447\u0435\u0441\u0442\u0432\u0430 \u043d\u0430\u0440\u0443\u0436\u043d\u043e\u0433\u043e \u0432\u043e\u0437\u0434\u0443\u0445\u0430 \u0432 \u0440\u0435\u0430\u043b\u044c\u043d\u043e\u043c \u0432\u0440\u0435\u043c\u0435\u043d\u0438 \u0441\u0442\u0430\u043b\u0438 \u043e\u0431\u0449\u0435\u0434\u043e\u0441\u0442\u0443\u043f\u043d\u044b\u043c\u0438 <a href=\"http:\/\/airviro.klab.ee\/\" target=\"_blank\" rel=\"noreferrer noopener\">\u041d\u0430 \u0441\u0430\u0439\u0442\u0435 \u042d\u0441\u0442\u043e\u043d\u0441\u043a\u043e\u0433\u043e \u0446\u0435\u043d\u0442\u0440\u0430 \u044d\u043a\u043e\u043b\u043e\u0433\u0438\u0447\u0435\u0441\u043a\u0438\u0445 \u0438\u0441\u0441\u043b\u0435\u0434\u043e\u0432\u0430\u043d\u0438\u0439.<\/a><\/p>\n\n\n\n<p>\u0427\u0442\u043e\u0431\u044b \u0443\u0432\u0438\u0434\u0435\u0442\u044c \u0440\u0435\u0437\u0443\u043b\u044c\u0442\u0430\u0442\u044b \u0438\u0437\u043c\u0435\u0440\u0435\u043d\u0438\u0439 \u0438 \u043c\u043e\u0434\u0435\u043b\u0438\u0440\u043e\u0432\u0430\u043d\u0438\u044f \u0441\u0442\u0430\u043d\u0446\u0438\u0439 \u043c\u043e\u043d\u0438\u0442\u043e\u0440\u0438\u043d\u0433\u0430 \u0432 \u041a\u043e\u0445\u0442\u043b\u0430-\u042f\u0440\u0432\u0435, \u043d\u0435\u043e\u0431\u0445\u043e\u0434\u0438\u043c\u043e \u0432\u044b\u0431\u0440\u0430\u0442\u044c \u0438\u0437 \u0441\u043f\u0438\u0441\u043a\u0430 \u0441\u0442\u0430\u043d\u0446\u0438\u0439 \u043c\u043e\u043d\u0438\u0442\u043e\u0440\u0438\u043d\u0433\u0430: \u041a\u043e\u0445\u0442\u043b\u0430-\u042f\u0440\u0432\u0435 \u0438\u043b\u0438 VKG.<\/p>\n\n\n\n<h3 class=\"wp-block-heading\"><strong>\u0418\u0441\u0441\u043b\u0435\u0434\u043e\u0432\u0430\u043d\u0438\u044f \u043a\u0430\u0447\u0435\u0441\u0442\u0432\u0430 \u043d\u0430\u0440\u0443\u0436\u043d\u043e\u0433\u043e \u0432\u043e\u0437\u0434\u0443\u0445\u0430<\/strong><\/h3>\n\n\n\n<p><a href=\"https:\/\/envir.ee\/keskkonnakasutus\/valisohk\/uuringud-ja-aruanded\" target=\"_blank\" rel=\"noreferrer noopener\">\u041d\u0430 \u0441\u0430\u0439\u0442\u0435 \u0414\u0435\u043f\u0430\u0440\u0442\u0430\u043c\u0435\u043d\u0442\u0430 \u043f\u043e \u0438\u0437\u043c\u0435\u043d\u0435\u043d\u0438\u044e \u043a\u043b\u0438\u043c\u0430\u0442\u0430\u00a0<\/a>\u00a0\u041a\u0430\u0436\u0434\u044b\u0439 \u043c\u043e\u0436\u0435\u0442 \u043d\u0430\u0439\u0442\u0438 \u0438\u0441\u0441\u043b\u0435\u0434\u043e\u0432\u0430\u043d\u0438\u044f \u0438 \u043e\u0442\u0447\u0435\u0442\u044b \u043f\u043e \u0430\u0442\u043c\u043e\u0441\u0444\u0435\u0440\u043d\u043e\u043c\u0443 \u0432\u043e\u0437\u0434\u0443\u0445\u0443.<\/p>\n\n\n\n<p><a href=\"https:\/\/www.klab.ee\/wp-content\/uploads\/2025\/02\/Aruanne_KJ_2024_final110225.pdf\" target=\"_blank\" rel=\"noreferrer noopener\">\u0417\u0430\u043a\u043b\u044e\u0447\u0438\u0442\u0435\u043b\u044c\u043d\u044b\u0439 \u043e\u0442\u0447\u0435\u0442 \u043f\u043e \u043e\u0446\u0435\u043d\u043a\u0435 \u043a\u0430\u0447\u0435\u0441\u0442\u0432\u0430 \u0430\u0442\u043c\u043e\u0441\u0444\u0435\u0440\u043d\u043e\u0433\u043e \u0432\u043e\u0437\u0434\u0443\u0445\u0430, \u043d\u0435\u043f\u0440\u0438\u044f\u0442\u043d\u044b\u0445 \u0437\u0430\u043f\u0430\u0445\u043e\u0432 \u0438 \u0437\u0430\u0433\u0440\u044f\u0437\u043d\u044f\u044e\u0449\u0438\u0445 \u0432\u0435\u0449\u0435\u0441\u0442\u0432 \u0432 \u0433\u043e\u0440\u043e\u0434\u0435 \u041a\u043e\u0445\u0442\u043b\u0430-\u042f\u0440\u0432\u0435<\/a> (01.04.2023-31.08.2024) <span class=\"wp-rich-text-font-awesome-icon wp-font-awesome-icon\"><svg aria-hidden=\"true\" focusable=\"false\" data-prefix=\"fas\" data-icon=\"download\" class=\"svg-inline--fa fa-download\" role=\"img\" xmlns=\"http:\/\/www.w3.org\/2000\/svg\" viewbox=\"0 0 512 512\"><path fill=\"currentColor\" d=\"M288 32c0-17.7-14.3-32-32-32s-32 14.3-32 32l0 242.7-73.4-73.4c-12.5-12.5-32.8-12.5-45.3 0s-12.5 32.8 0 45.3l128 128c12.5 12.5 32.8 12.5 45.3 0l128-128c12.5-12.5 12.5-32.8 0-45.3s-32.8-12.5-45.3 0L288 274.7 288 32zM64 352c-35.3 0-64 28.7-64 64l0 32c0 35.3 28.7 64 64 64l384 0c35.3 0 64-28.7 64-64l0-32c0-35.3-28.7-64-64-64l-101.5 0-45.3 45.3c-25 25-65.5 25-90.5 0L165.5 352 64 352zm368 56a24 24 0 1 1 0 48 24 24 0 1 1 0-48z\"><\/path><\/svg><\/span><\/p>","protected":false},"excerpt":{"rendered":"<p>V\u00e4lis\u00f5hk on \u00fcks keskkonna elut\u00e4htsatest komponentidest.&nbsp;Elame suurema osa oma elust v\u00e4lis\u00f5hku hingates. V\u00e4lis\u00f5hust oleneb ka see, missugust \u00f5hku me hingame kodus. Tube saab ju tuulutada ainult v\u00e4rske ja puhta v\u00e4lis\u00f5huga. [&hellip;]<\/p>\n","protected":false},"author":1,"featured_media":0,"parent":1548,"menu_order":1,"comment_status":"closed","ping_status":"closed","template":"","meta":{"_EventAllDay":false,"_EventTimezone":"","_EventStartDate":"","_EventEndDate":"","_EventStartDateUTC":"","_EventEndDateUTC":"","_EventShowMap":false,"_EventShowMapLink":false,"_EventURL":"","_EventCost":"","_EventCostDescription":"","_EventCurrencySymbol":"","_EventCurrencyCode":"","_EventCurrencyPosition":"","_EventDateTimeSeparator":"","_EventTimeRangeSeparator":"","_EventOrganizerID":[],"_EventVenueID":[],"_OrganizerEmail":"","_OrganizerPhone":"","_OrganizerWebsite":"","_VenueAddress":"","_VenueCity":"","_VenueCountry":"","_VenueProvince":"","_VenueState":"","_VenueZip":"","_VenuePhone":"","_VenueURL":"","_VenueStateProvince":"","_VenueLat":"","_VenueLng":"","_VenueShowMap":false,"_VenueShowMapLink":false,"footnotes":""},"class_list":["post-1576","page","type-page","status-publish","hentry"],"_links":{"self":[{"href":"https:\/\/kohtla-jarve.ee\/ru\/wp-json\/wp\/v2\/pages\/1576","targetHints":{"allow":["GET"]}}],"collection":[{"href":"https:\/\/kohtla-jarve.ee\/ru\/wp-json\/wp\/v2\/pages"}],"about":[{"href":"https:\/\/kohtla-jarve.ee\/ru\/wp-json\/wp\/v2\/types\/page"}],"author":[{"embeddable":true,"href":"https:\/\/kohtla-jarve.ee\/ru\/wp-json\/wp\/v2\/users\/1"}],"replies":[{"embeddable":true,"href":"https:\/\/kohtla-jarve.ee\/ru\/wp-json\/wp\/v2\/comments?post=1576"}],"version-history":[{"count":2,"href":"https:\/\/kohtla-jarve.ee\/ru\/wp-json\/wp\/v2\/pages\/1576\/revisions"}],"predecessor-version":[{"id":1579,"href":"https:\/\/kohtla-jarve.ee\/ru\/wp-json\/wp\/v2\/pages\/1576\/revisions\/1579"}],"up":[{"embeddable":true,"href":"https:\/\/kohtla-jarve.ee\/ru\/wp-json\/wp\/v2\/pages\/1548"}],"wp:attachment":[{"href":"https:\/\/kohtla-jarve.ee\/ru\/wp-json\/wp\/v2\/media?parent=1576"}],"curies":[{"name":"wp","href":"https:\/\/api.w.org\/{rel}","templated":true}]}}