{"id":1095,"date":"2025-09-24T13:52:45","date_gmt":"2025-09-24T10:52:45","guid":{"rendered":"https:\/\/kohtla-jarve.ee\/?page_id=1095"},"modified":"2025-11-24T16:29:51","modified_gmt":"2025-11-24T14:29:51","slug":"istungid-eelnoud","status":"publish","type":"page","link":"https:\/\/kohtla-jarve.ee\/ru\/juhtimine-ja-majandus\/linna-juhtimine\/linnavolikogu\/istungid-eelnoud\/","title":{"rendered":"\u0417\u0430\u0441\u0435\u0434\u0430\u043d\u0438\u044f, \u043f\u0440\u043e\u0435\u043a\u0442\u044b \u043f\u043e\u0441\u0442\u0430\u043d\u043e\u0432\u043b\u0435\u043d\u0438\u0439"},"content":{"rendered":"<p>\u041e\u0447\u0435\u0440\u0435\u0434\u043d\u044b\u0435 \u0437\u0430\u0441\u0435\u0434\u0430\u043d\u0438\u044f \u0421\u043e\u0432\u0435\u0442\u0430 \u043f\u0440\u043e\u0432\u043e\u0434\u044f\u0442\u0441\u044f \u0432 \u043f\u043e\u0441\u043b\u0435\u0434\u043d\u0438\u0439 \u0447\u0435\u0442\u0432\u0435\u0440\u0433 \u043a\u0430\u0436\u0434\u043e\u0433\u043e \u043c\u0435\u0441\u044f\u0446\u0430, \u043d\u0430\u0447\u0430\u043b\u043e \u0432 16.00. \u0412 \u0438\u044e\u043b\u0435 \u043e\u0447\u0435\u0440\u0435\u0434\u043d\u044b\u0435 \u0437\u0430\u0441\u0435\u0434\u0430\u043d\u0438\u044f \u043d\u0435 \u043f\u0440\u043e\u0432\u043e\u0434\u044f\u0442\u0441\u044f. \u0415\u0441\u043b\u0438 \u0434\u0435\u043d\u044c \u0437\u0430\u0441\u0435\u0434\u0430\u043d\u0438\u044f \u0432\u044b\u043f\u0430\u0434\u0430\u0435\u0442 \u043d\u0430 \u043f\u0440\u0430\u0437\u0434\u043d\u0438\u0447\u043d\u044b\u0439 \u0434\u0435\u043d\u044c \u0438\u043b\u0438 \u0435\u0441\u043b\u0438 \u0446\u0435\u043b\u0435\u0441\u043e\u043e\u0431\u0440\u0430\u0437\u043d\u043e \u0438\u0437\u043c\u0435\u043d\u0438\u0442\u044c \u0432\u0440\u0435\u043c\u044f \u043f\u0440\u043e\u0432\u0435\u0434\u0435\u043d\u0438\u044f \u0437\u0430\u0441\u0435\u0434\u0430\u043d\u0438\u044f, \u041f\u0440\u0435\u0434\u0441\u0435\u0434\u0430\u0442\u0435\u043b\u044c \u0421\u043e\u0432\u0435\u0442\u0430 \u043d\u0430\u0437\u043d\u0430\u0447\u0430\u0435\u0442 \u0434\u0440\u0443\u0433\u043e\u0435 \u0432\u0440\u0435\u043c\u044f \u043f\u0440\u043e\u0432\u0435\u0434\u0435\u043d\u0438\u044f \u0437\u0430\u0441\u0435\u0434\u0430\u043d\u0438\u044f \u0438 \u0438\u043d\u0444\u043e\u0440\u043c\u0438\u0440\u0443\u0435\u0442 \u0421\u043e\u0432\u0435\u0442 \u043e\u0431 \u044d\u0442\u043e\u043c \u043d\u0430 \u043e\u0434\u043d\u043e\u043c \u0438\u0437 \u043f\u0440\u0435\u0434\u044b\u0434\u0443\u0449\u0438\u0445 \u0437\u0430\u0441\u0435\u0434\u0430\u043d\u0438\u0439 \u0421\u043e\u0432\u0435\u0442\u0430.<\/p>\n\n\n\n<ul class=\"wp-block-list is-style-checkmark-list\">\n<li><a href=\"https:\/\/wd.kohtla-jarve.ee\/?page=pub_list_dynobj&amp;desktop=1025&amp;tid=4945\" target=\"_blank\" rel=\"noreferrer noopener\">\u041f\u0440\u043e\u0442\u043e\u043a\u043e\u043b\u044b<\/a>&nbsp;<span class=\"wp-rich-text-font-awesome-icon wp-font-awesome-icon\"><svg aria-hidden=\"true\" focusable=\"false\" data-prefix=\"fas\" data-icon=\"arrow-up-right-from-square\" class=\"svg-inline--fa fa-arrow-up-right-from-square\" role=\"img\" xmlns=\"http:\/\/www.w3.org\/2000\/svg\" viewbox=\"0 0 512 512\"><path fill=\"currentColor\" d=\"M320 0c-17.7 0-32 14.3-32 32s14.3 32 32 32l82.7 0L201.4 265.4c-12.5 12.5-12.5 32.8 0 45.3s32.8 12.5 45.3 0L448 109.3l0 82.7c0 17.7 14.3 32 32 32s32-14.3 32-32l0-160c0-17.7-14.3-32-32-32L320 0zM80 32C35.8 32 0 67.8 0 112L0 432c0 44.2 35.8 80 80 80l320 0c44.2 0 80-35.8 80-80l0-112c0-17.7-14.3-32-32-32s-32 14.3-32 32l0 112c0 8.8-7.2 16-16 16L80 448c-8.8 0-16-7.2-16-16l0-320c0-8.8 7.2-16 16-16l112 0c17.7 0 32-14.3 32-32s-14.3-32-32-32L80 32z\"><\/path><\/svg><\/span><em>\u0412\u044b\u0431\u0435\u0440\u0438\u0442\u0435 - \u041f\u0440\u043e\u0442\u043e\u043a\u043e\u043b\u044b -&gt; \u041f\u0440\u043e\u0442\u043e\u043a\u043e\u043b\u044b \u0437\u0430\u0441\u0435\u0434\u0430\u043d\u0438\u0439 \u0433\u043e\u0440\u043e\u0434\u0441\u043a\u043e\u0433\u043e \u0441\u043e\u0431\u0440\u0430\u043d\u0438\u044f -&gt; \u041f\u043e\u0438\u0441\u043a<\/em><\/li>\n\n\n\n<li><a href=\"https:\/\/www.youtube.com\/@kohtla-jarvelinnavolikogu4097\/streams\" target=\"_blank\" rel=\"noreferrer noopener\">\u041f\u0440\u044f\u043c\u044b\u0435 \u0442\u0440\u0430\u043d\u0441\u043b\u044f\u0446\u0438\u0438 \u0437\u0430\u0441\u0435\u0434\u0430\u043d\u0438\u0439 \u0433\u043e\u0440\u0441\u043e\u0431\u0440\u0430\u043d\u0438\u044f<\/a> <span class=\"wp-rich-text-font-awesome-icon wp-font-awesome-icon\"><svg aria-hidden=\"true\" focusable=\"false\" data-prefix=\"fas\" data-icon=\"arrow-up-right-from-square\" class=\"svg-inline--fa fa-arrow-up-right-from-square\" role=\"img\" xmlns=\"http:\/\/www.w3.org\/2000\/svg\" viewbox=\"0 0 512 512\"><path fill=\"currentColor\" d=\"M320 0c-17.7 0-32 14.3-32 32s14.3 32 32 32l82.7 0L201.4 265.4c-12.5 12.5-12.5 32.8 0 45.3s32.8 12.5 45.3 0L448 109.3l0 82.7c0 17.7 14.3 32 32 32s32-14.3 32-32l0-160c0-17.7-14.3-32-32-32L320 0zM80 32C35.8 32 0 67.8 0 112L0 432c0 44.2 35.8 80 80 80l320 0c44.2 0 80-35.8 80-80l0-112c0-17.7-14.3-32-32-32s-32 14.3-32 32l0 112c0 8.8-7.2 16-16 16L80 448c-8.8 0-16-7.2-16-16l0-320c0-8.8 7.2-16 16-16l112 0c17.7 0 32-14.3 32-32s-14.3-32-32-32L80 32z\"><\/path><\/svg><\/span><\/li>\n\n\n\n<li><a href=\"https:\/\/kohtla-jarve.ee\/wp-content\/uploads\/2025\/09\/Kohtla-Jarve-linnavolikogu-liikmete-osavott-istungitest-alates-juunist-2024_uuendatud-22.05.25.xlsx\" target=\"_blank\" rel=\"noreferrer noopener\">\u0423\u0447\u0430\u0441\u0442\u0438\u0435 \u0434\u0435\u043f\u0443\u0442\u0430\u0442\u043e\u0432 \u0432 \u0437\u0430\u0441\u0435\u0434\u0430\u043d\u0438\u044f\u0445 \u0433\u043e\u0440\u0441\u043e\u0431\u0440\u0430\u043d\u0438\u044f \u0441 \u0438\u044e\u043d\u044f 2024 \u0433\u043e\u0434\u0430<\/a> <span class=\"wp-rich-text-font-awesome-icon wp-font-awesome-icon\"><svg aria-hidden=\"true\" focusable=\"false\" data-prefix=\"fas\" data-icon=\"download\" class=\"svg-inline--fa fa-download\" role=\"img\" xmlns=\"http:\/\/www.w3.org\/2000\/svg\" viewbox=\"0 0 512 512\"><path fill=\"currentColor\" d=\"M288 32c0-17.7-14.3-32-32-32s-32 14.3-32 32l0 242.7-73.4-73.4c-12.5-12.5-32.8-12.5-45.3 0s-12.5 32.8 0 45.3l128 128c12.5 12.5 32.8 12.5 45.3 0l128-128c12.5-12.5 12.5-32.8 0-45.3s-32.8-12.5-45.3 0L288 274.7 288 32zM64 352c-35.3 0-64 28.7-64 64l0 32c0 35.3 28.7 64 64 64l384 0c35.3 0 64-28.7 64-64l0-32c0-35.3-28.7-64-64-64l-101.5 0-45.3 45.3c-25 25-65.5 25-90.5 0L165.5 352 64 352zm368 56a24 24 0 1 1 0 48 24 24 0 1 1 0-48z\"><\/path><\/svg><\/span><\/li>\n<\/ul>\n\n\n\n<p><\/p>\n\n\n\n<div class=\"wp-block-group has-global-padding is-layout-constrained wp-container-core-group-is-layout-7db9d80f wp-block-group-is-layout-constrained\" style=\"padding-right:0;padding-left:0\">\n<div class=\"wp-block-query is-layout-flow wp-block-query-is-layout-flow\"><ul class=\"wp-block-post-template is-layout-flow wp-block-post-template-is-layout-flow\"><li class=\"wp-block-post post-7116 post type-post status-publish format-standard hentry category-linnavolikogu-istung\">\n\n<hr class=\"wp-block-separator has-text-color has-contrast-color has-alpha-channel-opacity has-contrast-background-color has-background is-style-wide\" style=\"margin-top:0.5rem;margin-bottom:0.5rem\"\/>\n\n\n<h2 class=\"wp-block-post-title has-medium-font-size\"><a href=\"https:\/\/kohtla-jarve.ee\/ru\/kohtla-jarve-linnavolikogu-xxi-koosseisu-9-istung-26-03-2026\/\" target=\"_self\" >9-\u044f \u0441\u0435\u0441\u0441\u0438\u044f \u041a\u043e\u0445\u0442\u043b\u0430-\u042f\u0440\u0432\u0435\u0441\u043a\u043e\u0433\u043e \u0433\u043e\u0440\u043e\u0434\u0441\u043a\u043e\u0433\u043e \u0441\u043e\u0431\u0440\u0430\u043d\u0438\u044f XXI \u0441\u0435\u0441\u0441\u0438\u044f 26.03.2026<\/a><\/h2>\n<\/li><li class=\"wp-block-post post-6798 post type-post status-publish format-standard hentry category-linnavolikogu-istung\">\n\n<hr class=\"wp-block-separator has-text-color has-contrast-color has-alpha-channel-opacity has-contrast-background-color has-background is-style-wide\" style=\"margin-top:0.5rem;margin-bottom:0.5rem\"\/>\n\n\n<h2 class=\"wp-block-post-title has-medium-font-size\"><a href=\"https:\/\/kohtla-jarve.ee\/ru\/kohtla-jarve-linnavolikogu-xxi-koosseisu-8-istung-erakorraline\/\" target=\"_self\" >8-\u044f \u0441\u0435\u0441\u0441\u0438\u044f \u041a\u043e\u0445\u0442\u043b\u0430-\u042f\u0440\u0432\u0435\u0441\u043a\u043e\u0433\u043e \u0433\u043e\u0440\u043e\u0434\u0441\u043a\u043e\u0433\u043e \u0441\u043e\u0431\u0440\u0430\u043d\u0438\u044f XXI \u0441\u0435\u0441\u0441\u0438\u044f (\u0432\u043d\u0435\u043e\u0447\u0435\u0440\u0435\u0434\u043d\u0430\u044f)<\/a><\/h2>\n<\/li><li class=\"wp-block-post post-6291 post type-post status-publish format-standard hentry category-linnavolikogu-istung\">\n\n<hr class=\"wp-block-separator has-text-color has-contrast-color has-alpha-channel-opacity has-contrast-background-color has-background is-style-wide\" style=\"margin-top:0.5rem;margin-bottom:0.5rem\"\/>\n\n\n<h2 class=\"wp-block-post-title has-medium-font-size\"><a href=\"https:\/\/kohtla-jarve.ee\/ru\/kohtla-jarve-linnavolikogu-xxi-koosseisu-7-istung-26-02-2026\/\" target=\"_self\" >\u0413\u043e\u0440\u043e\u0434\u0441\u043a\u043e\u0435 \u0441\u043e\u0431\u0440\u0430\u043d\u0438\u0435 \u041a\u043e\u0445\u0442\u043b\u0430-\u042f\u0440\u0432\u0435 7-\u0435 \u0437\u0430\u0441\u0435\u0434\u0430\u043d\u0438\u0435 XXI \u0441\u0435\u0441\u0441\u0438\u0438 26.02.2026<\/a><\/h2>\n<\/li><li class=\"wp-block-post post-5361 post type-post status-publish format-standard hentry category-linnavolikogu-istung\">\n\n<hr class=\"wp-block-separator has-text-color has-contrast-color has-alpha-channel-opacity has-contrast-background-color has-background is-style-wide\" style=\"margin-top:0.5rem;margin-bottom:0.5rem\"\/>\n\n\n<h2 class=\"wp-block-post-title has-medium-font-size\"><a href=\"https:\/\/kohtla-jarve.ee\/ru\/kohtla-jarve-linnavolikogu-xxi-koosseisu-6-istung-29-01-2026\/\" target=\"_self\" >\u0413\u043e\u0440\u043e\u0434\u0441\u043a\u043e\u0435 \u0441\u043e\u0431\u0440\u0430\u043d\u0438\u0435 \u041a\u043e\u0445\u0442\u043b\u0430-\u042f\u0440\u0432\u0435 XXI \u0441\u0435\u0441\u0441\u0438\u044f 6. \u0437\u0430\u0441\u0435\u0434\u0430\u043d\u0438\u0435 29.01.2026<\/a><\/h2>\n<\/li><li class=\"wp-block-post post-4918 post type-post status-publish format-standard hentry category-linnavolikogu-istung\">\n\n<hr class=\"wp-block-separator has-text-color has-contrast-color has-alpha-channel-opacity has-contrast-background-color has-background is-style-wide\" style=\"margin-top:0.5rem;margin-bottom:0.5rem\"\/>\n\n\n<h2 class=\"wp-block-post-title has-medium-font-size\"><a href=\"https:\/\/kohtla-jarve.ee\/ru\/kohtla-jarve-linnavolikogu-xxi-koosseisu-5-istung-7-01-2026-erakorraline\/\" target=\"_self\" >\u0413\u043e\u0440\u043e\u0434\u0441\u043a\u043e\u0435 \u0441\u043e\u0431\u0440\u0430\u043d\u0438\u0435 \u041a\u043e\u0445\u0442\u043b\u0430-\u042f\u0440\u0432\u0435 5-\u0435 \u0437\u0430\u0441\u0435\u0434\u0430\u043d\u0438\u0435 XXI \u0441\u0435\u0441\u0441\u0438\u0438 7.01.2026 (\u0432\u043d\u0435\u043e\u0447\u0435\u0440\u0435\u0434\u043d\u043e\u0435)<\/a><\/h2>\n<\/li><li class=\"wp-block-post post-4915 post type-post status-publish format-standard hentry category-linnavolikogu-istung\">\n\n<hr class=\"wp-block-separator has-text-color has-contrast-color has-alpha-channel-opacity has-contrast-background-color has-background is-style-wide\" style=\"margin-top:0.5rem;margin-bottom:0.5rem\"\/>\n\n\n<h2 class=\"wp-block-post-title has-medium-font-size\"><a href=\"https:\/\/kohtla-jarve.ee\/ru\/kohtla-jarve-linnavolikogu-xxi-koosseisu-4-istung-18-12-2025-erakorraline\/\" target=\"_self\" >\u0413\u043e\u0440\u043e\u0434\u0441\u043a\u043e\u0435 \u0441\u043e\u0431\u0440\u0430\u043d\u0438\u0435 \u041a\u043e\u0445\u0442\u043b\u0430-\u042f\u0440\u0432\u0435 XXI \u0441\u0435\u0441\u0441\u0438\u044f 4 18.12.2025 (\u0432\u043d\u0435\u043e\u0447\u0435\u0440\u0435\u0434\u043d\u0430\u044f)<\/a><\/h2>\n<\/li><li class=\"wp-block-post post-4911 post type-post status-publish format-standard hentry category-linnavolikogu-istung\">\n\n<hr class=\"wp-block-separator has-text-color has-contrast-color has-alpha-channel-opacity has-contrast-background-color has-background is-style-wide\" style=\"margin-top:0.5rem;margin-bottom:0.5rem\"\/>\n\n\n<h2 class=\"wp-block-post-title has-medium-font-size\"><a href=\"https:\/\/kohtla-jarve.ee\/ru\/kohtla-jarve-linnavolikogu-xxi-koosseisu-3-istung-18-12-2025\/\" target=\"_self\" >\u0413\u043e\u0440\u043e\u0434\u0441\u043a\u043e\u0435 \u0441\u043e\u0431\u0440\u0430\u043d\u0438\u0435 \u041a\u043e\u0445\u0442\u043b\u0430-\u042f\u0440\u0432\u0435 XXI \u0441\u0435\u0441\u0441\u0438\u044f 3 18.12.2025<\/a><\/h2>\n<\/li><li class=\"wp-block-post post-4580 post type-post status-publish format-standard hentry category-linnavolikogu-istung\">\n\n<hr class=\"wp-block-separator has-text-color has-contrast-color has-alpha-channel-opacity has-contrast-background-color has-background is-style-wide\" style=\"margin-top:0.5rem;margin-bottom:0.5rem\"\/>\n\n\n<h2 class=\"wp-block-post-title has-medium-font-size\"><a href=\"https:\/\/kohtla-jarve.ee\/ru\/kohtla-jarve-linnavolikogu-xxi-koosseisu-2-istung-10-12-2025-erakorraline\/\" target=\"_self\" >\u0413\u043e\u0440\u043e\u0434\u0441\u043a\u043e\u0435 \u0441\u043e\u0431\u0440\u0430\u043d\u0438\u0435 \u041a\u043e\u0445\u0442\u043b\u0430-\u042f\u0440\u0432\u0435 XXI \u0441\u0435\u0441\u0441\u0438\u044f 2 10.12.2025 (\u0432\u043d\u0435\u043e\u0447\u0435\u0440\u0435\u0434\u043d\u0430\u044f)<\/a><\/h2>\n<\/li><li class=\"wp-block-post post-4425 post type-post status-publish format-standard hentry category-linnavolikogu-istung\">\n\n<hr class=\"wp-block-separator has-text-color has-contrast-color has-alpha-channel-opacity has-contrast-background-color has-background is-style-wide\" style=\"margin-top:0.5rem;margin-bottom:0.5rem\"\/>\n\n\n<h2 class=\"wp-block-post-title has-medium-font-size\"><a href=\"https:\/\/kohtla-jarve.ee\/ru\/kohtla-jarve-linnavolikogu-xxi-koosseisu-1-istung-3-12-2025\/\" target=\"_self\" >\u0413\u043e\u0440\u043e\u0434\u0441\u043a\u043e\u0435 \u0441\u043e\u0431\u0440\u0430\u043d\u0438\u0435 \u041a\u043e\u0445\u0442\u043b\u0430-\u042f\u0440\u0432\u0435 XXI 1-\u044f \u0441\u0435\u0441\u0441\u0438\u044f 3.12.2025<\/a><\/h2>\n<\/li><li class=\"wp-block-post post-4193 post type-post status-publish format-standard has-post-thumbnail hentry category-linnavolikogu-istung category-uudised-ja-teated\">\n\n<hr class=\"wp-block-separator has-text-color has-contrast-color has-alpha-channel-opacity has-contrast-background-color has-background is-style-wide\" style=\"margin-top:0.5rem;margin-bottom:0.5rem\"\/>\n\n\n<h2 class=\"wp-block-post-title has-medium-font-size\"><a href=\"https:\/\/kohtla-jarve.ee\/ru\/kohtla-jarve-linnavolikogu-istung-27-11-2025\/\" target=\"_self\" >88-\u0435 \u0437\u0430\u0441\u0435\u0434\u0430\u043d\u0438\u0435 XX \u0441\u043e\u0437\u044b\u0432\u0430 \u041a\u043e\u0445\u0442\u043b\u0430-\u042f\u0440\u0432\u0435\u0441\u043a\u043e\u0433\u043e \u0433\u043e\u0440\u043e\u0434\u0441\u043a\u043e\u0433\u043e \u0441\u043e\u0431\u0440\u0430\u043d\u0438\u044f 27.11.2025<\/a><\/h2>\n<\/li><li class=\"wp-block-post post-3587 post type-post status-publish format-standard has-post-thumbnail hentry category-linnavolikogu-istung category-uudised-ja-teated\">\n\n<hr class=\"wp-block-separator has-text-color has-contrast-color has-alpha-channel-opacity has-contrast-background-color has-background is-style-wide\" style=\"margin-top:0.5rem;margin-bottom:0.5rem\"\/>\n\n\n<h2 class=\"wp-block-post-title has-medium-font-size\"><a href=\"https:\/\/kohtla-jarve.ee\/ru\/kohtla-jarve-linnavolikogu-xx-koosseisu-87-istung-31-10-2025-erakorraline\/\" target=\"_self\" >87-\u0435 \u0437\u0430\u0441\u0435\u0434\u0430\u043d\u0438\u0435 XX \u0441\u0435\u0441\u0441\u0438\u0438 \u041a\u043e\u0445\u0442\u043b\u0430-\u042f\u0440\u0432\u0435\u0441\u043a\u043e\u0433\u043e \u0433\u043e\u0440\u043e\u0434\u0441\u043a\u043e\u0433\u043e \u0441\u043e\u0431\u0440\u0430\u043d\u0438\u044f 31.10.2025 (\u0432\u043d\u0435\u043e\u0447\u0435\u0440\u0435\u0434\u043d\u043e\u0435)<\/a><\/h2>\n<\/li><\/ul>\n\n\n<div style=\"margin-top:0;margin-bottom:0;height:35px;width:0px\" aria-hidden=\"true\" class=\"wp-block-spacer\"><\/div>\n\n\n<nav class=\"wp-block-query-pagination is-content-justification-space-between is-layout-flex wp-container-core-query-pagination-is-layout-b2891da8 wp-block-query-pagination-is-layout-flex\" aria-label=\"\u0420\u0430\u0437\u0434\u0435\u043b\u0435\u043d\u0438\u0435 \u0441\u0442\u0440\u0430\u043d\u0438\u0446\u044b \u043d\u0430 \u0447\u0430\u0441\u0442\u0438\">\n\n\n<div class=\"wp-block-query-pagination-numbers\"><span aria-current=\"page\" class=\"page-numbers current\">1<\/span>\n<a class=\"page-numbers\" href=\"?query-1-page=2\">2<\/a><\/div>\n\n<a href=\"\/ru\/wp-json\/wp\/v2\/pages\/1095?query-1-page=2\" class=\"wp-block-query-pagination-next\">\u0421\u043b\u0435\u0434\u0443\u044e\u0449\u0430\u044f \u0441\u0442\u0440\u0430\u043d\u0438\u0446\u0430<\/a>\n<\/nav><\/div>\n<\/div>\n\n\n\n<p><a href=\"https:\/\/veebiarhiiv.digar.ee\/a\/20251016091223\/https:\/\/www.kohtla-jarve.ee\/ru\/eelnoud\" target=\"_blank\" rel=\"noreferrer noopener\">\u0421\u043c\u043e\u0442\u0440\u0438\u0442\u0435 \u0438\u043d\u0444\u043e\u0440\u043c\u0430\u0446\u0438\u044e \u043e \u0431\u043e\u043b\u0435\u0435 \u0440\u0430\u043d\u043d\u0438\u0445 \u0437\u0430\u0441\u0435\u0434\u0430\u043d\u0438\u044f\u0445 \u0432 \u0432\u0435\u0431-\u0430\u0440\u0445\u0438\u0432\u0435<\/a> <span class=\"wp-rich-text-font-awesome-icon wp-font-awesome-icon\"><svg aria-hidden=\"true\" focusable=\"false\" data-prefix=\"fas\" data-icon=\"arrow-up-right-from-square\" class=\"svg-inline--fa fa-arrow-up-right-from-square\" role=\"img\" xmlns=\"http:\/\/www.w3.org\/2000\/svg\" viewbox=\"0 0 512 512\"><path fill=\"currentColor\" d=\"M320 0c-17.7 0-32 14.3-32 32s14.3 32 32 32l82.7 0L201.4 265.4c-12.5 12.5-12.5 32.8 0 45.3s32.8 12.5 45.3 0L448 109.3l0 82.7c0 17.7 14.3 32 32 32s32-14.3 32-32l0-160c0-17.7-14.3-32-32-32L320 0zM80 32C35.8 32 0 67.8 0 112L0 432c0 44.2 35.8 80 80 80l320 0c44.2 0 80-35.8 80-80l0-112c0-17.7-14.3-32-32-32s-32 14.3-32 32l0 112c0 8.8-7.2 16-16 16L80 448c-8.8 0-16-7.2-16-16l0-320c0-8.8 7.2-16 16-16l112 0c17.7 0 32-14.3 32-32s-14.3-32-32-32L80 32z\"><\/path><\/svg><\/span><\/p>","protected":false},"excerpt":{"rendered":"<p>Volikogu korralised istungid toimuvad iga kuu viimasel neljap\u00e4eval algusega kell 16.00. Juulis korralisi istungeid ei toimu. Kui istungi toimumise p\u00e4ev langeb riiklikule p\u00fchale v\u00f5i on otstarbekas muuta istungi toimumise aega, [&hellip;]<\/p>\n","protected":false},"author":1,"featured_media":0,"parent":1036,"menu_order":1,"comment_status":"closed","ping_status":"closed","template":"","meta":{"_EventAllDay":false,"_EventTimezone":"","_EventStartDate":"","_EventEndDate":"","_EventStartDateUTC":"","_EventEndDateUTC":"","_EventShowMap":false,"_EventShowMapLink":false,"_EventURL":"","_EventCost":"","_EventCostDescription":"","_EventCurrencySymbol":"","_EventCurrencyCode":"","_EventCurrencyPosition":"","_EventDateTimeSeparator":"","_EventTimeRangeSeparator":"","_EventOrganizerID":[],"_EventVenueID":[],"_OrganizerEmail":"","_OrganizerPhone":"","_OrganizerWebsite":"","_VenueAddress":"","_VenueCity":"","_VenueCountry":"","_VenueProvince":"","_VenueState":"","_VenueZip":"","_VenuePhone":"","_VenueURL":"","_VenueStateProvince":"","_VenueLat":"","_VenueLng":"","_VenueShowMap":false,"_VenueShowMapLink":false,"footnotes":""},"class_list":["post-1095","page","type-page","status-publish","hentry"],"_links":{"self":[{"href":"https:\/\/kohtla-jarve.ee\/ru\/wp-json\/wp\/v2\/pages\/1095","targetHints":{"allow":["GET"]}}],"collection":[{"href":"https:\/\/kohtla-jarve.ee\/ru\/wp-json\/wp\/v2\/pages"}],"about":[{"href":"https:\/\/kohtla-jarve.ee\/ru\/wp-json\/wp\/v2\/types\/page"}],"author":[{"embeddable":true,"href":"https:\/\/kohtla-jarve.ee\/ru\/wp-json\/wp\/v2\/users\/1"}],"replies":[{"embeddable":true,"href":"https:\/\/kohtla-jarve.ee\/ru\/wp-json\/wp\/v2\/comments?post=1095"}],"version-history":[{"count":10,"href":"https:\/\/kohtla-jarve.ee\/ru\/wp-json\/wp\/v2\/pages\/1095\/revisions"}],"predecessor-version":[{"id":4261,"href":"https:\/\/kohtla-jarve.ee\/ru\/wp-json\/wp\/v2\/pages\/1095\/revisions\/4261"}],"up":[{"embeddable":true,"href":"https:\/\/kohtla-jarve.ee\/ru\/wp-json\/wp\/v2\/pages\/1036"}],"wp:attachment":[{"href":"https:\/\/kohtla-jarve.ee\/ru\/wp-json\/wp\/v2\/media?parent=1095"}],"curies":[{"name":"wp","href":"https:\/\/api.w.org\/{rel}","templated":true}]}}